{"id":72586,"date":"2025-06-05T23:04:42","date_gmt":"2025-06-05T22:04:42","guid":{"rendered":"https:\/\/truusk.store\/product\/tradgardsbord-for-6-personer-160-x-80-cm-vaderbestandigt-balkongbord-med-trautseende-lamelldesign-buffebord-metall-campingbord-terrassbord-utomhus-matbord-for-tradgard-terrass-balkong-teak\/"},"modified":"2026-03-12T08:41:08","modified_gmt":"2026-03-12T07:41:08","slug":"truusk-tradgardsbord-for-6-personer-vaderbestandigt-160-x-80-cm-trautseende-lamelldesign-buffebord-metall-campingbord","status":"publish","type":"product","link":"https:\/\/truusk.store\/sv\/produkt\/truusk-tradgardsbord-for-6-personer-vaderbestandigt-160-x-80-cm-trautseende-lamelldesign-buffebord-metall-campingbord\/","title":{"rendered":"TRUUSK Tr\u00e4dg\u00e5rdsbord F\u00f6r 6 Personer &#8211; V\u00e4derbest\u00e4ndigt 160 x 80 cm &#8211; Tr\u00e4utseende Lamelldesign &#8211; Buff\u00e9bord Metall &#8211; Campingbord"},"content":{"rendered":"<p>Upplev gl\u00e4djen av att \u00e4ta utomhus med TRUUSK v\u00e4derbest\u00e4ndiga tr\u00e4dg\u00e5rdsbord, som kombinerar stilfull design med praktisk hantering. Detta lilla tr\u00e4dg\u00e5rdsbord f\u00f6r sex personer erbjuder ett tr\u00e4utseende och en lamellbordsskiva som \u00e4r b\u00e5de stabil och enkel att reng\u00f6ra. Det pulverlackerade, rostfria ramen p\u00e5 tr\u00e4dg\u00e5rdsbordet lovar l\u00e5ngvarig njutning i tr\u00e4dg\u00e5rden.<\/p>\n<p>Beskrivning:<\/p>\n<ul>\n<li> Tr\u00e4dg\u00e5rdsbordet rymmer bekv\u00e4mt sex personer f\u00f6r familjem\u00e5ltider och sammankomster<\/li>\n<li> Tr\u00e4utseendet och lamelldesignen p\u00e5 tr\u00e4dg\u00e5rdsbordet ger en rustik charm<\/li>\n<li> Den sammansatta bordskivan p\u00e5 terrassbordet garanterar enkel reng\u00f6ring och h\u00e5llbarhet<\/li>\n<li> Rostresistent ram genom pulverlackering<\/li>\n<li> Montering kr\u00e4vs<\/li>\n<\/ul>\n<p> Tekniska data:<\/p>\n<ul>\n<li> F\u00e4rg: Teak+Svart<\/li>\n<li> Material: Tr\u00e4komposit, Metall<\/li>\n<li> Totala dimensioner: 160L x 80B x 75H cm<\/li>\n<li> Maximal belastning: 50 kg<\/li>\n<\/ul>\n<p>Leveransinneh\u00e5ll:<\/p>\n<ul>\n<li> 1 x Tr\u00e4dg\u00e5rdsbord<\/li>\n<li> 1 x Bruksanvisning<\/li>\n<\/ul>\n","protected":false},"excerpt":{"rendered":"<p>Upplev gl\u00e4djen av att \u00e4ta utomhus med TRUUSK v\u00e4derbest\u00e4ndiga tr\u00e4dg\u00e5rdsbord, som kombinerar stilfull design med praktisk hantering. Detta lilla tr\u00e4dg\u00e5rdsbord&#8230;<\/p>\n","protected":false},"featured_media":72574,"template":"","meta":[],"product_brand":[],"product_cat":[858,457,450],"product_tag":[],"class_list":{"0":"post-72586","1":"product","2":"type-product","3":"status-publish","4":"has-post-thumbnail","6":"product_cat-tradgard-terrass","7":"product_cat-tradgardsbord","8":"product_cat-tradgardsmobler","10":"first","11":"instock","12":"sale","13":"taxable","14":"shipping-taxable","15":"purchasable","16":"product-type-simple"},"yoast_head":"<!-- This site is optimized with the Yoast SEO plugin v25.4 - https:\/\/yoast.com\/wordpress\/plugins\/seo\/ -->\n<title>TRUUSK Tr\u00e4dg\u00e5rdsbord F\u00f6r 6 Personer - V\u00e4derbest\u00e4ndigt 160 x 80 cm - Tr\u00e4utseende Lamelldesign - Buff\u00e9bord Metall - Campingbord - TRUUSK - Hem, Tr\u00e4dg\u00e5rd &amp; Fritid<\/title>\n<meta name=\"robots\" content=\"index, follow, max-snippet:-1, max-image-preview:large, max-video-preview:-1\" \/>\n<link rel=\"canonical\" href=\"https:\/\/truusk.store\/sv\/produkt\/truusk-tradgardsbord-for-6-personer-vaderbestandigt-160-x-80-cm-trautseende-lamelldesign-buffebord-metall-campingbord\/\" \/>\n<meta property=\"og:locale\" content=\"sv_SE\" \/>\n<meta property=\"og:type\" content=\"article\" \/>\n<meta property=\"og:title\" content=\"TRUUSK Tr\u00e4dg\u00e5rdsbord F\u00f6r 6 Personer - V\u00e4derbest\u00e4ndigt 160 x 80 cm - Tr\u00e4utseende Lamelldesign - Buff\u00e9bord Metall - Campingbord - TRUUSK - Hem, Tr\u00e4dg\u00e5rd &amp; Fritid\" \/>\n<meta property=\"og:description\" content=\"Upplev gl\u00e4djen av att \u00e4ta utomhus med TRUUSK v\u00e4derbest\u00e4ndiga tr\u00e4dg\u00e5rdsbord, som kombinerar stilfull design med praktisk hantering. Detta lilla tr\u00e4dg\u00e5rdsbord...\" \/>\n<meta property=\"og:url\" content=\"https:\/\/truusk.store\/sv\/produkt\/truusk-tradgardsbord-for-6-personer-vaderbestandigt-160-x-80-cm-trautseende-lamelldesign-buffebord-metall-campingbord\/\" \/>\n<meta property=\"og:site_name\" content=\"TRUUSK - Hem, Tr\u00e4dg\u00e5rd &amp; Fritid\" \/>\n<meta property=\"article:modified_time\" content=\"2026-03-12T07:41:08+00:00\" \/>\n<meta property=\"og:image\" content=\"https:\/\/i0.wp.com\/truusk.se\/wp-content\/uploads\/2025\/06\/tradgardsbord-for-6-personer-160-x-80-cm-vaderbestandigt-balkongbord-med-trautseende-lamelldesign-buffebord-metall-campingbord-terrassbord-utomhus-matbord-for-tradgard-terrass-balkong-teak-1.webp?fit=2000%2C2000&ssl=1\" \/>\n\t<meta property=\"og:image:width\" content=\"2000\" \/>\n\t<meta property=\"og:image:height\" content=\"2000\" \/>\n\t<meta property=\"og:image:type\" content=\"image\/webp\" \/>\n<meta name=\"twitter:card\" content=\"summary_large_image\" \/>\n<meta name=\"twitter:label1\" content=\"Ber\u00e4knad l\u00e4stid\" \/>\n\t<meta name=\"twitter:data1\" content=\"1 minut\" \/>\n<!-- \/ Yoast SEO plugin. -->","yoast_head_json":{"title":"TRUUSK Tr\u00e4dg\u00e5rdsbord F\u00f6r 6 Personer - V\u00e4derbest\u00e4ndigt 160 x 80 cm - Tr\u00e4utseende Lamelldesign - Buff\u00e9bord Metall - Campingbord - TRUUSK - Hem, Tr\u00e4dg\u00e5rd &amp; Fritid","robots":{"index":"index","follow":"follow","max-snippet":"max-snippet:-1","max-image-preview":"max-image-preview:large","max-video-preview":"max-video-preview:-1"},"canonical":"https:\/\/truusk.store\/sv\/produkt\/truusk-tradgardsbord-for-6-personer-vaderbestandigt-160-x-80-cm-trautseende-lamelldesign-buffebord-metall-campingbord\/","og_locale":"sv_SE","og_type":"article","og_title":"TRUUSK Tr\u00e4dg\u00e5rdsbord F\u00f6r 6 Personer - V\u00e4derbest\u00e4ndigt 160 x 80 cm - Tr\u00e4utseende Lamelldesign - Buff\u00e9bord Metall - Campingbord - TRUUSK - Hem, Tr\u00e4dg\u00e5rd &amp; Fritid","og_description":"Upplev gl\u00e4djen av att \u00e4ta utomhus med TRUUSK v\u00e4derbest\u00e4ndiga tr\u00e4dg\u00e5rdsbord, som kombinerar stilfull design med praktisk hantering. Detta lilla tr\u00e4dg\u00e5rdsbord...","og_url":"https:\/\/truusk.store\/sv\/produkt\/truusk-tradgardsbord-for-6-personer-vaderbestandigt-160-x-80-cm-trautseende-lamelldesign-buffebord-metall-campingbord\/","og_site_name":"TRUUSK - Hem, Tr\u00e4dg\u00e5rd &amp; Fritid","article_modified_time":"2026-03-12T07:41:08+00:00","og_image":[{"width":2000,"height":2000,"url":"https:\/\/i0.wp.com\/truusk.se\/wp-content\/uploads\/2025\/06\/tradgardsbord-for-6-personer-160-x-80-cm-vaderbestandigt-balkongbord-med-trautseende-lamelldesign-buffebord-metall-campingbord-terrassbord-utomhus-matbord-for-tradgard-terrass-balkong-teak-1.webp?fit=2000%2C2000&ssl=1","type":"image\/webp"}],"twitter_card":"summary_large_image","twitter_misc":{"Ber\u00e4knad l\u00e4stid":"1 minut"},"schema":{"@context":"https:\/\/schema.org","@graph":[{"@type":"WebPage","@id":"https:\/\/truusk.store\/sv\/produkt\/truusk-tradgardsbord-for-6-personer-vaderbestandigt-160-x-80-cm-trautseende-lamelldesign-buffebord-metall-campingbord\/","url":"https:\/\/truusk.store\/sv\/produkt\/truusk-tradgardsbord-for-6-personer-vaderbestandigt-160-x-80-cm-trautseende-lamelldesign-buffebord-metall-campingbord\/","name":"TRUUSK Tr\u00e4dg\u00e5rdsbord F\u00f6r 6 Personer - V\u00e4derbest\u00e4ndigt 160 x 80 cm - Tr\u00e4utseende Lamelldesign - Buff\u00e9bord Metall - Campingbord - TRUUSK - Hem, Tr\u00e4dg\u00e5rd &amp; Fritid","isPartOf":{"@id":"https:\/\/truusk.store\/sv\/#website"},"primaryImageOfPage":{"@id":"https:\/\/truusk.store\/sv\/produkt\/truusk-tradgardsbord-for-6-personer-vaderbestandigt-160-x-80-cm-trautseende-lamelldesign-buffebord-metall-campingbord\/#primaryimage"},"image":{"@id":"https:\/\/truusk.store\/sv\/produkt\/truusk-tradgardsbord-for-6-personer-vaderbestandigt-160-x-80-cm-trautseende-lamelldesign-buffebord-metall-campingbord\/#primaryimage"},"thumbnailUrl":"https:\/\/i0.wp.com\/truusk.store\/wp-content\/uploads\/2025\/06\/tradgardsbord-for-6-personer-160-x-80-cm-vaderbestandigt-balkongbord-med-trautseende-lamelldesign-buffebord-metall-campingbord-terrassbord-utomhus-matbord-for-tradgard-terrass-balkong-teak-1.webp?fit=2000%2C2000&ssl=1","datePublished":"2025-06-05T22:04:42+00:00","dateModified":"2026-03-12T07:41:08+00:00","breadcrumb":{"@id":"https:\/\/truusk.store\/sv\/produkt\/truusk-tradgardsbord-for-6-personer-vaderbestandigt-160-x-80-cm-trautseende-lamelldesign-buffebord-metall-campingbord\/#breadcrumb"},"inLanguage":"sv-SE","potentialAction":[{"@type":"ReadAction","target":["https:\/\/truusk.store\/sv\/produkt\/truusk-tradgardsbord-for-6-personer-vaderbestandigt-160-x-80-cm-trautseende-lamelldesign-buffebord-metall-campingbord\/"]}]},{"@type":"ImageObject","inLanguage":"sv-SE","@id":"https:\/\/truusk.store\/sv\/produkt\/truusk-tradgardsbord-for-6-personer-vaderbestandigt-160-x-80-cm-trautseende-lamelldesign-buffebord-metall-campingbord\/#primaryimage","url":"https:\/\/i0.wp.com\/truusk.store\/wp-content\/uploads\/2025\/06\/tradgardsbord-for-6-personer-160-x-80-cm-vaderbestandigt-balkongbord-med-trautseende-lamelldesign-buffebord-metall-campingbord-terrassbord-utomhus-matbord-for-tradgard-terrass-balkong-teak-1.webp?fit=2000%2C2000&ssl=1","contentUrl":"https:\/\/i0.wp.com\/truusk.store\/wp-content\/uploads\/2025\/06\/tradgardsbord-for-6-personer-160-x-80-cm-vaderbestandigt-balkongbord-med-trautseende-lamelldesign-buffebord-metall-campingbord-terrassbord-utomhus-matbord-for-tradgard-terrass-balkong-teak-1.webp?fit=2000%2C2000&ssl=1","width":2000,"height":2000},{"@type":"BreadcrumbList","@id":"https:\/\/truusk.store\/sv\/produkt\/truusk-tradgardsbord-for-6-personer-vaderbestandigt-160-x-80-cm-trautseende-lamelldesign-buffebord-metall-campingbord\/#breadcrumb","itemListElement":[{"@type":"ListItem","position":1,"name":"Home","item":"https:\/\/truusk.store\/sv\/"},{"@type":"ListItem","position":2,"name":"Shop","item":"https:\/\/truusk.store\/shop\/"},{"@type":"ListItem","position":3,"name":"TRUUSK Tr\u00e4dg\u00e5rdsbord F\u00f6r 6 Personer &#8211; V\u00e4derbest\u00e4ndigt 160 x 80 cm &#8211; Tr\u00e4utseende Lamelldesign &#8211; Buff\u00e9bord Metall &#8211; Campingbord"}]},{"@type":"WebSite","@id":"https:\/\/truusk.store\/sv\/#website","url":"https:\/\/truusk.store\/sv\/","name":"TRUUSK - Hem, Tr\u00e4dg\u00e5rd & Fritid","description":"","publisher":{"@id":"https:\/\/truusk.store\/sv\/#organization"},"potentialAction":[{"@type":"SearchAction","target":{"@type":"EntryPoint","urlTemplate":"https:\/\/truusk.store\/sv\/?s={search_term_string}"},"query-input":{"@type":"PropertyValueSpecification","valueRequired":true,"valueName":"search_term_string"}}],"inLanguage":"sv-SE"},{"@type":"Organization","@id":"https:\/\/truusk.store\/sv\/#organization","name":"TRUUSK - Hem, Tr\u00e4dg\u00e5rd & Fritid","url":"https:\/\/truusk.store\/sv\/","logo":{"@type":"ImageObject","inLanguage":"sv-SE","@id":"https:\/\/truusk.store\/sv\/#\/schema\/logo\/image\/","url":"https:\/\/i0.wp.com\/truusk.store\/wp-content\/uploads\/2026\/03\/cropped-TRUUSK.png?fit=2032%2C917&ssl=1","contentUrl":"https:\/\/i0.wp.com\/truusk.store\/wp-content\/uploads\/2026\/03\/cropped-TRUUSK.png?fit=2032%2C917&ssl=1","width":2032,"height":917,"caption":"TRUUSK - Hem, Tr\u00e4dg\u00e5rd & Fritid"},"image":{"@id":"https:\/\/truusk.store\/sv\/#\/schema\/logo\/image\/"}}]}},"jetpack_sharing_enabled":true,"_links":{"self":[{"href":"https:\/\/truusk.store\/sv\/wp-json\/wp\/v2\/product\/72586","targetHints":{"allow":["GET"]}}],"collection":[{"href":"https:\/\/truusk.store\/sv\/wp-json\/wp\/v2\/product"}],"about":[{"href":"https:\/\/truusk.store\/sv\/wp-json\/wp\/v2\/types\/product"}],"wp:featuredmedia":[{"embeddable":true,"href":"https:\/\/truusk.store\/sv\/wp-json\/wp\/v2\/media\/72574"}],"wp:attachment":[{"href":"https:\/\/truusk.store\/sv\/wp-json\/wp\/v2\/media?parent=72586"}],"wp:term":[{"taxonomy":"product_brand","embeddable":true,"href":"https:\/\/truusk.store\/sv\/wp-json\/wp\/v2\/product_brand?post=72586"},{"taxonomy":"product_cat","embeddable":true,"href":"https:\/\/truusk.store\/sv\/wp-json\/wp\/v2\/product_cat?post=72586"},{"taxonomy":"product_tag","embeddable":true,"href":"https:\/\/truusk.store\/sv\/wp-json\/wp\/v2\/product_tag?post=72586"}],"curies":[{"name":"wp","href":"https:\/\/api.w.org\/{rel}","templated":true}]}}