{"id":72596,"date":"2025-06-05T23:05:42","date_gmt":"2025-06-05T22:05:42","guid":{"rendered":"https:\/\/truusk.store\/product\/solstol-hopfallbar-tradgardsstol-med-huvudkudde-sidoficka-solstol-med-5-faldigt-justerbart-ryggstod-vaderbestandig-campingstol-upp-till-130-kg-belastning-for-tradgard-strand-pool-beige\/"},"modified":"2026-03-12T09:12:21","modified_gmt":"2026-03-12T08:12:21","slug":"truusk-hopfallbar-solstol-med-huvudkudde-sidoficka-5-faldigt-justerbart-ryggstod-vaderbestandig-upp-till-130-kg","status":"publish","type":"product","link":"https:\/\/truusk.store\/sv\/produkt\/truusk-hopfallbar-solstol-med-huvudkudde-sidoficka-5-faldigt-justerbart-ryggstod-vaderbestandig-upp-till-130-kg\/","title":{"rendered":"TRUUSK Hopf\u00e4llbar Solstol Med Huvudkudde &#8211; Sidoficka &#8211; 5-faldigt Justerbart Ryggst\u00f6d &#8211; V\u00e4derbest\u00e4ndig &#8211; Upp Till 130 Kg"},"content":{"rendered":"<p>Njut av avkoppling i friska luften med denna hopf\u00e4llbara, v\u00e4derbest\u00e4ndiga sols\u00e4ng fr\u00e5n TRUUSK. Ryggst\u00f6det p\u00e5 den hopf\u00e4llbara s\u00e4ngen kan justeras i fem positioner f\u00f6r att m\u00f6ta olika behov. Det robusta ramverket och den mjuka, bekv\u00e4ma stoppningen p\u00e5 vilstolen ger en bekv\u00e4m liggyta, medan en avtagbar kudde st\u00f6der ditt huvud och nacke. Den hopf\u00e4llbara sols\u00e4ngen kan ocks\u00e5 l\u00e4tt f\u00e4llas ihop till ett kompakt format, vilket g\u00f6r den l\u00e4tt att transportera och f\u00f6rvara.<\/p>\n<p>Beskrivning:<\/p>\n<ul>\n<li> 5-stegs justerbart ryggst\u00f6d p\u00e5 sols\u00e4ngen, \u00e4ven helt platt position m\u00f6jlig<\/li>\n<li> Avtagbar och justerbar, stoppad huvudst\u00f6d p\u00e5 tr\u00e4dg\u00e5rdss\u00e4ngen ger h\u00f6gsta komfort<\/li>\n<li> Skumstoppning med slitstark Oxfordtyg\u00f6verdrag p\u00e5 campingstolen ger en fj\u00e4derl\u00e4tt och behaglig liggyta<\/li>\n<li> Med sidoficka f\u00f6r f\u00f6rvaring av mobiltelefon, tidskrifter och mer<\/li>\n<li> Med pulverlackerad st\u00e5lram som kan b\u00e4ra upp till 120 kg<\/li>\n<li> Fina s\u00f6mmar och en modern look g\u00f6r denna s\u00e4ng till ett utm\u00e4rkt tillskott till terrassen, tr\u00e4dg\u00e5rden, g\u00e5rden och mer<\/li>\n<li> Kan f\u00e4llas ihop f\u00f6r enkel f\u00f6rvaring och transport<\/li>\n<li> Ingen montering kr\u00e4vs<\/li>\n<\/ul>\n<p> Tekniska data:<\/p>\n<ul>\n<li> F\u00e4rg: Beige<\/li>\n<li> Material: St\u00e5l, Oxfordtyg (100% polyester), skum<\/li>\n<li> Totala m\u00e5tt: 188L x 57B x 30H cm (helt lutad)<\/li>\n<li> Hopf\u00e4llda m\u00e5tt: 75L x 57B x 13H cm<\/li>\n<li> M\u00e5tt huvudst\u00f6d: 35L x 16B x 5,5T cm<\/li>\n<li> H\u00f6jd ryggst\u00f6d: 82 cm72 cm60 cm44 cm33 cm<\/li>\n<li> Vinkel i l\u00e4ge: 180\u00b0 (helt lutad)<\/li>\n<li> B\u00e4rkapacitet: 120 kg<\/li>\n<li> Netto vikt: 6,8 kg<\/li>\n<\/ul>\n<p>Leveransinneh\u00e5ll:<\/p>\n<ul>\n<li> 1 x Sols\u00e4ng;<\/li>\n<\/ul>\n","protected":false},"excerpt":{"rendered":"<p>Njut av avkoppling i friska luften med denna hopf\u00e4llbara, v\u00e4derbest\u00e4ndiga sols\u00e4ng fr\u00e5n TRUUSK. Ryggst\u00f6det p\u00e5 den hopf\u00e4llbara s\u00e4ngen kan justeras&#8230;<\/p>\n","protected":false},"featured_media":72587,"template":"","meta":[],"product_brand":[],"product_cat":[451,858,450],"product_tag":[],"class_list":{"0":"post-72596","1":"product","2":"type-product","3":"status-publish","4":"has-post-thumbnail","6":"product_cat-solstolar","7":"product_cat-tradgard-terrass","8":"product_cat-tradgardsmobler","10":"first","11":"instock","12":"sale","13":"taxable","14":"shipping-taxable","15":"purchasable","16":"product-type-simple"},"yoast_head":"<!-- This site is optimized with the Yoast SEO plugin v25.4 - https:\/\/yoast.com\/wordpress\/plugins\/seo\/ -->\n<title>TRUUSK Hopf\u00e4llbar Solstol Med Huvudkudde - Sidoficka - 5-faldigt Justerbart Ryggst\u00f6d - V\u00e4derbest\u00e4ndig - Upp Till 130 Kg - TRUUSK - Hem, Tr\u00e4dg\u00e5rd &amp; Fritid<\/title>\n<meta name=\"robots\" content=\"index, follow, max-snippet:-1, max-image-preview:large, max-video-preview:-1\" \/>\n<link rel=\"canonical\" href=\"https:\/\/truusk.store\/sv\/produkt\/truusk-hopfallbar-solstol-med-huvudkudde-sidoficka-5-faldigt-justerbart-ryggstod-vaderbestandig-upp-till-130-kg\/\" \/>\n<meta property=\"og:locale\" content=\"sv_SE\" \/>\n<meta property=\"og:type\" content=\"article\" \/>\n<meta property=\"og:title\" content=\"TRUUSK Hopf\u00e4llbar Solstol Med Huvudkudde - Sidoficka - 5-faldigt Justerbart Ryggst\u00f6d - V\u00e4derbest\u00e4ndig - Upp Till 130 Kg - TRUUSK - Hem, Tr\u00e4dg\u00e5rd &amp; Fritid\" \/>\n<meta property=\"og:description\" content=\"Njut av avkoppling i friska luften med denna hopf\u00e4llbara, v\u00e4derbest\u00e4ndiga sols\u00e4ng fr\u00e5n TRUUSK. Ryggst\u00f6det p\u00e5 den hopf\u00e4llbara s\u00e4ngen kan justeras...\" \/>\n<meta property=\"og:url\" content=\"https:\/\/truusk.store\/sv\/produkt\/truusk-hopfallbar-solstol-med-huvudkudde-sidoficka-5-faldigt-justerbart-ryggstod-vaderbestandig-upp-till-130-kg\/\" \/>\n<meta property=\"og:site_name\" content=\"TRUUSK - Hem, Tr\u00e4dg\u00e5rd &amp; Fritid\" \/>\n<meta property=\"article:modified_time\" content=\"2026-03-12T08:12:21+00:00\" \/>\n<meta property=\"og:image\" content=\"https:\/\/i0.wp.com\/truusk.se\/wp-content\/uploads\/2025\/06\/solstol-hopfallbar-tradgardsstol-med-huvudkudde-sidoficka-solstol-med-5-faldigt-justerbart-ryggstod-vaderbestandig-campingstol-upp-till-130-kg-belastning-for-tradgard-strand-pool-beige-1.webp?fit=2000%2C2000&ssl=1\" \/>\n\t<meta property=\"og:image:width\" content=\"2000\" \/>\n\t<meta property=\"og:image:height\" content=\"2000\" \/>\n\t<meta property=\"og:image:type\" content=\"image\/webp\" \/>\n<meta name=\"twitter:card\" content=\"summary_large_image\" \/>\n<meta name=\"twitter:label1\" content=\"Ber\u00e4knad l\u00e4stid\" \/>\n\t<meta name=\"twitter:data1\" content=\"1 minut\" \/>\n<!-- \/ Yoast SEO plugin. -->","yoast_head_json":{"title":"TRUUSK Hopf\u00e4llbar Solstol Med Huvudkudde - Sidoficka - 5-faldigt Justerbart Ryggst\u00f6d - V\u00e4derbest\u00e4ndig - Upp Till 130 Kg - TRUUSK - Hem, Tr\u00e4dg\u00e5rd &amp; Fritid","robots":{"index":"index","follow":"follow","max-snippet":"max-snippet:-1","max-image-preview":"max-image-preview:large","max-video-preview":"max-video-preview:-1"},"canonical":"https:\/\/truusk.store\/sv\/produkt\/truusk-hopfallbar-solstol-med-huvudkudde-sidoficka-5-faldigt-justerbart-ryggstod-vaderbestandig-upp-till-130-kg\/","og_locale":"sv_SE","og_type":"article","og_title":"TRUUSK Hopf\u00e4llbar Solstol Med Huvudkudde - Sidoficka - 5-faldigt Justerbart Ryggst\u00f6d - V\u00e4derbest\u00e4ndig - Upp Till 130 Kg - TRUUSK - Hem, Tr\u00e4dg\u00e5rd &amp; Fritid","og_description":"Njut av avkoppling i friska luften med denna hopf\u00e4llbara, v\u00e4derbest\u00e4ndiga sols\u00e4ng fr\u00e5n TRUUSK. Ryggst\u00f6det p\u00e5 den hopf\u00e4llbara s\u00e4ngen kan justeras...","og_url":"https:\/\/truusk.store\/sv\/produkt\/truusk-hopfallbar-solstol-med-huvudkudde-sidoficka-5-faldigt-justerbart-ryggstod-vaderbestandig-upp-till-130-kg\/","og_site_name":"TRUUSK - Hem, Tr\u00e4dg\u00e5rd &amp; Fritid","article_modified_time":"2026-03-12T08:12:21+00:00","og_image":[{"width":2000,"height":2000,"url":"https:\/\/i0.wp.com\/truusk.se\/wp-content\/uploads\/2025\/06\/solstol-hopfallbar-tradgardsstol-med-huvudkudde-sidoficka-solstol-med-5-faldigt-justerbart-ryggstod-vaderbestandig-campingstol-upp-till-130-kg-belastning-for-tradgard-strand-pool-beige-1.webp?fit=2000%2C2000&ssl=1","type":"image\/webp"}],"twitter_card":"summary_large_image","twitter_misc":{"Ber\u00e4knad l\u00e4stid":"1 minut"},"schema":{"@context":"https:\/\/schema.org","@graph":[{"@type":"WebPage","@id":"https:\/\/truusk.store\/sv\/produkt\/truusk-hopfallbar-solstol-med-huvudkudde-sidoficka-5-faldigt-justerbart-ryggstod-vaderbestandig-upp-till-130-kg\/","url":"https:\/\/truusk.store\/sv\/produkt\/truusk-hopfallbar-solstol-med-huvudkudde-sidoficka-5-faldigt-justerbart-ryggstod-vaderbestandig-upp-till-130-kg\/","name":"TRUUSK Hopf\u00e4llbar Solstol Med Huvudkudde - Sidoficka - 5-faldigt Justerbart Ryggst\u00f6d - V\u00e4derbest\u00e4ndig - Upp Till 130 Kg - TRUUSK - Hem, Tr\u00e4dg\u00e5rd &amp; Fritid","isPartOf":{"@id":"https:\/\/truusk.store\/sv\/#website"},"primaryImageOfPage":{"@id":"https:\/\/truusk.store\/sv\/produkt\/truusk-hopfallbar-solstol-med-huvudkudde-sidoficka-5-faldigt-justerbart-ryggstod-vaderbestandig-upp-till-130-kg\/#primaryimage"},"image":{"@id":"https:\/\/truusk.store\/sv\/produkt\/truusk-hopfallbar-solstol-med-huvudkudde-sidoficka-5-faldigt-justerbart-ryggstod-vaderbestandig-upp-till-130-kg\/#primaryimage"},"thumbnailUrl":"https:\/\/i0.wp.com\/truusk.store\/wp-content\/uploads\/2025\/06\/solstol-hopfallbar-tradgardsstol-med-huvudkudde-sidoficka-solstol-med-5-faldigt-justerbart-ryggstod-vaderbestandig-campingstol-upp-till-130-kg-belastning-for-tradgard-strand-pool-beige-1.webp?fit=2000%2C2000&ssl=1","datePublished":"2025-06-05T22:05:42+00:00","dateModified":"2026-03-12T08:12:21+00:00","breadcrumb":{"@id":"https:\/\/truusk.store\/sv\/produkt\/truusk-hopfallbar-solstol-med-huvudkudde-sidoficka-5-faldigt-justerbart-ryggstod-vaderbestandig-upp-till-130-kg\/#breadcrumb"},"inLanguage":"sv-SE","potentialAction":[{"@type":"ReadAction","target":["https:\/\/truusk.store\/sv\/produkt\/truusk-hopfallbar-solstol-med-huvudkudde-sidoficka-5-faldigt-justerbart-ryggstod-vaderbestandig-upp-till-130-kg\/"]}]},{"@type":"ImageObject","inLanguage":"sv-SE","@id":"https:\/\/truusk.store\/sv\/produkt\/truusk-hopfallbar-solstol-med-huvudkudde-sidoficka-5-faldigt-justerbart-ryggstod-vaderbestandig-upp-till-130-kg\/#primaryimage","url":"https:\/\/i0.wp.com\/truusk.store\/wp-content\/uploads\/2025\/06\/solstol-hopfallbar-tradgardsstol-med-huvudkudde-sidoficka-solstol-med-5-faldigt-justerbart-ryggstod-vaderbestandig-campingstol-upp-till-130-kg-belastning-for-tradgard-strand-pool-beige-1.webp?fit=2000%2C2000&ssl=1","contentUrl":"https:\/\/i0.wp.com\/truusk.store\/wp-content\/uploads\/2025\/06\/solstol-hopfallbar-tradgardsstol-med-huvudkudde-sidoficka-solstol-med-5-faldigt-justerbart-ryggstod-vaderbestandig-campingstol-upp-till-130-kg-belastning-for-tradgard-strand-pool-beige-1.webp?fit=2000%2C2000&ssl=1","width":2000,"height":2000},{"@type":"BreadcrumbList","@id":"https:\/\/truusk.store\/sv\/produkt\/truusk-hopfallbar-solstol-med-huvudkudde-sidoficka-5-faldigt-justerbart-ryggstod-vaderbestandig-upp-till-130-kg\/#breadcrumb","itemListElement":[{"@type":"ListItem","position":1,"name":"Home","item":"https:\/\/truusk.store\/sv\/"},{"@type":"ListItem","position":2,"name":"Shop","item":"https:\/\/truusk.store\/shop\/"},{"@type":"ListItem","position":3,"name":"TRUUSK Hopf\u00e4llbar Solstol Med Huvudkudde &#8211; Sidoficka &#8211; 5-faldigt Justerbart Ryggst\u00f6d &#8211; V\u00e4derbest\u00e4ndig &#8211; Upp Till 130 Kg"}]},{"@type":"WebSite","@id":"https:\/\/truusk.store\/sv\/#website","url":"https:\/\/truusk.store\/sv\/","name":"TRUUSK - Hem, Tr\u00e4dg\u00e5rd & Fritid","description":"","publisher":{"@id":"https:\/\/truusk.store\/sv\/#organization"},"potentialAction":[{"@type":"SearchAction","target":{"@type":"EntryPoint","urlTemplate":"https:\/\/truusk.store\/sv\/?s={search_term_string}"},"query-input":{"@type":"PropertyValueSpecification","valueRequired":true,"valueName":"search_term_string"}}],"inLanguage":"sv-SE"},{"@type":"Organization","@id":"https:\/\/truusk.store\/sv\/#organization","name":"TRUUSK - Hem, Tr\u00e4dg\u00e5rd & Fritid","url":"https:\/\/truusk.store\/sv\/","logo":{"@type":"ImageObject","inLanguage":"sv-SE","@id":"https:\/\/truusk.store\/sv\/#\/schema\/logo\/image\/","url":"https:\/\/i0.wp.com\/truusk.store\/wp-content\/uploads\/2026\/03\/cropped-TRUUSK.png?fit=2032%2C917&ssl=1","contentUrl":"https:\/\/i0.wp.com\/truusk.store\/wp-content\/uploads\/2026\/03\/cropped-TRUUSK.png?fit=2032%2C917&ssl=1","width":2032,"height":917,"caption":"TRUUSK - Hem, Tr\u00e4dg\u00e5rd & Fritid"},"image":{"@id":"https:\/\/truusk.store\/sv\/#\/schema\/logo\/image\/"}}]}},"jetpack_sharing_enabled":true,"_links":{"self":[{"href":"https:\/\/truusk.store\/sv\/wp-json\/wp\/v2\/product\/72596","targetHints":{"allow":["GET"]}}],"collection":[{"href":"https:\/\/truusk.store\/sv\/wp-json\/wp\/v2\/product"}],"about":[{"href":"https:\/\/truusk.store\/sv\/wp-json\/wp\/v2\/types\/product"}],"wp:featuredmedia":[{"embeddable":true,"href":"https:\/\/truusk.store\/sv\/wp-json\/wp\/v2\/media\/72587"}],"wp:attachment":[{"href":"https:\/\/truusk.store\/sv\/wp-json\/wp\/v2\/media?parent=72596"}],"wp:term":[{"taxonomy":"product_brand","embeddable":true,"href":"https:\/\/truusk.store\/sv\/wp-json\/wp\/v2\/product_brand?post=72596"},{"taxonomy":"product_cat","embeddable":true,"href":"https:\/\/truusk.store\/sv\/wp-json\/wp\/v2\/product_cat?post=72596"},{"taxonomy":"product_tag","embeddable":true,"href":"https:\/\/truusk.store\/sv\/wp-json\/wp\/v2\/product_tag?post=72596"}],"curies":[{"name":"wp","href":"https:\/\/api.w.org\/{rel}","templated":true}]}}