{"id":72616,"date":"2025-06-05T23:07:42","date_gmt":"2025-06-05T22:07:42","guid":{"rendered":"https:\/\/truusk.store\/product\/parasoll-o269-cm-uv-30-attkantig-parasoll-balkongparasoll-strandparasoll-vindtat-marknadsparasoll-krankparasoll-solskydd-for-strand-balkong-tradgard-morkgra\/"},"modified":"2026-03-12T08:42:07","modified_gmt":"2026-03-12T07:42:07","slug":"truusk-parasoll-o269-cm-uv-30-attkantig-vindtat-morkgra-solskydd-for-strand-balkong-tradgard","status":"publish","type":"product","link":"https:\/\/truusk.store\/sv\/produkt\/truusk-parasoll-o269-cm-uv-30-attkantig-vindtat-morkgra-solskydd-for-strand-balkong-tradgard\/","title":{"rendered":"TRUUSK Parasoll \u00d8269 cm &#8211; UV 30+ &#8211; \u00c5ttkantig &#8211; Vindt\u00e4t &#8211; M\u00f6rkgr\u00e5 &#8211; Solskydd f\u00f6r Strand, Balkong &amp; Tr\u00e4dg\u00e5rd"},"content":{"rendered":"<p>L\u00e4ser du g\u00e4rna utomhus? \u00c4lskar du picknickar i sommarbrisen? Har du ett bord f\u00f6r en parasoll, men ingen parasoll sj\u00e4lv? Med TRUUSK parasoll kan du s\u00e4ga adj\u00f6 till solbr\u00e4nna denna sommar. Denna tr\u00e4dg\u00e5rdsparasoll skyddar dig med UPF 30+ fr\u00e5n de flesta UV-str\u00e5lar &#8211; perfekt f\u00f6r din fritid utomhus. Den \u00e4r tillverkad av bleknings- och st\u00e4nkvattenresistent polyester och har \u00e5tta stabila ribbor. Denna stora tr\u00e4dg\u00e5rdsparasoll ger behaglig skugga hela sommaren.<\/p>\n<p>Beskrivning:<\/p>\n<ul>\n<li> 2,69 m stor tr\u00e4dg\u00e5rdsparasoll f\u00f6r behaglig skugga<\/li>\n<li> UPF 30+ skydd f\u00f6r att h\u00e5lla dig sval och bekv\u00e4m<\/li>\n<li> lutande parasolltak i tv\u00e5 riktningar, beroende p\u00e5 dina preferenser<\/li>\n<li> Handvev underl\u00e4ttar \u00f6ppning och st\u00e4ngning av tr\u00e4dg\u00e5rdsparasollet<\/li>\n<li> Ventilerad topp f\u00f6r att sl\u00e4ppa in kall luft och motst\u00e5 l\u00e4tt vind<\/li>\n<li> \u00c5tta ribbor f\u00f6r f\u00f6rb\u00e4ttrad stabilitet<\/li>\n<li> Stilfull tofsdesign p\u00e5 tr\u00e4dg\u00e5rdsparasollet ger en elegant touch<\/li>\n<li> Bas ing\u00e5r inte. Montering kr\u00e4vs<\/li>\n<\/ul>\n<p> Tekniska data:<\/p>\n<ul>\n<li> F\u00e4rg: M\u00f6rkgr\u00e5<\/li>\n<li> Material: Polyester, Metall<\/li>\n<li> Totala dimensioner: \u00d82,69 x 2,38H m<\/li>\n<li> Diameter parasollst\u00e5ng: 38 mm<\/li>\n<li> Notera: 1, Fot ing\u00e5r inte.2, Anv\u00e4nd inte parasollet vid extremt v\u00e4der (stark vind, kraftigt regn, sn\u00f6)<\/li>\n<\/ul>\n<p>Leveransinneh\u00e5ll:<\/p>\n<ul>\n<li> 1 x Terrassparasoll<\/li>\n<li> 1 x Bruksanvisning<\/li>\n<\/ul>\n","protected":false},"excerpt":{"rendered":"<p>L\u00e4ser du g\u00e4rna utomhus? \u00c4lskar du picknickar i sommarbrisen? Har du ett bord f\u00f6r en parasoll, men ingen parasoll sj\u00e4lv?&#8230;<\/p>\n","protected":false},"featured_media":72607,"template":"","meta":[],"product_brand":[],"product_cat":[472,862,858],"product_tag":[],"class_list":{"0":"post-72616","1":"product","2":"type-product","3":"status-publish","4":"has-post-thumbnail","6":"product_cat-parasoller","7":"product_cat-sol-insynsskydd","8":"product_cat-tradgard-terrass","10":"first","11":"instock","12":"sale","13":"taxable","14":"shipping-taxable","15":"purchasable","16":"product-type-simple"},"yoast_head":"<!-- This site is optimized with the Yoast SEO plugin v25.4 - https:\/\/yoast.com\/wordpress\/plugins\/seo\/ -->\n<title>TRUUSK Parasoll \u00d8269 cm - UV 30+ - \u00c5ttkantig - Vindt\u00e4t - M\u00f6rkgr\u00e5 - Solskydd f\u00f6r Strand, Balkong &amp; Tr\u00e4dg\u00e5rd - TRUUSK - Hem, Tr\u00e4dg\u00e5rd &amp; Fritid<\/title>\n<meta name=\"robots\" content=\"index, follow, max-snippet:-1, max-image-preview:large, max-video-preview:-1\" \/>\n<link rel=\"canonical\" href=\"https:\/\/truusk.store\/sv\/produkt\/truusk-parasoll-o269-cm-uv-30-attkantig-vindtat-morkgra-solskydd-for-strand-balkong-tradgard\/\" \/>\n<meta property=\"og:locale\" content=\"sv_SE\" \/>\n<meta property=\"og:type\" content=\"article\" \/>\n<meta property=\"og:title\" content=\"TRUUSK Parasoll \u00d8269 cm - UV 30+ - \u00c5ttkantig - Vindt\u00e4t - M\u00f6rkgr\u00e5 - Solskydd f\u00f6r Strand, Balkong &amp; Tr\u00e4dg\u00e5rd - TRUUSK - Hem, Tr\u00e4dg\u00e5rd &amp; Fritid\" \/>\n<meta property=\"og:description\" content=\"L\u00e4ser du g\u00e4rna utomhus? \u00c4lskar du picknickar i sommarbrisen? Har du ett bord f\u00f6r en parasoll, men ingen parasoll sj\u00e4lv?...\" \/>\n<meta property=\"og:url\" content=\"https:\/\/truusk.store\/sv\/produkt\/truusk-parasoll-o269-cm-uv-30-attkantig-vindtat-morkgra-solskydd-for-strand-balkong-tradgard\/\" \/>\n<meta property=\"og:site_name\" content=\"TRUUSK - Hem, Tr\u00e4dg\u00e5rd &amp; Fritid\" \/>\n<meta property=\"article:modified_time\" content=\"2026-03-12T07:42:07+00:00\" \/>\n<meta property=\"og:image\" content=\"https:\/\/i0.wp.com\/truusk.se\/wp-content\/uploads\/2025\/06\/parasoll-o269-cm-uv-30-attkantig-parasoll-balkongparasoll-strandparasoll-vindtat-marknadsparasoll-krankparasoll-solskydd-for-strand-balkong-tradgard-morkgra-1.webp?fit=2000%2C2000&ssl=1\" \/>\n\t<meta property=\"og:image:width\" content=\"2000\" \/>\n\t<meta property=\"og:image:height\" content=\"2000\" \/>\n\t<meta property=\"og:image:type\" content=\"image\/webp\" \/>\n<meta name=\"twitter:card\" content=\"summary_large_image\" \/>\n<meta name=\"twitter:label1\" content=\"Ber\u00e4knad l\u00e4stid\" \/>\n\t<meta name=\"twitter:data1\" content=\"1 minut\" \/>\n<!-- \/ Yoast SEO plugin. -->","yoast_head_json":{"title":"TRUUSK Parasoll \u00d8269 cm - UV 30+ - \u00c5ttkantig - Vindt\u00e4t - M\u00f6rkgr\u00e5 - Solskydd f\u00f6r Strand, Balkong &amp; Tr\u00e4dg\u00e5rd - TRUUSK - Hem, Tr\u00e4dg\u00e5rd &amp; Fritid","robots":{"index":"index","follow":"follow","max-snippet":"max-snippet:-1","max-image-preview":"max-image-preview:large","max-video-preview":"max-video-preview:-1"},"canonical":"https:\/\/truusk.store\/sv\/produkt\/truusk-parasoll-o269-cm-uv-30-attkantig-vindtat-morkgra-solskydd-for-strand-balkong-tradgard\/","og_locale":"sv_SE","og_type":"article","og_title":"TRUUSK Parasoll \u00d8269 cm - UV 30+ - \u00c5ttkantig - Vindt\u00e4t - M\u00f6rkgr\u00e5 - Solskydd f\u00f6r Strand, Balkong &amp; Tr\u00e4dg\u00e5rd - TRUUSK - Hem, Tr\u00e4dg\u00e5rd &amp; Fritid","og_description":"L\u00e4ser du g\u00e4rna utomhus? \u00c4lskar du picknickar i sommarbrisen? Har du ett bord f\u00f6r en parasoll, men ingen parasoll sj\u00e4lv?...","og_url":"https:\/\/truusk.store\/sv\/produkt\/truusk-parasoll-o269-cm-uv-30-attkantig-vindtat-morkgra-solskydd-for-strand-balkong-tradgard\/","og_site_name":"TRUUSK - Hem, Tr\u00e4dg\u00e5rd &amp; Fritid","article_modified_time":"2026-03-12T07:42:07+00:00","og_image":[{"width":2000,"height":2000,"url":"https:\/\/i0.wp.com\/truusk.se\/wp-content\/uploads\/2025\/06\/parasoll-o269-cm-uv-30-attkantig-parasoll-balkongparasoll-strandparasoll-vindtat-marknadsparasoll-krankparasoll-solskydd-for-strand-balkong-tradgard-morkgra-1.webp?fit=2000%2C2000&ssl=1","type":"image\/webp"}],"twitter_card":"summary_large_image","twitter_misc":{"Ber\u00e4knad l\u00e4stid":"1 minut"},"schema":{"@context":"https:\/\/schema.org","@graph":[{"@type":"WebPage","@id":"https:\/\/truusk.store\/sv\/produkt\/truusk-parasoll-o269-cm-uv-30-attkantig-vindtat-morkgra-solskydd-for-strand-balkong-tradgard\/","url":"https:\/\/truusk.store\/sv\/produkt\/truusk-parasoll-o269-cm-uv-30-attkantig-vindtat-morkgra-solskydd-for-strand-balkong-tradgard\/","name":"TRUUSK Parasoll \u00d8269 cm - UV 30+ - \u00c5ttkantig - Vindt\u00e4t - M\u00f6rkgr\u00e5 - Solskydd f\u00f6r Strand, Balkong &amp; Tr\u00e4dg\u00e5rd - TRUUSK - Hem, Tr\u00e4dg\u00e5rd &amp; Fritid","isPartOf":{"@id":"https:\/\/truusk.store\/sv\/#website"},"primaryImageOfPage":{"@id":"https:\/\/truusk.store\/sv\/produkt\/truusk-parasoll-o269-cm-uv-30-attkantig-vindtat-morkgra-solskydd-for-strand-balkong-tradgard\/#primaryimage"},"image":{"@id":"https:\/\/truusk.store\/sv\/produkt\/truusk-parasoll-o269-cm-uv-30-attkantig-vindtat-morkgra-solskydd-for-strand-balkong-tradgard\/#primaryimage"},"thumbnailUrl":"https:\/\/i0.wp.com\/truusk.store\/wp-content\/uploads\/2025\/06\/parasoll-o269-cm-uv-30-attkantig-parasoll-balkongparasoll-strandparasoll-vindtat-marknadsparasoll-krankparasoll-solskydd-for-strand-balkong-tradgard-morkgra-1.webp?fit=2000%2C2000&ssl=1","datePublished":"2025-06-05T22:07:42+00:00","dateModified":"2026-03-12T07:42:07+00:00","breadcrumb":{"@id":"https:\/\/truusk.store\/sv\/produkt\/truusk-parasoll-o269-cm-uv-30-attkantig-vindtat-morkgra-solskydd-for-strand-balkong-tradgard\/#breadcrumb"},"inLanguage":"sv-SE","potentialAction":[{"@type":"ReadAction","target":["https:\/\/truusk.store\/sv\/produkt\/truusk-parasoll-o269-cm-uv-30-attkantig-vindtat-morkgra-solskydd-for-strand-balkong-tradgard\/"]}]},{"@type":"ImageObject","inLanguage":"sv-SE","@id":"https:\/\/truusk.store\/sv\/produkt\/truusk-parasoll-o269-cm-uv-30-attkantig-vindtat-morkgra-solskydd-for-strand-balkong-tradgard\/#primaryimage","url":"https:\/\/i0.wp.com\/truusk.store\/wp-content\/uploads\/2025\/06\/parasoll-o269-cm-uv-30-attkantig-parasoll-balkongparasoll-strandparasoll-vindtat-marknadsparasoll-krankparasoll-solskydd-for-strand-balkong-tradgard-morkgra-1.webp?fit=2000%2C2000&ssl=1","contentUrl":"https:\/\/i0.wp.com\/truusk.store\/wp-content\/uploads\/2025\/06\/parasoll-o269-cm-uv-30-attkantig-parasoll-balkongparasoll-strandparasoll-vindtat-marknadsparasoll-krankparasoll-solskydd-for-strand-balkong-tradgard-morkgra-1.webp?fit=2000%2C2000&ssl=1","width":2000,"height":2000},{"@type":"BreadcrumbList","@id":"https:\/\/truusk.store\/sv\/produkt\/truusk-parasoll-o269-cm-uv-30-attkantig-vindtat-morkgra-solskydd-for-strand-balkong-tradgard\/#breadcrumb","itemListElement":[{"@type":"ListItem","position":1,"name":"Home","item":"https:\/\/truusk.store\/sv\/"},{"@type":"ListItem","position":2,"name":"Shop","item":"https:\/\/truusk.store\/shop\/"},{"@type":"ListItem","position":3,"name":"TRUUSK Parasoll \u00d8269 cm &#8211; UV 30+ &#8211; \u00c5ttkantig &#8211; Vindt\u00e4t &#8211; M\u00f6rkgr\u00e5 &#8211; Solskydd f\u00f6r Strand, Balkong &amp; Tr\u00e4dg\u00e5rd"}]},{"@type":"WebSite","@id":"https:\/\/truusk.store\/sv\/#website","url":"https:\/\/truusk.store\/sv\/","name":"TRUUSK - Hem, Tr\u00e4dg\u00e5rd & Fritid","description":"","publisher":{"@id":"https:\/\/truusk.store\/sv\/#organization"},"potentialAction":[{"@type":"SearchAction","target":{"@type":"EntryPoint","urlTemplate":"https:\/\/truusk.store\/sv\/?s={search_term_string}"},"query-input":{"@type":"PropertyValueSpecification","valueRequired":true,"valueName":"search_term_string"}}],"inLanguage":"sv-SE"},{"@type":"Organization","@id":"https:\/\/truusk.store\/sv\/#organization","name":"TRUUSK - Hem, Tr\u00e4dg\u00e5rd & Fritid","url":"https:\/\/truusk.store\/sv\/","logo":{"@type":"ImageObject","inLanguage":"sv-SE","@id":"https:\/\/truusk.store\/sv\/#\/schema\/logo\/image\/","url":"https:\/\/i0.wp.com\/truusk.store\/wp-content\/uploads\/2026\/03\/cropped-TRUUSK.png?fit=2032%2C917&ssl=1","contentUrl":"https:\/\/i0.wp.com\/truusk.store\/wp-content\/uploads\/2026\/03\/cropped-TRUUSK.png?fit=2032%2C917&ssl=1","width":2032,"height":917,"caption":"TRUUSK - Hem, Tr\u00e4dg\u00e5rd & Fritid"},"image":{"@id":"https:\/\/truusk.store\/sv\/#\/schema\/logo\/image\/"}}]}},"jetpack_sharing_enabled":true,"_links":{"self":[{"href":"https:\/\/truusk.store\/sv\/wp-json\/wp\/v2\/product\/72616","targetHints":{"allow":["GET"]}}],"collection":[{"href":"https:\/\/truusk.store\/sv\/wp-json\/wp\/v2\/product"}],"about":[{"href":"https:\/\/truusk.store\/sv\/wp-json\/wp\/v2\/types\/product"}],"wp:featuredmedia":[{"embeddable":true,"href":"https:\/\/truusk.store\/sv\/wp-json\/wp\/v2\/media\/72607"}],"wp:attachment":[{"href":"https:\/\/truusk.store\/sv\/wp-json\/wp\/v2\/media?parent=72616"}],"wp:term":[{"taxonomy":"product_brand","embeddable":true,"href":"https:\/\/truusk.store\/sv\/wp-json\/wp\/v2\/product_brand?post=72616"},{"taxonomy":"product_cat","embeddable":true,"href":"https:\/\/truusk.store\/sv\/wp-json\/wp\/v2\/product_cat?post=72616"},{"taxonomy":"product_tag","embeddable":true,"href":"https:\/\/truusk.store\/sv\/wp-json\/wp\/v2\/product_tag?post=72616"}],"curies":[{"name":"wp","href":"https:\/\/api.w.org\/{rel}","templated":true}]}}