{"id":72646,"date":"2025-06-05T23:10:47","date_gmt":"2025-06-05T22:10:47","guid":{"rendered":"https:\/\/truusk.store\/product\/valphage-6-kantig-valplopning-med-6-gallerplattor-dorr-flexibel-hopfallbar-skyddsplan-lopning-inhagnad-100cm-hog-hundlopning-valpgaller-for-hund-katt-lopning-inhagnad-for-inomhus-utomhus\/"},"modified":"2026-03-12T08:41:16","modified_gmt":"2026-03-12T07:41:16","slug":"truusk-6-kantig-hundgard-med-6-gallerplattor-flexibel-hopfallbar-skyddsplan-inhagnad-100cm-hog-for-hundar-och-katter","status":"publish","type":"product","link":"https:\/\/truusk.store\/sv\/produkt\/truusk-6-kantig-hundgard-med-6-gallerplattor-flexibel-hopfallbar-skyddsplan-inhagnad-100cm-hog-for-hundar-och-katter\/","title":{"rendered":"TRUUSK 6-kantig Hundg\u00e5rd Med 6 Gallerplattor &#8211; Flexibel Hopf\u00e4llbar &#8211; Skyddsplan &#8211; Inh\u00e4gnad 100cm H\u00f6g &#8211; F\u00f6r Hundar och Katter &#8211;"},"content":{"rendered":"<p>Upplev m\u00e5ngsidigheten av en TRUUSK hundlekplats! V\u00e5r sexkantiga hundg\u00e5rd kan anpassas till former som rektangel eller L och passar s\u00e5 perfekt i alla milj\u00f6er. En s\u00e4ker tillflyktsort f\u00f6r din fyrbenta v\u00e4n, utrustad med en d\u00f6rr f\u00f6r enkel ing\u00e5ng och hopf\u00e4llbar f\u00f6r platsbesparande f\u00f6rvaring. Idealisk f\u00f6r hundar av alla storlekar, garanterar denna h\u00e5llbara penna s\u00e4kerhet och v\u00e4lbefinnande, inomhus och utomhus.<\/p>\n<p>Beskrivning:<\/p>\n<ul>\n<li> Sex konfigurerbara paneler av inh\u00e4gnaden m\u00f6jligg\u00f6r en rektangul\u00e4r eller L-formad uppst\u00e4llning<\/li>\n<li> Inneslutet omr\u00e5de s\u00e4krar husdjur, inklusive tillg\u00e4nglig ing\u00e5ngsd\u00f6rr<\/li>\n<li> Kan f\u00e4llas platt f\u00f6r praktiska f\u00f6rvaringsl\u00f6sningar<\/li>\n<li> G\u00e5rden \u00e4r tillverkad av robust st\u00e5l, inklusive sex stabilitetsst\u00e4nger<\/li>\n<li> Enkel montering, inga speciella verktyg kr\u00e4vs<\/li>\n<li> L\u00e4mplig f\u00f6r hundar upp till en skulderh\u00f6jd p\u00e5 60 cm<\/li>\n<li> G\u00e5rden \u00e4r l\u00e4mplig f\u00f6r inomhus- eller utomhush\u00e5llning av husdjur<\/li>\n<\/ul>\n<p> Tekniska data:<\/p>\n<ul>\n<li> F\u00e4rg: Svart<\/li>\n<li> Material: St\u00e5l<\/li>\n<li> Rektangel: 136L x 68B x 100H cm<\/li>\n<li> Enskild panel: 68B x 100H x 1,5T cm<\/li>\n<li> D\u00f6rr: 39B x 61,5H cm<\/li>\n<li> Markspjut: 110L cm<\/li>\n<li> Hopf\u00e4lld storlek: 100L x 70B x 9,5H cm<\/li>\n<li> St\u00e5ngavst\u00e5nd: 5B x 19H cm<\/li>\n<\/ul>\n<p>Leveransinneh\u00e5ll:<\/p>\n<ul>\n<li> 5 x paneler<\/li>\n<li> 1 x panel med d\u00f6rr<\/li>\n<li> 6 x anslutningsst\u00e4nger<\/li>\n<li> 1 x manual<\/li>\n<\/ul>\n","protected":false},"excerpt":{"rendered":"<p>Upplev m\u00e5ngsidigheten av en TRUUSK hundlekplats! V\u00e5r sexkantiga hundg\u00e5rd kan anpassas till former som rektangel eller L och passar s\u00e5&#8230;<\/p>\n","protected":false},"featured_media":72637,"template":"","meta":[],"product_brand":[],"product_cat":[878,948,574],"product_tag":[],"class_list":{"0":"post-72646","1":"product","2":"type-product","3":"status-publish","4":"has-post-thumbnail","6":"product_cat-djurbehov","7":"product_cat-hundgaller-skiljevaggar","8":"product_cat-hundtillbehor","10":"first","11":"instock","12":"sale","13":"taxable","14":"shipping-taxable","15":"purchasable","16":"product-type-simple"},"yoast_head":"<!-- This site is optimized with the Yoast SEO plugin v25.4 - https:\/\/yoast.com\/wordpress\/plugins\/seo\/ -->\n<title>TRUUSK 6-kantig Hundg\u00e5rd Med 6 Gallerplattor - Flexibel Hopf\u00e4llbar - Skyddsplan - Inh\u00e4gnad 100cm H\u00f6g - F\u00f6r Hundar och Katter - TRUUSK - Hem, Tr\u00e4dg\u00e5rd &amp; Fritid<\/title>\n<meta name=\"robots\" content=\"index, follow, max-snippet:-1, max-image-preview:large, max-video-preview:-1\" \/>\n<link rel=\"canonical\" href=\"https:\/\/truusk.store\/sv\/produkt\/truusk-6-kantig-hundgard-med-6-gallerplattor-flexibel-hopfallbar-skyddsplan-inhagnad-100cm-hog-for-hundar-och-katter\/\" \/>\n<meta property=\"og:locale\" content=\"sv_SE\" \/>\n<meta property=\"og:type\" content=\"article\" \/>\n<meta property=\"og:title\" content=\"TRUUSK 6-kantig Hundg\u00e5rd Med 6 Gallerplattor - Flexibel Hopf\u00e4llbar - Skyddsplan - Inh\u00e4gnad 100cm H\u00f6g - F\u00f6r Hundar och Katter - TRUUSK - Hem, Tr\u00e4dg\u00e5rd &amp; Fritid\" \/>\n<meta property=\"og:description\" content=\"Upplev m\u00e5ngsidigheten av en TRUUSK hundlekplats! V\u00e5r sexkantiga hundg\u00e5rd kan anpassas till former som rektangel eller L och passar s\u00e5...\" \/>\n<meta property=\"og:url\" content=\"https:\/\/truusk.store\/sv\/produkt\/truusk-6-kantig-hundgard-med-6-gallerplattor-flexibel-hopfallbar-skyddsplan-inhagnad-100cm-hog-for-hundar-och-katter\/\" \/>\n<meta property=\"og:site_name\" content=\"TRUUSK - Hem, Tr\u00e4dg\u00e5rd &amp; Fritid\" \/>\n<meta property=\"article:modified_time\" content=\"2026-03-12T07:41:16+00:00\" \/>\n<meta property=\"og:image\" content=\"https:\/\/i0.wp.com\/truusk.se\/wp-content\/uploads\/2025\/06\/valphage-6-kantig-valplopning-med-6-gallerplattor-dorr-flexibel-hopfallbar-skyddsplan-lopning-inhagnad-100cm-hog-hundlopning-valpgaller-for-hund-katt-lopning-inhagnad-for-inomhus-utomhus-1.webp?fit=2000%2C2000&ssl=1\" \/>\n\t<meta property=\"og:image:width\" content=\"2000\" \/>\n\t<meta property=\"og:image:height\" content=\"2000\" \/>\n\t<meta property=\"og:image:type\" content=\"image\/webp\" \/>\n<meta name=\"twitter:card\" content=\"summary_large_image\" \/>\n<meta name=\"twitter:label1\" content=\"Ber\u00e4knad l\u00e4stid\" \/>\n\t<meta name=\"twitter:data1\" content=\"1 minut\" \/>\n<!-- \/ Yoast SEO plugin. -->","yoast_head_json":{"title":"TRUUSK 6-kantig Hundg\u00e5rd Med 6 Gallerplattor - Flexibel Hopf\u00e4llbar - Skyddsplan - Inh\u00e4gnad 100cm H\u00f6g - F\u00f6r Hundar och Katter - TRUUSK - Hem, Tr\u00e4dg\u00e5rd &amp; Fritid","robots":{"index":"index","follow":"follow","max-snippet":"max-snippet:-1","max-image-preview":"max-image-preview:large","max-video-preview":"max-video-preview:-1"},"canonical":"https:\/\/truusk.store\/sv\/produkt\/truusk-6-kantig-hundgard-med-6-gallerplattor-flexibel-hopfallbar-skyddsplan-inhagnad-100cm-hog-for-hundar-och-katter\/","og_locale":"sv_SE","og_type":"article","og_title":"TRUUSK 6-kantig Hundg\u00e5rd Med 6 Gallerplattor - Flexibel Hopf\u00e4llbar - Skyddsplan - Inh\u00e4gnad 100cm H\u00f6g - F\u00f6r Hundar och Katter - TRUUSK - Hem, Tr\u00e4dg\u00e5rd &amp; Fritid","og_description":"Upplev m\u00e5ngsidigheten av en TRUUSK hundlekplats! V\u00e5r sexkantiga hundg\u00e5rd kan anpassas till former som rektangel eller L och passar s\u00e5...","og_url":"https:\/\/truusk.store\/sv\/produkt\/truusk-6-kantig-hundgard-med-6-gallerplattor-flexibel-hopfallbar-skyddsplan-inhagnad-100cm-hog-for-hundar-och-katter\/","og_site_name":"TRUUSK - Hem, Tr\u00e4dg\u00e5rd &amp; Fritid","article_modified_time":"2026-03-12T07:41:16+00:00","og_image":[{"width":2000,"height":2000,"url":"https:\/\/i0.wp.com\/truusk.se\/wp-content\/uploads\/2025\/06\/valphage-6-kantig-valplopning-med-6-gallerplattor-dorr-flexibel-hopfallbar-skyddsplan-lopning-inhagnad-100cm-hog-hundlopning-valpgaller-for-hund-katt-lopning-inhagnad-for-inomhus-utomhus-1.webp?fit=2000%2C2000&ssl=1","type":"image\/webp"}],"twitter_card":"summary_large_image","twitter_misc":{"Ber\u00e4knad l\u00e4stid":"1 minut"},"schema":{"@context":"https:\/\/schema.org","@graph":[{"@type":"WebPage","@id":"https:\/\/truusk.store\/sv\/produkt\/truusk-6-kantig-hundgard-med-6-gallerplattor-flexibel-hopfallbar-skyddsplan-inhagnad-100cm-hog-for-hundar-och-katter\/","url":"https:\/\/truusk.store\/sv\/produkt\/truusk-6-kantig-hundgard-med-6-gallerplattor-flexibel-hopfallbar-skyddsplan-inhagnad-100cm-hog-for-hundar-och-katter\/","name":"TRUUSK 6-kantig Hundg\u00e5rd Med 6 Gallerplattor - Flexibel Hopf\u00e4llbar - Skyddsplan - Inh\u00e4gnad 100cm H\u00f6g - F\u00f6r Hundar och Katter - TRUUSK - Hem, Tr\u00e4dg\u00e5rd &amp; Fritid","isPartOf":{"@id":"https:\/\/truusk.store\/sv\/#website"},"primaryImageOfPage":{"@id":"https:\/\/truusk.store\/sv\/produkt\/truusk-6-kantig-hundgard-med-6-gallerplattor-flexibel-hopfallbar-skyddsplan-inhagnad-100cm-hog-for-hundar-och-katter\/#primaryimage"},"image":{"@id":"https:\/\/truusk.store\/sv\/produkt\/truusk-6-kantig-hundgard-med-6-gallerplattor-flexibel-hopfallbar-skyddsplan-inhagnad-100cm-hog-for-hundar-och-katter\/#primaryimage"},"thumbnailUrl":"https:\/\/i0.wp.com\/truusk.store\/wp-content\/uploads\/2025\/06\/valphage-6-kantig-valplopning-med-6-gallerplattor-dorr-flexibel-hopfallbar-skyddsplan-lopning-inhagnad-100cm-hog-hundlopning-valpgaller-for-hund-katt-lopning-inhagnad-for-inomhus-utomhus-1.webp?fit=2000%2C2000&ssl=1","datePublished":"2025-06-05T22:10:47+00:00","dateModified":"2026-03-12T07:41:16+00:00","breadcrumb":{"@id":"https:\/\/truusk.store\/sv\/produkt\/truusk-6-kantig-hundgard-med-6-gallerplattor-flexibel-hopfallbar-skyddsplan-inhagnad-100cm-hog-for-hundar-och-katter\/#breadcrumb"},"inLanguage":"sv-SE","potentialAction":[{"@type":"ReadAction","target":["https:\/\/truusk.store\/sv\/produkt\/truusk-6-kantig-hundgard-med-6-gallerplattor-flexibel-hopfallbar-skyddsplan-inhagnad-100cm-hog-for-hundar-och-katter\/"]}]},{"@type":"ImageObject","inLanguage":"sv-SE","@id":"https:\/\/truusk.store\/sv\/produkt\/truusk-6-kantig-hundgard-med-6-gallerplattor-flexibel-hopfallbar-skyddsplan-inhagnad-100cm-hog-for-hundar-och-katter\/#primaryimage","url":"https:\/\/i0.wp.com\/truusk.store\/wp-content\/uploads\/2025\/06\/valphage-6-kantig-valplopning-med-6-gallerplattor-dorr-flexibel-hopfallbar-skyddsplan-lopning-inhagnad-100cm-hog-hundlopning-valpgaller-for-hund-katt-lopning-inhagnad-for-inomhus-utomhus-1.webp?fit=2000%2C2000&ssl=1","contentUrl":"https:\/\/i0.wp.com\/truusk.store\/wp-content\/uploads\/2025\/06\/valphage-6-kantig-valplopning-med-6-gallerplattor-dorr-flexibel-hopfallbar-skyddsplan-lopning-inhagnad-100cm-hog-hundlopning-valpgaller-for-hund-katt-lopning-inhagnad-for-inomhus-utomhus-1.webp?fit=2000%2C2000&ssl=1","width":2000,"height":2000},{"@type":"BreadcrumbList","@id":"https:\/\/truusk.store\/sv\/produkt\/truusk-6-kantig-hundgard-med-6-gallerplattor-flexibel-hopfallbar-skyddsplan-inhagnad-100cm-hog-for-hundar-och-katter\/#breadcrumb","itemListElement":[{"@type":"ListItem","position":1,"name":"Home","item":"https:\/\/truusk.store\/sv\/"},{"@type":"ListItem","position":2,"name":"Shop","item":"https:\/\/truusk.store\/shop\/"},{"@type":"ListItem","position":3,"name":"TRUUSK 6-kantig Hundg\u00e5rd Med 6 Gallerplattor &#8211; Flexibel Hopf\u00e4llbar &#8211; Skyddsplan &#8211; Inh\u00e4gnad 100cm H\u00f6g &#8211; F\u00f6r Hundar och Katter &#8211;"}]},{"@type":"WebSite","@id":"https:\/\/truusk.store\/sv\/#website","url":"https:\/\/truusk.store\/sv\/","name":"TRUUSK - Hem, Tr\u00e4dg\u00e5rd & Fritid","description":"","publisher":{"@id":"https:\/\/truusk.store\/sv\/#organization"},"potentialAction":[{"@type":"SearchAction","target":{"@type":"EntryPoint","urlTemplate":"https:\/\/truusk.store\/sv\/?s={search_term_string}"},"query-input":{"@type":"PropertyValueSpecification","valueRequired":true,"valueName":"search_term_string"}}],"inLanguage":"sv-SE"},{"@type":"Organization","@id":"https:\/\/truusk.store\/sv\/#organization","name":"TRUUSK - Hem, Tr\u00e4dg\u00e5rd & Fritid","url":"https:\/\/truusk.store\/sv\/","logo":{"@type":"ImageObject","inLanguage":"sv-SE","@id":"https:\/\/truusk.store\/sv\/#\/schema\/logo\/image\/","url":"https:\/\/i0.wp.com\/truusk.store\/wp-content\/uploads\/2026\/03\/cropped-TRUUSK.png?fit=2032%2C917&ssl=1","contentUrl":"https:\/\/i0.wp.com\/truusk.store\/wp-content\/uploads\/2026\/03\/cropped-TRUUSK.png?fit=2032%2C917&ssl=1","width":2032,"height":917,"caption":"TRUUSK - Hem, Tr\u00e4dg\u00e5rd & Fritid"},"image":{"@id":"https:\/\/truusk.store\/sv\/#\/schema\/logo\/image\/"}}]}},"jetpack_sharing_enabled":true,"_links":{"self":[{"href":"https:\/\/truusk.store\/sv\/wp-json\/wp\/v2\/product\/72646","targetHints":{"allow":["GET"]}}],"collection":[{"href":"https:\/\/truusk.store\/sv\/wp-json\/wp\/v2\/product"}],"about":[{"href":"https:\/\/truusk.store\/sv\/wp-json\/wp\/v2\/types\/product"}],"wp:featuredmedia":[{"embeddable":true,"href":"https:\/\/truusk.store\/sv\/wp-json\/wp\/v2\/media\/72637"}],"wp:attachment":[{"href":"https:\/\/truusk.store\/sv\/wp-json\/wp\/v2\/media?parent=72646"}],"wp:term":[{"taxonomy":"product_brand","embeddable":true,"href":"https:\/\/truusk.store\/sv\/wp-json\/wp\/v2\/product_brand?post=72646"},{"taxonomy":"product_cat","embeddable":true,"href":"https:\/\/truusk.store\/sv\/wp-json\/wp\/v2\/product_cat?post=72646"},{"taxonomy":"product_tag","embeddable":true,"href":"https:\/\/truusk.store\/sv\/wp-json\/wp\/v2\/product_tag?post=72646"}],"curies":[{"name":"wp","href":"https:\/\/api.w.org\/{rel}","templated":true}]}}