{"id":72657,"date":"2025-06-05T23:11:57","date_gmt":"2025-06-05T22:11:57","guid":{"rendered":"https:\/\/truusk.store\/product\/aggformad-hangstol-for-utomhusbruk-hopfallbar-hanggunga-med-stativ-sittdynor-hangmatta-for-1-person-gungstol-inomhus-utomhus-terrass-tradgard-gra\/"},"modified":"2026-03-12T08:40:40","modified_gmt":"2026-03-12T07:40:40","slug":"truusk-aggformad-hangstol-hopfallbar-med-stativ-sittdynor-hangmatta-for-1-person-gungstol-inomhus-utomhus-gra","status":"publish","type":"product","link":"https:\/\/truusk.store\/sv\/produkt\/truusk-aggformad-hangstol-hopfallbar-med-stativ-sittdynor-hangmatta-for-1-person-gungstol-inomhus-utomhus-gra\/","title":{"rendered":"TRUUSK \u00c4ggformad H\u00e4ngstol &#8211; Hopf\u00e4llbar Med Stativ &#8211; Sittdynor &#8211; H\u00e4ngmatta F\u00f6r 1 Person &#8211; Gungstol Inomhus Utomhus &#8211; Gr\u00e5"},"content":{"rendered":"<p>Njut av h\u00f6gsta komfort i TRUUSK Outdoor Egg H\u00e4ngstol med stativ! Denna h\u00e4ngstol erbjuder med sin breda sits, kl\u00e4dd i Texteline-tyg med ett delikat fj\u00e4derm\u00f6nster, en inbjudande, bo-liknande atmosf\u00e4r. Den hopf\u00e4llbara konstruktionen och en mugg-h\u00e5llare g\u00f6r den praktisk, medan en 13 cm tjock kudde och en extra golvkudde garanterar o\u00f6vertr\u00e4ffad sittkomfort. Det pulverlackerade st\u00e5lramen och den X-formade basen av h\u00e4nggungan s\u00e4kerst\u00e4ller stabila sv\u00e4ngningar. Justerbara kedjor m\u00f6jligg\u00f6r individuell anpassning av sv\u00e4ngintensiteten.<\/p>\n<p>Beskrivning:<\/p>\n<ul>\n<li> Den \u00e4ggformade h\u00e4ngstolen efterliknar ett f\u00e5gelbo, bred sittplats<\/li>\n<li> Fj\u00e4derliknande bladm\u00f6nster p\u00e5 h\u00e4ngstolen erbjuder visuell attraktion f\u00f6r inomhus och utomhus<\/li>\n<li> Texteline-korgen kan f\u00e4llas ihop f\u00f6r f\u00f6rvaring efter att skruvarna har tagits bort, med en mugg-h\u00e5llare<\/li>\n<li> Ett s\u00e4kerhetsrep h\u00e5ller korgen fast f\u00f6r att minska \u00f6verdrivna r\u00f6relser<\/li>\n<li> 13 cm tjock dyna och en golvkudde p\u00e5 h\u00e4ngstolen f\u00f6r en sv\u00e4vande k\u00e4nsla<\/li>\n<li> Tv\u00e5 \u00f6vre kedjor \u00e4r justerbara f\u00f6r att anpassa sig till anv\u00e4ndarens h\u00f6jd<\/li>\n<li> Pulverlackerad st\u00e5lram med en X-formad fot<\/li>\n<li> Maximal belastning 120 kg, montering kr\u00e4vs<\/li>\n<\/ul>\n<p> Tekniska data:<\/p>\n<ul>\n<li> F\u00e4rg: Gr\u00e5+Svart<\/li>\n<li> Material: St\u00e5l, Textilene, Polyester, Skum<\/li>\n<li> Totala dimensioner: 126L x 90B x 180H cm<\/li>\n<li> Korgdimensioner: 90L x 63B x 103H cm<\/li>\n<li> Korgens hopf\u00e4llbara storlek: 103L x 63B x 20H cm<\/li>\n<li> H\u00f6jd fr\u00e5n golv till golv: 50 cm<\/li>\n<li> Ryggst\u00f6dsstorlek: 74B x 98H cm<\/li>\n<li> Kuddstorlek: (stor) 113L x 86B x 13T cm, (nedre) 71L x 47B x 4T cm<\/li>\n<li> B\u00e4rkapacitet: 120 kg<\/li>\n<li> Obs: Anv\u00e4nd ett skyddsh\u00f6lje n\u00e4r det inte anv\u00e4nds f\u00f6r att skydda din stol mot regn, vind eller smuts.<\/li>\n<\/ul>\n<p>Leveransinneh\u00e5ll:<\/p>\n<ul>\n<li> 1 x Gungstol<\/li>\n<li> 2 x Kuddar<\/li>\n<li> 1 x F\u00e4strep<\/li>\n<li> 1 x Handbok<\/li>\n<\/ul>\n","protected":false},"excerpt":{"rendered":"<p>Njut av h\u00f6gsta komfort i TRUUSK Outdoor Egg H\u00e4ngstol med stativ! Denna h\u00e4ngstol erbjuder med sin breda sits, kl\u00e4dd i&#8230;<\/p>\n","protected":false},"featured_media":72647,"template":"","meta":[],"product_brand":[],"product_cat":[460,858,450],"product_tag":[],"class_list":{"0":"post-72657","1":"product","2":"type-product","3":"status-publish","4":"has-post-thumbnail","6":"product_cat-hangmattor-hangstolar","7":"product_cat-tradgard-terrass","8":"product_cat-tradgardsmobler","10":"first","11":"instock","12":"sale","13":"taxable","14":"shipping-taxable","15":"purchasable","16":"product-type-simple"},"yoast_head":"<!-- This site is optimized with the Yoast SEO plugin v25.4 - https:\/\/yoast.com\/wordpress\/plugins\/seo\/ -->\n<title>TRUUSK \u00c4ggformad H\u00e4ngstol - Hopf\u00e4llbar Med Stativ - Sittdynor - H\u00e4ngmatta F\u00f6r 1 Person - Gungstol Inomhus Utomhus - Gr\u00e5 - TRUUSK - Hem, Tr\u00e4dg\u00e5rd &amp; Fritid<\/title>\n<meta name=\"robots\" content=\"index, follow, max-snippet:-1, max-image-preview:large, max-video-preview:-1\" \/>\n<link rel=\"canonical\" href=\"https:\/\/truusk.store\/sv\/produkt\/truusk-aggformad-hangstol-hopfallbar-med-stativ-sittdynor-hangmatta-for-1-person-gungstol-inomhus-utomhus-gra\/\" \/>\n<meta property=\"og:locale\" content=\"sv_SE\" \/>\n<meta property=\"og:type\" content=\"article\" \/>\n<meta property=\"og:title\" content=\"TRUUSK \u00c4ggformad H\u00e4ngstol - Hopf\u00e4llbar Med Stativ - Sittdynor - H\u00e4ngmatta F\u00f6r 1 Person - Gungstol Inomhus Utomhus - Gr\u00e5 - TRUUSK - Hem, Tr\u00e4dg\u00e5rd &amp; Fritid\" \/>\n<meta property=\"og:description\" content=\"Njut av h\u00f6gsta komfort i TRUUSK Outdoor Egg H\u00e4ngstol med stativ! Denna h\u00e4ngstol erbjuder med sin breda sits, kl\u00e4dd i...\" \/>\n<meta property=\"og:url\" content=\"https:\/\/truusk.store\/sv\/produkt\/truusk-aggformad-hangstol-hopfallbar-med-stativ-sittdynor-hangmatta-for-1-person-gungstol-inomhus-utomhus-gra\/\" \/>\n<meta property=\"og:site_name\" content=\"TRUUSK - Hem, Tr\u00e4dg\u00e5rd &amp; Fritid\" \/>\n<meta property=\"article:modified_time\" content=\"2026-03-12T07:40:40+00:00\" \/>\n<meta property=\"og:image\" content=\"https:\/\/i0.wp.com\/truusk.se\/wp-content\/uploads\/2025\/06\/aggformad-hangstol-for-utomhusbruk-hopfallbar-hanggunga-med-stativ-sittdynor-hangmatta-for-1-person-gungstol-inomhus-utomhus-terrass-tradgard-gra-1.webp?fit=2000%2C2000&ssl=1\" \/>\n\t<meta property=\"og:image:width\" content=\"2000\" \/>\n\t<meta property=\"og:image:height\" content=\"2000\" \/>\n\t<meta property=\"og:image:type\" content=\"image\/webp\" \/>\n<meta name=\"twitter:card\" content=\"summary_large_image\" \/>\n<meta name=\"twitter:label1\" content=\"Ber\u00e4knad l\u00e4stid\" \/>\n\t<meta name=\"twitter:data1\" content=\"1 minut\" \/>\n<!-- \/ Yoast SEO plugin. -->","yoast_head_json":{"title":"TRUUSK \u00c4ggformad H\u00e4ngstol - Hopf\u00e4llbar Med Stativ - Sittdynor - H\u00e4ngmatta F\u00f6r 1 Person - Gungstol Inomhus Utomhus - Gr\u00e5 - TRUUSK - Hem, Tr\u00e4dg\u00e5rd &amp; Fritid","robots":{"index":"index","follow":"follow","max-snippet":"max-snippet:-1","max-image-preview":"max-image-preview:large","max-video-preview":"max-video-preview:-1"},"canonical":"https:\/\/truusk.store\/sv\/produkt\/truusk-aggformad-hangstol-hopfallbar-med-stativ-sittdynor-hangmatta-for-1-person-gungstol-inomhus-utomhus-gra\/","og_locale":"sv_SE","og_type":"article","og_title":"TRUUSK \u00c4ggformad H\u00e4ngstol - Hopf\u00e4llbar Med Stativ - Sittdynor - H\u00e4ngmatta F\u00f6r 1 Person - Gungstol Inomhus Utomhus - Gr\u00e5 - TRUUSK - Hem, Tr\u00e4dg\u00e5rd &amp; Fritid","og_description":"Njut av h\u00f6gsta komfort i TRUUSK Outdoor Egg H\u00e4ngstol med stativ! Denna h\u00e4ngstol erbjuder med sin breda sits, kl\u00e4dd i...","og_url":"https:\/\/truusk.store\/sv\/produkt\/truusk-aggformad-hangstol-hopfallbar-med-stativ-sittdynor-hangmatta-for-1-person-gungstol-inomhus-utomhus-gra\/","og_site_name":"TRUUSK - Hem, Tr\u00e4dg\u00e5rd &amp; Fritid","article_modified_time":"2026-03-12T07:40:40+00:00","og_image":[{"width":2000,"height":2000,"url":"https:\/\/i0.wp.com\/truusk.se\/wp-content\/uploads\/2025\/06\/aggformad-hangstol-for-utomhusbruk-hopfallbar-hanggunga-med-stativ-sittdynor-hangmatta-for-1-person-gungstol-inomhus-utomhus-terrass-tradgard-gra-1.webp?fit=2000%2C2000&ssl=1","type":"image\/webp"}],"twitter_card":"summary_large_image","twitter_misc":{"Ber\u00e4knad l\u00e4stid":"1 minut"},"schema":{"@context":"https:\/\/schema.org","@graph":[{"@type":"WebPage","@id":"https:\/\/truusk.store\/sv\/produkt\/truusk-aggformad-hangstol-hopfallbar-med-stativ-sittdynor-hangmatta-for-1-person-gungstol-inomhus-utomhus-gra\/","url":"https:\/\/truusk.store\/sv\/produkt\/truusk-aggformad-hangstol-hopfallbar-med-stativ-sittdynor-hangmatta-for-1-person-gungstol-inomhus-utomhus-gra\/","name":"TRUUSK \u00c4ggformad H\u00e4ngstol - Hopf\u00e4llbar Med Stativ - Sittdynor - H\u00e4ngmatta F\u00f6r 1 Person - Gungstol Inomhus Utomhus - Gr\u00e5 - TRUUSK - Hem, Tr\u00e4dg\u00e5rd &amp; Fritid","isPartOf":{"@id":"https:\/\/truusk.store\/sv\/#website"},"primaryImageOfPage":{"@id":"https:\/\/truusk.store\/sv\/produkt\/truusk-aggformad-hangstol-hopfallbar-med-stativ-sittdynor-hangmatta-for-1-person-gungstol-inomhus-utomhus-gra\/#primaryimage"},"image":{"@id":"https:\/\/truusk.store\/sv\/produkt\/truusk-aggformad-hangstol-hopfallbar-med-stativ-sittdynor-hangmatta-for-1-person-gungstol-inomhus-utomhus-gra\/#primaryimage"},"thumbnailUrl":"https:\/\/i0.wp.com\/truusk.store\/wp-content\/uploads\/2025\/06\/aggformad-hangstol-for-utomhusbruk-hopfallbar-hanggunga-med-stativ-sittdynor-hangmatta-for-1-person-gungstol-inomhus-utomhus-terrass-tradgard-gra-1.webp?fit=2000%2C2000&ssl=1","datePublished":"2025-06-05T22:11:57+00:00","dateModified":"2026-03-12T07:40:40+00:00","breadcrumb":{"@id":"https:\/\/truusk.store\/sv\/produkt\/truusk-aggformad-hangstol-hopfallbar-med-stativ-sittdynor-hangmatta-for-1-person-gungstol-inomhus-utomhus-gra\/#breadcrumb"},"inLanguage":"sv-SE","potentialAction":[{"@type":"ReadAction","target":["https:\/\/truusk.store\/sv\/produkt\/truusk-aggformad-hangstol-hopfallbar-med-stativ-sittdynor-hangmatta-for-1-person-gungstol-inomhus-utomhus-gra\/"]}]},{"@type":"ImageObject","inLanguage":"sv-SE","@id":"https:\/\/truusk.store\/sv\/produkt\/truusk-aggformad-hangstol-hopfallbar-med-stativ-sittdynor-hangmatta-for-1-person-gungstol-inomhus-utomhus-gra\/#primaryimage","url":"https:\/\/i0.wp.com\/truusk.store\/wp-content\/uploads\/2025\/06\/aggformad-hangstol-for-utomhusbruk-hopfallbar-hanggunga-med-stativ-sittdynor-hangmatta-for-1-person-gungstol-inomhus-utomhus-terrass-tradgard-gra-1.webp?fit=2000%2C2000&ssl=1","contentUrl":"https:\/\/i0.wp.com\/truusk.store\/wp-content\/uploads\/2025\/06\/aggformad-hangstol-for-utomhusbruk-hopfallbar-hanggunga-med-stativ-sittdynor-hangmatta-for-1-person-gungstol-inomhus-utomhus-terrass-tradgard-gra-1.webp?fit=2000%2C2000&ssl=1","width":2000,"height":2000},{"@type":"BreadcrumbList","@id":"https:\/\/truusk.store\/sv\/produkt\/truusk-aggformad-hangstol-hopfallbar-med-stativ-sittdynor-hangmatta-for-1-person-gungstol-inomhus-utomhus-gra\/#breadcrumb","itemListElement":[{"@type":"ListItem","position":1,"name":"Home","item":"https:\/\/truusk.store\/sv\/"},{"@type":"ListItem","position":2,"name":"Shop","item":"https:\/\/truusk.store\/shop\/"},{"@type":"ListItem","position":3,"name":"TRUUSK \u00c4ggformad H\u00e4ngstol &#8211; Hopf\u00e4llbar Med Stativ &#8211; Sittdynor &#8211; H\u00e4ngmatta F\u00f6r 1 Person &#8211; Gungstol Inomhus Utomhus &#8211; Gr\u00e5"}]},{"@type":"WebSite","@id":"https:\/\/truusk.store\/sv\/#website","url":"https:\/\/truusk.store\/sv\/","name":"TRUUSK - Hem, Tr\u00e4dg\u00e5rd & Fritid","description":"","publisher":{"@id":"https:\/\/truusk.store\/sv\/#organization"},"potentialAction":[{"@type":"SearchAction","target":{"@type":"EntryPoint","urlTemplate":"https:\/\/truusk.store\/sv\/?s={search_term_string}"},"query-input":{"@type":"PropertyValueSpecification","valueRequired":true,"valueName":"search_term_string"}}],"inLanguage":"sv-SE"},{"@type":"Organization","@id":"https:\/\/truusk.store\/sv\/#organization","name":"TRUUSK - Hem, Tr\u00e4dg\u00e5rd & Fritid","url":"https:\/\/truusk.store\/sv\/","logo":{"@type":"ImageObject","inLanguage":"sv-SE","@id":"https:\/\/truusk.store\/sv\/#\/schema\/logo\/image\/","url":"https:\/\/i0.wp.com\/truusk.store\/wp-content\/uploads\/2026\/03\/cropped-TRUUSK.png?fit=2032%2C917&ssl=1","contentUrl":"https:\/\/i0.wp.com\/truusk.store\/wp-content\/uploads\/2026\/03\/cropped-TRUUSK.png?fit=2032%2C917&ssl=1","width":2032,"height":917,"caption":"TRUUSK - Hem, Tr\u00e4dg\u00e5rd & Fritid"},"image":{"@id":"https:\/\/truusk.store\/sv\/#\/schema\/logo\/image\/"}}]}},"jetpack_sharing_enabled":true,"_links":{"self":[{"href":"https:\/\/truusk.store\/sv\/wp-json\/wp\/v2\/product\/72657","targetHints":{"allow":["GET"]}}],"collection":[{"href":"https:\/\/truusk.store\/sv\/wp-json\/wp\/v2\/product"}],"about":[{"href":"https:\/\/truusk.store\/sv\/wp-json\/wp\/v2\/types\/product"}],"wp:featuredmedia":[{"embeddable":true,"href":"https:\/\/truusk.store\/sv\/wp-json\/wp\/v2\/media\/72647"}],"wp:attachment":[{"href":"https:\/\/truusk.store\/sv\/wp-json\/wp\/v2\/media?parent=72657"}],"wp:term":[{"taxonomy":"product_brand","embeddable":true,"href":"https:\/\/truusk.store\/sv\/wp-json\/wp\/v2\/product_brand?post=72657"},{"taxonomy":"product_cat","embeddable":true,"href":"https:\/\/truusk.store\/sv\/wp-json\/wp\/v2\/product_cat?post=72657"},{"taxonomy":"product_tag","embeddable":true,"href":"https:\/\/truusk.store\/sv\/wp-json\/wp\/v2\/product_tag?post=72657"}],"curies":[{"name":"wp","href":"https:\/\/api.w.org\/{rel}","templated":true}]}}