{"id":72666,"date":"2025-06-05T23:12:44","date_gmt":"2025-06-05T22:12:44","guid":{"rendered":"https:\/\/truusk.store\/product\/aiyaplay-barnscooter-hopfallbar-med-justerbar-styrehojd-2-stora-hjul-bakre-skarmbroms-sparkcykel-for-barn-fran-6-12-ar-gron\/"},"modified":"2026-03-12T08:40:51","modified_gmt":"2026-03-12T07:40:51","slug":"truusk-barnscooter-hopfallbar-med-justerbar-styrehojd-2-stora-hjul-bakre-skarmbroms-for-barn-fran-6-12-ar-gron","status":"publish","type":"product","link":"https:\/\/truusk.store\/sv\/produkt\/truusk-barnscooter-hopfallbar-med-justerbar-styrehojd-2-stora-hjul-bakre-skarmbroms-for-barn-fran-6-12-ar-gron\/","title":{"rendered":"TRUUSK Barnscooter &#8211; Hopf\u00e4llbar Med Justerbar Styreh\u00f6jd &#8211; 2 Stora Hjul &#8211; Bakre Sk\u00e4rmbroms &#8211; F\u00f6r Barn Fr\u00e5n 6-12 \u00c5r &#8211; Gr\u00f6n"},"content":{"rendered":"<p>Upplev utomhusskoj med AIYAPLAY barnscooter! Denna tillv\u00e4xtv\u00e4nliga sparkcykel f\u00f6r 6- till 12-\u00e5ringar erbjuder fyra h\u00f6jdjusteringar fr\u00e5n 88 cm till 103 cm och en s\u00e4ker bakbroms. Med sin st\u00f6td\u00e4mpande framgaffel hanterar den enkelt gr\u00e4s, grus eller betong &#8211; perfekt f\u00f6r \u00e4ventyrliga barn!<\/p>\n<p>Beskrivning:<\/p>\n<ul>\n<li> Fyra h\u00f6jdinst\u00e4llningar p\u00e5 sparkcykeln anpassar sig till ditt barn och v\u00e4xer med<\/li>\n<li> L\u00e4mplig f\u00f6r gr\u00e4s-, grus- och cementytor<\/li>\n<li> St\u00f6td\u00e4mpande framgaffel och d\u00e4ck ger en mjuk \u00e5ktur<\/li>\n<li> Bakbroms \u00f6kar s\u00e4kerheten vid k\u00f6rning<\/li>\n<li> F\u00e4llbar design p\u00e5 sparkcykeln underl\u00e4ttar transport och f\u00f6rvaring<\/li>\n<li> L\u00e4mplig f\u00f6r barn med en kroppsl\u00e4ngd p\u00e5 110 cm till 180 cm<\/li>\n<li> Maximal belastning 100 kg<\/li>\n<\/ul>\n<p> Tekniska data:<\/p>\n<ul>\n<li> F\u00e4rg: Gr\u00f6n<\/li>\n<li> Material: Plast, Metall<\/li>\n<li> Totala dimensioner: 94L x 38B x 88-103H cm<\/li>\n<li> Vikta dimensioner: 83L x 15B x 33H cm<\/li>\n<li> Justerbar h\u00f6jd: 88\/93\/98\/103H cm (styret)<\/li>\n<li> Pedalstorlek: 57L x 15H cm, 11 cm (h\u00f6jd fr\u00e5n marken)<\/li>\n<li> Hjuldiameter: \u00d820 cm<\/li>\n<li> Maximal belastning: 100 kg<\/li>\n<li> L\u00e4mplig kroppsl\u00e4ngd: 110-130 cm<\/li>\n<li> Godk\u00e4nd \u00e5lder: 6+ \u00e5r<\/li>\n<li> Rekommenderad \u00e5lder: 6-12 \u00e5r<\/li>\n<\/ul>\n<p>Ing\u00e5r:<\/p>\n<ul>\n<li> 1 x Barnscooter<\/li>\n<li> 1 x Bruksanvisning<\/li>\n<\/ul>\n","protected":false},"excerpt":{"rendered":"<p>Upplev utomhusskoj med AIYAPLAY barnscooter! Denna tillv\u00e4xtv\u00e4nliga sparkcykel f\u00f6r 6- till 12-\u00e5ringar erbjuder fyra h\u00f6jdjusteringar fr\u00e5n 88 cm till 103&#8230;<\/p>\n","protected":false},"featured_media":72656,"template":"","meta":[],"product_brand":[],"product_cat":[880,610,1010],"product_tag":[],"class_list":{"0":"post-72666","1":"product","2":"type-product","3":"status-publish","4":"has-post-thumbnail","6":"product_cat-baby-barn-2","7":"product_cat-barnfordon","8":"product_cat-sparkcyklar","10":"first","11":"instock","12":"sale","13":"taxable","14":"shipping-taxable","15":"purchasable","16":"product-type-simple"},"yoast_head":"<!-- This site is optimized with the Yoast SEO plugin v25.4 - https:\/\/yoast.com\/wordpress\/plugins\/seo\/ -->\n<title>TRUUSK Barnscooter - Hopf\u00e4llbar Med Justerbar Styreh\u00f6jd - 2 Stora Hjul - Bakre Sk\u00e4rmbroms - F\u00f6r Barn Fr\u00e5n 6-12 \u00c5r - Gr\u00f6n - TRUUSK - Hem, Tr\u00e4dg\u00e5rd &amp; Fritid<\/title>\n<meta name=\"robots\" content=\"index, follow, max-snippet:-1, max-image-preview:large, max-video-preview:-1\" \/>\n<link rel=\"canonical\" href=\"https:\/\/truusk.store\/sv\/produkt\/truusk-barnscooter-hopfallbar-med-justerbar-styrehojd-2-stora-hjul-bakre-skarmbroms-for-barn-fran-6-12-ar-gron\/\" \/>\n<meta property=\"og:locale\" content=\"sv_SE\" \/>\n<meta property=\"og:type\" content=\"article\" \/>\n<meta property=\"og:title\" content=\"TRUUSK Barnscooter - Hopf\u00e4llbar Med Justerbar Styreh\u00f6jd - 2 Stora Hjul - Bakre Sk\u00e4rmbroms - F\u00f6r Barn Fr\u00e5n 6-12 \u00c5r - Gr\u00f6n - TRUUSK - Hem, Tr\u00e4dg\u00e5rd &amp; Fritid\" \/>\n<meta property=\"og:description\" content=\"Upplev utomhusskoj med AIYAPLAY barnscooter! Denna tillv\u00e4xtv\u00e4nliga sparkcykel f\u00f6r 6- till 12-\u00e5ringar erbjuder fyra h\u00f6jdjusteringar fr\u00e5n 88 cm till 103...\" \/>\n<meta property=\"og:url\" content=\"https:\/\/truusk.store\/sv\/produkt\/truusk-barnscooter-hopfallbar-med-justerbar-styrehojd-2-stora-hjul-bakre-skarmbroms-for-barn-fran-6-12-ar-gron\/\" \/>\n<meta property=\"og:site_name\" content=\"TRUUSK - Hem, Tr\u00e4dg\u00e5rd &amp; Fritid\" \/>\n<meta property=\"article:modified_time\" content=\"2026-03-12T07:40:51+00:00\" \/>\n<meta property=\"og:image\" content=\"https:\/\/i0.wp.com\/truusk.se\/wp-content\/uploads\/2025\/06\/aiyaplay-barnscooter-hopfallbar-med-justerbar-styrehojd-2-stora-hjul-bakre-skarmbroms-sparkcykel-for-barn-fran-6-12-ar-gron-1.webp?fit=2000%2C2000&ssl=1\" \/>\n\t<meta property=\"og:image:width\" content=\"2000\" \/>\n\t<meta property=\"og:image:height\" content=\"2000\" \/>\n\t<meta property=\"og:image:type\" content=\"image\/webp\" \/>\n<meta name=\"twitter:card\" content=\"summary_large_image\" \/>\n<meta name=\"twitter:label1\" content=\"Ber\u00e4knad l\u00e4stid\" \/>\n\t<meta name=\"twitter:data1\" content=\"1 minut\" \/>\n<!-- \/ Yoast SEO plugin. -->","yoast_head_json":{"title":"TRUUSK Barnscooter - Hopf\u00e4llbar Med Justerbar Styreh\u00f6jd - 2 Stora Hjul - Bakre Sk\u00e4rmbroms - F\u00f6r Barn Fr\u00e5n 6-12 \u00c5r - Gr\u00f6n - TRUUSK - Hem, Tr\u00e4dg\u00e5rd &amp; Fritid","robots":{"index":"index","follow":"follow","max-snippet":"max-snippet:-1","max-image-preview":"max-image-preview:large","max-video-preview":"max-video-preview:-1"},"canonical":"https:\/\/truusk.store\/sv\/produkt\/truusk-barnscooter-hopfallbar-med-justerbar-styrehojd-2-stora-hjul-bakre-skarmbroms-for-barn-fran-6-12-ar-gron\/","og_locale":"sv_SE","og_type":"article","og_title":"TRUUSK Barnscooter - Hopf\u00e4llbar Med Justerbar Styreh\u00f6jd - 2 Stora Hjul - Bakre Sk\u00e4rmbroms - F\u00f6r Barn Fr\u00e5n 6-12 \u00c5r - Gr\u00f6n - TRUUSK - Hem, Tr\u00e4dg\u00e5rd &amp; Fritid","og_description":"Upplev utomhusskoj med AIYAPLAY barnscooter! Denna tillv\u00e4xtv\u00e4nliga sparkcykel f\u00f6r 6- till 12-\u00e5ringar erbjuder fyra h\u00f6jdjusteringar fr\u00e5n 88 cm till 103...","og_url":"https:\/\/truusk.store\/sv\/produkt\/truusk-barnscooter-hopfallbar-med-justerbar-styrehojd-2-stora-hjul-bakre-skarmbroms-for-barn-fran-6-12-ar-gron\/","og_site_name":"TRUUSK - Hem, Tr\u00e4dg\u00e5rd &amp; Fritid","article_modified_time":"2026-03-12T07:40:51+00:00","og_image":[{"width":2000,"height":2000,"url":"https:\/\/i0.wp.com\/truusk.se\/wp-content\/uploads\/2025\/06\/aiyaplay-barnscooter-hopfallbar-med-justerbar-styrehojd-2-stora-hjul-bakre-skarmbroms-sparkcykel-for-barn-fran-6-12-ar-gron-1.webp?fit=2000%2C2000&ssl=1","type":"image\/webp"}],"twitter_card":"summary_large_image","twitter_misc":{"Ber\u00e4knad l\u00e4stid":"1 minut"},"schema":{"@context":"https:\/\/schema.org","@graph":[{"@type":"WebPage","@id":"https:\/\/truusk.store\/sv\/produkt\/truusk-barnscooter-hopfallbar-med-justerbar-styrehojd-2-stora-hjul-bakre-skarmbroms-for-barn-fran-6-12-ar-gron\/","url":"https:\/\/truusk.store\/sv\/produkt\/truusk-barnscooter-hopfallbar-med-justerbar-styrehojd-2-stora-hjul-bakre-skarmbroms-for-barn-fran-6-12-ar-gron\/","name":"TRUUSK Barnscooter - Hopf\u00e4llbar Med Justerbar Styreh\u00f6jd - 2 Stora Hjul - Bakre Sk\u00e4rmbroms - F\u00f6r Barn Fr\u00e5n 6-12 \u00c5r - Gr\u00f6n - TRUUSK - Hem, Tr\u00e4dg\u00e5rd &amp; Fritid","isPartOf":{"@id":"https:\/\/truusk.store\/sv\/#website"},"primaryImageOfPage":{"@id":"https:\/\/truusk.store\/sv\/produkt\/truusk-barnscooter-hopfallbar-med-justerbar-styrehojd-2-stora-hjul-bakre-skarmbroms-for-barn-fran-6-12-ar-gron\/#primaryimage"},"image":{"@id":"https:\/\/truusk.store\/sv\/produkt\/truusk-barnscooter-hopfallbar-med-justerbar-styrehojd-2-stora-hjul-bakre-skarmbroms-for-barn-fran-6-12-ar-gron\/#primaryimage"},"thumbnailUrl":"https:\/\/i0.wp.com\/truusk.store\/wp-content\/uploads\/2025\/06\/aiyaplay-barnscooter-hopfallbar-med-justerbar-styrehojd-2-stora-hjul-bakre-skarmbroms-sparkcykel-for-barn-fran-6-12-ar-gron-1.webp?fit=2000%2C2000&ssl=1","datePublished":"2025-06-05T22:12:44+00:00","dateModified":"2026-03-12T07:40:51+00:00","breadcrumb":{"@id":"https:\/\/truusk.store\/sv\/produkt\/truusk-barnscooter-hopfallbar-med-justerbar-styrehojd-2-stora-hjul-bakre-skarmbroms-for-barn-fran-6-12-ar-gron\/#breadcrumb"},"inLanguage":"sv-SE","potentialAction":[{"@type":"ReadAction","target":["https:\/\/truusk.store\/sv\/produkt\/truusk-barnscooter-hopfallbar-med-justerbar-styrehojd-2-stora-hjul-bakre-skarmbroms-for-barn-fran-6-12-ar-gron\/"]}]},{"@type":"ImageObject","inLanguage":"sv-SE","@id":"https:\/\/truusk.store\/sv\/produkt\/truusk-barnscooter-hopfallbar-med-justerbar-styrehojd-2-stora-hjul-bakre-skarmbroms-for-barn-fran-6-12-ar-gron\/#primaryimage","url":"https:\/\/i0.wp.com\/truusk.store\/wp-content\/uploads\/2025\/06\/aiyaplay-barnscooter-hopfallbar-med-justerbar-styrehojd-2-stora-hjul-bakre-skarmbroms-sparkcykel-for-barn-fran-6-12-ar-gron-1.webp?fit=2000%2C2000&ssl=1","contentUrl":"https:\/\/i0.wp.com\/truusk.store\/wp-content\/uploads\/2025\/06\/aiyaplay-barnscooter-hopfallbar-med-justerbar-styrehojd-2-stora-hjul-bakre-skarmbroms-sparkcykel-for-barn-fran-6-12-ar-gron-1.webp?fit=2000%2C2000&ssl=1","width":2000,"height":2000},{"@type":"BreadcrumbList","@id":"https:\/\/truusk.store\/sv\/produkt\/truusk-barnscooter-hopfallbar-med-justerbar-styrehojd-2-stora-hjul-bakre-skarmbroms-for-barn-fran-6-12-ar-gron\/#breadcrumb","itemListElement":[{"@type":"ListItem","position":1,"name":"Home","item":"https:\/\/truusk.store\/sv\/"},{"@type":"ListItem","position":2,"name":"Shop","item":"https:\/\/truusk.store\/shop\/"},{"@type":"ListItem","position":3,"name":"TRUUSK Barnscooter &#8211; Hopf\u00e4llbar Med Justerbar Styreh\u00f6jd &#8211; 2 Stora Hjul &#8211; Bakre Sk\u00e4rmbroms &#8211; F\u00f6r Barn Fr\u00e5n 6-12 \u00c5r &#8211; Gr\u00f6n"}]},{"@type":"WebSite","@id":"https:\/\/truusk.store\/sv\/#website","url":"https:\/\/truusk.store\/sv\/","name":"TRUUSK - Hem, Tr\u00e4dg\u00e5rd & Fritid","description":"","publisher":{"@id":"https:\/\/truusk.store\/sv\/#organization"},"potentialAction":[{"@type":"SearchAction","target":{"@type":"EntryPoint","urlTemplate":"https:\/\/truusk.store\/sv\/?s={search_term_string}"},"query-input":{"@type":"PropertyValueSpecification","valueRequired":true,"valueName":"search_term_string"}}],"inLanguage":"sv-SE"},{"@type":"Organization","@id":"https:\/\/truusk.store\/sv\/#organization","name":"TRUUSK - Hem, Tr\u00e4dg\u00e5rd & Fritid","url":"https:\/\/truusk.store\/sv\/","logo":{"@type":"ImageObject","inLanguage":"sv-SE","@id":"https:\/\/truusk.store\/sv\/#\/schema\/logo\/image\/","url":"https:\/\/i0.wp.com\/truusk.store\/wp-content\/uploads\/2026\/03\/cropped-TRUUSK.png?fit=2032%2C917&ssl=1","contentUrl":"https:\/\/i0.wp.com\/truusk.store\/wp-content\/uploads\/2026\/03\/cropped-TRUUSK.png?fit=2032%2C917&ssl=1","width":2032,"height":917,"caption":"TRUUSK - Hem, Tr\u00e4dg\u00e5rd & Fritid"},"image":{"@id":"https:\/\/truusk.store\/sv\/#\/schema\/logo\/image\/"}}]}},"jetpack_sharing_enabled":true,"_links":{"self":[{"href":"https:\/\/truusk.store\/sv\/wp-json\/wp\/v2\/product\/72666","targetHints":{"allow":["GET"]}}],"collection":[{"href":"https:\/\/truusk.store\/sv\/wp-json\/wp\/v2\/product"}],"about":[{"href":"https:\/\/truusk.store\/sv\/wp-json\/wp\/v2\/types\/product"}],"wp:featuredmedia":[{"embeddable":true,"href":"https:\/\/truusk.store\/sv\/wp-json\/wp\/v2\/media\/72656"}],"wp:attachment":[{"href":"https:\/\/truusk.store\/sv\/wp-json\/wp\/v2\/media?parent=72666"}],"wp:term":[{"taxonomy":"product_brand","embeddable":true,"href":"https:\/\/truusk.store\/sv\/wp-json\/wp\/v2\/product_brand?post=72666"},{"taxonomy":"product_cat","embeddable":true,"href":"https:\/\/truusk.store\/sv\/wp-json\/wp\/v2\/product_cat?post=72666"},{"taxonomy":"product_tag","embeddable":true,"href":"https:\/\/truusk.store\/sv\/wp-json\/wp\/v2\/product_tag?post=72666"}],"curies":[{"name":"wp","href":"https:\/\/api.w.org\/{rel}","templated":true}]}}