{"id":72686,"date":"2025-06-05T23:14:46","date_gmt":"2025-06-05T22:14:46","guid":{"rendered":"https:\/\/truusk.store\/product\/hogbadd-plantlada-med-klatterstod-tak-spalje-blomlada-i-tra-tradgardsspalje-64-x-33-x-122cm-for-tradgard-balkong-terrass-blomkruka-for-klattervaxter-korgvaxter-blommor\/"},"modified":"2026-03-12T09:46:27","modified_gmt":"2026-03-12T08:46:27","slug":"truusk-hogbadd-plantlada-med-klatterstod-tak-spalje-blomlada-i-tra-for-tradgard-balkong-terrass-64-x-33-x-122cm","status":"publish","type":"product","link":"https:\/\/truusk.store\/sv\/produkt\/truusk-hogbadd-plantlada-med-klatterstod-tak-spalje-blomlada-i-tra-for-tradgard-balkong-terrass-64-x-33-x-122cm\/","title":{"rendered":"TRUUSK H\u00f6gb\u00e4dd Plantl\u00e5da Med Kl\u00e4tterst\u00f6d &#8211; Tak Spalj\u00e9 &#8211; Bloml\u00e5da I Tr\u00e4 &#8211; F\u00f6r Tr\u00e4dg\u00e5rd Balkong Terrass &#8211; 64 x 33 x 122cm &#8211;"},"content":{"rendered":"<p>Upplev tr\u00e4dg\u00e5rdsarbete p\u00e5 tv\u00e5 s\u00e4tt med TRUUSK h\u00f6jds\u00e4ng f\u00f6r tr\u00e4dg\u00e5rden. Denna speciella kombination av en gener\u00f6s h\u00f6jds\u00e4ng f\u00f6r blommor och \u00f6rter samt en kl\u00e4tterst\u00e4llning f\u00f6r kl\u00e4tterv\u00e4xter erbjuder mer utrymme och en charmig h\u00e4ngande tak. Genomt\u00e4nkta dr\u00e4neringsh\u00e5l och en tyginsats i balkongh\u00f6jds\u00e4ngen fr\u00e4mjar dina v\u00e4xters h\u00e4lsa. Den robusta tr\u00e4konstruktionen \u00e4r v\u00e4derbest\u00e4ndig och berikar varje tr\u00e4dg\u00e5rd.<\/p>\n<p>Beskrivning:<\/p>\n<ul>\n<li> Designen av h\u00f6jds\u00e4ng och kl\u00e4tterst\u00e4llning st\u00f6djer olika v\u00e4xtarter<\/li>\n<li> Det h\u00e4ngande taket p\u00e5 bloml\u00e5dan erbjuder plats f\u00f6r korgar och krukv\u00e4xter<\/li>\n<li> Dr\u00e4neringsh\u00e5l tar bort \u00f6verfl\u00f6digt vatten och beh\u00e5ller h\u00e4lsosamma v\u00e4xtr\u00f6tter<\/li>\n<li> Den medf\u00f6ljande tyginsatsen i bloml\u00e5dan f\u00f6rhindrar jordf\u00f6rlust och h\u00e5ller omgivningen ren<\/li>\n<li> Den naturliga tr\u00e4konstruktionen garanterar h\u00e5llbarhet mot sprickor och v\u00e4derp\u00e5verkan<\/li>\n<li> Montering kr\u00e4vs<\/li>\n<\/ul>\n<p> Tekniska data:<\/p>\n<ul>\n<li> F\u00e4rg: Naturtr\u00e4<\/li>\n<li> Material: Grantr\u00e4<\/li>\n<li> Totala dimensioner: 64L x 33B x 122H cm<\/li>\n<li> Planteringsomr\u00e5desstorlek: 58B x 24T x 31H cm<\/li>\n<li> Gitterstorlek: 64B x 3T x 91H cm<\/li>\n<li> Belastningskapacitet: 50 kg (totalt), 10 kg (tak)<\/li>\n<\/ul>\n<p>Leveransinneh\u00e5ll:<\/p>\n<ul>\n<li> 1 x H\u00f6jds\u00e4ng med kl\u00e4tterst\u00e4llning<\/li>\n<li> 1 x Bruksanvisning<\/li>\n<\/ul>\n","protected":false},"excerpt":{"rendered":"<p>Upplev tr\u00e4dg\u00e5rdsarbete p\u00e5 tv\u00e5 s\u00e4tt med TRUUSK h\u00f6jds\u00e4ng f\u00f6r tr\u00e4dg\u00e5rden. Denna speciella kombination av en gener\u00f6s h\u00f6jds\u00e4ng f\u00f6r blommor och&#8230;<\/p>\n","protected":false},"featured_media":72677,"template":"","meta":[],"product_brand":[],"product_cat":[924,858,443],"product_tag":[],"class_list":{"0":"post-72686","1":"product","2":"type-product","3":"status-publish","4":"has-post-thumbnail","6":"product_cat-plantkarl","7":"product_cat-tradgard-terrass","8":"product_cat-vaxthus-tradgardsskotsel","10":"first","11":"instock","12":"sale","13":"taxable","14":"shipping-taxable","15":"purchasable","16":"product-type-simple"},"yoast_head":"<!-- This site is optimized with the Yoast SEO plugin v25.4 - https:\/\/yoast.com\/wordpress\/plugins\/seo\/ -->\n<title>TRUUSK H\u00f6gb\u00e4dd Plantl\u00e5da Med Kl\u00e4tterst\u00f6d - Tak Spalj\u00e9 - Bloml\u00e5da I Tr\u00e4 - F\u00f6r Tr\u00e4dg\u00e5rd Balkong Terrass - 64 x 33 x 122cm - TRUUSK - Hem, Tr\u00e4dg\u00e5rd &amp; Fritid<\/title>\n<meta name=\"robots\" content=\"index, follow, max-snippet:-1, max-image-preview:large, max-video-preview:-1\" \/>\n<link rel=\"canonical\" href=\"https:\/\/truusk.store\/sv\/produkt\/truusk-hogbadd-plantlada-med-klatterstod-tak-spalje-blomlada-i-tra-for-tradgard-balkong-terrass-64-x-33-x-122cm\/\" \/>\n<meta property=\"og:locale\" content=\"sv_SE\" \/>\n<meta property=\"og:type\" content=\"article\" \/>\n<meta property=\"og:title\" content=\"TRUUSK H\u00f6gb\u00e4dd Plantl\u00e5da Med Kl\u00e4tterst\u00f6d - Tak Spalj\u00e9 - Bloml\u00e5da I Tr\u00e4 - F\u00f6r Tr\u00e4dg\u00e5rd Balkong Terrass - 64 x 33 x 122cm - TRUUSK - Hem, Tr\u00e4dg\u00e5rd &amp; Fritid\" \/>\n<meta property=\"og:description\" content=\"Upplev tr\u00e4dg\u00e5rdsarbete p\u00e5 tv\u00e5 s\u00e4tt med TRUUSK h\u00f6jds\u00e4ng f\u00f6r tr\u00e4dg\u00e5rden. Denna speciella kombination av en gener\u00f6s h\u00f6jds\u00e4ng f\u00f6r blommor och...\" \/>\n<meta property=\"og:url\" content=\"https:\/\/truusk.store\/sv\/produkt\/truusk-hogbadd-plantlada-med-klatterstod-tak-spalje-blomlada-i-tra-for-tradgard-balkong-terrass-64-x-33-x-122cm\/\" \/>\n<meta property=\"og:site_name\" content=\"TRUUSK - Hem, Tr\u00e4dg\u00e5rd &amp; Fritid\" \/>\n<meta property=\"article:modified_time\" content=\"2026-03-12T08:46:27+00:00\" \/>\n<meta property=\"og:image\" content=\"https:\/\/i0.wp.com\/truusk.se\/wp-content\/uploads\/2025\/06\/hogbadd-plantlada-med-klatterstod-tak-spalje-blomlada-i-tra-tradgardsspalje-64-x-33-x-122cm-for-tradgard-balkong-terrass-blomkruka-for-klattervaxter-korgvaxter-blommor-1.webp?fit=2000%2C2000&ssl=1\" \/>\n\t<meta property=\"og:image:width\" content=\"2000\" \/>\n\t<meta property=\"og:image:height\" content=\"2000\" \/>\n\t<meta property=\"og:image:type\" content=\"image\/webp\" \/>\n<meta name=\"twitter:card\" content=\"summary_large_image\" \/>\n<meta name=\"twitter:label1\" content=\"Ber\u00e4knad l\u00e4stid\" \/>\n\t<meta name=\"twitter:data1\" content=\"1 minut\" \/>\n<!-- \/ Yoast SEO plugin. -->","yoast_head_json":{"title":"TRUUSK H\u00f6gb\u00e4dd Plantl\u00e5da Med Kl\u00e4tterst\u00f6d - Tak Spalj\u00e9 - Bloml\u00e5da I Tr\u00e4 - F\u00f6r Tr\u00e4dg\u00e5rd Balkong Terrass - 64 x 33 x 122cm - TRUUSK - Hem, Tr\u00e4dg\u00e5rd &amp; Fritid","robots":{"index":"index","follow":"follow","max-snippet":"max-snippet:-1","max-image-preview":"max-image-preview:large","max-video-preview":"max-video-preview:-1"},"canonical":"https:\/\/truusk.store\/sv\/produkt\/truusk-hogbadd-plantlada-med-klatterstod-tak-spalje-blomlada-i-tra-for-tradgard-balkong-terrass-64-x-33-x-122cm\/","og_locale":"sv_SE","og_type":"article","og_title":"TRUUSK H\u00f6gb\u00e4dd Plantl\u00e5da Med Kl\u00e4tterst\u00f6d - Tak Spalj\u00e9 - Bloml\u00e5da I Tr\u00e4 - F\u00f6r Tr\u00e4dg\u00e5rd Balkong Terrass - 64 x 33 x 122cm - TRUUSK - Hem, Tr\u00e4dg\u00e5rd &amp; Fritid","og_description":"Upplev tr\u00e4dg\u00e5rdsarbete p\u00e5 tv\u00e5 s\u00e4tt med TRUUSK h\u00f6jds\u00e4ng f\u00f6r tr\u00e4dg\u00e5rden. Denna speciella kombination av en gener\u00f6s h\u00f6jds\u00e4ng f\u00f6r blommor och...","og_url":"https:\/\/truusk.store\/sv\/produkt\/truusk-hogbadd-plantlada-med-klatterstod-tak-spalje-blomlada-i-tra-for-tradgard-balkong-terrass-64-x-33-x-122cm\/","og_site_name":"TRUUSK - Hem, Tr\u00e4dg\u00e5rd &amp; Fritid","article_modified_time":"2026-03-12T08:46:27+00:00","og_image":[{"width":2000,"height":2000,"url":"https:\/\/i0.wp.com\/truusk.se\/wp-content\/uploads\/2025\/06\/hogbadd-plantlada-med-klatterstod-tak-spalje-blomlada-i-tra-tradgardsspalje-64-x-33-x-122cm-for-tradgard-balkong-terrass-blomkruka-for-klattervaxter-korgvaxter-blommor-1.webp?fit=2000%2C2000&ssl=1","type":"image\/webp"}],"twitter_card":"summary_large_image","twitter_misc":{"Ber\u00e4knad l\u00e4stid":"1 minut"},"schema":{"@context":"https:\/\/schema.org","@graph":[{"@type":"WebPage","@id":"https:\/\/truusk.store\/sv\/produkt\/truusk-hogbadd-plantlada-med-klatterstod-tak-spalje-blomlada-i-tra-for-tradgard-balkong-terrass-64-x-33-x-122cm\/","url":"https:\/\/truusk.store\/sv\/produkt\/truusk-hogbadd-plantlada-med-klatterstod-tak-spalje-blomlada-i-tra-for-tradgard-balkong-terrass-64-x-33-x-122cm\/","name":"TRUUSK H\u00f6gb\u00e4dd Plantl\u00e5da Med Kl\u00e4tterst\u00f6d - Tak Spalj\u00e9 - Bloml\u00e5da I Tr\u00e4 - F\u00f6r Tr\u00e4dg\u00e5rd Balkong Terrass - 64 x 33 x 122cm - TRUUSK - Hem, Tr\u00e4dg\u00e5rd &amp; Fritid","isPartOf":{"@id":"https:\/\/truusk.store\/sv\/#website"},"primaryImageOfPage":{"@id":"https:\/\/truusk.store\/sv\/produkt\/truusk-hogbadd-plantlada-med-klatterstod-tak-spalje-blomlada-i-tra-for-tradgard-balkong-terrass-64-x-33-x-122cm\/#primaryimage"},"image":{"@id":"https:\/\/truusk.store\/sv\/produkt\/truusk-hogbadd-plantlada-med-klatterstod-tak-spalje-blomlada-i-tra-for-tradgard-balkong-terrass-64-x-33-x-122cm\/#primaryimage"},"thumbnailUrl":"https:\/\/i0.wp.com\/truusk.store\/wp-content\/uploads\/2025\/06\/hogbadd-plantlada-med-klatterstod-tak-spalje-blomlada-i-tra-tradgardsspalje-64-x-33-x-122cm-for-tradgard-balkong-terrass-blomkruka-for-klattervaxter-korgvaxter-blommor-1.webp?fit=2000%2C2000&ssl=1","datePublished":"2025-06-05T22:14:46+00:00","dateModified":"2026-03-12T08:46:27+00:00","breadcrumb":{"@id":"https:\/\/truusk.store\/sv\/produkt\/truusk-hogbadd-plantlada-med-klatterstod-tak-spalje-blomlada-i-tra-for-tradgard-balkong-terrass-64-x-33-x-122cm\/#breadcrumb"},"inLanguage":"sv-SE","potentialAction":[{"@type":"ReadAction","target":["https:\/\/truusk.store\/sv\/produkt\/truusk-hogbadd-plantlada-med-klatterstod-tak-spalje-blomlada-i-tra-for-tradgard-balkong-terrass-64-x-33-x-122cm\/"]}]},{"@type":"ImageObject","inLanguage":"sv-SE","@id":"https:\/\/truusk.store\/sv\/produkt\/truusk-hogbadd-plantlada-med-klatterstod-tak-spalje-blomlada-i-tra-for-tradgard-balkong-terrass-64-x-33-x-122cm\/#primaryimage","url":"https:\/\/i0.wp.com\/truusk.store\/wp-content\/uploads\/2025\/06\/hogbadd-plantlada-med-klatterstod-tak-spalje-blomlada-i-tra-tradgardsspalje-64-x-33-x-122cm-for-tradgard-balkong-terrass-blomkruka-for-klattervaxter-korgvaxter-blommor-1.webp?fit=2000%2C2000&ssl=1","contentUrl":"https:\/\/i0.wp.com\/truusk.store\/wp-content\/uploads\/2025\/06\/hogbadd-plantlada-med-klatterstod-tak-spalje-blomlada-i-tra-tradgardsspalje-64-x-33-x-122cm-for-tradgard-balkong-terrass-blomkruka-for-klattervaxter-korgvaxter-blommor-1.webp?fit=2000%2C2000&ssl=1","width":2000,"height":2000},{"@type":"BreadcrumbList","@id":"https:\/\/truusk.store\/sv\/produkt\/truusk-hogbadd-plantlada-med-klatterstod-tak-spalje-blomlada-i-tra-for-tradgard-balkong-terrass-64-x-33-x-122cm\/#breadcrumb","itemListElement":[{"@type":"ListItem","position":1,"name":"Home","item":"https:\/\/truusk.store\/sv\/"},{"@type":"ListItem","position":2,"name":"Shop","item":"https:\/\/truusk.store\/shop\/"},{"@type":"ListItem","position":3,"name":"TRUUSK H\u00f6gb\u00e4dd Plantl\u00e5da Med Kl\u00e4tterst\u00f6d &#8211; Tak Spalj\u00e9 &#8211; Bloml\u00e5da I Tr\u00e4 &#8211; F\u00f6r Tr\u00e4dg\u00e5rd Balkong Terrass &#8211; 64 x 33 x 122cm &#8211;"}]},{"@type":"WebSite","@id":"https:\/\/truusk.store\/sv\/#website","url":"https:\/\/truusk.store\/sv\/","name":"TRUUSK - Hem, Tr\u00e4dg\u00e5rd & Fritid","description":"","publisher":{"@id":"https:\/\/truusk.store\/sv\/#organization"},"potentialAction":[{"@type":"SearchAction","target":{"@type":"EntryPoint","urlTemplate":"https:\/\/truusk.store\/sv\/?s={search_term_string}"},"query-input":{"@type":"PropertyValueSpecification","valueRequired":true,"valueName":"search_term_string"}}],"inLanguage":"sv-SE"},{"@type":"Organization","@id":"https:\/\/truusk.store\/sv\/#organization","name":"TRUUSK - Hem, Tr\u00e4dg\u00e5rd & Fritid","url":"https:\/\/truusk.store\/sv\/","logo":{"@type":"ImageObject","inLanguage":"sv-SE","@id":"https:\/\/truusk.store\/sv\/#\/schema\/logo\/image\/","url":"https:\/\/i0.wp.com\/truusk.store\/wp-content\/uploads\/2026\/03\/cropped-TRUUSK.png?fit=2032%2C917&ssl=1","contentUrl":"https:\/\/i0.wp.com\/truusk.store\/wp-content\/uploads\/2026\/03\/cropped-TRUUSK.png?fit=2032%2C917&ssl=1","width":2032,"height":917,"caption":"TRUUSK - Hem, Tr\u00e4dg\u00e5rd & Fritid"},"image":{"@id":"https:\/\/truusk.store\/sv\/#\/schema\/logo\/image\/"}}]}},"jetpack_sharing_enabled":true,"_links":{"self":[{"href":"https:\/\/truusk.store\/sv\/wp-json\/wp\/v2\/product\/72686","targetHints":{"allow":["GET"]}}],"collection":[{"href":"https:\/\/truusk.store\/sv\/wp-json\/wp\/v2\/product"}],"about":[{"href":"https:\/\/truusk.store\/sv\/wp-json\/wp\/v2\/types\/product"}],"wp:featuredmedia":[{"embeddable":true,"href":"https:\/\/truusk.store\/sv\/wp-json\/wp\/v2\/media\/72677"}],"wp:attachment":[{"href":"https:\/\/truusk.store\/sv\/wp-json\/wp\/v2\/media?parent=72686"}],"wp:term":[{"taxonomy":"product_brand","embeddable":true,"href":"https:\/\/truusk.store\/sv\/wp-json\/wp\/v2\/product_brand?post=72686"},{"taxonomy":"product_cat","embeddable":true,"href":"https:\/\/truusk.store\/sv\/wp-json\/wp\/v2\/product_cat?post=72686"},{"taxonomy":"product_tag","embeddable":true,"href":"https:\/\/truusk.store\/sv\/wp-json\/wp\/v2\/product_tag?post=72686"}],"curies":[{"name":"wp","href":"https:\/\/api.w.org\/{rel}","templated":true}]}}