{"id":72706,"date":"2025-06-05T23:16:46","date_gmt":"2025-06-05T22:16:46","guid":{"rendered":"https:\/\/truusk.store\/product\/stal-tradgardsmobelset-for-4-personer-vaderbestandigt-balkongmobelset-med-2-sits-soffa-fatolj-sidobord-sittdynor-utomhus-sittgrupp-terrassmobler-tradgardsset-for-tradgard-terrass-balkong-gra\/"},"modified":"2026-03-12T09:46:59","modified_gmt":"2026-03-12T08:46:59","slug":"truusk-stal-tradgardsmobelset-for-4-personer-vaderbestandigt-balkongmobelset-med-2-sits-soffa-fatolj-sidobord-sittdynor","status":"publish","type":"product","link":"https:\/\/truusk.store\/sv\/produkt\/truusk-stal-tradgardsmobelset-for-4-personer-vaderbestandigt-balkongmobelset-med-2-sits-soffa-fatolj-sidobord-sittdynor\/","title":{"rendered":"TRUUSK St\u00e5l Tr\u00e4dg\u00e5rdsm\u00f6belset f\u00f6r 4 Personer &#8211; V\u00e4derbest\u00e4ndigt &#8211; Balkongm\u00f6belset med 2-sits Soffa &#8211; F\u00e5t\u00f6lj &#8211; Sidobord &#8211; Sittdynor"},"content":{"rendered":"<p>G\u00f6r din tr\u00e4dg\u00e5rd till en trivseloas med TRUUSK tr\u00e4dg\u00e5rdsm\u00f6belset. Detta tr\u00e4dg\u00e5rdsm\u00f6belset inneh\u00e5ller en elegant tv\u00e5sitssoffa, tv\u00e5 stolar och ett modernt runt kaffebord med en metall\u00f6verdel, perfekt f\u00f6r alla tr\u00e4dg\u00e5rdsfester. Idealisk f\u00f6r terrassen, vintertr\u00e4dg\u00e5rden eller balkongen, ger detta balkongm\u00f6belset en stilfull loungek\u00e4nsla i ditt utomhusomr\u00e5de \u00e5ret runt.<\/p>\n<p>Beskrivning:<\/p>\n<ul>\n<li> En tv\u00e5sitssoffa, tv\u00e5 stolar och ett matchande soffbord<\/li>\n<li> Vadderad, elegant kuddesign<\/li>\n<li> Tjock stoppning av balkongm\u00f6belgruppen ger en h\u00f6gkvalitativ sittupplevelse<\/li>\n<li> Mesh\u00f6verdraget p\u00e5 balkongm\u00f6belgruppen garanterar andningsbar komfort<\/li>\n<li> Pulverlackerad st\u00e5lram p\u00e5 balkongm\u00f6blerna \u00e4r rostbest\u00e4ndig<\/li>\n<li> St\u00e4nkvattenskyddat tyg, l\u00e4mpligt f\u00f6r utomhusbruk<\/li>\n<li> Enkel montering kr\u00e4vs<\/li>\n<\/ul>\n<p> Tekniska data:<\/p>\n<ul>\n<li> F\u00e4rg: Gr\u00e5<\/li>\n<li> Material: St\u00e5l, mesh tyg, skum, metall<\/li>\n<li> Soffm\u00e5tt: 122L x 87B x 85H cm<\/li>\n<li> Stolm\u00e5tt: 62L x 87B x 85H cm<\/li>\n<li> Bordm\u00e5tt: \u00d860 x 35H cm<\/li>\n<li> Enkelsitsstorlek: 57L x 59B x 35H cm<\/li>\n<li> Enkel ryggstorlek: 57B x 56H cm<\/li>\n<li> B\u00e4rkapacitet: 240 kg (soffa), 120 kg (stol), 30 kg (bord)<\/li>\n<\/ul>\n<p>Leveransinneh\u00e5ll:<\/p>\n<ul>\n<li> 1 x soffbord<\/li>\n<li> 1 x soffa<\/li>\n<li> 2 x stol<\/li>\n<li> 4 x sitt- och ryggkuddar<\/li>\n<li> 1 x handbok<\/li>\n<\/ul>\n","protected":false},"excerpt":{"rendered":"<p>G\u00f6r din tr\u00e4dg\u00e5rd till en trivseloas med TRUUSK tr\u00e4dg\u00e5rdsm\u00f6belset. Detta tr\u00e4dg\u00e5rdsm\u00f6belset inneh\u00e5ller en elegant tv\u00e5sitssoffa, tv\u00e5 stolar och ett modernt&#8230;<\/p>\n","protected":false},"featured_media":72697,"template":"","meta":[],"product_brand":[],"product_cat":[858,450,456],"product_tag":[],"class_list":{"0":"post-72706","1":"product","2":"type-product","3":"status-publish","4":"has-post-thumbnail","6":"product_cat-tradgard-terrass","7":"product_cat-tradgardsmobler","8":"product_cat-tradgardsmobler-set","10":"first","11":"instock","12":"sale","13":"taxable","14":"shipping-taxable","15":"purchasable","16":"product-type-simple"},"yoast_head":"<!-- This site is optimized with the Yoast SEO plugin v25.4 - https:\/\/yoast.com\/wordpress\/plugins\/seo\/ -->\n<title>TRUUSK St\u00e5l Tr\u00e4dg\u00e5rdsm\u00f6belset f\u00f6r 4 Personer - V\u00e4derbest\u00e4ndigt - Balkongm\u00f6belset med 2-sits Soffa - F\u00e5t\u00f6lj - Sidobord - Sittdynor - TRUUSK - Hem, Tr\u00e4dg\u00e5rd &amp; Fritid<\/title>\n<meta name=\"robots\" content=\"index, follow, max-snippet:-1, max-image-preview:large, max-video-preview:-1\" \/>\n<link rel=\"canonical\" href=\"https:\/\/truusk.store\/sv\/produkt\/truusk-stal-tradgardsmobelset-for-4-personer-vaderbestandigt-balkongmobelset-med-2-sits-soffa-fatolj-sidobord-sittdynor\/\" \/>\n<meta property=\"og:locale\" content=\"sv_SE\" \/>\n<meta property=\"og:type\" content=\"article\" \/>\n<meta property=\"og:title\" content=\"TRUUSK St\u00e5l Tr\u00e4dg\u00e5rdsm\u00f6belset f\u00f6r 4 Personer - V\u00e4derbest\u00e4ndigt - Balkongm\u00f6belset med 2-sits Soffa - F\u00e5t\u00f6lj - Sidobord - Sittdynor - TRUUSK - Hem, Tr\u00e4dg\u00e5rd &amp; Fritid\" \/>\n<meta property=\"og:description\" content=\"G\u00f6r din tr\u00e4dg\u00e5rd till en trivseloas med TRUUSK tr\u00e4dg\u00e5rdsm\u00f6belset. Detta tr\u00e4dg\u00e5rdsm\u00f6belset inneh\u00e5ller en elegant tv\u00e5sitssoffa, tv\u00e5 stolar och ett modernt...\" \/>\n<meta property=\"og:url\" content=\"https:\/\/truusk.store\/sv\/produkt\/truusk-stal-tradgardsmobelset-for-4-personer-vaderbestandigt-balkongmobelset-med-2-sits-soffa-fatolj-sidobord-sittdynor\/\" \/>\n<meta property=\"og:site_name\" content=\"TRUUSK - Hem, Tr\u00e4dg\u00e5rd &amp; Fritid\" \/>\n<meta property=\"article:modified_time\" content=\"2026-03-12T08:46:59+00:00\" \/>\n<meta property=\"og:image\" content=\"https:\/\/i0.wp.com\/truusk.se\/wp-content\/uploads\/2025\/06\/stal-tradgardsmobelset-for-4-personer-vaderbestandigt-balkongmobelset-med-2-sits-soffa-fatolj-sidobord-sittdynor-utomhus-sittgrupp-terrassmobler-tradgardsset-for-tradgard-terrass-balkong-gra-1.webp?fit=2000%2C2000&ssl=1\" \/>\n\t<meta property=\"og:image:width\" content=\"2000\" \/>\n\t<meta property=\"og:image:height\" content=\"2000\" \/>\n\t<meta property=\"og:image:type\" content=\"image\/webp\" \/>\n<meta name=\"twitter:card\" content=\"summary_large_image\" \/>\n<meta name=\"twitter:label1\" content=\"Ber\u00e4knad l\u00e4stid\" \/>\n\t<meta name=\"twitter:data1\" content=\"1 minut\" \/>\n<!-- \/ Yoast SEO plugin. -->","yoast_head_json":{"title":"TRUUSK St\u00e5l Tr\u00e4dg\u00e5rdsm\u00f6belset f\u00f6r 4 Personer - V\u00e4derbest\u00e4ndigt - Balkongm\u00f6belset med 2-sits Soffa - F\u00e5t\u00f6lj - Sidobord - Sittdynor - TRUUSK - Hem, Tr\u00e4dg\u00e5rd &amp; Fritid","robots":{"index":"index","follow":"follow","max-snippet":"max-snippet:-1","max-image-preview":"max-image-preview:large","max-video-preview":"max-video-preview:-1"},"canonical":"https:\/\/truusk.store\/sv\/produkt\/truusk-stal-tradgardsmobelset-for-4-personer-vaderbestandigt-balkongmobelset-med-2-sits-soffa-fatolj-sidobord-sittdynor\/","og_locale":"sv_SE","og_type":"article","og_title":"TRUUSK St\u00e5l Tr\u00e4dg\u00e5rdsm\u00f6belset f\u00f6r 4 Personer - V\u00e4derbest\u00e4ndigt - Balkongm\u00f6belset med 2-sits Soffa - F\u00e5t\u00f6lj - Sidobord - Sittdynor - TRUUSK - Hem, Tr\u00e4dg\u00e5rd &amp; Fritid","og_description":"G\u00f6r din tr\u00e4dg\u00e5rd till en trivseloas med TRUUSK tr\u00e4dg\u00e5rdsm\u00f6belset. Detta tr\u00e4dg\u00e5rdsm\u00f6belset inneh\u00e5ller en elegant tv\u00e5sitssoffa, tv\u00e5 stolar och ett modernt...","og_url":"https:\/\/truusk.store\/sv\/produkt\/truusk-stal-tradgardsmobelset-for-4-personer-vaderbestandigt-balkongmobelset-med-2-sits-soffa-fatolj-sidobord-sittdynor\/","og_site_name":"TRUUSK - Hem, Tr\u00e4dg\u00e5rd &amp; Fritid","article_modified_time":"2026-03-12T08:46:59+00:00","og_image":[{"width":2000,"height":2000,"url":"https:\/\/i0.wp.com\/truusk.se\/wp-content\/uploads\/2025\/06\/stal-tradgardsmobelset-for-4-personer-vaderbestandigt-balkongmobelset-med-2-sits-soffa-fatolj-sidobord-sittdynor-utomhus-sittgrupp-terrassmobler-tradgardsset-for-tradgard-terrass-balkong-gra-1.webp?fit=2000%2C2000&ssl=1","type":"image\/webp"}],"twitter_card":"summary_large_image","twitter_misc":{"Ber\u00e4knad l\u00e4stid":"1 minut"},"schema":{"@context":"https:\/\/schema.org","@graph":[{"@type":"WebPage","@id":"https:\/\/truusk.store\/sv\/produkt\/truusk-stal-tradgardsmobelset-for-4-personer-vaderbestandigt-balkongmobelset-med-2-sits-soffa-fatolj-sidobord-sittdynor\/","url":"https:\/\/truusk.store\/sv\/produkt\/truusk-stal-tradgardsmobelset-for-4-personer-vaderbestandigt-balkongmobelset-med-2-sits-soffa-fatolj-sidobord-sittdynor\/","name":"TRUUSK St\u00e5l Tr\u00e4dg\u00e5rdsm\u00f6belset f\u00f6r 4 Personer - V\u00e4derbest\u00e4ndigt - Balkongm\u00f6belset med 2-sits Soffa - F\u00e5t\u00f6lj - Sidobord - Sittdynor - TRUUSK - Hem, Tr\u00e4dg\u00e5rd &amp; Fritid","isPartOf":{"@id":"https:\/\/truusk.store\/sv\/#website"},"primaryImageOfPage":{"@id":"https:\/\/truusk.store\/sv\/produkt\/truusk-stal-tradgardsmobelset-for-4-personer-vaderbestandigt-balkongmobelset-med-2-sits-soffa-fatolj-sidobord-sittdynor\/#primaryimage"},"image":{"@id":"https:\/\/truusk.store\/sv\/produkt\/truusk-stal-tradgardsmobelset-for-4-personer-vaderbestandigt-balkongmobelset-med-2-sits-soffa-fatolj-sidobord-sittdynor\/#primaryimage"},"thumbnailUrl":"https:\/\/i0.wp.com\/truusk.store\/wp-content\/uploads\/2025\/06\/stal-tradgardsmobelset-for-4-personer-vaderbestandigt-balkongmobelset-med-2-sits-soffa-fatolj-sidobord-sittdynor-utomhus-sittgrupp-terrassmobler-tradgardsset-for-tradgard-terrass-balkong-gra-1.webp?fit=2000%2C2000&ssl=1","datePublished":"2025-06-05T22:16:46+00:00","dateModified":"2026-03-12T08:46:59+00:00","breadcrumb":{"@id":"https:\/\/truusk.store\/sv\/produkt\/truusk-stal-tradgardsmobelset-for-4-personer-vaderbestandigt-balkongmobelset-med-2-sits-soffa-fatolj-sidobord-sittdynor\/#breadcrumb"},"inLanguage":"sv-SE","potentialAction":[{"@type":"ReadAction","target":["https:\/\/truusk.store\/sv\/produkt\/truusk-stal-tradgardsmobelset-for-4-personer-vaderbestandigt-balkongmobelset-med-2-sits-soffa-fatolj-sidobord-sittdynor\/"]}]},{"@type":"ImageObject","inLanguage":"sv-SE","@id":"https:\/\/truusk.store\/sv\/produkt\/truusk-stal-tradgardsmobelset-for-4-personer-vaderbestandigt-balkongmobelset-med-2-sits-soffa-fatolj-sidobord-sittdynor\/#primaryimage","url":"https:\/\/i0.wp.com\/truusk.store\/wp-content\/uploads\/2025\/06\/stal-tradgardsmobelset-for-4-personer-vaderbestandigt-balkongmobelset-med-2-sits-soffa-fatolj-sidobord-sittdynor-utomhus-sittgrupp-terrassmobler-tradgardsset-for-tradgard-terrass-balkong-gra-1.webp?fit=2000%2C2000&ssl=1","contentUrl":"https:\/\/i0.wp.com\/truusk.store\/wp-content\/uploads\/2025\/06\/stal-tradgardsmobelset-for-4-personer-vaderbestandigt-balkongmobelset-med-2-sits-soffa-fatolj-sidobord-sittdynor-utomhus-sittgrupp-terrassmobler-tradgardsset-for-tradgard-terrass-balkong-gra-1.webp?fit=2000%2C2000&ssl=1","width":2000,"height":2000},{"@type":"BreadcrumbList","@id":"https:\/\/truusk.store\/sv\/produkt\/truusk-stal-tradgardsmobelset-for-4-personer-vaderbestandigt-balkongmobelset-med-2-sits-soffa-fatolj-sidobord-sittdynor\/#breadcrumb","itemListElement":[{"@type":"ListItem","position":1,"name":"Home","item":"https:\/\/truusk.store\/sv\/"},{"@type":"ListItem","position":2,"name":"Shop","item":"https:\/\/truusk.store\/shop\/"},{"@type":"ListItem","position":3,"name":"TRUUSK St\u00e5l Tr\u00e4dg\u00e5rdsm\u00f6belset f\u00f6r 4 Personer &#8211; V\u00e4derbest\u00e4ndigt &#8211; Balkongm\u00f6belset med 2-sits Soffa &#8211; F\u00e5t\u00f6lj &#8211; Sidobord &#8211; Sittdynor"}]},{"@type":"WebSite","@id":"https:\/\/truusk.store\/sv\/#website","url":"https:\/\/truusk.store\/sv\/","name":"TRUUSK - Hem, Tr\u00e4dg\u00e5rd & Fritid","description":"","publisher":{"@id":"https:\/\/truusk.store\/sv\/#organization"},"potentialAction":[{"@type":"SearchAction","target":{"@type":"EntryPoint","urlTemplate":"https:\/\/truusk.store\/sv\/?s={search_term_string}"},"query-input":{"@type":"PropertyValueSpecification","valueRequired":true,"valueName":"search_term_string"}}],"inLanguage":"sv-SE"},{"@type":"Organization","@id":"https:\/\/truusk.store\/sv\/#organization","name":"TRUUSK - Hem, Tr\u00e4dg\u00e5rd & Fritid","url":"https:\/\/truusk.store\/sv\/","logo":{"@type":"ImageObject","inLanguage":"sv-SE","@id":"https:\/\/truusk.store\/sv\/#\/schema\/logo\/image\/","url":"https:\/\/i0.wp.com\/truusk.store\/wp-content\/uploads\/2026\/03\/cropped-TRUUSK.png?fit=2032%2C917&ssl=1","contentUrl":"https:\/\/i0.wp.com\/truusk.store\/wp-content\/uploads\/2026\/03\/cropped-TRUUSK.png?fit=2032%2C917&ssl=1","width":2032,"height":917,"caption":"TRUUSK - Hem, Tr\u00e4dg\u00e5rd & Fritid"},"image":{"@id":"https:\/\/truusk.store\/sv\/#\/schema\/logo\/image\/"}}]}},"jetpack_sharing_enabled":true,"_links":{"self":[{"href":"https:\/\/truusk.store\/sv\/wp-json\/wp\/v2\/product\/72706","targetHints":{"allow":["GET"]}}],"collection":[{"href":"https:\/\/truusk.store\/sv\/wp-json\/wp\/v2\/product"}],"about":[{"href":"https:\/\/truusk.store\/sv\/wp-json\/wp\/v2\/types\/product"}],"wp:featuredmedia":[{"embeddable":true,"href":"https:\/\/truusk.store\/sv\/wp-json\/wp\/v2\/media\/72697"}],"wp:attachment":[{"href":"https:\/\/truusk.store\/sv\/wp-json\/wp\/v2\/media?parent=72706"}],"wp:term":[{"taxonomy":"product_brand","embeddable":true,"href":"https:\/\/truusk.store\/sv\/wp-json\/wp\/v2\/product_brand?post=72706"},{"taxonomy":"product_cat","embeddable":true,"href":"https:\/\/truusk.store\/sv\/wp-json\/wp\/v2\/product_cat?post=72706"},{"taxonomy":"product_tag","embeddable":true,"href":"https:\/\/truusk.store\/sv\/wp-json\/wp\/v2\/product_tag?post=72706"}],"curies":[{"name":"wp","href":"https:\/\/api.w.org\/{rel}","templated":true}]}}