{"id":72736,"date":"2025-06-05T23:19:43","date_gmt":"2025-06-05T22:19:43","guid":{"rendered":"https:\/\/truusk.store\/product\/aiyaplay-sandlada-med-tak-90-x-108-cm-tra-sandlada-med-sittbank-ritbrada-planteringslador-affarsdesign-for-2-barn-3-7-ar-bla\/"},"modified":"2026-03-12T08:40:51","modified_gmt":"2026-03-12T07:40:51","slug":"truusk-sandlada-med-tak-90-x-108-cm-tra-sandlada-med-sittbank-ritbrada-planteringslador-for-2-barn-3-7-ar-bla","status":"publish","type":"product","link":"https:\/\/truusk.store\/sv\/produkt\/truusk-sandlada-med-tak-90-x-108-cm-tra-sandlada-med-sittbank-ritbrada-planteringslador-for-2-barn-3-7-ar-bla\/","title":{"rendered":"TRUUSK Sandl\u00e5da Med Tak &#8211; 90 x 108 cm &#8211; Tr\u00e4 Sandl\u00e5da Med Sittb\u00e4nk &#8211; Ritbr\u00e4da &#8211; Planteringsl\u00e5dor &#8211; F\u00f6r 2 Barn 3-7 \u00e5r &#8211; Bl\u00e5"},"content":{"rendered":"<p>V\u00e4ck ditt barns kreativitet med AIYAPLAY sandl\u00e5da med sittb\u00e4nk! Denna charmiga sandl\u00e5da i bil-design av tr\u00e4 fungerar ocks\u00e5 som en liten livsmedelsbutik. Barn kan leka aff\u00e4r h\u00e4r, rita p\u00e5 tavlan och odla v\u00e4xter i tv\u00e5 tillhandah\u00e5llna l\u00e5dor. Tack vare det UV-resistenta taket \u00e4r de ocks\u00e5 skyddade mot alltf\u00f6r stark solstr\u00e5lning.<\/p>\n<p>Beskrivning:<\/p>\n<ul>\n<li> Livsmedelsbutik-design av sandl\u00e5dan med lock<\/li>\n<li> Inkluderar en tavla och tv\u00e5 planteringsl\u00e5dor<\/li>\n<li> Tillverkad av grantr\u00e4 med vattenbaserad f\u00e4rg<\/li>\n<li> UV-resistent tak skyddar mot solen<\/li>\n<li> Bottenl\u00f6s design av sandl\u00e5dan med foder f\u00f6rb\u00e4ttrar vattenavlopp och ventilation<\/li>\n<li> Inkluderar sittb\u00e4nk f\u00f6r komfort och s\u00e4kerhet<\/li>\n<li> Kan ta upp till 150 kg sand och rymmer tv\u00e5 barn<\/li>\n<li> Montering kr\u00e4vs<\/li>\n<\/ul>\n<p> Tekniska data:<\/p>\n<ul>\n<li> F\u00e4rg: Bl\u00e5+Vit<\/li>\n<li> Material: Grantr\u00e4, non-woven tyg, polyester<\/li>\n<li> Totala dimensioner: 108L x 90B x 104H cm<\/li>\n<li> Sandomr\u00e5dets dimensioner: 93B x 87D x 16H cm<\/li>\n<li> Sittstorlek: 87B x 10D x 20H cm<\/li>\n<li> Baldakinstorlek: 80B x 82D cm<\/li>\n<li> Ritbr\u00e4dstorlek: 25L x 23B cm<\/li>\n<li> B\u00e4rkapacitet: 50 kg<\/li>\n<li> Planteringsl\u00e5dans storlek: \u00d87,5 x 6H cm<\/li>\n<li> Rekommenderad \u00e5lder: 3-7 \u00e5r<\/li>\n<\/ul>\n<p>Leverans inneh\u00e5ller:<\/p>\n<ul>\n<li> 1 x Sandl\u00e5da<\/li>\n<li> 1 x Bruksanvisning<\/li>\n<\/ul>\n","protected":false},"excerpt":{"rendered":"<p>V\u00e4ck ditt barns kreativitet med AIYAPLAY sandl\u00e5da med sittb\u00e4nk! Denna charmiga sandl\u00e5da i bil-design av tr\u00e4 fungerar ocks\u00e5 som en&#8230;<\/p>\n","protected":false},"featured_media":72727,"template":"","meta":[],"product_brand":[],"product_cat":[880,620,616],"product_tag":[],"class_list":{"0":"post-72736","1":"product","2":"type-product","3":"status-publish","4":"has-post-thumbnail","6":"product_cat-baby-barn-2","7":"product_cat-sandlador-tillbehor","8":"product_cat-utomhusleksaker","10":"first","11":"instock","12":"sale","13":"taxable","14":"shipping-taxable","15":"purchasable","16":"product-type-simple"},"yoast_head":"<!-- This site is optimized with the Yoast SEO plugin v25.4 - https:\/\/yoast.com\/wordpress\/plugins\/seo\/ -->\n<title>TRUUSK Sandl\u00e5da Med Tak - 90 x 108 cm - Tr\u00e4 Sandl\u00e5da Med Sittb\u00e4nk - Ritbr\u00e4da - Planteringsl\u00e5dor - F\u00f6r 2 Barn 3-7 \u00e5r - Bl\u00e5 - TRUUSK - Hem, Tr\u00e4dg\u00e5rd &amp; Fritid<\/title>\n<meta name=\"robots\" content=\"index, follow, max-snippet:-1, max-image-preview:large, max-video-preview:-1\" \/>\n<link rel=\"canonical\" href=\"https:\/\/truusk.store\/sv\/produkt\/truusk-sandlada-med-tak-90-x-108-cm-tra-sandlada-med-sittbank-ritbrada-planteringslador-for-2-barn-3-7-ar-bla\/\" \/>\n<meta property=\"og:locale\" content=\"sv_SE\" \/>\n<meta property=\"og:type\" content=\"article\" \/>\n<meta property=\"og:title\" content=\"TRUUSK Sandl\u00e5da Med Tak - 90 x 108 cm - Tr\u00e4 Sandl\u00e5da Med Sittb\u00e4nk - Ritbr\u00e4da - Planteringsl\u00e5dor - F\u00f6r 2 Barn 3-7 \u00e5r - Bl\u00e5 - TRUUSK - Hem, Tr\u00e4dg\u00e5rd &amp; Fritid\" \/>\n<meta property=\"og:description\" content=\"V\u00e4ck ditt barns kreativitet med AIYAPLAY sandl\u00e5da med sittb\u00e4nk! Denna charmiga sandl\u00e5da i bil-design av tr\u00e4 fungerar ocks\u00e5 som en...\" \/>\n<meta property=\"og:url\" content=\"https:\/\/truusk.store\/sv\/produkt\/truusk-sandlada-med-tak-90-x-108-cm-tra-sandlada-med-sittbank-ritbrada-planteringslador-for-2-barn-3-7-ar-bla\/\" \/>\n<meta property=\"og:site_name\" content=\"TRUUSK - Hem, Tr\u00e4dg\u00e5rd &amp; Fritid\" \/>\n<meta property=\"article:modified_time\" content=\"2026-03-12T07:40:51+00:00\" \/>\n<meta property=\"og:image\" content=\"https:\/\/i0.wp.com\/truusk.se\/wp-content\/uploads\/2025\/06\/aiyaplay-sandlada-med-tak-90-x-108-cm-tra-sandlada-med-sittbank-ritbrada-planteringslador-affarsdesign-for-2-barn-3-7-ar-bla-1.webp?fit=2000%2C2000&ssl=1\" \/>\n\t<meta property=\"og:image:width\" content=\"2000\" \/>\n\t<meta property=\"og:image:height\" content=\"2000\" \/>\n\t<meta property=\"og:image:type\" content=\"image\/webp\" \/>\n<meta name=\"twitter:card\" content=\"summary_large_image\" \/>\n<meta name=\"twitter:label1\" content=\"Ber\u00e4knad l\u00e4stid\" \/>\n\t<meta name=\"twitter:data1\" content=\"1 minut\" \/>\n<!-- \/ Yoast SEO plugin. -->","yoast_head_json":{"title":"TRUUSK Sandl\u00e5da Med Tak - 90 x 108 cm - Tr\u00e4 Sandl\u00e5da Med Sittb\u00e4nk - Ritbr\u00e4da - Planteringsl\u00e5dor - F\u00f6r 2 Barn 3-7 \u00e5r - Bl\u00e5 - TRUUSK - Hem, Tr\u00e4dg\u00e5rd &amp; Fritid","robots":{"index":"index","follow":"follow","max-snippet":"max-snippet:-1","max-image-preview":"max-image-preview:large","max-video-preview":"max-video-preview:-1"},"canonical":"https:\/\/truusk.store\/sv\/produkt\/truusk-sandlada-med-tak-90-x-108-cm-tra-sandlada-med-sittbank-ritbrada-planteringslador-for-2-barn-3-7-ar-bla\/","og_locale":"sv_SE","og_type":"article","og_title":"TRUUSK Sandl\u00e5da Med Tak - 90 x 108 cm - Tr\u00e4 Sandl\u00e5da Med Sittb\u00e4nk - Ritbr\u00e4da - Planteringsl\u00e5dor - F\u00f6r 2 Barn 3-7 \u00e5r - Bl\u00e5 - TRUUSK - Hem, Tr\u00e4dg\u00e5rd &amp; Fritid","og_description":"V\u00e4ck ditt barns kreativitet med AIYAPLAY sandl\u00e5da med sittb\u00e4nk! Denna charmiga sandl\u00e5da i bil-design av tr\u00e4 fungerar ocks\u00e5 som en...","og_url":"https:\/\/truusk.store\/sv\/produkt\/truusk-sandlada-med-tak-90-x-108-cm-tra-sandlada-med-sittbank-ritbrada-planteringslador-for-2-barn-3-7-ar-bla\/","og_site_name":"TRUUSK - Hem, Tr\u00e4dg\u00e5rd &amp; Fritid","article_modified_time":"2026-03-12T07:40:51+00:00","og_image":[{"width":2000,"height":2000,"url":"https:\/\/i0.wp.com\/truusk.se\/wp-content\/uploads\/2025\/06\/aiyaplay-sandlada-med-tak-90-x-108-cm-tra-sandlada-med-sittbank-ritbrada-planteringslador-affarsdesign-for-2-barn-3-7-ar-bla-1.webp?fit=2000%2C2000&ssl=1","type":"image\/webp"}],"twitter_card":"summary_large_image","twitter_misc":{"Ber\u00e4knad l\u00e4stid":"1 minut"},"schema":{"@context":"https:\/\/schema.org","@graph":[{"@type":"WebPage","@id":"https:\/\/truusk.store\/sv\/produkt\/truusk-sandlada-med-tak-90-x-108-cm-tra-sandlada-med-sittbank-ritbrada-planteringslador-for-2-barn-3-7-ar-bla\/","url":"https:\/\/truusk.store\/sv\/produkt\/truusk-sandlada-med-tak-90-x-108-cm-tra-sandlada-med-sittbank-ritbrada-planteringslador-for-2-barn-3-7-ar-bla\/","name":"TRUUSK Sandl\u00e5da Med Tak - 90 x 108 cm - Tr\u00e4 Sandl\u00e5da Med Sittb\u00e4nk - Ritbr\u00e4da - Planteringsl\u00e5dor - F\u00f6r 2 Barn 3-7 \u00e5r - Bl\u00e5 - TRUUSK - Hem, Tr\u00e4dg\u00e5rd &amp; Fritid","isPartOf":{"@id":"https:\/\/truusk.store\/sv\/#website"},"primaryImageOfPage":{"@id":"https:\/\/truusk.store\/sv\/produkt\/truusk-sandlada-med-tak-90-x-108-cm-tra-sandlada-med-sittbank-ritbrada-planteringslador-for-2-barn-3-7-ar-bla\/#primaryimage"},"image":{"@id":"https:\/\/truusk.store\/sv\/produkt\/truusk-sandlada-med-tak-90-x-108-cm-tra-sandlada-med-sittbank-ritbrada-planteringslador-for-2-barn-3-7-ar-bla\/#primaryimage"},"thumbnailUrl":"https:\/\/i0.wp.com\/truusk.store\/wp-content\/uploads\/2025\/06\/aiyaplay-sandlada-med-tak-90-x-108-cm-tra-sandlada-med-sittbank-ritbrada-planteringslador-affarsdesign-for-2-barn-3-7-ar-bla-1.webp?fit=2000%2C2000&ssl=1","datePublished":"2025-06-05T22:19:43+00:00","dateModified":"2026-03-12T07:40:51+00:00","breadcrumb":{"@id":"https:\/\/truusk.store\/sv\/produkt\/truusk-sandlada-med-tak-90-x-108-cm-tra-sandlada-med-sittbank-ritbrada-planteringslador-for-2-barn-3-7-ar-bla\/#breadcrumb"},"inLanguage":"sv-SE","potentialAction":[{"@type":"ReadAction","target":["https:\/\/truusk.store\/sv\/produkt\/truusk-sandlada-med-tak-90-x-108-cm-tra-sandlada-med-sittbank-ritbrada-planteringslador-for-2-barn-3-7-ar-bla\/"]}]},{"@type":"ImageObject","inLanguage":"sv-SE","@id":"https:\/\/truusk.store\/sv\/produkt\/truusk-sandlada-med-tak-90-x-108-cm-tra-sandlada-med-sittbank-ritbrada-planteringslador-for-2-barn-3-7-ar-bla\/#primaryimage","url":"https:\/\/i0.wp.com\/truusk.store\/wp-content\/uploads\/2025\/06\/aiyaplay-sandlada-med-tak-90-x-108-cm-tra-sandlada-med-sittbank-ritbrada-planteringslador-affarsdesign-for-2-barn-3-7-ar-bla-1.webp?fit=2000%2C2000&ssl=1","contentUrl":"https:\/\/i0.wp.com\/truusk.store\/wp-content\/uploads\/2025\/06\/aiyaplay-sandlada-med-tak-90-x-108-cm-tra-sandlada-med-sittbank-ritbrada-planteringslador-affarsdesign-for-2-barn-3-7-ar-bla-1.webp?fit=2000%2C2000&ssl=1","width":2000,"height":2000},{"@type":"BreadcrumbList","@id":"https:\/\/truusk.store\/sv\/produkt\/truusk-sandlada-med-tak-90-x-108-cm-tra-sandlada-med-sittbank-ritbrada-planteringslador-for-2-barn-3-7-ar-bla\/#breadcrumb","itemListElement":[{"@type":"ListItem","position":1,"name":"Home","item":"https:\/\/truusk.store\/sv\/"},{"@type":"ListItem","position":2,"name":"Shop","item":"https:\/\/truusk.store\/shop\/"},{"@type":"ListItem","position":3,"name":"TRUUSK Sandl\u00e5da Med Tak &#8211; 90 x 108 cm &#8211; Tr\u00e4 Sandl\u00e5da Med Sittb\u00e4nk &#8211; Ritbr\u00e4da &#8211; Planteringsl\u00e5dor &#8211; F\u00f6r 2 Barn 3-7 \u00e5r &#8211; Bl\u00e5"}]},{"@type":"WebSite","@id":"https:\/\/truusk.store\/sv\/#website","url":"https:\/\/truusk.store\/sv\/","name":"TRUUSK - Hem, Tr\u00e4dg\u00e5rd & Fritid","description":"","publisher":{"@id":"https:\/\/truusk.store\/sv\/#organization"},"potentialAction":[{"@type":"SearchAction","target":{"@type":"EntryPoint","urlTemplate":"https:\/\/truusk.store\/sv\/?s={search_term_string}"},"query-input":{"@type":"PropertyValueSpecification","valueRequired":true,"valueName":"search_term_string"}}],"inLanguage":"sv-SE"},{"@type":"Organization","@id":"https:\/\/truusk.store\/sv\/#organization","name":"TRUUSK - Hem, Tr\u00e4dg\u00e5rd & Fritid","url":"https:\/\/truusk.store\/sv\/","logo":{"@type":"ImageObject","inLanguage":"sv-SE","@id":"https:\/\/truusk.store\/sv\/#\/schema\/logo\/image\/","url":"https:\/\/i0.wp.com\/truusk.store\/wp-content\/uploads\/2026\/03\/cropped-TRUUSK.png?fit=2032%2C917&ssl=1","contentUrl":"https:\/\/i0.wp.com\/truusk.store\/wp-content\/uploads\/2026\/03\/cropped-TRUUSK.png?fit=2032%2C917&ssl=1","width":2032,"height":917,"caption":"TRUUSK - Hem, Tr\u00e4dg\u00e5rd & Fritid"},"image":{"@id":"https:\/\/truusk.store\/sv\/#\/schema\/logo\/image\/"}}]}},"jetpack_sharing_enabled":true,"_links":{"self":[{"href":"https:\/\/truusk.store\/sv\/wp-json\/wp\/v2\/product\/72736","targetHints":{"allow":["GET"]}}],"collection":[{"href":"https:\/\/truusk.store\/sv\/wp-json\/wp\/v2\/product"}],"about":[{"href":"https:\/\/truusk.store\/sv\/wp-json\/wp\/v2\/types\/product"}],"wp:featuredmedia":[{"embeddable":true,"href":"https:\/\/truusk.store\/sv\/wp-json\/wp\/v2\/media\/72727"}],"wp:attachment":[{"href":"https:\/\/truusk.store\/sv\/wp-json\/wp\/v2\/media?parent=72736"}],"wp:term":[{"taxonomy":"product_brand","embeddable":true,"href":"https:\/\/truusk.store\/sv\/wp-json\/wp\/v2\/product_brand?post=72736"},{"taxonomy":"product_cat","embeddable":true,"href":"https:\/\/truusk.store\/sv\/wp-json\/wp\/v2\/product_cat?post=72736"},{"taxonomy":"product_tag","embeddable":true,"href":"https:\/\/truusk.store\/sv\/wp-json\/wp\/v2\/product_tag?post=72736"}],"curies":[{"name":"wp","href":"https:\/\/api.w.org\/{rel}","templated":true}]}}