{"id":72746,"date":"2025-06-05T23:20:53","date_gmt":"2025-06-05T22:20:53","guid":{"rendered":"https:\/\/truusk.store\/product\/grillpaviljong-242x149x248-cm-vattenavvisande-flamsaker-tradgardspaviljong-med-dubbelskiktstak-sidohyllor-uv-30-tradgardsbagar-bbq-paviljong-tradgardstalt-for-tradgardspicknick-bbq-kaffe\/"},"modified":"2026-03-12T08:40:17","modified_gmt":"2026-03-12T07:40:17","slug":"truusk-grillpaviljong-242x149x248-cm-vattenavvisande-flamsaker-dubbelskiktstak-sidohyllor-uv-30-bbq-paviljong","status":"publish","type":"product","link":"https:\/\/truusk.store\/sv\/produkt\/truusk-grillpaviljong-242x149x248-cm-vattenavvisande-flamsaker-dubbelskiktstak-sidohyllor-uv-30-bbq-paviljong\/","title":{"rendered":"TRUUSK Grillpaviljong 242x149x248 Cm &#8211; Vattenavvisande &#8211; Flams\u00e4ker &#8211; Dubbelskiktstak &#8211; Sidohyllor &#8211; UV 30+ &#8211; BBQ Paviljong &#8211;"},"content":{"rendered":"<p>Upplev grillning p\u00e5 ett nytt s\u00e4tt med TRUUSK grillpaviljong! Justerbar h\u00f6jdmarkis f\u00f6r pergolan skyddar mot v\u00e4der och sol, det dubbla spetsiga taket ger ventilation och h\u00e5ller r\u00f6k borta. Med flams\u00e4kert, UV-resistent PA-belagt tak f\u00f6r s\u00e4ker grillning. Praktiska sidohyllor och krokar p\u00e5 grillpaviljongen g\u00f6r det till det perfekta komplementet f\u00f6r varje utomhusgrillm\u00e4stare.<\/p>\n<p>Beskrivning:<\/p>\n<ul>\n<li> H\u00f6jdjusterbart markistak p\u00e5 grillpaviljongen skyddar mot d\u00e5ligt v\u00e4der och solstr\u00e5lning<\/li>\n<li> Dubbelt \u00f6vre design av grillpaviljongen fr\u00e4mjar luftcirkulation, f\u00f6rhindrar ackumulering av grillr\u00f6k<\/li>\n<li> PA-belagd, flams\u00e4ker topp erbjuder s\u00e4kerhet, \u00e4r UV-resistent och st\u00e4nkskyddad<\/li>\n<li> Tv\u00e5 sidohyllor och fem krokar p\u00e5 grillpaviljongen erbjuder gott om f\u00f6rvaringsutrymme<\/li>\n<li> \u00d6vre krok l\u00e4mplig f\u00f6r att h\u00e4nga lampor, f\u00f6rb\u00e4ttrar kv\u00e4llsatmosf\u00e4ren<\/li>\n<li> Pulverlackerat metallram \u00e4r v\u00e4derbest\u00e4ndigt och h\u00e5llbart<\/li>\n<li> Inkluderar markspikar och pluggskruvar f\u00f6r s\u00e4ker montering<\/li>\n<li> Montering kr\u00e4vs<\/li>\n<\/ul>\n<p> Tekniska data:<\/p>\n<ul>\n<li> F\u00e4rg: Kaffe<\/li>\n<li> Material: Metall, Polyester<\/li>\n<li> Totala dimensioner: 242L x 149B x 248H cm<\/li>\n<li> Takfotsh\u00f6jd: 195H cm<\/li>\n<li> Avst\u00e5nd mellan pelarna: 196L x 118B cm<\/li>\n<li> Markisstorlek: 203L x 93B cm<\/li>\n<li> Hyllstorlek: 118L x 20B x 97H cm<\/li>\n<li> Vindt\u00e5lighetsniv\u00e5: 5-6 (15,5-26,8 km\/h)<\/li>\n<li> Lastkapacitet: 20 kg (hylla), 2 kg (krok)<\/li>\n<li> Obs: L\u00e4mplig f\u00f6r grillar upp till en bredd av 180 cm, v\u00e4nligen kontrollera m\u00e5tten f\u00f6re k\u00f6p<\/li>\n<\/ul>\n<p>Leveransinneh\u00e5ll:<\/p>\n<ul>\n<li> 1 x Grillpaviljong<\/li>\n<li> 8 x Expansionspluggar<\/li>\n<li> 8 x Markspikar<\/li>\n<li> 1 x Bruksanvisning<\/li>\n<\/ul>\n","protected":false},"excerpt":{"rendered":"<p>Upplev grillning p\u00e5 ett nytt s\u00e4tt med TRUUSK grillpaviljong! Justerbar h\u00f6jdmarkis f\u00f6r pergolan skyddar mot v\u00e4der och sol, det dubbla&#8230;<\/p>\n","protected":false},"featured_media":72737,"template":"","meta":[],"product_brand":[],"product_cat":[480,858,476],"product_tag":[],"class_list":{"0":"post-72746","1":"product","2":"type-product","3":"status-publish","4":"has-post-thumbnail","6":"product_cat-grillpaviljonger","7":"product_cat-tradgard-terrass","8":"product_cat-tradgardspaviljonger","10":"first","11":"instock","12":"sale","13":"taxable","14":"shipping-taxable","15":"purchasable","16":"product-type-simple"},"yoast_head":"<!-- This site is optimized with the Yoast SEO plugin v25.4 - https:\/\/yoast.com\/wordpress\/plugins\/seo\/ -->\n<title>TRUUSK Grillpaviljong 242x149x248 Cm - Vattenavvisande - Flams\u00e4ker - Dubbelskiktstak - Sidohyllor - UV 30+ - BBQ Paviljong - TRUUSK - Hem, Tr\u00e4dg\u00e5rd &amp; Fritid<\/title>\n<meta name=\"robots\" content=\"index, follow, max-snippet:-1, max-image-preview:large, max-video-preview:-1\" \/>\n<link rel=\"canonical\" href=\"https:\/\/truusk.store\/sv\/produkt\/truusk-grillpaviljong-242x149x248-cm-vattenavvisande-flamsaker-dubbelskiktstak-sidohyllor-uv-30-bbq-paviljong\/\" \/>\n<meta property=\"og:locale\" content=\"sv_SE\" \/>\n<meta property=\"og:type\" content=\"article\" \/>\n<meta property=\"og:title\" content=\"TRUUSK Grillpaviljong 242x149x248 Cm - Vattenavvisande - Flams\u00e4ker - Dubbelskiktstak - Sidohyllor - UV 30+ - BBQ Paviljong - TRUUSK - Hem, Tr\u00e4dg\u00e5rd &amp; Fritid\" \/>\n<meta property=\"og:description\" content=\"Upplev grillning p\u00e5 ett nytt s\u00e4tt med TRUUSK grillpaviljong! Justerbar h\u00f6jdmarkis f\u00f6r pergolan skyddar mot v\u00e4der och sol, det dubbla...\" \/>\n<meta property=\"og:url\" content=\"https:\/\/truusk.store\/sv\/produkt\/truusk-grillpaviljong-242x149x248-cm-vattenavvisande-flamsaker-dubbelskiktstak-sidohyllor-uv-30-bbq-paviljong\/\" \/>\n<meta property=\"og:site_name\" content=\"TRUUSK - Hem, Tr\u00e4dg\u00e5rd &amp; Fritid\" \/>\n<meta property=\"article:modified_time\" content=\"2026-03-12T07:40:17+00:00\" \/>\n<meta property=\"og:image\" content=\"https:\/\/i0.wp.com\/truusk.se\/wp-content\/uploads\/2025\/06\/grillpaviljong-242x149x248-cm-vattenavvisande-flamsaker-tradgardspaviljong-med-dubbelskiktstak-sidohyllor-uv-30-tradgardsbagar-bbq-paviljong-tradgardstalt-for-tradgardspicknick-bbq-kaffe-1.webp?fit=2000%2C2000&ssl=1\" \/>\n\t<meta property=\"og:image:width\" content=\"2000\" \/>\n\t<meta property=\"og:image:height\" content=\"2000\" \/>\n\t<meta property=\"og:image:type\" content=\"image\/webp\" \/>\n<meta name=\"twitter:card\" content=\"summary_large_image\" \/>\n<meta name=\"twitter:label1\" content=\"Ber\u00e4knad l\u00e4stid\" \/>\n\t<meta name=\"twitter:data1\" content=\"1 minut\" \/>\n<!-- \/ Yoast SEO plugin. -->","yoast_head_json":{"title":"TRUUSK Grillpaviljong 242x149x248 Cm - Vattenavvisande - Flams\u00e4ker - Dubbelskiktstak - Sidohyllor - UV 30+ - BBQ Paviljong - TRUUSK - Hem, Tr\u00e4dg\u00e5rd &amp; Fritid","robots":{"index":"index","follow":"follow","max-snippet":"max-snippet:-1","max-image-preview":"max-image-preview:large","max-video-preview":"max-video-preview:-1"},"canonical":"https:\/\/truusk.store\/sv\/produkt\/truusk-grillpaviljong-242x149x248-cm-vattenavvisande-flamsaker-dubbelskiktstak-sidohyllor-uv-30-bbq-paviljong\/","og_locale":"sv_SE","og_type":"article","og_title":"TRUUSK Grillpaviljong 242x149x248 Cm - Vattenavvisande - Flams\u00e4ker - Dubbelskiktstak - Sidohyllor - UV 30+ - BBQ Paviljong - TRUUSK - Hem, Tr\u00e4dg\u00e5rd &amp; Fritid","og_description":"Upplev grillning p\u00e5 ett nytt s\u00e4tt med TRUUSK grillpaviljong! Justerbar h\u00f6jdmarkis f\u00f6r pergolan skyddar mot v\u00e4der och sol, det dubbla...","og_url":"https:\/\/truusk.store\/sv\/produkt\/truusk-grillpaviljong-242x149x248-cm-vattenavvisande-flamsaker-dubbelskiktstak-sidohyllor-uv-30-bbq-paviljong\/","og_site_name":"TRUUSK - Hem, Tr\u00e4dg\u00e5rd &amp; Fritid","article_modified_time":"2026-03-12T07:40:17+00:00","og_image":[{"width":2000,"height":2000,"url":"https:\/\/i0.wp.com\/truusk.se\/wp-content\/uploads\/2025\/06\/grillpaviljong-242x149x248-cm-vattenavvisande-flamsaker-tradgardspaviljong-med-dubbelskiktstak-sidohyllor-uv-30-tradgardsbagar-bbq-paviljong-tradgardstalt-for-tradgardspicknick-bbq-kaffe-1.webp?fit=2000%2C2000&ssl=1","type":"image\/webp"}],"twitter_card":"summary_large_image","twitter_misc":{"Ber\u00e4knad l\u00e4stid":"1 minut"},"schema":{"@context":"https:\/\/schema.org","@graph":[{"@type":"WebPage","@id":"https:\/\/truusk.store\/sv\/produkt\/truusk-grillpaviljong-242x149x248-cm-vattenavvisande-flamsaker-dubbelskiktstak-sidohyllor-uv-30-bbq-paviljong\/","url":"https:\/\/truusk.store\/sv\/produkt\/truusk-grillpaviljong-242x149x248-cm-vattenavvisande-flamsaker-dubbelskiktstak-sidohyllor-uv-30-bbq-paviljong\/","name":"TRUUSK Grillpaviljong 242x149x248 Cm - Vattenavvisande - Flams\u00e4ker - Dubbelskiktstak - Sidohyllor - UV 30+ - BBQ Paviljong - TRUUSK - Hem, Tr\u00e4dg\u00e5rd &amp; Fritid","isPartOf":{"@id":"https:\/\/truusk.store\/sv\/#website"},"primaryImageOfPage":{"@id":"https:\/\/truusk.store\/sv\/produkt\/truusk-grillpaviljong-242x149x248-cm-vattenavvisande-flamsaker-dubbelskiktstak-sidohyllor-uv-30-bbq-paviljong\/#primaryimage"},"image":{"@id":"https:\/\/truusk.store\/sv\/produkt\/truusk-grillpaviljong-242x149x248-cm-vattenavvisande-flamsaker-dubbelskiktstak-sidohyllor-uv-30-bbq-paviljong\/#primaryimage"},"thumbnailUrl":"https:\/\/i0.wp.com\/truusk.store\/wp-content\/uploads\/2025\/06\/grillpaviljong-242x149x248-cm-vattenavvisande-flamsaker-tradgardspaviljong-med-dubbelskiktstak-sidohyllor-uv-30-tradgardsbagar-bbq-paviljong-tradgardstalt-for-tradgardspicknick-bbq-kaffe-1.webp?fit=2000%2C2000&ssl=1","datePublished":"2025-06-05T22:20:53+00:00","dateModified":"2026-03-12T07:40:17+00:00","breadcrumb":{"@id":"https:\/\/truusk.store\/sv\/produkt\/truusk-grillpaviljong-242x149x248-cm-vattenavvisande-flamsaker-dubbelskiktstak-sidohyllor-uv-30-bbq-paviljong\/#breadcrumb"},"inLanguage":"sv-SE","potentialAction":[{"@type":"ReadAction","target":["https:\/\/truusk.store\/sv\/produkt\/truusk-grillpaviljong-242x149x248-cm-vattenavvisande-flamsaker-dubbelskiktstak-sidohyllor-uv-30-bbq-paviljong\/"]}]},{"@type":"ImageObject","inLanguage":"sv-SE","@id":"https:\/\/truusk.store\/sv\/produkt\/truusk-grillpaviljong-242x149x248-cm-vattenavvisande-flamsaker-dubbelskiktstak-sidohyllor-uv-30-bbq-paviljong\/#primaryimage","url":"https:\/\/i0.wp.com\/truusk.store\/wp-content\/uploads\/2025\/06\/grillpaviljong-242x149x248-cm-vattenavvisande-flamsaker-tradgardspaviljong-med-dubbelskiktstak-sidohyllor-uv-30-tradgardsbagar-bbq-paviljong-tradgardstalt-for-tradgardspicknick-bbq-kaffe-1.webp?fit=2000%2C2000&ssl=1","contentUrl":"https:\/\/i0.wp.com\/truusk.store\/wp-content\/uploads\/2025\/06\/grillpaviljong-242x149x248-cm-vattenavvisande-flamsaker-tradgardspaviljong-med-dubbelskiktstak-sidohyllor-uv-30-tradgardsbagar-bbq-paviljong-tradgardstalt-for-tradgardspicknick-bbq-kaffe-1.webp?fit=2000%2C2000&ssl=1","width":2000,"height":2000},{"@type":"BreadcrumbList","@id":"https:\/\/truusk.store\/sv\/produkt\/truusk-grillpaviljong-242x149x248-cm-vattenavvisande-flamsaker-dubbelskiktstak-sidohyllor-uv-30-bbq-paviljong\/#breadcrumb","itemListElement":[{"@type":"ListItem","position":1,"name":"Home","item":"https:\/\/truusk.store\/sv\/"},{"@type":"ListItem","position":2,"name":"Shop","item":"https:\/\/truusk.store\/shop\/"},{"@type":"ListItem","position":3,"name":"TRUUSK Grillpaviljong 242x149x248 Cm &#8211; Vattenavvisande &#8211; Flams\u00e4ker &#8211; Dubbelskiktstak &#8211; Sidohyllor &#8211; UV 30+ &#8211; BBQ Paviljong &#8211;"}]},{"@type":"WebSite","@id":"https:\/\/truusk.store\/sv\/#website","url":"https:\/\/truusk.store\/sv\/","name":"TRUUSK - Hem, Tr\u00e4dg\u00e5rd & Fritid","description":"","publisher":{"@id":"https:\/\/truusk.store\/sv\/#organization"},"potentialAction":[{"@type":"SearchAction","target":{"@type":"EntryPoint","urlTemplate":"https:\/\/truusk.store\/sv\/?s={search_term_string}"},"query-input":{"@type":"PropertyValueSpecification","valueRequired":true,"valueName":"search_term_string"}}],"inLanguage":"sv-SE"},{"@type":"Organization","@id":"https:\/\/truusk.store\/sv\/#organization","name":"TRUUSK - Hem, Tr\u00e4dg\u00e5rd & Fritid","url":"https:\/\/truusk.store\/sv\/","logo":{"@type":"ImageObject","inLanguage":"sv-SE","@id":"https:\/\/truusk.store\/sv\/#\/schema\/logo\/image\/","url":"https:\/\/i0.wp.com\/truusk.store\/wp-content\/uploads\/2026\/03\/cropped-TRUUSK.png?fit=2032%2C917&ssl=1","contentUrl":"https:\/\/i0.wp.com\/truusk.store\/wp-content\/uploads\/2026\/03\/cropped-TRUUSK.png?fit=2032%2C917&ssl=1","width":2032,"height":917,"caption":"TRUUSK - Hem, Tr\u00e4dg\u00e5rd & Fritid"},"image":{"@id":"https:\/\/truusk.store\/sv\/#\/schema\/logo\/image\/"}}]}},"jetpack_sharing_enabled":true,"_links":{"self":[{"href":"https:\/\/truusk.store\/sv\/wp-json\/wp\/v2\/product\/72746","targetHints":{"allow":["GET"]}}],"collection":[{"href":"https:\/\/truusk.store\/sv\/wp-json\/wp\/v2\/product"}],"about":[{"href":"https:\/\/truusk.store\/sv\/wp-json\/wp\/v2\/types\/product"}],"wp:featuredmedia":[{"embeddable":true,"href":"https:\/\/truusk.store\/sv\/wp-json\/wp\/v2\/media\/72737"}],"wp:attachment":[{"href":"https:\/\/truusk.store\/sv\/wp-json\/wp\/v2\/media?parent=72746"}],"wp:term":[{"taxonomy":"product_brand","embeddable":true,"href":"https:\/\/truusk.store\/sv\/wp-json\/wp\/v2\/product_brand?post=72746"},{"taxonomy":"product_cat","embeddable":true,"href":"https:\/\/truusk.store\/sv\/wp-json\/wp\/v2\/product_cat?post=72746"},{"taxonomy":"product_tag","embeddable":true,"href":"https:\/\/truusk.store\/sv\/wp-json\/wp\/v2\/product_tag?post=72746"}],"curies":[{"name":"wp","href":"https:\/\/api.w.org\/{rel}","templated":true}]}}