{"id":72766,"date":"2025-06-05T23:22:38","date_gmt":"2025-06-05T22:22:38","guid":{"rendered":"https:\/\/truusk.store\/product\/agility-set-hund-5-delat-fyllbart-agility-utrustning-for-hundtraning-hoppset-med-justerbara-agilitydorrar-barbar-vaska-traningsutrustning-koordinationstraning-for-spel-traning\/"},"modified":"2026-03-12T08:42:11","modified_gmt":"2026-03-12T07:42:11","slug":"truusk-agility-set-for-hundar-5-delat-hopphinder-set-justerbara-dorrar-barbar-vaska-koordinationstraning-speltraning","status":"publish","type":"product","link":"https:\/\/truusk.store\/sv\/produkt\/truusk-agility-set-for-hundar-5-delat-hopphinder-set-justerbara-dorrar-barbar-vaska-koordinationstraning-speltraning\/","title":{"rendered":"TRUUSK Agility Set f\u00f6r Hundar &#8211; 5-delat hopphinder set &#8211; Justerbara d\u00f6rrar &#8211; B\u00e4rbar v\u00e4ska &#8211; Koordinationstr\u00e4ning &#8211; Speltr\u00e4ning"},"content":{"rendered":"<p>F\u00f6rb\u00e4ttra din hunds f\u00e4rdigheter med TRUUSK hund-agility-set! Detta f\u00e4rgglada 4-delade agility-set, utrustat med agility-d\u00f6rrar i lysande orange och bl\u00e5 som kan justeras i bredd, \u00e4r utformat f\u00f6r h\u00f6gsta k\u00e4nslighet hos hundar och f\u00f6rb\u00e4ttrar tr\u00e4ningseffektiviteten. Tillverkat av s\u00e4ker och stabil plast, inkluderar hundbanan en praktisk f\u00f6rvaringsv\u00e4ska som underl\u00e4ttar transport och g\u00f6r den till det idealiska valet f\u00f6r agility, \u00f6vningar och tr\u00e4ning av hundar.<\/p>\n<p>Beskrivning:<\/p>\n<ul>\n<li> 4-delat agility-set best\u00e5r av 4 agility-d\u00f6rrar och en f\u00f6rvaringsv\u00e4ska<\/li>\n<li> Bredden p\u00e5 d\u00f6rrarna kan justeras f\u00f6r att anpassa tr\u00e4ningsniv\u00e5n<\/li>\n<li> Enkel montering och b\u00e4rbar f\u00f6r bekv\u00e4m anv\u00e4ndning \u00f6verallt<\/li>\n<li> Basen kan fyllas med vatten eller sand f\u00f6r stabilitet<\/li>\n<li> Lysande orange och bl\u00e5 f\u00e4rger p\u00e5 agility-setet f\u00f6rb\u00e4ttrar hundens synlighet och koncentration<\/li>\n<li> Tillverkat av detta agility-set av s\u00e4kra, robusta plastmaterial<\/li>\n<\/ul>\n<p> Tekniska data:<\/p>\n<ul>\n<li> F\u00e4rg: Bl\u00e5+Orange<\/li>\n<li> Material: Plast<\/li>\n<li> Varje storlek: 100L x 19,5B x 95H cm<\/li>\n<li> Breddjustering: 94-114B cm<\/li>\n<li> Basbelastning: 1,5 L (sand eller vatten)<\/li>\n<\/ul>\n<p>Leveransinneh\u00e5ll:<\/p>\n<ul>\n<li> 4 x hundf\u00e4rdighetsutrustning<\/li>\n<li> 1 x b\u00e4rbar v\u00e4ska<\/li>\n<li> 1 x handbok<\/li>\n<\/ul>\n","protected":false},"excerpt":{"rendered":"<p>F\u00f6rb\u00e4ttra din hunds f\u00e4rdigheter med TRUUSK hund-agility-set! Detta f\u00e4rgglada 4-delade agility-set, utrustat med agility-d\u00f6rrar i lysande orange och bl\u00e5 som&#8230;<\/p>\n","protected":false},"featured_media":72757,"template":"","meta":[],"product_brand":[],"product_cat":[578,878,574],"product_tag":[],"class_list":{"0":"post-72766","1":"product","2":"type-product","3":"status-publish","4":"has-post-thumbnail","6":"product_cat-agility-set","7":"product_cat-djurbehov","8":"product_cat-hundtillbehor","10":"first","11":"instock","12":"sale","13":"taxable","14":"shipping-taxable","15":"purchasable","16":"product-type-simple"},"yoast_head":"<!-- This site is optimized with the Yoast SEO plugin v25.4 - https:\/\/yoast.com\/wordpress\/plugins\/seo\/ -->\n<title>TRUUSK Agility Set f\u00f6r Hundar - 5-delat hopphinder set - Justerbara d\u00f6rrar - B\u00e4rbar v\u00e4ska - Koordinationstr\u00e4ning - Speltr\u00e4ning - TRUUSK - Hem, Tr\u00e4dg\u00e5rd &amp; Fritid<\/title>\n<meta name=\"robots\" content=\"index, follow, max-snippet:-1, max-image-preview:large, max-video-preview:-1\" \/>\n<link rel=\"canonical\" href=\"https:\/\/truusk.store\/sv\/produkt\/truusk-agility-set-for-hundar-5-delat-hopphinder-set-justerbara-dorrar-barbar-vaska-koordinationstraning-speltraning\/\" \/>\n<meta property=\"og:locale\" content=\"sv_SE\" \/>\n<meta property=\"og:type\" content=\"article\" \/>\n<meta property=\"og:title\" content=\"TRUUSK Agility Set f\u00f6r Hundar - 5-delat hopphinder set - Justerbara d\u00f6rrar - B\u00e4rbar v\u00e4ska - Koordinationstr\u00e4ning - Speltr\u00e4ning - TRUUSK - Hem, Tr\u00e4dg\u00e5rd &amp; Fritid\" \/>\n<meta property=\"og:description\" content=\"F\u00f6rb\u00e4ttra din hunds f\u00e4rdigheter med TRUUSK hund-agility-set! Detta f\u00e4rgglada 4-delade agility-set, utrustat med agility-d\u00f6rrar i lysande orange och bl\u00e5 som...\" \/>\n<meta property=\"og:url\" content=\"https:\/\/truusk.store\/sv\/produkt\/truusk-agility-set-for-hundar-5-delat-hopphinder-set-justerbara-dorrar-barbar-vaska-koordinationstraning-speltraning\/\" \/>\n<meta property=\"og:site_name\" content=\"TRUUSK - Hem, Tr\u00e4dg\u00e5rd &amp; Fritid\" \/>\n<meta property=\"article:modified_time\" content=\"2026-03-12T07:42:11+00:00\" \/>\n<meta property=\"og:image\" content=\"https:\/\/i0.wp.com\/truusk.se\/wp-content\/uploads\/2025\/06\/agility-set-hund-5-delat-fyllbart-agility-utrustning-for-hundtraning-hoppset-med-justerbara-agilitydorrar-barbar-vaska-traningsutrustning-koordinationstraning-for-spel-traning-1.webp?fit=2000%2C2000&ssl=1\" \/>\n\t<meta property=\"og:image:width\" content=\"2000\" \/>\n\t<meta property=\"og:image:height\" content=\"2000\" \/>\n\t<meta property=\"og:image:type\" content=\"image\/webp\" \/>\n<meta name=\"twitter:card\" content=\"summary_large_image\" \/>\n<meta name=\"twitter:label1\" content=\"Ber\u00e4knad l\u00e4stid\" \/>\n\t<meta name=\"twitter:data1\" content=\"1 minut\" \/>\n<!-- \/ Yoast SEO plugin. -->","yoast_head_json":{"title":"TRUUSK Agility Set f\u00f6r Hundar - 5-delat hopphinder set - Justerbara d\u00f6rrar - B\u00e4rbar v\u00e4ska - Koordinationstr\u00e4ning - Speltr\u00e4ning - TRUUSK - Hem, Tr\u00e4dg\u00e5rd &amp; Fritid","robots":{"index":"index","follow":"follow","max-snippet":"max-snippet:-1","max-image-preview":"max-image-preview:large","max-video-preview":"max-video-preview:-1"},"canonical":"https:\/\/truusk.store\/sv\/produkt\/truusk-agility-set-for-hundar-5-delat-hopphinder-set-justerbara-dorrar-barbar-vaska-koordinationstraning-speltraning\/","og_locale":"sv_SE","og_type":"article","og_title":"TRUUSK Agility Set f\u00f6r Hundar - 5-delat hopphinder set - Justerbara d\u00f6rrar - B\u00e4rbar v\u00e4ska - Koordinationstr\u00e4ning - Speltr\u00e4ning - TRUUSK - Hem, Tr\u00e4dg\u00e5rd &amp; Fritid","og_description":"F\u00f6rb\u00e4ttra din hunds f\u00e4rdigheter med TRUUSK hund-agility-set! Detta f\u00e4rgglada 4-delade agility-set, utrustat med agility-d\u00f6rrar i lysande orange och bl\u00e5 som...","og_url":"https:\/\/truusk.store\/sv\/produkt\/truusk-agility-set-for-hundar-5-delat-hopphinder-set-justerbara-dorrar-barbar-vaska-koordinationstraning-speltraning\/","og_site_name":"TRUUSK - Hem, Tr\u00e4dg\u00e5rd &amp; Fritid","article_modified_time":"2026-03-12T07:42:11+00:00","og_image":[{"width":2000,"height":2000,"url":"https:\/\/i0.wp.com\/truusk.se\/wp-content\/uploads\/2025\/06\/agility-set-hund-5-delat-fyllbart-agility-utrustning-for-hundtraning-hoppset-med-justerbara-agilitydorrar-barbar-vaska-traningsutrustning-koordinationstraning-for-spel-traning-1.webp?fit=2000%2C2000&ssl=1","type":"image\/webp"}],"twitter_card":"summary_large_image","twitter_misc":{"Ber\u00e4knad l\u00e4stid":"1 minut"},"schema":{"@context":"https:\/\/schema.org","@graph":[{"@type":"WebPage","@id":"https:\/\/truusk.store\/sv\/produkt\/truusk-agility-set-for-hundar-5-delat-hopphinder-set-justerbara-dorrar-barbar-vaska-koordinationstraning-speltraning\/","url":"https:\/\/truusk.store\/sv\/produkt\/truusk-agility-set-for-hundar-5-delat-hopphinder-set-justerbara-dorrar-barbar-vaska-koordinationstraning-speltraning\/","name":"TRUUSK Agility Set f\u00f6r Hundar - 5-delat hopphinder set - Justerbara d\u00f6rrar - B\u00e4rbar v\u00e4ska - Koordinationstr\u00e4ning - Speltr\u00e4ning - TRUUSK - Hem, Tr\u00e4dg\u00e5rd &amp; Fritid","isPartOf":{"@id":"https:\/\/truusk.store\/sv\/#website"},"primaryImageOfPage":{"@id":"https:\/\/truusk.store\/sv\/produkt\/truusk-agility-set-for-hundar-5-delat-hopphinder-set-justerbara-dorrar-barbar-vaska-koordinationstraning-speltraning\/#primaryimage"},"image":{"@id":"https:\/\/truusk.store\/sv\/produkt\/truusk-agility-set-for-hundar-5-delat-hopphinder-set-justerbara-dorrar-barbar-vaska-koordinationstraning-speltraning\/#primaryimage"},"thumbnailUrl":"https:\/\/i0.wp.com\/truusk.store\/wp-content\/uploads\/2025\/06\/agility-set-hund-5-delat-fyllbart-agility-utrustning-for-hundtraning-hoppset-med-justerbara-agilitydorrar-barbar-vaska-traningsutrustning-koordinationstraning-for-spel-traning-1.webp?fit=2000%2C2000&ssl=1","datePublished":"2025-06-05T22:22:38+00:00","dateModified":"2026-03-12T07:42:11+00:00","breadcrumb":{"@id":"https:\/\/truusk.store\/sv\/produkt\/truusk-agility-set-for-hundar-5-delat-hopphinder-set-justerbara-dorrar-barbar-vaska-koordinationstraning-speltraning\/#breadcrumb"},"inLanguage":"sv-SE","potentialAction":[{"@type":"ReadAction","target":["https:\/\/truusk.store\/sv\/produkt\/truusk-agility-set-for-hundar-5-delat-hopphinder-set-justerbara-dorrar-barbar-vaska-koordinationstraning-speltraning\/"]}]},{"@type":"ImageObject","inLanguage":"sv-SE","@id":"https:\/\/truusk.store\/sv\/produkt\/truusk-agility-set-for-hundar-5-delat-hopphinder-set-justerbara-dorrar-barbar-vaska-koordinationstraning-speltraning\/#primaryimage","url":"https:\/\/i0.wp.com\/truusk.store\/wp-content\/uploads\/2025\/06\/agility-set-hund-5-delat-fyllbart-agility-utrustning-for-hundtraning-hoppset-med-justerbara-agilitydorrar-barbar-vaska-traningsutrustning-koordinationstraning-for-spel-traning-1.webp?fit=2000%2C2000&ssl=1","contentUrl":"https:\/\/i0.wp.com\/truusk.store\/wp-content\/uploads\/2025\/06\/agility-set-hund-5-delat-fyllbart-agility-utrustning-for-hundtraning-hoppset-med-justerbara-agilitydorrar-barbar-vaska-traningsutrustning-koordinationstraning-for-spel-traning-1.webp?fit=2000%2C2000&ssl=1","width":2000,"height":2000},{"@type":"BreadcrumbList","@id":"https:\/\/truusk.store\/sv\/produkt\/truusk-agility-set-for-hundar-5-delat-hopphinder-set-justerbara-dorrar-barbar-vaska-koordinationstraning-speltraning\/#breadcrumb","itemListElement":[{"@type":"ListItem","position":1,"name":"Home","item":"https:\/\/truusk.store\/sv\/"},{"@type":"ListItem","position":2,"name":"Shop","item":"https:\/\/truusk.store\/shop\/"},{"@type":"ListItem","position":3,"name":"TRUUSK Agility Set f\u00f6r Hundar &#8211; 5-delat hopphinder set &#8211; Justerbara d\u00f6rrar &#8211; B\u00e4rbar v\u00e4ska &#8211; Koordinationstr\u00e4ning &#8211; Speltr\u00e4ning"}]},{"@type":"WebSite","@id":"https:\/\/truusk.store\/sv\/#website","url":"https:\/\/truusk.store\/sv\/","name":"TRUUSK - Hem, Tr\u00e4dg\u00e5rd & Fritid","description":"","publisher":{"@id":"https:\/\/truusk.store\/sv\/#organization"},"potentialAction":[{"@type":"SearchAction","target":{"@type":"EntryPoint","urlTemplate":"https:\/\/truusk.store\/sv\/?s={search_term_string}"},"query-input":{"@type":"PropertyValueSpecification","valueRequired":true,"valueName":"search_term_string"}}],"inLanguage":"sv-SE"},{"@type":"Organization","@id":"https:\/\/truusk.store\/sv\/#organization","name":"TRUUSK - Hem, Tr\u00e4dg\u00e5rd & Fritid","url":"https:\/\/truusk.store\/sv\/","logo":{"@type":"ImageObject","inLanguage":"sv-SE","@id":"https:\/\/truusk.store\/sv\/#\/schema\/logo\/image\/","url":"https:\/\/i0.wp.com\/truusk.store\/wp-content\/uploads\/2026\/03\/cropped-TRUUSK.png?fit=2032%2C917&ssl=1","contentUrl":"https:\/\/i0.wp.com\/truusk.store\/wp-content\/uploads\/2026\/03\/cropped-TRUUSK.png?fit=2032%2C917&ssl=1","width":2032,"height":917,"caption":"TRUUSK - Hem, Tr\u00e4dg\u00e5rd & Fritid"},"image":{"@id":"https:\/\/truusk.store\/sv\/#\/schema\/logo\/image\/"}}]}},"jetpack_sharing_enabled":true,"_links":{"self":[{"href":"https:\/\/truusk.store\/sv\/wp-json\/wp\/v2\/product\/72766","targetHints":{"allow":["GET"]}}],"collection":[{"href":"https:\/\/truusk.store\/sv\/wp-json\/wp\/v2\/product"}],"about":[{"href":"https:\/\/truusk.store\/sv\/wp-json\/wp\/v2\/types\/product"}],"wp:featuredmedia":[{"embeddable":true,"href":"https:\/\/truusk.store\/sv\/wp-json\/wp\/v2\/media\/72757"}],"wp:attachment":[{"href":"https:\/\/truusk.store\/sv\/wp-json\/wp\/v2\/media?parent=72766"}],"wp:term":[{"taxonomy":"product_brand","embeddable":true,"href":"https:\/\/truusk.store\/sv\/wp-json\/wp\/v2\/product_brand?post=72766"},{"taxonomy":"product_cat","embeddable":true,"href":"https:\/\/truusk.store\/sv\/wp-json\/wp\/v2\/product_cat?post=72766"},{"taxonomy":"product_tag","embeddable":true,"href":"https:\/\/truusk.store\/sv\/wp-json\/wp\/v2\/product_tag?post=72766"}],"curies":[{"name":"wp","href":"https:\/\/api.w.org\/{rel}","templated":true}]}}