{"id":72856,"date":"2025-06-05T23:31:55","date_gmt":"2025-06-05T22:31:55","guid":{"rendered":"https:\/\/truusk.store\/product\/aiyaplay-barns-gungstallning-utomhus-med-plattformsgunga-baltesgunga-stalgungstallning-tradgardsgunga-for-barn\/"},"modified":"2026-03-12T08:40:52","modified_gmt":"2026-03-12T07:40:52","slug":"truusk-barns-gungstallning-utomhus-plattformsgunga-baltesgunga-stalgungstallning-tradgardsgunga-for-barn-hog-kvalitet","status":"publish","type":"product","link":"https:\/\/truusk.store\/sv\/produkt\/truusk-barns-gungstallning-utomhus-plattformsgunga-baltesgunga-stalgungstallning-tradgardsgunga-for-barn-hog-kvalitet\/","title":{"rendered":"TRUUSK Barns Gungst\u00e4llning Utomhus &#8211; Plattformsgunga &#8211; B\u00e4ltesgunga &#8211; St\u00e5lgungst\u00e4llning &#8211; Tr\u00e4dg\u00e5rdsgunga F\u00f6r Barn &#8211; H\u00f6g Kvalitet &#8211;"},"content":{"rendered":"<p>Uppt\u00e4ck spelgl\u00e4djen med AIYAPLAY barnswing! Med dess h\u00e5llbara 50 mm st\u00e5lram och fyra stabila markankare, kan detta 1,8 m swingset b\u00e4ra upp till 120 kg. Barnens gungst\u00e4llning f\u00f6r tr\u00e4dg\u00e5rden erbjuder tv\u00e5 bekv\u00e4ma EVA-b\u00e4ltesgungor och en justerbar plattformsgunga &#8211; perfekt f\u00f6r upp till tre barn.<\/p>\n<p>Beskrivning:<\/p>\n<ul>\n<li> Rymmer tre barn med tv\u00e5 b\u00e4ltesgungor och en plattform<\/li>\n<li> Robust 50 mm st\u00e5lram b\u00e4r upp till 120 kg<\/li>\n<li> Fyra markankare \u00f6kar stabiliteten och s\u00e4kerheten<\/li>\n<li> Justerbar kedja och plattformsgungor f\u00f6r v\u00e4xande barn<\/li>\n<li> EVA-b\u00e4ltesgungor erbjuder komfort och h\u00e5llbarhet<\/li>\n<li> Oxford-tyg p\u00e5 plattformsgungan motst\u00e5r slitage<\/li>\n<li> L\u00e4mplig f\u00f6r livligt utomhusspel och gruppdiversion.<\/li>\n<\/ul>\n<p> Tekniska data:<\/p>\n<ul>\n<li> F\u00e4rg: M\u00f6rkbl\u00e5+Gul+Svart<\/li>\n<li> Material: St\u00e5l, Plast, Oxford-tyg<\/li>\n<li> Totala dimensioner: 365L x 180B x 184H cm<\/li>\n<li> B\u00e4ltesgungasits: 66B x 13,5T x 1,1H cm, 35-45 cm (\u00f6ver marken)<\/li>\n<li> Metallkedja: \u00d81 x 150-160L cm<\/li>\n<li> Plattformsgungasits: 76B x 110L cm, 35-65 cm (\u00f6ver marken)<\/li>\n<li> Plastrep: \u00d81 x 133-176L cm<\/li>\n<li> Maximal belastning: 40 kg (per sits), 120 kg (totalt)<\/li>\n<li> Godk\u00e4nd \u00e5lder: fr\u00e5n 3 \u00e5r<\/li>\n<li> Rekommenderad \u00e5lder: 3-8 \u00e5r<\/li>\n<\/ul>\n<p>Leveransinneh\u00e5ll:<\/p>\n<ul>\n<li> 2 x B\u00e4ltesgungor<\/li>\n<li> 1 x Plattformsgunga<\/li>\n<li> 4 x Markankare<\/li>\n<li> 1 x Handbok<\/li>\n<\/ul>\n","protected":false},"excerpt":{"rendered":"<p>Uppt\u00e4ck spelgl\u00e4djen med AIYAPLAY barnswing! Med dess h\u00e5llbara 50 mm st\u00e5lram och fyra stabila markankare, kan detta 1,8 m swingset&#8230;<\/p>\n","protected":false},"featured_media":72847,"template":"","meta":[],"product_brand":[],"product_cat":[880,619,616],"product_tag":[],"class_list":{"0":"post-72856","1":"product","2":"type-product","3":"status-publish","4":"has-post-thumbnail","6":"product_cat-baby-barn-2","7":"product_cat-barngungor","8":"product_cat-utomhusleksaker","10":"first","11":"instock","12":"sale","13":"taxable","14":"shipping-taxable","15":"purchasable","16":"product-type-simple"},"yoast_head":"<!-- This site is optimized with the Yoast SEO plugin v25.4 - https:\/\/yoast.com\/wordpress\/plugins\/seo\/ -->\n<title>TRUUSK Barns Gungst\u00e4llning Utomhus - Plattformsgunga - B\u00e4ltesgunga - St\u00e5lgungst\u00e4llning - Tr\u00e4dg\u00e5rdsgunga F\u00f6r Barn - H\u00f6g Kvalitet - TRUUSK - Hem, Tr\u00e4dg\u00e5rd &amp; Fritid<\/title>\n<meta name=\"robots\" content=\"index, follow, max-snippet:-1, max-image-preview:large, max-video-preview:-1\" \/>\n<link rel=\"canonical\" href=\"https:\/\/truusk.store\/sv\/produkt\/truusk-barns-gungstallning-utomhus-plattformsgunga-baltesgunga-stalgungstallning-tradgardsgunga-for-barn-hog-kvalitet\/\" \/>\n<meta property=\"og:locale\" content=\"sv_SE\" \/>\n<meta property=\"og:type\" content=\"article\" \/>\n<meta property=\"og:title\" content=\"TRUUSK Barns Gungst\u00e4llning Utomhus - Plattformsgunga - B\u00e4ltesgunga - St\u00e5lgungst\u00e4llning - Tr\u00e4dg\u00e5rdsgunga F\u00f6r Barn - H\u00f6g Kvalitet - TRUUSK - Hem, Tr\u00e4dg\u00e5rd &amp; Fritid\" \/>\n<meta property=\"og:description\" content=\"Uppt\u00e4ck spelgl\u00e4djen med AIYAPLAY barnswing! Med dess h\u00e5llbara 50 mm st\u00e5lram och fyra stabila markankare, kan detta 1,8 m swingset...\" \/>\n<meta property=\"og:url\" content=\"https:\/\/truusk.store\/sv\/produkt\/truusk-barns-gungstallning-utomhus-plattformsgunga-baltesgunga-stalgungstallning-tradgardsgunga-for-barn-hog-kvalitet\/\" \/>\n<meta property=\"og:site_name\" content=\"TRUUSK - Hem, Tr\u00e4dg\u00e5rd &amp; Fritid\" \/>\n<meta property=\"article:modified_time\" content=\"2026-03-12T07:40:52+00:00\" \/>\n<meta property=\"og:image\" content=\"https:\/\/i0.wp.com\/truusk.se\/wp-content\/uploads\/2025\/06\/aiyaplay-barns-gungstallning-utomhus-med-plattformsgunga-baltesgunga-stalgungstallning-tradgardsgunga-for-barn-1.webp?fit=2000%2C2000&ssl=1\" \/>\n\t<meta property=\"og:image:width\" content=\"2000\" \/>\n\t<meta property=\"og:image:height\" content=\"2000\" \/>\n\t<meta property=\"og:image:type\" content=\"image\/webp\" \/>\n<meta name=\"twitter:card\" content=\"summary_large_image\" \/>\n<meta name=\"twitter:label1\" content=\"Ber\u00e4knad l\u00e4stid\" \/>\n\t<meta name=\"twitter:data1\" content=\"1 minut\" \/>\n<!-- \/ Yoast SEO plugin. -->","yoast_head_json":{"title":"TRUUSK Barns Gungst\u00e4llning Utomhus - Plattformsgunga - B\u00e4ltesgunga - St\u00e5lgungst\u00e4llning - Tr\u00e4dg\u00e5rdsgunga F\u00f6r Barn - H\u00f6g Kvalitet - TRUUSK - Hem, Tr\u00e4dg\u00e5rd &amp; Fritid","robots":{"index":"index","follow":"follow","max-snippet":"max-snippet:-1","max-image-preview":"max-image-preview:large","max-video-preview":"max-video-preview:-1"},"canonical":"https:\/\/truusk.store\/sv\/produkt\/truusk-barns-gungstallning-utomhus-plattformsgunga-baltesgunga-stalgungstallning-tradgardsgunga-for-barn-hog-kvalitet\/","og_locale":"sv_SE","og_type":"article","og_title":"TRUUSK Barns Gungst\u00e4llning Utomhus - Plattformsgunga - B\u00e4ltesgunga - St\u00e5lgungst\u00e4llning - Tr\u00e4dg\u00e5rdsgunga F\u00f6r Barn - H\u00f6g Kvalitet - TRUUSK - Hem, Tr\u00e4dg\u00e5rd &amp; Fritid","og_description":"Uppt\u00e4ck spelgl\u00e4djen med AIYAPLAY barnswing! Med dess h\u00e5llbara 50 mm st\u00e5lram och fyra stabila markankare, kan detta 1,8 m swingset...","og_url":"https:\/\/truusk.store\/sv\/produkt\/truusk-barns-gungstallning-utomhus-plattformsgunga-baltesgunga-stalgungstallning-tradgardsgunga-for-barn-hog-kvalitet\/","og_site_name":"TRUUSK - Hem, Tr\u00e4dg\u00e5rd &amp; Fritid","article_modified_time":"2026-03-12T07:40:52+00:00","og_image":[{"width":2000,"height":2000,"url":"https:\/\/i0.wp.com\/truusk.se\/wp-content\/uploads\/2025\/06\/aiyaplay-barns-gungstallning-utomhus-med-plattformsgunga-baltesgunga-stalgungstallning-tradgardsgunga-for-barn-1.webp?fit=2000%2C2000&ssl=1","type":"image\/webp"}],"twitter_card":"summary_large_image","twitter_misc":{"Ber\u00e4knad l\u00e4stid":"1 minut"},"schema":{"@context":"https:\/\/schema.org","@graph":[{"@type":"WebPage","@id":"https:\/\/truusk.store\/sv\/produkt\/truusk-barns-gungstallning-utomhus-plattformsgunga-baltesgunga-stalgungstallning-tradgardsgunga-for-barn-hog-kvalitet\/","url":"https:\/\/truusk.store\/sv\/produkt\/truusk-barns-gungstallning-utomhus-plattformsgunga-baltesgunga-stalgungstallning-tradgardsgunga-for-barn-hog-kvalitet\/","name":"TRUUSK Barns Gungst\u00e4llning Utomhus - Plattformsgunga - B\u00e4ltesgunga - St\u00e5lgungst\u00e4llning - Tr\u00e4dg\u00e5rdsgunga F\u00f6r Barn - H\u00f6g Kvalitet - TRUUSK - Hem, Tr\u00e4dg\u00e5rd &amp; Fritid","isPartOf":{"@id":"https:\/\/truusk.store\/sv\/#website"},"primaryImageOfPage":{"@id":"https:\/\/truusk.store\/sv\/produkt\/truusk-barns-gungstallning-utomhus-plattformsgunga-baltesgunga-stalgungstallning-tradgardsgunga-for-barn-hog-kvalitet\/#primaryimage"},"image":{"@id":"https:\/\/truusk.store\/sv\/produkt\/truusk-barns-gungstallning-utomhus-plattformsgunga-baltesgunga-stalgungstallning-tradgardsgunga-for-barn-hog-kvalitet\/#primaryimage"},"thumbnailUrl":"https:\/\/i0.wp.com\/truusk.store\/wp-content\/uploads\/2025\/06\/aiyaplay-barns-gungstallning-utomhus-med-plattformsgunga-baltesgunga-stalgungstallning-tradgardsgunga-for-barn-1.webp?fit=2000%2C2000&ssl=1","datePublished":"2025-06-05T22:31:55+00:00","dateModified":"2026-03-12T07:40:52+00:00","breadcrumb":{"@id":"https:\/\/truusk.store\/sv\/produkt\/truusk-barns-gungstallning-utomhus-plattformsgunga-baltesgunga-stalgungstallning-tradgardsgunga-for-barn-hog-kvalitet\/#breadcrumb"},"inLanguage":"sv-SE","potentialAction":[{"@type":"ReadAction","target":["https:\/\/truusk.store\/sv\/produkt\/truusk-barns-gungstallning-utomhus-plattformsgunga-baltesgunga-stalgungstallning-tradgardsgunga-for-barn-hog-kvalitet\/"]}]},{"@type":"ImageObject","inLanguage":"sv-SE","@id":"https:\/\/truusk.store\/sv\/produkt\/truusk-barns-gungstallning-utomhus-plattformsgunga-baltesgunga-stalgungstallning-tradgardsgunga-for-barn-hog-kvalitet\/#primaryimage","url":"https:\/\/i0.wp.com\/truusk.store\/wp-content\/uploads\/2025\/06\/aiyaplay-barns-gungstallning-utomhus-med-plattformsgunga-baltesgunga-stalgungstallning-tradgardsgunga-for-barn-1.webp?fit=2000%2C2000&ssl=1","contentUrl":"https:\/\/i0.wp.com\/truusk.store\/wp-content\/uploads\/2025\/06\/aiyaplay-barns-gungstallning-utomhus-med-plattformsgunga-baltesgunga-stalgungstallning-tradgardsgunga-for-barn-1.webp?fit=2000%2C2000&ssl=1","width":2000,"height":2000},{"@type":"BreadcrumbList","@id":"https:\/\/truusk.store\/sv\/produkt\/truusk-barns-gungstallning-utomhus-plattformsgunga-baltesgunga-stalgungstallning-tradgardsgunga-for-barn-hog-kvalitet\/#breadcrumb","itemListElement":[{"@type":"ListItem","position":1,"name":"Home","item":"https:\/\/truusk.store\/sv\/"},{"@type":"ListItem","position":2,"name":"Shop","item":"https:\/\/truusk.store\/shop\/"},{"@type":"ListItem","position":3,"name":"TRUUSK Barns Gungst\u00e4llning Utomhus &#8211; Plattformsgunga &#8211; B\u00e4ltesgunga &#8211; St\u00e5lgungst\u00e4llning &#8211; Tr\u00e4dg\u00e5rdsgunga F\u00f6r Barn &#8211; H\u00f6g Kvalitet &#8211;"}]},{"@type":"WebSite","@id":"https:\/\/truusk.store\/sv\/#website","url":"https:\/\/truusk.store\/sv\/","name":"TRUUSK - Hem, Tr\u00e4dg\u00e5rd & Fritid","description":"","publisher":{"@id":"https:\/\/truusk.store\/sv\/#organization"},"potentialAction":[{"@type":"SearchAction","target":{"@type":"EntryPoint","urlTemplate":"https:\/\/truusk.store\/sv\/?s={search_term_string}"},"query-input":{"@type":"PropertyValueSpecification","valueRequired":true,"valueName":"search_term_string"}}],"inLanguage":"sv-SE"},{"@type":"Organization","@id":"https:\/\/truusk.store\/sv\/#organization","name":"TRUUSK - Hem, Tr\u00e4dg\u00e5rd & Fritid","url":"https:\/\/truusk.store\/sv\/","logo":{"@type":"ImageObject","inLanguage":"sv-SE","@id":"https:\/\/truusk.store\/sv\/#\/schema\/logo\/image\/","url":"https:\/\/i0.wp.com\/truusk.store\/wp-content\/uploads\/2026\/03\/cropped-TRUUSK.png?fit=2032%2C917&ssl=1","contentUrl":"https:\/\/i0.wp.com\/truusk.store\/wp-content\/uploads\/2026\/03\/cropped-TRUUSK.png?fit=2032%2C917&ssl=1","width":2032,"height":917,"caption":"TRUUSK - Hem, Tr\u00e4dg\u00e5rd & Fritid"},"image":{"@id":"https:\/\/truusk.store\/sv\/#\/schema\/logo\/image\/"}}]}},"jetpack_sharing_enabled":true,"_links":{"self":[{"href":"https:\/\/truusk.store\/sv\/wp-json\/wp\/v2\/product\/72856","targetHints":{"allow":["GET"]}}],"collection":[{"href":"https:\/\/truusk.store\/sv\/wp-json\/wp\/v2\/product"}],"about":[{"href":"https:\/\/truusk.store\/sv\/wp-json\/wp\/v2\/types\/product"}],"wp:featuredmedia":[{"embeddable":true,"href":"https:\/\/truusk.store\/sv\/wp-json\/wp\/v2\/media\/72847"}],"wp:attachment":[{"href":"https:\/\/truusk.store\/sv\/wp-json\/wp\/v2\/media?parent=72856"}],"wp:term":[{"taxonomy":"product_brand","embeddable":true,"href":"https:\/\/truusk.store\/sv\/wp-json\/wp\/v2\/product_brand?post=72856"},{"taxonomy":"product_cat","embeddable":true,"href":"https:\/\/truusk.store\/sv\/wp-json\/wp\/v2\/product_cat?post=72856"},{"taxonomy":"product_tag","embeddable":true,"href":"https:\/\/truusk.store\/sv\/wp-json\/wp\/v2\/product_tag?post=72856"}],"curies":[{"name":"wp","href":"https:\/\/api.w.org\/{rel}","templated":true}]}}