{"id":72866,"date":"2025-06-05T23:32:44","date_gmt":"2025-06-05T22:32:44","guid":{"rendered":"https:\/\/truusk.store\/product\/dubbelsolskydd-436-x-260-cm-uv-skydd-stalsolskydd-med-handvev-oval-balkongskydd-strandskydd-vindtat-stabil-marknadsskydd-vevskydd-for-strand-balkong-tradgard-morkgra\/"},"modified":"2026-03-12T08:42:34","modified_gmt":"2026-03-12T07:42:34","slug":"truusk-dubbelsolskydd-436-x-260-cm-uv-skydd-stalsolskydd-med-handvev-oval-balkongskydd-strandskydd-vindtat-stabil","status":"publish","type":"product","link":"https:\/\/truusk.store\/sv\/produkt\/truusk-dubbelsolskydd-436-x-260-cm-uv-skydd-stalsolskydd-med-handvev-oval-balkongskydd-strandskydd-vindtat-stabil\/","title":{"rendered":"TRUUSK Dubbelsolskydd 436 x 260 cm &#8211; UV-skydd &#8211; St\u00e5lsolskydd Med Handvev &#8211; Oval Balkongskydd &#8211; Strandskydd &#8211; Vindt\u00e4t &#8211; Stabil"},"content":{"rendered":"<p>Upplev omfattande skugga med TRUUSK Dubbelsidig stora parasoll. Denna 4,4 m breda dubbla parasoll garanterar skydd och svalka med sitt UPF30+ belagda tyg. Den pulverlackerade st\u00e5lst\u00e5ngen och glasfiberribborna p\u00e5 dubbla parasoll s\u00e4kerst\u00e4ller l\u00e5ngvarig stabilitet, och vevmekanismen underl\u00e4ttar anv\u00e4ndningen. Perfekt f\u00f6r varje tr\u00e4dg\u00e5rd!<\/p>\n<p>Beskrivning:<\/p>\n<ul>\n<li> 4,4 m dubbelsidig xxl parasoll erbjuder mycket skugga f\u00f6r sammankomster<\/li>\n<li> Med UPF30+ belagt tyg skyddar mot UV-str\u00e5lar och bevarar f\u00e4rgen<\/li>\n<li> Pulverlackerat st\u00e5l och glasfiberkonstruktionen p\u00e5 dubbla parasoll \u00e4r rostresistenta<\/li>\n<li> Vevmekanismen p\u00e5 dubbla parasoll f\u00f6r smidig drift<\/li>\n<li> Tre \u00f6vre ventilations\u00f6ppningar f\u00f6rb\u00e4ttrar luftcirkulationen och minskar vindtrycket<\/li>\n<li> Montering kr\u00e4vs<\/li>\n<\/ul>\n<p> Tekniska data:<\/p>\n<ul>\n<li> F\u00e4rg: M\u00f6rkgr\u00e5<\/li>\n<li> Material: St\u00e5l, Polyester, Glasfiber<\/li>\n<li> Produktm\u00e5tt: 436L x 260B x 240H cm<\/li>\n<li> St\u00e5ngdiameter: 48 mm<\/li>\n<li> L\u00e4mplig paraplybas: 84D-227V00BK, 84D-250V00BK<\/li>\n<li> Obs: Anv\u00e4nd inte parasoll vid extremt v\u00e4der (stark vind, kraftigt regn, sn\u00f6)<\/li>\n<\/ul>\n<p>Leveransinneh\u00e5ll:<\/p>\n<ul>\n<li> 1 x dubbelsidig parasoll<\/li>\n<li> 1 x handbok<\/li>\n<\/ul>\n","protected":false},"excerpt":{"rendered":"<p>Upplev omfattande skugga med TRUUSK Dubbelsidig stora parasoll. Denna 4,4 m breda dubbla parasoll garanterar skydd och svalka med sitt&#8230;<\/p>\n","protected":false},"featured_media":72857,"template":"","meta":[],"product_brand":[],"product_cat":[472,862,858],"product_tag":[],"class_list":{"0":"post-72866","1":"product","2":"type-product","3":"status-publish","4":"has-post-thumbnail","6":"product_cat-parasoller","7":"product_cat-sol-insynsskydd","8":"product_cat-tradgard-terrass","10":"first","11":"instock","12":"sale","13":"taxable","14":"shipping-taxable","15":"purchasable","16":"product-type-simple"},"yoast_head":"<!-- This site is optimized with the Yoast SEO plugin v25.4 - https:\/\/yoast.com\/wordpress\/plugins\/seo\/ -->\n<title>TRUUSK Dubbelsolskydd 436 x 260 cm - UV-skydd - St\u00e5lsolskydd Med Handvev - Oval Balkongskydd - Strandskydd - Vindt\u00e4t - Stabil - TRUUSK - Hem, Tr\u00e4dg\u00e5rd &amp; Fritid<\/title>\n<meta name=\"robots\" content=\"index, follow, max-snippet:-1, max-image-preview:large, max-video-preview:-1\" \/>\n<link rel=\"canonical\" href=\"https:\/\/truusk.store\/sv\/produkt\/truusk-dubbelsolskydd-436-x-260-cm-uv-skydd-stalsolskydd-med-handvev-oval-balkongskydd-strandskydd-vindtat-stabil\/\" \/>\n<meta property=\"og:locale\" content=\"sv_SE\" \/>\n<meta property=\"og:type\" content=\"article\" \/>\n<meta property=\"og:title\" content=\"TRUUSK Dubbelsolskydd 436 x 260 cm - UV-skydd - St\u00e5lsolskydd Med Handvev - Oval Balkongskydd - Strandskydd - Vindt\u00e4t - Stabil - TRUUSK - Hem, Tr\u00e4dg\u00e5rd &amp; Fritid\" \/>\n<meta property=\"og:description\" content=\"Upplev omfattande skugga med TRUUSK Dubbelsidig stora parasoll. Denna 4,4 m breda dubbla parasoll garanterar skydd och svalka med sitt...\" \/>\n<meta property=\"og:url\" content=\"https:\/\/truusk.store\/sv\/produkt\/truusk-dubbelsolskydd-436-x-260-cm-uv-skydd-stalsolskydd-med-handvev-oval-balkongskydd-strandskydd-vindtat-stabil\/\" \/>\n<meta property=\"og:site_name\" content=\"TRUUSK - Hem, Tr\u00e4dg\u00e5rd &amp; Fritid\" \/>\n<meta property=\"article:modified_time\" content=\"2026-03-12T07:42:34+00:00\" \/>\n<meta property=\"og:image\" content=\"https:\/\/i0.wp.com\/truusk.se\/wp-content\/uploads\/2025\/06\/dubbelsolskydd-436-x-260-cm-uv-skydd-stalsolskydd-med-handvev-oval-balkongskydd-strandskydd-vindtat-stabil-marknadsskydd-vevskydd-for-strand-balkong-tradgard-morkgra-1.webp?fit=2000%2C2000&ssl=1\" \/>\n\t<meta property=\"og:image:width\" content=\"2000\" \/>\n\t<meta property=\"og:image:height\" content=\"2000\" \/>\n\t<meta property=\"og:image:type\" content=\"image\/webp\" \/>\n<meta name=\"twitter:card\" content=\"summary_large_image\" \/>\n<meta name=\"twitter:label1\" content=\"Ber\u00e4knad l\u00e4stid\" \/>\n\t<meta name=\"twitter:data1\" content=\"1 minut\" \/>\n<!-- \/ Yoast SEO plugin. -->","yoast_head_json":{"title":"TRUUSK Dubbelsolskydd 436 x 260 cm - UV-skydd - St\u00e5lsolskydd Med Handvev - Oval Balkongskydd - Strandskydd - Vindt\u00e4t - Stabil - TRUUSK - Hem, Tr\u00e4dg\u00e5rd &amp; Fritid","robots":{"index":"index","follow":"follow","max-snippet":"max-snippet:-1","max-image-preview":"max-image-preview:large","max-video-preview":"max-video-preview:-1"},"canonical":"https:\/\/truusk.store\/sv\/produkt\/truusk-dubbelsolskydd-436-x-260-cm-uv-skydd-stalsolskydd-med-handvev-oval-balkongskydd-strandskydd-vindtat-stabil\/","og_locale":"sv_SE","og_type":"article","og_title":"TRUUSK Dubbelsolskydd 436 x 260 cm - UV-skydd - St\u00e5lsolskydd Med Handvev - Oval Balkongskydd - Strandskydd - Vindt\u00e4t - Stabil - TRUUSK - Hem, Tr\u00e4dg\u00e5rd &amp; Fritid","og_description":"Upplev omfattande skugga med TRUUSK Dubbelsidig stora parasoll. Denna 4,4 m breda dubbla parasoll garanterar skydd och svalka med sitt...","og_url":"https:\/\/truusk.store\/sv\/produkt\/truusk-dubbelsolskydd-436-x-260-cm-uv-skydd-stalsolskydd-med-handvev-oval-balkongskydd-strandskydd-vindtat-stabil\/","og_site_name":"TRUUSK - Hem, Tr\u00e4dg\u00e5rd &amp; Fritid","article_modified_time":"2026-03-12T07:42:34+00:00","og_image":[{"width":2000,"height":2000,"url":"https:\/\/i0.wp.com\/truusk.se\/wp-content\/uploads\/2025\/06\/dubbelsolskydd-436-x-260-cm-uv-skydd-stalsolskydd-med-handvev-oval-balkongskydd-strandskydd-vindtat-stabil-marknadsskydd-vevskydd-for-strand-balkong-tradgard-morkgra-1.webp?fit=2000%2C2000&ssl=1","type":"image\/webp"}],"twitter_card":"summary_large_image","twitter_misc":{"Ber\u00e4knad l\u00e4stid":"1 minut"},"schema":{"@context":"https:\/\/schema.org","@graph":[{"@type":"WebPage","@id":"https:\/\/truusk.store\/sv\/produkt\/truusk-dubbelsolskydd-436-x-260-cm-uv-skydd-stalsolskydd-med-handvev-oval-balkongskydd-strandskydd-vindtat-stabil\/","url":"https:\/\/truusk.store\/sv\/produkt\/truusk-dubbelsolskydd-436-x-260-cm-uv-skydd-stalsolskydd-med-handvev-oval-balkongskydd-strandskydd-vindtat-stabil\/","name":"TRUUSK Dubbelsolskydd 436 x 260 cm - UV-skydd - St\u00e5lsolskydd Med Handvev - Oval Balkongskydd - Strandskydd - Vindt\u00e4t - Stabil - TRUUSK - Hem, Tr\u00e4dg\u00e5rd &amp; Fritid","isPartOf":{"@id":"https:\/\/truusk.store\/sv\/#website"},"primaryImageOfPage":{"@id":"https:\/\/truusk.store\/sv\/produkt\/truusk-dubbelsolskydd-436-x-260-cm-uv-skydd-stalsolskydd-med-handvev-oval-balkongskydd-strandskydd-vindtat-stabil\/#primaryimage"},"image":{"@id":"https:\/\/truusk.store\/sv\/produkt\/truusk-dubbelsolskydd-436-x-260-cm-uv-skydd-stalsolskydd-med-handvev-oval-balkongskydd-strandskydd-vindtat-stabil\/#primaryimage"},"thumbnailUrl":"https:\/\/i0.wp.com\/truusk.store\/wp-content\/uploads\/2025\/06\/dubbelsolskydd-436-x-260-cm-uv-skydd-stalsolskydd-med-handvev-oval-balkongskydd-strandskydd-vindtat-stabil-marknadsskydd-vevskydd-for-strand-balkong-tradgard-morkgra-1.webp?fit=2000%2C2000&ssl=1","datePublished":"2025-06-05T22:32:44+00:00","dateModified":"2026-03-12T07:42:34+00:00","breadcrumb":{"@id":"https:\/\/truusk.store\/sv\/produkt\/truusk-dubbelsolskydd-436-x-260-cm-uv-skydd-stalsolskydd-med-handvev-oval-balkongskydd-strandskydd-vindtat-stabil\/#breadcrumb"},"inLanguage":"sv-SE","potentialAction":[{"@type":"ReadAction","target":["https:\/\/truusk.store\/sv\/produkt\/truusk-dubbelsolskydd-436-x-260-cm-uv-skydd-stalsolskydd-med-handvev-oval-balkongskydd-strandskydd-vindtat-stabil\/"]}]},{"@type":"ImageObject","inLanguage":"sv-SE","@id":"https:\/\/truusk.store\/sv\/produkt\/truusk-dubbelsolskydd-436-x-260-cm-uv-skydd-stalsolskydd-med-handvev-oval-balkongskydd-strandskydd-vindtat-stabil\/#primaryimage","url":"https:\/\/i0.wp.com\/truusk.store\/wp-content\/uploads\/2025\/06\/dubbelsolskydd-436-x-260-cm-uv-skydd-stalsolskydd-med-handvev-oval-balkongskydd-strandskydd-vindtat-stabil-marknadsskydd-vevskydd-for-strand-balkong-tradgard-morkgra-1.webp?fit=2000%2C2000&ssl=1","contentUrl":"https:\/\/i0.wp.com\/truusk.store\/wp-content\/uploads\/2025\/06\/dubbelsolskydd-436-x-260-cm-uv-skydd-stalsolskydd-med-handvev-oval-balkongskydd-strandskydd-vindtat-stabil-marknadsskydd-vevskydd-for-strand-balkong-tradgard-morkgra-1.webp?fit=2000%2C2000&ssl=1","width":2000,"height":2000},{"@type":"BreadcrumbList","@id":"https:\/\/truusk.store\/sv\/produkt\/truusk-dubbelsolskydd-436-x-260-cm-uv-skydd-stalsolskydd-med-handvev-oval-balkongskydd-strandskydd-vindtat-stabil\/#breadcrumb","itemListElement":[{"@type":"ListItem","position":1,"name":"Home","item":"https:\/\/truusk.store\/sv\/"},{"@type":"ListItem","position":2,"name":"Shop","item":"https:\/\/truusk.store\/shop\/"},{"@type":"ListItem","position":3,"name":"TRUUSK Dubbelsolskydd 436 x 260 cm &#8211; UV-skydd &#8211; St\u00e5lsolskydd Med Handvev &#8211; Oval Balkongskydd &#8211; Strandskydd &#8211; Vindt\u00e4t &#8211; Stabil"}]},{"@type":"WebSite","@id":"https:\/\/truusk.store\/sv\/#website","url":"https:\/\/truusk.store\/sv\/","name":"TRUUSK - Hem, Tr\u00e4dg\u00e5rd & Fritid","description":"","publisher":{"@id":"https:\/\/truusk.store\/sv\/#organization"},"potentialAction":[{"@type":"SearchAction","target":{"@type":"EntryPoint","urlTemplate":"https:\/\/truusk.store\/sv\/?s={search_term_string}"},"query-input":{"@type":"PropertyValueSpecification","valueRequired":true,"valueName":"search_term_string"}}],"inLanguage":"sv-SE"},{"@type":"Organization","@id":"https:\/\/truusk.store\/sv\/#organization","name":"TRUUSK - Hem, Tr\u00e4dg\u00e5rd & Fritid","url":"https:\/\/truusk.store\/sv\/","logo":{"@type":"ImageObject","inLanguage":"sv-SE","@id":"https:\/\/truusk.store\/sv\/#\/schema\/logo\/image\/","url":"https:\/\/i0.wp.com\/truusk.store\/wp-content\/uploads\/2026\/03\/cropped-TRUUSK.png?fit=2032%2C917&ssl=1","contentUrl":"https:\/\/i0.wp.com\/truusk.store\/wp-content\/uploads\/2026\/03\/cropped-TRUUSK.png?fit=2032%2C917&ssl=1","width":2032,"height":917,"caption":"TRUUSK - Hem, Tr\u00e4dg\u00e5rd & Fritid"},"image":{"@id":"https:\/\/truusk.store\/sv\/#\/schema\/logo\/image\/"}}]}},"jetpack_sharing_enabled":true,"_links":{"self":[{"href":"https:\/\/truusk.store\/sv\/wp-json\/wp\/v2\/product\/72866","targetHints":{"allow":["GET"]}}],"collection":[{"href":"https:\/\/truusk.store\/sv\/wp-json\/wp\/v2\/product"}],"about":[{"href":"https:\/\/truusk.store\/sv\/wp-json\/wp\/v2\/types\/product"}],"wp:featuredmedia":[{"embeddable":true,"href":"https:\/\/truusk.store\/sv\/wp-json\/wp\/v2\/media\/72857"}],"wp:attachment":[{"href":"https:\/\/truusk.store\/sv\/wp-json\/wp\/v2\/media?parent=72866"}],"wp:term":[{"taxonomy":"product_brand","embeddable":true,"href":"https:\/\/truusk.store\/sv\/wp-json\/wp\/v2\/product_brand?post=72866"},{"taxonomy":"product_cat","embeddable":true,"href":"https:\/\/truusk.store\/sv\/wp-json\/wp\/v2\/product_cat?post=72866"},{"taxonomy":"product_tag","embeddable":true,"href":"https:\/\/truusk.store\/sv\/wp-json\/wp\/v2\/product_tag?post=72866"}],"curies":[{"name":"wp","href":"https:\/\/api.w.org\/{rel}","templated":true}]}}