{"id":72876,"date":"2025-06-05T23:33:46","date_gmt":"2025-06-05T22:33:46","guid":{"rendered":"https:\/\/truusk.store\/product\/vaxthus-med-pe-natfilm-dorr-vinterfast-filmvaxthus-av-stal-vaxthus-for-balkong-tradgard-tomatvaxthus-101-x-50-x-150-cm-tomatvaxthus-for-tomater-gronsaker-blommor-vit\/"},"modified":"2026-03-12T09:08:17","modified_gmt":"2026-03-12T08:08:17","slug":"truusk-vinterfast-pe-natfilm-tomatvaxthus-stalram-dorr-101x50x150cm-for-balkong-tradgard-tomater-gronsaker-blommor","status":"publish","type":"product","link":"https:\/\/truusk.store\/sv\/produkt\/truusk-vinterfast-pe-natfilm-tomatvaxthus-stalram-dorr-101x50x150cm-for-balkong-tradgard-tomater-gronsaker-blommor\/","title":{"rendered":"TRUUSK Vinterfast PE-n\u00e4tfilm Tomatv\u00e4xthus &#8211; St\u00e5lram &#8211; D\u00f6rr &#8211; 101x50x150cm &#8211; F\u00f6r Balkong, Tr\u00e4dg\u00e5rd &#8211; Tomater, Gr\u00f6nsaker, Blommor &#8211;"},"content":{"rendered":"<p>Detta h\u00f6ga och smala v\u00e4xthus fr\u00e5n TRUUSK \u00e4r ett utm\u00e4rkt val f\u00f6r din tr\u00e4dg\u00e5rd, balkong eller tr\u00e5nga utrymmen f\u00f6r att odla dina v\u00e4xter p\u00e5 ett utrymmeseffektivt s\u00e4tt. En stabil st\u00e5lram och en h\u00e5llbar plast\u00f6verdrag f\u00f6r tomatv\u00e4xthuset garanterar styrka och tillf\u00f6rlitlighet. Detta v\u00e4xthus kan hj\u00e4lpa dina v\u00e4xter att v\u00e4xa b\u00e4ttre och g\u00f6ra tr\u00e4dg\u00e5rdsarbete enklare och mer intressant.<\/p>\n<p>Beskrivning:<\/p>\n<ul>\n<li> Det h\u00f6ga och smala designen p\u00e5 tomatv\u00e4xthuset passar f\u00f6r begr\u00e4nsade utrymmen<\/li>\n<li> Solid st\u00e5lram f\u00f6r tomatv\u00e4xthuset garanterar styrka och tillf\u00f6rlitlighet<\/li>\n<li> Plastn\u00e4t\u00f6verdraget f\u00f6r foliev\u00e4xthuset skyddar dina v\u00e4xter fr\u00e5n l\u00e4tt vind eller regn och l\u00e5ter energirikt solljus passera<\/li>\n<li> Rullande d\u00f6rr med dragkedja f\u00f6r enkel in- och utg\u00e5ng och f\u00f6r att f\u00f6rb\u00e4ttra ventilationen<\/li>\n<li> Montering kr\u00e4vs<\/li>\n<\/ul>\n<p> Tekniska data:<\/p>\n<ul>\n<li> F\u00e4rg: M\u00f6rkgr\u00f6n<\/li>\n<li> Material: St\u00e5l, plast<\/li>\n<li> Totala m\u00e5tt: 100L x 50B x 150H cm<\/li>\n<li> D\u00f6rrstorlek: 83B x 135H cm<\/li>\n<li> Obs: Anv\u00e4nd inte syrahaltiga bek\u00e4mpningsmedel f\u00f6r att undvika kemiska reaktioner med det alkaliska \u00f6verdraget som kan leda till brott<\/li>\n<\/ul>\n<p>Leveransinneh\u00e5ll:<\/p>\n<ul>\n<li> 1 x foliev\u00e4xthus;<\/li>\n<\/ul>\n","protected":false},"excerpt":{"rendered":"<p>Detta h\u00f6ga och smala v\u00e4xthus fr\u00e5n TRUUSK \u00e4r ett utm\u00e4rkt val f\u00f6r din tr\u00e4dg\u00e5rd, balkong eller tr\u00e5nga utrymmen f\u00f6r att&#8230;<\/p>\n","protected":false},"featured_media":72867,"template":"","meta":[],"product_brand":[],"product_cat":[923,858,443],"product_tag":[],"class_list":{"0":"post-72876","1":"product","2":"type-product","3":"status-publish","4":"has-post-thumbnail","6":"product_cat-plastfilm-vaxthus","7":"product_cat-tradgard-terrass","8":"product_cat-vaxthus-tradgardsskotsel","10":"first","11":"instock","12":"sale","13":"taxable","14":"shipping-taxable","15":"purchasable","16":"product-type-simple"},"yoast_head":"<!-- This site is optimized with the Yoast SEO plugin v25.4 - https:\/\/yoast.com\/wordpress\/plugins\/seo\/ -->\n<title>TRUUSK Vinterfast PE-n\u00e4tfilm Tomatv\u00e4xthus - St\u00e5lram - D\u00f6rr - 101x50x150cm - F\u00f6r Balkong, Tr\u00e4dg\u00e5rd - Tomater, Gr\u00f6nsaker, Blommor - TRUUSK - Hem, Tr\u00e4dg\u00e5rd &amp; Fritid<\/title>\n<meta name=\"robots\" content=\"index, follow, max-snippet:-1, max-image-preview:large, max-video-preview:-1\" \/>\n<link rel=\"canonical\" href=\"https:\/\/truusk.store\/sv\/produkt\/truusk-vinterfast-pe-natfilm-tomatvaxthus-stalram-dorr-101x50x150cm-for-balkong-tradgard-tomater-gronsaker-blommor\/\" \/>\n<meta property=\"og:locale\" content=\"sv_SE\" \/>\n<meta property=\"og:type\" content=\"article\" \/>\n<meta property=\"og:title\" content=\"TRUUSK Vinterfast PE-n\u00e4tfilm Tomatv\u00e4xthus - St\u00e5lram - D\u00f6rr - 101x50x150cm - F\u00f6r Balkong, Tr\u00e4dg\u00e5rd - Tomater, Gr\u00f6nsaker, Blommor - TRUUSK - Hem, Tr\u00e4dg\u00e5rd &amp; Fritid\" \/>\n<meta property=\"og:description\" content=\"Detta h\u00f6ga och smala v\u00e4xthus fr\u00e5n TRUUSK \u00e4r ett utm\u00e4rkt val f\u00f6r din tr\u00e4dg\u00e5rd, balkong eller tr\u00e5nga utrymmen f\u00f6r att...\" \/>\n<meta property=\"og:url\" content=\"https:\/\/truusk.store\/sv\/produkt\/truusk-vinterfast-pe-natfilm-tomatvaxthus-stalram-dorr-101x50x150cm-for-balkong-tradgard-tomater-gronsaker-blommor\/\" \/>\n<meta property=\"og:site_name\" content=\"TRUUSK - Hem, Tr\u00e4dg\u00e5rd &amp; Fritid\" \/>\n<meta property=\"article:modified_time\" content=\"2026-03-12T08:08:17+00:00\" \/>\n<meta property=\"og:image\" content=\"https:\/\/i0.wp.com\/truusk.se\/wp-content\/uploads\/2025\/06\/vaxthus-med-pe-natfilm-dorr-vinterfast-filmvaxthus-av-stal-vaxthus-for-balkong-tradgard-tomatvaxthus-101-x-50-x-150-cm-tomatvaxthus-for-tomater-gronsaker-blommor-vit-1.webp?fit=2000%2C2000&ssl=1\" \/>\n\t<meta property=\"og:image:width\" content=\"2000\" \/>\n\t<meta property=\"og:image:height\" content=\"2000\" \/>\n\t<meta property=\"og:image:type\" content=\"image\/webp\" \/>\n<meta name=\"twitter:card\" content=\"summary_large_image\" \/>\n<meta name=\"twitter:label1\" content=\"Ber\u00e4knad l\u00e4stid\" \/>\n\t<meta name=\"twitter:data1\" content=\"1 minut\" \/>\n<!-- \/ Yoast SEO plugin. -->","yoast_head_json":{"title":"TRUUSK Vinterfast PE-n\u00e4tfilm Tomatv\u00e4xthus - St\u00e5lram - D\u00f6rr - 101x50x150cm - F\u00f6r Balkong, Tr\u00e4dg\u00e5rd - Tomater, Gr\u00f6nsaker, Blommor - TRUUSK - Hem, Tr\u00e4dg\u00e5rd &amp; Fritid","robots":{"index":"index","follow":"follow","max-snippet":"max-snippet:-1","max-image-preview":"max-image-preview:large","max-video-preview":"max-video-preview:-1"},"canonical":"https:\/\/truusk.store\/sv\/produkt\/truusk-vinterfast-pe-natfilm-tomatvaxthus-stalram-dorr-101x50x150cm-for-balkong-tradgard-tomater-gronsaker-blommor\/","og_locale":"sv_SE","og_type":"article","og_title":"TRUUSK Vinterfast PE-n\u00e4tfilm Tomatv\u00e4xthus - St\u00e5lram - D\u00f6rr - 101x50x150cm - F\u00f6r Balkong, Tr\u00e4dg\u00e5rd - Tomater, Gr\u00f6nsaker, Blommor - TRUUSK - Hem, Tr\u00e4dg\u00e5rd &amp; Fritid","og_description":"Detta h\u00f6ga och smala v\u00e4xthus fr\u00e5n TRUUSK \u00e4r ett utm\u00e4rkt val f\u00f6r din tr\u00e4dg\u00e5rd, balkong eller tr\u00e5nga utrymmen f\u00f6r att...","og_url":"https:\/\/truusk.store\/sv\/produkt\/truusk-vinterfast-pe-natfilm-tomatvaxthus-stalram-dorr-101x50x150cm-for-balkong-tradgard-tomater-gronsaker-blommor\/","og_site_name":"TRUUSK - Hem, Tr\u00e4dg\u00e5rd &amp; Fritid","article_modified_time":"2026-03-12T08:08:17+00:00","og_image":[{"width":2000,"height":2000,"url":"https:\/\/i0.wp.com\/truusk.se\/wp-content\/uploads\/2025\/06\/vaxthus-med-pe-natfilm-dorr-vinterfast-filmvaxthus-av-stal-vaxthus-for-balkong-tradgard-tomatvaxthus-101-x-50-x-150-cm-tomatvaxthus-for-tomater-gronsaker-blommor-vit-1.webp?fit=2000%2C2000&ssl=1","type":"image\/webp"}],"twitter_card":"summary_large_image","twitter_misc":{"Ber\u00e4knad l\u00e4stid":"1 minut"},"schema":{"@context":"https:\/\/schema.org","@graph":[{"@type":"WebPage","@id":"https:\/\/truusk.store\/sv\/produkt\/truusk-vinterfast-pe-natfilm-tomatvaxthus-stalram-dorr-101x50x150cm-for-balkong-tradgard-tomater-gronsaker-blommor\/","url":"https:\/\/truusk.store\/sv\/produkt\/truusk-vinterfast-pe-natfilm-tomatvaxthus-stalram-dorr-101x50x150cm-for-balkong-tradgard-tomater-gronsaker-blommor\/","name":"TRUUSK Vinterfast PE-n\u00e4tfilm Tomatv\u00e4xthus - St\u00e5lram - D\u00f6rr - 101x50x150cm - F\u00f6r Balkong, Tr\u00e4dg\u00e5rd - Tomater, Gr\u00f6nsaker, Blommor - TRUUSK - Hem, Tr\u00e4dg\u00e5rd &amp; Fritid","isPartOf":{"@id":"https:\/\/truusk.store\/sv\/#website"},"primaryImageOfPage":{"@id":"https:\/\/truusk.store\/sv\/produkt\/truusk-vinterfast-pe-natfilm-tomatvaxthus-stalram-dorr-101x50x150cm-for-balkong-tradgard-tomater-gronsaker-blommor\/#primaryimage"},"image":{"@id":"https:\/\/truusk.store\/sv\/produkt\/truusk-vinterfast-pe-natfilm-tomatvaxthus-stalram-dorr-101x50x150cm-for-balkong-tradgard-tomater-gronsaker-blommor\/#primaryimage"},"thumbnailUrl":"https:\/\/i0.wp.com\/truusk.store\/wp-content\/uploads\/2025\/06\/vaxthus-med-pe-natfilm-dorr-vinterfast-filmvaxthus-av-stal-vaxthus-for-balkong-tradgard-tomatvaxthus-101-x-50-x-150-cm-tomatvaxthus-for-tomater-gronsaker-blommor-vit-1.webp?fit=2000%2C2000&ssl=1","datePublished":"2025-06-05T22:33:46+00:00","dateModified":"2026-03-12T08:08:17+00:00","breadcrumb":{"@id":"https:\/\/truusk.store\/sv\/produkt\/truusk-vinterfast-pe-natfilm-tomatvaxthus-stalram-dorr-101x50x150cm-for-balkong-tradgard-tomater-gronsaker-blommor\/#breadcrumb"},"inLanguage":"sv-SE","potentialAction":[{"@type":"ReadAction","target":["https:\/\/truusk.store\/sv\/produkt\/truusk-vinterfast-pe-natfilm-tomatvaxthus-stalram-dorr-101x50x150cm-for-balkong-tradgard-tomater-gronsaker-blommor\/"]}]},{"@type":"ImageObject","inLanguage":"sv-SE","@id":"https:\/\/truusk.store\/sv\/produkt\/truusk-vinterfast-pe-natfilm-tomatvaxthus-stalram-dorr-101x50x150cm-for-balkong-tradgard-tomater-gronsaker-blommor\/#primaryimage","url":"https:\/\/i0.wp.com\/truusk.store\/wp-content\/uploads\/2025\/06\/vaxthus-med-pe-natfilm-dorr-vinterfast-filmvaxthus-av-stal-vaxthus-for-balkong-tradgard-tomatvaxthus-101-x-50-x-150-cm-tomatvaxthus-for-tomater-gronsaker-blommor-vit-1.webp?fit=2000%2C2000&ssl=1","contentUrl":"https:\/\/i0.wp.com\/truusk.store\/wp-content\/uploads\/2025\/06\/vaxthus-med-pe-natfilm-dorr-vinterfast-filmvaxthus-av-stal-vaxthus-for-balkong-tradgard-tomatvaxthus-101-x-50-x-150-cm-tomatvaxthus-for-tomater-gronsaker-blommor-vit-1.webp?fit=2000%2C2000&ssl=1","width":2000,"height":2000},{"@type":"BreadcrumbList","@id":"https:\/\/truusk.store\/sv\/produkt\/truusk-vinterfast-pe-natfilm-tomatvaxthus-stalram-dorr-101x50x150cm-for-balkong-tradgard-tomater-gronsaker-blommor\/#breadcrumb","itemListElement":[{"@type":"ListItem","position":1,"name":"Home","item":"https:\/\/truusk.store\/sv\/"},{"@type":"ListItem","position":2,"name":"Shop","item":"https:\/\/truusk.store\/shop\/"},{"@type":"ListItem","position":3,"name":"TRUUSK Vinterfast PE-n\u00e4tfilm Tomatv\u00e4xthus &#8211; St\u00e5lram &#8211; D\u00f6rr &#8211; 101x50x150cm &#8211; F\u00f6r Balkong, Tr\u00e4dg\u00e5rd &#8211; Tomater, Gr\u00f6nsaker, Blommor &#8211;"}]},{"@type":"WebSite","@id":"https:\/\/truusk.store\/sv\/#website","url":"https:\/\/truusk.store\/sv\/","name":"TRUUSK - Hem, Tr\u00e4dg\u00e5rd & Fritid","description":"","publisher":{"@id":"https:\/\/truusk.store\/sv\/#organization"},"potentialAction":[{"@type":"SearchAction","target":{"@type":"EntryPoint","urlTemplate":"https:\/\/truusk.store\/sv\/?s={search_term_string}"},"query-input":{"@type":"PropertyValueSpecification","valueRequired":true,"valueName":"search_term_string"}}],"inLanguage":"sv-SE"},{"@type":"Organization","@id":"https:\/\/truusk.store\/sv\/#organization","name":"TRUUSK - Hem, Tr\u00e4dg\u00e5rd & Fritid","url":"https:\/\/truusk.store\/sv\/","logo":{"@type":"ImageObject","inLanguage":"sv-SE","@id":"https:\/\/truusk.store\/sv\/#\/schema\/logo\/image\/","url":"https:\/\/i0.wp.com\/truusk.store\/wp-content\/uploads\/2026\/03\/cropped-TRUUSK.png?fit=2032%2C917&ssl=1","contentUrl":"https:\/\/i0.wp.com\/truusk.store\/wp-content\/uploads\/2026\/03\/cropped-TRUUSK.png?fit=2032%2C917&ssl=1","width":2032,"height":917,"caption":"TRUUSK - Hem, Tr\u00e4dg\u00e5rd & Fritid"},"image":{"@id":"https:\/\/truusk.store\/sv\/#\/schema\/logo\/image\/"}}]}},"jetpack_sharing_enabled":true,"_links":{"self":[{"href":"https:\/\/truusk.store\/sv\/wp-json\/wp\/v2\/product\/72876","targetHints":{"allow":["GET"]}}],"collection":[{"href":"https:\/\/truusk.store\/sv\/wp-json\/wp\/v2\/product"}],"about":[{"href":"https:\/\/truusk.store\/sv\/wp-json\/wp\/v2\/types\/product"}],"wp:featuredmedia":[{"embeddable":true,"href":"https:\/\/truusk.store\/sv\/wp-json\/wp\/v2\/media\/72867"}],"wp:attachment":[{"href":"https:\/\/truusk.store\/sv\/wp-json\/wp\/v2\/media?parent=72876"}],"wp:term":[{"taxonomy":"product_brand","embeddable":true,"href":"https:\/\/truusk.store\/sv\/wp-json\/wp\/v2\/product_brand?post=72876"},{"taxonomy":"product_cat","embeddable":true,"href":"https:\/\/truusk.store\/sv\/wp-json\/wp\/v2\/product_cat?post=72876"},{"taxonomy":"product_tag","embeddable":true,"href":"https:\/\/truusk.store\/sv\/wp-json\/wp\/v2\/product_tag?post=72876"}],"curies":[{"name":"wp","href":"https:\/\/api.w.org\/{rel}","templated":true}]}}