{"id":72886,"date":"2025-06-05T23:34:47","date_gmt":"2025-06-05T22:34:47","guid":{"rendered":"https:\/\/truusk.store\/product\/strandmatta-2-pack-hopfallbar-strandstol-med-kudde-5-stegs-hojdjusterbar-strandmadrass-med-barvaska-stal-flerfargad-134-x-48-x-33-43-cm\/"},"modified":"2026-03-12T09:12:31","modified_gmt":"2026-03-12T08:12:31","slug":"truusk-2-pack-strandmattor-hopfallbar-med-kudde-5-stegs-hojdjusterbar-barvaska-flerfargad-134-x-48-x-33-43-cm","status":"publish","type":"product","link":"https:\/\/truusk.store\/sv\/produkt\/truusk-2-pack-strandmattor-hopfallbar-med-kudde-5-stegs-hojdjusterbar-barvaska-flerfargad-134-x-48-x-33-43-cm\/","title":{"rendered":"TRUUSK 2-pack Strandmattor &#8211; Hopf\u00e4llbar med Kudde &#8211; 5-stegs H\u00f6jdjusterbar &#8211; B\u00e4rv\u00e4ska &#8211; Flerf\u00e4rgad &#8211; 134 x 48 x 33-43 cm"},"content":{"rendered":"<p>Uppt\u00e4ck de utm\u00e4rkta strandmattorna med justerbart ryggst\u00f6d fr\u00e5n TRUUSK! Idealisk f\u00f6r alla som s\u00f6ker l\u00e4tt komfort utan b\u00f6rdan av tunga solstolar. Detta set inneh\u00e5ller tv\u00e5 hopf\u00e4llbara strandstolar, som kan justeras i 5 positioner, har huvudst\u00f6d och levereras med en praktisk b\u00e4rp\u00e5se.<\/p>\n<p>Beskrivning:<\/p>\n<ul>\n<li> Set med 2 strandmattor med identiska egenskaper, perfekt f\u00f6r ett strandbes\u00f6k f\u00f6r tv\u00e5<\/li>\n<li> Justerbart ryggst\u00f6d i 5 positioner, idealiskt f\u00f6r solbad eller l\u00e4sning av en bok<\/li>\n<li> Hopf\u00e4llbar design av strandmattan och inklusive b\u00e4rp\u00e5se f\u00f6r enkel f\u00f6rvaring och transport<\/li>\n<li> St\u00e5lramen p\u00e5 strandmattan med pulverlackering f\u00f6r \u00f6kad h\u00e5llbarhet och l\u00e5ngvarig anv\u00e4ndning<\/li>\n<li> Ryggst\u00f6det p\u00e5 strandstolen med kudde f\u00f6r b\u00e4ttre huvud- och nackst\u00f6d<\/li>\n<li> Montering kr\u00e4vs<\/li>\n<\/ul>\n<p> Tekniska data:<\/p>\n<ul>\n<li> F\u00e4rg: Flerf\u00e4rgad<\/li>\n<li> Material: St\u00e5l, Oxford-tyg, LDPE-skum<\/li>\n<li> Totala dimensioner: 124L x 53B x 35-45H cm<\/li>\n<li> Hopf\u00e4llda m\u00e5tt: 50L x 53B x 4H cm<\/li>\n<li> Sitsstorlek: 85L x 53B cm<\/li>\n<li> Ryggst\u00f6dsdimensioner: 53L x 52H cm<\/li>\n<li> Huvudst\u00f6dsdimensioner: 31L x 7B x 3H cm<\/li>\n<li> Max. belastning av ryggst\u00f6det: 80 kg<\/li>\n<\/ul>\n<p> Leveransinneh\u00e5ll:<\/p>\n<ul>\n<li> 2 x Strandmatta<\/li>\n<li> 1 x B\u00e4rp\u00e5se<\/li>\n<\/ul>\n","protected":false},"excerpt":{"rendered":"<p>Uppt\u00e4ck de utm\u00e4rkta strandmattorna med justerbart ryggst\u00f6d fr\u00e5n TRUUSK! Idealisk f\u00f6r alla som s\u00f6ker l\u00e4tt komfort utan b\u00f6rdan av tunga&#8230;<\/p>\n","protected":false},"featured_media":72877,"template":"","meta":[],"product_brand":[],"product_cat":[451,858,450],"product_tag":[],"class_list":{"0":"post-72886","1":"product","2":"type-product","3":"status-publish","4":"has-post-thumbnail","6":"product_cat-solstolar","7":"product_cat-tradgard-terrass","8":"product_cat-tradgardsmobler","10":"first","11":"instock","12":"sale","13":"taxable","14":"shipping-taxable","15":"purchasable","16":"product-type-simple"},"yoast_head":"<!-- This site is optimized with the Yoast SEO plugin v25.4 - https:\/\/yoast.com\/wordpress\/plugins\/seo\/ -->\n<title>TRUUSK 2-pack Strandmattor - Hopf\u00e4llbar med Kudde - 5-stegs H\u00f6jdjusterbar - B\u00e4rv\u00e4ska - Flerf\u00e4rgad - 134 x 48 x 33-43 cm - TRUUSK - Hem, Tr\u00e4dg\u00e5rd &amp; Fritid<\/title>\n<meta name=\"robots\" content=\"index, follow, max-snippet:-1, max-image-preview:large, max-video-preview:-1\" \/>\n<link rel=\"canonical\" href=\"https:\/\/truusk.store\/sv\/produkt\/truusk-2-pack-strandmattor-hopfallbar-med-kudde-5-stegs-hojdjusterbar-barvaska-flerfargad-134-x-48-x-33-43-cm\/\" \/>\n<meta property=\"og:locale\" content=\"sv_SE\" \/>\n<meta property=\"og:type\" content=\"article\" \/>\n<meta property=\"og:title\" content=\"TRUUSK 2-pack Strandmattor - Hopf\u00e4llbar med Kudde - 5-stegs H\u00f6jdjusterbar - B\u00e4rv\u00e4ska - Flerf\u00e4rgad - 134 x 48 x 33-43 cm - TRUUSK - Hem, Tr\u00e4dg\u00e5rd &amp; Fritid\" \/>\n<meta property=\"og:description\" content=\"Uppt\u00e4ck de utm\u00e4rkta strandmattorna med justerbart ryggst\u00f6d fr\u00e5n TRUUSK! Idealisk f\u00f6r alla som s\u00f6ker l\u00e4tt komfort utan b\u00f6rdan av tunga...\" \/>\n<meta property=\"og:url\" content=\"https:\/\/truusk.store\/sv\/produkt\/truusk-2-pack-strandmattor-hopfallbar-med-kudde-5-stegs-hojdjusterbar-barvaska-flerfargad-134-x-48-x-33-43-cm\/\" \/>\n<meta property=\"og:site_name\" content=\"TRUUSK - Hem, Tr\u00e4dg\u00e5rd &amp; Fritid\" \/>\n<meta property=\"article:modified_time\" content=\"2026-03-12T08:12:31+00:00\" \/>\n<meta property=\"og:image\" content=\"https:\/\/i0.wp.com\/truusk.se\/wp-content\/uploads\/2025\/06\/strandmatta-2-pack-hopfallbar-strandstol-med-kudde-5-stegs-hojdjusterbar-strandmadrass-med-barvaska-stal-flerfargad-134-x-48-x-33-43-cm-1.webp?fit=2000%2C2000&ssl=1\" \/>\n\t<meta property=\"og:image:width\" content=\"2000\" \/>\n\t<meta property=\"og:image:height\" content=\"2000\" \/>\n\t<meta property=\"og:image:type\" content=\"image\/webp\" \/>\n<meta name=\"twitter:card\" content=\"summary_large_image\" \/>\n<meta name=\"twitter:label1\" content=\"Ber\u00e4knad l\u00e4stid\" \/>\n\t<meta name=\"twitter:data1\" content=\"1 minut\" \/>\n<!-- \/ Yoast SEO plugin. -->","yoast_head_json":{"title":"TRUUSK 2-pack Strandmattor - Hopf\u00e4llbar med Kudde - 5-stegs H\u00f6jdjusterbar - B\u00e4rv\u00e4ska - Flerf\u00e4rgad - 134 x 48 x 33-43 cm - TRUUSK - Hem, Tr\u00e4dg\u00e5rd &amp; Fritid","robots":{"index":"index","follow":"follow","max-snippet":"max-snippet:-1","max-image-preview":"max-image-preview:large","max-video-preview":"max-video-preview:-1"},"canonical":"https:\/\/truusk.store\/sv\/produkt\/truusk-2-pack-strandmattor-hopfallbar-med-kudde-5-stegs-hojdjusterbar-barvaska-flerfargad-134-x-48-x-33-43-cm\/","og_locale":"sv_SE","og_type":"article","og_title":"TRUUSK 2-pack Strandmattor - Hopf\u00e4llbar med Kudde - 5-stegs H\u00f6jdjusterbar - B\u00e4rv\u00e4ska - Flerf\u00e4rgad - 134 x 48 x 33-43 cm - TRUUSK - Hem, Tr\u00e4dg\u00e5rd &amp; Fritid","og_description":"Uppt\u00e4ck de utm\u00e4rkta strandmattorna med justerbart ryggst\u00f6d fr\u00e5n TRUUSK! Idealisk f\u00f6r alla som s\u00f6ker l\u00e4tt komfort utan b\u00f6rdan av tunga...","og_url":"https:\/\/truusk.store\/sv\/produkt\/truusk-2-pack-strandmattor-hopfallbar-med-kudde-5-stegs-hojdjusterbar-barvaska-flerfargad-134-x-48-x-33-43-cm\/","og_site_name":"TRUUSK - Hem, Tr\u00e4dg\u00e5rd &amp; Fritid","article_modified_time":"2026-03-12T08:12:31+00:00","og_image":[{"width":2000,"height":2000,"url":"https:\/\/i0.wp.com\/truusk.se\/wp-content\/uploads\/2025\/06\/strandmatta-2-pack-hopfallbar-strandstol-med-kudde-5-stegs-hojdjusterbar-strandmadrass-med-barvaska-stal-flerfargad-134-x-48-x-33-43-cm-1.webp?fit=2000%2C2000&ssl=1","type":"image\/webp"}],"twitter_card":"summary_large_image","twitter_misc":{"Ber\u00e4knad l\u00e4stid":"1 minut"},"schema":{"@context":"https:\/\/schema.org","@graph":[{"@type":"WebPage","@id":"https:\/\/truusk.store\/sv\/produkt\/truusk-2-pack-strandmattor-hopfallbar-med-kudde-5-stegs-hojdjusterbar-barvaska-flerfargad-134-x-48-x-33-43-cm\/","url":"https:\/\/truusk.store\/sv\/produkt\/truusk-2-pack-strandmattor-hopfallbar-med-kudde-5-stegs-hojdjusterbar-barvaska-flerfargad-134-x-48-x-33-43-cm\/","name":"TRUUSK 2-pack Strandmattor - Hopf\u00e4llbar med Kudde - 5-stegs H\u00f6jdjusterbar - B\u00e4rv\u00e4ska - Flerf\u00e4rgad - 134 x 48 x 33-43 cm - TRUUSK - Hem, Tr\u00e4dg\u00e5rd &amp; Fritid","isPartOf":{"@id":"https:\/\/truusk.store\/sv\/#website"},"primaryImageOfPage":{"@id":"https:\/\/truusk.store\/sv\/produkt\/truusk-2-pack-strandmattor-hopfallbar-med-kudde-5-stegs-hojdjusterbar-barvaska-flerfargad-134-x-48-x-33-43-cm\/#primaryimage"},"image":{"@id":"https:\/\/truusk.store\/sv\/produkt\/truusk-2-pack-strandmattor-hopfallbar-med-kudde-5-stegs-hojdjusterbar-barvaska-flerfargad-134-x-48-x-33-43-cm\/#primaryimage"},"thumbnailUrl":"https:\/\/i0.wp.com\/truusk.store\/wp-content\/uploads\/2025\/06\/strandmatta-2-pack-hopfallbar-strandstol-med-kudde-5-stegs-hojdjusterbar-strandmadrass-med-barvaska-stal-flerfargad-134-x-48-x-33-43-cm-1.webp?fit=2000%2C2000&ssl=1","datePublished":"2025-06-05T22:34:47+00:00","dateModified":"2026-03-12T08:12:31+00:00","breadcrumb":{"@id":"https:\/\/truusk.store\/sv\/produkt\/truusk-2-pack-strandmattor-hopfallbar-med-kudde-5-stegs-hojdjusterbar-barvaska-flerfargad-134-x-48-x-33-43-cm\/#breadcrumb"},"inLanguage":"sv-SE","potentialAction":[{"@type":"ReadAction","target":["https:\/\/truusk.store\/sv\/produkt\/truusk-2-pack-strandmattor-hopfallbar-med-kudde-5-stegs-hojdjusterbar-barvaska-flerfargad-134-x-48-x-33-43-cm\/"]}]},{"@type":"ImageObject","inLanguage":"sv-SE","@id":"https:\/\/truusk.store\/sv\/produkt\/truusk-2-pack-strandmattor-hopfallbar-med-kudde-5-stegs-hojdjusterbar-barvaska-flerfargad-134-x-48-x-33-43-cm\/#primaryimage","url":"https:\/\/i0.wp.com\/truusk.store\/wp-content\/uploads\/2025\/06\/strandmatta-2-pack-hopfallbar-strandstol-med-kudde-5-stegs-hojdjusterbar-strandmadrass-med-barvaska-stal-flerfargad-134-x-48-x-33-43-cm-1.webp?fit=2000%2C2000&ssl=1","contentUrl":"https:\/\/i0.wp.com\/truusk.store\/wp-content\/uploads\/2025\/06\/strandmatta-2-pack-hopfallbar-strandstol-med-kudde-5-stegs-hojdjusterbar-strandmadrass-med-barvaska-stal-flerfargad-134-x-48-x-33-43-cm-1.webp?fit=2000%2C2000&ssl=1","width":2000,"height":2000},{"@type":"BreadcrumbList","@id":"https:\/\/truusk.store\/sv\/produkt\/truusk-2-pack-strandmattor-hopfallbar-med-kudde-5-stegs-hojdjusterbar-barvaska-flerfargad-134-x-48-x-33-43-cm\/#breadcrumb","itemListElement":[{"@type":"ListItem","position":1,"name":"Home","item":"https:\/\/truusk.store\/sv\/"},{"@type":"ListItem","position":2,"name":"Shop","item":"https:\/\/truusk.store\/shop\/"},{"@type":"ListItem","position":3,"name":"TRUUSK 2-pack Strandmattor &#8211; Hopf\u00e4llbar med Kudde &#8211; 5-stegs H\u00f6jdjusterbar &#8211; B\u00e4rv\u00e4ska &#8211; Flerf\u00e4rgad &#8211; 134 x 48 x 33-43 cm"}]},{"@type":"WebSite","@id":"https:\/\/truusk.store\/sv\/#website","url":"https:\/\/truusk.store\/sv\/","name":"TRUUSK - Hem, Tr\u00e4dg\u00e5rd & Fritid","description":"","publisher":{"@id":"https:\/\/truusk.store\/sv\/#organization"},"potentialAction":[{"@type":"SearchAction","target":{"@type":"EntryPoint","urlTemplate":"https:\/\/truusk.store\/sv\/?s={search_term_string}"},"query-input":{"@type":"PropertyValueSpecification","valueRequired":true,"valueName":"search_term_string"}}],"inLanguage":"sv-SE"},{"@type":"Organization","@id":"https:\/\/truusk.store\/sv\/#organization","name":"TRUUSK - Hem, Tr\u00e4dg\u00e5rd & Fritid","url":"https:\/\/truusk.store\/sv\/","logo":{"@type":"ImageObject","inLanguage":"sv-SE","@id":"https:\/\/truusk.store\/sv\/#\/schema\/logo\/image\/","url":"https:\/\/i0.wp.com\/truusk.store\/wp-content\/uploads\/2026\/03\/cropped-TRUUSK.png?fit=2032%2C917&ssl=1","contentUrl":"https:\/\/i0.wp.com\/truusk.store\/wp-content\/uploads\/2026\/03\/cropped-TRUUSK.png?fit=2032%2C917&ssl=1","width":2032,"height":917,"caption":"TRUUSK - Hem, Tr\u00e4dg\u00e5rd & Fritid"},"image":{"@id":"https:\/\/truusk.store\/sv\/#\/schema\/logo\/image\/"}}]}},"jetpack_sharing_enabled":true,"_links":{"self":[{"href":"https:\/\/truusk.store\/sv\/wp-json\/wp\/v2\/product\/72886","targetHints":{"allow":["GET"]}}],"collection":[{"href":"https:\/\/truusk.store\/sv\/wp-json\/wp\/v2\/product"}],"about":[{"href":"https:\/\/truusk.store\/sv\/wp-json\/wp\/v2\/types\/product"}],"wp:featuredmedia":[{"embeddable":true,"href":"https:\/\/truusk.store\/sv\/wp-json\/wp\/v2\/media\/72877"}],"wp:attachment":[{"href":"https:\/\/truusk.store\/sv\/wp-json\/wp\/v2\/media?parent=72886"}],"wp:term":[{"taxonomy":"product_brand","embeddable":true,"href":"https:\/\/truusk.store\/sv\/wp-json\/wp\/v2\/product_brand?post=72886"},{"taxonomy":"product_cat","embeddable":true,"href":"https:\/\/truusk.store\/sv\/wp-json\/wp\/v2\/product_cat?post=72886"},{"taxonomy":"product_tag","embeddable":true,"href":"https:\/\/truusk.store\/sv\/wp-json\/wp\/v2\/product_tag?post=72886"}],"curies":[{"name":"wp","href":"https:\/\/api.w.org\/{rel}","templated":true}]}}