{"id":72906,"date":"2025-06-05T23:36:47","date_gmt":"2025-06-05T22:36:47","guid":{"rendered":"https:\/\/truusk.store\/product\/kladskap-i-tyg-med-kladstang-6-fack-hopfallbar-garderob-i-fleece-look-hopfallbart-skap-for-sovrum-hall-morkgra-103-x-43-x-1625-cm\/"},"modified":"2026-03-12T09:14:25","modified_gmt":"2026-03-12T08:14:25","slug":"truusk-hopfallbar-kladskap-i-tyg-med-kladstang-6-fack-fleece-look-for-sovrum-hall-morkgra-103-x-43-x-1625-cm","status":"publish","type":"product","link":"https:\/\/truusk.store\/sv\/produkt\/truusk-hopfallbar-kladskap-i-tyg-med-kladstang-6-fack-fleece-look-for-sovrum-hall-morkgra-103-x-43-x-1625-cm\/","title":{"rendered":"TRUUSK Hopf\u00e4llbar Kl\u00e4dsk\u00e5p i Tyg &#8211; Med Kl\u00e4dst\u00e5ng &#8211; 6 Fack &#8211; Fleece-look &#8211; F\u00f6r Sovrum, Hall &#8211; M\u00f6rkgr\u00e5 &#8211; 103 x 43 x 162,5 cm"},"content":{"rendered":"<p>Detta tygsk\u00e5p fr\u00e5n TRUUSK skapar ordning i ditt hem. Tack vare sin m\u00e5ngsidiga design \u00e4r detta sk\u00e5p idealiskt f\u00f6r alla rum som beh\u00f6ver extra f\u00f6rvaringsutrymme. Den har 1 kl\u00e4dst\u00e5ng och 6 hyllor f\u00f6r att organisera och f\u00f6rvara kl\u00e4der, handdukar, s\u00e4ngkl\u00e4der eller v\u00e4skor. Tyg\u00f6verdraget skyddar dina saker perfekt mot damm &#8211; den ideala organisationsl\u00f6sningen!<\/p>\n<p>Beskrivning:<\/p>\n<ul>\n<li> Tygkl\u00e4dsel, idealisk f\u00f6r sovrum, skafferi, garage, tv\u00e4ttstuga etc<\/li>\n<li> Den har 1 kl\u00e4dst\u00e5ng och 6 hyllor<\/li>\n<li> Fleece\u00f6verdraget \u00e4r idealiskt f\u00f6r att skydda kl\u00e4der och f\u00f6rem\u00e5l mot damm<\/li>\n<li> Dragkedja f\u00f6r enkel \u00f6ppning och st\u00e4ngning och kardborreband f\u00f6r att rulla upp och s\u00e4kra d\u00f6rren<\/li>\n<li> St\u00e5lram med robusta plastkopplingar, idealisk f\u00f6r l\u00e5ngvarig anv\u00e4ndning<\/li>\n<li> Den upph\u00f6jda botten \u00e4r idealisk f\u00f6r att skydda mot fukt<\/li>\n<li> Snabb och enkel montering<\/li>\n<\/ul>\n<p> Tekniska data:<\/p>\n<ul>\n<li> F\u00e4rg: M\u00f6rkgr\u00e5<\/li>\n<li> Material: St\u00e5l, fleece, plast<\/li>\n<li> Totala m\u00e5tt: 103L x 43B x 162,5H cm<\/li>\n<li> H\u00f6ger hylla: 39,5L x 39,5B x 37,5H cm<\/li>\n<li> V\u00e4nster f\u00f6rvaring: 58,5L x 39,5B x 115,5\/37,5H cm<\/li>\n<li> L\u00e4ngd p\u00e5 h\u00e4ngst\u00e5ngen: 58 cm<\/li>\n<li> H\u00f6jd p\u00e5 st\u00e5ngen: 111 cm (i f\u00f6rh\u00e5llande till den nedre hyllan)<\/li>\n<li> D\u00f6rrm\u00e5tt: 83L x 145H cm<\/li>\n<li> H\u00f6jd p\u00e5 benen: 5 cm<\/li>\n<li> Maximal belastning: 45 kg (totalt), 15 kg (h\u00e4ngst\u00e5ng) och 5 kg (varje hylla)<\/li>\n<\/ul>\n<p>Leveransinneh\u00e5ll:<\/p>\n<ul>\n<li> 1 x Tygsk\u00e5p<\/li>\n<li> 1 x Bruksanvisning<\/li>\n<\/ul>\n","protected":false},"excerpt":{"rendered":"<p>Detta tygsk\u00e5p fr\u00e5n TRUUSK skapar ordning i ditt hem. Tack vare sin m\u00e5ngsidiga design \u00e4r detta sk\u00e5p idealiskt f\u00f6r alla&#8230;<\/p>\n","protected":false},"featured_media":72897,"template":"","meta":[],"product_brand":[],"product_cat":[558,871,897],"product_tag":[],"class_list":{"0":"post-72906","1":"product","2":"type-product","3":"status-publish","4":"has-post-thumbnail","6":"product_cat-garderober","7":"product_cat-hus-hem","8":"product_cat-sovrum","10":"first","11":"instock","12":"sale","13":"taxable","14":"shipping-taxable","15":"purchasable","16":"product-type-simple"},"yoast_head":"<!-- This site is optimized with the Yoast SEO plugin v25.4 - https:\/\/yoast.com\/wordpress\/plugins\/seo\/ -->\n<title>TRUUSK Hopf\u00e4llbar Kl\u00e4dsk\u00e5p i Tyg - Med Kl\u00e4dst\u00e5ng - 6 Fack - Fleece-look - F\u00f6r Sovrum, Hall - M\u00f6rkgr\u00e5 - 103 x 43 x 162,5 cm - TRUUSK - Hem, Tr\u00e4dg\u00e5rd &amp; Fritid<\/title>\n<meta name=\"robots\" content=\"index, follow, max-snippet:-1, max-image-preview:large, max-video-preview:-1\" \/>\n<link rel=\"canonical\" href=\"https:\/\/truusk.store\/sv\/produkt\/truusk-hopfallbar-kladskap-i-tyg-med-kladstang-6-fack-fleece-look-for-sovrum-hall-morkgra-103-x-43-x-1625-cm\/\" \/>\n<meta property=\"og:locale\" content=\"sv_SE\" \/>\n<meta property=\"og:type\" content=\"article\" \/>\n<meta property=\"og:title\" content=\"TRUUSK Hopf\u00e4llbar Kl\u00e4dsk\u00e5p i Tyg - Med Kl\u00e4dst\u00e5ng - 6 Fack - Fleece-look - F\u00f6r Sovrum, Hall - M\u00f6rkgr\u00e5 - 103 x 43 x 162,5 cm - TRUUSK - Hem, Tr\u00e4dg\u00e5rd &amp; Fritid\" \/>\n<meta property=\"og:description\" content=\"Detta tygsk\u00e5p fr\u00e5n TRUUSK skapar ordning i ditt hem. Tack vare sin m\u00e5ngsidiga design \u00e4r detta sk\u00e5p idealiskt f\u00f6r alla...\" \/>\n<meta property=\"og:url\" content=\"https:\/\/truusk.store\/sv\/produkt\/truusk-hopfallbar-kladskap-i-tyg-med-kladstang-6-fack-fleece-look-for-sovrum-hall-morkgra-103-x-43-x-1625-cm\/\" \/>\n<meta property=\"og:site_name\" content=\"TRUUSK - Hem, Tr\u00e4dg\u00e5rd &amp; Fritid\" \/>\n<meta property=\"article:modified_time\" content=\"2026-03-12T08:14:25+00:00\" \/>\n<meta property=\"og:image\" content=\"https:\/\/i0.wp.com\/truusk.se\/wp-content\/uploads\/2025\/06\/kladskap-i-tyg-med-kladstang-6-fack-hopfallbar-garderob-i-fleece-look-hopfallbart-skap-for-sovrum-hall-morkgra-103-x-43-x-1625-cm-1.webp?fit=2000%2C2000&ssl=1\" \/>\n\t<meta property=\"og:image:width\" content=\"2000\" \/>\n\t<meta property=\"og:image:height\" content=\"2000\" \/>\n\t<meta property=\"og:image:type\" content=\"image\/webp\" \/>\n<meta name=\"twitter:card\" content=\"summary_large_image\" \/>\n<meta name=\"twitter:label1\" content=\"Ber\u00e4knad l\u00e4stid\" \/>\n\t<meta name=\"twitter:data1\" content=\"1 minut\" \/>\n<!-- \/ Yoast SEO plugin. -->","yoast_head_json":{"title":"TRUUSK Hopf\u00e4llbar Kl\u00e4dsk\u00e5p i Tyg - Med Kl\u00e4dst\u00e5ng - 6 Fack - Fleece-look - F\u00f6r Sovrum, Hall - M\u00f6rkgr\u00e5 - 103 x 43 x 162,5 cm - TRUUSK - Hem, Tr\u00e4dg\u00e5rd &amp; Fritid","robots":{"index":"index","follow":"follow","max-snippet":"max-snippet:-1","max-image-preview":"max-image-preview:large","max-video-preview":"max-video-preview:-1"},"canonical":"https:\/\/truusk.store\/sv\/produkt\/truusk-hopfallbar-kladskap-i-tyg-med-kladstang-6-fack-fleece-look-for-sovrum-hall-morkgra-103-x-43-x-1625-cm\/","og_locale":"sv_SE","og_type":"article","og_title":"TRUUSK Hopf\u00e4llbar Kl\u00e4dsk\u00e5p i Tyg - Med Kl\u00e4dst\u00e5ng - 6 Fack - Fleece-look - F\u00f6r Sovrum, Hall - M\u00f6rkgr\u00e5 - 103 x 43 x 162,5 cm - TRUUSK - Hem, Tr\u00e4dg\u00e5rd &amp; Fritid","og_description":"Detta tygsk\u00e5p fr\u00e5n TRUUSK skapar ordning i ditt hem. Tack vare sin m\u00e5ngsidiga design \u00e4r detta sk\u00e5p idealiskt f\u00f6r alla...","og_url":"https:\/\/truusk.store\/sv\/produkt\/truusk-hopfallbar-kladskap-i-tyg-med-kladstang-6-fack-fleece-look-for-sovrum-hall-morkgra-103-x-43-x-1625-cm\/","og_site_name":"TRUUSK - Hem, Tr\u00e4dg\u00e5rd &amp; Fritid","article_modified_time":"2026-03-12T08:14:25+00:00","og_image":[{"width":2000,"height":2000,"url":"https:\/\/i0.wp.com\/truusk.se\/wp-content\/uploads\/2025\/06\/kladskap-i-tyg-med-kladstang-6-fack-hopfallbar-garderob-i-fleece-look-hopfallbart-skap-for-sovrum-hall-morkgra-103-x-43-x-1625-cm-1.webp?fit=2000%2C2000&ssl=1","type":"image\/webp"}],"twitter_card":"summary_large_image","twitter_misc":{"Ber\u00e4knad l\u00e4stid":"1 minut"},"schema":{"@context":"https:\/\/schema.org","@graph":[{"@type":"WebPage","@id":"https:\/\/truusk.store\/sv\/produkt\/truusk-hopfallbar-kladskap-i-tyg-med-kladstang-6-fack-fleece-look-for-sovrum-hall-morkgra-103-x-43-x-1625-cm\/","url":"https:\/\/truusk.store\/sv\/produkt\/truusk-hopfallbar-kladskap-i-tyg-med-kladstang-6-fack-fleece-look-for-sovrum-hall-morkgra-103-x-43-x-1625-cm\/","name":"TRUUSK Hopf\u00e4llbar Kl\u00e4dsk\u00e5p i Tyg - Med Kl\u00e4dst\u00e5ng - 6 Fack - Fleece-look - F\u00f6r Sovrum, Hall - M\u00f6rkgr\u00e5 - 103 x 43 x 162,5 cm - TRUUSK - Hem, Tr\u00e4dg\u00e5rd &amp; Fritid","isPartOf":{"@id":"https:\/\/truusk.store\/sv\/#website"},"primaryImageOfPage":{"@id":"https:\/\/truusk.store\/sv\/produkt\/truusk-hopfallbar-kladskap-i-tyg-med-kladstang-6-fack-fleece-look-for-sovrum-hall-morkgra-103-x-43-x-1625-cm\/#primaryimage"},"image":{"@id":"https:\/\/truusk.store\/sv\/produkt\/truusk-hopfallbar-kladskap-i-tyg-med-kladstang-6-fack-fleece-look-for-sovrum-hall-morkgra-103-x-43-x-1625-cm\/#primaryimage"},"thumbnailUrl":"https:\/\/i0.wp.com\/truusk.store\/wp-content\/uploads\/2025\/06\/kladskap-i-tyg-med-kladstang-6-fack-hopfallbar-garderob-i-fleece-look-hopfallbart-skap-for-sovrum-hall-morkgra-103-x-43-x-1625-cm-1.webp?fit=2000%2C2000&ssl=1","datePublished":"2025-06-05T22:36:47+00:00","dateModified":"2026-03-12T08:14:25+00:00","breadcrumb":{"@id":"https:\/\/truusk.store\/sv\/produkt\/truusk-hopfallbar-kladskap-i-tyg-med-kladstang-6-fack-fleece-look-for-sovrum-hall-morkgra-103-x-43-x-1625-cm\/#breadcrumb"},"inLanguage":"sv-SE","potentialAction":[{"@type":"ReadAction","target":["https:\/\/truusk.store\/sv\/produkt\/truusk-hopfallbar-kladskap-i-tyg-med-kladstang-6-fack-fleece-look-for-sovrum-hall-morkgra-103-x-43-x-1625-cm\/"]}]},{"@type":"ImageObject","inLanguage":"sv-SE","@id":"https:\/\/truusk.store\/sv\/produkt\/truusk-hopfallbar-kladskap-i-tyg-med-kladstang-6-fack-fleece-look-for-sovrum-hall-morkgra-103-x-43-x-1625-cm\/#primaryimage","url":"https:\/\/i0.wp.com\/truusk.store\/wp-content\/uploads\/2025\/06\/kladskap-i-tyg-med-kladstang-6-fack-hopfallbar-garderob-i-fleece-look-hopfallbart-skap-for-sovrum-hall-morkgra-103-x-43-x-1625-cm-1.webp?fit=2000%2C2000&ssl=1","contentUrl":"https:\/\/i0.wp.com\/truusk.store\/wp-content\/uploads\/2025\/06\/kladskap-i-tyg-med-kladstang-6-fack-hopfallbar-garderob-i-fleece-look-hopfallbart-skap-for-sovrum-hall-morkgra-103-x-43-x-1625-cm-1.webp?fit=2000%2C2000&ssl=1","width":2000,"height":2000},{"@type":"BreadcrumbList","@id":"https:\/\/truusk.store\/sv\/produkt\/truusk-hopfallbar-kladskap-i-tyg-med-kladstang-6-fack-fleece-look-for-sovrum-hall-morkgra-103-x-43-x-1625-cm\/#breadcrumb","itemListElement":[{"@type":"ListItem","position":1,"name":"Home","item":"https:\/\/truusk.store\/sv\/"},{"@type":"ListItem","position":2,"name":"Shop","item":"https:\/\/truusk.store\/shop\/"},{"@type":"ListItem","position":3,"name":"TRUUSK Hopf\u00e4llbar Kl\u00e4dsk\u00e5p i Tyg &#8211; Med Kl\u00e4dst\u00e5ng &#8211; 6 Fack &#8211; Fleece-look &#8211; F\u00f6r Sovrum, Hall &#8211; M\u00f6rkgr\u00e5 &#8211; 103 x 43 x 162,5 cm"}]},{"@type":"WebSite","@id":"https:\/\/truusk.store\/sv\/#website","url":"https:\/\/truusk.store\/sv\/","name":"TRUUSK - Hem, Tr\u00e4dg\u00e5rd & Fritid","description":"","publisher":{"@id":"https:\/\/truusk.store\/sv\/#organization"},"potentialAction":[{"@type":"SearchAction","target":{"@type":"EntryPoint","urlTemplate":"https:\/\/truusk.store\/sv\/?s={search_term_string}"},"query-input":{"@type":"PropertyValueSpecification","valueRequired":true,"valueName":"search_term_string"}}],"inLanguage":"sv-SE"},{"@type":"Organization","@id":"https:\/\/truusk.store\/sv\/#organization","name":"TRUUSK - Hem, Tr\u00e4dg\u00e5rd & Fritid","url":"https:\/\/truusk.store\/sv\/","logo":{"@type":"ImageObject","inLanguage":"sv-SE","@id":"https:\/\/truusk.store\/sv\/#\/schema\/logo\/image\/","url":"https:\/\/i0.wp.com\/truusk.store\/wp-content\/uploads\/2026\/03\/cropped-TRUUSK.png?fit=2032%2C917&ssl=1","contentUrl":"https:\/\/i0.wp.com\/truusk.store\/wp-content\/uploads\/2026\/03\/cropped-TRUUSK.png?fit=2032%2C917&ssl=1","width":2032,"height":917,"caption":"TRUUSK - Hem, Tr\u00e4dg\u00e5rd & Fritid"},"image":{"@id":"https:\/\/truusk.store\/sv\/#\/schema\/logo\/image\/"}}]}},"jetpack_sharing_enabled":true,"_links":{"self":[{"href":"https:\/\/truusk.store\/sv\/wp-json\/wp\/v2\/product\/72906","targetHints":{"allow":["GET"]}}],"collection":[{"href":"https:\/\/truusk.store\/sv\/wp-json\/wp\/v2\/product"}],"about":[{"href":"https:\/\/truusk.store\/sv\/wp-json\/wp\/v2\/types\/product"}],"wp:featuredmedia":[{"embeddable":true,"href":"https:\/\/truusk.store\/sv\/wp-json\/wp\/v2\/media\/72897"}],"wp:attachment":[{"href":"https:\/\/truusk.store\/sv\/wp-json\/wp\/v2\/media?parent=72906"}],"wp:term":[{"taxonomy":"product_brand","embeddable":true,"href":"https:\/\/truusk.store\/sv\/wp-json\/wp\/v2\/product_brand?post=72906"},{"taxonomy":"product_cat","embeddable":true,"href":"https:\/\/truusk.store\/sv\/wp-json\/wp\/v2\/product_cat?post=72906"},{"taxonomy":"product_tag","embeddable":true,"href":"https:\/\/truusk.store\/sv\/wp-json\/wp\/v2\/product_tag?post=72906"}],"curies":[{"name":"wp","href":"https:\/\/api.w.org\/{rel}","templated":true}]}}