{"id":72927,"date":"2025-06-05T23:38:48","date_gmt":"2025-06-05T22:38:48","guid":{"rendered":"https:\/\/truusk.store\/product\/2-delat-set-rattan-pallar-med-rattan-look-forvaringsutrymme-kudde-lock-120-kg-belastningskapacitet-vaderbestandig-tradgardspall-fotpall-tradgardsmobler-for-utomhus-tradgard-terrass-40x40x41cm-morkgra\/"},"modified":"2026-03-12T08:43:15","modified_gmt":"2026-03-12T07:43:15","slug":"truusk-2-delat-set-rattan-look-pallar-forvaringsutrymme-120-kg-belastningskapacitet-vaderbestandig-tradgardsmobler","status":"publish","type":"product","link":"https:\/\/truusk.store\/sv\/produkt\/truusk-2-delat-set-rattan-look-pallar-forvaringsutrymme-120-kg-belastningskapacitet-vaderbestandig-tradgardsmobler\/","title":{"rendered":"TRUUSK 2-delat Set Rattan-look Pallar &#8211; F\u00f6rvaringsutrymme &#8211; 120 Kg Belastningskapacitet &#8211; V\u00e4derbest\u00e4ndig &#8211; Tr\u00e4dg\u00e5rdsm\u00f6bler &#8211;"},"content":{"rendered":"<p>Upplev den handv\u00e4vda rottingstilen utomhus denna sommar med TRUUSK, utan att beh\u00f6va oroa dig f\u00f6r v\u00e4dret. V\u00e5ra rottingpallar f\u00f6r utomhusbruk \u00e4r tillr\u00e4ckligt robusta f\u00f6r utomhusbruk och samtidigt tillr\u00e4ckligt stiliga f\u00f6r inomhusbruk. De fungerar som fotst\u00f6d, pallar eller sidobord och har var och en ett dolt f\u00f6rvaringsutrymme under topplocket. Den handv\u00e4vda rottingen p\u00e5 rottingpallen erbjuder f\u00f6rb\u00e4ttrat vattenskydd. Tack vare de bekv\u00e4ma kuddarna kan du avslappnat l\u00e4gga upp dina f\u00f6tter bredvid din sittplats p\u00e5 terrassen eller verandan.<\/p>\n<p>Beskrivning:<\/p>\n<ul>\n<li> Set med tv\u00e5 utomhusottomaner med dolt f\u00f6rvaringsutrymme<\/li>\n<li> M\u00e5ngsidigt anv\u00e4ndbara som fotst\u00f6d, rottingpallar eller sidobord, f\u00f6rvaringsl\u00e5dor<\/li>\n<li> Plastrottingutseendet p\u00e5 rottingpallen erbjuder ett elegant utseende och h\u00e5llbarhet<\/li>\n<li> Kuddar med mjuk stoppning f\u00f6r optimal komfort, med elastiska band f\u00f6r fasts\u00e4ttning<\/li>\n<li> Dragkedjekudd\u00f6verdrag p\u00e5 rottingpallen f\u00f6r enkel v\u00e5rd<\/li>\n<li> St\u00e5lram med pulverbel\u00e4ggning erbjuder fast st\u00f6d<\/li>\n<li> H\u00f6jd bas med fyra upph\u00f6jda skyddsf\u00f6tter<\/li>\n<li> Montering kr\u00e4vs<\/li>\n<\/ul>\n<p> Tekniska data:<\/p>\n<ul>\n<li> F\u00e4rg: M\u00f6rkgr\u00e5+Svart<\/li>\n<li> Material: St\u00e5l, PE-rotting, 3D vertikalt skum, polyester<\/li>\n<li> Totala dimensioner: 40L x 40B x 41H cm<\/li>\n<li> Kuddtjocklek: 5 cm<\/li>\n<li> B\u00e4rkapacitet: 120 kg<\/li>\n<\/ul>\n<p>Leveransinneh\u00e5ll:<\/p>\n<ul>\n<li> 2 x Utomhusottomaner<\/li>\n<li> 2 x Kuddar<\/li>\n<li> 1 x Handbok<\/li>\n<\/ul>\n","protected":false},"excerpt":{"rendered":"<p>Upplev den handv\u00e4vda rottingstilen utomhus denna sommar med TRUUSK, utan att beh\u00f6va oroa dig f\u00f6r v\u00e4dret. V\u00e5ra rottingpallar f\u00f6r utomhusbruk&#8230;<\/p>\n","protected":false},"featured_media":72917,"template":"","meta":[],"product_brand":[],"product_cat":[1035,858,450],"product_tag":[],"class_list":{"0":"post-72927","1":"product","2":"type-product","3":"status-publish","4":"has-post-thumbnail","6":"product_cat-polyrattan-tradgardsmobler","7":"product_cat-tradgard-terrass","8":"product_cat-tradgardsmobler","10":"first","11":"instock","12":"sale","13":"taxable","14":"shipping-taxable","15":"purchasable","16":"product-type-simple"},"yoast_head":"<!-- This site is optimized with the Yoast SEO plugin v25.4 - https:\/\/yoast.com\/wordpress\/plugins\/seo\/ -->\n<title>TRUUSK 2-delat Set Rattan-look Pallar - F\u00f6rvaringsutrymme - 120 Kg Belastningskapacitet - V\u00e4derbest\u00e4ndig - Tr\u00e4dg\u00e5rdsm\u00f6bler - TRUUSK - Hem, Tr\u00e4dg\u00e5rd &amp; Fritid<\/title>\n<meta name=\"robots\" content=\"index, follow, max-snippet:-1, max-image-preview:large, max-video-preview:-1\" \/>\n<link rel=\"canonical\" href=\"https:\/\/truusk.store\/sv\/produkt\/truusk-2-delat-set-rattan-look-pallar-forvaringsutrymme-120-kg-belastningskapacitet-vaderbestandig-tradgardsmobler\/\" \/>\n<meta property=\"og:locale\" content=\"sv_SE\" \/>\n<meta property=\"og:type\" content=\"article\" \/>\n<meta property=\"og:title\" content=\"TRUUSK 2-delat Set Rattan-look Pallar - F\u00f6rvaringsutrymme - 120 Kg Belastningskapacitet - V\u00e4derbest\u00e4ndig - Tr\u00e4dg\u00e5rdsm\u00f6bler - TRUUSK - Hem, Tr\u00e4dg\u00e5rd &amp; Fritid\" \/>\n<meta property=\"og:description\" content=\"Upplev den handv\u00e4vda rottingstilen utomhus denna sommar med TRUUSK, utan att beh\u00f6va oroa dig f\u00f6r v\u00e4dret. V\u00e5ra rottingpallar f\u00f6r utomhusbruk...\" \/>\n<meta property=\"og:url\" content=\"https:\/\/truusk.store\/sv\/produkt\/truusk-2-delat-set-rattan-look-pallar-forvaringsutrymme-120-kg-belastningskapacitet-vaderbestandig-tradgardsmobler\/\" \/>\n<meta property=\"og:site_name\" content=\"TRUUSK - Hem, Tr\u00e4dg\u00e5rd &amp; Fritid\" \/>\n<meta property=\"article:modified_time\" content=\"2026-03-12T07:43:15+00:00\" \/>\n<meta property=\"og:image\" content=\"https:\/\/i0.wp.com\/truusk.se\/wp-content\/uploads\/2025\/06\/2-delat-set-rattan-pallar-med-rattan-look-forvaringsutrymme-kudde-lock-120-kg-belastningskapacitet-vaderbestandig-tradgardspall-fotpall-tradgardsmobler-for-utomhus-tradgard-terrass-40x40x41cm-morkgra-1.webp?fit=2000%2C2000&ssl=1\" \/>\n\t<meta property=\"og:image:width\" content=\"2000\" \/>\n\t<meta property=\"og:image:height\" content=\"2000\" \/>\n\t<meta property=\"og:image:type\" content=\"image\/webp\" \/>\n<meta name=\"twitter:card\" content=\"summary_large_image\" \/>\n<meta name=\"twitter:label1\" content=\"Ber\u00e4knad l\u00e4stid\" \/>\n\t<meta name=\"twitter:data1\" content=\"1 minut\" \/>\n<!-- \/ Yoast SEO plugin. -->","yoast_head_json":{"title":"TRUUSK 2-delat Set Rattan-look Pallar - F\u00f6rvaringsutrymme - 120 Kg Belastningskapacitet - V\u00e4derbest\u00e4ndig - Tr\u00e4dg\u00e5rdsm\u00f6bler - TRUUSK - Hem, Tr\u00e4dg\u00e5rd &amp; Fritid","robots":{"index":"index","follow":"follow","max-snippet":"max-snippet:-1","max-image-preview":"max-image-preview:large","max-video-preview":"max-video-preview:-1"},"canonical":"https:\/\/truusk.store\/sv\/produkt\/truusk-2-delat-set-rattan-look-pallar-forvaringsutrymme-120-kg-belastningskapacitet-vaderbestandig-tradgardsmobler\/","og_locale":"sv_SE","og_type":"article","og_title":"TRUUSK 2-delat Set Rattan-look Pallar - F\u00f6rvaringsutrymme - 120 Kg Belastningskapacitet - V\u00e4derbest\u00e4ndig - Tr\u00e4dg\u00e5rdsm\u00f6bler - TRUUSK - Hem, Tr\u00e4dg\u00e5rd &amp; Fritid","og_description":"Upplev den handv\u00e4vda rottingstilen utomhus denna sommar med TRUUSK, utan att beh\u00f6va oroa dig f\u00f6r v\u00e4dret. V\u00e5ra rottingpallar f\u00f6r utomhusbruk...","og_url":"https:\/\/truusk.store\/sv\/produkt\/truusk-2-delat-set-rattan-look-pallar-forvaringsutrymme-120-kg-belastningskapacitet-vaderbestandig-tradgardsmobler\/","og_site_name":"TRUUSK - Hem, Tr\u00e4dg\u00e5rd &amp; Fritid","article_modified_time":"2026-03-12T07:43:15+00:00","og_image":[{"width":2000,"height":2000,"url":"https:\/\/i0.wp.com\/truusk.se\/wp-content\/uploads\/2025\/06\/2-delat-set-rattan-pallar-med-rattan-look-forvaringsutrymme-kudde-lock-120-kg-belastningskapacitet-vaderbestandig-tradgardspall-fotpall-tradgardsmobler-for-utomhus-tradgard-terrass-40x40x41cm-morkgra-1.webp?fit=2000%2C2000&ssl=1","type":"image\/webp"}],"twitter_card":"summary_large_image","twitter_misc":{"Ber\u00e4knad l\u00e4stid":"1 minut"},"schema":{"@context":"https:\/\/schema.org","@graph":[{"@type":"WebPage","@id":"https:\/\/truusk.store\/sv\/produkt\/truusk-2-delat-set-rattan-look-pallar-forvaringsutrymme-120-kg-belastningskapacitet-vaderbestandig-tradgardsmobler\/","url":"https:\/\/truusk.store\/sv\/produkt\/truusk-2-delat-set-rattan-look-pallar-forvaringsutrymme-120-kg-belastningskapacitet-vaderbestandig-tradgardsmobler\/","name":"TRUUSK 2-delat Set Rattan-look Pallar - F\u00f6rvaringsutrymme - 120 Kg Belastningskapacitet - V\u00e4derbest\u00e4ndig - Tr\u00e4dg\u00e5rdsm\u00f6bler - TRUUSK - Hem, Tr\u00e4dg\u00e5rd &amp; Fritid","isPartOf":{"@id":"https:\/\/truusk.store\/sv\/#website"},"primaryImageOfPage":{"@id":"https:\/\/truusk.store\/sv\/produkt\/truusk-2-delat-set-rattan-look-pallar-forvaringsutrymme-120-kg-belastningskapacitet-vaderbestandig-tradgardsmobler\/#primaryimage"},"image":{"@id":"https:\/\/truusk.store\/sv\/produkt\/truusk-2-delat-set-rattan-look-pallar-forvaringsutrymme-120-kg-belastningskapacitet-vaderbestandig-tradgardsmobler\/#primaryimage"},"thumbnailUrl":"https:\/\/i0.wp.com\/truusk.store\/wp-content\/uploads\/2025\/06\/2-delat-set-rattan-pallar-med-rattan-look-forvaringsutrymme-kudde-lock-120-kg-belastningskapacitet-vaderbestandig-tradgardspall-fotpall-tradgardsmobler-for-utomhus-tradgard-terrass-40x40x41cm-morkgra-1.webp?fit=2000%2C2000&ssl=1","datePublished":"2025-06-05T22:38:48+00:00","dateModified":"2026-03-12T07:43:15+00:00","breadcrumb":{"@id":"https:\/\/truusk.store\/sv\/produkt\/truusk-2-delat-set-rattan-look-pallar-forvaringsutrymme-120-kg-belastningskapacitet-vaderbestandig-tradgardsmobler\/#breadcrumb"},"inLanguage":"sv-SE","potentialAction":[{"@type":"ReadAction","target":["https:\/\/truusk.store\/sv\/produkt\/truusk-2-delat-set-rattan-look-pallar-forvaringsutrymme-120-kg-belastningskapacitet-vaderbestandig-tradgardsmobler\/"]}]},{"@type":"ImageObject","inLanguage":"sv-SE","@id":"https:\/\/truusk.store\/sv\/produkt\/truusk-2-delat-set-rattan-look-pallar-forvaringsutrymme-120-kg-belastningskapacitet-vaderbestandig-tradgardsmobler\/#primaryimage","url":"https:\/\/i0.wp.com\/truusk.store\/wp-content\/uploads\/2025\/06\/2-delat-set-rattan-pallar-med-rattan-look-forvaringsutrymme-kudde-lock-120-kg-belastningskapacitet-vaderbestandig-tradgardspall-fotpall-tradgardsmobler-for-utomhus-tradgard-terrass-40x40x41cm-morkgra-1.webp?fit=2000%2C2000&ssl=1","contentUrl":"https:\/\/i0.wp.com\/truusk.store\/wp-content\/uploads\/2025\/06\/2-delat-set-rattan-pallar-med-rattan-look-forvaringsutrymme-kudde-lock-120-kg-belastningskapacitet-vaderbestandig-tradgardspall-fotpall-tradgardsmobler-for-utomhus-tradgard-terrass-40x40x41cm-morkgra-1.webp?fit=2000%2C2000&ssl=1","width":2000,"height":2000},{"@type":"BreadcrumbList","@id":"https:\/\/truusk.store\/sv\/produkt\/truusk-2-delat-set-rattan-look-pallar-forvaringsutrymme-120-kg-belastningskapacitet-vaderbestandig-tradgardsmobler\/#breadcrumb","itemListElement":[{"@type":"ListItem","position":1,"name":"Home","item":"https:\/\/truusk.store\/sv\/"},{"@type":"ListItem","position":2,"name":"Shop","item":"https:\/\/truusk.store\/shop\/"},{"@type":"ListItem","position":3,"name":"TRUUSK 2-delat Set Rattan-look Pallar &#8211; F\u00f6rvaringsutrymme &#8211; 120 Kg Belastningskapacitet &#8211; V\u00e4derbest\u00e4ndig &#8211; Tr\u00e4dg\u00e5rdsm\u00f6bler &#8211;"}]},{"@type":"WebSite","@id":"https:\/\/truusk.store\/sv\/#website","url":"https:\/\/truusk.store\/sv\/","name":"TRUUSK - Hem, Tr\u00e4dg\u00e5rd & Fritid","description":"","publisher":{"@id":"https:\/\/truusk.store\/sv\/#organization"},"potentialAction":[{"@type":"SearchAction","target":{"@type":"EntryPoint","urlTemplate":"https:\/\/truusk.store\/sv\/?s={search_term_string}"},"query-input":{"@type":"PropertyValueSpecification","valueRequired":true,"valueName":"search_term_string"}}],"inLanguage":"sv-SE"},{"@type":"Organization","@id":"https:\/\/truusk.store\/sv\/#organization","name":"TRUUSK - Hem, Tr\u00e4dg\u00e5rd & Fritid","url":"https:\/\/truusk.store\/sv\/","logo":{"@type":"ImageObject","inLanguage":"sv-SE","@id":"https:\/\/truusk.store\/sv\/#\/schema\/logo\/image\/","url":"https:\/\/i0.wp.com\/truusk.store\/wp-content\/uploads\/2026\/03\/cropped-TRUUSK.png?fit=2032%2C917&ssl=1","contentUrl":"https:\/\/i0.wp.com\/truusk.store\/wp-content\/uploads\/2026\/03\/cropped-TRUUSK.png?fit=2032%2C917&ssl=1","width":2032,"height":917,"caption":"TRUUSK - Hem, Tr\u00e4dg\u00e5rd & Fritid"},"image":{"@id":"https:\/\/truusk.store\/sv\/#\/schema\/logo\/image\/"}}]}},"jetpack_sharing_enabled":true,"_links":{"self":[{"href":"https:\/\/truusk.store\/sv\/wp-json\/wp\/v2\/product\/72927","targetHints":{"allow":["GET"]}}],"collection":[{"href":"https:\/\/truusk.store\/sv\/wp-json\/wp\/v2\/product"}],"about":[{"href":"https:\/\/truusk.store\/sv\/wp-json\/wp\/v2\/types\/product"}],"wp:featuredmedia":[{"embeddable":true,"href":"https:\/\/truusk.store\/sv\/wp-json\/wp\/v2\/media\/72917"}],"wp:attachment":[{"href":"https:\/\/truusk.store\/sv\/wp-json\/wp\/v2\/media?parent=72927"}],"wp:term":[{"taxonomy":"product_brand","embeddable":true,"href":"https:\/\/truusk.store\/sv\/wp-json\/wp\/v2\/product_brand?post=72927"},{"taxonomy":"product_cat","embeddable":true,"href":"https:\/\/truusk.store\/sv\/wp-json\/wp\/v2\/product_cat?post=72927"},{"taxonomy":"product_tag","embeddable":true,"href":"https:\/\/truusk.store\/sv\/wp-json\/wp\/v2\/product_tag?post=72927"}],"curies":[{"name":"wp","href":"https:\/\/api.w.org\/{rel}","templated":true}]}}