{"id":72956,"date":"2025-06-05T23:41:44","date_gmt":"2025-06-05T22:41:44","guid":{"rendered":"https:\/\/truusk.store\/product\/pall-med-forvaring-pall-med-lock-rund-fotpall-stoppad-pall-soffbord-med-snore-look-56-x-56-x-42-cm-kramvit\/"},"modified":"2026-03-12T08:42:45","modified_gmt":"2026-03-12T07:42:45","slug":"truusk-rund-pall-med-forvaring-och-lock-stoppad-soffbord-med-snore-look-56-x-56-x-42-cm-kramvit","status":"publish","type":"product","link":"https:\/\/truusk.store\/sv\/produkt\/truusk-rund-pall-med-forvaring-och-lock-stoppad-soffbord-med-snore-look-56-x-56-x-42-cm-kramvit\/","title":{"rendered":"TRUUSK Rund Pall med F\u00f6rvaring och Lock &#8211; Stoppad Soffbord med Sn\u00f6re-look &#8211; 56 x 56 x 42 cm &#8211; Kr\u00e4mvit"},"content":{"rendered":"<p>Uppt\u00e4ck den charmiga TRUUSK f\u00f6rvaringspallen, en perfekt blandning av stil och funktion. Under dess avtagbara lock d\u00f6ljer denna sittpall gott om utrymme, perfekt f\u00f6r s\u00e4ngkl\u00e4der eller tidningar. Mjuk sammet och t\u00e4t skum ger bekv\u00e4m sittning eller fotst\u00f6d. Dess anpassningsbara design harmonierar smidigt med alla inredningar och g\u00f6r ordning enkel.<\/p>\n<p>Beskrivning:<\/p>\n<ul>\n<li> Dold f\u00f6rvaring d\u00f6ljer filtar och tidningar f\u00f6r en st\u00e4dad bostadsatmosf\u00e4r<\/li>\n<li> Mjuk sammetstoff p\u00e5 sittpallen ger elegans och andningsf\u00f6rm\u00e5ga<\/li>\n<li> H\u00f6g densitet skum garanterar en bekv\u00e4m sittupplevelse<\/li>\n<li> Multifunktionell som f\u00f6rvaringspall, sminkpall, fotst\u00f6d eller soffbord<\/li>\n<li> Avtagbart lock med rem g\u00f6r det enkelt att omvandla till ett bricka<\/li>\n<li> Handtag p\u00e5 brickan underl\u00e4ttar b\u00e4randet<\/li>\n<li> Halkfria fotdynor p\u00e5 pallen f\u00f6rhindrar r\u00f6relser och skyddar golvet<\/li>\n<li> Ingen montering kr\u00e4vs<\/li>\n<\/ul>\n<p> Tekniska data:<\/p>\n<ul>\n<li> F\u00e4rg: Kr\u00e4mvit<\/li>\n<li> Material: Sammet (100% polyester), skum, MDF<\/li>\n<li> Totala dimensioner: \u00d856 x 42H cm<\/li>\n<li> F\u00f6rvaringsstorlek: 46,5L x 46,5B x 37H cm<\/li>\n<li> Brickstorlek: \u00d850 x 3,5H cm<\/li>\n<li> B\u00e4rkapacitet: 120 kg<\/li>\n<\/ul>\n<p>Leveransinneh\u00e5ll:<\/p>\n<ul>\n<li> 1 x F\u00f6rvaringsottoman<\/li>\n<li> 1 x Bruksanvisning<\/li>\n<\/ul>\n","protected":false},"excerpt":{"rendered":"<p>Uppt\u00e4ck den charmiga TRUUSK f\u00f6rvaringspallen, en perfekt blandning av stil och funktion. Under dess avtagbara lock d\u00f6ljer denna sittpall gott&#8230;<\/p>\n","protected":false},"featured_media":72947,"template":"","meta":[],"product_brand":[],"product_cat":[871,944,910],"product_tag":[],"class_list":{"0":"post-72956","1":"product","2":"type-product","3":"status-publish","4":"has-post-thumbnail","6":"product_cat-hus-hem","7":"product_cat-pallar-fotpallar","8":"product_cat-vardagsrum","10":"first","11":"instock","12":"sale","13":"taxable","14":"shipping-taxable","15":"purchasable","16":"product-type-simple"},"yoast_head":"<!-- This site is optimized with the Yoast SEO plugin v25.4 - https:\/\/yoast.com\/wordpress\/plugins\/seo\/ -->\n<title>TRUUSK Rund Pall med F\u00f6rvaring och Lock - Stoppad Soffbord med Sn\u00f6re-look - 56 x 56 x 42 cm - Kr\u00e4mvit - TRUUSK - Hem, Tr\u00e4dg\u00e5rd &amp; Fritid<\/title>\n<meta name=\"robots\" content=\"index, follow, max-snippet:-1, max-image-preview:large, max-video-preview:-1\" \/>\n<link rel=\"canonical\" href=\"https:\/\/truusk.store\/sv\/produkt\/truusk-rund-pall-med-forvaring-och-lock-stoppad-soffbord-med-snore-look-56-x-56-x-42-cm-kramvit\/\" \/>\n<meta property=\"og:locale\" content=\"sv_SE\" \/>\n<meta property=\"og:type\" content=\"article\" \/>\n<meta property=\"og:title\" content=\"TRUUSK Rund Pall med F\u00f6rvaring och Lock - Stoppad Soffbord med Sn\u00f6re-look - 56 x 56 x 42 cm - Kr\u00e4mvit - TRUUSK - Hem, Tr\u00e4dg\u00e5rd &amp; Fritid\" \/>\n<meta property=\"og:description\" content=\"Uppt\u00e4ck den charmiga TRUUSK f\u00f6rvaringspallen, en perfekt blandning av stil och funktion. Under dess avtagbara lock d\u00f6ljer denna sittpall gott...\" \/>\n<meta property=\"og:url\" content=\"https:\/\/truusk.store\/sv\/produkt\/truusk-rund-pall-med-forvaring-och-lock-stoppad-soffbord-med-snore-look-56-x-56-x-42-cm-kramvit\/\" \/>\n<meta property=\"og:site_name\" content=\"TRUUSK - Hem, Tr\u00e4dg\u00e5rd &amp; Fritid\" \/>\n<meta property=\"article:modified_time\" content=\"2026-03-12T07:42:45+00:00\" \/>\n<meta property=\"og:image\" content=\"https:\/\/i0.wp.com\/truusk.se\/wp-content\/uploads\/2025\/06\/pall-med-forvaring-pall-med-lock-rund-fotpall-stoppad-pall-soffbord-med-snore-look-56-x-56-x-42-cm-kramvit-1.webp?fit=2000%2C2000&ssl=1\" \/>\n\t<meta property=\"og:image:width\" content=\"2000\" \/>\n\t<meta property=\"og:image:height\" content=\"2000\" \/>\n\t<meta property=\"og:image:type\" content=\"image\/webp\" \/>\n<meta name=\"twitter:card\" content=\"summary_large_image\" \/>\n<meta name=\"twitter:label1\" content=\"Ber\u00e4knad l\u00e4stid\" \/>\n\t<meta name=\"twitter:data1\" content=\"1 minut\" \/>\n<!-- \/ Yoast SEO plugin. -->","yoast_head_json":{"title":"TRUUSK Rund Pall med F\u00f6rvaring och Lock - Stoppad Soffbord med Sn\u00f6re-look - 56 x 56 x 42 cm - Kr\u00e4mvit - TRUUSK - Hem, Tr\u00e4dg\u00e5rd &amp; Fritid","robots":{"index":"index","follow":"follow","max-snippet":"max-snippet:-1","max-image-preview":"max-image-preview:large","max-video-preview":"max-video-preview:-1"},"canonical":"https:\/\/truusk.store\/sv\/produkt\/truusk-rund-pall-med-forvaring-och-lock-stoppad-soffbord-med-snore-look-56-x-56-x-42-cm-kramvit\/","og_locale":"sv_SE","og_type":"article","og_title":"TRUUSK Rund Pall med F\u00f6rvaring och Lock - Stoppad Soffbord med Sn\u00f6re-look - 56 x 56 x 42 cm - Kr\u00e4mvit - TRUUSK - Hem, Tr\u00e4dg\u00e5rd &amp; Fritid","og_description":"Uppt\u00e4ck den charmiga TRUUSK f\u00f6rvaringspallen, en perfekt blandning av stil och funktion. Under dess avtagbara lock d\u00f6ljer denna sittpall gott...","og_url":"https:\/\/truusk.store\/sv\/produkt\/truusk-rund-pall-med-forvaring-och-lock-stoppad-soffbord-med-snore-look-56-x-56-x-42-cm-kramvit\/","og_site_name":"TRUUSK - Hem, Tr\u00e4dg\u00e5rd &amp; Fritid","article_modified_time":"2026-03-12T07:42:45+00:00","og_image":[{"width":2000,"height":2000,"url":"https:\/\/i0.wp.com\/truusk.se\/wp-content\/uploads\/2025\/06\/pall-med-forvaring-pall-med-lock-rund-fotpall-stoppad-pall-soffbord-med-snore-look-56-x-56-x-42-cm-kramvit-1.webp?fit=2000%2C2000&ssl=1","type":"image\/webp"}],"twitter_card":"summary_large_image","twitter_misc":{"Ber\u00e4knad l\u00e4stid":"1 minut"},"schema":{"@context":"https:\/\/schema.org","@graph":[{"@type":"WebPage","@id":"https:\/\/truusk.store\/sv\/produkt\/truusk-rund-pall-med-forvaring-och-lock-stoppad-soffbord-med-snore-look-56-x-56-x-42-cm-kramvit\/","url":"https:\/\/truusk.store\/sv\/produkt\/truusk-rund-pall-med-forvaring-och-lock-stoppad-soffbord-med-snore-look-56-x-56-x-42-cm-kramvit\/","name":"TRUUSK Rund Pall med F\u00f6rvaring och Lock - Stoppad Soffbord med Sn\u00f6re-look - 56 x 56 x 42 cm - Kr\u00e4mvit - TRUUSK - Hem, Tr\u00e4dg\u00e5rd &amp; Fritid","isPartOf":{"@id":"https:\/\/truusk.store\/sv\/#website"},"primaryImageOfPage":{"@id":"https:\/\/truusk.store\/sv\/produkt\/truusk-rund-pall-med-forvaring-och-lock-stoppad-soffbord-med-snore-look-56-x-56-x-42-cm-kramvit\/#primaryimage"},"image":{"@id":"https:\/\/truusk.store\/sv\/produkt\/truusk-rund-pall-med-forvaring-och-lock-stoppad-soffbord-med-snore-look-56-x-56-x-42-cm-kramvit\/#primaryimage"},"thumbnailUrl":"https:\/\/i0.wp.com\/truusk.store\/wp-content\/uploads\/2025\/06\/pall-med-forvaring-pall-med-lock-rund-fotpall-stoppad-pall-soffbord-med-snore-look-56-x-56-x-42-cm-kramvit-1.webp?fit=2000%2C2000&ssl=1","datePublished":"2025-06-05T22:41:44+00:00","dateModified":"2026-03-12T07:42:45+00:00","breadcrumb":{"@id":"https:\/\/truusk.store\/sv\/produkt\/truusk-rund-pall-med-forvaring-och-lock-stoppad-soffbord-med-snore-look-56-x-56-x-42-cm-kramvit\/#breadcrumb"},"inLanguage":"sv-SE","potentialAction":[{"@type":"ReadAction","target":["https:\/\/truusk.store\/sv\/produkt\/truusk-rund-pall-med-forvaring-och-lock-stoppad-soffbord-med-snore-look-56-x-56-x-42-cm-kramvit\/"]}]},{"@type":"ImageObject","inLanguage":"sv-SE","@id":"https:\/\/truusk.store\/sv\/produkt\/truusk-rund-pall-med-forvaring-och-lock-stoppad-soffbord-med-snore-look-56-x-56-x-42-cm-kramvit\/#primaryimage","url":"https:\/\/i0.wp.com\/truusk.store\/wp-content\/uploads\/2025\/06\/pall-med-forvaring-pall-med-lock-rund-fotpall-stoppad-pall-soffbord-med-snore-look-56-x-56-x-42-cm-kramvit-1.webp?fit=2000%2C2000&ssl=1","contentUrl":"https:\/\/i0.wp.com\/truusk.store\/wp-content\/uploads\/2025\/06\/pall-med-forvaring-pall-med-lock-rund-fotpall-stoppad-pall-soffbord-med-snore-look-56-x-56-x-42-cm-kramvit-1.webp?fit=2000%2C2000&ssl=1","width":2000,"height":2000},{"@type":"BreadcrumbList","@id":"https:\/\/truusk.store\/sv\/produkt\/truusk-rund-pall-med-forvaring-och-lock-stoppad-soffbord-med-snore-look-56-x-56-x-42-cm-kramvit\/#breadcrumb","itemListElement":[{"@type":"ListItem","position":1,"name":"Home","item":"https:\/\/truusk.store\/sv\/"},{"@type":"ListItem","position":2,"name":"Shop","item":"https:\/\/truusk.store\/shop\/"},{"@type":"ListItem","position":3,"name":"TRUUSK Rund Pall med F\u00f6rvaring och Lock &#8211; Stoppad Soffbord med Sn\u00f6re-look &#8211; 56 x 56 x 42 cm &#8211; Kr\u00e4mvit"}]},{"@type":"WebSite","@id":"https:\/\/truusk.store\/sv\/#website","url":"https:\/\/truusk.store\/sv\/","name":"TRUUSK - Hem, Tr\u00e4dg\u00e5rd & Fritid","description":"","publisher":{"@id":"https:\/\/truusk.store\/sv\/#organization"},"potentialAction":[{"@type":"SearchAction","target":{"@type":"EntryPoint","urlTemplate":"https:\/\/truusk.store\/sv\/?s={search_term_string}"},"query-input":{"@type":"PropertyValueSpecification","valueRequired":true,"valueName":"search_term_string"}}],"inLanguage":"sv-SE"},{"@type":"Organization","@id":"https:\/\/truusk.store\/sv\/#organization","name":"TRUUSK - Hem, Tr\u00e4dg\u00e5rd & Fritid","url":"https:\/\/truusk.store\/sv\/","logo":{"@type":"ImageObject","inLanguage":"sv-SE","@id":"https:\/\/truusk.store\/sv\/#\/schema\/logo\/image\/","url":"https:\/\/i0.wp.com\/truusk.store\/wp-content\/uploads\/2026\/03\/cropped-TRUUSK.png?fit=2032%2C917&ssl=1","contentUrl":"https:\/\/i0.wp.com\/truusk.store\/wp-content\/uploads\/2026\/03\/cropped-TRUUSK.png?fit=2032%2C917&ssl=1","width":2032,"height":917,"caption":"TRUUSK - Hem, Tr\u00e4dg\u00e5rd & Fritid"},"image":{"@id":"https:\/\/truusk.store\/sv\/#\/schema\/logo\/image\/"}}]}},"jetpack_sharing_enabled":true,"_links":{"self":[{"href":"https:\/\/truusk.store\/sv\/wp-json\/wp\/v2\/product\/72956","targetHints":{"allow":["GET"]}}],"collection":[{"href":"https:\/\/truusk.store\/sv\/wp-json\/wp\/v2\/product"}],"about":[{"href":"https:\/\/truusk.store\/sv\/wp-json\/wp\/v2\/types\/product"}],"wp:featuredmedia":[{"embeddable":true,"href":"https:\/\/truusk.store\/sv\/wp-json\/wp\/v2\/media\/72947"}],"wp:attachment":[{"href":"https:\/\/truusk.store\/sv\/wp-json\/wp\/v2\/media?parent=72956"}],"wp:term":[{"taxonomy":"product_brand","embeddable":true,"href":"https:\/\/truusk.store\/sv\/wp-json\/wp\/v2\/product_brand?post=72956"},{"taxonomy":"product_cat","embeddable":true,"href":"https:\/\/truusk.store\/sv\/wp-json\/wp\/v2\/product_cat?post=72956"},{"taxonomy":"product_tag","embeddable":true,"href":"https:\/\/truusk.store\/sv\/wp-json\/wp\/v2\/product_tag?post=72956"}],"curies":[{"name":"wp","href":"https:\/\/api.w.org\/{rel}","templated":true}]}}