{"id":73026,"date":"2025-06-05T23:48:42","date_gmt":"2025-06-05T22:48:42","guid":{"rendered":"https:\/\/truusk.store\/product\/alu-parasoll-led-solar-o300cm-hojdjusterbar-solskydd-med-vevstativ-uv50-vattenavvisande-360-roterande-marknadsparasoll-lutande-tradgardsparasoll-solskydd-for-tradgard-balkong-morkgra\/"},"modified":"2026-03-12T08:42:50","modified_gmt":"2026-03-12T07:42:50","slug":"truusk-aluminium-parasoll-led-solar-o300cm-hojdjusterbar-uv50-solskydd-vattenavvisande-360-roterande-lutande","status":"publish","type":"product","link":"https:\/\/truusk.store\/sv\/produkt\/truusk-aluminium-parasoll-led-solar-o300cm-hojdjusterbar-uv50-solskydd-vattenavvisande-360-roterande-lutande\/","title":{"rendered":"TRUUSK Aluminium Parasoll LED Solar \u00d8300cm &#8211; H\u00f6jdjusterbar &#8211; UV50+ Solskydd &#8211; Vattenavvisande &#8211; 360\u00b0 Roterande &#8211; Lutande"},"content":{"rendered":"<p>Upplev omfattande skugga kombinerat med kv\u00e4llsmagi genom TRUUSK parasoll inklusive fot, utrustad med en 360-graders rotation f\u00f6r oavbruten solskydd. Sju ljusslingor av koppartr\u00e5d med justerbar ljusstyrka p\u00e5 tr\u00e4dg\u00e5rdsparasollet f\u00f6rvandlar din tr\u00e4dg\u00e5rd till en magisk oas. Tillverkad av vattenavvisande, UPF 50+ tyg och stabilt aluminium, \u00e4r denna frist\u00e5ende parasoll den perfekta f\u00f6ljeslagaren utomhus.<\/p>\n<p>Beskrivning:<\/p>\n<ul>\n<li> 3(m) \u00f6verh\u00e4ngande parasoll skuggar stora ytor<\/li>\n<li> 360\u00b0 rotation och fyra lutningsinst\u00e4llningar av parasollet garanterar optimalt solskydd<\/li>\n<li> Ljusstyrkereglering p\u00e5 lutningsst\u00e5ngen underl\u00e4ttar kontrollen<\/li>\n<li> 200gsm PA-belagt tyg erbjuder UPF 50+ solskydd<\/li>\n<li> Luftspaltdesignen p\u00e5 parasollet underl\u00e4ttar luftfl\u00f6det p\u00e5 varma dagar<\/li>\n<li> Rostresistent aluminiumstolpe med glasfiberribbor garanterar h\u00e5llbarhet<\/li>\n<li> Sidvevhandtag m\u00f6jligg\u00f6r enkel \u00f6ppning och st\u00e4ngning<\/li>\n<li> Montering kr\u00e4vs<\/li>\n<\/ul>\n<p> Tekniska data:<\/p>\n<ul>\n<li> F\u00e4rg: M\u00f6rkgr\u00e5<\/li>\n<li> Material: Aluminium, Polyester, Glasfiber<\/li>\n<li> Totala dimensioner: 360L x 294B x 250H cm<\/li>\n<li> Parasolldiameter: 294 cm<\/li>\n<li> H\u00f6jd p\u00e5 parasollkanten: 200 cm<\/li>\n<li> Korsbasstorlek: 100L x 100B x 6H cm<\/li>\n<li> Solpanelinfo: 2,8W, 6V<\/li>\n<li> Batteri: 18650-2000mAh\/10Ah<\/li>\n<li> Notera: L\u00e4mplig TRUUSK-vikt: 84D-070, 84D-048<\/li>\n<\/ul>\n<p>Leveransinneh\u00e5ll:<\/p>\n<ul>\n<li> 1 x Frist\u00e5ende parasoll<\/li>\n<li> 1 x Bruksanvisning<\/li>\n<li>Viktigt: Vi levererar artikeln till dig gratis till trottoarkanten. Var noga med att ange en korrekt adress och telefonnummer.<\/li>\n<\/ul>\n","protected":false},"excerpt":{"rendered":"<p>Upplev omfattande skugga kombinerat med kv\u00e4llsmagi genom TRUUSK parasoll inklusive fot, utrustad med en 360-graders rotation f\u00f6r oavbruten solskydd. Sju&#8230;<\/p>\n","protected":false},"featured_media":73017,"template":"","meta":[],"product_brand":[],"product_cat":[472,862,858],"product_tag":[],"class_list":{"0":"post-73026","1":"product","2":"type-product","3":"status-publish","4":"has-post-thumbnail","6":"product_cat-parasoller","7":"product_cat-sol-insynsskydd","8":"product_cat-tradgard-terrass","10":"first","11":"instock","12":"sale","13":"taxable","14":"shipping-taxable","15":"purchasable","16":"product-type-simple"},"yoast_head":"<!-- This site is optimized with the Yoast SEO plugin v25.4 - https:\/\/yoast.com\/wordpress\/plugins\/seo\/ -->\n<title>TRUUSK Aluminium Parasoll LED Solar \u00d8300cm - H\u00f6jdjusterbar - UV50+ Solskydd - Vattenavvisande - 360\u00b0 Roterande - Lutande - TRUUSK - Hem, Tr\u00e4dg\u00e5rd &amp; Fritid<\/title>\n<meta name=\"robots\" content=\"index, follow, max-snippet:-1, max-image-preview:large, max-video-preview:-1\" \/>\n<link rel=\"canonical\" href=\"https:\/\/truusk.store\/sv\/produkt\/truusk-aluminium-parasoll-led-solar-o300cm-hojdjusterbar-uv50-solskydd-vattenavvisande-360-roterande-lutande\/\" \/>\n<meta property=\"og:locale\" content=\"sv_SE\" \/>\n<meta property=\"og:type\" content=\"article\" \/>\n<meta property=\"og:title\" content=\"TRUUSK Aluminium Parasoll LED Solar \u00d8300cm - H\u00f6jdjusterbar - UV50+ Solskydd - Vattenavvisande - 360\u00b0 Roterande - Lutande - TRUUSK - Hem, Tr\u00e4dg\u00e5rd &amp; Fritid\" \/>\n<meta property=\"og:description\" content=\"Upplev omfattande skugga kombinerat med kv\u00e4llsmagi genom TRUUSK parasoll inklusive fot, utrustad med en 360-graders rotation f\u00f6r oavbruten solskydd. Sju...\" \/>\n<meta property=\"og:url\" content=\"https:\/\/truusk.store\/sv\/produkt\/truusk-aluminium-parasoll-led-solar-o300cm-hojdjusterbar-uv50-solskydd-vattenavvisande-360-roterande-lutande\/\" \/>\n<meta property=\"og:site_name\" content=\"TRUUSK - Hem, Tr\u00e4dg\u00e5rd &amp; Fritid\" \/>\n<meta property=\"article:modified_time\" content=\"2026-03-12T07:42:50+00:00\" \/>\n<meta property=\"og:image\" content=\"https:\/\/i0.wp.com\/truusk.se\/wp-content\/uploads\/2025\/06\/alu-parasoll-led-solar-o300cm-hojdjusterbar-solskydd-med-vevstativ-uv50-vattenavvisande-360-roterande-marknadsparasoll-lutande-tradgardsparasoll-solskydd-for-tradgard-balkong-morkgra-1.webp?fit=2000%2C2000&ssl=1\" \/>\n\t<meta property=\"og:image:width\" content=\"2000\" \/>\n\t<meta property=\"og:image:height\" content=\"2000\" \/>\n\t<meta property=\"og:image:type\" content=\"image\/webp\" \/>\n<meta name=\"twitter:card\" content=\"summary_large_image\" \/>\n<meta name=\"twitter:label1\" content=\"Ber\u00e4knad l\u00e4stid\" \/>\n\t<meta name=\"twitter:data1\" content=\"1 minut\" \/>\n<!-- \/ Yoast SEO plugin. -->","yoast_head_json":{"title":"TRUUSK Aluminium Parasoll LED Solar \u00d8300cm - H\u00f6jdjusterbar - UV50+ Solskydd - Vattenavvisande - 360\u00b0 Roterande - Lutande - TRUUSK - Hem, Tr\u00e4dg\u00e5rd &amp; Fritid","robots":{"index":"index","follow":"follow","max-snippet":"max-snippet:-1","max-image-preview":"max-image-preview:large","max-video-preview":"max-video-preview:-1"},"canonical":"https:\/\/truusk.store\/sv\/produkt\/truusk-aluminium-parasoll-led-solar-o300cm-hojdjusterbar-uv50-solskydd-vattenavvisande-360-roterande-lutande\/","og_locale":"sv_SE","og_type":"article","og_title":"TRUUSK Aluminium Parasoll LED Solar \u00d8300cm - H\u00f6jdjusterbar - UV50+ Solskydd - Vattenavvisande - 360\u00b0 Roterande - Lutande - TRUUSK - Hem, Tr\u00e4dg\u00e5rd &amp; Fritid","og_description":"Upplev omfattande skugga kombinerat med kv\u00e4llsmagi genom TRUUSK parasoll inklusive fot, utrustad med en 360-graders rotation f\u00f6r oavbruten solskydd. Sju...","og_url":"https:\/\/truusk.store\/sv\/produkt\/truusk-aluminium-parasoll-led-solar-o300cm-hojdjusterbar-uv50-solskydd-vattenavvisande-360-roterande-lutande\/","og_site_name":"TRUUSK - Hem, Tr\u00e4dg\u00e5rd &amp; Fritid","article_modified_time":"2026-03-12T07:42:50+00:00","og_image":[{"width":2000,"height":2000,"url":"https:\/\/i0.wp.com\/truusk.se\/wp-content\/uploads\/2025\/06\/alu-parasoll-led-solar-o300cm-hojdjusterbar-solskydd-med-vevstativ-uv50-vattenavvisande-360-roterande-marknadsparasoll-lutande-tradgardsparasoll-solskydd-for-tradgard-balkong-morkgra-1.webp?fit=2000%2C2000&ssl=1","type":"image\/webp"}],"twitter_card":"summary_large_image","twitter_misc":{"Ber\u00e4knad l\u00e4stid":"1 minut"},"schema":{"@context":"https:\/\/schema.org","@graph":[{"@type":"WebPage","@id":"https:\/\/truusk.store\/sv\/produkt\/truusk-aluminium-parasoll-led-solar-o300cm-hojdjusterbar-uv50-solskydd-vattenavvisande-360-roterande-lutande\/","url":"https:\/\/truusk.store\/sv\/produkt\/truusk-aluminium-parasoll-led-solar-o300cm-hojdjusterbar-uv50-solskydd-vattenavvisande-360-roterande-lutande\/","name":"TRUUSK Aluminium Parasoll LED Solar \u00d8300cm - H\u00f6jdjusterbar - UV50+ Solskydd - Vattenavvisande - 360\u00b0 Roterande - Lutande - TRUUSK - Hem, Tr\u00e4dg\u00e5rd &amp; Fritid","isPartOf":{"@id":"https:\/\/truusk.store\/sv\/#website"},"primaryImageOfPage":{"@id":"https:\/\/truusk.store\/sv\/produkt\/truusk-aluminium-parasoll-led-solar-o300cm-hojdjusterbar-uv50-solskydd-vattenavvisande-360-roterande-lutande\/#primaryimage"},"image":{"@id":"https:\/\/truusk.store\/sv\/produkt\/truusk-aluminium-parasoll-led-solar-o300cm-hojdjusterbar-uv50-solskydd-vattenavvisande-360-roterande-lutande\/#primaryimage"},"thumbnailUrl":"https:\/\/i0.wp.com\/truusk.store\/wp-content\/uploads\/2025\/06\/alu-parasoll-led-solar-o300cm-hojdjusterbar-solskydd-med-vevstativ-uv50-vattenavvisande-360-roterande-marknadsparasoll-lutande-tradgardsparasoll-solskydd-for-tradgard-balkong-morkgra-1.webp?fit=2000%2C2000&ssl=1","datePublished":"2025-06-05T22:48:42+00:00","dateModified":"2026-03-12T07:42:50+00:00","breadcrumb":{"@id":"https:\/\/truusk.store\/sv\/produkt\/truusk-aluminium-parasoll-led-solar-o300cm-hojdjusterbar-uv50-solskydd-vattenavvisande-360-roterande-lutande\/#breadcrumb"},"inLanguage":"sv-SE","potentialAction":[{"@type":"ReadAction","target":["https:\/\/truusk.store\/sv\/produkt\/truusk-aluminium-parasoll-led-solar-o300cm-hojdjusterbar-uv50-solskydd-vattenavvisande-360-roterande-lutande\/"]}]},{"@type":"ImageObject","inLanguage":"sv-SE","@id":"https:\/\/truusk.store\/sv\/produkt\/truusk-aluminium-parasoll-led-solar-o300cm-hojdjusterbar-uv50-solskydd-vattenavvisande-360-roterande-lutande\/#primaryimage","url":"https:\/\/i0.wp.com\/truusk.store\/wp-content\/uploads\/2025\/06\/alu-parasoll-led-solar-o300cm-hojdjusterbar-solskydd-med-vevstativ-uv50-vattenavvisande-360-roterande-marknadsparasoll-lutande-tradgardsparasoll-solskydd-for-tradgard-balkong-morkgra-1.webp?fit=2000%2C2000&ssl=1","contentUrl":"https:\/\/i0.wp.com\/truusk.store\/wp-content\/uploads\/2025\/06\/alu-parasoll-led-solar-o300cm-hojdjusterbar-solskydd-med-vevstativ-uv50-vattenavvisande-360-roterande-marknadsparasoll-lutande-tradgardsparasoll-solskydd-for-tradgard-balkong-morkgra-1.webp?fit=2000%2C2000&ssl=1","width":2000,"height":2000},{"@type":"BreadcrumbList","@id":"https:\/\/truusk.store\/sv\/produkt\/truusk-aluminium-parasoll-led-solar-o300cm-hojdjusterbar-uv50-solskydd-vattenavvisande-360-roterande-lutande\/#breadcrumb","itemListElement":[{"@type":"ListItem","position":1,"name":"Home","item":"https:\/\/truusk.store\/sv\/"},{"@type":"ListItem","position":2,"name":"Shop","item":"https:\/\/truusk.store\/shop\/"},{"@type":"ListItem","position":3,"name":"TRUUSK Aluminium Parasoll LED Solar \u00d8300cm &#8211; H\u00f6jdjusterbar &#8211; UV50+ Solskydd &#8211; Vattenavvisande &#8211; 360\u00b0 Roterande &#8211; Lutande"}]},{"@type":"WebSite","@id":"https:\/\/truusk.store\/sv\/#website","url":"https:\/\/truusk.store\/sv\/","name":"TRUUSK - Hem, Tr\u00e4dg\u00e5rd & Fritid","description":"","publisher":{"@id":"https:\/\/truusk.store\/sv\/#organization"},"potentialAction":[{"@type":"SearchAction","target":{"@type":"EntryPoint","urlTemplate":"https:\/\/truusk.store\/sv\/?s={search_term_string}"},"query-input":{"@type":"PropertyValueSpecification","valueRequired":true,"valueName":"search_term_string"}}],"inLanguage":"sv-SE"},{"@type":"Organization","@id":"https:\/\/truusk.store\/sv\/#organization","name":"TRUUSK - Hem, Tr\u00e4dg\u00e5rd & Fritid","url":"https:\/\/truusk.store\/sv\/","logo":{"@type":"ImageObject","inLanguage":"sv-SE","@id":"https:\/\/truusk.store\/sv\/#\/schema\/logo\/image\/","url":"https:\/\/i0.wp.com\/truusk.store\/wp-content\/uploads\/2026\/03\/cropped-TRUUSK.png?fit=2032%2C917&ssl=1","contentUrl":"https:\/\/i0.wp.com\/truusk.store\/wp-content\/uploads\/2026\/03\/cropped-TRUUSK.png?fit=2032%2C917&ssl=1","width":2032,"height":917,"caption":"TRUUSK - Hem, Tr\u00e4dg\u00e5rd & Fritid"},"image":{"@id":"https:\/\/truusk.store\/sv\/#\/schema\/logo\/image\/"}}]}},"jetpack_sharing_enabled":true,"_links":{"self":[{"href":"https:\/\/truusk.store\/sv\/wp-json\/wp\/v2\/product\/73026","targetHints":{"allow":["GET"]}}],"collection":[{"href":"https:\/\/truusk.store\/sv\/wp-json\/wp\/v2\/product"}],"about":[{"href":"https:\/\/truusk.store\/sv\/wp-json\/wp\/v2\/types\/product"}],"wp:featuredmedia":[{"embeddable":true,"href":"https:\/\/truusk.store\/sv\/wp-json\/wp\/v2\/media\/73017"}],"wp:attachment":[{"href":"https:\/\/truusk.store\/sv\/wp-json\/wp\/v2\/media?parent=73026"}],"wp:term":[{"taxonomy":"product_brand","embeddable":true,"href":"https:\/\/truusk.store\/sv\/wp-json\/wp\/v2\/product_brand?post=73026"},{"taxonomy":"product_cat","embeddable":true,"href":"https:\/\/truusk.store\/sv\/wp-json\/wp\/v2\/product_cat?post=73026"},{"taxonomy":"product_tag","embeddable":true,"href":"https:\/\/truusk.store\/sv\/wp-json\/wp\/v2\/product_tag?post=73026"}],"curies":[{"name":"wp","href":"https:\/\/api.w.org\/{rel}","templated":true}]}}