{"id":7303,"date":"2024-02-13T08:48:20","date_gmt":"2024-02-13T07:48:20","guid":{"rendered":"https:\/\/truusk.store\/product\/upphojd-sang-vaxtbord-blombord-arbetsbord-tradgardsbord-vaxthus-travaxtbord-for-tradgardsbalkong-105-x-40-x-135-cm-gran-fiberduk-brun\/"},"modified":"2026-03-12T08:55:30","modified_gmt":"2026-03-12T07:55:30","slug":"truusk-upphojd-tradgardsbord-for-tradgardsbalkong-105-x-40-x-135-cm-gran-fiberduk-brun","status":"publish","type":"product","link":"https:\/\/truusk.store\/sv\/produkt\/truusk-upphojd-tradgardsbord-for-tradgardsbalkong-105-x-40-x-135-cm-gran-fiberduk-brun\/","title":{"rendered":"TRUUSK Upph\u00f6jd Tr\u00e4dg\u00e5rdsbord &#8211; F\u00f6r Tr\u00e4dg\u00e5rdsbalkong &#8211; 105 x 40 x 135 cm &#8211; Gran &#8211; Fiberduk &#8211; Brun"},"content":{"rendered":"<p>Denna kruka \u00e4r en upph\u00f6jd balkong som erbjuder dina gr\u00f6nsaker och blommor ett perfekt odlingsutrymme. Bloml\u00e5dan \u00e4r designad med tillr\u00e4ckligt med utrymme s\u00e5 att v\u00e4xterna kan utveckla sin fulla potential. Det massiva tr\u00e4materialet kan s\u00e4kerst\u00e4lla dess h\u00e5llbarhet inomhus eller utomhus, tr\u00e4dg\u00e5rdar eller v\u00e4xthus eller andra omr\u00e5den.<\/p>\n<h3>Beskrivning:<\/h3>\n<ul>\n<li>Kan anv\u00e4ndas p\u00e5 din uteplats, tr\u00e4dg\u00e5rd, tr\u00e4dg\u00e5rd, v\u00e4xthus<\/li>\n<li>Designad f\u00f6r 3 v\u00e5ningar f\u00f6r plantering och f\u00f6rvaring<\/li>\n<li>4 universalhjul p\u00e5 f\u00f6tterna g\u00f6r det l\u00e4ttare att skjuta och flytta<\/li>\n<li>Anv\u00e4ndarv\u00e4nlig design<\/li>\n<li>Planteringsb\u00e4dden \u00e4r l\u00e5ng och djup<\/li>\n<li>Gallret p\u00e5 baksidan kan dekoreras med rotting eller runt LED-lampor<\/li>\n<li>Montering kr\u00e4vs<\/li>\n<\/ul>\n<h3>Teknisk data:<\/h3>\n<ul>\n<li>F\u00e4rg brun<\/li>\n<li>Material: gran, fiberduk<\/li>\n<li>\u00d6vergripande m\u00e5tt: 105L x 40W x 135H cm<\/li>\n<li>H\u00f6jd fr\u00e5n s\u00e4ngbotten till golv: 50 cm<\/li>\n<li>S\u00e4ngstorlek: 99L x 34,5W x 27,5H cm<\/li>\n<li>Nedre hyllstorlek: 104,5L x 58W cm<\/li>\n<li>Lastkapacitet: 150 kg (v\u00e4xtb\u00e4dd)<\/li>\n<li>50 kg (nedre hyllan)<\/li>\n<li>10 kg (\u00f6versta hyllan)<\/li>\n<\/ul>\n<h3>Leveransens omfattning:<\/h3>\n<ul>\n<li>1 x v\u00e4xtbord<\/li>\n<li>1 x Instruktioner<\/li>\n<\/ul>\n","protected":false},"excerpt":{"rendered":"<p>Denna kruka \u00e4r en upph\u00f6jd balkong som erbjuder dina gr\u00f6nsaker och blommor ett perfekt odlingsutrymme. Bloml\u00e5dan \u00e4r designad med tillr\u00e4ckligt&#8230;<\/p>\n","protected":false},"featured_media":7304,"template":"","meta":[],"product_brand":[],"product_cat":[447,435,443],"product_tag":[],"class_list":{"0":"post-7303","1":"product","2":"type-product","3":"status-publish","4":"has-post-thumbnail","6":"product_cat-planteringsmaskiner","7":"product_cat-tradgard-och-terrass","8":"product_cat-vaxthus-tradgardsskotsel","10":"first","11":"instock","12":"sale","13":"taxable","14":"shipping-taxable","15":"purchasable","16":"product-type-simple"},"yoast_head":"<!-- This site is optimized with the Yoast SEO plugin v25.4 - https:\/\/yoast.com\/wordpress\/plugins\/seo\/ -->\n<title>TRUUSK Upph\u00f6jd Tr\u00e4dg\u00e5rdsbord - F\u00f6r Tr\u00e4dg\u00e5rdsbalkong - 105 x 40 x 135 cm - Gran - Fiberduk - Brun - TRUUSK - Hem, Tr\u00e4dg\u00e5rd &amp; Fritid<\/title>\n<meta name=\"robots\" content=\"index, follow, max-snippet:-1, max-image-preview:large, max-video-preview:-1\" \/>\n<link rel=\"canonical\" href=\"https:\/\/truusk.store\/sv\/produkt\/truusk-upphojd-tradgardsbord-for-tradgardsbalkong-105-x-40-x-135-cm-gran-fiberduk-brun\/\" \/>\n<meta property=\"og:locale\" content=\"sv_SE\" \/>\n<meta property=\"og:type\" content=\"article\" \/>\n<meta property=\"og:title\" content=\"TRUUSK Upph\u00f6jd Tr\u00e4dg\u00e5rdsbord - F\u00f6r Tr\u00e4dg\u00e5rdsbalkong - 105 x 40 x 135 cm - Gran - Fiberduk - Brun - TRUUSK - Hem, Tr\u00e4dg\u00e5rd &amp; Fritid\" \/>\n<meta property=\"og:description\" content=\"Denna kruka \u00e4r en upph\u00f6jd balkong som erbjuder dina gr\u00f6nsaker och blommor ett perfekt odlingsutrymme. Bloml\u00e5dan \u00e4r designad med tillr\u00e4ckligt...\" \/>\n<meta property=\"og:url\" content=\"https:\/\/truusk.store\/sv\/produkt\/truusk-upphojd-tradgardsbord-for-tradgardsbalkong-105-x-40-x-135-cm-gran-fiberduk-brun\/\" \/>\n<meta property=\"og:site_name\" content=\"TRUUSK - Hem, Tr\u00e4dg\u00e5rd &amp; Fritid\" \/>\n<meta property=\"article:modified_time\" content=\"2026-03-12T07:55:30+00:00\" \/>\n<meta property=\"og:image\" content=\"https:\/\/i0.wp.com\/truusk.se\/wp-content\/uploads\/2024\/02\/upphojd-sang-vaxtbord-blombord-arbetsbord-tradgardsbord-vaxthus-travaxtbord-for-tradgardsbalkong-105-x-40-x-135-cm-gran-fiberduk-brun.webp?fit=800%2C800&ssl=1\" \/>\n\t<meta property=\"og:image:width\" content=\"800\" \/>\n\t<meta property=\"og:image:height\" content=\"800\" \/>\n\t<meta property=\"og:image:type\" content=\"image\/webp\" \/>\n<meta name=\"twitter:card\" content=\"summary_large_image\" \/>\n<meta name=\"twitter:label1\" content=\"Ber\u00e4knad l\u00e4stid\" \/>\n\t<meta name=\"twitter:data1\" content=\"1 minut\" \/>\n<!-- \/ Yoast SEO plugin. -->","yoast_head_json":{"title":"TRUUSK Upph\u00f6jd Tr\u00e4dg\u00e5rdsbord - F\u00f6r Tr\u00e4dg\u00e5rdsbalkong - 105 x 40 x 135 cm - Gran - Fiberduk - Brun - TRUUSK - Hem, Tr\u00e4dg\u00e5rd &amp; Fritid","robots":{"index":"index","follow":"follow","max-snippet":"max-snippet:-1","max-image-preview":"max-image-preview:large","max-video-preview":"max-video-preview:-1"},"canonical":"https:\/\/truusk.store\/sv\/produkt\/truusk-upphojd-tradgardsbord-for-tradgardsbalkong-105-x-40-x-135-cm-gran-fiberduk-brun\/","og_locale":"sv_SE","og_type":"article","og_title":"TRUUSK Upph\u00f6jd Tr\u00e4dg\u00e5rdsbord - F\u00f6r Tr\u00e4dg\u00e5rdsbalkong - 105 x 40 x 135 cm - Gran - Fiberduk - Brun - TRUUSK - Hem, Tr\u00e4dg\u00e5rd &amp; Fritid","og_description":"Denna kruka \u00e4r en upph\u00f6jd balkong som erbjuder dina gr\u00f6nsaker och blommor ett perfekt odlingsutrymme. Bloml\u00e5dan \u00e4r designad med tillr\u00e4ckligt...","og_url":"https:\/\/truusk.store\/sv\/produkt\/truusk-upphojd-tradgardsbord-for-tradgardsbalkong-105-x-40-x-135-cm-gran-fiberduk-brun\/","og_site_name":"TRUUSK - Hem, Tr\u00e4dg\u00e5rd &amp; Fritid","article_modified_time":"2026-03-12T07:55:30+00:00","og_image":[{"width":800,"height":800,"url":"https:\/\/i0.wp.com\/truusk.se\/wp-content\/uploads\/2024\/02\/upphojd-sang-vaxtbord-blombord-arbetsbord-tradgardsbord-vaxthus-travaxtbord-for-tradgardsbalkong-105-x-40-x-135-cm-gran-fiberduk-brun.webp?fit=800%2C800&ssl=1","type":"image\/webp"}],"twitter_card":"summary_large_image","twitter_misc":{"Ber\u00e4knad l\u00e4stid":"1 minut"},"schema":{"@context":"https:\/\/schema.org","@graph":[{"@type":"WebPage","@id":"https:\/\/truusk.store\/sv\/produkt\/truusk-upphojd-tradgardsbord-for-tradgardsbalkong-105-x-40-x-135-cm-gran-fiberduk-brun\/","url":"https:\/\/truusk.store\/sv\/produkt\/truusk-upphojd-tradgardsbord-for-tradgardsbalkong-105-x-40-x-135-cm-gran-fiberduk-brun\/","name":"TRUUSK Upph\u00f6jd Tr\u00e4dg\u00e5rdsbord - F\u00f6r Tr\u00e4dg\u00e5rdsbalkong - 105 x 40 x 135 cm - Gran - Fiberduk - Brun - TRUUSK - Hem, Tr\u00e4dg\u00e5rd &amp; Fritid","isPartOf":{"@id":"https:\/\/truusk.store\/sv\/#website"},"primaryImageOfPage":{"@id":"https:\/\/truusk.store\/sv\/produkt\/truusk-upphojd-tradgardsbord-for-tradgardsbalkong-105-x-40-x-135-cm-gran-fiberduk-brun\/#primaryimage"},"image":{"@id":"https:\/\/truusk.store\/sv\/produkt\/truusk-upphojd-tradgardsbord-for-tradgardsbalkong-105-x-40-x-135-cm-gran-fiberduk-brun\/#primaryimage"},"thumbnailUrl":"https:\/\/i0.wp.com\/truusk.store\/wp-content\/uploads\/2024\/02\/upphojd-sang-vaxtbord-blombord-arbetsbord-tradgardsbord-vaxthus-travaxtbord-for-tradgardsbalkong-105-x-40-x-135-cm-gran-fiberduk-brun.webp?fit=800%2C800&ssl=1","datePublished":"2024-02-13T07:48:20+00:00","dateModified":"2026-03-12T07:55:30+00:00","breadcrumb":{"@id":"https:\/\/truusk.store\/sv\/produkt\/truusk-upphojd-tradgardsbord-for-tradgardsbalkong-105-x-40-x-135-cm-gran-fiberduk-brun\/#breadcrumb"},"inLanguage":"sv-SE","potentialAction":[{"@type":"ReadAction","target":["https:\/\/truusk.store\/sv\/produkt\/truusk-upphojd-tradgardsbord-for-tradgardsbalkong-105-x-40-x-135-cm-gran-fiberduk-brun\/"]}]},{"@type":"ImageObject","inLanguage":"sv-SE","@id":"https:\/\/truusk.store\/sv\/produkt\/truusk-upphojd-tradgardsbord-for-tradgardsbalkong-105-x-40-x-135-cm-gran-fiberduk-brun\/#primaryimage","url":"https:\/\/i0.wp.com\/truusk.store\/wp-content\/uploads\/2024\/02\/upphojd-sang-vaxtbord-blombord-arbetsbord-tradgardsbord-vaxthus-travaxtbord-for-tradgardsbalkong-105-x-40-x-135-cm-gran-fiberduk-brun.webp?fit=800%2C800&ssl=1","contentUrl":"https:\/\/i0.wp.com\/truusk.store\/wp-content\/uploads\/2024\/02\/upphojd-sang-vaxtbord-blombord-arbetsbord-tradgardsbord-vaxthus-travaxtbord-for-tradgardsbalkong-105-x-40-x-135-cm-gran-fiberduk-brun.webp?fit=800%2C800&ssl=1","width":800,"height":800,"caption":"Upph\u00f6jd S\u00e4ng V\u00e4xtbord Blombord Arbetsbord Tr\u00e4dg\u00e5rdsbord V\u00e4xthus Tr\u00e4v\u00e4xtbord F\u00f6r Tr\u00e4dg\u00e5rdsbalkong, 105 X 40 X 135 Cm, Gran, Fiberduk, Brun 1"},{"@type":"BreadcrumbList","@id":"https:\/\/truusk.store\/sv\/produkt\/truusk-upphojd-tradgardsbord-for-tradgardsbalkong-105-x-40-x-135-cm-gran-fiberduk-brun\/#breadcrumb","itemListElement":[{"@type":"ListItem","position":1,"name":"Home","item":"https:\/\/truusk.store\/sv\/"},{"@type":"ListItem","position":2,"name":"Shop","item":"https:\/\/truusk.store\/shop\/"},{"@type":"ListItem","position":3,"name":"TRUUSK Upph\u00f6jd Tr\u00e4dg\u00e5rdsbord &#8211; F\u00f6r Tr\u00e4dg\u00e5rdsbalkong &#8211; 105 x 40 x 135 cm &#8211; Gran &#8211; Fiberduk &#8211; Brun"}]},{"@type":"WebSite","@id":"https:\/\/truusk.store\/sv\/#website","url":"https:\/\/truusk.store\/sv\/","name":"TRUUSK - Hem, Tr\u00e4dg\u00e5rd & Fritid","description":"","publisher":{"@id":"https:\/\/truusk.store\/sv\/#organization"},"potentialAction":[{"@type":"SearchAction","target":{"@type":"EntryPoint","urlTemplate":"https:\/\/truusk.store\/sv\/?s={search_term_string}"},"query-input":{"@type":"PropertyValueSpecification","valueRequired":true,"valueName":"search_term_string"}}],"inLanguage":"sv-SE"},{"@type":"Organization","@id":"https:\/\/truusk.store\/sv\/#organization","name":"TRUUSK - Hem, Tr\u00e4dg\u00e5rd & Fritid","url":"https:\/\/truusk.store\/sv\/","logo":{"@type":"ImageObject","inLanguage":"sv-SE","@id":"https:\/\/truusk.store\/sv\/#\/schema\/logo\/image\/","url":"https:\/\/i0.wp.com\/truusk.store\/wp-content\/uploads\/2026\/03\/cropped-TRUUSK.png?fit=2032%2C917&ssl=1","contentUrl":"https:\/\/i0.wp.com\/truusk.store\/wp-content\/uploads\/2026\/03\/cropped-TRUUSK.png?fit=2032%2C917&ssl=1","width":2032,"height":917,"caption":"TRUUSK - Hem, Tr\u00e4dg\u00e5rd & Fritid"},"image":{"@id":"https:\/\/truusk.store\/sv\/#\/schema\/logo\/image\/"}}]}},"jetpack_sharing_enabled":true,"_links":{"self":[{"href":"https:\/\/truusk.store\/sv\/wp-json\/wp\/v2\/product\/7303","targetHints":{"allow":["GET"]}}],"collection":[{"href":"https:\/\/truusk.store\/sv\/wp-json\/wp\/v2\/product"}],"about":[{"href":"https:\/\/truusk.store\/sv\/wp-json\/wp\/v2\/types\/product"}],"wp:featuredmedia":[{"embeddable":true,"href":"https:\/\/truusk.store\/sv\/wp-json\/wp\/v2\/media\/7304"}],"wp:attachment":[{"href":"https:\/\/truusk.store\/sv\/wp-json\/wp\/v2\/media?parent=7303"}],"wp:term":[{"taxonomy":"product_brand","embeddable":true,"href":"https:\/\/truusk.store\/sv\/wp-json\/wp\/v2\/product_brand?post=7303"},{"taxonomy":"product_cat","embeddable":true,"href":"https:\/\/truusk.store\/sv\/wp-json\/wp\/v2\/product_cat?post=7303"},{"taxonomy":"product_tag","embeddable":true,"href":"https:\/\/truusk.store\/sv\/wp-json\/wp\/v2\/product_tag?post=7303"}],"curies":[{"name":"wp","href":"https:\/\/api.w.org\/{rel}","templated":true}]}}