{"id":73036,"date":"2025-06-05T23:49:41","date_gmt":"2025-06-05T22:49:41","guid":{"rendered":"https:\/\/truusk.store\/product\/paviljong-4x3m-sexkantig-vattenavvisande-stabil-vinterbestandig-paviljong-med-myggnat-partytalt-tradgardstalt-med-6-sidodelar-tradgardspaviljong-for-camping-tradgard-bla\/"},"modified":"2026-03-12T09:38:37","modified_gmt":"2026-03-12T08:38:37","slug":"truusk-paviljong-4x3m-vattenavvisande-stabil-och-vinterbestandig-med-myggnat-partytalt-for-tradgard-bla","status":"publish","type":"product","link":"https:\/\/truusk.store\/sv\/produkt\/truusk-paviljong-4x3m-vattenavvisande-stabil-och-vinterbestandig-med-myggnat-partytalt-for-tradgard-bla\/","title":{"rendered":"TRUUSK Paviljong 4x3m &#8211; Vattenavvisande &#8211; Stabil och Vinterbest\u00e4ndig &#8211; Med Myggn\u00e4t &#8211; Partyt\u00e4lt f\u00f6r Tr\u00e4dg\u00e5rd &#8211; Bl\u00e5"},"content":{"rendered":"<p>Njut av din tr\u00e4dg\u00e5rd i en stilfull atmosf\u00e4r med v\u00e5r sexkantiga paviljong med sidov\u00e4ggar. Festt\u00e4ltets robusta metallram garanterar maximal stabilitet och stadighet, medan det vattenavvisande taket och n\u00e4tgardinerna p\u00e5 tr\u00e4dg\u00e5rdst\u00e4ltet ger en behaglig ventilation och skydd mot sol, duggregn och insekter.<\/p>\n<p>Beskrivning:<\/p>\n<ul>\n<li> H\u00f6gkvalitativ paviljong i sexkantig form erbjuder en gener\u00f6s skuggplats med en diameter p\u00e5 3,5 m f\u00f6r avkopplande timmar i tr\u00e4dg\u00e5rden eller p\u00e5 terrassen<\/li>\n<li> Stark ram av pulverlackerat metall (\u00d8 3,8 cm) garanterar en robust och stabil konstruktion som t\u00e5l vind och v\u00e4der<\/li>\n<li> Det spetsiga taket av vattenavvisande polyester (180 g\/m\u00b2) skyddar tillf\u00f6rlitligt mot regn och intensiv solstr\u00e5lning<\/li>\n<li> N\u00e4tgardinerna p\u00e5 festt\u00e4ltet skyddar mot irriterande insekter och ger samtidigt en obegr\u00e4nsad utsikt ut\u00e5t<\/li>\n<li>2 av dem \u00e4r utrustade med en dragkedja f\u00f6r att garantera enkel tillg\u00e5ng<\/li>\n<li> 12 t\u00e4ltspikar och 6 f\u00e4stlinor f\u00f6r festt\u00e4ltet f\u00f6r f\u00f6rankring i marken ger extra stabilitet, \u00e4ven i bl\u00e5sigt v\u00e4der<\/li>\n<li> Enkel montering tack vare genomt\u00e4nkt konstruktion och medf\u00f6ljande instruktioner<\/li>\n<\/ul>\n<p> Tekniska data:<\/p>\n<ul>\n<li> F\u00e4rg: Bl\u00e5<\/li>\n<li> Material: Polyester, Metall<\/li>\n<li> Totala m\u00e5tt: 394L x 341,2B x 250H cm<\/li>\n<li> L\u00e4ngd p\u00e5 varje sida: 197 cm<\/li>\n<li> Genomg\u00e5ngsh\u00f6jd: 200 cm<\/li>\n<li> Takets h\u00f6jd: 250 cm<\/li>\n<\/ul>\n<p>Leveransinneh\u00e5ll:<\/p>\n<ul>\n<li> 1 x Paviljong<\/li>\n<li> 1 x Monteringsanvisning<\/li>\n<li> 12 x Jordspikar<\/li>\n<li> 6 x F\u00e4stlina<\/li>\n<\/ul>\n","protected":false},"excerpt":{"rendered":"<p>Njut av din tr\u00e4dg\u00e5rd i en stilfull atmosf\u00e4r med v\u00e5r sexkantiga paviljong med sidov\u00e4ggar. Festt\u00e4ltets robusta metallram garanterar maximal stabilitet&#8230;<\/p>\n","protected":false},"featured_media":73027,"template":"","meta":[],"product_brand":[],"product_cat":[858,476],"product_tag":[],"class_list":{"0":"post-73036","1":"product","2":"type-product","3":"status-publish","4":"has-post-thumbnail","6":"product_cat-tradgard-terrass","7":"product_cat-tradgardspaviljonger","9":"first","10":"instock","11":"sale","12":"taxable","13":"shipping-taxable","14":"purchasable","15":"product-type-simple"},"yoast_head":"<!-- This site is optimized with the Yoast SEO plugin v25.4 - https:\/\/yoast.com\/wordpress\/plugins\/seo\/ -->\n<title>TRUUSK Paviljong 4x3m - Vattenavvisande - Stabil och Vinterbest\u00e4ndig - Med Myggn\u00e4t - Partyt\u00e4lt f\u00f6r Tr\u00e4dg\u00e5rd - Bl\u00e5 - TRUUSK - Hem, Tr\u00e4dg\u00e5rd &amp; Fritid<\/title>\n<meta name=\"robots\" content=\"index, follow, max-snippet:-1, max-image-preview:large, max-video-preview:-1\" \/>\n<link rel=\"canonical\" href=\"https:\/\/truusk.store\/sv\/produkt\/truusk-paviljong-4x3m-vattenavvisande-stabil-och-vinterbestandig-med-myggnat-partytalt-for-tradgard-bla\/\" \/>\n<meta property=\"og:locale\" content=\"sv_SE\" \/>\n<meta property=\"og:type\" content=\"article\" \/>\n<meta property=\"og:title\" content=\"TRUUSK Paviljong 4x3m - Vattenavvisande - Stabil och Vinterbest\u00e4ndig - Med Myggn\u00e4t - Partyt\u00e4lt f\u00f6r Tr\u00e4dg\u00e5rd - Bl\u00e5 - TRUUSK - Hem, Tr\u00e4dg\u00e5rd &amp; Fritid\" \/>\n<meta property=\"og:description\" content=\"Njut av din tr\u00e4dg\u00e5rd i en stilfull atmosf\u00e4r med v\u00e5r sexkantiga paviljong med sidov\u00e4ggar. Festt\u00e4ltets robusta metallram garanterar maximal stabilitet...\" \/>\n<meta property=\"og:url\" content=\"https:\/\/truusk.store\/sv\/produkt\/truusk-paviljong-4x3m-vattenavvisande-stabil-och-vinterbestandig-med-myggnat-partytalt-for-tradgard-bla\/\" \/>\n<meta property=\"og:site_name\" content=\"TRUUSK - Hem, Tr\u00e4dg\u00e5rd &amp; Fritid\" \/>\n<meta property=\"article:modified_time\" content=\"2026-03-12T08:38:37+00:00\" \/>\n<meta property=\"og:image\" content=\"https:\/\/i0.wp.com\/truusk.se\/wp-content\/uploads\/2025\/06\/paviljong-4x3m-sexkantig-vattenavvisande-stabil-vinterbestandig-paviljong-med-myggnat-partytalt-tradgardstalt-med-6-sidodelar-tradgardspaviljong-for-camping-tradgard-bla-1.webp?fit=2000%2C2000&ssl=1\" \/>\n\t<meta property=\"og:image:width\" content=\"2000\" \/>\n\t<meta property=\"og:image:height\" content=\"2000\" \/>\n\t<meta property=\"og:image:type\" content=\"image\/webp\" \/>\n<meta name=\"twitter:card\" content=\"summary_large_image\" \/>\n<meta name=\"twitter:label1\" content=\"Ber\u00e4knad l\u00e4stid\" \/>\n\t<meta name=\"twitter:data1\" content=\"1 minut\" \/>\n<!-- \/ Yoast SEO plugin. -->","yoast_head_json":{"title":"TRUUSK Paviljong 4x3m - Vattenavvisande - Stabil och Vinterbest\u00e4ndig - Med Myggn\u00e4t - Partyt\u00e4lt f\u00f6r Tr\u00e4dg\u00e5rd - Bl\u00e5 - TRUUSK - Hem, Tr\u00e4dg\u00e5rd &amp; Fritid","robots":{"index":"index","follow":"follow","max-snippet":"max-snippet:-1","max-image-preview":"max-image-preview:large","max-video-preview":"max-video-preview:-1"},"canonical":"https:\/\/truusk.store\/sv\/produkt\/truusk-paviljong-4x3m-vattenavvisande-stabil-och-vinterbestandig-med-myggnat-partytalt-for-tradgard-bla\/","og_locale":"sv_SE","og_type":"article","og_title":"TRUUSK Paviljong 4x3m - Vattenavvisande - Stabil och Vinterbest\u00e4ndig - Med Myggn\u00e4t - Partyt\u00e4lt f\u00f6r Tr\u00e4dg\u00e5rd - Bl\u00e5 - TRUUSK - Hem, Tr\u00e4dg\u00e5rd &amp; Fritid","og_description":"Njut av din tr\u00e4dg\u00e5rd i en stilfull atmosf\u00e4r med v\u00e5r sexkantiga paviljong med sidov\u00e4ggar. Festt\u00e4ltets robusta metallram garanterar maximal stabilitet...","og_url":"https:\/\/truusk.store\/sv\/produkt\/truusk-paviljong-4x3m-vattenavvisande-stabil-och-vinterbestandig-med-myggnat-partytalt-for-tradgard-bla\/","og_site_name":"TRUUSK - Hem, Tr\u00e4dg\u00e5rd &amp; Fritid","article_modified_time":"2026-03-12T08:38:37+00:00","og_image":[{"width":2000,"height":2000,"url":"https:\/\/i0.wp.com\/truusk.se\/wp-content\/uploads\/2025\/06\/paviljong-4x3m-sexkantig-vattenavvisande-stabil-vinterbestandig-paviljong-med-myggnat-partytalt-tradgardstalt-med-6-sidodelar-tradgardspaviljong-for-camping-tradgard-bla-1.webp?fit=2000%2C2000&ssl=1","type":"image\/webp"}],"twitter_card":"summary_large_image","twitter_misc":{"Ber\u00e4knad l\u00e4stid":"1 minut"},"schema":{"@context":"https:\/\/schema.org","@graph":[{"@type":"WebPage","@id":"https:\/\/truusk.store\/sv\/produkt\/truusk-paviljong-4x3m-vattenavvisande-stabil-och-vinterbestandig-med-myggnat-partytalt-for-tradgard-bla\/","url":"https:\/\/truusk.store\/sv\/produkt\/truusk-paviljong-4x3m-vattenavvisande-stabil-och-vinterbestandig-med-myggnat-partytalt-for-tradgard-bla\/","name":"TRUUSK Paviljong 4x3m - Vattenavvisande - Stabil och Vinterbest\u00e4ndig - Med Myggn\u00e4t - Partyt\u00e4lt f\u00f6r Tr\u00e4dg\u00e5rd - Bl\u00e5 - TRUUSK - Hem, Tr\u00e4dg\u00e5rd &amp; Fritid","isPartOf":{"@id":"https:\/\/truusk.store\/sv\/#website"},"primaryImageOfPage":{"@id":"https:\/\/truusk.store\/sv\/produkt\/truusk-paviljong-4x3m-vattenavvisande-stabil-och-vinterbestandig-med-myggnat-partytalt-for-tradgard-bla\/#primaryimage"},"image":{"@id":"https:\/\/truusk.store\/sv\/produkt\/truusk-paviljong-4x3m-vattenavvisande-stabil-och-vinterbestandig-med-myggnat-partytalt-for-tradgard-bla\/#primaryimage"},"thumbnailUrl":"https:\/\/i0.wp.com\/truusk.store\/wp-content\/uploads\/2025\/06\/paviljong-4x3m-sexkantig-vattenavvisande-stabil-vinterbestandig-paviljong-med-myggnat-partytalt-tradgardstalt-med-6-sidodelar-tradgardspaviljong-for-camping-tradgard-bla-1.webp?fit=2000%2C2000&ssl=1","datePublished":"2025-06-05T22:49:41+00:00","dateModified":"2026-03-12T08:38:37+00:00","breadcrumb":{"@id":"https:\/\/truusk.store\/sv\/produkt\/truusk-paviljong-4x3m-vattenavvisande-stabil-och-vinterbestandig-med-myggnat-partytalt-for-tradgard-bla\/#breadcrumb"},"inLanguage":"sv-SE","potentialAction":[{"@type":"ReadAction","target":["https:\/\/truusk.store\/sv\/produkt\/truusk-paviljong-4x3m-vattenavvisande-stabil-och-vinterbestandig-med-myggnat-partytalt-for-tradgard-bla\/"]}]},{"@type":"ImageObject","inLanguage":"sv-SE","@id":"https:\/\/truusk.store\/sv\/produkt\/truusk-paviljong-4x3m-vattenavvisande-stabil-och-vinterbestandig-med-myggnat-partytalt-for-tradgard-bla\/#primaryimage","url":"https:\/\/i0.wp.com\/truusk.store\/wp-content\/uploads\/2025\/06\/paviljong-4x3m-sexkantig-vattenavvisande-stabil-vinterbestandig-paviljong-med-myggnat-partytalt-tradgardstalt-med-6-sidodelar-tradgardspaviljong-for-camping-tradgard-bla-1.webp?fit=2000%2C2000&ssl=1","contentUrl":"https:\/\/i0.wp.com\/truusk.store\/wp-content\/uploads\/2025\/06\/paviljong-4x3m-sexkantig-vattenavvisande-stabil-vinterbestandig-paviljong-med-myggnat-partytalt-tradgardstalt-med-6-sidodelar-tradgardspaviljong-for-camping-tradgard-bla-1.webp?fit=2000%2C2000&ssl=1","width":2000,"height":2000},{"@type":"BreadcrumbList","@id":"https:\/\/truusk.store\/sv\/produkt\/truusk-paviljong-4x3m-vattenavvisande-stabil-och-vinterbestandig-med-myggnat-partytalt-for-tradgard-bla\/#breadcrumb","itemListElement":[{"@type":"ListItem","position":1,"name":"Home","item":"https:\/\/truusk.store\/sv\/"},{"@type":"ListItem","position":2,"name":"Shop","item":"https:\/\/truusk.store\/shop\/"},{"@type":"ListItem","position":3,"name":"TRUUSK Paviljong 4x3m &#8211; Vattenavvisande &#8211; Stabil och Vinterbest\u00e4ndig &#8211; Med Myggn\u00e4t &#8211; Partyt\u00e4lt f\u00f6r Tr\u00e4dg\u00e5rd &#8211; Bl\u00e5"}]},{"@type":"WebSite","@id":"https:\/\/truusk.store\/sv\/#website","url":"https:\/\/truusk.store\/sv\/","name":"TRUUSK - Hem, Tr\u00e4dg\u00e5rd & Fritid","description":"","publisher":{"@id":"https:\/\/truusk.store\/sv\/#organization"},"potentialAction":[{"@type":"SearchAction","target":{"@type":"EntryPoint","urlTemplate":"https:\/\/truusk.store\/sv\/?s={search_term_string}"},"query-input":{"@type":"PropertyValueSpecification","valueRequired":true,"valueName":"search_term_string"}}],"inLanguage":"sv-SE"},{"@type":"Organization","@id":"https:\/\/truusk.store\/sv\/#organization","name":"TRUUSK - Hem, Tr\u00e4dg\u00e5rd & Fritid","url":"https:\/\/truusk.store\/sv\/","logo":{"@type":"ImageObject","inLanguage":"sv-SE","@id":"https:\/\/truusk.store\/sv\/#\/schema\/logo\/image\/","url":"https:\/\/i0.wp.com\/truusk.store\/wp-content\/uploads\/2026\/03\/cropped-TRUUSK.png?fit=2032%2C917&ssl=1","contentUrl":"https:\/\/i0.wp.com\/truusk.store\/wp-content\/uploads\/2026\/03\/cropped-TRUUSK.png?fit=2032%2C917&ssl=1","width":2032,"height":917,"caption":"TRUUSK - Hem, Tr\u00e4dg\u00e5rd & Fritid"},"image":{"@id":"https:\/\/truusk.store\/sv\/#\/schema\/logo\/image\/"}}]}},"jetpack_sharing_enabled":true,"_links":{"self":[{"href":"https:\/\/truusk.store\/sv\/wp-json\/wp\/v2\/product\/73036","targetHints":{"allow":["GET"]}}],"collection":[{"href":"https:\/\/truusk.store\/sv\/wp-json\/wp\/v2\/product"}],"about":[{"href":"https:\/\/truusk.store\/sv\/wp-json\/wp\/v2\/types\/product"}],"wp:featuredmedia":[{"embeddable":true,"href":"https:\/\/truusk.store\/sv\/wp-json\/wp\/v2\/media\/73027"}],"wp:attachment":[{"href":"https:\/\/truusk.store\/sv\/wp-json\/wp\/v2\/media?parent=73036"}],"wp:term":[{"taxonomy":"product_brand","embeddable":true,"href":"https:\/\/truusk.store\/sv\/wp-json\/wp\/v2\/product_brand?post=73036"},{"taxonomy":"product_cat","embeddable":true,"href":"https:\/\/truusk.store\/sv\/wp-json\/wp\/v2\/product_cat?post=73036"},{"taxonomy":"product_tag","embeddable":true,"href":"https:\/\/truusk.store\/sv\/wp-json\/wp\/v2\/product_tag?post=73036"}],"curies":[{"name":"wp","href":"https:\/\/api.w.org\/{rel}","templated":true}]}}