{"id":73046,"date":"2025-06-05T23:50:34","date_gmt":"2025-06-05T22:50:34","guid":{"rendered":"https:\/\/truusk.store\/product\/keramisk-sittplint-i-spiralform-tal-120kg-o33-x-45-cm-vaderbestandig-tradgardsplint-med-lock-blomplint-fotplint-for-utomhus-camping-tradgard-terrass-balkong-vit\/"},"modified":"2026-03-12T08:42:45","modified_gmt":"2026-03-12T07:42:45","slug":"truusk-keramisk-spiralformad-sittplint-tal-120kg-vaderbestandig-med-lock-for-tradgard-camping-terrass-vit-o33-x-45","status":"publish","type":"product","link":"https:\/\/truusk.store\/sv\/produkt\/truusk-keramisk-spiralformad-sittplint-tal-120kg-vaderbestandig-med-lock-for-tradgard-camping-terrass-vit-o33-x-45\/","title":{"rendered":"TRUUSK Keramisk Spiralformad Sittplint &#8211; T\u00e5l 120kg &#8211; V\u00e4derbest\u00e4ndig &#8211; Med Lock &#8211; F\u00f6r Tr\u00e4dg\u00e5rd, Camping, Terrass &#8211; Vit &#8211; \u00d833 x 45"},"content":{"rendered":"<p>Inf\u00f6r elegans i ditt hem med TRUUSK keramiska pall. Tillverkad vid upp till 1 200 grader, st\u00e5r denna sittplats emot alla \u00e5rstider. M\u00e5ngsidigt anv\u00e4ndbar som sittplats, fotst\u00f6d, v\u00e4xtst\u00e4ll, sidobord eller tr\u00e4dg\u00e5rdsdekoration. Den glaserade ytan p\u00e5 pallen \u00e4r l\u00e4tt att underh\u00e5lla och snabbt rengjord. Skaffa detta charmiga, f\u00e4rgglada stycke idag.<\/p>\n<p>Beskrivning:<\/p>\n<ul>\n<li> Spiralpall med fyrkl\u00f6verdesign f\u00f6r inomhus- och utomhusestetik<\/li>\n<li> Denna tr\u00e4dg\u00e5rdspall fungerar som sittplats, fotst\u00f6d, sidobord eller v\u00e4xtst\u00e4ll<\/li>\n<li> Keramisk struktur br\u00e4nd vid 1 200 grader, belastningsbar upp till 120 kg<\/li>\n<li> Glaserad yta, l\u00e4tt att reng\u00f6ra<\/li>\n<li> Skyddande fotdynor p\u00e5 pallen f\u00f6rhindrar skador p\u00e5 golvet<\/li>\n<li> Ingen montering kr\u00e4vs<\/li>\n<\/ul>\n<p> Tekniska data:<\/p>\n<ul>\n<li> F\u00e4rg: Vit<\/li>\n<li> Material: Keramik<\/li>\n<li> Totala dimensioner: 33L x 33B x 45H cm<\/li>\n<li> Sitsstorlek: 33L x 33B cm<\/li>\n<li> Belastningskapacitet: 120 kg<\/li>\n<\/ul>\n<p>Leveransinneh\u00e5ll:<\/p>\n<ul>\n<li> 1 x Dekorativ tr\u00e4dg\u00e5rdspall<\/li>\n<li> 1 x Bruksanvisning<\/li>\n<\/ul>\n","protected":false},"excerpt":{"rendered":"<p>Inf\u00f6r elegans i ditt hem med TRUUSK keramiska pall. Tillverkad vid upp till 1 200 grader, st\u00e5r denna sittplats emot&#8230;<\/p>\n","protected":false},"featured_media":73037,"template":"","meta":[],"product_brand":[],"product_cat":[858,454,450],"product_tag":[],"class_list":{"0":"post-73046","1":"product","2":"type-product","3":"status-publish","4":"has-post-thumbnail","6":"product_cat-tradgard-terrass","7":"product_cat-tradgardsbankar","8":"product_cat-tradgardsmobler","10":"first","11":"instock","12":"sale","13":"taxable","14":"shipping-taxable","15":"purchasable","16":"product-type-simple"},"yoast_head":"<!-- This site is optimized with the Yoast SEO plugin v25.4 - https:\/\/yoast.com\/wordpress\/plugins\/seo\/ -->\n<title>TRUUSK Keramisk Spiralformad Sittplint - T\u00e5l 120kg - V\u00e4derbest\u00e4ndig - Med Lock - F\u00f6r Tr\u00e4dg\u00e5rd, Camping, Terrass - Vit - \u00d833 x 45 - TRUUSK - Hem, Tr\u00e4dg\u00e5rd &amp; Fritid<\/title>\n<meta name=\"robots\" content=\"index, follow, max-snippet:-1, max-image-preview:large, max-video-preview:-1\" \/>\n<link rel=\"canonical\" href=\"https:\/\/truusk.store\/sv\/produkt\/truusk-keramisk-spiralformad-sittplint-tal-120kg-vaderbestandig-med-lock-for-tradgard-camping-terrass-vit-o33-x-45\/\" \/>\n<meta property=\"og:locale\" content=\"sv_SE\" \/>\n<meta property=\"og:type\" content=\"article\" \/>\n<meta property=\"og:title\" content=\"TRUUSK Keramisk Spiralformad Sittplint - T\u00e5l 120kg - V\u00e4derbest\u00e4ndig - Med Lock - F\u00f6r Tr\u00e4dg\u00e5rd, Camping, Terrass - Vit - \u00d833 x 45 - TRUUSK - Hem, Tr\u00e4dg\u00e5rd &amp; Fritid\" \/>\n<meta property=\"og:description\" content=\"Inf\u00f6r elegans i ditt hem med TRUUSK keramiska pall. Tillverkad vid upp till 1 200 grader, st\u00e5r denna sittplats emot...\" \/>\n<meta property=\"og:url\" content=\"https:\/\/truusk.store\/sv\/produkt\/truusk-keramisk-spiralformad-sittplint-tal-120kg-vaderbestandig-med-lock-for-tradgard-camping-terrass-vit-o33-x-45\/\" \/>\n<meta property=\"og:site_name\" content=\"TRUUSK - Hem, Tr\u00e4dg\u00e5rd &amp; Fritid\" \/>\n<meta property=\"article:modified_time\" content=\"2026-03-12T07:42:45+00:00\" \/>\n<meta property=\"og:image\" content=\"https:\/\/i0.wp.com\/truusk.se\/wp-content\/uploads\/2025\/06\/keramisk-sittplint-i-spiralform-tal-120kg-o33-x-45-cm-vaderbestandig-tradgardsplint-med-lock-blomplint-fotplint-for-utomhus-camping-tradgard-terrass-balkong-vit-1.webp?fit=2000%2C2000&ssl=1\" \/>\n\t<meta property=\"og:image:width\" content=\"2000\" \/>\n\t<meta property=\"og:image:height\" content=\"2000\" \/>\n\t<meta property=\"og:image:type\" content=\"image\/webp\" \/>\n<meta name=\"twitter:card\" content=\"summary_large_image\" \/>\n<meta name=\"twitter:label1\" content=\"Ber\u00e4knad l\u00e4stid\" \/>\n\t<meta name=\"twitter:data1\" content=\"1 minut\" \/>\n<!-- \/ Yoast SEO plugin. -->","yoast_head_json":{"title":"TRUUSK Keramisk Spiralformad Sittplint - T\u00e5l 120kg - V\u00e4derbest\u00e4ndig - Med Lock - F\u00f6r Tr\u00e4dg\u00e5rd, Camping, Terrass - Vit - \u00d833 x 45 - TRUUSK - Hem, Tr\u00e4dg\u00e5rd &amp; Fritid","robots":{"index":"index","follow":"follow","max-snippet":"max-snippet:-1","max-image-preview":"max-image-preview:large","max-video-preview":"max-video-preview:-1"},"canonical":"https:\/\/truusk.store\/sv\/produkt\/truusk-keramisk-spiralformad-sittplint-tal-120kg-vaderbestandig-med-lock-for-tradgard-camping-terrass-vit-o33-x-45\/","og_locale":"sv_SE","og_type":"article","og_title":"TRUUSK Keramisk Spiralformad Sittplint - T\u00e5l 120kg - V\u00e4derbest\u00e4ndig - Med Lock - F\u00f6r Tr\u00e4dg\u00e5rd, Camping, Terrass - Vit - \u00d833 x 45 - TRUUSK - Hem, Tr\u00e4dg\u00e5rd &amp; Fritid","og_description":"Inf\u00f6r elegans i ditt hem med TRUUSK keramiska pall. Tillverkad vid upp till 1 200 grader, st\u00e5r denna sittplats emot...","og_url":"https:\/\/truusk.store\/sv\/produkt\/truusk-keramisk-spiralformad-sittplint-tal-120kg-vaderbestandig-med-lock-for-tradgard-camping-terrass-vit-o33-x-45\/","og_site_name":"TRUUSK - Hem, Tr\u00e4dg\u00e5rd &amp; Fritid","article_modified_time":"2026-03-12T07:42:45+00:00","og_image":[{"width":2000,"height":2000,"url":"https:\/\/i0.wp.com\/truusk.se\/wp-content\/uploads\/2025\/06\/keramisk-sittplint-i-spiralform-tal-120kg-o33-x-45-cm-vaderbestandig-tradgardsplint-med-lock-blomplint-fotplint-for-utomhus-camping-tradgard-terrass-balkong-vit-1.webp?fit=2000%2C2000&ssl=1","type":"image\/webp"}],"twitter_card":"summary_large_image","twitter_misc":{"Ber\u00e4knad l\u00e4stid":"1 minut"},"schema":{"@context":"https:\/\/schema.org","@graph":[{"@type":"WebPage","@id":"https:\/\/truusk.store\/sv\/produkt\/truusk-keramisk-spiralformad-sittplint-tal-120kg-vaderbestandig-med-lock-for-tradgard-camping-terrass-vit-o33-x-45\/","url":"https:\/\/truusk.store\/sv\/produkt\/truusk-keramisk-spiralformad-sittplint-tal-120kg-vaderbestandig-med-lock-for-tradgard-camping-terrass-vit-o33-x-45\/","name":"TRUUSK Keramisk Spiralformad Sittplint - T\u00e5l 120kg - V\u00e4derbest\u00e4ndig - Med Lock - F\u00f6r Tr\u00e4dg\u00e5rd, Camping, Terrass - Vit - \u00d833 x 45 - TRUUSK - Hem, Tr\u00e4dg\u00e5rd &amp; Fritid","isPartOf":{"@id":"https:\/\/truusk.store\/sv\/#website"},"primaryImageOfPage":{"@id":"https:\/\/truusk.store\/sv\/produkt\/truusk-keramisk-spiralformad-sittplint-tal-120kg-vaderbestandig-med-lock-for-tradgard-camping-terrass-vit-o33-x-45\/#primaryimage"},"image":{"@id":"https:\/\/truusk.store\/sv\/produkt\/truusk-keramisk-spiralformad-sittplint-tal-120kg-vaderbestandig-med-lock-for-tradgard-camping-terrass-vit-o33-x-45\/#primaryimage"},"thumbnailUrl":"https:\/\/i0.wp.com\/truusk.store\/wp-content\/uploads\/2025\/06\/keramisk-sittplint-i-spiralform-tal-120kg-o33-x-45-cm-vaderbestandig-tradgardsplint-med-lock-blomplint-fotplint-for-utomhus-camping-tradgard-terrass-balkong-vit-1.webp?fit=2000%2C2000&ssl=1","datePublished":"2025-06-05T22:50:34+00:00","dateModified":"2026-03-12T07:42:45+00:00","breadcrumb":{"@id":"https:\/\/truusk.store\/sv\/produkt\/truusk-keramisk-spiralformad-sittplint-tal-120kg-vaderbestandig-med-lock-for-tradgard-camping-terrass-vit-o33-x-45\/#breadcrumb"},"inLanguage":"sv-SE","potentialAction":[{"@type":"ReadAction","target":["https:\/\/truusk.store\/sv\/produkt\/truusk-keramisk-spiralformad-sittplint-tal-120kg-vaderbestandig-med-lock-for-tradgard-camping-terrass-vit-o33-x-45\/"]}]},{"@type":"ImageObject","inLanguage":"sv-SE","@id":"https:\/\/truusk.store\/sv\/produkt\/truusk-keramisk-spiralformad-sittplint-tal-120kg-vaderbestandig-med-lock-for-tradgard-camping-terrass-vit-o33-x-45\/#primaryimage","url":"https:\/\/i0.wp.com\/truusk.store\/wp-content\/uploads\/2025\/06\/keramisk-sittplint-i-spiralform-tal-120kg-o33-x-45-cm-vaderbestandig-tradgardsplint-med-lock-blomplint-fotplint-for-utomhus-camping-tradgard-terrass-balkong-vit-1.webp?fit=2000%2C2000&ssl=1","contentUrl":"https:\/\/i0.wp.com\/truusk.store\/wp-content\/uploads\/2025\/06\/keramisk-sittplint-i-spiralform-tal-120kg-o33-x-45-cm-vaderbestandig-tradgardsplint-med-lock-blomplint-fotplint-for-utomhus-camping-tradgard-terrass-balkong-vit-1.webp?fit=2000%2C2000&ssl=1","width":2000,"height":2000},{"@type":"BreadcrumbList","@id":"https:\/\/truusk.store\/sv\/produkt\/truusk-keramisk-spiralformad-sittplint-tal-120kg-vaderbestandig-med-lock-for-tradgard-camping-terrass-vit-o33-x-45\/#breadcrumb","itemListElement":[{"@type":"ListItem","position":1,"name":"Home","item":"https:\/\/truusk.store\/sv\/"},{"@type":"ListItem","position":2,"name":"Shop","item":"https:\/\/truusk.store\/shop\/"},{"@type":"ListItem","position":3,"name":"TRUUSK Keramisk Spiralformad Sittplint &#8211; T\u00e5l 120kg &#8211; V\u00e4derbest\u00e4ndig &#8211; Med Lock &#8211; F\u00f6r Tr\u00e4dg\u00e5rd, Camping, Terrass &#8211; Vit &#8211; \u00d833 x 45"}]},{"@type":"WebSite","@id":"https:\/\/truusk.store\/sv\/#website","url":"https:\/\/truusk.store\/sv\/","name":"TRUUSK - Hem, Tr\u00e4dg\u00e5rd & Fritid","description":"","publisher":{"@id":"https:\/\/truusk.store\/sv\/#organization"},"potentialAction":[{"@type":"SearchAction","target":{"@type":"EntryPoint","urlTemplate":"https:\/\/truusk.store\/sv\/?s={search_term_string}"},"query-input":{"@type":"PropertyValueSpecification","valueRequired":true,"valueName":"search_term_string"}}],"inLanguage":"sv-SE"},{"@type":"Organization","@id":"https:\/\/truusk.store\/sv\/#organization","name":"TRUUSK - Hem, Tr\u00e4dg\u00e5rd & Fritid","url":"https:\/\/truusk.store\/sv\/","logo":{"@type":"ImageObject","inLanguage":"sv-SE","@id":"https:\/\/truusk.store\/sv\/#\/schema\/logo\/image\/","url":"https:\/\/i0.wp.com\/truusk.store\/wp-content\/uploads\/2026\/03\/cropped-TRUUSK.png?fit=2032%2C917&ssl=1","contentUrl":"https:\/\/i0.wp.com\/truusk.store\/wp-content\/uploads\/2026\/03\/cropped-TRUUSK.png?fit=2032%2C917&ssl=1","width":2032,"height":917,"caption":"TRUUSK - Hem, Tr\u00e4dg\u00e5rd & Fritid"},"image":{"@id":"https:\/\/truusk.store\/sv\/#\/schema\/logo\/image\/"}}]}},"jetpack_sharing_enabled":true,"_links":{"self":[{"href":"https:\/\/truusk.store\/sv\/wp-json\/wp\/v2\/product\/73046","targetHints":{"allow":["GET"]}}],"collection":[{"href":"https:\/\/truusk.store\/sv\/wp-json\/wp\/v2\/product"}],"about":[{"href":"https:\/\/truusk.store\/sv\/wp-json\/wp\/v2\/types\/product"}],"wp:featuredmedia":[{"embeddable":true,"href":"https:\/\/truusk.store\/sv\/wp-json\/wp\/v2\/media\/73037"}],"wp:attachment":[{"href":"https:\/\/truusk.store\/sv\/wp-json\/wp\/v2\/media?parent=73046"}],"wp:term":[{"taxonomy":"product_brand","embeddable":true,"href":"https:\/\/truusk.store\/sv\/wp-json\/wp\/v2\/product_brand?post=73046"},{"taxonomy":"product_cat","embeddable":true,"href":"https:\/\/truusk.store\/sv\/wp-json\/wp\/v2\/product_cat?post=73046"},{"taxonomy":"product_tag","embeddable":true,"href":"https:\/\/truusk.store\/sv\/wp-json\/wp\/v2\/product_tag?post=73046"}],"curies":[{"name":"wp","href":"https:\/\/api.w.org\/{rel}","templated":true}]}}