{"id":73056,"date":"2025-06-05T23:51:44","date_gmt":"2025-06-05T22:51:44","guid":{"rendered":"https:\/\/truusk.store\/product\/aiyaplay-sandlada-med-tak-och-nat-dorr-142-x-1015-cm-tra-sandlada-med-sittbank-forvaringsutrymme-golvskydd-for-4-barn-3-6-ar-brun\/"},"modified":"2026-03-12T08:42:10","modified_gmt":"2026-03-12T07:42:10","slug":"truusk-sandlada-med-tak-och-nat-dorr-142-x-1015-cm-tra-sandlada-med-sittbank-forvaringsutrymme-golvskydd-for-4-barn","status":"publish","type":"product","link":"https:\/\/truusk.store\/sv\/produkt\/truusk-sandlada-med-tak-och-nat-dorr-142-x-1015-cm-tra-sandlada-med-sittbank-forvaringsutrymme-golvskydd-for-4-barn\/","title":{"rendered":"TRUUSK Sandl\u00e5da Med Tak Och N\u00e4t D\u00f6rr &#8211; 142 X 101,5 Cm &#8211; Tr\u00e4 Sandl\u00e5da Med Sittb\u00e4nk &#8211; F\u00f6rvaringsutrymme &#8211; Golvskydd &#8211; F\u00f6r 4 Barn"},"content":{"rendered":"<p>G\u00f6r din tr\u00e4dg\u00e5rd till det ultimata lekparadiset med AIYAPLAY balkong sandl\u00e5da! Med ett helt t\u00e4ckt tak och en n\u00e4t d\u00f6rr skyddar den perfekt mot solen och h\u00e5ller myggor borta. Barnens sandl\u00e5da erbjuder bekv\u00e4ma sittb\u00e4nkar f\u00f6r fyra barn och praktiska f\u00f6rvaringsfack f\u00f6r sand leksaker. Njut av obegr\u00e4nsad kul i denna gener\u00f6sa sand grop!<\/p>\n<p>Beskrivning:<\/p>\n<ul>\n<li> Helt t\u00e4ckt baldakin av sandl\u00e5dan med n\u00e4t d\u00f6rr skyddar mot sol och myggor<\/li>\n<li> B\u00e4nkar f\u00f6r fyra barn med f\u00f6rvaringsutrymme under s\u00e4tet f\u00f6r leksaker<\/li>\n<li> Rymlig sandl\u00e5da rymmer 280 kg sand f\u00f6r att bygga slott<\/li>\n<li> Golvskydd f\u00f6rhindrar sandf\u00f6rlust och blockerar ogr\u00e4s och fukt<\/li>\n<li> Montering kr\u00e4vs, garanterar s\u00e4ker och stabil konstruktion<\/li>\n<\/ul>\n<p> Tekniska data:<\/p>\n<ul>\n<li> F\u00e4rg: Brun<\/li>\n<li> Material: Gran, Polyester<\/li>\n<li> Totala dimensioner: 142B x 101,5T x 131H cm<\/li>\n<li> Inre dimension: 98B x 98T x 20H cm<\/li>\n<li> Sandkapacitet: 280 kg<\/li>\n<li> F\u00f6rvaringsfack: 48L x 18,5B x 19,5H cm<\/li>\n<li> Baldakin: 142B x 101,5T x 131H cm<\/li>\n<li> Belastning per sittplats: 30 kg<\/li>\n<li> Rekommenderad \u00e5lder: 3-6 \u00e5r<\/li>\n<li> Godk\u00e4nd \u00e5lder: 3+ \u00e5r<\/li>\n<\/ul>\n<p>Leverans inneh\u00e5ller:<\/p>\n<ul>\n<li> 1 x Barnsandl\u00e5da<\/li>\n<li> 1 x Sol tak<\/li>\n<li> 1 x Bruksanvisning<\/li>\n<\/ul>\n","protected":false},"excerpt":{"rendered":"<p>G\u00f6r din tr\u00e4dg\u00e5rd till det ultimata lekparadiset med AIYAPLAY balkong sandl\u00e5da! Med ett helt t\u00e4ckt tak och en n\u00e4t d\u00f6rr&#8230;<\/p>\n","protected":false},"featured_media":73047,"template":"","meta":[],"product_brand":[],"product_cat":[880,620,616],"product_tag":[],"class_list":{"0":"post-73056","1":"product","2":"type-product","3":"status-publish","4":"has-post-thumbnail","6":"product_cat-baby-barn-2","7":"product_cat-sandlador-tillbehor","8":"product_cat-utomhusleksaker","10":"first","11":"instock","12":"sale","13":"taxable","14":"shipping-taxable","15":"purchasable","16":"product-type-simple"},"yoast_head":"<!-- This site is optimized with the Yoast SEO plugin v25.4 - https:\/\/yoast.com\/wordpress\/plugins\/seo\/ -->\n<title>TRUUSK Sandl\u00e5da Med Tak Och N\u00e4t D\u00f6rr - 142 X 101,5 Cm - Tr\u00e4 Sandl\u00e5da Med Sittb\u00e4nk - F\u00f6rvaringsutrymme - Golvskydd - F\u00f6r 4 Barn - TRUUSK - Hem, Tr\u00e4dg\u00e5rd &amp; Fritid<\/title>\n<meta name=\"robots\" content=\"index, follow, max-snippet:-1, max-image-preview:large, max-video-preview:-1\" \/>\n<link rel=\"canonical\" href=\"https:\/\/truusk.store\/sv\/produkt\/truusk-sandlada-med-tak-och-nat-dorr-142-x-1015-cm-tra-sandlada-med-sittbank-forvaringsutrymme-golvskydd-for-4-barn\/\" \/>\n<meta property=\"og:locale\" content=\"sv_SE\" \/>\n<meta property=\"og:type\" content=\"article\" \/>\n<meta property=\"og:title\" content=\"TRUUSK Sandl\u00e5da Med Tak Och N\u00e4t D\u00f6rr - 142 X 101,5 Cm - Tr\u00e4 Sandl\u00e5da Med Sittb\u00e4nk - F\u00f6rvaringsutrymme - Golvskydd - F\u00f6r 4 Barn - TRUUSK - Hem, Tr\u00e4dg\u00e5rd &amp; Fritid\" \/>\n<meta property=\"og:description\" content=\"G\u00f6r din tr\u00e4dg\u00e5rd till det ultimata lekparadiset med AIYAPLAY balkong sandl\u00e5da! Med ett helt t\u00e4ckt tak och en n\u00e4t d\u00f6rr...\" \/>\n<meta property=\"og:url\" content=\"https:\/\/truusk.store\/sv\/produkt\/truusk-sandlada-med-tak-och-nat-dorr-142-x-1015-cm-tra-sandlada-med-sittbank-forvaringsutrymme-golvskydd-for-4-barn\/\" \/>\n<meta property=\"og:site_name\" content=\"TRUUSK - Hem, Tr\u00e4dg\u00e5rd &amp; Fritid\" \/>\n<meta property=\"article:modified_time\" content=\"2026-03-12T07:42:10+00:00\" \/>\n<meta property=\"og:image\" content=\"https:\/\/i0.wp.com\/truusk.se\/wp-content\/uploads\/2025\/06\/aiyaplay-sandlada-med-tak-och-nat-dorr-142-x-1015-cm-tra-sandlada-med-sittbank-forvaringsutrymme-golvskydd-for-4-barn-3-6-ar-brun-1.webp?fit=2000%2C2000&ssl=1\" \/>\n\t<meta property=\"og:image:width\" content=\"2000\" \/>\n\t<meta property=\"og:image:height\" content=\"2000\" \/>\n\t<meta property=\"og:image:type\" content=\"image\/webp\" \/>\n<meta name=\"twitter:card\" content=\"summary_large_image\" \/>\n<meta name=\"twitter:label1\" content=\"Ber\u00e4knad l\u00e4stid\" \/>\n\t<meta name=\"twitter:data1\" content=\"1 minut\" \/>\n<!-- \/ Yoast SEO plugin. -->","yoast_head_json":{"title":"TRUUSK Sandl\u00e5da Med Tak Och N\u00e4t D\u00f6rr - 142 X 101,5 Cm - Tr\u00e4 Sandl\u00e5da Med Sittb\u00e4nk - F\u00f6rvaringsutrymme - Golvskydd - F\u00f6r 4 Barn - TRUUSK - Hem, Tr\u00e4dg\u00e5rd &amp; Fritid","robots":{"index":"index","follow":"follow","max-snippet":"max-snippet:-1","max-image-preview":"max-image-preview:large","max-video-preview":"max-video-preview:-1"},"canonical":"https:\/\/truusk.store\/sv\/produkt\/truusk-sandlada-med-tak-och-nat-dorr-142-x-1015-cm-tra-sandlada-med-sittbank-forvaringsutrymme-golvskydd-for-4-barn\/","og_locale":"sv_SE","og_type":"article","og_title":"TRUUSK Sandl\u00e5da Med Tak Och N\u00e4t D\u00f6rr - 142 X 101,5 Cm - Tr\u00e4 Sandl\u00e5da Med Sittb\u00e4nk - F\u00f6rvaringsutrymme - Golvskydd - F\u00f6r 4 Barn - TRUUSK - Hem, Tr\u00e4dg\u00e5rd &amp; Fritid","og_description":"G\u00f6r din tr\u00e4dg\u00e5rd till det ultimata lekparadiset med AIYAPLAY balkong sandl\u00e5da! Med ett helt t\u00e4ckt tak och en n\u00e4t d\u00f6rr...","og_url":"https:\/\/truusk.store\/sv\/produkt\/truusk-sandlada-med-tak-och-nat-dorr-142-x-1015-cm-tra-sandlada-med-sittbank-forvaringsutrymme-golvskydd-for-4-barn\/","og_site_name":"TRUUSK - Hem, Tr\u00e4dg\u00e5rd &amp; Fritid","article_modified_time":"2026-03-12T07:42:10+00:00","og_image":[{"width":2000,"height":2000,"url":"https:\/\/i0.wp.com\/truusk.se\/wp-content\/uploads\/2025\/06\/aiyaplay-sandlada-med-tak-och-nat-dorr-142-x-1015-cm-tra-sandlada-med-sittbank-forvaringsutrymme-golvskydd-for-4-barn-3-6-ar-brun-1.webp?fit=2000%2C2000&ssl=1","type":"image\/webp"}],"twitter_card":"summary_large_image","twitter_misc":{"Ber\u00e4knad l\u00e4stid":"1 minut"},"schema":{"@context":"https:\/\/schema.org","@graph":[{"@type":"WebPage","@id":"https:\/\/truusk.store\/sv\/produkt\/truusk-sandlada-med-tak-och-nat-dorr-142-x-1015-cm-tra-sandlada-med-sittbank-forvaringsutrymme-golvskydd-for-4-barn\/","url":"https:\/\/truusk.store\/sv\/produkt\/truusk-sandlada-med-tak-och-nat-dorr-142-x-1015-cm-tra-sandlada-med-sittbank-forvaringsutrymme-golvskydd-for-4-barn\/","name":"TRUUSK Sandl\u00e5da Med Tak Och N\u00e4t D\u00f6rr - 142 X 101,5 Cm - Tr\u00e4 Sandl\u00e5da Med Sittb\u00e4nk - F\u00f6rvaringsutrymme - Golvskydd - F\u00f6r 4 Barn - TRUUSK - Hem, Tr\u00e4dg\u00e5rd &amp; Fritid","isPartOf":{"@id":"https:\/\/truusk.store\/sv\/#website"},"primaryImageOfPage":{"@id":"https:\/\/truusk.store\/sv\/produkt\/truusk-sandlada-med-tak-och-nat-dorr-142-x-1015-cm-tra-sandlada-med-sittbank-forvaringsutrymme-golvskydd-for-4-barn\/#primaryimage"},"image":{"@id":"https:\/\/truusk.store\/sv\/produkt\/truusk-sandlada-med-tak-och-nat-dorr-142-x-1015-cm-tra-sandlada-med-sittbank-forvaringsutrymme-golvskydd-for-4-barn\/#primaryimage"},"thumbnailUrl":"https:\/\/i0.wp.com\/truusk.store\/wp-content\/uploads\/2025\/06\/aiyaplay-sandlada-med-tak-och-nat-dorr-142-x-1015-cm-tra-sandlada-med-sittbank-forvaringsutrymme-golvskydd-for-4-barn-3-6-ar-brun-1.webp?fit=2000%2C2000&ssl=1","datePublished":"2025-06-05T22:51:44+00:00","dateModified":"2026-03-12T07:42:10+00:00","breadcrumb":{"@id":"https:\/\/truusk.store\/sv\/produkt\/truusk-sandlada-med-tak-och-nat-dorr-142-x-1015-cm-tra-sandlada-med-sittbank-forvaringsutrymme-golvskydd-for-4-barn\/#breadcrumb"},"inLanguage":"sv-SE","potentialAction":[{"@type":"ReadAction","target":["https:\/\/truusk.store\/sv\/produkt\/truusk-sandlada-med-tak-och-nat-dorr-142-x-1015-cm-tra-sandlada-med-sittbank-forvaringsutrymme-golvskydd-for-4-barn\/"]}]},{"@type":"ImageObject","inLanguage":"sv-SE","@id":"https:\/\/truusk.store\/sv\/produkt\/truusk-sandlada-med-tak-och-nat-dorr-142-x-1015-cm-tra-sandlada-med-sittbank-forvaringsutrymme-golvskydd-for-4-barn\/#primaryimage","url":"https:\/\/i0.wp.com\/truusk.store\/wp-content\/uploads\/2025\/06\/aiyaplay-sandlada-med-tak-och-nat-dorr-142-x-1015-cm-tra-sandlada-med-sittbank-forvaringsutrymme-golvskydd-for-4-barn-3-6-ar-brun-1.webp?fit=2000%2C2000&ssl=1","contentUrl":"https:\/\/i0.wp.com\/truusk.store\/wp-content\/uploads\/2025\/06\/aiyaplay-sandlada-med-tak-och-nat-dorr-142-x-1015-cm-tra-sandlada-med-sittbank-forvaringsutrymme-golvskydd-for-4-barn-3-6-ar-brun-1.webp?fit=2000%2C2000&ssl=1","width":2000,"height":2000},{"@type":"BreadcrumbList","@id":"https:\/\/truusk.store\/sv\/produkt\/truusk-sandlada-med-tak-och-nat-dorr-142-x-1015-cm-tra-sandlada-med-sittbank-forvaringsutrymme-golvskydd-for-4-barn\/#breadcrumb","itemListElement":[{"@type":"ListItem","position":1,"name":"Home","item":"https:\/\/truusk.store\/sv\/"},{"@type":"ListItem","position":2,"name":"Shop","item":"https:\/\/truusk.store\/shop\/"},{"@type":"ListItem","position":3,"name":"TRUUSK Sandl\u00e5da Med Tak Och N\u00e4t D\u00f6rr &#8211; 142 X 101,5 Cm &#8211; Tr\u00e4 Sandl\u00e5da Med Sittb\u00e4nk &#8211; F\u00f6rvaringsutrymme &#8211; Golvskydd &#8211; F\u00f6r 4 Barn"}]},{"@type":"WebSite","@id":"https:\/\/truusk.store\/sv\/#website","url":"https:\/\/truusk.store\/sv\/","name":"TRUUSK - Hem, Tr\u00e4dg\u00e5rd & Fritid","description":"","publisher":{"@id":"https:\/\/truusk.store\/sv\/#organization"},"potentialAction":[{"@type":"SearchAction","target":{"@type":"EntryPoint","urlTemplate":"https:\/\/truusk.store\/sv\/?s={search_term_string}"},"query-input":{"@type":"PropertyValueSpecification","valueRequired":true,"valueName":"search_term_string"}}],"inLanguage":"sv-SE"},{"@type":"Organization","@id":"https:\/\/truusk.store\/sv\/#organization","name":"TRUUSK - Hem, Tr\u00e4dg\u00e5rd & Fritid","url":"https:\/\/truusk.store\/sv\/","logo":{"@type":"ImageObject","inLanguage":"sv-SE","@id":"https:\/\/truusk.store\/sv\/#\/schema\/logo\/image\/","url":"https:\/\/i0.wp.com\/truusk.store\/wp-content\/uploads\/2026\/03\/cropped-TRUUSK.png?fit=2032%2C917&ssl=1","contentUrl":"https:\/\/i0.wp.com\/truusk.store\/wp-content\/uploads\/2026\/03\/cropped-TRUUSK.png?fit=2032%2C917&ssl=1","width":2032,"height":917,"caption":"TRUUSK - Hem, Tr\u00e4dg\u00e5rd & Fritid"},"image":{"@id":"https:\/\/truusk.store\/sv\/#\/schema\/logo\/image\/"}}]}},"jetpack_sharing_enabled":true,"_links":{"self":[{"href":"https:\/\/truusk.store\/sv\/wp-json\/wp\/v2\/product\/73056","targetHints":{"allow":["GET"]}}],"collection":[{"href":"https:\/\/truusk.store\/sv\/wp-json\/wp\/v2\/product"}],"about":[{"href":"https:\/\/truusk.store\/sv\/wp-json\/wp\/v2\/types\/product"}],"wp:featuredmedia":[{"embeddable":true,"href":"https:\/\/truusk.store\/sv\/wp-json\/wp\/v2\/media\/73047"}],"wp:attachment":[{"href":"https:\/\/truusk.store\/sv\/wp-json\/wp\/v2\/media?parent=73056"}],"wp:term":[{"taxonomy":"product_brand","embeddable":true,"href":"https:\/\/truusk.store\/sv\/wp-json\/wp\/v2\/product_brand?post=73056"},{"taxonomy":"product_cat","embeddable":true,"href":"https:\/\/truusk.store\/sv\/wp-json\/wp\/v2\/product_cat?post=73056"},{"taxonomy":"product_tag","embeddable":true,"href":"https:\/\/truusk.store\/sv\/wp-json\/wp\/v2\/product_tag?post=73056"}],"curies":[{"name":"wp","href":"https:\/\/api.w.org\/{rel}","templated":true}]}}