{"id":73066,"date":"2025-06-05T23:52:38","date_gmt":"2025-06-05T22:52:38","guid":{"rendered":"https:\/\/truusk.store\/product\/aiyaplay-3-i-1-gungstallning-utomhus-med-lektalt-gunga-och-gymnastikringar-barns-gunga-med-metallram-tradgardsgunga-for-barn-gron\/"},"modified":"2026-03-12T08:40:58","modified_gmt":"2026-03-12T07:40:58","slug":"truusk-multifunktionell-utomhus-gungstallning-med-lektalt-och-gunga-for-barn-gron","status":"publish","type":"product","link":"https:\/\/truusk.store\/sv\/produkt\/truusk-multifunktionell-utomhus-gungstallning-med-lektalt-och-gunga-for-barn-gron\/","title":{"rendered":"TRUUSK Multifunktionell Utomhus Gungst\u00e4llning &#8211; Med Lekt\u00e4lt och Gunga &#8211; F\u00f6r Barn &#8211; Gr\u00f6n"},"content":{"rendered":"<p>F\u00f6rvandla din tr\u00e4dg\u00e5rd till ett f\u00f6rtrollande paradis med AIYAPLAY barnswing! Detta 3-i-1-set fascinerar upp till fyra barn mellan 3-8 \u00e5r med en gungstol, gymnastikringar och ett bed\u00e5rande lekt\u00e4lt. Den stabila A-ramen garanterar s\u00e4kerhet, och det justerbara anti-kl\u00e4mrep skyddar sm\u00e5 h\u00e4nder. Det vattent\u00e4ta t\u00e4ltet \u00e4r en perfekt plats f\u00f6r kreativt spel.<\/p>\n<p>Beskrivning:<\/p>\n<ul>\n<li> 3-i-1-designen av barnswing med ram rymmer upp till fyra barn samtidigt<\/li>\n<li> Inneh\u00e5ller lekt\u00e4lt, gunga och gymnastikringar f\u00f6r varierande aktiviteter<\/li>\n<li> A-formad ram och markankare ger stabilitet och s\u00e4kerhet<\/li>\n<li> Justerbart, kl\u00e4mskyddat PE-gungrep f\u00f6r s\u00e4ker h\u00f6jdjustering<\/li>\n<li> Vattent\u00e4tt, avtagbart, tv\u00e4ttbart polyestert\u00e4lt f\u00f6r barnswing f\u00f6r tr\u00e4dg\u00e5rd f\u00f6r enkel underh\u00e5ll<\/li>\n<li> Privat lekplats i t\u00e4ltet f\u00f6r fantasifullt utomhusspel<\/li>\n<li> Gymnastikringar hj\u00e4lper till att utveckla k\u00e4rn-, arm- och magmuskler<\/li>\n<li> Montering kr\u00e4vs<\/li>\n<\/ul>\n<p> Tekniska specifikationer:<\/p>\n<ul>\n<li> F\u00e4rg: Gr\u00e5+Gr\u00f6n+Bl\u00e5<\/li>\n<li> Material: Metall, Plast, Polyester<\/li>\n<li> Totala dimensioner: 283B x 180T x 182H cm<\/li>\n<li> Enkel gungstol: 42L x 17B x 8H cm, 40-60 cm (\u00f6ver marken)<\/li>\n<li> Gymnastikring: 59L x 25B x 3H cm, 118 cm (\u00f6ver marken)<\/li>\n<li> T\u00e4lt: 100B x 180T x 180H cm<\/li>\n<li> F\u00f6nster: 40B x 50H cm<\/li>\n<li> D\u00f6rr: 45B x 100H cm<\/li>\n<li> Maximal belastning: 45 kg (per sits), 90 kg (totalt)<\/li>\n<li> Godk\u00e4nd \u00e5lder: 3+ \u00e5r<\/li>\n<li> Rekommenderad \u00e5lder: 3-8 \u00e5r<\/li>\n<\/ul>\n<p>Leverans inneh\u00e5ller:<\/p>\n<ul>\n<li> 1 x Gunga<\/li>\n<li> 1 x T\u00e4lt<\/li>\n<li> 1 x Gymnastikringar<\/li>\n<li> 1 x Manual<\/li>\n<\/ul>\n","protected":false},"excerpt":{"rendered":"<p>F\u00f6rvandla din tr\u00e4dg\u00e5rd till ett f\u00f6rtrollande paradis med AIYAPLAY barnswing! Detta 3-i-1-set fascinerar upp till fyra barn mellan 3-8 \u00e5r&#8230;<\/p>\n","protected":false},"featured_media":73057,"template":"","meta":[],"product_brand":[],"product_cat":[880,1038,616],"product_tag":[],"class_list":{"0":"post-73066","1":"product","2":"type-product","3":"status-publish","4":"has-post-thumbnail","6":"product_cat-baby-barn-2","7":"product_cat-barnskjutbrador","8":"product_cat-utomhusleksaker","10":"first","11":"instock","12":"sale","13":"taxable","14":"shipping-taxable","15":"purchasable","16":"product-type-simple"},"yoast_head":"<!-- This site is optimized with the Yoast SEO plugin v25.4 - https:\/\/yoast.com\/wordpress\/plugins\/seo\/ -->\n<title>TRUUSK Multifunktionell Utomhus Gungst\u00e4llning - Med Lekt\u00e4lt och Gunga - F\u00f6r Barn - Gr\u00f6n - TRUUSK - Hem, Tr\u00e4dg\u00e5rd &amp; Fritid<\/title>\n<meta name=\"robots\" content=\"index, follow, max-snippet:-1, max-image-preview:large, max-video-preview:-1\" \/>\n<link rel=\"canonical\" href=\"https:\/\/truusk.store\/sv\/produkt\/truusk-multifunktionell-utomhus-gungstallning-med-lektalt-och-gunga-for-barn-gron\/\" \/>\n<meta property=\"og:locale\" content=\"sv_SE\" \/>\n<meta property=\"og:type\" content=\"article\" \/>\n<meta property=\"og:title\" content=\"TRUUSK Multifunktionell Utomhus Gungst\u00e4llning - Med Lekt\u00e4lt och Gunga - F\u00f6r Barn - Gr\u00f6n - TRUUSK - Hem, Tr\u00e4dg\u00e5rd &amp; Fritid\" \/>\n<meta property=\"og:description\" content=\"F\u00f6rvandla din tr\u00e4dg\u00e5rd till ett f\u00f6rtrollande paradis med AIYAPLAY barnswing! Detta 3-i-1-set fascinerar upp till fyra barn mellan 3-8 \u00e5r...\" \/>\n<meta property=\"og:url\" content=\"https:\/\/truusk.store\/sv\/produkt\/truusk-multifunktionell-utomhus-gungstallning-med-lektalt-och-gunga-for-barn-gron\/\" \/>\n<meta property=\"og:site_name\" content=\"TRUUSK - Hem, Tr\u00e4dg\u00e5rd &amp; Fritid\" \/>\n<meta property=\"article:modified_time\" content=\"2026-03-12T07:40:58+00:00\" \/>\n<meta property=\"og:image\" content=\"https:\/\/i0.wp.com\/truusk.se\/wp-content\/uploads\/2025\/06\/aiyaplay-3-i-1-gungstallning-utomhus-med-lektalt-gunga-och-gymnastikringar-barns-gunga-med-metallram-tradgardsgunga-for-barn-gron-1.webp?fit=2000%2C2000&ssl=1\" \/>\n\t<meta property=\"og:image:width\" content=\"2000\" \/>\n\t<meta property=\"og:image:height\" content=\"2000\" \/>\n\t<meta property=\"og:image:type\" content=\"image\/webp\" \/>\n<meta name=\"twitter:card\" content=\"summary_large_image\" \/>\n<meta name=\"twitter:label1\" content=\"Ber\u00e4knad l\u00e4stid\" \/>\n\t<meta name=\"twitter:data1\" content=\"1 minut\" \/>\n<!-- \/ Yoast SEO plugin. -->","yoast_head_json":{"title":"TRUUSK Multifunktionell Utomhus Gungst\u00e4llning - Med Lekt\u00e4lt och Gunga - F\u00f6r Barn - Gr\u00f6n - TRUUSK - Hem, Tr\u00e4dg\u00e5rd &amp; Fritid","robots":{"index":"index","follow":"follow","max-snippet":"max-snippet:-1","max-image-preview":"max-image-preview:large","max-video-preview":"max-video-preview:-1"},"canonical":"https:\/\/truusk.store\/sv\/produkt\/truusk-multifunktionell-utomhus-gungstallning-med-lektalt-och-gunga-for-barn-gron\/","og_locale":"sv_SE","og_type":"article","og_title":"TRUUSK Multifunktionell Utomhus Gungst\u00e4llning - Med Lekt\u00e4lt och Gunga - F\u00f6r Barn - Gr\u00f6n - TRUUSK - Hem, Tr\u00e4dg\u00e5rd &amp; Fritid","og_description":"F\u00f6rvandla din tr\u00e4dg\u00e5rd till ett f\u00f6rtrollande paradis med AIYAPLAY barnswing! Detta 3-i-1-set fascinerar upp till fyra barn mellan 3-8 \u00e5r...","og_url":"https:\/\/truusk.store\/sv\/produkt\/truusk-multifunktionell-utomhus-gungstallning-med-lektalt-och-gunga-for-barn-gron\/","og_site_name":"TRUUSK - Hem, Tr\u00e4dg\u00e5rd &amp; Fritid","article_modified_time":"2026-03-12T07:40:58+00:00","og_image":[{"width":2000,"height":2000,"url":"https:\/\/i0.wp.com\/truusk.se\/wp-content\/uploads\/2025\/06\/aiyaplay-3-i-1-gungstallning-utomhus-med-lektalt-gunga-och-gymnastikringar-barns-gunga-med-metallram-tradgardsgunga-for-barn-gron-1.webp?fit=2000%2C2000&ssl=1","type":"image\/webp"}],"twitter_card":"summary_large_image","twitter_misc":{"Ber\u00e4knad l\u00e4stid":"1 minut"},"schema":{"@context":"https:\/\/schema.org","@graph":[{"@type":"WebPage","@id":"https:\/\/truusk.store\/sv\/produkt\/truusk-multifunktionell-utomhus-gungstallning-med-lektalt-och-gunga-for-barn-gron\/","url":"https:\/\/truusk.store\/sv\/produkt\/truusk-multifunktionell-utomhus-gungstallning-med-lektalt-och-gunga-for-barn-gron\/","name":"TRUUSK Multifunktionell Utomhus Gungst\u00e4llning - Med Lekt\u00e4lt och Gunga - F\u00f6r Barn - Gr\u00f6n - TRUUSK - Hem, Tr\u00e4dg\u00e5rd &amp; Fritid","isPartOf":{"@id":"https:\/\/truusk.store\/sv\/#website"},"primaryImageOfPage":{"@id":"https:\/\/truusk.store\/sv\/produkt\/truusk-multifunktionell-utomhus-gungstallning-med-lektalt-och-gunga-for-barn-gron\/#primaryimage"},"image":{"@id":"https:\/\/truusk.store\/sv\/produkt\/truusk-multifunktionell-utomhus-gungstallning-med-lektalt-och-gunga-for-barn-gron\/#primaryimage"},"thumbnailUrl":"https:\/\/i0.wp.com\/truusk.store\/wp-content\/uploads\/2025\/06\/aiyaplay-3-i-1-gungstallning-utomhus-med-lektalt-gunga-och-gymnastikringar-barns-gunga-med-metallram-tradgardsgunga-for-barn-gron-1.webp?fit=2000%2C2000&ssl=1","datePublished":"2025-06-05T22:52:38+00:00","dateModified":"2026-03-12T07:40:58+00:00","breadcrumb":{"@id":"https:\/\/truusk.store\/sv\/produkt\/truusk-multifunktionell-utomhus-gungstallning-med-lektalt-och-gunga-for-barn-gron\/#breadcrumb"},"inLanguage":"sv-SE","potentialAction":[{"@type":"ReadAction","target":["https:\/\/truusk.store\/sv\/produkt\/truusk-multifunktionell-utomhus-gungstallning-med-lektalt-och-gunga-for-barn-gron\/"]}]},{"@type":"ImageObject","inLanguage":"sv-SE","@id":"https:\/\/truusk.store\/sv\/produkt\/truusk-multifunktionell-utomhus-gungstallning-med-lektalt-och-gunga-for-barn-gron\/#primaryimage","url":"https:\/\/i0.wp.com\/truusk.store\/wp-content\/uploads\/2025\/06\/aiyaplay-3-i-1-gungstallning-utomhus-med-lektalt-gunga-och-gymnastikringar-barns-gunga-med-metallram-tradgardsgunga-for-barn-gron-1.webp?fit=2000%2C2000&ssl=1","contentUrl":"https:\/\/i0.wp.com\/truusk.store\/wp-content\/uploads\/2025\/06\/aiyaplay-3-i-1-gungstallning-utomhus-med-lektalt-gunga-och-gymnastikringar-barns-gunga-med-metallram-tradgardsgunga-for-barn-gron-1.webp?fit=2000%2C2000&ssl=1","width":2000,"height":2000},{"@type":"BreadcrumbList","@id":"https:\/\/truusk.store\/sv\/produkt\/truusk-multifunktionell-utomhus-gungstallning-med-lektalt-och-gunga-for-barn-gron\/#breadcrumb","itemListElement":[{"@type":"ListItem","position":1,"name":"Home","item":"https:\/\/truusk.store\/sv\/"},{"@type":"ListItem","position":2,"name":"Shop","item":"https:\/\/truusk.store\/shop\/"},{"@type":"ListItem","position":3,"name":"TRUUSK Multifunktionell Utomhus Gungst\u00e4llning &#8211; Med Lekt\u00e4lt och Gunga &#8211; F\u00f6r Barn &#8211; Gr\u00f6n"}]},{"@type":"WebSite","@id":"https:\/\/truusk.store\/sv\/#website","url":"https:\/\/truusk.store\/sv\/","name":"TRUUSK - Hem, Tr\u00e4dg\u00e5rd & Fritid","description":"","publisher":{"@id":"https:\/\/truusk.store\/sv\/#organization"},"potentialAction":[{"@type":"SearchAction","target":{"@type":"EntryPoint","urlTemplate":"https:\/\/truusk.store\/sv\/?s={search_term_string}"},"query-input":{"@type":"PropertyValueSpecification","valueRequired":true,"valueName":"search_term_string"}}],"inLanguage":"sv-SE"},{"@type":"Organization","@id":"https:\/\/truusk.store\/sv\/#organization","name":"TRUUSK - Hem, Tr\u00e4dg\u00e5rd & Fritid","url":"https:\/\/truusk.store\/sv\/","logo":{"@type":"ImageObject","inLanguage":"sv-SE","@id":"https:\/\/truusk.store\/sv\/#\/schema\/logo\/image\/","url":"https:\/\/i0.wp.com\/truusk.store\/wp-content\/uploads\/2026\/03\/cropped-TRUUSK.png?fit=2032%2C917&ssl=1","contentUrl":"https:\/\/i0.wp.com\/truusk.store\/wp-content\/uploads\/2026\/03\/cropped-TRUUSK.png?fit=2032%2C917&ssl=1","width":2032,"height":917,"caption":"TRUUSK - Hem, Tr\u00e4dg\u00e5rd & Fritid"},"image":{"@id":"https:\/\/truusk.store\/sv\/#\/schema\/logo\/image\/"}}]}},"jetpack_sharing_enabled":true,"_links":{"self":[{"href":"https:\/\/truusk.store\/sv\/wp-json\/wp\/v2\/product\/73066","targetHints":{"allow":["GET"]}}],"collection":[{"href":"https:\/\/truusk.store\/sv\/wp-json\/wp\/v2\/product"}],"about":[{"href":"https:\/\/truusk.store\/sv\/wp-json\/wp\/v2\/types\/product"}],"wp:featuredmedia":[{"embeddable":true,"href":"https:\/\/truusk.store\/sv\/wp-json\/wp\/v2\/media\/73057"}],"wp:attachment":[{"href":"https:\/\/truusk.store\/sv\/wp-json\/wp\/v2\/media?parent=73066"}],"wp:term":[{"taxonomy":"product_brand","embeddable":true,"href":"https:\/\/truusk.store\/sv\/wp-json\/wp\/v2\/product_brand?post=73066"},{"taxonomy":"product_cat","embeddable":true,"href":"https:\/\/truusk.store\/sv\/wp-json\/wp\/v2\/product_cat?post=73066"},{"taxonomy":"product_tag","embeddable":true,"href":"https:\/\/truusk.store\/sv\/wp-json\/wp\/v2\/product_tag?post=73066"}],"curies":[{"name":"wp","href":"https:\/\/api.w.org\/{rel}","templated":true}]}}