{"id":73106,"date":"2025-06-05T23:56:36","date_gmt":"2025-06-05T22:56:36","guid":{"rendered":"https:\/\/truusk.store\/product\/kuddforvaringslada-185-l-vattentat-tradgardslada-med-hjul-tra-vaderbestandig-uv-resistent-forvaringslada-tradgardskista-for-utomhus-tradgard-balkong-naturtra\/"},"modified":"2026-03-12T08:42:14","modified_gmt":"2026-03-12T07:42:14","slug":"truusk-vattentat-kuddforvaringslada-185-l-med-hjul-uv-resistent-for-utomhus-naturtra","status":"publish","type":"product","link":"https:\/\/truusk.store\/sv\/produkt\/truusk-vattentat-kuddforvaringslada-185-l-med-hjul-uv-resistent-for-utomhus-naturtra\/","title":{"rendered":"TRUUSK Vattent\u00e4t Kuddf\u00f6rvaringsl\u00e5da 185 L &#8211; Med Hjul &#8211; UV-resistent &#8211; F\u00f6r Utomhus &#8211; Naturtr\u00e4"},"content":{"rendered":"<p>Upplev charmen med TRUUSK tr\u00e4dg\u00e5rdsl\u00e5da: Stilfull och praktisk p\u00e5 samma g\u00e5ng. F\u00f6rvaringsl\u00e5dan erbjuder en gener\u00f6s volym p\u00e5 185 liter och en lockkapacitet p\u00e5 upp till 60 kg, vilket g\u00f6r den anv\u00e4ndbar \u00e4ven som extra sittplats. Tv\u00e5 tr\u00e4hjul p\u00e5 f\u00f6rvaringsl\u00e5dan underl\u00e4ttar flyttning och en presenning inuti skyddar inneh\u00e5llet mot damm och fukt. Perfekt f\u00f6r alla utomhusomr\u00e5den!<\/p>\n<p>Beskrivning:<\/p>\n<ul>\n<li> 185 L volym och 60 kg locklast p\u00e5 kuddl\u00e5dan f\u00f6r extra sittplatser<\/li>\n<li> Tr\u00e4hjul p\u00e5 f\u00f6rvaringsl\u00e5dan g\u00f6r det enkelt att flytta<\/li>\n<li> Inre presenning skyddar inneh\u00e5llet mot fukt och damm<\/li>\n<li> Hamparep och metallg\u00e5ngj\u00e4rn p\u00e5 f\u00f6rvaringsl\u00e5dan underl\u00e4ttar \u00f6ppning och st\u00e4ngning av locket<\/li>\n<li> Idealisk f\u00f6r m\u00f6bler, tr\u00e4dg\u00e5rdsredskap, utomhustillbeh\u00f6r och liknande<\/li>\n<\/ul>\n<p> Tekniska data:<\/p>\n<ul>\n<li> F\u00e4rg: Naturtr\u00e4<\/li>\n<li> Material: Grantr\u00e4<\/li>\n<li> Totala dimensioner: 110L x 50B x 50H cm<\/li>\n<li> Inre dimensioner: 103B x 44,5B x 40,5H cm<\/li>\n<li> Hjulstorlek: \u00d819,5 cm<\/li>\n<li> B\u00e4rkapacitet: 40 kg (inuti), 60 kg (ovanp\u00e5)<\/li>\n<\/ul>\n<p>Leveransinneh\u00e5ll:<\/p>\n<ul>\n<li> 1 x Utomhusf\u00f6rvaringsl\u00e5da<\/li>\n<li> 1 x Bruksanvisning<\/li>\n<\/ul>\n","protected":false},"excerpt":{"rendered":"<p>Upplev charmen med TRUUSK tr\u00e4dg\u00e5rdsl\u00e5da: Stilfull och praktisk p\u00e5 samma g\u00e5ng. F\u00f6rvaringsl\u00e5dan erbjuder en gener\u00f6s volym p\u00e5 185 liter och&#8230;<\/p>\n","protected":false},"featured_media":73097,"template":"","meta":[],"product_brand":[],"product_cat":[901,858,437],"product_tag":[],"class_list":{"0":"post-73106","1":"product","2":"type-product","3":"status-publish","4":"has-post-thumbnail","6":"product_cat-ordning-i-tradgarden","7":"product_cat-tradgard-terrass","8":"product_cat-tradgardsskap","10":"first","11":"instock","12":"sale","13":"taxable","14":"shipping-taxable","15":"purchasable","16":"product-type-simple"},"yoast_head":"<!-- This site is optimized with the Yoast SEO plugin v25.4 - https:\/\/yoast.com\/wordpress\/plugins\/seo\/ -->\n<title>TRUUSK Vattent\u00e4t Kuddf\u00f6rvaringsl\u00e5da 185 L - Med Hjul - UV-resistent - F\u00f6r Utomhus - Naturtr\u00e4 - TRUUSK - Hem, Tr\u00e4dg\u00e5rd &amp; Fritid<\/title>\n<meta name=\"robots\" content=\"index, follow, max-snippet:-1, max-image-preview:large, max-video-preview:-1\" \/>\n<link rel=\"canonical\" href=\"https:\/\/truusk.store\/sv\/produkt\/truusk-vattentat-kuddforvaringslada-185-l-med-hjul-uv-resistent-for-utomhus-naturtra\/\" \/>\n<meta property=\"og:locale\" content=\"sv_SE\" \/>\n<meta property=\"og:type\" content=\"article\" \/>\n<meta property=\"og:title\" content=\"TRUUSK Vattent\u00e4t Kuddf\u00f6rvaringsl\u00e5da 185 L - Med Hjul - UV-resistent - F\u00f6r Utomhus - Naturtr\u00e4 - TRUUSK - Hem, Tr\u00e4dg\u00e5rd &amp; Fritid\" \/>\n<meta property=\"og:description\" content=\"Upplev charmen med TRUUSK tr\u00e4dg\u00e5rdsl\u00e5da: Stilfull och praktisk p\u00e5 samma g\u00e5ng. F\u00f6rvaringsl\u00e5dan erbjuder en gener\u00f6s volym p\u00e5 185 liter och...\" \/>\n<meta property=\"og:url\" content=\"https:\/\/truusk.store\/sv\/produkt\/truusk-vattentat-kuddforvaringslada-185-l-med-hjul-uv-resistent-for-utomhus-naturtra\/\" \/>\n<meta property=\"og:site_name\" content=\"TRUUSK - Hem, Tr\u00e4dg\u00e5rd &amp; Fritid\" \/>\n<meta property=\"article:modified_time\" content=\"2026-03-12T07:42:14+00:00\" \/>\n<meta property=\"og:image\" content=\"https:\/\/i0.wp.com\/truusk.se\/wp-content\/uploads\/2025\/06\/kuddforvaringslada-185-l-vattentat-tradgardslada-med-hjul-tra-vaderbestandig-uv-resistent-forvaringslada-tradgardskista-for-utomhus-tradgard-balkong-naturtra-1.webp?fit=2000%2C2000&ssl=1\" \/>\n\t<meta property=\"og:image:width\" content=\"2000\" \/>\n\t<meta property=\"og:image:height\" content=\"2000\" \/>\n\t<meta property=\"og:image:type\" content=\"image\/webp\" \/>\n<meta name=\"twitter:card\" content=\"summary_large_image\" \/>\n<meta name=\"twitter:label1\" content=\"Ber\u00e4knad l\u00e4stid\" \/>\n\t<meta name=\"twitter:data1\" content=\"1 minut\" \/>\n<!-- \/ Yoast SEO plugin. -->","yoast_head_json":{"title":"TRUUSK Vattent\u00e4t Kuddf\u00f6rvaringsl\u00e5da 185 L - Med Hjul - UV-resistent - F\u00f6r Utomhus - Naturtr\u00e4 - TRUUSK - Hem, Tr\u00e4dg\u00e5rd &amp; Fritid","robots":{"index":"index","follow":"follow","max-snippet":"max-snippet:-1","max-image-preview":"max-image-preview:large","max-video-preview":"max-video-preview:-1"},"canonical":"https:\/\/truusk.store\/sv\/produkt\/truusk-vattentat-kuddforvaringslada-185-l-med-hjul-uv-resistent-for-utomhus-naturtra\/","og_locale":"sv_SE","og_type":"article","og_title":"TRUUSK Vattent\u00e4t Kuddf\u00f6rvaringsl\u00e5da 185 L - Med Hjul - UV-resistent - F\u00f6r Utomhus - Naturtr\u00e4 - TRUUSK - Hem, Tr\u00e4dg\u00e5rd &amp; Fritid","og_description":"Upplev charmen med TRUUSK tr\u00e4dg\u00e5rdsl\u00e5da: Stilfull och praktisk p\u00e5 samma g\u00e5ng. F\u00f6rvaringsl\u00e5dan erbjuder en gener\u00f6s volym p\u00e5 185 liter och...","og_url":"https:\/\/truusk.store\/sv\/produkt\/truusk-vattentat-kuddforvaringslada-185-l-med-hjul-uv-resistent-for-utomhus-naturtra\/","og_site_name":"TRUUSK - Hem, Tr\u00e4dg\u00e5rd &amp; Fritid","article_modified_time":"2026-03-12T07:42:14+00:00","og_image":[{"width":2000,"height":2000,"url":"https:\/\/i0.wp.com\/truusk.se\/wp-content\/uploads\/2025\/06\/kuddforvaringslada-185-l-vattentat-tradgardslada-med-hjul-tra-vaderbestandig-uv-resistent-forvaringslada-tradgardskista-for-utomhus-tradgard-balkong-naturtra-1.webp?fit=2000%2C2000&ssl=1","type":"image\/webp"}],"twitter_card":"summary_large_image","twitter_misc":{"Ber\u00e4knad l\u00e4stid":"1 minut"},"schema":{"@context":"https:\/\/schema.org","@graph":[{"@type":"WebPage","@id":"https:\/\/truusk.store\/sv\/produkt\/truusk-vattentat-kuddforvaringslada-185-l-med-hjul-uv-resistent-for-utomhus-naturtra\/","url":"https:\/\/truusk.store\/sv\/produkt\/truusk-vattentat-kuddforvaringslada-185-l-med-hjul-uv-resistent-for-utomhus-naturtra\/","name":"TRUUSK Vattent\u00e4t Kuddf\u00f6rvaringsl\u00e5da 185 L - Med Hjul - UV-resistent - F\u00f6r Utomhus - Naturtr\u00e4 - TRUUSK - Hem, Tr\u00e4dg\u00e5rd &amp; Fritid","isPartOf":{"@id":"https:\/\/truusk.store\/sv\/#website"},"primaryImageOfPage":{"@id":"https:\/\/truusk.store\/sv\/produkt\/truusk-vattentat-kuddforvaringslada-185-l-med-hjul-uv-resistent-for-utomhus-naturtra\/#primaryimage"},"image":{"@id":"https:\/\/truusk.store\/sv\/produkt\/truusk-vattentat-kuddforvaringslada-185-l-med-hjul-uv-resistent-for-utomhus-naturtra\/#primaryimage"},"thumbnailUrl":"https:\/\/i0.wp.com\/truusk.store\/wp-content\/uploads\/2025\/06\/kuddforvaringslada-185-l-vattentat-tradgardslada-med-hjul-tra-vaderbestandig-uv-resistent-forvaringslada-tradgardskista-for-utomhus-tradgard-balkong-naturtra-1.webp?fit=2000%2C2000&ssl=1","datePublished":"2025-06-05T22:56:36+00:00","dateModified":"2026-03-12T07:42:14+00:00","breadcrumb":{"@id":"https:\/\/truusk.store\/sv\/produkt\/truusk-vattentat-kuddforvaringslada-185-l-med-hjul-uv-resistent-for-utomhus-naturtra\/#breadcrumb"},"inLanguage":"sv-SE","potentialAction":[{"@type":"ReadAction","target":["https:\/\/truusk.store\/sv\/produkt\/truusk-vattentat-kuddforvaringslada-185-l-med-hjul-uv-resistent-for-utomhus-naturtra\/"]}]},{"@type":"ImageObject","inLanguage":"sv-SE","@id":"https:\/\/truusk.store\/sv\/produkt\/truusk-vattentat-kuddforvaringslada-185-l-med-hjul-uv-resistent-for-utomhus-naturtra\/#primaryimage","url":"https:\/\/i0.wp.com\/truusk.store\/wp-content\/uploads\/2025\/06\/kuddforvaringslada-185-l-vattentat-tradgardslada-med-hjul-tra-vaderbestandig-uv-resistent-forvaringslada-tradgardskista-for-utomhus-tradgard-balkong-naturtra-1.webp?fit=2000%2C2000&ssl=1","contentUrl":"https:\/\/i0.wp.com\/truusk.store\/wp-content\/uploads\/2025\/06\/kuddforvaringslada-185-l-vattentat-tradgardslada-med-hjul-tra-vaderbestandig-uv-resistent-forvaringslada-tradgardskista-for-utomhus-tradgard-balkong-naturtra-1.webp?fit=2000%2C2000&ssl=1","width":2000,"height":2000},{"@type":"BreadcrumbList","@id":"https:\/\/truusk.store\/sv\/produkt\/truusk-vattentat-kuddforvaringslada-185-l-med-hjul-uv-resistent-for-utomhus-naturtra\/#breadcrumb","itemListElement":[{"@type":"ListItem","position":1,"name":"Home","item":"https:\/\/truusk.store\/sv\/"},{"@type":"ListItem","position":2,"name":"Shop","item":"https:\/\/truusk.store\/shop\/"},{"@type":"ListItem","position":3,"name":"TRUUSK Vattent\u00e4t Kuddf\u00f6rvaringsl\u00e5da 185 L &#8211; Med Hjul &#8211; UV-resistent &#8211; F\u00f6r Utomhus &#8211; Naturtr\u00e4"}]},{"@type":"WebSite","@id":"https:\/\/truusk.store\/sv\/#website","url":"https:\/\/truusk.store\/sv\/","name":"TRUUSK - Hem, Tr\u00e4dg\u00e5rd & Fritid","description":"","publisher":{"@id":"https:\/\/truusk.store\/sv\/#organization"},"potentialAction":[{"@type":"SearchAction","target":{"@type":"EntryPoint","urlTemplate":"https:\/\/truusk.store\/sv\/?s={search_term_string}"},"query-input":{"@type":"PropertyValueSpecification","valueRequired":true,"valueName":"search_term_string"}}],"inLanguage":"sv-SE"},{"@type":"Organization","@id":"https:\/\/truusk.store\/sv\/#organization","name":"TRUUSK - Hem, Tr\u00e4dg\u00e5rd & Fritid","url":"https:\/\/truusk.store\/sv\/","logo":{"@type":"ImageObject","inLanguage":"sv-SE","@id":"https:\/\/truusk.store\/sv\/#\/schema\/logo\/image\/","url":"https:\/\/i0.wp.com\/truusk.store\/wp-content\/uploads\/2026\/03\/cropped-TRUUSK.png?fit=2032%2C917&ssl=1","contentUrl":"https:\/\/i0.wp.com\/truusk.store\/wp-content\/uploads\/2026\/03\/cropped-TRUUSK.png?fit=2032%2C917&ssl=1","width":2032,"height":917,"caption":"TRUUSK - Hem, Tr\u00e4dg\u00e5rd & Fritid"},"image":{"@id":"https:\/\/truusk.store\/sv\/#\/schema\/logo\/image\/"}}]}},"jetpack_sharing_enabled":true,"_links":{"self":[{"href":"https:\/\/truusk.store\/sv\/wp-json\/wp\/v2\/product\/73106","targetHints":{"allow":["GET"]}}],"collection":[{"href":"https:\/\/truusk.store\/sv\/wp-json\/wp\/v2\/product"}],"about":[{"href":"https:\/\/truusk.store\/sv\/wp-json\/wp\/v2\/types\/product"}],"wp:featuredmedia":[{"embeddable":true,"href":"https:\/\/truusk.store\/sv\/wp-json\/wp\/v2\/media\/73097"}],"wp:attachment":[{"href":"https:\/\/truusk.store\/sv\/wp-json\/wp\/v2\/media?parent=73106"}],"wp:term":[{"taxonomy":"product_brand","embeddable":true,"href":"https:\/\/truusk.store\/sv\/wp-json\/wp\/v2\/product_brand?post=73106"},{"taxonomy":"product_cat","embeddable":true,"href":"https:\/\/truusk.store\/sv\/wp-json\/wp\/v2\/product_cat?post=73106"},{"taxonomy":"product_tag","embeddable":true,"href":"https:\/\/truusk.store\/sv\/wp-json\/wp\/v2\/product_tag?post=73106"}],"curies":[{"name":"wp","href":"https:\/\/api.w.org\/{rel}","templated":true}]}}