{"id":73126,"date":"2025-06-05T23:58:29","date_gmt":"2025-06-05T22:58:29","guid":{"rendered":"https:\/\/truusk.store\/product\/12-stycken-trapezplat-129x45cm-7m%c2%b2-galvaniserad-takplat-025-mm-vaderbestandig-profilplat-galvaniserat-stal-takplattor-takpaneler-stalplat-korrugerade-platar-for-tak-verktygshus-carport-gron\/"},"modified":"2026-03-12T09:35:10","modified_gmt":"2026-03-12T08:35:10","slug":"truusk-12-st-trapezplatar-129x45cm-7m%c2%b2-galvaniserad-takplat-025-mm-vaderbestandig-profilplat-stalplat-korrugerade-platar","status":"publish","type":"product","link":"https:\/\/truusk.store\/sv\/produkt\/truusk-12-st-trapezplatar-129x45cm-7m%c2%b2-galvaniserad-takplat-025-mm-vaderbestandig-profilplat-stalplat-korrugerade-platar\/","title":{"rendered":"TRUUSK 12 st Trapezpl\u00e5tar 129x45cm 7m\u00b2 Galvaniserad Takpl\u00e5t &#8211; 0,25 mm V\u00e4derbest\u00e4ndig Profilpl\u00e5t &#8211; St\u00e5lpl\u00e5t Korrugerade Pl\u00e5tar &#8211;"},"content":{"rendered":"<p>Detta set med 12 galvaniserade trapetspl\u00e5tar fr\u00e5n TRUUSK g\u00f6r det m\u00f6jligt att specifikt reparera och f\u00f6rst\u00e4rka vissa omr\u00e5den. Takpl\u00e5tarna, tillverkade av robust st\u00e5l, erbjuder tillf\u00f6rlitligt skydd d\u00e4r det beh\u00f6vs. Tack vare f\u00f6rborrade h\u00e5l kan takpl\u00e5tarna l\u00e4tt formas och monteras i \u00f6nskad form.<\/p>\n<p>Beskrivning:<\/p>\n<ul>\n<li> Inneh\u00e5ller 12 takpl\u00e5tar<\/li>\n<li> M\u00e5ngsidig anv\u00e4ndning: som yttre kl\u00e4dsel f\u00f6r v\u00e4gg- och takdelar p\u00e5 skjul, carports, v\u00e4xthus eller garage<\/li>\n<li> F\u00f6rborrade h\u00e5l i takpl\u00e5tarna f\u00f6r snabb och enkel montering<\/li>\n<li> Takpl\u00e5tarna kan sk\u00e4ras till \u00f6nskad storlek<\/li>\n<li> V\u00e4derbest\u00e4ndig och underh\u00e5llsfri<\/li>\n<\/ul>\n<p> Tekniska data:<\/p>\n<ul>\n<li> F\u00e4rg: Gr\u00f6n<\/li>\n<li> Material: Galvaniserat st\u00e5l<\/li>\n<li> M\u00e5tt f\u00f6r varje panel: 129L x 45B cm<\/li>\n<li> Tjocklek: 0,25 mm<\/li>\n<\/ul>\n<p>Leveransinneh\u00e5ll:<\/p>\n<ul>\n<li> 12 x galvaniserade st\u00e5lpl\u00e5tar;<\/li>\n<\/ul>\n","protected":false},"excerpt":{"rendered":"<p>Detta set med 12 galvaniserade trapetspl\u00e5tar fr\u00e5n TRUUSK g\u00f6r det m\u00f6jligt att specifikt reparera och f\u00f6rst\u00e4rka vissa omr\u00e5den. Takpl\u00e5tarna, tillverkade&#8230;<\/p>\n","protected":false},"featured_media":73117,"template":"","meta":[],"product_brand":[],"product_cat":[867,963],"product_tag":[],"class_list":{"0":"post-73126","1":"product","2":"type-product","3":"status-publish","4":"has-post-thumbnail","6":"product_cat-byggmarknad","7":"product_cat-runt-om-huset","9":"first","10":"instock","11":"sale","12":"taxable","13":"shipping-taxable","14":"purchasable","15":"product-type-simple"},"yoast_head":"<!-- This site is optimized with the Yoast SEO plugin v25.4 - https:\/\/yoast.com\/wordpress\/plugins\/seo\/ -->\n<title>TRUUSK 12 st Trapezpl\u00e5tar 129x45cm 7m\u00b2 Galvaniserad Takpl\u00e5t - 0,25 mm V\u00e4derbest\u00e4ndig Profilpl\u00e5t - St\u00e5lpl\u00e5t Korrugerade Pl\u00e5tar - TRUUSK - Hem, Tr\u00e4dg\u00e5rd &amp; Fritid<\/title>\n<meta name=\"robots\" content=\"index, follow, max-snippet:-1, max-image-preview:large, max-video-preview:-1\" \/>\n<link rel=\"canonical\" href=\"https:\/\/truusk.store\/sv\/produkt\/truusk-12-st-trapezplatar-129x45cm-7m%c2%b2-galvaniserad-takplat-025-mm-vaderbestandig-profilplat-stalplat-korrugerade-platar\/\" \/>\n<meta property=\"og:locale\" content=\"sv_SE\" \/>\n<meta property=\"og:type\" content=\"article\" \/>\n<meta property=\"og:title\" content=\"TRUUSK 12 st Trapezpl\u00e5tar 129x45cm 7m\u00b2 Galvaniserad Takpl\u00e5t - 0,25 mm V\u00e4derbest\u00e4ndig Profilpl\u00e5t - St\u00e5lpl\u00e5t Korrugerade Pl\u00e5tar - TRUUSK - Hem, Tr\u00e4dg\u00e5rd &amp; Fritid\" \/>\n<meta property=\"og:description\" content=\"Detta set med 12 galvaniserade trapetspl\u00e5tar fr\u00e5n TRUUSK g\u00f6r det m\u00f6jligt att specifikt reparera och f\u00f6rst\u00e4rka vissa omr\u00e5den. Takpl\u00e5tarna, tillverkade...\" \/>\n<meta property=\"og:url\" content=\"https:\/\/truusk.store\/sv\/produkt\/truusk-12-st-trapezplatar-129x45cm-7m%c2%b2-galvaniserad-takplat-025-mm-vaderbestandig-profilplat-stalplat-korrugerade-platar\/\" \/>\n<meta property=\"og:site_name\" content=\"TRUUSK - Hem, Tr\u00e4dg\u00e5rd &amp; Fritid\" \/>\n<meta property=\"article:modified_time\" content=\"2026-03-12T08:35:10+00:00\" \/>\n<meta property=\"og:image\" content=\"https:\/\/i0.wp.com\/truusk.se\/wp-content\/uploads\/2025\/06\/12-stycken-trapezplat-129x45cm-7mc2b2-galvaniserad-takplat-025-mm-vaderbestandig-profilplat-galvaniserat-stal-takplattor-takpaneler-stalplat-korrugerade-platar-for-tak-verktygshus-carport-gron-1.webp?fit=2000%2C2000&ssl=1\" \/>\n\t<meta property=\"og:image:width\" content=\"2000\" \/>\n\t<meta property=\"og:image:height\" content=\"2000\" \/>\n\t<meta property=\"og:image:type\" content=\"image\/webp\" \/>\n<meta name=\"twitter:card\" content=\"summary_large_image\" \/>\n<meta name=\"twitter:label1\" content=\"Ber\u00e4knad l\u00e4stid\" \/>\n\t<meta name=\"twitter:data1\" content=\"1 minut\" \/>\n<!-- \/ Yoast SEO plugin. -->","yoast_head_json":{"title":"TRUUSK 12 st Trapezpl\u00e5tar 129x45cm 7m\u00b2 Galvaniserad Takpl\u00e5t - 0,25 mm V\u00e4derbest\u00e4ndig Profilpl\u00e5t - St\u00e5lpl\u00e5t Korrugerade Pl\u00e5tar - TRUUSK - Hem, Tr\u00e4dg\u00e5rd &amp; Fritid","robots":{"index":"index","follow":"follow","max-snippet":"max-snippet:-1","max-image-preview":"max-image-preview:large","max-video-preview":"max-video-preview:-1"},"canonical":"https:\/\/truusk.store\/sv\/produkt\/truusk-12-st-trapezplatar-129x45cm-7m%c2%b2-galvaniserad-takplat-025-mm-vaderbestandig-profilplat-stalplat-korrugerade-platar\/","og_locale":"sv_SE","og_type":"article","og_title":"TRUUSK 12 st Trapezpl\u00e5tar 129x45cm 7m\u00b2 Galvaniserad Takpl\u00e5t - 0,25 mm V\u00e4derbest\u00e4ndig Profilpl\u00e5t - St\u00e5lpl\u00e5t Korrugerade Pl\u00e5tar - TRUUSK - Hem, Tr\u00e4dg\u00e5rd &amp; Fritid","og_description":"Detta set med 12 galvaniserade trapetspl\u00e5tar fr\u00e5n TRUUSK g\u00f6r det m\u00f6jligt att specifikt reparera och f\u00f6rst\u00e4rka vissa omr\u00e5den. Takpl\u00e5tarna, tillverkade...","og_url":"https:\/\/truusk.store\/sv\/produkt\/truusk-12-st-trapezplatar-129x45cm-7m%c2%b2-galvaniserad-takplat-025-mm-vaderbestandig-profilplat-stalplat-korrugerade-platar\/","og_site_name":"TRUUSK - Hem, Tr\u00e4dg\u00e5rd &amp; Fritid","article_modified_time":"2026-03-12T08:35:10+00:00","og_image":[{"width":2000,"height":2000,"url":"https:\/\/i0.wp.com\/truusk.se\/wp-content\/uploads\/2025\/06\/12-stycken-trapezplat-129x45cm-7mc2b2-galvaniserad-takplat-025-mm-vaderbestandig-profilplat-galvaniserat-stal-takplattor-takpaneler-stalplat-korrugerade-platar-for-tak-verktygshus-carport-gron-1.webp?fit=2000%2C2000&ssl=1","type":"image\/webp"}],"twitter_card":"summary_large_image","twitter_misc":{"Ber\u00e4knad l\u00e4stid":"1 minut"},"schema":{"@context":"https:\/\/schema.org","@graph":[{"@type":"WebPage","@id":"https:\/\/truusk.store\/sv\/produkt\/truusk-12-st-trapezplatar-129x45cm-7m%c2%b2-galvaniserad-takplat-025-mm-vaderbestandig-profilplat-stalplat-korrugerade-platar\/","url":"https:\/\/truusk.store\/sv\/produkt\/truusk-12-st-trapezplatar-129x45cm-7m%c2%b2-galvaniserad-takplat-025-mm-vaderbestandig-profilplat-stalplat-korrugerade-platar\/","name":"TRUUSK 12 st Trapezpl\u00e5tar 129x45cm 7m\u00b2 Galvaniserad Takpl\u00e5t - 0,25 mm V\u00e4derbest\u00e4ndig Profilpl\u00e5t - St\u00e5lpl\u00e5t Korrugerade Pl\u00e5tar - TRUUSK - Hem, Tr\u00e4dg\u00e5rd &amp; Fritid","isPartOf":{"@id":"https:\/\/truusk.store\/sv\/#website"},"primaryImageOfPage":{"@id":"https:\/\/truusk.store\/sv\/produkt\/truusk-12-st-trapezplatar-129x45cm-7m%c2%b2-galvaniserad-takplat-025-mm-vaderbestandig-profilplat-stalplat-korrugerade-platar\/#primaryimage"},"image":{"@id":"https:\/\/truusk.store\/sv\/produkt\/truusk-12-st-trapezplatar-129x45cm-7m%c2%b2-galvaniserad-takplat-025-mm-vaderbestandig-profilplat-stalplat-korrugerade-platar\/#primaryimage"},"thumbnailUrl":"https:\/\/i0.wp.com\/truusk.store\/wp-content\/uploads\/2025\/06\/12-stycken-trapezplat-129x45cm-7mc2b2-galvaniserad-takplat-025-mm-vaderbestandig-profilplat-galvaniserat-stal-takplattor-takpaneler-stalplat-korrugerade-platar-for-tak-verktygshus-carport-gron-1.webp?fit=2000%2C2000&ssl=1","datePublished":"2025-06-05T22:58:29+00:00","dateModified":"2026-03-12T08:35:10+00:00","breadcrumb":{"@id":"https:\/\/truusk.store\/sv\/produkt\/truusk-12-st-trapezplatar-129x45cm-7m%c2%b2-galvaniserad-takplat-025-mm-vaderbestandig-profilplat-stalplat-korrugerade-platar\/#breadcrumb"},"inLanguage":"sv-SE","potentialAction":[{"@type":"ReadAction","target":["https:\/\/truusk.store\/sv\/produkt\/truusk-12-st-trapezplatar-129x45cm-7m%c2%b2-galvaniserad-takplat-025-mm-vaderbestandig-profilplat-stalplat-korrugerade-platar\/"]}]},{"@type":"ImageObject","inLanguage":"sv-SE","@id":"https:\/\/truusk.store\/sv\/produkt\/truusk-12-st-trapezplatar-129x45cm-7m%c2%b2-galvaniserad-takplat-025-mm-vaderbestandig-profilplat-stalplat-korrugerade-platar\/#primaryimage","url":"https:\/\/i0.wp.com\/truusk.store\/wp-content\/uploads\/2025\/06\/12-stycken-trapezplat-129x45cm-7mc2b2-galvaniserad-takplat-025-mm-vaderbestandig-profilplat-galvaniserat-stal-takplattor-takpaneler-stalplat-korrugerade-platar-for-tak-verktygshus-carport-gron-1.webp?fit=2000%2C2000&ssl=1","contentUrl":"https:\/\/i0.wp.com\/truusk.store\/wp-content\/uploads\/2025\/06\/12-stycken-trapezplat-129x45cm-7mc2b2-galvaniserad-takplat-025-mm-vaderbestandig-profilplat-galvaniserat-stal-takplattor-takpaneler-stalplat-korrugerade-platar-for-tak-verktygshus-carport-gron-1.webp?fit=2000%2C2000&ssl=1","width":2000,"height":2000},{"@type":"BreadcrumbList","@id":"https:\/\/truusk.store\/sv\/produkt\/truusk-12-st-trapezplatar-129x45cm-7m%c2%b2-galvaniserad-takplat-025-mm-vaderbestandig-profilplat-stalplat-korrugerade-platar\/#breadcrumb","itemListElement":[{"@type":"ListItem","position":1,"name":"Home","item":"https:\/\/truusk.store\/sv\/"},{"@type":"ListItem","position":2,"name":"Shop","item":"https:\/\/truusk.store\/shop\/"},{"@type":"ListItem","position":3,"name":"TRUUSK 12 st Trapezpl\u00e5tar 129x45cm 7m\u00b2 Galvaniserad Takpl\u00e5t &#8211; 0,25 mm V\u00e4derbest\u00e4ndig Profilpl\u00e5t &#8211; St\u00e5lpl\u00e5t Korrugerade Pl\u00e5tar &#8211;"}]},{"@type":"WebSite","@id":"https:\/\/truusk.store\/sv\/#website","url":"https:\/\/truusk.store\/sv\/","name":"TRUUSK - Hem, Tr\u00e4dg\u00e5rd & Fritid","description":"","publisher":{"@id":"https:\/\/truusk.store\/sv\/#organization"},"potentialAction":[{"@type":"SearchAction","target":{"@type":"EntryPoint","urlTemplate":"https:\/\/truusk.store\/sv\/?s={search_term_string}"},"query-input":{"@type":"PropertyValueSpecification","valueRequired":true,"valueName":"search_term_string"}}],"inLanguage":"sv-SE"},{"@type":"Organization","@id":"https:\/\/truusk.store\/sv\/#organization","name":"TRUUSK - Hem, Tr\u00e4dg\u00e5rd & Fritid","url":"https:\/\/truusk.store\/sv\/","logo":{"@type":"ImageObject","inLanguage":"sv-SE","@id":"https:\/\/truusk.store\/sv\/#\/schema\/logo\/image\/","url":"https:\/\/i0.wp.com\/truusk.store\/wp-content\/uploads\/2026\/03\/cropped-TRUUSK.png?fit=2032%2C917&ssl=1","contentUrl":"https:\/\/i0.wp.com\/truusk.store\/wp-content\/uploads\/2026\/03\/cropped-TRUUSK.png?fit=2032%2C917&ssl=1","width":2032,"height":917,"caption":"TRUUSK - Hem, Tr\u00e4dg\u00e5rd & Fritid"},"image":{"@id":"https:\/\/truusk.store\/sv\/#\/schema\/logo\/image\/"}}]}},"jetpack_sharing_enabled":true,"_links":{"self":[{"href":"https:\/\/truusk.store\/sv\/wp-json\/wp\/v2\/product\/73126","targetHints":{"allow":["GET"]}}],"collection":[{"href":"https:\/\/truusk.store\/sv\/wp-json\/wp\/v2\/product"}],"about":[{"href":"https:\/\/truusk.store\/sv\/wp-json\/wp\/v2\/types\/product"}],"wp:featuredmedia":[{"embeddable":true,"href":"https:\/\/truusk.store\/sv\/wp-json\/wp\/v2\/media\/73117"}],"wp:attachment":[{"href":"https:\/\/truusk.store\/sv\/wp-json\/wp\/v2\/media?parent=73126"}],"wp:term":[{"taxonomy":"product_brand","embeddable":true,"href":"https:\/\/truusk.store\/sv\/wp-json\/wp\/v2\/product_brand?post=73126"},{"taxonomy":"product_cat","embeddable":true,"href":"https:\/\/truusk.store\/sv\/wp-json\/wp\/v2\/product_cat?post=73126"},{"taxonomy":"product_tag","embeddable":true,"href":"https:\/\/truusk.store\/sv\/wp-json\/wp\/v2\/product_tag?post=73126"}],"curies":[{"name":"wp","href":"https:\/\/api.w.org\/{rel}","templated":true}]}}