{"id":73146,"date":"2025-06-06T00:00:37","date_gmt":"2025-06-05T23:00:37","guid":{"rendered":"https:\/\/truusk.store\/product\/bokhylla-staende-hylla-med-4-nivaer-forvaringshylla-i-bambu-kontorshylla-for-vardagsrum-sovrum-kontor-natur\/"},"modified":"2026-03-12T08:57:36","modified_gmt":"2026-03-12T07:57:36","slug":"truusk-bokhylla-i-bambu-4-nivaer-forvaringshylla-till-kontor-och-vardagsrum-natur-hallbar-staende","status":"publish","type":"product","link":"https:\/\/truusk.store\/sv\/produkt\/truusk-bokhylla-i-bambu-4-nivaer-forvaringshylla-till-kontor-och-vardagsrum-natur-hallbar-staende\/","title":{"rendered":"TRUUSK Bokhylla i Bambu &#8211; 4 Niv\u00e5er &#8211; F\u00f6rvaringshylla till Kontor och Vardagsrum &#8211; Natur &#8211; H\u00e5llbar &#8211; St\u00e5ende"},"content":{"rendered":"<p>Detta eleganta 4-stegs steghylla berikar ditt vardagsrum med fr\u00e4schhet och stil. Tillverkad av stabil bambu och med noggrann bearbetning, erbjuder det extra utrymme utan att p\u00e5verka ditt hem. Idealisk som f\u00f6rvaringshylla f\u00f6r handdukar, tillbeh\u00f6r, dekorationsartiklar, skor, b\u00f6cker, v\u00e4xter, kryddor och sm\u00e5 apparater i rum som badrum, vardagsrum, k\u00f6k eller p\u00e5 balkongen och i garaget.<\/p>\n<p>Beskrivning:<\/p>\n<ul>\n<li> 4-stegs \u00f6ppna hyllor f\u00f6r att visa b\u00f6cker, handdukar, v\u00e4xter och andra kontorsmaterial f\u00f6r hemmet<\/li>\n<li> Idealisk f\u00f6r ditt vardagsrum, badrum, balkong, k\u00f6k etc.<\/li>\n<li> Frist\u00e5ende stegdesign, ger stabilitet<\/li>\n<li> Utrymmesbesparande, 4 hyllor i olika storlekar<\/li>\n<li> Extra st\u00e4nger p\u00e5 sidorna och baksidan fungerar som bokst\u00f6d f\u00f6r att f\u00f6rhindra att dina b\u00f6cker\/f\u00f6rem\u00e5l faller ner<\/li>\n<li> Polerade h\u00f6rn skyddar din familj fr\u00e5n repor<\/li>\n<li> Tillverkad av bambu och har en sl\u00e4t yta<\/li>\n<li> Varje niv\u00e5 med en st\u00f6dst\u00e5ng f\u00f6r att \u00f6ka b\u00e4rkapaciteten.<\/li>\n<\/ul>\n<p> Tekniska specifikationer:<\/p>\n<ul>\n<li> F\u00e4rg: Naturtr\u00e4<\/li>\n<li> Material: Bambu<\/li>\n<li> Totala dimensioner: 48L x 31,5B x 120H cm<\/li>\n<li> Hyllbottens dimensioner: (uppifr\u00e5n och ner) 45L x 29,5B x 9H cm, 45L x 26B x 29H cm, 45L x 22,5B x 29H cm, 45L x 19B x 32H cm<\/li>\n<li> B\u00e4rkapacitet: 20 kg<\/li>\n<\/ul>\n<p>Ing\u00e5r i leveransen:<\/p>\n<ul>\n<li> 1 x bokhylla<\/li>\n<li> 1 x instruktioner<\/li>\n<\/ul>\n","protected":false},"excerpt":{"rendered":"<p>Detta eleganta 4-stegs steghylla berikar ditt vardagsrum med fr\u00e4schhet och stil. Tillverkad av stabil bambu och med noggrann bearbetning, erbjuder&#8230;<\/p>\n","protected":false},"featured_media":73137,"template":"","meta":[],"product_brand":[],"product_cat":[977,872,871],"product_tag":[],"class_list":{"0":"post-73146","1":"product","2":"type-product","3":"status-publish","4":"has-post-thumbnail","6":"product_cat-bok-staende-hyllor","7":"product_cat-hemmakontor-arbetsplats","8":"product_cat-hus-hem","10":"first","11":"instock","12":"sale","13":"taxable","14":"shipping-taxable","15":"purchasable","16":"product-type-simple"},"yoast_head":"<!-- This site is optimized with the Yoast SEO plugin v25.4 - https:\/\/yoast.com\/wordpress\/plugins\/seo\/ -->\n<title>TRUUSK Bokhylla i Bambu - 4 Niv\u00e5er - F\u00f6rvaringshylla till Kontor och Vardagsrum - Natur - H\u00e5llbar - St\u00e5ende - TRUUSK - Hem, Tr\u00e4dg\u00e5rd &amp; Fritid<\/title>\n<meta name=\"robots\" content=\"index, follow, max-snippet:-1, max-image-preview:large, max-video-preview:-1\" \/>\n<link rel=\"canonical\" href=\"https:\/\/truusk.store\/sv\/produkt\/truusk-bokhylla-i-bambu-4-nivaer-forvaringshylla-till-kontor-och-vardagsrum-natur-hallbar-staende\/\" \/>\n<meta property=\"og:locale\" content=\"sv_SE\" \/>\n<meta property=\"og:type\" content=\"article\" \/>\n<meta property=\"og:title\" content=\"TRUUSK Bokhylla i Bambu - 4 Niv\u00e5er - F\u00f6rvaringshylla till Kontor och Vardagsrum - Natur - H\u00e5llbar - St\u00e5ende - TRUUSK - Hem, Tr\u00e4dg\u00e5rd &amp; Fritid\" \/>\n<meta property=\"og:description\" content=\"Detta eleganta 4-stegs steghylla berikar ditt vardagsrum med fr\u00e4schhet och stil. Tillverkad av stabil bambu och med noggrann bearbetning, erbjuder...\" \/>\n<meta property=\"og:url\" content=\"https:\/\/truusk.store\/sv\/produkt\/truusk-bokhylla-i-bambu-4-nivaer-forvaringshylla-till-kontor-och-vardagsrum-natur-hallbar-staende\/\" \/>\n<meta property=\"og:site_name\" content=\"TRUUSK - Hem, Tr\u00e4dg\u00e5rd &amp; Fritid\" \/>\n<meta property=\"article:modified_time\" content=\"2026-03-12T07:57:36+00:00\" \/>\n<meta property=\"og:image\" content=\"https:\/\/i0.wp.com\/truusk.se\/wp-content\/uploads\/2025\/06\/bokhylla-staende-hylla-med-4-nivaer-forvaringshylla-i-bambu-kontorshylla-for-vardagsrum-sovrum-kontor-natur-1.webp?fit=2000%2C2000&ssl=1\" \/>\n\t<meta property=\"og:image:width\" content=\"2000\" \/>\n\t<meta property=\"og:image:height\" content=\"2000\" \/>\n\t<meta property=\"og:image:type\" content=\"image\/webp\" \/>\n<meta name=\"twitter:card\" content=\"summary_large_image\" \/>\n<meta name=\"twitter:label1\" content=\"Ber\u00e4knad l\u00e4stid\" \/>\n\t<meta name=\"twitter:data1\" content=\"1 minut\" \/>\n<!-- \/ Yoast SEO plugin. -->","yoast_head_json":{"title":"TRUUSK Bokhylla i Bambu - 4 Niv\u00e5er - F\u00f6rvaringshylla till Kontor och Vardagsrum - Natur - H\u00e5llbar - St\u00e5ende - TRUUSK - Hem, Tr\u00e4dg\u00e5rd &amp; Fritid","robots":{"index":"index","follow":"follow","max-snippet":"max-snippet:-1","max-image-preview":"max-image-preview:large","max-video-preview":"max-video-preview:-1"},"canonical":"https:\/\/truusk.store\/sv\/produkt\/truusk-bokhylla-i-bambu-4-nivaer-forvaringshylla-till-kontor-och-vardagsrum-natur-hallbar-staende\/","og_locale":"sv_SE","og_type":"article","og_title":"TRUUSK Bokhylla i Bambu - 4 Niv\u00e5er - F\u00f6rvaringshylla till Kontor och Vardagsrum - Natur - H\u00e5llbar - St\u00e5ende - TRUUSK - Hem, Tr\u00e4dg\u00e5rd &amp; Fritid","og_description":"Detta eleganta 4-stegs steghylla berikar ditt vardagsrum med fr\u00e4schhet och stil. Tillverkad av stabil bambu och med noggrann bearbetning, erbjuder...","og_url":"https:\/\/truusk.store\/sv\/produkt\/truusk-bokhylla-i-bambu-4-nivaer-forvaringshylla-till-kontor-och-vardagsrum-natur-hallbar-staende\/","og_site_name":"TRUUSK - Hem, Tr\u00e4dg\u00e5rd &amp; Fritid","article_modified_time":"2026-03-12T07:57:36+00:00","og_image":[{"width":2000,"height":2000,"url":"https:\/\/i0.wp.com\/truusk.se\/wp-content\/uploads\/2025\/06\/bokhylla-staende-hylla-med-4-nivaer-forvaringshylla-i-bambu-kontorshylla-for-vardagsrum-sovrum-kontor-natur-1.webp?fit=2000%2C2000&ssl=1","type":"image\/webp"}],"twitter_card":"summary_large_image","twitter_misc":{"Ber\u00e4knad l\u00e4stid":"1 minut"},"schema":{"@context":"https:\/\/schema.org","@graph":[{"@type":"WebPage","@id":"https:\/\/truusk.store\/sv\/produkt\/truusk-bokhylla-i-bambu-4-nivaer-forvaringshylla-till-kontor-och-vardagsrum-natur-hallbar-staende\/","url":"https:\/\/truusk.store\/sv\/produkt\/truusk-bokhylla-i-bambu-4-nivaer-forvaringshylla-till-kontor-och-vardagsrum-natur-hallbar-staende\/","name":"TRUUSK Bokhylla i Bambu - 4 Niv\u00e5er - F\u00f6rvaringshylla till Kontor och Vardagsrum - Natur - H\u00e5llbar - St\u00e5ende - TRUUSK - Hem, Tr\u00e4dg\u00e5rd &amp; Fritid","isPartOf":{"@id":"https:\/\/truusk.store\/sv\/#website"},"primaryImageOfPage":{"@id":"https:\/\/truusk.store\/sv\/produkt\/truusk-bokhylla-i-bambu-4-nivaer-forvaringshylla-till-kontor-och-vardagsrum-natur-hallbar-staende\/#primaryimage"},"image":{"@id":"https:\/\/truusk.store\/sv\/produkt\/truusk-bokhylla-i-bambu-4-nivaer-forvaringshylla-till-kontor-och-vardagsrum-natur-hallbar-staende\/#primaryimage"},"thumbnailUrl":"https:\/\/i0.wp.com\/truusk.store\/wp-content\/uploads\/2025\/06\/bokhylla-staende-hylla-med-4-nivaer-forvaringshylla-i-bambu-kontorshylla-for-vardagsrum-sovrum-kontor-natur-1.webp?fit=2000%2C2000&ssl=1","datePublished":"2025-06-05T23:00:37+00:00","dateModified":"2026-03-12T07:57:36+00:00","breadcrumb":{"@id":"https:\/\/truusk.store\/sv\/produkt\/truusk-bokhylla-i-bambu-4-nivaer-forvaringshylla-till-kontor-och-vardagsrum-natur-hallbar-staende\/#breadcrumb"},"inLanguage":"sv-SE","potentialAction":[{"@type":"ReadAction","target":["https:\/\/truusk.store\/sv\/produkt\/truusk-bokhylla-i-bambu-4-nivaer-forvaringshylla-till-kontor-och-vardagsrum-natur-hallbar-staende\/"]}]},{"@type":"ImageObject","inLanguage":"sv-SE","@id":"https:\/\/truusk.store\/sv\/produkt\/truusk-bokhylla-i-bambu-4-nivaer-forvaringshylla-till-kontor-och-vardagsrum-natur-hallbar-staende\/#primaryimage","url":"https:\/\/i0.wp.com\/truusk.store\/wp-content\/uploads\/2025\/06\/bokhylla-staende-hylla-med-4-nivaer-forvaringshylla-i-bambu-kontorshylla-for-vardagsrum-sovrum-kontor-natur-1.webp?fit=2000%2C2000&ssl=1","contentUrl":"https:\/\/i0.wp.com\/truusk.store\/wp-content\/uploads\/2025\/06\/bokhylla-staende-hylla-med-4-nivaer-forvaringshylla-i-bambu-kontorshylla-for-vardagsrum-sovrum-kontor-natur-1.webp?fit=2000%2C2000&ssl=1","width":2000,"height":2000},{"@type":"BreadcrumbList","@id":"https:\/\/truusk.store\/sv\/produkt\/truusk-bokhylla-i-bambu-4-nivaer-forvaringshylla-till-kontor-och-vardagsrum-natur-hallbar-staende\/#breadcrumb","itemListElement":[{"@type":"ListItem","position":1,"name":"Home","item":"https:\/\/truusk.store\/sv\/"},{"@type":"ListItem","position":2,"name":"Shop","item":"https:\/\/truusk.store\/shop\/"},{"@type":"ListItem","position":3,"name":"TRUUSK Bokhylla i Bambu &#8211; 4 Niv\u00e5er &#8211; F\u00f6rvaringshylla till Kontor och Vardagsrum &#8211; Natur &#8211; H\u00e5llbar &#8211; St\u00e5ende"}]},{"@type":"WebSite","@id":"https:\/\/truusk.store\/sv\/#website","url":"https:\/\/truusk.store\/sv\/","name":"TRUUSK - Hem, Tr\u00e4dg\u00e5rd & Fritid","description":"","publisher":{"@id":"https:\/\/truusk.store\/sv\/#organization"},"potentialAction":[{"@type":"SearchAction","target":{"@type":"EntryPoint","urlTemplate":"https:\/\/truusk.store\/sv\/?s={search_term_string}"},"query-input":{"@type":"PropertyValueSpecification","valueRequired":true,"valueName":"search_term_string"}}],"inLanguage":"sv-SE"},{"@type":"Organization","@id":"https:\/\/truusk.store\/sv\/#organization","name":"TRUUSK - Hem, Tr\u00e4dg\u00e5rd & Fritid","url":"https:\/\/truusk.store\/sv\/","logo":{"@type":"ImageObject","inLanguage":"sv-SE","@id":"https:\/\/truusk.store\/sv\/#\/schema\/logo\/image\/","url":"https:\/\/i0.wp.com\/truusk.store\/wp-content\/uploads\/2026\/03\/cropped-TRUUSK.png?fit=2032%2C917&ssl=1","contentUrl":"https:\/\/i0.wp.com\/truusk.store\/wp-content\/uploads\/2026\/03\/cropped-TRUUSK.png?fit=2032%2C917&ssl=1","width":2032,"height":917,"caption":"TRUUSK - Hem, Tr\u00e4dg\u00e5rd & Fritid"},"image":{"@id":"https:\/\/truusk.store\/sv\/#\/schema\/logo\/image\/"}}]}},"jetpack_sharing_enabled":true,"_links":{"self":[{"href":"https:\/\/truusk.store\/sv\/wp-json\/wp\/v2\/product\/73146","targetHints":{"allow":["GET"]}}],"collection":[{"href":"https:\/\/truusk.store\/sv\/wp-json\/wp\/v2\/product"}],"about":[{"href":"https:\/\/truusk.store\/sv\/wp-json\/wp\/v2\/types\/product"}],"wp:featuredmedia":[{"embeddable":true,"href":"https:\/\/truusk.store\/sv\/wp-json\/wp\/v2\/media\/73137"}],"wp:attachment":[{"href":"https:\/\/truusk.store\/sv\/wp-json\/wp\/v2\/media?parent=73146"}],"wp:term":[{"taxonomy":"product_brand","embeddable":true,"href":"https:\/\/truusk.store\/sv\/wp-json\/wp\/v2\/product_brand?post=73146"},{"taxonomy":"product_cat","embeddable":true,"href":"https:\/\/truusk.store\/sv\/wp-json\/wp\/v2\/product_cat?post=73146"},{"taxonomy":"product_tag","embeddable":true,"href":"https:\/\/truusk.store\/sv\/wp-json\/wp\/v2\/product_tag?post=73146"}],"curies":[{"name":"wp","href":"https:\/\/api.w.org\/{rel}","templated":true}]}}