{"id":73186,"date":"2025-06-06T00:04:43","date_gmt":"2025-06-05T23:04:43","guid":{"rendered":"https:\/\/truusk.store\/product\/sidobord-i-metall-for-balkong-med-lamelldesign-vaderbestandigt-kaffebord-tradgardsbord-lattskott-soffbord-utomhusbord-for-balkong-tradgard-terrass-veranda-915-x-55-x-45-cm-morkgra\/"},"modified":"2026-03-12T08:40:54","modified_gmt":"2026-03-12T07:40:54","slug":"truusk-sidobord-i-metall-for-balkong-lamelldesign-vaderbestandigt-lattskott-utomhusbord-for-tradgard-och-terrass-915-x","status":"publish","type":"product","link":"https:\/\/truusk.store\/sv\/produkt\/truusk-sidobord-i-metall-for-balkong-lamelldesign-vaderbestandigt-lattskott-utomhusbord-for-tradgard-och-terrass-915-x\/","title":{"rendered":"TRUUSK Sidobord i Metall f\u00f6r Balkong &#8211; Lamelldesign &#8211; V\u00e4derbest\u00e4ndigt &#8211; L\u00e4ttsk\u00f6tt &#8211; Utomhusbord f\u00f6r Tr\u00e4dg\u00e5rd och Terrass &#8211; 91,5 x"},"content":{"rendered":"<p>G\u00f6r om ditt utomhusomr\u00e5de med TRUUSK soffbord! Med sin gener\u00f6sa 91,5 x 55 cm stora lamellbordskiva, som torkar snabbt och alltid ser ren ut, perfektionerar balkongbordet varje terrassatmosf\u00e4r. Detta tr\u00e4dg\u00e5rdsbord med robust, v\u00e4derbest\u00e4ndig metallram \u00e4r utformat f\u00f6r att vara din tr\u00e4dg\u00e5rds- eller balkongh\u00f6jdpunkt p\u00e5 l\u00e5ng sikt. Upplev funktionalitet och stil direkt utanf\u00f6r din d\u00f6rr!<\/p>\n<p>Beskrivning:<\/p>\n<ul>\n<li> Det 91,5 x 55 cm stora balkongbordet erbjuder gott om plats f\u00f6r f\u00f6rfriskningar<\/li>\n<li> Lamelldesignen p\u00e5 balkongbordet f\u00f6rhindrar vattenansamling och \u00f6kar h\u00e5llbarheten<\/li>\n<li> Pulverlackerad metallram p\u00e5 balkongbordet \u00e4r v\u00e4derbest\u00e4ndig och f\u00f6rl\u00e4nger livsl\u00e4ngden<\/li>\n<li> Fotdynor p\u00e5 tr\u00e4dg\u00e5rdssidan bord skyddar golvet mot repor<\/li>\n<li> Enkel montering<\/li>\n<\/ul>\n<p> Tekniska data:<\/p>\n<ul>\n<li> F\u00e4rg: M\u00f6rkgr\u00e5<\/li>\n<li> Material: Metall<\/li>\n<li> Totala dimensioner: 91,5L x 55B x 45H cm<\/li>\n<li> Tjocklek p\u00e5 bordskiva: 1,6 cm<\/li>\n<li> B\u00e4rkapacitet: 30 kg<\/li>\n<\/ul>\n<p>Leveransinneh\u00e5ll:<\/p>\n<ul>\n<li> 1 x Utomhus soffbord<\/li>\n<li> 1 x Bruksanvisning<\/li>\n<\/ul>\n","protected":false},"excerpt":{"rendered":"<p>G\u00f6r om ditt utomhusomr\u00e5de med TRUUSK soffbord! Med sin gener\u00f6sa 91,5 x 55 cm stora lamellbordskiva, som torkar snabbt och&#8230;<\/p>\n","protected":false},"featured_media":73177,"template":"","meta":[],"product_brand":[],"product_cat":[858,457,450],"product_tag":[],"class_list":{"0":"post-73186","1":"product","2":"type-product","3":"status-publish","4":"has-post-thumbnail","6":"product_cat-tradgard-terrass","7":"product_cat-tradgardsbord","8":"product_cat-tradgardsmobler","10":"first","11":"instock","12":"sale","13":"taxable","14":"shipping-taxable","15":"purchasable","16":"product-type-simple"},"yoast_head":"<!-- This site is optimized with the Yoast SEO plugin v25.4 - https:\/\/yoast.com\/wordpress\/plugins\/seo\/ -->\n<title>TRUUSK Sidobord i Metall f\u00f6r Balkong - Lamelldesign - V\u00e4derbest\u00e4ndigt - L\u00e4ttsk\u00f6tt - Utomhusbord f\u00f6r Tr\u00e4dg\u00e5rd och Terrass - 91,5 x - TRUUSK - Hem, Tr\u00e4dg\u00e5rd &amp; Fritid<\/title>\n<meta name=\"robots\" content=\"index, follow, max-snippet:-1, max-image-preview:large, max-video-preview:-1\" \/>\n<link rel=\"canonical\" href=\"https:\/\/truusk.store\/sv\/produkt\/truusk-sidobord-i-metall-for-balkong-lamelldesign-vaderbestandigt-lattskott-utomhusbord-for-tradgard-och-terrass-915-x\/\" \/>\n<meta property=\"og:locale\" content=\"sv_SE\" \/>\n<meta property=\"og:type\" content=\"article\" \/>\n<meta property=\"og:title\" content=\"TRUUSK Sidobord i Metall f\u00f6r Balkong - Lamelldesign - V\u00e4derbest\u00e4ndigt - L\u00e4ttsk\u00f6tt - Utomhusbord f\u00f6r Tr\u00e4dg\u00e5rd och Terrass - 91,5 x - TRUUSK - Hem, Tr\u00e4dg\u00e5rd &amp; Fritid\" \/>\n<meta property=\"og:description\" content=\"G\u00f6r om ditt utomhusomr\u00e5de med TRUUSK soffbord! Med sin gener\u00f6sa 91,5 x 55 cm stora lamellbordskiva, som torkar snabbt och...\" \/>\n<meta property=\"og:url\" content=\"https:\/\/truusk.store\/sv\/produkt\/truusk-sidobord-i-metall-for-balkong-lamelldesign-vaderbestandigt-lattskott-utomhusbord-for-tradgard-och-terrass-915-x\/\" \/>\n<meta property=\"og:site_name\" content=\"TRUUSK - Hem, Tr\u00e4dg\u00e5rd &amp; Fritid\" \/>\n<meta property=\"article:modified_time\" content=\"2026-03-12T07:40:54+00:00\" \/>\n<meta property=\"og:image\" content=\"https:\/\/i0.wp.com\/truusk.se\/wp-content\/uploads\/2025\/06\/sidobord-i-metall-for-balkong-med-lamelldesign-vaderbestandigt-kaffebord-tradgardsbord-lattskott-soffbord-utomhusbord-for-balkong-tradgard-terrass-veranda-915-x-55-x-45-cm-morkgra-1.webp?fit=2000%2C2000&ssl=1\" \/>\n\t<meta property=\"og:image:width\" content=\"2000\" \/>\n\t<meta property=\"og:image:height\" content=\"2000\" \/>\n\t<meta property=\"og:image:type\" content=\"image\/webp\" \/>\n<meta name=\"twitter:card\" content=\"summary_large_image\" \/>\n<meta name=\"twitter:label1\" content=\"Ber\u00e4knad l\u00e4stid\" \/>\n\t<meta name=\"twitter:data1\" content=\"1 minut\" \/>\n<!-- \/ Yoast SEO plugin. -->","yoast_head_json":{"title":"TRUUSK Sidobord i Metall f\u00f6r Balkong - Lamelldesign - V\u00e4derbest\u00e4ndigt - L\u00e4ttsk\u00f6tt - Utomhusbord f\u00f6r Tr\u00e4dg\u00e5rd och Terrass - 91,5 x - TRUUSK - Hem, Tr\u00e4dg\u00e5rd &amp; Fritid","robots":{"index":"index","follow":"follow","max-snippet":"max-snippet:-1","max-image-preview":"max-image-preview:large","max-video-preview":"max-video-preview:-1"},"canonical":"https:\/\/truusk.store\/sv\/produkt\/truusk-sidobord-i-metall-for-balkong-lamelldesign-vaderbestandigt-lattskott-utomhusbord-for-tradgard-och-terrass-915-x\/","og_locale":"sv_SE","og_type":"article","og_title":"TRUUSK Sidobord i Metall f\u00f6r Balkong - Lamelldesign - V\u00e4derbest\u00e4ndigt - L\u00e4ttsk\u00f6tt - Utomhusbord f\u00f6r Tr\u00e4dg\u00e5rd och Terrass - 91,5 x - TRUUSK - Hem, Tr\u00e4dg\u00e5rd &amp; Fritid","og_description":"G\u00f6r om ditt utomhusomr\u00e5de med TRUUSK soffbord! Med sin gener\u00f6sa 91,5 x 55 cm stora lamellbordskiva, som torkar snabbt och...","og_url":"https:\/\/truusk.store\/sv\/produkt\/truusk-sidobord-i-metall-for-balkong-lamelldesign-vaderbestandigt-lattskott-utomhusbord-for-tradgard-och-terrass-915-x\/","og_site_name":"TRUUSK - Hem, Tr\u00e4dg\u00e5rd &amp; Fritid","article_modified_time":"2026-03-12T07:40:54+00:00","og_image":[{"width":2000,"height":2000,"url":"https:\/\/i0.wp.com\/truusk.se\/wp-content\/uploads\/2025\/06\/sidobord-i-metall-for-balkong-med-lamelldesign-vaderbestandigt-kaffebord-tradgardsbord-lattskott-soffbord-utomhusbord-for-balkong-tradgard-terrass-veranda-915-x-55-x-45-cm-morkgra-1.webp?fit=2000%2C2000&ssl=1","type":"image\/webp"}],"twitter_card":"summary_large_image","twitter_misc":{"Ber\u00e4knad l\u00e4stid":"1 minut"},"schema":{"@context":"https:\/\/schema.org","@graph":[{"@type":"WebPage","@id":"https:\/\/truusk.store\/sv\/produkt\/truusk-sidobord-i-metall-for-balkong-lamelldesign-vaderbestandigt-lattskott-utomhusbord-for-tradgard-och-terrass-915-x\/","url":"https:\/\/truusk.store\/sv\/produkt\/truusk-sidobord-i-metall-for-balkong-lamelldesign-vaderbestandigt-lattskott-utomhusbord-for-tradgard-och-terrass-915-x\/","name":"TRUUSK Sidobord i Metall f\u00f6r Balkong - Lamelldesign - V\u00e4derbest\u00e4ndigt - L\u00e4ttsk\u00f6tt - Utomhusbord f\u00f6r Tr\u00e4dg\u00e5rd och Terrass - 91,5 x - TRUUSK - Hem, Tr\u00e4dg\u00e5rd &amp; Fritid","isPartOf":{"@id":"https:\/\/truusk.store\/sv\/#website"},"primaryImageOfPage":{"@id":"https:\/\/truusk.store\/sv\/produkt\/truusk-sidobord-i-metall-for-balkong-lamelldesign-vaderbestandigt-lattskott-utomhusbord-for-tradgard-och-terrass-915-x\/#primaryimage"},"image":{"@id":"https:\/\/truusk.store\/sv\/produkt\/truusk-sidobord-i-metall-for-balkong-lamelldesign-vaderbestandigt-lattskott-utomhusbord-for-tradgard-och-terrass-915-x\/#primaryimage"},"thumbnailUrl":"https:\/\/i0.wp.com\/truusk.store\/wp-content\/uploads\/2025\/06\/sidobord-i-metall-for-balkong-med-lamelldesign-vaderbestandigt-kaffebord-tradgardsbord-lattskott-soffbord-utomhusbord-for-balkong-tradgard-terrass-veranda-915-x-55-x-45-cm-morkgra-1.webp?fit=2000%2C2000&ssl=1","datePublished":"2025-06-05T23:04:43+00:00","dateModified":"2026-03-12T07:40:54+00:00","breadcrumb":{"@id":"https:\/\/truusk.store\/sv\/produkt\/truusk-sidobord-i-metall-for-balkong-lamelldesign-vaderbestandigt-lattskott-utomhusbord-for-tradgard-och-terrass-915-x\/#breadcrumb"},"inLanguage":"sv-SE","potentialAction":[{"@type":"ReadAction","target":["https:\/\/truusk.store\/sv\/produkt\/truusk-sidobord-i-metall-for-balkong-lamelldesign-vaderbestandigt-lattskott-utomhusbord-for-tradgard-och-terrass-915-x\/"]}]},{"@type":"ImageObject","inLanguage":"sv-SE","@id":"https:\/\/truusk.store\/sv\/produkt\/truusk-sidobord-i-metall-for-balkong-lamelldesign-vaderbestandigt-lattskott-utomhusbord-for-tradgard-och-terrass-915-x\/#primaryimage","url":"https:\/\/i0.wp.com\/truusk.store\/wp-content\/uploads\/2025\/06\/sidobord-i-metall-for-balkong-med-lamelldesign-vaderbestandigt-kaffebord-tradgardsbord-lattskott-soffbord-utomhusbord-for-balkong-tradgard-terrass-veranda-915-x-55-x-45-cm-morkgra-1.webp?fit=2000%2C2000&ssl=1","contentUrl":"https:\/\/i0.wp.com\/truusk.store\/wp-content\/uploads\/2025\/06\/sidobord-i-metall-for-balkong-med-lamelldesign-vaderbestandigt-kaffebord-tradgardsbord-lattskott-soffbord-utomhusbord-for-balkong-tradgard-terrass-veranda-915-x-55-x-45-cm-morkgra-1.webp?fit=2000%2C2000&ssl=1","width":2000,"height":2000},{"@type":"BreadcrumbList","@id":"https:\/\/truusk.store\/sv\/produkt\/truusk-sidobord-i-metall-for-balkong-lamelldesign-vaderbestandigt-lattskott-utomhusbord-for-tradgard-och-terrass-915-x\/#breadcrumb","itemListElement":[{"@type":"ListItem","position":1,"name":"Home","item":"https:\/\/truusk.store\/sv\/"},{"@type":"ListItem","position":2,"name":"Shop","item":"https:\/\/truusk.store\/shop\/"},{"@type":"ListItem","position":3,"name":"TRUUSK Sidobord i Metall f\u00f6r Balkong &#8211; Lamelldesign &#8211; V\u00e4derbest\u00e4ndigt &#8211; L\u00e4ttsk\u00f6tt &#8211; Utomhusbord f\u00f6r Tr\u00e4dg\u00e5rd och Terrass &#8211; 91,5 x"}]},{"@type":"WebSite","@id":"https:\/\/truusk.store\/sv\/#website","url":"https:\/\/truusk.store\/sv\/","name":"TRUUSK - Hem, Tr\u00e4dg\u00e5rd & Fritid","description":"","publisher":{"@id":"https:\/\/truusk.store\/sv\/#organization"},"potentialAction":[{"@type":"SearchAction","target":{"@type":"EntryPoint","urlTemplate":"https:\/\/truusk.store\/sv\/?s={search_term_string}"},"query-input":{"@type":"PropertyValueSpecification","valueRequired":true,"valueName":"search_term_string"}}],"inLanguage":"sv-SE"},{"@type":"Organization","@id":"https:\/\/truusk.store\/sv\/#organization","name":"TRUUSK - Hem, Tr\u00e4dg\u00e5rd & Fritid","url":"https:\/\/truusk.store\/sv\/","logo":{"@type":"ImageObject","inLanguage":"sv-SE","@id":"https:\/\/truusk.store\/sv\/#\/schema\/logo\/image\/","url":"https:\/\/i0.wp.com\/truusk.store\/wp-content\/uploads\/2026\/03\/cropped-TRUUSK.png?fit=2032%2C917&ssl=1","contentUrl":"https:\/\/i0.wp.com\/truusk.store\/wp-content\/uploads\/2026\/03\/cropped-TRUUSK.png?fit=2032%2C917&ssl=1","width":2032,"height":917,"caption":"TRUUSK - Hem, Tr\u00e4dg\u00e5rd & Fritid"},"image":{"@id":"https:\/\/truusk.store\/sv\/#\/schema\/logo\/image\/"}}]}},"jetpack_sharing_enabled":true,"_links":{"self":[{"href":"https:\/\/truusk.store\/sv\/wp-json\/wp\/v2\/product\/73186","targetHints":{"allow":["GET"]}}],"collection":[{"href":"https:\/\/truusk.store\/sv\/wp-json\/wp\/v2\/product"}],"about":[{"href":"https:\/\/truusk.store\/sv\/wp-json\/wp\/v2\/types\/product"}],"wp:featuredmedia":[{"embeddable":true,"href":"https:\/\/truusk.store\/sv\/wp-json\/wp\/v2\/media\/73177"}],"wp:attachment":[{"href":"https:\/\/truusk.store\/sv\/wp-json\/wp\/v2\/media?parent=73186"}],"wp:term":[{"taxonomy":"product_brand","embeddable":true,"href":"https:\/\/truusk.store\/sv\/wp-json\/wp\/v2\/product_brand?post=73186"},{"taxonomy":"product_cat","embeddable":true,"href":"https:\/\/truusk.store\/sv\/wp-json\/wp\/v2\/product_cat?post=73186"},{"taxonomy":"product_tag","embeddable":true,"href":"https:\/\/truusk.store\/sv\/wp-json\/wp\/v2\/product_tag?post=73186"}],"curies":[{"name":"wp","href":"https:\/\/api.w.org\/{rel}","templated":true}]}}