{"id":73256,"date":"2025-06-06T00:11:36","date_gmt":"2025-06-05T23:11:36","guid":{"rendered":"https:\/\/truusk.store\/product\/keramisk-sittpall-tal-120kg-o33-x-455-cm-vaderbestandig-tradgardspall-i-sandurform-blomsterpall-fotstod-for-utomhus-camping-tradgard-terrass-balkong-ljusgra\/"},"modified":"2026-03-12T08:42:46","modified_gmt":"2026-03-12T07:42:46","slug":"truusk-keramisk-sittbank-talig-for-120kg-vaderbestandig-sandurform-blomsterbank-fotstod-utomhus-mobel-ljusgra","status":"publish","type":"product","link":"https:\/\/truusk.store\/sv\/produkt\/truusk-keramisk-sittbank-talig-for-120kg-vaderbestandig-sandurform-blomsterbank-fotstod-utomhus-mobel-ljusgra\/","title":{"rendered":"TRUUSK Keramisk Sittb\u00e4nk &#8211; T\u00e5lig f\u00f6r 120kg &#8211; V\u00e4derbest\u00e4ndig &#8211; Sandurform &#8211; Blomsterb\u00e4nk &#8211; Fotst\u00f6d &#8211; Utomhus M\u00f6bel &#8211; Ljusgr\u00e5"},"content":{"rendered":"<p>Ge ditt hem en touch av elegans med v\u00e5r TRUUSK keramiska tr\u00e4dg\u00e5rdspall. Detta keramiska stycke, br\u00e4nt vid medeltemperatur, t\u00e5l alla s\u00e4songer. Denna pall fungerar som en sittplats, fotst\u00f6d, v\u00e4xtst\u00e4ll, sidobord eller tr\u00e4dg\u00e5rdsdekoration. Den matta, lackerade ytan p\u00e5 sittplatsen \u00e4r l\u00e4tt att reng\u00f6ra. Skaffa detta charmiga, f\u00e4rgglada stycke idag.<\/p>\n<p>Beskrivning:<\/p>\n<ul>\n<li> Pallens design i form av ett timglas f\u00f6rb\u00e4ttrar b\u00e5de inomhus- och utomhusdesignen<\/li>\n<li> Denna sittplats fungerar som en sittplats, fotst\u00f6d, sidobord eller v\u00e4xtst\u00e4ll<\/li>\n<li> Robust keramisk struktur, belastningsbar upp till 120 kg<\/li>\n<li> Matt lackyta p\u00e5 sittplatsen \u00e4r l\u00e4tt att reng\u00f6ra<\/li>\n<li> Skyddande fotdynor p\u00e5 pallen f\u00f6rhindrar skador p\u00e5 golvet<\/li>\n<li> Ingen montering kr\u00e4vs<\/li>\n<\/ul>\n<p> Tekniska data:<\/p>\n<ul>\n<li> F\u00e4rg: Ljusgr\u00e5<\/li>\n<li> Material: Keramik<\/li>\n<li> Totala dimensioner: \u00d833 x 45,5H cm<\/li>\n<li> Sittstorlek: \u00d833 cm<\/li>\n<li> Basstorlek: \u00d831,5 cm<\/li>\n<li> Belastningskapacitet: 120 kg<\/li>\n<\/ul>\n<p>Leveransinneh\u00e5ll:<\/p>\n<ul>\n<li> 1 x Dekorativ tr\u00e4dg\u00e5rdspall<\/li>\n<li> 1 x Handbok<\/li>\n<\/ul>\n","protected":false},"excerpt":{"rendered":"<p>Ge ditt hem en touch av elegans med v\u00e5r TRUUSK keramiska tr\u00e4dg\u00e5rdspall. Detta keramiska stycke, br\u00e4nt vid medeltemperatur, t\u00e5l alla&#8230;<\/p>\n","protected":false},"featured_media":73246,"template":"","meta":[],"product_brand":[],"product_cat":[858,454,450],"product_tag":[],"class_list":{"0":"post-73256","1":"product","2":"type-product","3":"status-publish","4":"has-post-thumbnail","6":"product_cat-tradgard-terrass","7":"product_cat-tradgardsbankar","8":"product_cat-tradgardsmobler","10":"first","11":"instock","12":"sale","13":"taxable","14":"shipping-taxable","15":"purchasable","16":"product-type-simple"},"yoast_head":"<!-- This site is optimized with the Yoast SEO plugin v25.4 - https:\/\/yoast.com\/wordpress\/plugins\/seo\/ -->\n<title>TRUUSK Keramisk Sittb\u00e4nk - T\u00e5lig f\u00f6r 120kg - V\u00e4derbest\u00e4ndig - Sandurform - Blomsterb\u00e4nk - Fotst\u00f6d - Utomhus M\u00f6bel - Ljusgr\u00e5 - TRUUSK - Hem, Tr\u00e4dg\u00e5rd &amp; Fritid<\/title>\n<meta name=\"robots\" content=\"index, follow, max-snippet:-1, max-image-preview:large, max-video-preview:-1\" \/>\n<link rel=\"canonical\" href=\"https:\/\/truusk.store\/sv\/produkt\/truusk-keramisk-sittbank-talig-for-120kg-vaderbestandig-sandurform-blomsterbank-fotstod-utomhus-mobel-ljusgra\/\" \/>\n<meta property=\"og:locale\" content=\"sv_SE\" \/>\n<meta property=\"og:type\" content=\"article\" \/>\n<meta property=\"og:title\" content=\"TRUUSK Keramisk Sittb\u00e4nk - T\u00e5lig f\u00f6r 120kg - V\u00e4derbest\u00e4ndig - Sandurform - Blomsterb\u00e4nk - Fotst\u00f6d - Utomhus M\u00f6bel - Ljusgr\u00e5 - TRUUSK - Hem, Tr\u00e4dg\u00e5rd &amp; Fritid\" \/>\n<meta property=\"og:description\" content=\"Ge ditt hem en touch av elegans med v\u00e5r TRUUSK keramiska tr\u00e4dg\u00e5rdspall. Detta keramiska stycke, br\u00e4nt vid medeltemperatur, t\u00e5l alla...\" \/>\n<meta property=\"og:url\" content=\"https:\/\/truusk.store\/sv\/produkt\/truusk-keramisk-sittbank-talig-for-120kg-vaderbestandig-sandurform-blomsterbank-fotstod-utomhus-mobel-ljusgra\/\" \/>\n<meta property=\"og:site_name\" content=\"TRUUSK - Hem, Tr\u00e4dg\u00e5rd &amp; Fritid\" \/>\n<meta property=\"article:modified_time\" content=\"2026-03-12T07:42:46+00:00\" \/>\n<meta property=\"og:image\" content=\"https:\/\/i0.wp.com\/truusk.se\/wp-content\/uploads\/2025\/06\/keramisk-sittpall-tal-120kg-o33-x-455-cm-vaderbestandig-tradgardspall-i-sandurform-blomsterpall-fotstod-for-utomhus-camping-tradgard-terrass-balkong-ljusgra-1.webp?fit=2000%2C2000&ssl=1\" \/>\n\t<meta property=\"og:image:width\" content=\"2000\" \/>\n\t<meta property=\"og:image:height\" content=\"2000\" \/>\n\t<meta property=\"og:image:type\" content=\"image\/webp\" \/>\n<meta name=\"twitter:card\" content=\"summary_large_image\" \/>\n<meta name=\"twitter:label1\" content=\"Ber\u00e4knad l\u00e4stid\" \/>\n\t<meta name=\"twitter:data1\" content=\"1 minut\" \/>\n<!-- \/ Yoast SEO plugin. -->","yoast_head_json":{"title":"TRUUSK Keramisk Sittb\u00e4nk - T\u00e5lig f\u00f6r 120kg - V\u00e4derbest\u00e4ndig - Sandurform - Blomsterb\u00e4nk - Fotst\u00f6d - Utomhus M\u00f6bel - Ljusgr\u00e5 - TRUUSK - Hem, Tr\u00e4dg\u00e5rd &amp; Fritid","robots":{"index":"index","follow":"follow","max-snippet":"max-snippet:-1","max-image-preview":"max-image-preview:large","max-video-preview":"max-video-preview:-1"},"canonical":"https:\/\/truusk.store\/sv\/produkt\/truusk-keramisk-sittbank-talig-for-120kg-vaderbestandig-sandurform-blomsterbank-fotstod-utomhus-mobel-ljusgra\/","og_locale":"sv_SE","og_type":"article","og_title":"TRUUSK Keramisk Sittb\u00e4nk - T\u00e5lig f\u00f6r 120kg - V\u00e4derbest\u00e4ndig - Sandurform - Blomsterb\u00e4nk - Fotst\u00f6d - Utomhus M\u00f6bel - Ljusgr\u00e5 - TRUUSK - Hem, Tr\u00e4dg\u00e5rd &amp; Fritid","og_description":"Ge ditt hem en touch av elegans med v\u00e5r TRUUSK keramiska tr\u00e4dg\u00e5rdspall. Detta keramiska stycke, br\u00e4nt vid medeltemperatur, t\u00e5l alla...","og_url":"https:\/\/truusk.store\/sv\/produkt\/truusk-keramisk-sittbank-talig-for-120kg-vaderbestandig-sandurform-blomsterbank-fotstod-utomhus-mobel-ljusgra\/","og_site_name":"TRUUSK - Hem, Tr\u00e4dg\u00e5rd &amp; Fritid","article_modified_time":"2026-03-12T07:42:46+00:00","og_image":[{"width":2000,"height":2000,"url":"https:\/\/i0.wp.com\/truusk.se\/wp-content\/uploads\/2025\/06\/keramisk-sittpall-tal-120kg-o33-x-455-cm-vaderbestandig-tradgardspall-i-sandurform-blomsterpall-fotstod-for-utomhus-camping-tradgard-terrass-balkong-ljusgra-1.webp?fit=2000%2C2000&ssl=1","type":"image\/webp"}],"twitter_card":"summary_large_image","twitter_misc":{"Ber\u00e4knad l\u00e4stid":"1 minut"},"schema":{"@context":"https:\/\/schema.org","@graph":[{"@type":"WebPage","@id":"https:\/\/truusk.store\/sv\/produkt\/truusk-keramisk-sittbank-talig-for-120kg-vaderbestandig-sandurform-blomsterbank-fotstod-utomhus-mobel-ljusgra\/","url":"https:\/\/truusk.store\/sv\/produkt\/truusk-keramisk-sittbank-talig-for-120kg-vaderbestandig-sandurform-blomsterbank-fotstod-utomhus-mobel-ljusgra\/","name":"TRUUSK Keramisk Sittb\u00e4nk - T\u00e5lig f\u00f6r 120kg - V\u00e4derbest\u00e4ndig - Sandurform - Blomsterb\u00e4nk - Fotst\u00f6d - Utomhus M\u00f6bel - Ljusgr\u00e5 - TRUUSK - Hem, Tr\u00e4dg\u00e5rd &amp; Fritid","isPartOf":{"@id":"https:\/\/truusk.store\/sv\/#website"},"primaryImageOfPage":{"@id":"https:\/\/truusk.store\/sv\/produkt\/truusk-keramisk-sittbank-talig-for-120kg-vaderbestandig-sandurform-blomsterbank-fotstod-utomhus-mobel-ljusgra\/#primaryimage"},"image":{"@id":"https:\/\/truusk.store\/sv\/produkt\/truusk-keramisk-sittbank-talig-for-120kg-vaderbestandig-sandurform-blomsterbank-fotstod-utomhus-mobel-ljusgra\/#primaryimage"},"thumbnailUrl":"https:\/\/i0.wp.com\/truusk.store\/wp-content\/uploads\/2025\/06\/keramisk-sittpall-tal-120kg-o33-x-455-cm-vaderbestandig-tradgardspall-i-sandurform-blomsterpall-fotstod-for-utomhus-camping-tradgard-terrass-balkong-ljusgra-1.webp?fit=2000%2C2000&ssl=1","datePublished":"2025-06-05T23:11:36+00:00","dateModified":"2026-03-12T07:42:46+00:00","breadcrumb":{"@id":"https:\/\/truusk.store\/sv\/produkt\/truusk-keramisk-sittbank-talig-for-120kg-vaderbestandig-sandurform-blomsterbank-fotstod-utomhus-mobel-ljusgra\/#breadcrumb"},"inLanguage":"sv-SE","potentialAction":[{"@type":"ReadAction","target":["https:\/\/truusk.store\/sv\/produkt\/truusk-keramisk-sittbank-talig-for-120kg-vaderbestandig-sandurform-blomsterbank-fotstod-utomhus-mobel-ljusgra\/"]}]},{"@type":"ImageObject","inLanguage":"sv-SE","@id":"https:\/\/truusk.store\/sv\/produkt\/truusk-keramisk-sittbank-talig-for-120kg-vaderbestandig-sandurform-blomsterbank-fotstod-utomhus-mobel-ljusgra\/#primaryimage","url":"https:\/\/i0.wp.com\/truusk.store\/wp-content\/uploads\/2025\/06\/keramisk-sittpall-tal-120kg-o33-x-455-cm-vaderbestandig-tradgardspall-i-sandurform-blomsterpall-fotstod-for-utomhus-camping-tradgard-terrass-balkong-ljusgra-1.webp?fit=2000%2C2000&ssl=1","contentUrl":"https:\/\/i0.wp.com\/truusk.store\/wp-content\/uploads\/2025\/06\/keramisk-sittpall-tal-120kg-o33-x-455-cm-vaderbestandig-tradgardspall-i-sandurform-blomsterpall-fotstod-for-utomhus-camping-tradgard-terrass-balkong-ljusgra-1.webp?fit=2000%2C2000&ssl=1","width":2000,"height":2000},{"@type":"BreadcrumbList","@id":"https:\/\/truusk.store\/sv\/produkt\/truusk-keramisk-sittbank-talig-for-120kg-vaderbestandig-sandurform-blomsterbank-fotstod-utomhus-mobel-ljusgra\/#breadcrumb","itemListElement":[{"@type":"ListItem","position":1,"name":"Home","item":"https:\/\/truusk.store\/sv\/"},{"@type":"ListItem","position":2,"name":"Shop","item":"https:\/\/truusk.store\/shop\/"},{"@type":"ListItem","position":3,"name":"TRUUSK Keramisk Sittb\u00e4nk &#8211; T\u00e5lig f\u00f6r 120kg &#8211; V\u00e4derbest\u00e4ndig &#8211; Sandurform &#8211; Blomsterb\u00e4nk &#8211; Fotst\u00f6d &#8211; Utomhus M\u00f6bel &#8211; Ljusgr\u00e5"}]},{"@type":"WebSite","@id":"https:\/\/truusk.store\/sv\/#website","url":"https:\/\/truusk.store\/sv\/","name":"TRUUSK - Hem, Tr\u00e4dg\u00e5rd & Fritid","description":"","publisher":{"@id":"https:\/\/truusk.store\/sv\/#organization"},"potentialAction":[{"@type":"SearchAction","target":{"@type":"EntryPoint","urlTemplate":"https:\/\/truusk.store\/sv\/?s={search_term_string}"},"query-input":{"@type":"PropertyValueSpecification","valueRequired":true,"valueName":"search_term_string"}}],"inLanguage":"sv-SE"},{"@type":"Organization","@id":"https:\/\/truusk.store\/sv\/#organization","name":"TRUUSK - Hem, Tr\u00e4dg\u00e5rd & Fritid","url":"https:\/\/truusk.store\/sv\/","logo":{"@type":"ImageObject","inLanguage":"sv-SE","@id":"https:\/\/truusk.store\/sv\/#\/schema\/logo\/image\/","url":"https:\/\/i0.wp.com\/truusk.store\/wp-content\/uploads\/2026\/03\/cropped-TRUUSK.png?fit=2032%2C917&ssl=1","contentUrl":"https:\/\/i0.wp.com\/truusk.store\/wp-content\/uploads\/2026\/03\/cropped-TRUUSK.png?fit=2032%2C917&ssl=1","width":2032,"height":917,"caption":"TRUUSK - Hem, Tr\u00e4dg\u00e5rd & Fritid"},"image":{"@id":"https:\/\/truusk.store\/sv\/#\/schema\/logo\/image\/"}}]}},"jetpack_sharing_enabled":true,"_links":{"self":[{"href":"https:\/\/truusk.store\/sv\/wp-json\/wp\/v2\/product\/73256","targetHints":{"allow":["GET"]}}],"collection":[{"href":"https:\/\/truusk.store\/sv\/wp-json\/wp\/v2\/product"}],"about":[{"href":"https:\/\/truusk.store\/sv\/wp-json\/wp\/v2\/types\/product"}],"wp:featuredmedia":[{"embeddable":true,"href":"https:\/\/truusk.store\/sv\/wp-json\/wp\/v2\/media\/73246"}],"wp:attachment":[{"href":"https:\/\/truusk.store\/sv\/wp-json\/wp\/v2\/media?parent=73256"}],"wp:term":[{"taxonomy":"product_brand","embeddable":true,"href":"https:\/\/truusk.store\/sv\/wp-json\/wp\/v2\/product_brand?post=73256"},{"taxonomy":"product_cat","embeddable":true,"href":"https:\/\/truusk.store\/sv\/wp-json\/wp\/v2\/product_cat?post=73256"},{"taxonomy":"product_tag","embeddable":true,"href":"https:\/\/truusk.store\/sv\/wp-json\/wp\/v2\/product_tag?post=73256"}],"curies":[{"name":"wp","href":"https:\/\/api.w.org\/{rel}","templated":true}]}}