{"id":7326,"date":"2024-02-13T08:48:56","date_gmt":"2024-02-13T07:48:56","guid":{"rendered":"https:\/\/truusk.store\/product\/automatisk-papperskorg-med-infrarod-sensor-kokskarl-58l-silver-l409-x-b289-x-h68-cm\/"},"modified":"2026-03-12T08:55:31","modified_gmt":"2026-03-12T07:55:31","slug":"truusk-automatisk-papperskorg-med-infrarod-sensor-kokskarl-58l-silver-l409-x-b289-x-h68-cm","status":"publish","type":"product","link":"https:\/\/truusk.store\/sv\/produkt\/truusk-automatisk-papperskorg-med-infrarod-sensor-kokskarl-58l-silver-l409-x-b289-x-h68-cm\/","title":{"rendered":"TRUUSK Automatisk Papperskorg Med Infrar\u00f6d Sensor &#8211; K\u00f6ksk\u00e4rl 58L &#8211; Silver &#8211; L40,9 x B28,9 x H68 cm"},"content":{"rendered":"<p>H\u00f6gkvalitativa material, bekv\u00e4m man\u00f6vrering och snygg design g\u00f6r v\u00e5r automatiska papperskorg till en vardagshj\u00e4lpare som du inte l\u00e4ngre vill vara utan. Den rundade kroppen av stilrent rostfritt st\u00e5l kommer utan innerhink och rymmer 58L. Det avtagbara ABS-locket \u00e4r utrustat med en r\u00f6relsek\u00e4nslig infrar\u00f6d sensor och \u00f6ppnas automatiskt s\u00e5 fort din hand kommer n\u00e4ra locket. P\u00e5 s\u00e5 s\u00e4tt kan du kassera ditt avfall hygieniskt och enkelt, p\u00e5litligt varje dag.<\/p>\n<h3>Beskrivning:<\/h3>\n<ul>\n<li>Den r\u00f6relsek\u00e4nsliga infrar\u00f6da sensorn \u00f6ppnar locket automatiskt f\u00f6r hygienisk avfallshantering<\/li>\n<li>Locket kan \u00e4ven \u00f6ppnas manuellt genom att trycka p\u00e5 en knapp<\/li>\n<li>Oval, rundad form idealisk f\u00f6r k\u00f6k, badrum, kontor eller vardagsrum<\/li>\n<li>Effektiv design kr\u00e4ver ingen innerskopa och erbjuder h\u00f6g kapacitet<\/li>\n<li>St\u00e5l i rostfritt st\u00e5l, lock i ABS-plast, slitstarkt och l\u00e4tt att reng\u00f6ra<\/li>\n<\/ul>\n<h3>Teknisk data:<\/h3>\n<ul>\n<li>silver<\/li>\n<li>Material: rostfritt st\u00e5l, ABS<\/li>\n<li>\u00d6vergripande m\u00e5tt: L40,9 x B28,9 x H68 cm<\/li>\n<li>Kapacitet: 58 L<\/li>\n<li>Vikt: ca 4kg<\/li>\n<li>Batteridriven: 4 x D-batteri (1,5V, ing\u00e5r ej)<\/li>\n<\/ul>\n<h3>Leveransens omfattning:<\/h3>\n<ul>\n<li>1 x automatisk papperskorg med sensor<\/li>\n<li>Batterierna ing\u00e5r INTE.<\/li>\n<\/ul>\n","protected":false},"excerpt":{"rendered":"<p>H\u00f6gkvalitativa material, bekv\u00e4m man\u00f6vrering och snygg design g\u00f6r v\u00e5r automatiska papperskorg till en vardagshj\u00e4lpare som du inte l\u00e4ngre vill vara&#8230;<\/p>\n","protected":false},"featured_media":7327,"template":"","meta":[],"product_brand":[],"product_cat":[671,686,685],"product_tag":[],"class_list":{"0":"post-7326","1":"product","2":"type-product","3":"status-publish","4":"has-post-thumbnail","6":"product_cat-jarnaffar","7":"product_cat-papperskorg","8":"product_cat-stadning-bestallning","10":"first","11":"instock","12":"sale","13":"taxable","14":"shipping-taxable","15":"purchasable","16":"product-type-simple"},"yoast_head":"<!-- This site is optimized with the Yoast SEO plugin v25.4 - https:\/\/yoast.com\/wordpress\/plugins\/seo\/ -->\n<title>TRUUSK Automatisk Papperskorg Med Infrar\u00f6d Sensor - K\u00f6ksk\u00e4rl 58L - Silver - L40,9 x B28,9 x H68 cm - TRUUSK - Hem, Tr\u00e4dg\u00e5rd &amp; Fritid<\/title>\n<meta name=\"robots\" content=\"index, follow, max-snippet:-1, max-image-preview:large, max-video-preview:-1\" \/>\n<link rel=\"canonical\" href=\"https:\/\/truusk.store\/sv\/produkt\/truusk-automatisk-papperskorg-med-infrarod-sensor-kokskarl-58l-silver-l409-x-b289-x-h68-cm\/\" \/>\n<meta property=\"og:locale\" content=\"sv_SE\" \/>\n<meta property=\"og:type\" content=\"article\" \/>\n<meta property=\"og:title\" content=\"TRUUSK Automatisk Papperskorg Med Infrar\u00f6d Sensor - K\u00f6ksk\u00e4rl 58L - Silver - L40,9 x B28,9 x H68 cm - TRUUSK - Hem, Tr\u00e4dg\u00e5rd &amp; Fritid\" \/>\n<meta property=\"og:description\" content=\"H\u00f6gkvalitativa material, bekv\u00e4m man\u00f6vrering och snygg design g\u00f6r v\u00e5r automatiska papperskorg till en vardagshj\u00e4lpare som du inte l\u00e4ngre vill vara...\" \/>\n<meta property=\"og:url\" content=\"https:\/\/truusk.store\/sv\/produkt\/truusk-automatisk-papperskorg-med-infrarod-sensor-kokskarl-58l-silver-l409-x-b289-x-h68-cm\/\" \/>\n<meta property=\"og:site_name\" content=\"TRUUSK - Hem, Tr\u00e4dg\u00e5rd &amp; Fritid\" \/>\n<meta property=\"article:modified_time\" content=\"2026-03-12T07:55:31+00:00\" \/>\n<meta property=\"og:image\" content=\"https:\/\/i0.wp.com\/truusk.se\/wp-content\/uploads\/2024\/02\/automatisk-papperskorg-med-infrarod-sensor-kokskarl-58l-silver-l409-x-b289-x-h68-cm.webp?fit=800%2C800&ssl=1\" \/>\n\t<meta property=\"og:image:width\" content=\"800\" \/>\n\t<meta property=\"og:image:height\" content=\"800\" \/>\n\t<meta property=\"og:image:type\" content=\"image\/webp\" \/>\n<meta name=\"twitter:card\" content=\"summary_large_image\" \/>\n<meta name=\"twitter:label1\" content=\"Ber\u00e4knad l\u00e4stid\" \/>\n\t<meta name=\"twitter:data1\" content=\"1 minut\" \/>\n<!-- \/ Yoast SEO plugin. -->","yoast_head_json":{"title":"TRUUSK Automatisk Papperskorg Med Infrar\u00f6d Sensor - K\u00f6ksk\u00e4rl 58L - Silver - L40,9 x B28,9 x H68 cm - TRUUSK - Hem, Tr\u00e4dg\u00e5rd &amp; Fritid","robots":{"index":"index","follow":"follow","max-snippet":"max-snippet:-1","max-image-preview":"max-image-preview:large","max-video-preview":"max-video-preview:-1"},"canonical":"https:\/\/truusk.store\/sv\/produkt\/truusk-automatisk-papperskorg-med-infrarod-sensor-kokskarl-58l-silver-l409-x-b289-x-h68-cm\/","og_locale":"sv_SE","og_type":"article","og_title":"TRUUSK Automatisk Papperskorg Med Infrar\u00f6d Sensor - K\u00f6ksk\u00e4rl 58L - Silver - L40,9 x B28,9 x H68 cm - TRUUSK - Hem, Tr\u00e4dg\u00e5rd &amp; Fritid","og_description":"H\u00f6gkvalitativa material, bekv\u00e4m man\u00f6vrering och snygg design g\u00f6r v\u00e5r automatiska papperskorg till en vardagshj\u00e4lpare som du inte l\u00e4ngre vill vara...","og_url":"https:\/\/truusk.store\/sv\/produkt\/truusk-automatisk-papperskorg-med-infrarod-sensor-kokskarl-58l-silver-l409-x-b289-x-h68-cm\/","og_site_name":"TRUUSK - Hem, Tr\u00e4dg\u00e5rd &amp; Fritid","article_modified_time":"2026-03-12T07:55:31+00:00","og_image":[{"width":800,"height":800,"url":"https:\/\/i0.wp.com\/truusk.se\/wp-content\/uploads\/2024\/02\/automatisk-papperskorg-med-infrarod-sensor-kokskarl-58l-silver-l409-x-b289-x-h68-cm.webp?fit=800%2C800&ssl=1","type":"image\/webp"}],"twitter_card":"summary_large_image","twitter_misc":{"Ber\u00e4knad l\u00e4stid":"1 minut"},"schema":{"@context":"https:\/\/schema.org","@graph":[{"@type":"WebPage","@id":"https:\/\/truusk.store\/sv\/produkt\/truusk-automatisk-papperskorg-med-infrarod-sensor-kokskarl-58l-silver-l409-x-b289-x-h68-cm\/","url":"https:\/\/truusk.store\/sv\/produkt\/truusk-automatisk-papperskorg-med-infrarod-sensor-kokskarl-58l-silver-l409-x-b289-x-h68-cm\/","name":"TRUUSK Automatisk Papperskorg Med Infrar\u00f6d Sensor - K\u00f6ksk\u00e4rl 58L - Silver - L40,9 x B28,9 x H68 cm - TRUUSK - Hem, Tr\u00e4dg\u00e5rd &amp; Fritid","isPartOf":{"@id":"https:\/\/truusk.store\/sv\/#website"},"primaryImageOfPage":{"@id":"https:\/\/truusk.store\/sv\/produkt\/truusk-automatisk-papperskorg-med-infrarod-sensor-kokskarl-58l-silver-l409-x-b289-x-h68-cm\/#primaryimage"},"image":{"@id":"https:\/\/truusk.store\/sv\/produkt\/truusk-automatisk-papperskorg-med-infrarod-sensor-kokskarl-58l-silver-l409-x-b289-x-h68-cm\/#primaryimage"},"thumbnailUrl":"https:\/\/i0.wp.com\/truusk.store\/wp-content\/uploads\/2024\/02\/automatisk-papperskorg-med-infrarod-sensor-kokskarl-58l-silver-l409-x-b289-x-h68-cm.webp?fit=800%2C800&ssl=1","datePublished":"2024-02-13T07:48:56+00:00","dateModified":"2026-03-12T07:55:31+00:00","breadcrumb":{"@id":"https:\/\/truusk.store\/sv\/produkt\/truusk-automatisk-papperskorg-med-infrarod-sensor-kokskarl-58l-silver-l409-x-b289-x-h68-cm\/#breadcrumb"},"inLanguage":"sv-SE","potentialAction":[{"@type":"ReadAction","target":["https:\/\/truusk.store\/sv\/produkt\/truusk-automatisk-papperskorg-med-infrarod-sensor-kokskarl-58l-silver-l409-x-b289-x-h68-cm\/"]}]},{"@type":"ImageObject","inLanguage":"sv-SE","@id":"https:\/\/truusk.store\/sv\/produkt\/truusk-automatisk-papperskorg-med-infrarod-sensor-kokskarl-58l-silver-l409-x-b289-x-h68-cm\/#primaryimage","url":"https:\/\/i0.wp.com\/truusk.store\/wp-content\/uploads\/2024\/02\/automatisk-papperskorg-med-infrarod-sensor-kokskarl-58l-silver-l409-x-b289-x-h68-cm.webp?fit=800%2C800&ssl=1","contentUrl":"https:\/\/i0.wp.com\/truusk.store\/wp-content\/uploads\/2024\/02\/automatisk-papperskorg-med-infrarod-sensor-kokskarl-58l-silver-l409-x-b289-x-h68-cm.webp?fit=800%2C800&ssl=1","width":800,"height":800,"caption":"Automatisk Papperskorg Med Infrar\u00f6d Sensor K\u00f6ksk\u00e4rl 58L Silver L40,9 X B28,9 X H68 Cm 1"},{"@type":"BreadcrumbList","@id":"https:\/\/truusk.store\/sv\/produkt\/truusk-automatisk-papperskorg-med-infrarod-sensor-kokskarl-58l-silver-l409-x-b289-x-h68-cm\/#breadcrumb","itemListElement":[{"@type":"ListItem","position":1,"name":"Home","item":"https:\/\/truusk.store\/sv\/"},{"@type":"ListItem","position":2,"name":"Shop","item":"https:\/\/truusk.store\/shop\/"},{"@type":"ListItem","position":3,"name":"TRUUSK Automatisk Papperskorg Med Infrar\u00f6d Sensor &#8211; K\u00f6ksk\u00e4rl 58L &#8211; Silver &#8211; L40,9 x B28,9 x H68 cm"}]},{"@type":"WebSite","@id":"https:\/\/truusk.store\/sv\/#website","url":"https:\/\/truusk.store\/sv\/","name":"TRUUSK - Hem, Tr\u00e4dg\u00e5rd & Fritid","description":"","publisher":{"@id":"https:\/\/truusk.store\/sv\/#organization"},"potentialAction":[{"@type":"SearchAction","target":{"@type":"EntryPoint","urlTemplate":"https:\/\/truusk.store\/sv\/?s={search_term_string}"},"query-input":{"@type":"PropertyValueSpecification","valueRequired":true,"valueName":"search_term_string"}}],"inLanguage":"sv-SE"},{"@type":"Organization","@id":"https:\/\/truusk.store\/sv\/#organization","name":"TRUUSK - Hem, Tr\u00e4dg\u00e5rd & Fritid","url":"https:\/\/truusk.store\/sv\/","logo":{"@type":"ImageObject","inLanguage":"sv-SE","@id":"https:\/\/truusk.store\/sv\/#\/schema\/logo\/image\/","url":"https:\/\/i0.wp.com\/truusk.store\/wp-content\/uploads\/2026\/03\/cropped-TRUUSK.png?fit=2032%2C917&ssl=1","contentUrl":"https:\/\/i0.wp.com\/truusk.store\/wp-content\/uploads\/2026\/03\/cropped-TRUUSK.png?fit=2032%2C917&ssl=1","width":2032,"height":917,"caption":"TRUUSK - Hem, Tr\u00e4dg\u00e5rd & Fritid"},"image":{"@id":"https:\/\/truusk.store\/sv\/#\/schema\/logo\/image\/"}}]}},"jetpack_sharing_enabled":true,"_links":{"self":[{"href":"https:\/\/truusk.store\/sv\/wp-json\/wp\/v2\/product\/7326","targetHints":{"allow":["GET"]}}],"collection":[{"href":"https:\/\/truusk.store\/sv\/wp-json\/wp\/v2\/product"}],"about":[{"href":"https:\/\/truusk.store\/sv\/wp-json\/wp\/v2\/types\/product"}],"wp:featuredmedia":[{"embeddable":true,"href":"https:\/\/truusk.store\/sv\/wp-json\/wp\/v2\/media\/7327"}],"wp:attachment":[{"href":"https:\/\/truusk.store\/sv\/wp-json\/wp\/v2\/media?parent=7326"}],"wp:term":[{"taxonomy":"product_brand","embeddable":true,"href":"https:\/\/truusk.store\/sv\/wp-json\/wp\/v2\/product_brand?post=7326"},{"taxonomy":"product_cat","embeddable":true,"href":"https:\/\/truusk.store\/sv\/wp-json\/wp\/v2\/product_cat?post=7326"},{"taxonomy":"product_tag","embeddable":true,"href":"https:\/\/truusk.store\/sv\/wp-json\/wp\/v2\/product_tag?post=7326"}],"curies":[{"name":"wp","href":"https:\/\/api.w.org\/{rel}","templated":true}]}}