{"id":73296,"date":"2025-06-06T00:15:40","date_gmt":"2025-06-05T23:15:40","guid":{"rendered":"https:\/\/truusk.store\/product\/hopfallbar-solsang-tradgardssang-solstol-med-5-lages-justerbar-ryggstod-vaderbestandig-camping-sang-tradgardsstol-upp-till-120-kg-belastning-for-tradgard-semester-utomhus-strand-pool-vinrod\/"},"modified":"2026-03-12T08:57:29","modified_gmt":"2026-03-12T07:57:29","slug":"truusk-hopfallbar-solsang-5-lages-justerbar-ryggstod-vaderbestandig-upp-till-120-kg-vinrod","status":"publish","type":"product","link":"https:\/\/truusk.store\/sv\/produkt\/truusk-hopfallbar-solsang-5-lages-justerbar-ryggstod-vaderbestandig-upp-till-120-kg-vinrod\/","title":{"rendered":"TRUUSK Hopf\u00e4llbar Sols\u00e4ng &#8211; 5-l\u00e4ges Justerbar Ryggst\u00f6d &#8211; V\u00e4derbest\u00e4ndig &#8211; Upp Till 120 Kg &#8211; Vinr\u00f6d"},"content":{"rendered":"<p>TRUUSK erbjuder dig en hopf\u00e4llbar sols\u00e4ng med tygkl\u00e4dsel, d\u00e4r du kan luta dig tillbaka och koppla av p\u00e5 stranden, n\u00e4r du campar eller vid poolen. Den hopf\u00e4llbara tr\u00e4dg\u00e5rdss\u00e4ngen har en justerbar ryggst\u00f6d med fem positioner. V\u00e4lj din f\u00f6redragna vinkel p\u00e5 den v\u00e4derbest\u00e4ndiga tr\u00e4dg\u00e5rdss\u00e4ngen f\u00f6r att sola, l\u00e4sa eller vila och njut av sommaren till fullo.<\/p>\n<p>Beskrivning:<\/p>\n<ul>\n<li> Bekv\u00e4m sols\u00e4ng f\u00f6r 1 person<\/li>\n<li> Hopf\u00e4llbar f\u00f6r att underl\u00e4tta flyttning och f\u00f6rvaring<\/li>\n<li> Bastus\u00e4ngen \u00e4r l\u00e4mplig b\u00e5de f\u00f6r utomhus- och inomhusbruk (tr\u00e4dg\u00e5rd, terrass)<\/li>\n<li> Justerbart ryggst\u00f6d i flera positioner<\/li>\n<li> L\u00e4tt att underh\u00e5lla tack vare det rostfria metallramen och polyesterkl\u00e4dseln<\/li>\n<li> Rekommendation: F\u00f6rvara balkongs\u00e4ngen n\u00e4r den inte anv\u00e4nds f\u00f6r att f\u00f6rl\u00e4nga dess livsl\u00e4ngd<\/li>\n<\/ul>\n<p> Tekniska data:<\/p>\n<ul>\n<li> F\u00e4rg: Vinr\u00f6d<\/li>\n<li> Material: Metall, Oxfordtyg (100% polyester)<\/li>\n<li> Totala dimensioner: 187L x 55B x 24H cm<\/li>\n<li> M\u00e5tt hopf\u00e4lld: 73L x 60,5B x 12H cm<\/li>\n<li> B\u00e4rkapacitet: 120 kg<\/li>\n<\/ul>\n<p>Leveransinneh\u00e5ll:<\/p>\n<ul>\n<li> 1 x Sols\u00e4ng<\/li>\n<li> 1 x Instruktioner<\/li>\n<\/ul>\n","protected":false},"excerpt":{"rendered":"<p>TRUUSK erbjuder dig en hopf\u00e4llbar sols\u00e4ng med tygkl\u00e4dsel, d\u00e4r du kan luta dig tillbaka och koppla av p\u00e5 stranden, n\u00e4r&#8230;<\/p>\n","protected":false},"featured_media":73287,"template":"","meta":[],"product_brand":[],"product_cat":[451,858,450],"product_tag":[],"class_list":{"0":"post-73296","1":"product","2":"type-product","3":"status-publish","4":"has-post-thumbnail","6":"product_cat-solstolar","7":"product_cat-tradgard-terrass","8":"product_cat-tradgardsmobler","10":"first","11":"instock","12":"sale","13":"taxable","14":"shipping-taxable","15":"purchasable","16":"product-type-simple"},"yoast_head":"<!-- This site is optimized with the Yoast SEO plugin v25.4 - https:\/\/yoast.com\/wordpress\/plugins\/seo\/ -->\n<title>TRUUSK Hopf\u00e4llbar Sols\u00e4ng - 5-l\u00e4ges Justerbar Ryggst\u00f6d - V\u00e4derbest\u00e4ndig - Upp Till 120 Kg - Vinr\u00f6d - TRUUSK - Hem, Tr\u00e4dg\u00e5rd &amp; Fritid<\/title>\n<meta name=\"robots\" content=\"index, follow, max-snippet:-1, max-image-preview:large, max-video-preview:-1\" \/>\n<link rel=\"canonical\" href=\"https:\/\/truusk.store\/sv\/produkt\/truusk-hopfallbar-solsang-5-lages-justerbar-ryggstod-vaderbestandig-upp-till-120-kg-vinrod\/\" \/>\n<meta property=\"og:locale\" content=\"sv_SE\" \/>\n<meta property=\"og:type\" content=\"article\" \/>\n<meta property=\"og:title\" content=\"TRUUSK Hopf\u00e4llbar Sols\u00e4ng - 5-l\u00e4ges Justerbar Ryggst\u00f6d - V\u00e4derbest\u00e4ndig - Upp Till 120 Kg - Vinr\u00f6d - TRUUSK - Hem, Tr\u00e4dg\u00e5rd &amp; Fritid\" \/>\n<meta property=\"og:description\" content=\"TRUUSK erbjuder dig en hopf\u00e4llbar sols\u00e4ng med tygkl\u00e4dsel, d\u00e4r du kan luta dig tillbaka och koppla av p\u00e5 stranden, n\u00e4r...\" \/>\n<meta property=\"og:url\" content=\"https:\/\/truusk.store\/sv\/produkt\/truusk-hopfallbar-solsang-5-lages-justerbar-ryggstod-vaderbestandig-upp-till-120-kg-vinrod\/\" \/>\n<meta property=\"og:site_name\" content=\"TRUUSK - Hem, Tr\u00e4dg\u00e5rd &amp; Fritid\" \/>\n<meta property=\"article:modified_time\" content=\"2026-03-12T07:57:29+00:00\" \/>\n<meta property=\"og:image\" content=\"https:\/\/i0.wp.com\/truusk.se\/wp-content\/uploads\/2025\/06\/hopfallbar-solsang-tradgardssang-solstol-med-5-lages-justerbar-ryggstod-vaderbestandig-camping-sang-tradgardsstol-upp-till-120-kg-belastning-for-tradgard-semester-utomhus-strand-pool-vinrod-1.webp?fit=2000%2C2000&ssl=1\" \/>\n\t<meta property=\"og:image:width\" content=\"2000\" \/>\n\t<meta property=\"og:image:height\" content=\"2000\" \/>\n\t<meta property=\"og:image:type\" content=\"image\/webp\" \/>\n<meta name=\"twitter:card\" content=\"summary_large_image\" \/>\n<meta name=\"twitter:label1\" content=\"Ber\u00e4knad l\u00e4stid\" \/>\n\t<meta name=\"twitter:data1\" content=\"1 minut\" \/>\n<!-- \/ Yoast SEO plugin. -->","yoast_head_json":{"title":"TRUUSK Hopf\u00e4llbar Sols\u00e4ng - 5-l\u00e4ges Justerbar Ryggst\u00f6d - V\u00e4derbest\u00e4ndig - Upp Till 120 Kg - Vinr\u00f6d - TRUUSK - Hem, Tr\u00e4dg\u00e5rd &amp; Fritid","robots":{"index":"index","follow":"follow","max-snippet":"max-snippet:-1","max-image-preview":"max-image-preview:large","max-video-preview":"max-video-preview:-1"},"canonical":"https:\/\/truusk.store\/sv\/produkt\/truusk-hopfallbar-solsang-5-lages-justerbar-ryggstod-vaderbestandig-upp-till-120-kg-vinrod\/","og_locale":"sv_SE","og_type":"article","og_title":"TRUUSK Hopf\u00e4llbar Sols\u00e4ng - 5-l\u00e4ges Justerbar Ryggst\u00f6d - V\u00e4derbest\u00e4ndig - Upp Till 120 Kg - Vinr\u00f6d - TRUUSK - Hem, Tr\u00e4dg\u00e5rd &amp; Fritid","og_description":"TRUUSK erbjuder dig en hopf\u00e4llbar sols\u00e4ng med tygkl\u00e4dsel, d\u00e4r du kan luta dig tillbaka och koppla av p\u00e5 stranden, n\u00e4r...","og_url":"https:\/\/truusk.store\/sv\/produkt\/truusk-hopfallbar-solsang-5-lages-justerbar-ryggstod-vaderbestandig-upp-till-120-kg-vinrod\/","og_site_name":"TRUUSK - Hem, Tr\u00e4dg\u00e5rd &amp; Fritid","article_modified_time":"2026-03-12T07:57:29+00:00","og_image":[{"width":2000,"height":2000,"url":"https:\/\/i0.wp.com\/truusk.se\/wp-content\/uploads\/2025\/06\/hopfallbar-solsang-tradgardssang-solstol-med-5-lages-justerbar-ryggstod-vaderbestandig-camping-sang-tradgardsstol-upp-till-120-kg-belastning-for-tradgard-semester-utomhus-strand-pool-vinrod-1.webp?fit=2000%2C2000&ssl=1","type":"image\/webp"}],"twitter_card":"summary_large_image","twitter_misc":{"Ber\u00e4knad l\u00e4stid":"1 minut"},"schema":{"@context":"https:\/\/schema.org","@graph":[{"@type":"WebPage","@id":"https:\/\/truusk.store\/sv\/produkt\/truusk-hopfallbar-solsang-5-lages-justerbar-ryggstod-vaderbestandig-upp-till-120-kg-vinrod\/","url":"https:\/\/truusk.store\/sv\/produkt\/truusk-hopfallbar-solsang-5-lages-justerbar-ryggstod-vaderbestandig-upp-till-120-kg-vinrod\/","name":"TRUUSK Hopf\u00e4llbar Sols\u00e4ng - 5-l\u00e4ges Justerbar Ryggst\u00f6d - V\u00e4derbest\u00e4ndig - Upp Till 120 Kg - Vinr\u00f6d - TRUUSK - Hem, Tr\u00e4dg\u00e5rd &amp; Fritid","isPartOf":{"@id":"https:\/\/truusk.store\/sv\/#website"},"primaryImageOfPage":{"@id":"https:\/\/truusk.store\/sv\/produkt\/truusk-hopfallbar-solsang-5-lages-justerbar-ryggstod-vaderbestandig-upp-till-120-kg-vinrod\/#primaryimage"},"image":{"@id":"https:\/\/truusk.store\/sv\/produkt\/truusk-hopfallbar-solsang-5-lages-justerbar-ryggstod-vaderbestandig-upp-till-120-kg-vinrod\/#primaryimage"},"thumbnailUrl":"https:\/\/i0.wp.com\/truusk.store\/wp-content\/uploads\/2025\/06\/hopfallbar-solsang-tradgardssang-solstol-med-5-lages-justerbar-ryggstod-vaderbestandig-camping-sang-tradgardsstol-upp-till-120-kg-belastning-for-tradgard-semester-utomhus-strand-pool-vinrod-1.webp?fit=2000%2C2000&ssl=1","datePublished":"2025-06-05T23:15:40+00:00","dateModified":"2026-03-12T07:57:29+00:00","breadcrumb":{"@id":"https:\/\/truusk.store\/sv\/produkt\/truusk-hopfallbar-solsang-5-lages-justerbar-ryggstod-vaderbestandig-upp-till-120-kg-vinrod\/#breadcrumb"},"inLanguage":"sv-SE","potentialAction":[{"@type":"ReadAction","target":["https:\/\/truusk.store\/sv\/produkt\/truusk-hopfallbar-solsang-5-lages-justerbar-ryggstod-vaderbestandig-upp-till-120-kg-vinrod\/"]}]},{"@type":"ImageObject","inLanguage":"sv-SE","@id":"https:\/\/truusk.store\/sv\/produkt\/truusk-hopfallbar-solsang-5-lages-justerbar-ryggstod-vaderbestandig-upp-till-120-kg-vinrod\/#primaryimage","url":"https:\/\/i0.wp.com\/truusk.store\/wp-content\/uploads\/2025\/06\/hopfallbar-solsang-tradgardssang-solstol-med-5-lages-justerbar-ryggstod-vaderbestandig-camping-sang-tradgardsstol-upp-till-120-kg-belastning-for-tradgard-semester-utomhus-strand-pool-vinrod-1.webp?fit=2000%2C2000&ssl=1","contentUrl":"https:\/\/i0.wp.com\/truusk.store\/wp-content\/uploads\/2025\/06\/hopfallbar-solsang-tradgardssang-solstol-med-5-lages-justerbar-ryggstod-vaderbestandig-camping-sang-tradgardsstol-upp-till-120-kg-belastning-for-tradgard-semester-utomhus-strand-pool-vinrod-1.webp?fit=2000%2C2000&ssl=1","width":2000,"height":2000},{"@type":"BreadcrumbList","@id":"https:\/\/truusk.store\/sv\/produkt\/truusk-hopfallbar-solsang-5-lages-justerbar-ryggstod-vaderbestandig-upp-till-120-kg-vinrod\/#breadcrumb","itemListElement":[{"@type":"ListItem","position":1,"name":"Home","item":"https:\/\/truusk.store\/sv\/"},{"@type":"ListItem","position":2,"name":"Shop","item":"https:\/\/truusk.store\/shop\/"},{"@type":"ListItem","position":3,"name":"TRUUSK Hopf\u00e4llbar Sols\u00e4ng &#8211; 5-l\u00e4ges Justerbar Ryggst\u00f6d &#8211; V\u00e4derbest\u00e4ndig &#8211; Upp Till 120 Kg &#8211; Vinr\u00f6d"}]},{"@type":"WebSite","@id":"https:\/\/truusk.store\/sv\/#website","url":"https:\/\/truusk.store\/sv\/","name":"TRUUSK - Hem, Tr\u00e4dg\u00e5rd & Fritid","description":"","publisher":{"@id":"https:\/\/truusk.store\/sv\/#organization"},"potentialAction":[{"@type":"SearchAction","target":{"@type":"EntryPoint","urlTemplate":"https:\/\/truusk.store\/sv\/?s={search_term_string}"},"query-input":{"@type":"PropertyValueSpecification","valueRequired":true,"valueName":"search_term_string"}}],"inLanguage":"sv-SE"},{"@type":"Organization","@id":"https:\/\/truusk.store\/sv\/#organization","name":"TRUUSK - Hem, Tr\u00e4dg\u00e5rd & Fritid","url":"https:\/\/truusk.store\/sv\/","logo":{"@type":"ImageObject","inLanguage":"sv-SE","@id":"https:\/\/truusk.store\/sv\/#\/schema\/logo\/image\/","url":"https:\/\/i0.wp.com\/truusk.store\/wp-content\/uploads\/2026\/03\/cropped-TRUUSK.png?fit=2032%2C917&ssl=1","contentUrl":"https:\/\/i0.wp.com\/truusk.store\/wp-content\/uploads\/2026\/03\/cropped-TRUUSK.png?fit=2032%2C917&ssl=1","width":2032,"height":917,"caption":"TRUUSK - Hem, Tr\u00e4dg\u00e5rd & Fritid"},"image":{"@id":"https:\/\/truusk.store\/sv\/#\/schema\/logo\/image\/"}}]}},"jetpack_sharing_enabled":true,"_links":{"self":[{"href":"https:\/\/truusk.store\/sv\/wp-json\/wp\/v2\/product\/73296","targetHints":{"allow":["GET"]}}],"collection":[{"href":"https:\/\/truusk.store\/sv\/wp-json\/wp\/v2\/product"}],"about":[{"href":"https:\/\/truusk.store\/sv\/wp-json\/wp\/v2\/types\/product"}],"wp:featuredmedia":[{"embeddable":true,"href":"https:\/\/truusk.store\/sv\/wp-json\/wp\/v2\/media\/73287"}],"wp:attachment":[{"href":"https:\/\/truusk.store\/sv\/wp-json\/wp\/v2\/media?parent=73296"}],"wp:term":[{"taxonomy":"product_brand","embeddable":true,"href":"https:\/\/truusk.store\/sv\/wp-json\/wp\/v2\/product_brand?post=73296"},{"taxonomy":"product_cat","embeddable":true,"href":"https:\/\/truusk.store\/sv\/wp-json\/wp\/v2\/product_cat?post=73296"},{"taxonomy":"product_tag","embeddable":true,"href":"https:\/\/truusk.store\/sv\/wp-json\/wp\/v2\/product_tag?post=73296"}],"curies":[{"name":"wp","href":"https:\/\/api.w.org\/{rel}","templated":true}]}}