{"id":73346,"date":"2025-06-06T00:20:45","date_gmt":"2025-06-05T23:20:45","guid":{"rendered":"https:\/\/truusk.store\/product\/hundvagn-hundvagn-hopfallbar-for-hundar-katter-upp-till-4-kg-kattvagn-med-nat-fonster-axelrem-forvaringsvaska-mugg-hallare-paraply-kattvagn-morkbla\/"},"modified":"2026-03-12T08:42:24","modified_gmt":"2026-03-12T07:42:24","slug":"truusk-hundvagn-hopfallbar-for-hundar-katter-upp-till-4-kg-med-nat-fonster-axelrem-forvaringsvaska-mugg-hallare-paraply","status":"publish","type":"product","link":"https:\/\/truusk.store\/sv\/produkt\/truusk-hundvagn-hopfallbar-for-hundar-katter-upp-till-4-kg-med-nat-fonster-axelrem-forvaringsvaska-mugg-hallare-paraply\/","title":{"rendered":"TRUUSK Hundvagn Hopf\u00e4llbar F\u00f6r Hundar &amp; Katter Upp Till 4 Kg &#8211; Med N\u00e4t F\u00f6nster, Axelrem, F\u00f6rvaringsv\u00e4ska, Mugg H\u00e5llare &#8211; Paraply"},"content":{"rendered":"<p>Uppt\u00e4ck naturen tillsammans med din fyrbenta v\u00e4n med TRUUSK hundvagn! Denna l\u00e4tta, paraplyliknande kattvagn, tillverkad av robust 600D Oxford-tyg, kan enkelt f\u00e4llas ihop. Den \u00e4r utrustad med luftgenomsl\u00e4ppliga n\u00e4tventiler och en mysig, tv\u00e4ttbar kudde. En praktisk v\u00e4ska p\u00e5 hundvagnen ser till att alla ditt husdjurs viktiga tillbeh\u00f6r alltid \u00e4r till hands. Idealisk f\u00f6r alla \u00e4ventyr med hundvagnen!<\/p>\n<p>Beskrivning:<\/p>\n<ul>\n<li> Paraplystrukturen garanterar enkel b\u00e4rbarhet och f\u00f6rvaring<\/li>\n<li> L\u00e4ttviktig med 4,5 kg, l\u00e4mplig f\u00f6r daglig anv\u00e4ndning<\/li>\n<li> Tillverkad av 600D Oxford-tyg och st\u00e5l<\/li>\n<li> Tv\u00e5 n\u00e4tventiler p\u00e5 kattvagnen ger ventilation och komfort f\u00f6r hundar<\/li>\n<li> Inkluderar en tv\u00e4ttbar dyna som enkelt uppr\u00e4tth\u00e5ller hygienen<\/li>\n<li> Tv\u00e5 s\u00e4kerhetslinor p\u00e5 hundvagnen h\u00e5ller hundarna s\u00e4kra<\/li>\n<li> Bakhjul med bromsar ger s\u00e4kerhet och kontroll<\/li>\n<li> F\u00f6rvaringsv\u00e4skan h\u00e5ller viktiga hundsaker bekv\u00e4mt till hands<\/li>\n<\/ul>\n<p> Tekniska data:<\/p>\n<ul>\n<li> F\u00e4rg: M\u00f6rkbl\u00e5 + Svart<\/li>\n<li> Material: St\u00e5l, Oxford-tyg<\/li>\n<li> Totala dimensioner: 76L x 44B x 103H cm<\/li>\n<li> Hyttstorlek: 42L x 30B x 59\/30H cm (med\/utan tak)<\/li>\n<li> Hytth\u00f6jd: 26H cm (till golvet)<\/li>\n<li> \u00d6vre n\u00e4tventil: 21,5B x 13H cm<\/li>\n<li> Framre n\u00e4tventil: 26B x 22H cm<\/li>\n<li> Hopf\u00e4llbar storlek: 113L x 30B x 28H cm<\/li>\n<li> S\u00e4kerhetslina: 30-56L cm<\/li>\n<li> Kudde: 43L x 29B x 2,5T cm<\/li>\n<li> Hjul: \u00d811,43 cm<\/li>\n<li> V\u00e4ska: 31L x 13B x 22H cm<\/li>\n<li> V\u00e4skrem: 40-72L cm<\/li>\n<\/ul>\n<p>Leveransinneh\u00e5ll:<\/p>\n<ul>\n<li> 1 x Hundvagn<\/li>\n<li> 1 x V\u00e4ska<\/li>\n<li> 1 x Manual<\/li>\n<\/ul>\n","protected":false},"excerpt":{"rendered":"<p>Uppt\u00e4ck naturen tillsammans med din fyrbenta v\u00e4n med TRUUSK hundvagn! Denna l\u00e4tta, paraplyliknande kattvagn, tillverkad av robust 600D Oxford-tyg, kan&#8230;<\/p>\n","protected":false},"featured_media":73337,"template":"","meta":[],"product_brand":[],"product_cat":[895,574,579],"product_tag":[],"class_list":{"0":"post-73346","1":"product","2":"type-product","3":"status-publish","4":"has-post-thumbnail","6":"product_cat-djurutrustning","7":"product_cat-hundtillbehor","8":"product_cat-hundvagn","10":"first","11":"instock","12":"sale","13":"taxable","14":"shipping-taxable","15":"purchasable","16":"product-type-simple"},"yoast_head":"<!-- This site is optimized with the Yoast SEO plugin v25.4 - https:\/\/yoast.com\/wordpress\/plugins\/seo\/ -->\n<title>TRUUSK Hundvagn Hopf\u00e4llbar F\u00f6r Hundar &amp; Katter Upp Till 4 Kg - Med N\u00e4t F\u00f6nster, Axelrem, F\u00f6rvaringsv\u00e4ska, Mugg H\u00e5llare - Paraply - TRUUSK - Hem, Tr\u00e4dg\u00e5rd &amp; Fritid<\/title>\n<meta name=\"robots\" content=\"index, follow, max-snippet:-1, max-image-preview:large, max-video-preview:-1\" \/>\n<link rel=\"canonical\" href=\"https:\/\/truusk.store\/sv\/produkt\/truusk-hundvagn-hopfallbar-for-hundar-katter-upp-till-4-kg-med-nat-fonster-axelrem-forvaringsvaska-mugg-hallare-paraply\/\" \/>\n<meta property=\"og:locale\" content=\"sv_SE\" \/>\n<meta property=\"og:type\" content=\"article\" \/>\n<meta property=\"og:title\" content=\"TRUUSK Hundvagn Hopf\u00e4llbar F\u00f6r Hundar &amp; Katter Upp Till 4 Kg - Med N\u00e4t F\u00f6nster, Axelrem, F\u00f6rvaringsv\u00e4ska, Mugg H\u00e5llare - Paraply - TRUUSK - Hem, Tr\u00e4dg\u00e5rd &amp; Fritid\" \/>\n<meta property=\"og:description\" content=\"Uppt\u00e4ck naturen tillsammans med din fyrbenta v\u00e4n med TRUUSK hundvagn! Denna l\u00e4tta, paraplyliknande kattvagn, tillverkad av robust 600D Oxford-tyg, kan...\" \/>\n<meta property=\"og:url\" content=\"https:\/\/truusk.store\/sv\/produkt\/truusk-hundvagn-hopfallbar-for-hundar-katter-upp-till-4-kg-med-nat-fonster-axelrem-forvaringsvaska-mugg-hallare-paraply\/\" \/>\n<meta property=\"og:site_name\" content=\"TRUUSK - Hem, Tr\u00e4dg\u00e5rd &amp; Fritid\" \/>\n<meta property=\"article:modified_time\" content=\"2026-03-12T07:42:24+00:00\" \/>\n<meta property=\"og:image\" content=\"https:\/\/i0.wp.com\/truusk.se\/wp-content\/uploads\/2025\/06\/hundvagn-hundvagn-hopfallbar-for-hundar-katter-upp-till-4-kg-kattvagn-med-nat-fonster-axelrem-forvaringsvaska-mugg-hallare-paraply-kattvagn-morkbla-1.webp?fit=2000%2C2000&ssl=1\" \/>\n\t<meta property=\"og:image:width\" content=\"2000\" \/>\n\t<meta property=\"og:image:height\" content=\"2000\" \/>\n\t<meta property=\"og:image:type\" content=\"image\/webp\" \/>\n<meta name=\"twitter:card\" content=\"summary_large_image\" \/>\n<meta name=\"twitter:label1\" content=\"Ber\u00e4knad l\u00e4stid\" \/>\n\t<meta name=\"twitter:data1\" content=\"1 minut\" \/>\n<!-- \/ Yoast SEO plugin. -->","yoast_head_json":{"title":"TRUUSK Hundvagn Hopf\u00e4llbar F\u00f6r Hundar &amp; Katter Upp Till 4 Kg - Med N\u00e4t F\u00f6nster, Axelrem, F\u00f6rvaringsv\u00e4ska, Mugg H\u00e5llare - Paraply - TRUUSK - Hem, Tr\u00e4dg\u00e5rd &amp; Fritid","robots":{"index":"index","follow":"follow","max-snippet":"max-snippet:-1","max-image-preview":"max-image-preview:large","max-video-preview":"max-video-preview:-1"},"canonical":"https:\/\/truusk.store\/sv\/produkt\/truusk-hundvagn-hopfallbar-for-hundar-katter-upp-till-4-kg-med-nat-fonster-axelrem-forvaringsvaska-mugg-hallare-paraply\/","og_locale":"sv_SE","og_type":"article","og_title":"TRUUSK Hundvagn Hopf\u00e4llbar F\u00f6r Hundar &amp; Katter Upp Till 4 Kg - Med N\u00e4t F\u00f6nster, Axelrem, F\u00f6rvaringsv\u00e4ska, Mugg H\u00e5llare - Paraply - TRUUSK - Hem, Tr\u00e4dg\u00e5rd &amp; Fritid","og_description":"Uppt\u00e4ck naturen tillsammans med din fyrbenta v\u00e4n med TRUUSK hundvagn! Denna l\u00e4tta, paraplyliknande kattvagn, tillverkad av robust 600D Oxford-tyg, kan...","og_url":"https:\/\/truusk.store\/sv\/produkt\/truusk-hundvagn-hopfallbar-for-hundar-katter-upp-till-4-kg-med-nat-fonster-axelrem-forvaringsvaska-mugg-hallare-paraply\/","og_site_name":"TRUUSK - Hem, Tr\u00e4dg\u00e5rd &amp; Fritid","article_modified_time":"2026-03-12T07:42:24+00:00","og_image":[{"width":2000,"height":2000,"url":"https:\/\/i0.wp.com\/truusk.se\/wp-content\/uploads\/2025\/06\/hundvagn-hundvagn-hopfallbar-for-hundar-katter-upp-till-4-kg-kattvagn-med-nat-fonster-axelrem-forvaringsvaska-mugg-hallare-paraply-kattvagn-morkbla-1.webp?fit=2000%2C2000&ssl=1","type":"image\/webp"}],"twitter_card":"summary_large_image","twitter_misc":{"Ber\u00e4knad l\u00e4stid":"1 minut"},"schema":{"@context":"https:\/\/schema.org","@graph":[{"@type":"WebPage","@id":"https:\/\/truusk.store\/sv\/produkt\/truusk-hundvagn-hopfallbar-for-hundar-katter-upp-till-4-kg-med-nat-fonster-axelrem-forvaringsvaska-mugg-hallare-paraply\/","url":"https:\/\/truusk.store\/sv\/produkt\/truusk-hundvagn-hopfallbar-for-hundar-katter-upp-till-4-kg-med-nat-fonster-axelrem-forvaringsvaska-mugg-hallare-paraply\/","name":"TRUUSK Hundvagn Hopf\u00e4llbar F\u00f6r Hundar &amp; Katter Upp Till 4 Kg - Med N\u00e4t F\u00f6nster, Axelrem, F\u00f6rvaringsv\u00e4ska, Mugg H\u00e5llare - Paraply - TRUUSK - Hem, Tr\u00e4dg\u00e5rd &amp; Fritid","isPartOf":{"@id":"https:\/\/truusk.store\/sv\/#website"},"primaryImageOfPage":{"@id":"https:\/\/truusk.store\/sv\/produkt\/truusk-hundvagn-hopfallbar-for-hundar-katter-upp-till-4-kg-med-nat-fonster-axelrem-forvaringsvaska-mugg-hallare-paraply\/#primaryimage"},"image":{"@id":"https:\/\/truusk.store\/sv\/produkt\/truusk-hundvagn-hopfallbar-for-hundar-katter-upp-till-4-kg-med-nat-fonster-axelrem-forvaringsvaska-mugg-hallare-paraply\/#primaryimage"},"thumbnailUrl":"https:\/\/i0.wp.com\/truusk.store\/wp-content\/uploads\/2025\/06\/hundvagn-hundvagn-hopfallbar-for-hundar-katter-upp-till-4-kg-kattvagn-med-nat-fonster-axelrem-forvaringsvaska-mugg-hallare-paraply-kattvagn-morkbla-1.webp?fit=2000%2C2000&ssl=1","datePublished":"2025-06-05T23:20:45+00:00","dateModified":"2026-03-12T07:42:24+00:00","breadcrumb":{"@id":"https:\/\/truusk.store\/sv\/produkt\/truusk-hundvagn-hopfallbar-for-hundar-katter-upp-till-4-kg-med-nat-fonster-axelrem-forvaringsvaska-mugg-hallare-paraply\/#breadcrumb"},"inLanguage":"sv-SE","potentialAction":[{"@type":"ReadAction","target":["https:\/\/truusk.store\/sv\/produkt\/truusk-hundvagn-hopfallbar-for-hundar-katter-upp-till-4-kg-med-nat-fonster-axelrem-forvaringsvaska-mugg-hallare-paraply\/"]}]},{"@type":"ImageObject","inLanguage":"sv-SE","@id":"https:\/\/truusk.store\/sv\/produkt\/truusk-hundvagn-hopfallbar-for-hundar-katter-upp-till-4-kg-med-nat-fonster-axelrem-forvaringsvaska-mugg-hallare-paraply\/#primaryimage","url":"https:\/\/i0.wp.com\/truusk.store\/wp-content\/uploads\/2025\/06\/hundvagn-hundvagn-hopfallbar-for-hundar-katter-upp-till-4-kg-kattvagn-med-nat-fonster-axelrem-forvaringsvaska-mugg-hallare-paraply-kattvagn-morkbla-1.webp?fit=2000%2C2000&ssl=1","contentUrl":"https:\/\/i0.wp.com\/truusk.store\/wp-content\/uploads\/2025\/06\/hundvagn-hundvagn-hopfallbar-for-hundar-katter-upp-till-4-kg-kattvagn-med-nat-fonster-axelrem-forvaringsvaska-mugg-hallare-paraply-kattvagn-morkbla-1.webp?fit=2000%2C2000&ssl=1","width":2000,"height":2000},{"@type":"BreadcrumbList","@id":"https:\/\/truusk.store\/sv\/produkt\/truusk-hundvagn-hopfallbar-for-hundar-katter-upp-till-4-kg-med-nat-fonster-axelrem-forvaringsvaska-mugg-hallare-paraply\/#breadcrumb","itemListElement":[{"@type":"ListItem","position":1,"name":"Home","item":"https:\/\/truusk.store\/sv\/"},{"@type":"ListItem","position":2,"name":"Shop","item":"https:\/\/truusk.store\/shop\/"},{"@type":"ListItem","position":3,"name":"TRUUSK Hundvagn Hopf\u00e4llbar F\u00f6r Hundar &amp; Katter Upp Till 4 Kg &#8211; Med N\u00e4t F\u00f6nster, Axelrem, F\u00f6rvaringsv\u00e4ska, Mugg H\u00e5llare &#8211; Paraply"}]},{"@type":"WebSite","@id":"https:\/\/truusk.store\/sv\/#website","url":"https:\/\/truusk.store\/sv\/","name":"TRUUSK - Hem, Tr\u00e4dg\u00e5rd & Fritid","description":"","publisher":{"@id":"https:\/\/truusk.store\/sv\/#organization"},"potentialAction":[{"@type":"SearchAction","target":{"@type":"EntryPoint","urlTemplate":"https:\/\/truusk.store\/sv\/?s={search_term_string}"},"query-input":{"@type":"PropertyValueSpecification","valueRequired":true,"valueName":"search_term_string"}}],"inLanguage":"sv-SE"},{"@type":"Organization","@id":"https:\/\/truusk.store\/sv\/#organization","name":"TRUUSK - Hem, Tr\u00e4dg\u00e5rd & Fritid","url":"https:\/\/truusk.store\/sv\/","logo":{"@type":"ImageObject","inLanguage":"sv-SE","@id":"https:\/\/truusk.store\/sv\/#\/schema\/logo\/image\/","url":"https:\/\/i0.wp.com\/truusk.store\/wp-content\/uploads\/2026\/03\/cropped-TRUUSK.png?fit=2032%2C917&ssl=1","contentUrl":"https:\/\/i0.wp.com\/truusk.store\/wp-content\/uploads\/2026\/03\/cropped-TRUUSK.png?fit=2032%2C917&ssl=1","width":2032,"height":917,"caption":"TRUUSK - Hem, Tr\u00e4dg\u00e5rd & Fritid"},"image":{"@id":"https:\/\/truusk.store\/sv\/#\/schema\/logo\/image\/"}}]}},"jetpack_sharing_enabled":true,"_links":{"self":[{"href":"https:\/\/truusk.store\/sv\/wp-json\/wp\/v2\/product\/73346","targetHints":{"allow":["GET"]}}],"collection":[{"href":"https:\/\/truusk.store\/sv\/wp-json\/wp\/v2\/product"}],"about":[{"href":"https:\/\/truusk.store\/sv\/wp-json\/wp\/v2\/types\/product"}],"wp:featuredmedia":[{"embeddable":true,"href":"https:\/\/truusk.store\/sv\/wp-json\/wp\/v2\/media\/73337"}],"wp:attachment":[{"href":"https:\/\/truusk.store\/sv\/wp-json\/wp\/v2\/media?parent=73346"}],"wp:term":[{"taxonomy":"product_brand","embeddable":true,"href":"https:\/\/truusk.store\/sv\/wp-json\/wp\/v2\/product_brand?post=73346"},{"taxonomy":"product_cat","embeddable":true,"href":"https:\/\/truusk.store\/sv\/wp-json\/wp\/v2\/product_cat?post=73346"},{"taxonomy":"product_tag","embeddable":true,"href":"https:\/\/truusk.store\/sv\/wp-json\/wp\/v2\/product_tag?post=73346"}],"curies":[{"name":"wp","href":"https:\/\/api.w.org\/{rel}","templated":true}]}}