{"id":73366,"date":"2025-06-06T00:22:37","date_gmt":"2025-06-05T23:22:37","guid":{"rendered":"https:\/\/truusk.store\/product\/smalt-badrumsskap-hogskap-toalettskap-med-hogglansvit-lada-justerbar-hylla-och-2-oppna-fack-for-sma-utrymmen-badrum-30-x-30-x-180-cm-vit\/"},"modified":"2026-03-12T08:42:33","modified_gmt":"2026-03-12T07:42:33","slug":"truusk-badrumsskap-med-hogglansvit-lada-justerbar-hylla-2-oppna-fack-for-sma-utrymmen-30x30x180-cm-vit","status":"publish","type":"product","link":"https:\/\/truusk.store\/sv\/produkt\/truusk-badrumsskap-med-hogglansvit-lada-justerbar-hylla-2-oppna-fack-for-sma-utrymmen-30x30x180-cm-vit\/","title":{"rendered":"TRUUSK Badrumssk\u00e5p med H\u00f6gglansvit L\u00e5da &#8211; Justerbar Hylla &#8211; 2 \u00f6ppna Fack &#8211; F\u00f6r Sm\u00e5 Utrymmen &#8211; 30x30x180 cm &#8211; Vit"},"content":{"rendered":"<p>Beh\u00f6ver du extra f\u00f6rvaringsutrymme i badrummet? Sj\u00e4lvklart g\u00f6r du det. Det smala badrumssk\u00e5pet fr\u00e5n TRUUSK ger precis den plats du beh\u00f6ver. Det passar perfekt in i de tr\u00e5nga h\u00f6rnen som annars f\u00f6rblir oanv\u00e4nda. Idealisk f\u00f6r att f\u00f6rvara hygienartiklar, reng\u00f6ringsmedel eller handdukar inom r\u00e4ckh\u00e5ll. Undvik \u00f6verbelastning i hallsk\u00e5pet och h\u00e5ll n\u00f6dv\u00e4ndigheter tillg\u00e4ngliga i badrummet med detta TRUUSK golvsk\u00e5p.<\/p>\n<p>Beskrivning:<\/p>\n<ul>\n<li> Tv\u00e5 \u00f6ppna hyllor, en l\u00e5da och tv\u00e5 tv\u00e5v\u00e5nings sk\u00e5p ordnar dina handdukar, s\u00e4ngkl\u00e4der och andra badrumstillbeh\u00f6r snyggt<\/li>\n<li> Hyllorna i l\u00e5dsk\u00e5pet i sk\u00e5pen \u00e4r 3-stegs justerbara f\u00f6r flexibelt f\u00f6rvaringsutrymme<\/li>\n<li> Geometriska linjem\u00f6nster p\u00e5 d\u00f6rrpanelerna ger modern charm<\/li>\n<li> H\u00f6gkvalitativa st\u00e5ngg\u00e5ngj\u00e4rn p\u00e5 badrumssk\u00e5pet m\u00f6jligg\u00f6r en mjuk \u00f6ppning och st\u00e4ngning av d\u00f6rrarna<\/li>\n<li> Melamin yta skyddar bra mot vattenskador<\/li>\n<li> Tipp-skyddsdesign f\u00f6r extra s\u00e4kerhet<\/li>\n<li> Halkfria kuddar p\u00e5 undersidan skyddar ditt golv mot repor<\/li>\n<li> Montering kr\u00e4vs<\/li>\n<\/ul>\n<p> Tekniska data:<\/p>\n<ul>\n<li> F\u00e4rg: H\u00f6gglans Vit<\/li>\n<li> Material: Sp\u00e5nskiva<\/li>\n<li> Totala dimensioner: 30B x 30T x 180H cm<\/li>\n<li> \u00d6ppen hyllstorlek: 26,8B x 26,5T x 19,5H cm<\/li>\n<li> \u00d6vre sk\u00e5p inre: 27,4B x 26,5T x 28,5H cm (per niv\u00e5)<\/li>\n<li> Nedre sk\u00e5p inre: 27,4B x 26,5T x 25,5H cm (per niv\u00e5)<\/li>\n<li> Inre l\u00e5dm\u00e5tt: 22,5B x 23,5T x 8H cm<\/li>\n<li> B\u00e4rkapacitet: 35 kg (totalt), 5 kg (per hylla)<\/li>\n<\/ul>\n<p> Leveransinneh\u00e5ll:<\/p>\n<ul>\n<li> 1 x Badrumssk\u00e5p<\/li>\n<li> 1 x Bruksanvisning<\/li>\n<\/ul>\n","protected":false},"excerpt":{"rendered":"<p>Beh\u00f6ver du extra f\u00f6rvaringsutrymme i badrummet? Sj\u00e4lvklart g\u00f6r du det. Det smala badrumssk\u00e5pet fr\u00e5n TRUUSK ger precis den plats du&#8230;<\/p>\n","protected":false},"featured_media":73357,"template":"","meta":[],"product_brand":[],"product_cat":[915,535,871],"product_tag":[],"class_list":{"0":"post-73366","1":"product","2":"type-product","3":"status-publish","4":"has-post-thumbnail","6":"product_cat-badrum","7":"product_cat-badrumsskap","8":"product_cat-hus-hem","10":"first","11":"instock","12":"sale","13":"taxable","14":"shipping-taxable","15":"purchasable","16":"product-type-simple"},"yoast_head":"<!-- This site is optimized with the Yoast SEO plugin v25.4 - https:\/\/yoast.com\/wordpress\/plugins\/seo\/ -->\n<title>TRUUSK Badrumssk\u00e5p med H\u00f6gglansvit L\u00e5da - Justerbar Hylla - 2 \u00f6ppna Fack - F\u00f6r Sm\u00e5 Utrymmen - 30x30x180 cm - Vit - TRUUSK - Hem, Tr\u00e4dg\u00e5rd &amp; Fritid<\/title>\n<meta name=\"robots\" content=\"index, follow, max-snippet:-1, max-image-preview:large, max-video-preview:-1\" \/>\n<link rel=\"canonical\" href=\"https:\/\/truusk.store\/sv\/produkt\/truusk-badrumsskap-med-hogglansvit-lada-justerbar-hylla-2-oppna-fack-for-sma-utrymmen-30x30x180-cm-vit\/\" \/>\n<meta property=\"og:locale\" content=\"sv_SE\" \/>\n<meta property=\"og:type\" content=\"article\" \/>\n<meta property=\"og:title\" content=\"TRUUSK Badrumssk\u00e5p med H\u00f6gglansvit L\u00e5da - Justerbar Hylla - 2 \u00f6ppna Fack - F\u00f6r Sm\u00e5 Utrymmen - 30x30x180 cm - Vit - TRUUSK - Hem, Tr\u00e4dg\u00e5rd &amp; Fritid\" \/>\n<meta property=\"og:description\" content=\"Beh\u00f6ver du extra f\u00f6rvaringsutrymme i badrummet? Sj\u00e4lvklart g\u00f6r du det. Det smala badrumssk\u00e5pet fr\u00e5n TRUUSK ger precis den plats du...\" \/>\n<meta property=\"og:url\" content=\"https:\/\/truusk.store\/sv\/produkt\/truusk-badrumsskap-med-hogglansvit-lada-justerbar-hylla-2-oppna-fack-for-sma-utrymmen-30x30x180-cm-vit\/\" \/>\n<meta property=\"og:site_name\" content=\"TRUUSK - Hem, Tr\u00e4dg\u00e5rd &amp; Fritid\" \/>\n<meta property=\"article:modified_time\" content=\"2026-03-12T07:42:33+00:00\" \/>\n<meta property=\"og:image\" content=\"https:\/\/i0.wp.com\/truusk.se\/wp-content\/uploads\/2025\/06\/smalt-badrumsskap-hogskap-toalettskap-med-hogglansvit-lada-justerbar-hylla-och-2-oppna-fack-for-sma-utrymmen-badrum-30-x-30-x-180-cm-vit-1.webp?fit=2000%2C2000&ssl=1\" \/>\n\t<meta property=\"og:image:width\" content=\"2000\" \/>\n\t<meta property=\"og:image:height\" content=\"2000\" \/>\n\t<meta property=\"og:image:type\" content=\"image\/webp\" \/>\n<meta name=\"twitter:card\" content=\"summary_large_image\" \/>\n<meta name=\"twitter:label1\" content=\"Ber\u00e4knad l\u00e4stid\" \/>\n\t<meta name=\"twitter:data1\" content=\"1 minut\" \/>\n<!-- \/ Yoast SEO plugin. -->","yoast_head_json":{"title":"TRUUSK Badrumssk\u00e5p med H\u00f6gglansvit L\u00e5da - Justerbar Hylla - 2 \u00f6ppna Fack - F\u00f6r Sm\u00e5 Utrymmen - 30x30x180 cm - Vit - TRUUSK - Hem, Tr\u00e4dg\u00e5rd &amp; Fritid","robots":{"index":"index","follow":"follow","max-snippet":"max-snippet:-1","max-image-preview":"max-image-preview:large","max-video-preview":"max-video-preview:-1"},"canonical":"https:\/\/truusk.store\/sv\/produkt\/truusk-badrumsskap-med-hogglansvit-lada-justerbar-hylla-2-oppna-fack-for-sma-utrymmen-30x30x180-cm-vit\/","og_locale":"sv_SE","og_type":"article","og_title":"TRUUSK Badrumssk\u00e5p med H\u00f6gglansvit L\u00e5da - Justerbar Hylla - 2 \u00f6ppna Fack - F\u00f6r Sm\u00e5 Utrymmen - 30x30x180 cm - Vit - TRUUSK - Hem, Tr\u00e4dg\u00e5rd &amp; Fritid","og_description":"Beh\u00f6ver du extra f\u00f6rvaringsutrymme i badrummet? Sj\u00e4lvklart g\u00f6r du det. Det smala badrumssk\u00e5pet fr\u00e5n TRUUSK ger precis den plats du...","og_url":"https:\/\/truusk.store\/sv\/produkt\/truusk-badrumsskap-med-hogglansvit-lada-justerbar-hylla-2-oppna-fack-for-sma-utrymmen-30x30x180-cm-vit\/","og_site_name":"TRUUSK - Hem, Tr\u00e4dg\u00e5rd &amp; Fritid","article_modified_time":"2026-03-12T07:42:33+00:00","og_image":[{"width":2000,"height":2000,"url":"https:\/\/i0.wp.com\/truusk.se\/wp-content\/uploads\/2025\/06\/smalt-badrumsskap-hogskap-toalettskap-med-hogglansvit-lada-justerbar-hylla-och-2-oppna-fack-for-sma-utrymmen-badrum-30-x-30-x-180-cm-vit-1.webp?fit=2000%2C2000&ssl=1","type":"image\/webp"}],"twitter_card":"summary_large_image","twitter_misc":{"Ber\u00e4knad l\u00e4stid":"1 minut"},"schema":{"@context":"https:\/\/schema.org","@graph":[{"@type":"WebPage","@id":"https:\/\/truusk.store\/sv\/produkt\/truusk-badrumsskap-med-hogglansvit-lada-justerbar-hylla-2-oppna-fack-for-sma-utrymmen-30x30x180-cm-vit\/","url":"https:\/\/truusk.store\/sv\/produkt\/truusk-badrumsskap-med-hogglansvit-lada-justerbar-hylla-2-oppna-fack-for-sma-utrymmen-30x30x180-cm-vit\/","name":"TRUUSK Badrumssk\u00e5p med H\u00f6gglansvit L\u00e5da - Justerbar Hylla - 2 \u00f6ppna Fack - F\u00f6r Sm\u00e5 Utrymmen - 30x30x180 cm - Vit - TRUUSK - Hem, Tr\u00e4dg\u00e5rd &amp; Fritid","isPartOf":{"@id":"https:\/\/truusk.store\/sv\/#website"},"primaryImageOfPage":{"@id":"https:\/\/truusk.store\/sv\/produkt\/truusk-badrumsskap-med-hogglansvit-lada-justerbar-hylla-2-oppna-fack-for-sma-utrymmen-30x30x180-cm-vit\/#primaryimage"},"image":{"@id":"https:\/\/truusk.store\/sv\/produkt\/truusk-badrumsskap-med-hogglansvit-lada-justerbar-hylla-2-oppna-fack-for-sma-utrymmen-30x30x180-cm-vit\/#primaryimage"},"thumbnailUrl":"https:\/\/i0.wp.com\/truusk.store\/wp-content\/uploads\/2025\/06\/smalt-badrumsskap-hogskap-toalettskap-med-hogglansvit-lada-justerbar-hylla-och-2-oppna-fack-for-sma-utrymmen-badrum-30-x-30-x-180-cm-vit-1.webp?fit=2000%2C2000&ssl=1","datePublished":"2025-06-05T23:22:37+00:00","dateModified":"2026-03-12T07:42:33+00:00","breadcrumb":{"@id":"https:\/\/truusk.store\/sv\/produkt\/truusk-badrumsskap-med-hogglansvit-lada-justerbar-hylla-2-oppna-fack-for-sma-utrymmen-30x30x180-cm-vit\/#breadcrumb"},"inLanguage":"sv-SE","potentialAction":[{"@type":"ReadAction","target":["https:\/\/truusk.store\/sv\/produkt\/truusk-badrumsskap-med-hogglansvit-lada-justerbar-hylla-2-oppna-fack-for-sma-utrymmen-30x30x180-cm-vit\/"]}]},{"@type":"ImageObject","inLanguage":"sv-SE","@id":"https:\/\/truusk.store\/sv\/produkt\/truusk-badrumsskap-med-hogglansvit-lada-justerbar-hylla-2-oppna-fack-for-sma-utrymmen-30x30x180-cm-vit\/#primaryimage","url":"https:\/\/i0.wp.com\/truusk.store\/wp-content\/uploads\/2025\/06\/smalt-badrumsskap-hogskap-toalettskap-med-hogglansvit-lada-justerbar-hylla-och-2-oppna-fack-for-sma-utrymmen-badrum-30-x-30-x-180-cm-vit-1.webp?fit=2000%2C2000&ssl=1","contentUrl":"https:\/\/i0.wp.com\/truusk.store\/wp-content\/uploads\/2025\/06\/smalt-badrumsskap-hogskap-toalettskap-med-hogglansvit-lada-justerbar-hylla-och-2-oppna-fack-for-sma-utrymmen-badrum-30-x-30-x-180-cm-vit-1.webp?fit=2000%2C2000&ssl=1","width":2000,"height":2000},{"@type":"BreadcrumbList","@id":"https:\/\/truusk.store\/sv\/produkt\/truusk-badrumsskap-med-hogglansvit-lada-justerbar-hylla-2-oppna-fack-for-sma-utrymmen-30x30x180-cm-vit\/#breadcrumb","itemListElement":[{"@type":"ListItem","position":1,"name":"Home","item":"https:\/\/truusk.store\/sv\/"},{"@type":"ListItem","position":2,"name":"Shop","item":"https:\/\/truusk.store\/shop\/"},{"@type":"ListItem","position":3,"name":"TRUUSK Badrumssk\u00e5p med H\u00f6gglansvit L\u00e5da &#8211; Justerbar Hylla &#8211; 2 \u00f6ppna Fack &#8211; F\u00f6r Sm\u00e5 Utrymmen &#8211; 30x30x180 cm &#8211; Vit"}]},{"@type":"WebSite","@id":"https:\/\/truusk.store\/sv\/#website","url":"https:\/\/truusk.store\/sv\/","name":"TRUUSK - Hem, Tr\u00e4dg\u00e5rd & Fritid","description":"","publisher":{"@id":"https:\/\/truusk.store\/sv\/#organization"},"potentialAction":[{"@type":"SearchAction","target":{"@type":"EntryPoint","urlTemplate":"https:\/\/truusk.store\/sv\/?s={search_term_string}"},"query-input":{"@type":"PropertyValueSpecification","valueRequired":true,"valueName":"search_term_string"}}],"inLanguage":"sv-SE"},{"@type":"Organization","@id":"https:\/\/truusk.store\/sv\/#organization","name":"TRUUSK - Hem, Tr\u00e4dg\u00e5rd & Fritid","url":"https:\/\/truusk.store\/sv\/","logo":{"@type":"ImageObject","inLanguage":"sv-SE","@id":"https:\/\/truusk.store\/sv\/#\/schema\/logo\/image\/","url":"https:\/\/i0.wp.com\/truusk.store\/wp-content\/uploads\/2026\/03\/cropped-TRUUSK.png?fit=2032%2C917&ssl=1","contentUrl":"https:\/\/i0.wp.com\/truusk.store\/wp-content\/uploads\/2026\/03\/cropped-TRUUSK.png?fit=2032%2C917&ssl=1","width":2032,"height":917,"caption":"TRUUSK - Hem, Tr\u00e4dg\u00e5rd & Fritid"},"image":{"@id":"https:\/\/truusk.store\/sv\/#\/schema\/logo\/image\/"}}]}},"jetpack_sharing_enabled":true,"_links":{"self":[{"href":"https:\/\/truusk.store\/sv\/wp-json\/wp\/v2\/product\/73366","targetHints":{"allow":["GET"]}}],"collection":[{"href":"https:\/\/truusk.store\/sv\/wp-json\/wp\/v2\/product"}],"about":[{"href":"https:\/\/truusk.store\/sv\/wp-json\/wp\/v2\/types\/product"}],"wp:featuredmedia":[{"embeddable":true,"href":"https:\/\/truusk.store\/sv\/wp-json\/wp\/v2\/media\/73357"}],"wp:attachment":[{"href":"https:\/\/truusk.store\/sv\/wp-json\/wp\/v2\/media?parent=73366"}],"wp:term":[{"taxonomy":"product_brand","embeddable":true,"href":"https:\/\/truusk.store\/sv\/wp-json\/wp\/v2\/product_brand?post=73366"},{"taxonomy":"product_cat","embeddable":true,"href":"https:\/\/truusk.store\/sv\/wp-json\/wp\/v2\/product_cat?post=73366"},{"taxonomy":"product_tag","embeddable":true,"href":"https:\/\/truusk.store\/sv\/wp-json\/wp\/v2\/product_tag?post=73366"}],"curies":[{"name":"wp","href":"https:\/\/api.w.org\/{rel}","templated":true}]}}