{"id":73386,"date":"2025-06-06T00:24:46","date_gmt":"2025-06-05T23:24:46","guid":{"rendered":"https:\/\/truusk.store\/product\/sandlada-stor-med-tackning-i-skeppsdesign-lergryta-i-tra-segelbat-lekhus-med-koksspelset-forvaring-for-barn-3-7-ar-gra-180-x-103-x-1445-cm\/"},"modified":"2026-03-12T08:41:12","modified_gmt":"2026-03-12T07:41:12","slug":"truusk-sandlada-stor-med-tackning-i-skeppsdesign-lergryta-i-tra-segelbat-lekhus-med-koksspelset-forvaring-for-barn-3-7-ar","status":"publish","type":"product","link":"https:\/\/truusk.store\/sv\/produkt\/truusk-sandlada-stor-med-tackning-i-skeppsdesign-lergryta-i-tra-segelbat-lekhus-med-koksspelset-forvaring-for-barn-3-7-ar\/","title":{"rendered":"TRUUSK Sandl\u00e5da Stor Med T\u00e4ckning I Skeppsdesign &#8211; Lergryta I Tr\u00e4 &#8211; Segelb\u00e5t Lekhus Med K\u00f6ksspelset &#8211; F\u00f6rvaring F\u00f6r Barn 3-7 \u00e5r &#8211;"},"content":{"rendered":"<p>Hissa piratflaggan, borda denna slup! S\u00e5 kan en spelnachmittag i din tr\u00e4dg\u00e5rd snart l\u00e5ta, f\u00f6r denna sandl\u00e5da \u00e4r ett \u00e4kta piratskepp, med \u00e5ror och ett g\u00f6mst\u00e4lle f\u00f6r skatter (eller sand leksaker). Ett gener\u00f6st k\u00f6ksspelset \u00e4r ocks\u00e5 integrerat, f\u00f6r vad vore ett piratskepp utan en kabyss?! Som det b\u00f6r, \u00e4r &#8217;skeppet&#8217; gjort av naturligt tr\u00e4, som \u00e4r v\u00e4derbest\u00e4ndigt och s\u00e4kert f\u00f6r barn. Slutligen ger det praktiska taket skydd mot sol och regn.<\/p>\n<p>Beskrivning:<\/p>\n<ul>\n<li> Tillverkad av grantr\u00e4 med sl\u00e4t yta f\u00f6r s\u00e4kert och trevligt spel<\/li>\n<li> Piratskeppsdesignen p\u00e5 balkongens sandl\u00e5da stimulerar fantasin och ger timmar av spelgl\u00e4dje<\/li>\n<li> Soltaket ger skugga p\u00e5 varma dagar och skyddar mot skadlig UV-str\u00e5lning<\/li>\n<li> Med k\u00f6ksspelset f\u00f6r att fr\u00e4mja barnens kreativitet<\/li>\n<li> Utrustad med bekv\u00e4ma sittplatser f\u00f6r barn att vila och underh\u00e5lla<\/li>\n<li> Golvfri design av sandl\u00e5dan med b\u00e4nk f\u00f6r optimal dr\u00e4nering, ventilation och individuell anpassning av sanddjupet<\/li>\n<li> L\u00e4mplig f\u00f6r barn i \u00e5ldern 3 till 7 \u00e5r<\/li>\n<li> Montering kr\u00e4vs, f\u00f6rst\u00e5elig instruktion medf\u00f6ljer<\/li>\n<\/ul>\n<p> Tekniska data:<\/p>\n<ul>\n<li> F\u00e4rg: Gr\u00e5<\/li>\n<li> Material: Grantr\u00e4<\/li>\n<li> Totala dimensioner: 180L x 103B x 144,5H cm<\/li>\n<li> Sandomr\u00e5dets dimensioner: 90L x 100B x 8H cm<\/li>\n<li> Sitsstorlek: 124L x 8,5B x 10,5H cm<\/li>\n<li> H\u00f6jd p\u00e5 taket: 112H cm<\/li>\n<li> Sandkapacitet: 0,7 m\u00b3\/110 kg<\/li>\n<li> B\u00e4rkapacitet: 50 kg (varje sida)<\/li>\n<li> Rekommenderad \u00e5lder: 3-7 \u00e5r<\/li>\n<li> Kvalificerad \u00e5lder: 3-7 \u00e5r<\/li>\n<\/ul>\n<p>Leveransinneh\u00e5ll:<\/p>\n<ul>\n<li> 1 x Sandl\u00e5da<\/li>\n<li> 1 x Handbok<\/li>\n<\/ul>\n","protected":false},"excerpt":{"rendered":"<p>Hissa piratflaggan, borda denna slup! S\u00e5 kan en spelnachmittag i din tr\u00e4dg\u00e5rd snart l\u00e5ta, f\u00f6r denna sandl\u00e5da \u00e4r ett \u00e4kta&#8230;<\/p>\n","protected":false},"featured_media":73377,"template":"","meta":[],"product_brand":[],"product_cat":[880,620,616],"product_tag":[],"class_list":{"0":"post-73386","1":"product","2":"type-product","3":"status-publish","4":"has-post-thumbnail","6":"product_cat-baby-barn-2","7":"product_cat-sandlador-tillbehor","8":"product_cat-utomhusleksaker","10":"first","11":"instock","12":"sale","13":"taxable","14":"shipping-taxable","15":"purchasable","16":"product-type-simple"},"yoast_head":"<!-- This site is optimized with the Yoast SEO plugin v25.4 - https:\/\/yoast.com\/wordpress\/plugins\/seo\/ -->\n<title>TRUUSK Sandl\u00e5da Stor Med T\u00e4ckning I Skeppsdesign - Lergryta I Tr\u00e4 - Segelb\u00e5t Lekhus Med K\u00f6ksspelset - F\u00f6rvaring F\u00f6r Barn 3-7 \u00e5r - TRUUSK - Hem, Tr\u00e4dg\u00e5rd &amp; Fritid<\/title>\n<meta name=\"robots\" content=\"index, follow, max-snippet:-1, max-image-preview:large, max-video-preview:-1\" \/>\n<link rel=\"canonical\" href=\"https:\/\/truusk.store\/sv\/produkt\/truusk-sandlada-stor-med-tackning-i-skeppsdesign-lergryta-i-tra-segelbat-lekhus-med-koksspelset-forvaring-for-barn-3-7-ar\/\" \/>\n<meta property=\"og:locale\" content=\"sv_SE\" \/>\n<meta property=\"og:type\" content=\"article\" \/>\n<meta property=\"og:title\" content=\"TRUUSK Sandl\u00e5da Stor Med T\u00e4ckning I Skeppsdesign - Lergryta I Tr\u00e4 - Segelb\u00e5t Lekhus Med K\u00f6ksspelset - F\u00f6rvaring F\u00f6r Barn 3-7 \u00e5r - TRUUSK - Hem, Tr\u00e4dg\u00e5rd &amp; Fritid\" \/>\n<meta property=\"og:description\" content=\"Hissa piratflaggan, borda denna slup! S\u00e5 kan en spelnachmittag i din tr\u00e4dg\u00e5rd snart l\u00e5ta, f\u00f6r denna sandl\u00e5da \u00e4r ett \u00e4kta...\" \/>\n<meta property=\"og:url\" content=\"https:\/\/truusk.store\/sv\/produkt\/truusk-sandlada-stor-med-tackning-i-skeppsdesign-lergryta-i-tra-segelbat-lekhus-med-koksspelset-forvaring-for-barn-3-7-ar\/\" \/>\n<meta property=\"og:site_name\" content=\"TRUUSK - Hem, Tr\u00e4dg\u00e5rd &amp; Fritid\" \/>\n<meta property=\"article:modified_time\" content=\"2026-03-12T07:41:12+00:00\" \/>\n<meta property=\"og:image\" content=\"https:\/\/i0.wp.com\/truusk.se\/wp-content\/uploads\/2025\/06\/sandlada-stor-med-tackning-i-skeppsdesign-lergryta-i-tra-segelbat-lekhus-med-koksspelset-forvaring-for-barn-3-7-ar-gra-180-x-103-x-1445-cm-1.webp?fit=2000%2C2000&ssl=1\" \/>\n\t<meta property=\"og:image:width\" content=\"2000\" \/>\n\t<meta property=\"og:image:height\" content=\"2000\" \/>\n\t<meta property=\"og:image:type\" content=\"image\/webp\" \/>\n<meta name=\"twitter:card\" content=\"summary_large_image\" \/>\n<meta name=\"twitter:label1\" content=\"Ber\u00e4knad l\u00e4stid\" \/>\n\t<meta name=\"twitter:data1\" content=\"1 minut\" \/>\n<!-- \/ Yoast SEO plugin. -->","yoast_head_json":{"title":"TRUUSK Sandl\u00e5da Stor Med T\u00e4ckning I Skeppsdesign - Lergryta I Tr\u00e4 - Segelb\u00e5t Lekhus Med K\u00f6ksspelset - F\u00f6rvaring F\u00f6r Barn 3-7 \u00e5r - TRUUSK - Hem, Tr\u00e4dg\u00e5rd &amp; Fritid","robots":{"index":"index","follow":"follow","max-snippet":"max-snippet:-1","max-image-preview":"max-image-preview:large","max-video-preview":"max-video-preview:-1"},"canonical":"https:\/\/truusk.store\/sv\/produkt\/truusk-sandlada-stor-med-tackning-i-skeppsdesign-lergryta-i-tra-segelbat-lekhus-med-koksspelset-forvaring-for-barn-3-7-ar\/","og_locale":"sv_SE","og_type":"article","og_title":"TRUUSK Sandl\u00e5da Stor Med T\u00e4ckning I Skeppsdesign - Lergryta I Tr\u00e4 - Segelb\u00e5t Lekhus Med K\u00f6ksspelset - F\u00f6rvaring F\u00f6r Barn 3-7 \u00e5r - TRUUSK - Hem, Tr\u00e4dg\u00e5rd &amp; Fritid","og_description":"Hissa piratflaggan, borda denna slup! S\u00e5 kan en spelnachmittag i din tr\u00e4dg\u00e5rd snart l\u00e5ta, f\u00f6r denna sandl\u00e5da \u00e4r ett \u00e4kta...","og_url":"https:\/\/truusk.store\/sv\/produkt\/truusk-sandlada-stor-med-tackning-i-skeppsdesign-lergryta-i-tra-segelbat-lekhus-med-koksspelset-forvaring-for-barn-3-7-ar\/","og_site_name":"TRUUSK - Hem, Tr\u00e4dg\u00e5rd &amp; Fritid","article_modified_time":"2026-03-12T07:41:12+00:00","og_image":[{"width":2000,"height":2000,"url":"https:\/\/i0.wp.com\/truusk.se\/wp-content\/uploads\/2025\/06\/sandlada-stor-med-tackning-i-skeppsdesign-lergryta-i-tra-segelbat-lekhus-med-koksspelset-forvaring-for-barn-3-7-ar-gra-180-x-103-x-1445-cm-1.webp?fit=2000%2C2000&ssl=1","type":"image\/webp"}],"twitter_card":"summary_large_image","twitter_misc":{"Ber\u00e4knad l\u00e4stid":"1 minut"},"schema":{"@context":"https:\/\/schema.org","@graph":[{"@type":"WebPage","@id":"https:\/\/truusk.store\/sv\/produkt\/truusk-sandlada-stor-med-tackning-i-skeppsdesign-lergryta-i-tra-segelbat-lekhus-med-koksspelset-forvaring-for-barn-3-7-ar\/","url":"https:\/\/truusk.store\/sv\/produkt\/truusk-sandlada-stor-med-tackning-i-skeppsdesign-lergryta-i-tra-segelbat-lekhus-med-koksspelset-forvaring-for-barn-3-7-ar\/","name":"TRUUSK Sandl\u00e5da Stor Med T\u00e4ckning I Skeppsdesign - Lergryta I Tr\u00e4 - Segelb\u00e5t Lekhus Med K\u00f6ksspelset - F\u00f6rvaring F\u00f6r Barn 3-7 \u00e5r - TRUUSK - Hem, Tr\u00e4dg\u00e5rd &amp; Fritid","isPartOf":{"@id":"https:\/\/truusk.store\/sv\/#website"},"primaryImageOfPage":{"@id":"https:\/\/truusk.store\/sv\/produkt\/truusk-sandlada-stor-med-tackning-i-skeppsdesign-lergryta-i-tra-segelbat-lekhus-med-koksspelset-forvaring-for-barn-3-7-ar\/#primaryimage"},"image":{"@id":"https:\/\/truusk.store\/sv\/produkt\/truusk-sandlada-stor-med-tackning-i-skeppsdesign-lergryta-i-tra-segelbat-lekhus-med-koksspelset-forvaring-for-barn-3-7-ar\/#primaryimage"},"thumbnailUrl":"https:\/\/i0.wp.com\/truusk.store\/wp-content\/uploads\/2025\/06\/sandlada-stor-med-tackning-i-skeppsdesign-lergryta-i-tra-segelbat-lekhus-med-koksspelset-forvaring-for-barn-3-7-ar-gra-180-x-103-x-1445-cm-1.webp?fit=2000%2C2000&ssl=1","datePublished":"2025-06-05T23:24:46+00:00","dateModified":"2026-03-12T07:41:12+00:00","breadcrumb":{"@id":"https:\/\/truusk.store\/sv\/produkt\/truusk-sandlada-stor-med-tackning-i-skeppsdesign-lergryta-i-tra-segelbat-lekhus-med-koksspelset-forvaring-for-barn-3-7-ar\/#breadcrumb"},"inLanguage":"sv-SE","potentialAction":[{"@type":"ReadAction","target":["https:\/\/truusk.store\/sv\/produkt\/truusk-sandlada-stor-med-tackning-i-skeppsdesign-lergryta-i-tra-segelbat-lekhus-med-koksspelset-forvaring-for-barn-3-7-ar\/"]}]},{"@type":"ImageObject","inLanguage":"sv-SE","@id":"https:\/\/truusk.store\/sv\/produkt\/truusk-sandlada-stor-med-tackning-i-skeppsdesign-lergryta-i-tra-segelbat-lekhus-med-koksspelset-forvaring-for-barn-3-7-ar\/#primaryimage","url":"https:\/\/i0.wp.com\/truusk.store\/wp-content\/uploads\/2025\/06\/sandlada-stor-med-tackning-i-skeppsdesign-lergryta-i-tra-segelbat-lekhus-med-koksspelset-forvaring-for-barn-3-7-ar-gra-180-x-103-x-1445-cm-1.webp?fit=2000%2C2000&ssl=1","contentUrl":"https:\/\/i0.wp.com\/truusk.store\/wp-content\/uploads\/2025\/06\/sandlada-stor-med-tackning-i-skeppsdesign-lergryta-i-tra-segelbat-lekhus-med-koksspelset-forvaring-for-barn-3-7-ar-gra-180-x-103-x-1445-cm-1.webp?fit=2000%2C2000&ssl=1","width":2000,"height":2000},{"@type":"BreadcrumbList","@id":"https:\/\/truusk.store\/sv\/produkt\/truusk-sandlada-stor-med-tackning-i-skeppsdesign-lergryta-i-tra-segelbat-lekhus-med-koksspelset-forvaring-for-barn-3-7-ar\/#breadcrumb","itemListElement":[{"@type":"ListItem","position":1,"name":"Home","item":"https:\/\/truusk.store\/sv\/"},{"@type":"ListItem","position":2,"name":"Shop","item":"https:\/\/truusk.store\/shop\/"},{"@type":"ListItem","position":3,"name":"TRUUSK Sandl\u00e5da Stor Med T\u00e4ckning I Skeppsdesign &#8211; Lergryta I Tr\u00e4 &#8211; Segelb\u00e5t Lekhus Med K\u00f6ksspelset &#8211; F\u00f6rvaring F\u00f6r Barn 3-7 \u00e5r &#8211;"}]},{"@type":"WebSite","@id":"https:\/\/truusk.store\/sv\/#website","url":"https:\/\/truusk.store\/sv\/","name":"TRUUSK - Hem, Tr\u00e4dg\u00e5rd & Fritid","description":"","publisher":{"@id":"https:\/\/truusk.store\/sv\/#organization"},"potentialAction":[{"@type":"SearchAction","target":{"@type":"EntryPoint","urlTemplate":"https:\/\/truusk.store\/sv\/?s={search_term_string}"},"query-input":{"@type":"PropertyValueSpecification","valueRequired":true,"valueName":"search_term_string"}}],"inLanguage":"sv-SE"},{"@type":"Organization","@id":"https:\/\/truusk.store\/sv\/#organization","name":"TRUUSK - Hem, Tr\u00e4dg\u00e5rd & Fritid","url":"https:\/\/truusk.store\/sv\/","logo":{"@type":"ImageObject","inLanguage":"sv-SE","@id":"https:\/\/truusk.store\/sv\/#\/schema\/logo\/image\/","url":"https:\/\/i0.wp.com\/truusk.store\/wp-content\/uploads\/2026\/03\/cropped-TRUUSK.png?fit=2032%2C917&ssl=1","contentUrl":"https:\/\/i0.wp.com\/truusk.store\/wp-content\/uploads\/2026\/03\/cropped-TRUUSK.png?fit=2032%2C917&ssl=1","width":2032,"height":917,"caption":"TRUUSK - Hem, Tr\u00e4dg\u00e5rd & Fritid"},"image":{"@id":"https:\/\/truusk.store\/sv\/#\/schema\/logo\/image\/"}}]}},"jetpack_sharing_enabled":true,"_links":{"self":[{"href":"https:\/\/truusk.store\/sv\/wp-json\/wp\/v2\/product\/73386","targetHints":{"allow":["GET"]}}],"collection":[{"href":"https:\/\/truusk.store\/sv\/wp-json\/wp\/v2\/product"}],"about":[{"href":"https:\/\/truusk.store\/sv\/wp-json\/wp\/v2\/types\/product"}],"wp:featuredmedia":[{"embeddable":true,"href":"https:\/\/truusk.store\/sv\/wp-json\/wp\/v2\/media\/73377"}],"wp:attachment":[{"href":"https:\/\/truusk.store\/sv\/wp-json\/wp\/v2\/media?parent=73386"}],"wp:term":[{"taxonomy":"product_brand","embeddable":true,"href":"https:\/\/truusk.store\/sv\/wp-json\/wp\/v2\/product_brand?post=73386"},{"taxonomy":"product_cat","embeddable":true,"href":"https:\/\/truusk.store\/sv\/wp-json\/wp\/v2\/product_cat?post=73386"},{"taxonomy":"product_tag","embeddable":true,"href":"https:\/\/truusk.store\/sv\/wp-json\/wp\/v2\/product_tag?post=73386"}],"curies":[{"name":"wp","href":"https:\/\/api.w.org\/{rel}","templated":true}]}}