{"id":73396,"date":"2025-06-06T00:25:37","date_gmt":"2025-06-05T23:25:37","guid":{"rendered":"https:\/\/truusk.store\/product\/tradgardsbord-i-aluminium-73x73-cm-vaderbestandigt-buffebord-med-trautseende-campingbord-for-4-personer-halkfritt-balkongbord-utomhus-matbord-for-tradgard-terrass-balkong-svart\/"},"modified":"2026-03-12T08:43:23","modified_gmt":"2026-03-12T07:43:23","slug":"truusk-tradgardsbord-i-aluminium-73x73-cm-vaderbestandigt-buffebord-med-trautseende-campingbord-for-4-personer-halkfritt","status":"publish","type":"product","link":"https:\/\/truusk.store\/sv\/produkt\/truusk-tradgardsbord-i-aluminium-73x73-cm-vaderbestandigt-buffebord-med-trautseende-campingbord-for-4-personer-halkfritt\/","title":{"rendered":"TRUUSK Tr\u00e4dg\u00e5rdsbord i Aluminium 73&#215;73 cm &#8211; V\u00e4derbest\u00e4ndigt Buff\u00e9bord med Tr\u00e4utseende &#8211; Campingbord f\u00f6r 4 personer &#8211; Halkfritt"},"content":{"rendered":"<p>Upplev magin med TRUUSKs v\u00e4derbest\u00e4ndiga tr\u00e4dg\u00e5rdsbord, som kombinerar elegans med funktionalitet. Detta terrassbord, designat f\u00f6r fyra personer, kombinerar den naturliga charmen hos tr\u00e4 med h\u00e5llbarheten hos en vattent\u00e4t, l\u00e4tt att sk\u00f6ta PS-platta. Idealisk f\u00f6r varje tr\u00e4dg\u00e5rd eller terrass, garanterar den solida st\u00e5l- och aluminiumkonstruktionen av terrassbordet varaktig gl\u00e4dje.<\/p>\n<p>Beskrivning:<\/p>\n<ul>\n<li> Terrassbordet erbjuder bekv\u00e4mt plats f\u00f6r fyra personer att \u00e4ta i tr\u00e4dg\u00e5rden, p\u00e5 terrassen eller balkongen<\/li>\n<li> Tr\u00e4dg\u00e5rdsbordets imitation av tr\u00e4\u00e5dring erbjuder rustik charm och \u00e4r l\u00e4tt att sk\u00f6ta<\/li>\n<li> Vattent\u00e4t och v\u00e4derbest\u00e4ndig f\u00f6r l\u00e5ngvarig utomhusanv\u00e4ndning<\/li>\n<li> Tr\u00e4dg\u00e5rdsbordets konstruktion av st\u00e5l och aluminium med pulverlackering \u00f6kar h\u00e5llbarheten<\/li>\n<li> Monteringen kr\u00e4vs<\/li>\n<\/ul>\n<p> Tekniska data:<\/p>\n<ul>\n<li> F\u00e4rg: Svart<\/li>\n<li> Material: Aluminium, Plast, St\u00e5l<\/li>\n<li> Totala dimensioner: 73L x 73B x 72H cm<\/li>\n<li> Maximal belastning: 30 kg<\/li>\n<\/ul>\n<p>Leveransinneh\u00e5ll:<\/p>\n<ul>\n<li> 1 x Bord<\/li>\n<li> 1 x Manual<\/li>\n<\/ul>\n","protected":false},"excerpt":{"rendered":"<p>Upplev magin med TRUUSKs v\u00e4derbest\u00e4ndiga tr\u00e4dg\u00e5rdsbord, som kombinerar elegans med funktionalitet. Detta terrassbord, designat f\u00f6r fyra personer, kombinerar den naturliga&#8230;<\/p>\n","protected":false},"featured_media":73387,"template":"","meta":[],"product_brand":[],"product_cat":[858,457,450],"product_tag":[],"class_list":{"0":"post-73396","1":"product","2":"type-product","3":"status-publish","4":"has-post-thumbnail","6":"product_cat-tradgard-terrass","7":"product_cat-tradgardsbord","8":"product_cat-tradgardsmobler","10":"first","11":"instock","12":"sale","13":"taxable","14":"shipping-taxable","15":"purchasable","16":"product-type-simple"},"yoast_head":"<!-- This site is optimized with the Yoast SEO plugin v25.4 - https:\/\/yoast.com\/wordpress\/plugins\/seo\/ -->\n<title>TRUUSK Tr\u00e4dg\u00e5rdsbord i Aluminium 73x73 cm - V\u00e4derbest\u00e4ndigt Buff\u00e9bord med Tr\u00e4utseende - Campingbord f\u00f6r 4 personer - Halkfritt - TRUUSK - Hem, Tr\u00e4dg\u00e5rd &amp; Fritid<\/title>\n<meta name=\"robots\" content=\"index, follow, max-snippet:-1, max-image-preview:large, max-video-preview:-1\" \/>\n<link rel=\"canonical\" href=\"https:\/\/truusk.store\/sv\/produkt\/truusk-tradgardsbord-i-aluminium-73x73-cm-vaderbestandigt-buffebord-med-trautseende-campingbord-for-4-personer-halkfritt\/\" \/>\n<meta property=\"og:locale\" content=\"sv_SE\" \/>\n<meta property=\"og:type\" content=\"article\" \/>\n<meta property=\"og:title\" content=\"TRUUSK Tr\u00e4dg\u00e5rdsbord i Aluminium 73x73 cm - V\u00e4derbest\u00e4ndigt Buff\u00e9bord med Tr\u00e4utseende - Campingbord f\u00f6r 4 personer - Halkfritt - TRUUSK - Hem, Tr\u00e4dg\u00e5rd &amp; Fritid\" \/>\n<meta property=\"og:description\" content=\"Upplev magin med TRUUSKs v\u00e4derbest\u00e4ndiga tr\u00e4dg\u00e5rdsbord, som kombinerar elegans med funktionalitet. Detta terrassbord, designat f\u00f6r fyra personer, kombinerar den naturliga...\" \/>\n<meta property=\"og:url\" content=\"https:\/\/truusk.store\/sv\/produkt\/truusk-tradgardsbord-i-aluminium-73x73-cm-vaderbestandigt-buffebord-med-trautseende-campingbord-for-4-personer-halkfritt\/\" \/>\n<meta property=\"og:site_name\" content=\"TRUUSK - Hem, Tr\u00e4dg\u00e5rd &amp; Fritid\" \/>\n<meta property=\"article:modified_time\" content=\"2026-03-12T07:43:23+00:00\" \/>\n<meta property=\"og:image\" content=\"https:\/\/i0.wp.com\/truusk.se\/wp-content\/uploads\/2025\/06\/tradgardsbord-i-aluminium-73x73-cm-vaderbestandigt-buffebord-med-trautseende-campingbord-for-4-personer-halkfritt-balkongbord-utomhus-matbord-for-tradgard-terrass-balkong-svart-1.webp?fit=2000%2C2000&ssl=1\" \/>\n\t<meta property=\"og:image:width\" content=\"2000\" \/>\n\t<meta property=\"og:image:height\" content=\"2000\" \/>\n\t<meta property=\"og:image:type\" content=\"image\/webp\" \/>\n<meta name=\"twitter:card\" content=\"summary_large_image\" \/>\n<meta name=\"twitter:label1\" content=\"Ber\u00e4knad l\u00e4stid\" \/>\n\t<meta name=\"twitter:data1\" content=\"1 minut\" \/>\n<!-- \/ Yoast SEO plugin. -->","yoast_head_json":{"title":"TRUUSK Tr\u00e4dg\u00e5rdsbord i Aluminium 73x73 cm - V\u00e4derbest\u00e4ndigt Buff\u00e9bord med Tr\u00e4utseende - Campingbord f\u00f6r 4 personer - Halkfritt - TRUUSK - Hem, Tr\u00e4dg\u00e5rd &amp; Fritid","robots":{"index":"index","follow":"follow","max-snippet":"max-snippet:-1","max-image-preview":"max-image-preview:large","max-video-preview":"max-video-preview:-1"},"canonical":"https:\/\/truusk.store\/sv\/produkt\/truusk-tradgardsbord-i-aluminium-73x73-cm-vaderbestandigt-buffebord-med-trautseende-campingbord-for-4-personer-halkfritt\/","og_locale":"sv_SE","og_type":"article","og_title":"TRUUSK Tr\u00e4dg\u00e5rdsbord i Aluminium 73x73 cm - V\u00e4derbest\u00e4ndigt Buff\u00e9bord med Tr\u00e4utseende - Campingbord f\u00f6r 4 personer - Halkfritt - TRUUSK - Hem, Tr\u00e4dg\u00e5rd &amp; Fritid","og_description":"Upplev magin med TRUUSKs v\u00e4derbest\u00e4ndiga tr\u00e4dg\u00e5rdsbord, som kombinerar elegans med funktionalitet. Detta terrassbord, designat f\u00f6r fyra personer, kombinerar den naturliga...","og_url":"https:\/\/truusk.store\/sv\/produkt\/truusk-tradgardsbord-i-aluminium-73x73-cm-vaderbestandigt-buffebord-med-trautseende-campingbord-for-4-personer-halkfritt\/","og_site_name":"TRUUSK - Hem, Tr\u00e4dg\u00e5rd &amp; Fritid","article_modified_time":"2026-03-12T07:43:23+00:00","og_image":[{"width":2000,"height":2000,"url":"https:\/\/i0.wp.com\/truusk.se\/wp-content\/uploads\/2025\/06\/tradgardsbord-i-aluminium-73x73-cm-vaderbestandigt-buffebord-med-trautseende-campingbord-for-4-personer-halkfritt-balkongbord-utomhus-matbord-for-tradgard-terrass-balkong-svart-1.webp?fit=2000%2C2000&ssl=1","type":"image\/webp"}],"twitter_card":"summary_large_image","twitter_misc":{"Ber\u00e4knad l\u00e4stid":"1 minut"},"schema":{"@context":"https:\/\/schema.org","@graph":[{"@type":"WebPage","@id":"https:\/\/truusk.store\/sv\/produkt\/truusk-tradgardsbord-i-aluminium-73x73-cm-vaderbestandigt-buffebord-med-trautseende-campingbord-for-4-personer-halkfritt\/","url":"https:\/\/truusk.store\/sv\/produkt\/truusk-tradgardsbord-i-aluminium-73x73-cm-vaderbestandigt-buffebord-med-trautseende-campingbord-for-4-personer-halkfritt\/","name":"TRUUSK Tr\u00e4dg\u00e5rdsbord i Aluminium 73x73 cm - V\u00e4derbest\u00e4ndigt Buff\u00e9bord med Tr\u00e4utseende - Campingbord f\u00f6r 4 personer - Halkfritt - TRUUSK - Hem, Tr\u00e4dg\u00e5rd &amp; Fritid","isPartOf":{"@id":"https:\/\/truusk.store\/sv\/#website"},"primaryImageOfPage":{"@id":"https:\/\/truusk.store\/sv\/produkt\/truusk-tradgardsbord-i-aluminium-73x73-cm-vaderbestandigt-buffebord-med-trautseende-campingbord-for-4-personer-halkfritt\/#primaryimage"},"image":{"@id":"https:\/\/truusk.store\/sv\/produkt\/truusk-tradgardsbord-i-aluminium-73x73-cm-vaderbestandigt-buffebord-med-trautseende-campingbord-for-4-personer-halkfritt\/#primaryimage"},"thumbnailUrl":"https:\/\/i0.wp.com\/truusk.store\/wp-content\/uploads\/2025\/06\/tradgardsbord-i-aluminium-73x73-cm-vaderbestandigt-buffebord-med-trautseende-campingbord-for-4-personer-halkfritt-balkongbord-utomhus-matbord-for-tradgard-terrass-balkong-svart-1.webp?fit=2000%2C2000&ssl=1","datePublished":"2025-06-05T23:25:37+00:00","dateModified":"2026-03-12T07:43:23+00:00","breadcrumb":{"@id":"https:\/\/truusk.store\/sv\/produkt\/truusk-tradgardsbord-i-aluminium-73x73-cm-vaderbestandigt-buffebord-med-trautseende-campingbord-for-4-personer-halkfritt\/#breadcrumb"},"inLanguage":"sv-SE","potentialAction":[{"@type":"ReadAction","target":["https:\/\/truusk.store\/sv\/produkt\/truusk-tradgardsbord-i-aluminium-73x73-cm-vaderbestandigt-buffebord-med-trautseende-campingbord-for-4-personer-halkfritt\/"]}]},{"@type":"ImageObject","inLanguage":"sv-SE","@id":"https:\/\/truusk.store\/sv\/produkt\/truusk-tradgardsbord-i-aluminium-73x73-cm-vaderbestandigt-buffebord-med-trautseende-campingbord-for-4-personer-halkfritt\/#primaryimage","url":"https:\/\/i0.wp.com\/truusk.store\/wp-content\/uploads\/2025\/06\/tradgardsbord-i-aluminium-73x73-cm-vaderbestandigt-buffebord-med-trautseende-campingbord-for-4-personer-halkfritt-balkongbord-utomhus-matbord-for-tradgard-terrass-balkong-svart-1.webp?fit=2000%2C2000&ssl=1","contentUrl":"https:\/\/i0.wp.com\/truusk.store\/wp-content\/uploads\/2025\/06\/tradgardsbord-i-aluminium-73x73-cm-vaderbestandigt-buffebord-med-trautseende-campingbord-for-4-personer-halkfritt-balkongbord-utomhus-matbord-for-tradgard-terrass-balkong-svart-1.webp?fit=2000%2C2000&ssl=1","width":2000,"height":2000},{"@type":"BreadcrumbList","@id":"https:\/\/truusk.store\/sv\/produkt\/truusk-tradgardsbord-i-aluminium-73x73-cm-vaderbestandigt-buffebord-med-trautseende-campingbord-for-4-personer-halkfritt\/#breadcrumb","itemListElement":[{"@type":"ListItem","position":1,"name":"Home","item":"https:\/\/truusk.store\/sv\/"},{"@type":"ListItem","position":2,"name":"Shop","item":"https:\/\/truusk.store\/shop\/"},{"@type":"ListItem","position":3,"name":"TRUUSK Tr\u00e4dg\u00e5rdsbord i Aluminium 73&#215;73 cm &#8211; V\u00e4derbest\u00e4ndigt Buff\u00e9bord med Tr\u00e4utseende &#8211; Campingbord f\u00f6r 4 personer &#8211; Halkfritt"}]},{"@type":"WebSite","@id":"https:\/\/truusk.store\/sv\/#website","url":"https:\/\/truusk.store\/sv\/","name":"TRUUSK - Hem, Tr\u00e4dg\u00e5rd & Fritid","description":"","publisher":{"@id":"https:\/\/truusk.store\/sv\/#organization"},"potentialAction":[{"@type":"SearchAction","target":{"@type":"EntryPoint","urlTemplate":"https:\/\/truusk.store\/sv\/?s={search_term_string}"},"query-input":{"@type":"PropertyValueSpecification","valueRequired":true,"valueName":"search_term_string"}}],"inLanguage":"sv-SE"},{"@type":"Organization","@id":"https:\/\/truusk.store\/sv\/#organization","name":"TRUUSK - Hem, Tr\u00e4dg\u00e5rd & Fritid","url":"https:\/\/truusk.store\/sv\/","logo":{"@type":"ImageObject","inLanguage":"sv-SE","@id":"https:\/\/truusk.store\/sv\/#\/schema\/logo\/image\/","url":"https:\/\/i0.wp.com\/truusk.store\/wp-content\/uploads\/2026\/03\/cropped-TRUUSK.png?fit=2032%2C917&ssl=1","contentUrl":"https:\/\/i0.wp.com\/truusk.store\/wp-content\/uploads\/2026\/03\/cropped-TRUUSK.png?fit=2032%2C917&ssl=1","width":2032,"height":917,"caption":"TRUUSK - Hem, Tr\u00e4dg\u00e5rd & Fritid"},"image":{"@id":"https:\/\/truusk.store\/sv\/#\/schema\/logo\/image\/"}}]}},"jetpack_sharing_enabled":true,"_links":{"self":[{"href":"https:\/\/truusk.store\/sv\/wp-json\/wp\/v2\/product\/73396","targetHints":{"allow":["GET"]}}],"collection":[{"href":"https:\/\/truusk.store\/sv\/wp-json\/wp\/v2\/product"}],"about":[{"href":"https:\/\/truusk.store\/sv\/wp-json\/wp\/v2\/types\/product"}],"wp:featuredmedia":[{"embeddable":true,"href":"https:\/\/truusk.store\/sv\/wp-json\/wp\/v2\/media\/73387"}],"wp:attachment":[{"href":"https:\/\/truusk.store\/sv\/wp-json\/wp\/v2\/media?parent=73396"}],"wp:term":[{"taxonomy":"product_brand","embeddable":true,"href":"https:\/\/truusk.store\/sv\/wp-json\/wp\/v2\/product_brand?post=73396"},{"taxonomy":"product_cat","embeddable":true,"href":"https:\/\/truusk.store\/sv\/wp-json\/wp\/v2\/product_cat?post=73396"},{"taxonomy":"product_tag","embeddable":true,"href":"https:\/\/truusk.store\/sv\/wp-json\/wp\/v2\/product_tag?post=73396"}],"curies":[{"name":"wp","href":"https:\/\/api.w.org\/{rel}","templated":true}]}}