{"id":73406,"date":"2025-06-06T00:26:34","date_gmt":"2025-06-05T23:26:34","guid":{"rendered":"https:\/\/truusk.store\/product\/byra-sidobord-med-4-lador-byra-for-vardagsrum-sovrum-hogglans-vit-60-x-40-x-85cm\/"},"modified":"2026-03-12T09:45:11","modified_gmt":"2026-03-12T08:45:11","slug":"truusk-moderna-sidobord-med-4-lador-for-vardagsrum-och-sovrum-hogglans-vit-stilren-design-60-x-40-x-85cm","status":"publish","type":"product","link":"https:\/\/truusk.store\/sv\/produkt\/truusk-moderna-sidobord-med-4-lador-for-vardagsrum-och-sovrum-hogglans-vit-stilren-design-60-x-40-x-85cm\/","title":{"rendered":"TRUUSK Moderna Sidobord Med 4 L\u00e5dor &#8211; F\u00f6r Vardagsrum och Sovrum &#8211; H\u00f6gglans Vit &#8211; Stilren Design &#8211; 60 x 40 x 85cm"},"content":{"rendered":"<p>F\u00f6rvandla ditt sovrum med den stiliga TRUUSK byr\u00e5n. Denna vita byr\u00e5 erbjuder tredelade st\u00e5lskenor f\u00f6r mjuk \u00f6ppning och st\u00e4ngning, samt b\u00f6jda, dolda handtag som ger den ett modernt utseende. Den inneh\u00e5ller fyra stora l\u00e5dor som var och en kan rymma upp till 24 T-shirts eller 6 jeans. Den l\u00e4ttsk\u00f6tta melaminytan s\u00e4kerst\u00e4ller varaktig sk\u00f6nhet med lite anstr\u00e4ngning.<\/p>\n<p>Beskrivning:<\/p>\n<ul>\n<li> Fyra rymliga l\u00e5dor rymmer 24 T-shirts eller sex jeans vardera<\/li>\n<li> Tredelade st\u00e5lskenor garanterar smidig drift<\/li>\n<li> B\u00f6jda, dolda handtag ger ett elegant, modernt utseende<\/li>\n<li> L\u00e4tt att reng\u00f6ra ytor tack vare melaminbel\u00e4ggning<\/li>\n<li> Tippskydd och fotdynor garanterar en s\u00e4ker, stabil anv\u00e4ndning<\/li>\n<li> Montering kr\u00e4vs<\/li>\n<\/ul>\n<p> Tekniska data:<\/p>\n<ul>\n<li> F\u00e4rg: H\u00f6gglansvit<\/li>\n<li> Material: Sp\u00e5nskiva<\/li>\n<li> Totala dimensioner: 60B x 40T x 85H cm<\/li>\n<li> Inre storlek p\u00e5 l\u00e5dan: 51,5B x 33,5T x 8H cm<\/li>\n<li> Markfrig\u00e5ng: 3,5 cm<\/li>\n<li> B\u00e4rkapacitet: 30 kg (totalt), 10 kg (\u00f6verdel), 5 kg (varje l\u00e5da)<\/li>\n<\/ul>\n<p> Leveransinneh\u00e5ll:<\/p>\n<ul>\n<li> 1 x Byr\u00e5<\/li>\n<li> 1 x Bruksanvisning<\/li>\n<\/ul>\n","protected":false},"excerpt":{"rendered":"<p>F\u00f6rvandla ditt sovrum med den stiliga TRUUSK byr\u00e5n. Denna vita byr\u00e5 erbjuder tredelade st\u00e5lskenor f\u00f6r mjuk \u00f6ppning och st\u00e4ngning, samt&#8230;<\/p>\n","protected":false},"featured_media":73397,"template":"","meta":[],"product_brand":[],"product_cat":[956,871,910],"product_tag":[],"class_list":{"0":"post-73406","1":"product","2":"type-product","3":"status-publish","4":"has-post-thumbnail","6":"product_cat-byraer-sideboards","7":"product_cat-hus-hem","8":"product_cat-vardagsrum","10":"first","11":"instock","12":"sale","13":"taxable","14":"shipping-taxable","15":"purchasable","16":"product-type-simple"},"yoast_head":"<!-- This site is optimized with the Yoast SEO plugin v25.4 - https:\/\/yoast.com\/wordpress\/plugins\/seo\/ -->\n<title>TRUUSK Moderna Sidobord Med 4 L\u00e5dor - F\u00f6r Vardagsrum och Sovrum - H\u00f6gglans Vit - Stilren Design - 60 x 40 x 85cm - TRUUSK - Hem, Tr\u00e4dg\u00e5rd &amp; Fritid<\/title>\n<meta name=\"robots\" content=\"index, follow, max-snippet:-1, max-image-preview:large, max-video-preview:-1\" \/>\n<link rel=\"canonical\" href=\"https:\/\/truusk.store\/sv\/produkt\/truusk-moderna-sidobord-med-4-lador-for-vardagsrum-och-sovrum-hogglans-vit-stilren-design-60-x-40-x-85cm\/\" \/>\n<meta property=\"og:locale\" content=\"sv_SE\" \/>\n<meta property=\"og:type\" content=\"article\" \/>\n<meta property=\"og:title\" content=\"TRUUSK Moderna Sidobord Med 4 L\u00e5dor - F\u00f6r Vardagsrum och Sovrum - H\u00f6gglans Vit - Stilren Design - 60 x 40 x 85cm - TRUUSK - Hem, Tr\u00e4dg\u00e5rd &amp; Fritid\" \/>\n<meta property=\"og:description\" content=\"F\u00f6rvandla ditt sovrum med den stiliga TRUUSK byr\u00e5n. Denna vita byr\u00e5 erbjuder tredelade st\u00e5lskenor f\u00f6r mjuk \u00f6ppning och st\u00e4ngning, samt...\" \/>\n<meta property=\"og:url\" content=\"https:\/\/truusk.store\/sv\/produkt\/truusk-moderna-sidobord-med-4-lador-for-vardagsrum-och-sovrum-hogglans-vit-stilren-design-60-x-40-x-85cm\/\" \/>\n<meta property=\"og:site_name\" content=\"TRUUSK - Hem, Tr\u00e4dg\u00e5rd &amp; Fritid\" \/>\n<meta property=\"article:modified_time\" content=\"2026-03-12T08:45:11+00:00\" \/>\n<meta property=\"og:image\" content=\"https:\/\/i0.wp.com\/truusk.se\/wp-content\/uploads\/2025\/06\/byra-sidobord-med-4-lador-byra-for-vardagsrum-sovrum-hogglans-vit-60-x-40-x-85cm-1.webp?fit=2000%2C2000&ssl=1\" \/>\n\t<meta property=\"og:image:width\" content=\"2000\" \/>\n\t<meta property=\"og:image:height\" content=\"2000\" \/>\n\t<meta property=\"og:image:type\" content=\"image\/webp\" \/>\n<meta name=\"twitter:card\" content=\"summary_large_image\" \/>\n<meta name=\"twitter:label1\" content=\"Ber\u00e4knad l\u00e4stid\" \/>\n\t<meta name=\"twitter:data1\" content=\"1 minut\" \/>\n<!-- \/ Yoast SEO plugin. -->","yoast_head_json":{"title":"TRUUSK Moderna Sidobord Med 4 L\u00e5dor - F\u00f6r Vardagsrum och Sovrum - H\u00f6gglans Vit - Stilren Design - 60 x 40 x 85cm - TRUUSK - Hem, Tr\u00e4dg\u00e5rd &amp; Fritid","robots":{"index":"index","follow":"follow","max-snippet":"max-snippet:-1","max-image-preview":"max-image-preview:large","max-video-preview":"max-video-preview:-1"},"canonical":"https:\/\/truusk.store\/sv\/produkt\/truusk-moderna-sidobord-med-4-lador-for-vardagsrum-och-sovrum-hogglans-vit-stilren-design-60-x-40-x-85cm\/","og_locale":"sv_SE","og_type":"article","og_title":"TRUUSK Moderna Sidobord Med 4 L\u00e5dor - F\u00f6r Vardagsrum och Sovrum - H\u00f6gglans Vit - Stilren Design - 60 x 40 x 85cm - TRUUSK - Hem, Tr\u00e4dg\u00e5rd &amp; Fritid","og_description":"F\u00f6rvandla ditt sovrum med den stiliga TRUUSK byr\u00e5n. Denna vita byr\u00e5 erbjuder tredelade st\u00e5lskenor f\u00f6r mjuk \u00f6ppning och st\u00e4ngning, samt...","og_url":"https:\/\/truusk.store\/sv\/produkt\/truusk-moderna-sidobord-med-4-lador-for-vardagsrum-och-sovrum-hogglans-vit-stilren-design-60-x-40-x-85cm\/","og_site_name":"TRUUSK - Hem, Tr\u00e4dg\u00e5rd &amp; Fritid","article_modified_time":"2026-03-12T08:45:11+00:00","og_image":[{"width":2000,"height":2000,"url":"https:\/\/i0.wp.com\/truusk.se\/wp-content\/uploads\/2025\/06\/byra-sidobord-med-4-lador-byra-for-vardagsrum-sovrum-hogglans-vit-60-x-40-x-85cm-1.webp?fit=2000%2C2000&ssl=1","type":"image\/webp"}],"twitter_card":"summary_large_image","twitter_misc":{"Ber\u00e4knad l\u00e4stid":"1 minut"},"schema":{"@context":"https:\/\/schema.org","@graph":[{"@type":"WebPage","@id":"https:\/\/truusk.store\/sv\/produkt\/truusk-moderna-sidobord-med-4-lador-for-vardagsrum-och-sovrum-hogglans-vit-stilren-design-60-x-40-x-85cm\/","url":"https:\/\/truusk.store\/sv\/produkt\/truusk-moderna-sidobord-med-4-lador-for-vardagsrum-och-sovrum-hogglans-vit-stilren-design-60-x-40-x-85cm\/","name":"TRUUSK Moderna Sidobord Med 4 L\u00e5dor - F\u00f6r Vardagsrum och Sovrum - H\u00f6gglans Vit - Stilren Design - 60 x 40 x 85cm - TRUUSK - Hem, Tr\u00e4dg\u00e5rd &amp; Fritid","isPartOf":{"@id":"https:\/\/truusk.store\/sv\/#website"},"primaryImageOfPage":{"@id":"https:\/\/truusk.store\/sv\/produkt\/truusk-moderna-sidobord-med-4-lador-for-vardagsrum-och-sovrum-hogglans-vit-stilren-design-60-x-40-x-85cm\/#primaryimage"},"image":{"@id":"https:\/\/truusk.store\/sv\/produkt\/truusk-moderna-sidobord-med-4-lador-for-vardagsrum-och-sovrum-hogglans-vit-stilren-design-60-x-40-x-85cm\/#primaryimage"},"thumbnailUrl":"https:\/\/i0.wp.com\/truusk.store\/wp-content\/uploads\/2025\/06\/byra-sidobord-med-4-lador-byra-for-vardagsrum-sovrum-hogglans-vit-60-x-40-x-85cm-1.webp?fit=2000%2C2000&ssl=1","datePublished":"2025-06-05T23:26:34+00:00","dateModified":"2026-03-12T08:45:11+00:00","breadcrumb":{"@id":"https:\/\/truusk.store\/sv\/produkt\/truusk-moderna-sidobord-med-4-lador-for-vardagsrum-och-sovrum-hogglans-vit-stilren-design-60-x-40-x-85cm\/#breadcrumb"},"inLanguage":"sv-SE","potentialAction":[{"@type":"ReadAction","target":["https:\/\/truusk.store\/sv\/produkt\/truusk-moderna-sidobord-med-4-lador-for-vardagsrum-och-sovrum-hogglans-vit-stilren-design-60-x-40-x-85cm\/"]}]},{"@type":"ImageObject","inLanguage":"sv-SE","@id":"https:\/\/truusk.store\/sv\/produkt\/truusk-moderna-sidobord-med-4-lador-for-vardagsrum-och-sovrum-hogglans-vit-stilren-design-60-x-40-x-85cm\/#primaryimage","url":"https:\/\/i0.wp.com\/truusk.store\/wp-content\/uploads\/2025\/06\/byra-sidobord-med-4-lador-byra-for-vardagsrum-sovrum-hogglans-vit-60-x-40-x-85cm-1.webp?fit=2000%2C2000&ssl=1","contentUrl":"https:\/\/i0.wp.com\/truusk.store\/wp-content\/uploads\/2025\/06\/byra-sidobord-med-4-lador-byra-for-vardagsrum-sovrum-hogglans-vit-60-x-40-x-85cm-1.webp?fit=2000%2C2000&ssl=1","width":2000,"height":2000},{"@type":"BreadcrumbList","@id":"https:\/\/truusk.store\/sv\/produkt\/truusk-moderna-sidobord-med-4-lador-for-vardagsrum-och-sovrum-hogglans-vit-stilren-design-60-x-40-x-85cm\/#breadcrumb","itemListElement":[{"@type":"ListItem","position":1,"name":"Home","item":"https:\/\/truusk.store\/sv\/"},{"@type":"ListItem","position":2,"name":"Shop","item":"https:\/\/truusk.store\/shop\/"},{"@type":"ListItem","position":3,"name":"TRUUSK Moderna Sidobord Med 4 L\u00e5dor &#8211; F\u00f6r Vardagsrum och Sovrum &#8211; H\u00f6gglans Vit &#8211; Stilren Design &#8211; 60 x 40 x 85cm"}]},{"@type":"WebSite","@id":"https:\/\/truusk.store\/sv\/#website","url":"https:\/\/truusk.store\/sv\/","name":"TRUUSK - Hem, Tr\u00e4dg\u00e5rd & Fritid","description":"","publisher":{"@id":"https:\/\/truusk.store\/sv\/#organization"},"potentialAction":[{"@type":"SearchAction","target":{"@type":"EntryPoint","urlTemplate":"https:\/\/truusk.store\/sv\/?s={search_term_string}"},"query-input":{"@type":"PropertyValueSpecification","valueRequired":true,"valueName":"search_term_string"}}],"inLanguage":"sv-SE"},{"@type":"Organization","@id":"https:\/\/truusk.store\/sv\/#organization","name":"TRUUSK - Hem, Tr\u00e4dg\u00e5rd & Fritid","url":"https:\/\/truusk.store\/sv\/","logo":{"@type":"ImageObject","inLanguage":"sv-SE","@id":"https:\/\/truusk.store\/sv\/#\/schema\/logo\/image\/","url":"https:\/\/i0.wp.com\/truusk.store\/wp-content\/uploads\/2026\/03\/cropped-TRUUSK.png?fit=2032%2C917&ssl=1","contentUrl":"https:\/\/i0.wp.com\/truusk.store\/wp-content\/uploads\/2026\/03\/cropped-TRUUSK.png?fit=2032%2C917&ssl=1","width":2032,"height":917,"caption":"TRUUSK - Hem, Tr\u00e4dg\u00e5rd & Fritid"},"image":{"@id":"https:\/\/truusk.store\/sv\/#\/schema\/logo\/image\/"}}]}},"jetpack_sharing_enabled":true,"_links":{"self":[{"href":"https:\/\/truusk.store\/sv\/wp-json\/wp\/v2\/product\/73406","targetHints":{"allow":["GET"]}}],"collection":[{"href":"https:\/\/truusk.store\/sv\/wp-json\/wp\/v2\/product"}],"about":[{"href":"https:\/\/truusk.store\/sv\/wp-json\/wp\/v2\/types\/product"}],"wp:featuredmedia":[{"embeddable":true,"href":"https:\/\/truusk.store\/sv\/wp-json\/wp\/v2\/media\/73397"}],"wp:attachment":[{"href":"https:\/\/truusk.store\/sv\/wp-json\/wp\/v2\/media?parent=73406"}],"wp:term":[{"taxonomy":"product_brand","embeddable":true,"href":"https:\/\/truusk.store\/sv\/wp-json\/wp\/v2\/product_brand?post=73406"},{"taxonomy":"product_cat","embeddable":true,"href":"https:\/\/truusk.store\/sv\/wp-json\/wp\/v2\/product_cat?post=73406"},{"taxonomy":"product_tag","embeddable":true,"href":"https:\/\/truusk.store\/sv\/wp-json\/wp\/v2\/product_tag?post=73406"}],"curies":[{"name":"wp","href":"https:\/\/api.w.org\/{rel}","templated":true}]}}