{"id":73476,"date":"2025-06-06T00:33:41","date_gmt":"2025-06-05T23:33:41","guid":{"rendered":"https:\/\/truusk.store\/product\/badrumsskap-sidobord-badskap-med-lada-justerbara-hyllor-forvaringsskap-for-badrum-vardagsrum-30-x-30-x-82-cm-gra\/"},"modified":"2026-03-12T08:42:32","modified_gmt":"2026-03-12T07:42:32","slug":"truusk-badrumsskap-sidobord-med-lada-och-justerbara-hyllor-forvaringsskap-30x30x82-cm-gra","status":"publish","type":"product","link":"https:\/\/truusk.store\/sv\/produkt\/truusk-badrumsskap-sidobord-med-lada-och-justerbara-hyllor-forvaringsskap-30x30x82-cm-gra\/","title":{"rendered":"TRUUSK Badrumssk\u00e5p Sidobord &#8211; Med L\u00e5da och Justerbara Hyllor &#8211; F\u00f6rvaringssk\u00e5p 30x30x82 cm &#8211; Gr\u00e5"},"content":{"rendered":"<p>Upplev en touch av elegans i ditt utrymme med TRUUSK. Detta eleganta badrumssk\u00e5p i m\u00f6rkgr\u00e5tt med ljusgr\u00e5 d\u00f6rrar, dekorerade med pr\u00e4glade linjer, ger unik karakt\u00e4r till ditt badrum. Utrustad med en l\u00e5da upptill och ett sk\u00e5p nedtill, erbjuder det m\u00e5ngsidiga f\u00f6rvaringsm\u00f6jligheter tack vare det trefaldigt justerbara hyllan. Subtil, minimalistisk stil.<\/p>\n<p>Beskrivning:<\/p>\n<ul>\n<li> Best\u00e5r av en stor l\u00e5da och ett tv\u00e5stegs nedre sk\u00e5p<\/li>\n<li> Trefaldigt justerbart hylla i badrumssk\u00e5pet<\/li>\n<li> M\u00f6rkgr\u00e5 kropp och ljusgr\u00e5 d\u00f6rrar p\u00e5 badrumskommoden f\u00f6r en i\u00f6gonfallande design, med mjuk pr\u00e4gling f\u00f6r karakt\u00e4r<\/li>\n<li> Sl\u00e4ta, starka st\u00e5lh\u00e4ngsel<\/li>\n<li> Anti-tip remmar p\u00e5 sidobordet f\u00f6r s\u00e4kerhet ing\u00e5r<\/li>\n<li> Halkfria fotdynor skyddar golvet l\u00e4tt<\/li>\n<li> Maximal belastning 25 kg, montering kr\u00e4vs.<\/li>\n<\/ul>\n<p> Tekniska data:<\/p>\n<ul>\n<li> F\u00e4rg: Ljusgr\u00e5+M\u00f6rkgr\u00e5<\/li>\n<li> Material: Sp\u00e5nskiva<\/li>\n<li> Totala dimensioner: 30B x 30T x 82H cm<\/li>\n<li> Inre m\u00e5tt p\u00e5 l\u00e5dan: 21B x 23,5T x 8H cm<\/li>\n<li> Inre m\u00e5tt p\u00e5 sk\u00e5pet: 26,5B x 25,5T x 29H cm (varje niv\u00e5)<\/li>\n<li> B\u00e4rkapacitet: 25 kg (totalt), 10 kg (\u00f6vre), 5 kg (hylla\/l\u00e5da)<\/li>\n<\/ul>\n<p>Leveransinneh\u00e5ll:<\/p>\n<ul>\n<li> 1 x Badrumssk\u00e5p<\/li>\n<li> 1 x Handbok<\/li>\n<\/ul>\n","protected":false},"excerpt":{"rendered":"<p>Upplev en touch av elegans i ditt utrymme med TRUUSK. Detta eleganta badrumssk\u00e5p i m\u00f6rkgr\u00e5tt med ljusgr\u00e5 d\u00f6rrar, dekorerade med&#8230;<\/p>\n","protected":false},"featured_media":73467,"template":"","meta":[],"product_brand":[],"product_cat":[915,535,871],"product_tag":[],"class_list":{"0":"post-73476","1":"product","2":"type-product","3":"status-publish","4":"has-post-thumbnail","6":"product_cat-badrum","7":"product_cat-badrumsskap","8":"product_cat-hus-hem","10":"first","11":"instock","12":"sale","13":"taxable","14":"shipping-taxable","15":"purchasable","16":"product-type-simple"},"yoast_head":"<!-- This site is optimized with the Yoast SEO plugin v25.4 - https:\/\/yoast.com\/wordpress\/plugins\/seo\/ -->\n<title>TRUUSK Badrumssk\u00e5p Sidobord - Med L\u00e5da och Justerbara Hyllor - F\u00f6rvaringssk\u00e5p 30x30x82 cm - Gr\u00e5 - TRUUSK - Hem, Tr\u00e4dg\u00e5rd &amp; Fritid<\/title>\n<meta name=\"robots\" content=\"index, follow, max-snippet:-1, max-image-preview:large, max-video-preview:-1\" \/>\n<link rel=\"canonical\" href=\"https:\/\/truusk.store\/sv\/produkt\/truusk-badrumsskap-sidobord-med-lada-och-justerbara-hyllor-forvaringsskap-30x30x82-cm-gra\/\" \/>\n<meta property=\"og:locale\" content=\"sv_SE\" \/>\n<meta property=\"og:type\" content=\"article\" \/>\n<meta property=\"og:title\" content=\"TRUUSK Badrumssk\u00e5p Sidobord - Med L\u00e5da och Justerbara Hyllor - F\u00f6rvaringssk\u00e5p 30x30x82 cm - Gr\u00e5 - TRUUSK - Hem, Tr\u00e4dg\u00e5rd &amp; Fritid\" \/>\n<meta property=\"og:description\" content=\"Upplev en touch av elegans i ditt utrymme med TRUUSK. Detta eleganta badrumssk\u00e5p i m\u00f6rkgr\u00e5tt med ljusgr\u00e5 d\u00f6rrar, dekorerade med...\" \/>\n<meta property=\"og:url\" content=\"https:\/\/truusk.store\/sv\/produkt\/truusk-badrumsskap-sidobord-med-lada-och-justerbara-hyllor-forvaringsskap-30x30x82-cm-gra\/\" \/>\n<meta property=\"og:site_name\" content=\"TRUUSK - Hem, Tr\u00e4dg\u00e5rd &amp; Fritid\" \/>\n<meta property=\"article:modified_time\" content=\"2026-03-12T07:42:32+00:00\" \/>\n<meta property=\"og:image\" content=\"https:\/\/i0.wp.com\/truusk.se\/wp-content\/uploads\/2025\/06\/badrumsskap-sidobord-badskap-med-lada-justerbara-hyllor-forvaringsskap-for-badrum-vardagsrum-30-x-30-x-82-cm-gra-1.webp?fit=2000%2C2000&ssl=1\" \/>\n\t<meta property=\"og:image:width\" content=\"2000\" \/>\n\t<meta property=\"og:image:height\" content=\"2000\" \/>\n\t<meta property=\"og:image:type\" content=\"image\/webp\" \/>\n<meta name=\"twitter:card\" content=\"summary_large_image\" \/>\n<meta name=\"twitter:label1\" content=\"Ber\u00e4knad l\u00e4stid\" \/>\n\t<meta name=\"twitter:data1\" content=\"1 minut\" \/>\n<!-- \/ Yoast SEO plugin. -->","yoast_head_json":{"title":"TRUUSK Badrumssk\u00e5p Sidobord - Med L\u00e5da och Justerbara Hyllor - F\u00f6rvaringssk\u00e5p 30x30x82 cm - Gr\u00e5 - TRUUSK - Hem, Tr\u00e4dg\u00e5rd &amp; Fritid","robots":{"index":"index","follow":"follow","max-snippet":"max-snippet:-1","max-image-preview":"max-image-preview:large","max-video-preview":"max-video-preview:-1"},"canonical":"https:\/\/truusk.store\/sv\/produkt\/truusk-badrumsskap-sidobord-med-lada-och-justerbara-hyllor-forvaringsskap-30x30x82-cm-gra\/","og_locale":"sv_SE","og_type":"article","og_title":"TRUUSK Badrumssk\u00e5p Sidobord - Med L\u00e5da och Justerbara Hyllor - F\u00f6rvaringssk\u00e5p 30x30x82 cm - Gr\u00e5 - TRUUSK - Hem, Tr\u00e4dg\u00e5rd &amp; Fritid","og_description":"Upplev en touch av elegans i ditt utrymme med TRUUSK. Detta eleganta badrumssk\u00e5p i m\u00f6rkgr\u00e5tt med ljusgr\u00e5 d\u00f6rrar, dekorerade med...","og_url":"https:\/\/truusk.store\/sv\/produkt\/truusk-badrumsskap-sidobord-med-lada-och-justerbara-hyllor-forvaringsskap-30x30x82-cm-gra\/","og_site_name":"TRUUSK - Hem, Tr\u00e4dg\u00e5rd &amp; Fritid","article_modified_time":"2026-03-12T07:42:32+00:00","og_image":[{"width":2000,"height":2000,"url":"https:\/\/i0.wp.com\/truusk.se\/wp-content\/uploads\/2025\/06\/badrumsskap-sidobord-badskap-med-lada-justerbara-hyllor-forvaringsskap-for-badrum-vardagsrum-30-x-30-x-82-cm-gra-1.webp?fit=2000%2C2000&ssl=1","type":"image\/webp"}],"twitter_card":"summary_large_image","twitter_misc":{"Ber\u00e4knad l\u00e4stid":"1 minut"},"schema":{"@context":"https:\/\/schema.org","@graph":[{"@type":"WebPage","@id":"https:\/\/truusk.store\/sv\/produkt\/truusk-badrumsskap-sidobord-med-lada-och-justerbara-hyllor-forvaringsskap-30x30x82-cm-gra\/","url":"https:\/\/truusk.store\/sv\/produkt\/truusk-badrumsskap-sidobord-med-lada-och-justerbara-hyllor-forvaringsskap-30x30x82-cm-gra\/","name":"TRUUSK Badrumssk\u00e5p Sidobord - Med L\u00e5da och Justerbara Hyllor - F\u00f6rvaringssk\u00e5p 30x30x82 cm - Gr\u00e5 - TRUUSK - Hem, Tr\u00e4dg\u00e5rd &amp; Fritid","isPartOf":{"@id":"https:\/\/truusk.store\/sv\/#website"},"primaryImageOfPage":{"@id":"https:\/\/truusk.store\/sv\/produkt\/truusk-badrumsskap-sidobord-med-lada-och-justerbara-hyllor-forvaringsskap-30x30x82-cm-gra\/#primaryimage"},"image":{"@id":"https:\/\/truusk.store\/sv\/produkt\/truusk-badrumsskap-sidobord-med-lada-och-justerbara-hyllor-forvaringsskap-30x30x82-cm-gra\/#primaryimage"},"thumbnailUrl":"https:\/\/i0.wp.com\/truusk.store\/wp-content\/uploads\/2025\/06\/badrumsskap-sidobord-badskap-med-lada-justerbara-hyllor-forvaringsskap-for-badrum-vardagsrum-30-x-30-x-82-cm-gra-1.webp?fit=2000%2C2000&ssl=1","datePublished":"2025-06-05T23:33:41+00:00","dateModified":"2026-03-12T07:42:32+00:00","breadcrumb":{"@id":"https:\/\/truusk.store\/sv\/produkt\/truusk-badrumsskap-sidobord-med-lada-och-justerbara-hyllor-forvaringsskap-30x30x82-cm-gra\/#breadcrumb"},"inLanguage":"sv-SE","potentialAction":[{"@type":"ReadAction","target":["https:\/\/truusk.store\/sv\/produkt\/truusk-badrumsskap-sidobord-med-lada-och-justerbara-hyllor-forvaringsskap-30x30x82-cm-gra\/"]}]},{"@type":"ImageObject","inLanguage":"sv-SE","@id":"https:\/\/truusk.store\/sv\/produkt\/truusk-badrumsskap-sidobord-med-lada-och-justerbara-hyllor-forvaringsskap-30x30x82-cm-gra\/#primaryimage","url":"https:\/\/i0.wp.com\/truusk.store\/wp-content\/uploads\/2025\/06\/badrumsskap-sidobord-badskap-med-lada-justerbara-hyllor-forvaringsskap-for-badrum-vardagsrum-30-x-30-x-82-cm-gra-1.webp?fit=2000%2C2000&ssl=1","contentUrl":"https:\/\/i0.wp.com\/truusk.store\/wp-content\/uploads\/2025\/06\/badrumsskap-sidobord-badskap-med-lada-justerbara-hyllor-forvaringsskap-for-badrum-vardagsrum-30-x-30-x-82-cm-gra-1.webp?fit=2000%2C2000&ssl=1","width":2000,"height":2000},{"@type":"BreadcrumbList","@id":"https:\/\/truusk.store\/sv\/produkt\/truusk-badrumsskap-sidobord-med-lada-och-justerbara-hyllor-forvaringsskap-30x30x82-cm-gra\/#breadcrumb","itemListElement":[{"@type":"ListItem","position":1,"name":"Home","item":"https:\/\/truusk.store\/sv\/"},{"@type":"ListItem","position":2,"name":"Shop","item":"https:\/\/truusk.store\/shop\/"},{"@type":"ListItem","position":3,"name":"TRUUSK Badrumssk\u00e5p Sidobord &#8211; Med L\u00e5da och Justerbara Hyllor &#8211; F\u00f6rvaringssk\u00e5p 30x30x82 cm &#8211; Gr\u00e5"}]},{"@type":"WebSite","@id":"https:\/\/truusk.store\/sv\/#website","url":"https:\/\/truusk.store\/sv\/","name":"TRUUSK - Hem, Tr\u00e4dg\u00e5rd & Fritid","description":"","publisher":{"@id":"https:\/\/truusk.store\/sv\/#organization"},"potentialAction":[{"@type":"SearchAction","target":{"@type":"EntryPoint","urlTemplate":"https:\/\/truusk.store\/sv\/?s={search_term_string}"},"query-input":{"@type":"PropertyValueSpecification","valueRequired":true,"valueName":"search_term_string"}}],"inLanguage":"sv-SE"},{"@type":"Organization","@id":"https:\/\/truusk.store\/sv\/#organization","name":"TRUUSK - Hem, Tr\u00e4dg\u00e5rd & Fritid","url":"https:\/\/truusk.store\/sv\/","logo":{"@type":"ImageObject","inLanguage":"sv-SE","@id":"https:\/\/truusk.store\/sv\/#\/schema\/logo\/image\/","url":"https:\/\/i0.wp.com\/truusk.store\/wp-content\/uploads\/2026\/03\/cropped-TRUUSK.png?fit=2032%2C917&ssl=1","contentUrl":"https:\/\/i0.wp.com\/truusk.store\/wp-content\/uploads\/2026\/03\/cropped-TRUUSK.png?fit=2032%2C917&ssl=1","width":2032,"height":917,"caption":"TRUUSK - Hem, Tr\u00e4dg\u00e5rd & Fritid"},"image":{"@id":"https:\/\/truusk.store\/sv\/#\/schema\/logo\/image\/"}}]}},"jetpack_sharing_enabled":true,"_links":{"self":[{"href":"https:\/\/truusk.store\/sv\/wp-json\/wp\/v2\/product\/73476","targetHints":{"allow":["GET"]}}],"collection":[{"href":"https:\/\/truusk.store\/sv\/wp-json\/wp\/v2\/product"}],"about":[{"href":"https:\/\/truusk.store\/sv\/wp-json\/wp\/v2\/types\/product"}],"wp:featuredmedia":[{"embeddable":true,"href":"https:\/\/truusk.store\/sv\/wp-json\/wp\/v2\/media\/73467"}],"wp:attachment":[{"href":"https:\/\/truusk.store\/sv\/wp-json\/wp\/v2\/media?parent=73476"}],"wp:term":[{"taxonomy":"product_brand","embeddable":true,"href":"https:\/\/truusk.store\/sv\/wp-json\/wp\/v2\/product_brand?post=73476"},{"taxonomy":"product_cat","embeddable":true,"href":"https:\/\/truusk.store\/sv\/wp-json\/wp\/v2\/product_cat?post=73476"},{"taxonomy":"product_tag","embeddable":true,"href":"https:\/\/truusk.store\/sv\/wp-json\/wp\/v2\/product_tag?post=73476"}],"curies":[{"name":"wp","href":"https:\/\/api.w.org\/{rel}","templated":true}]}}