{"id":7348,"date":"2024-02-13T08:49:30","date_gmt":"2024-02-13T07:49:30","guid":{"rendered":"https:\/\/truusk.store\/product\/skrapstolpe-katttrad-tak-hogt-klattertrad-med-kattleksak-sisal-plysch-ljusgra-hojdjusterbar-60-x-40-x-225-255-cm\/"},"modified":"2026-03-12T08:55:31","modified_gmt":"2026-03-12T07:55:31","slug":"truusk-katttrad-takskrapstolpe-hogt-klattertrad-med-kattleksak-sisal-och-plysch-ljusgra-justerbar-hojd-60-x-40-x","status":"publish","type":"product","link":"https:\/\/truusk.store\/sv\/produkt\/truusk-katttrad-takskrapstolpe-hogt-klattertrad-med-kattleksak-sisal-och-plysch-ljusgra-justerbar-hojd-60-x-40-x\/","title":{"rendered":"TRUUSK Katttr\u00e4d Takskrapstolpe &#8211; H\u00f6gt Kl\u00e4ttertr\u00e4d med Kattleksak &#8211; Sisal och Plysch &#8211; Ljusgr\u00e5 &#8211; Justerbar H\u00f6jd &#8211; 60 x 40 x"},"content":{"rendered":"<p>Denna skrapstolpe \u00e4r en sovplats, lekplats och skrapstolpe i ett. Din katt kan leka, leka och vila p\u00e5 5 niv\u00e5er. Alla plattformar och grottor \u00e4r t\u00e4ckta med mjuk plysch. Tv\u00e5 sisalrepstolpar ger dina katter en m\u00f6jlighet att v\u00e4ssa klorna. Den plyschiga ovandelen \u00e4r avtagbar och tv\u00e4ttbar. Det h\u00e4r skrapinl\u00e4gget \u00e4r det perfekta hemmet f\u00f6r dina katter.<\/p>\n<h3>Beskrivning:<\/h3>\n<ul>\n<li>Skrapstolpen har en h\u00f6jd p\u00e5 225 till 255 cm<\/li>\n<li>Den kan f\u00e4stas i taket med den medf\u00f6ljande dragst\u00e5ngen<\/li>\n<li>Inlindad med naturligt sisalrep f\u00f6r att slipa klorna<\/li>\n<li>En ramp underl\u00e4ttar \u00e5tkomsten till katthuset<\/li>\n<li>Plattformarna och husen \u00e4r t\u00e4ckta med mjuk plysch<\/li>\n<li>Plyschfodralet \u00e4r avtagbart och tv\u00e4ttbart<\/li>\n<li>Den robusta sp\u00e5nskivakonstruktionen h\u00e5ller hela skrapstolpen stark och stabil<\/li>\n<li>L\u00e4mplig f\u00f6r katter upp till 4,5 kg<\/li>\n<li>Montering kr\u00e4vs<\/li>\n<\/ul>\n<h3>Teknisk data:<\/h3>\n<ul>\n<li>F\u00e4rg: ljusgr\u00e5<\/li>\n<li>Material: sp\u00e5nskiva, sisal, plysch<\/li>\n<li>\u00d6vergripande m\u00e5tt: 60L x 40W x 225-255H cm<\/li>\n<li>Basstorlek: 60L x 40W cm<\/li>\n<li>Storlek p\u00e5 kattl\u00e5dan i filttyg: 34L x 34W x 38H cm<\/li>\n<li>D\u00f6rrh\u00e5lsstorlek: 16L x 20H cm<\/li>\n<li>Storlek p\u00e5 v\u00e5ning 2: 44L x 38W cm<\/li>\n<li>Kattl\u00e5da av filttyg: 44L x 38W x 40H cm<\/li>\n<li>Storlek p\u00e5 det runda d\u00f6rrh\u00e5let: 16 cm<\/li>\n<li>Storlek p\u00e5 skrapbr\u00e4dan: 45L x 16W cm<\/li>\n<li>3:e v\u00e5ningens storlek: 38L x 38W cm<\/li>\n<li>Storlek 4:e v\u00e5ningen: 28 cm<\/li>\n<li>Kattl\u00e5da p\u00e5 5:e v\u00e5ningen: 34 x H29, d\u00f6rrh\u00e5lsstorlek: 16L x 20W cm<\/li>\n<li>Storlek 4:e v\u00e5ningen: 38 cm<\/li>\n<li>Sisalrepstolpar: 6,9 cm<\/li>\n<\/ul>\n<h3>Leveransens omfattning:<\/h3>\n<ul>\n<li>1 x skrapstolpe<\/li>\n<li>1 x Artikelinstruktioner<\/li>\n<\/ul>\n","protected":false},"excerpt":{"rendered":"<p>Denna skrapstolpe \u00e4r en sovplats, lekplats och skrapstolpe i ett. Din katt kan leka, leka och vila p\u00e5 5 niv\u00e5er&#8230;.<\/p>\n","protected":false},"featured_media":7349,"template":"","meta":[],"product_brand":[],"product_cat":[573,588,589],"product_tag":[],"class_list":{"0":"post-7348","1":"product","2":"type-product","3":"status-publish","4":"has-post-thumbnail","6":"product_cat-husdjursmaterial","7":"product_cat-katttillbehor","8":"product_cat-skrapande-inlagg","10":"first","11":"instock","12":"sale","13":"taxable","14":"shipping-taxable","15":"purchasable","16":"product-type-simple"},"yoast_head":"<!-- This site is optimized with the Yoast SEO plugin v25.4 - https:\/\/yoast.com\/wordpress\/plugins\/seo\/ -->\n<title>TRUUSK Katttr\u00e4d Takskrapstolpe - H\u00f6gt Kl\u00e4ttertr\u00e4d med Kattleksak - Sisal och Plysch - Ljusgr\u00e5 - Justerbar H\u00f6jd - 60 x 40 x - TRUUSK - Hem, Tr\u00e4dg\u00e5rd &amp; Fritid<\/title>\n<meta name=\"robots\" content=\"index, follow, max-snippet:-1, max-image-preview:large, max-video-preview:-1\" \/>\n<link rel=\"canonical\" href=\"https:\/\/truusk.store\/sv\/produkt\/truusk-katttrad-takskrapstolpe-hogt-klattertrad-med-kattleksak-sisal-och-plysch-ljusgra-justerbar-hojd-60-x-40-x\/\" \/>\n<meta property=\"og:locale\" content=\"sv_SE\" \/>\n<meta property=\"og:type\" content=\"article\" \/>\n<meta property=\"og:title\" content=\"TRUUSK Katttr\u00e4d Takskrapstolpe - H\u00f6gt Kl\u00e4ttertr\u00e4d med Kattleksak - Sisal och Plysch - Ljusgr\u00e5 - Justerbar H\u00f6jd - 60 x 40 x - TRUUSK - Hem, Tr\u00e4dg\u00e5rd &amp; Fritid\" \/>\n<meta property=\"og:description\" content=\"Denna skrapstolpe \u00e4r en sovplats, lekplats och skrapstolpe i ett. Din katt kan leka, leka och vila p\u00e5 5 niv\u00e5er....\" \/>\n<meta property=\"og:url\" content=\"https:\/\/truusk.store\/sv\/produkt\/truusk-katttrad-takskrapstolpe-hogt-klattertrad-med-kattleksak-sisal-och-plysch-ljusgra-justerbar-hojd-60-x-40-x\/\" \/>\n<meta property=\"og:site_name\" content=\"TRUUSK - Hem, Tr\u00e4dg\u00e5rd &amp; Fritid\" \/>\n<meta property=\"article:modified_time\" content=\"2026-03-12T07:55:31+00:00\" \/>\n<meta property=\"og:image\" content=\"https:\/\/i0.wp.com\/truusk.se\/wp-content\/uploads\/2024\/02\/skrapstolpe-katttrad-tak-hogt-klattertrad-med-kattleksak-sisal-plysch-ljusgra-hojdjusterbar-60-x-40-x-225-255-cm.webp?fit=800%2C800&ssl=1\" \/>\n\t<meta property=\"og:image:width\" content=\"800\" \/>\n\t<meta property=\"og:image:height\" content=\"800\" \/>\n\t<meta property=\"og:image:type\" content=\"image\/webp\" \/>\n<meta name=\"twitter:card\" content=\"summary_large_image\" \/>\n<meta name=\"twitter:label1\" content=\"Ber\u00e4knad l\u00e4stid\" \/>\n\t<meta name=\"twitter:data1\" content=\"1 minut\" \/>\n<!-- \/ Yoast SEO plugin. -->","yoast_head_json":{"title":"TRUUSK Katttr\u00e4d Takskrapstolpe - H\u00f6gt Kl\u00e4ttertr\u00e4d med Kattleksak - Sisal och Plysch - Ljusgr\u00e5 - Justerbar H\u00f6jd - 60 x 40 x - TRUUSK - Hem, Tr\u00e4dg\u00e5rd &amp; Fritid","robots":{"index":"index","follow":"follow","max-snippet":"max-snippet:-1","max-image-preview":"max-image-preview:large","max-video-preview":"max-video-preview:-1"},"canonical":"https:\/\/truusk.store\/sv\/produkt\/truusk-katttrad-takskrapstolpe-hogt-klattertrad-med-kattleksak-sisal-och-plysch-ljusgra-justerbar-hojd-60-x-40-x\/","og_locale":"sv_SE","og_type":"article","og_title":"TRUUSK Katttr\u00e4d Takskrapstolpe - H\u00f6gt Kl\u00e4ttertr\u00e4d med Kattleksak - Sisal och Plysch - Ljusgr\u00e5 - Justerbar H\u00f6jd - 60 x 40 x - TRUUSK - Hem, Tr\u00e4dg\u00e5rd &amp; Fritid","og_description":"Denna skrapstolpe \u00e4r en sovplats, lekplats och skrapstolpe i ett. Din katt kan leka, leka och vila p\u00e5 5 niv\u00e5er....","og_url":"https:\/\/truusk.store\/sv\/produkt\/truusk-katttrad-takskrapstolpe-hogt-klattertrad-med-kattleksak-sisal-och-plysch-ljusgra-justerbar-hojd-60-x-40-x\/","og_site_name":"TRUUSK - Hem, Tr\u00e4dg\u00e5rd &amp; Fritid","article_modified_time":"2026-03-12T07:55:31+00:00","og_image":[{"width":800,"height":800,"url":"https:\/\/i0.wp.com\/truusk.se\/wp-content\/uploads\/2024\/02\/skrapstolpe-katttrad-tak-hogt-klattertrad-med-kattleksak-sisal-plysch-ljusgra-hojdjusterbar-60-x-40-x-225-255-cm.webp?fit=800%2C800&ssl=1","type":"image\/webp"}],"twitter_card":"summary_large_image","twitter_misc":{"Ber\u00e4knad l\u00e4stid":"1 minut"},"schema":{"@context":"https:\/\/schema.org","@graph":[{"@type":"WebPage","@id":"https:\/\/truusk.store\/sv\/produkt\/truusk-katttrad-takskrapstolpe-hogt-klattertrad-med-kattleksak-sisal-och-plysch-ljusgra-justerbar-hojd-60-x-40-x\/","url":"https:\/\/truusk.store\/sv\/produkt\/truusk-katttrad-takskrapstolpe-hogt-klattertrad-med-kattleksak-sisal-och-plysch-ljusgra-justerbar-hojd-60-x-40-x\/","name":"TRUUSK Katttr\u00e4d Takskrapstolpe - H\u00f6gt Kl\u00e4ttertr\u00e4d med Kattleksak - Sisal och Plysch - Ljusgr\u00e5 - Justerbar H\u00f6jd - 60 x 40 x - TRUUSK - Hem, Tr\u00e4dg\u00e5rd &amp; Fritid","isPartOf":{"@id":"https:\/\/truusk.store\/sv\/#website"},"primaryImageOfPage":{"@id":"https:\/\/truusk.store\/sv\/produkt\/truusk-katttrad-takskrapstolpe-hogt-klattertrad-med-kattleksak-sisal-och-plysch-ljusgra-justerbar-hojd-60-x-40-x\/#primaryimage"},"image":{"@id":"https:\/\/truusk.store\/sv\/produkt\/truusk-katttrad-takskrapstolpe-hogt-klattertrad-med-kattleksak-sisal-och-plysch-ljusgra-justerbar-hojd-60-x-40-x\/#primaryimage"},"thumbnailUrl":"https:\/\/i0.wp.com\/truusk.store\/wp-content\/uploads\/2024\/02\/skrapstolpe-katttrad-tak-hogt-klattertrad-med-kattleksak-sisal-plysch-ljusgra-hojdjusterbar-60-x-40-x-225-255-cm.webp?fit=800%2C800&ssl=1","datePublished":"2024-02-13T07:49:30+00:00","dateModified":"2026-03-12T07:55:31+00:00","breadcrumb":{"@id":"https:\/\/truusk.store\/sv\/produkt\/truusk-katttrad-takskrapstolpe-hogt-klattertrad-med-kattleksak-sisal-och-plysch-ljusgra-justerbar-hojd-60-x-40-x\/#breadcrumb"},"inLanguage":"sv-SE","potentialAction":[{"@type":"ReadAction","target":["https:\/\/truusk.store\/sv\/produkt\/truusk-katttrad-takskrapstolpe-hogt-klattertrad-med-kattleksak-sisal-och-plysch-ljusgra-justerbar-hojd-60-x-40-x\/"]}]},{"@type":"ImageObject","inLanguage":"sv-SE","@id":"https:\/\/truusk.store\/sv\/produkt\/truusk-katttrad-takskrapstolpe-hogt-klattertrad-med-kattleksak-sisal-och-plysch-ljusgra-justerbar-hojd-60-x-40-x\/#primaryimage","url":"https:\/\/i0.wp.com\/truusk.store\/wp-content\/uploads\/2024\/02\/skrapstolpe-katttrad-tak-hogt-klattertrad-med-kattleksak-sisal-plysch-ljusgra-hojdjusterbar-60-x-40-x-225-255-cm.webp?fit=800%2C800&ssl=1","contentUrl":"https:\/\/i0.wp.com\/truusk.store\/wp-content\/uploads\/2024\/02\/skrapstolpe-katttrad-tak-hogt-klattertrad-med-kattleksak-sisal-plysch-ljusgra-hojdjusterbar-60-x-40-x-225-255-cm.webp?fit=800%2C800&ssl=1","width":800,"height":800,"caption":"Skrapstolpe Katttr\u00e4d Tak H\u00f6gt Kl\u00e4ttertr\u00e4d Med Kattleksak Sisal Plysch Ljusgr\u00e5 H\u00f6jdjusterbar 60 X 40 X 225-255 Cm 1"},{"@type":"BreadcrumbList","@id":"https:\/\/truusk.store\/sv\/produkt\/truusk-katttrad-takskrapstolpe-hogt-klattertrad-med-kattleksak-sisal-och-plysch-ljusgra-justerbar-hojd-60-x-40-x\/#breadcrumb","itemListElement":[{"@type":"ListItem","position":1,"name":"Home","item":"https:\/\/truusk.store\/sv\/"},{"@type":"ListItem","position":2,"name":"Shop","item":"https:\/\/truusk.store\/shop\/"},{"@type":"ListItem","position":3,"name":"TRUUSK Katttr\u00e4d Takskrapstolpe &#8211; H\u00f6gt Kl\u00e4ttertr\u00e4d med Kattleksak &#8211; Sisal och Plysch &#8211; Ljusgr\u00e5 &#8211; Justerbar H\u00f6jd &#8211; 60 x 40 x"}]},{"@type":"WebSite","@id":"https:\/\/truusk.store\/sv\/#website","url":"https:\/\/truusk.store\/sv\/","name":"TRUUSK - Hem, Tr\u00e4dg\u00e5rd & Fritid","description":"","publisher":{"@id":"https:\/\/truusk.store\/sv\/#organization"},"potentialAction":[{"@type":"SearchAction","target":{"@type":"EntryPoint","urlTemplate":"https:\/\/truusk.store\/sv\/?s={search_term_string}"},"query-input":{"@type":"PropertyValueSpecification","valueRequired":true,"valueName":"search_term_string"}}],"inLanguage":"sv-SE"},{"@type":"Organization","@id":"https:\/\/truusk.store\/sv\/#organization","name":"TRUUSK - Hem, Tr\u00e4dg\u00e5rd & Fritid","url":"https:\/\/truusk.store\/sv\/","logo":{"@type":"ImageObject","inLanguage":"sv-SE","@id":"https:\/\/truusk.store\/sv\/#\/schema\/logo\/image\/","url":"https:\/\/i0.wp.com\/truusk.store\/wp-content\/uploads\/2026\/03\/cropped-TRUUSK.png?fit=2032%2C917&ssl=1","contentUrl":"https:\/\/i0.wp.com\/truusk.store\/wp-content\/uploads\/2026\/03\/cropped-TRUUSK.png?fit=2032%2C917&ssl=1","width":2032,"height":917,"caption":"TRUUSK - Hem, Tr\u00e4dg\u00e5rd & Fritid"},"image":{"@id":"https:\/\/truusk.store\/sv\/#\/schema\/logo\/image\/"}}]}},"jetpack_sharing_enabled":true,"_links":{"self":[{"href":"https:\/\/truusk.store\/sv\/wp-json\/wp\/v2\/product\/7348","targetHints":{"allow":["GET"]}}],"collection":[{"href":"https:\/\/truusk.store\/sv\/wp-json\/wp\/v2\/product"}],"about":[{"href":"https:\/\/truusk.store\/sv\/wp-json\/wp\/v2\/types\/product"}],"wp:featuredmedia":[{"embeddable":true,"href":"https:\/\/truusk.store\/sv\/wp-json\/wp\/v2\/media\/7349"}],"wp:attachment":[{"href":"https:\/\/truusk.store\/sv\/wp-json\/wp\/v2\/media?parent=7348"}],"wp:term":[{"taxonomy":"product_brand","embeddable":true,"href":"https:\/\/truusk.store\/sv\/wp-json\/wp\/v2\/product_brand?post=7348"},{"taxonomy":"product_cat","embeddable":true,"href":"https:\/\/truusk.store\/sv\/wp-json\/wp\/v2\/product_cat?post=7348"},{"taxonomy":"product_tag","embeddable":true,"href":"https:\/\/truusk.store\/sv\/wp-json\/wp\/v2\/product_tag?post=7348"}],"curies":[{"name":"wp","href":"https:\/\/api.w.org\/{rel}","templated":true}]}}