{"id":73486,"date":"2025-06-06T00:34:36","date_gmt":"2025-06-05T23:34:36","guid":{"rendered":"https:\/\/truusk.store\/product\/tradgardsbord-i-stal-150x90-cm-vaderbestandigt-balkongbord-med-parasollhal-lamelldesign-buffebord-campingbord-for-6-personer-terrassbord-utomhus-matbord-for-tradgard-terrass-balkong-svart\/"},"modified":"2026-03-12T09:34:10","modified_gmt":"2026-03-12T08:34:10","slug":"truusk-tradgardsbord-i-stal-150x90-cm-vaderbestandigt-parasollhal-lamelldesign-buffebord-for-6-personer-utomhus-matbord","status":"publish","type":"product","link":"https:\/\/truusk.store\/sv\/produkt\/truusk-tradgardsbord-i-stal-150x90-cm-vaderbestandigt-parasollhal-lamelldesign-buffebord-for-6-personer-utomhus-matbord\/","title":{"rendered":"TRUUSK Tr\u00e4dg\u00e5rdsbord i St\u00e5l 150&#215;90 cm &#8211; V\u00e4derbest\u00e4ndigt &#8211; Parasollh\u00e5l &#8211; Lamelldesign &#8211; Buff\u00e9bord f\u00f6r 6 personer &#8211; Utomhus Matbord"},"content":{"rendered":"<p>Den robusta TRUUSK tr\u00e4dg\u00e5rdsbordet med parasollh\u00e5l, tillverkad av galvaniserat st\u00e5l med pulverlackering, \u00e4r idealisk f\u00f6r din tr\u00e4dg\u00e5rd. Det v\u00e4derbest\u00e4ndiga tr\u00e4dg\u00e5rdsbordet har ett \u00d842mm h\u00e5l f\u00f6r ett solparasoll, vilket ger skugga n\u00e4r du sitter. Det lilla tr\u00e4dg\u00e5rdsbordet, ocks\u00e5 tillverkat av galvaniserat st\u00e5l, \u00e4r h\u00e5llbart f\u00f6r l\u00e5ngvarig anv\u00e4ndning.<\/p>\n<p>Beskrivning:<\/p>\n<ul>\n<li> 150 x 90 cm yta p\u00e5 tr\u00e4dg\u00e5rdsbordet rymmer upp till sex personer<\/li>\n<li> Lamelldesignen p\u00e5 tr\u00e4dg\u00e5rdsbordet f\u00f6rhindrar vattenansamlingar<\/li>\n<li> \u00d842 mm mitt h\u00e5l f\u00f6r f\u00e4stning av ett solparasoll<\/li>\n<li> Pulverlackerad, galvaniserad st\u00e5lstruktur av terrassbordet \u00e4r stark och h\u00e5llbar<\/li>\n<li> Fotdynor skyddar ditt golv mot repor<\/li>\n<li> Enkel montering<\/li>\n<\/ul>\n<p> Tekniska data:<\/p>\n<ul>\n<li> F\u00e4rg: Svart<\/li>\n<li> Material: Galvaniserat st\u00e5l<\/li>\n<li> Totala dimensioner: 150L x 90B x 73H cm<\/li>\n<li> Parasollh\u00e5lets diameter: \u00d842 mm<\/li>\n<li> Passande parasolldiameter: 40\/38 mm<\/li>\n<li> Belastningskapacitet: 50 kg<\/li>\n<\/ul>\n<p>Leveransinneh\u00e5ll:<\/p>\n<ul>\n<li> 1 x Tr\u00e4dg\u00e5rdsmatbord<\/li>\n<li> 1 x Bruksanvisning<\/li>\n<li>VIKTIGT:Vi levererar artikeln till dig kostnadsfritt till trottoarkanten. Var v\u00e4nlig och se till att adressen och telefonnumret \u00e4r korrekt..<\/li>\n<\/ul>\n","protected":false},"excerpt":{"rendered":"<p>Den robusta TRUUSK tr\u00e4dg\u00e5rdsbordet med parasollh\u00e5l, tillverkad av galvaniserat st\u00e5l med pulverlackering, \u00e4r idealisk f\u00f6r din tr\u00e4dg\u00e5rd. Det v\u00e4derbest\u00e4ndiga tr\u00e4dg\u00e5rdsbordet&#8230;<\/p>\n","protected":false},"featured_media":73477,"template":"","meta":[],"product_brand":[],"product_cat":[858,457,450],"product_tag":[],"class_list":{"0":"post-73486","1":"product","2":"type-product","3":"status-publish","4":"has-post-thumbnail","6":"product_cat-tradgard-terrass","7":"product_cat-tradgardsbord","8":"product_cat-tradgardsmobler","10":"first","11":"instock","12":"sale","13":"taxable","14":"shipping-taxable","15":"purchasable","16":"product-type-simple"},"yoast_head":"<!-- This site is optimized with the Yoast SEO plugin v25.4 - https:\/\/yoast.com\/wordpress\/plugins\/seo\/ -->\n<title>TRUUSK Tr\u00e4dg\u00e5rdsbord i St\u00e5l 150x90 cm - V\u00e4derbest\u00e4ndigt - Parasollh\u00e5l - Lamelldesign - Buff\u00e9bord f\u00f6r 6 personer - Utomhus Matbord - TRUUSK - Hem, Tr\u00e4dg\u00e5rd &amp; Fritid<\/title>\n<meta name=\"robots\" content=\"index, follow, max-snippet:-1, max-image-preview:large, max-video-preview:-1\" \/>\n<link rel=\"canonical\" href=\"https:\/\/truusk.store\/sv\/produkt\/truusk-tradgardsbord-i-stal-150x90-cm-vaderbestandigt-parasollhal-lamelldesign-buffebord-for-6-personer-utomhus-matbord\/\" \/>\n<meta property=\"og:locale\" content=\"sv_SE\" \/>\n<meta property=\"og:type\" content=\"article\" \/>\n<meta property=\"og:title\" content=\"TRUUSK Tr\u00e4dg\u00e5rdsbord i St\u00e5l 150x90 cm - V\u00e4derbest\u00e4ndigt - Parasollh\u00e5l - Lamelldesign - Buff\u00e9bord f\u00f6r 6 personer - Utomhus Matbord - TRUUSK - Hem, Tr\u00e4dg\u00e5rd &amp; Fritid\" \/>\n<meta property=\"og:description\" content=\"Den robusta TRUUSK tr\u00e4dg\u00e5rdsbordet med parasollh\u00e5l, tillverkad av galvaniserat st\u00e5l med pulverlackering, \u00e4r idealisk f\u00f6r din tr\u00e4dg\u00e5rd. Det v\u00e4derbest\u00e4ndiga tr\u00e4dg\u00e5rdsbordet...\" \/>\n<meta property=\"og:url\" content=\"https:\/\/truusk.store\/sv\/produkt\/truusk-tradgardsbord-i-stal-150x90-cm-vaderbestandigt-parasollhal-lamelldesign-buffebord-for-6-personer-utomhus-matbord\/\" \/>\n<meta property=\"og:site_name\" content=\"TRUUSK - Hem, Tr\u00e4dg\u00e5rd &amp; Fritid\" \/>\n<meta property=\"article:modified_time\" content=\"2026-03-12T08:34:10+00:00\" \/>\n<meta property=\"og:image\" content=\"https:\/\/i0.wp.com\/truusk.se\/wp-content\/uploads\/2025\/06\/tradgardsbord-i-stal-150x90-cm-vaderbestandigt-balkongbord-med-parasollhal-lamelldesign-buffebord-campingbord-for-6-personer-terrassbord-utomhus-matbord-for-tradgard-terrass-balkong-svart-1.webp?fit=2000%2C2000&ssl=1\" \/>\n\t<meta property=\"og:image:width\" content=\"2000\" \/>\n\t<meta property=\"og:image:height\" content=\"2000\" \/>\n\t<meta property=\"og:image:type\" content=\"image\/webp\" \/>\n<meta name=\"twitter:card\" content=\"summary_large_image\" \/>\n<meta name=\"twitter:label1\" content=\"Ber\u00e4knad l\u00e4stid\" \/>\n\t<meta name=\"twitter:data1\" content=\"1 minut\" \/>\n<!-- \/ Yoast SEO plugin. -->","yoast_head_json":{"title":"TRUUSK Tr\u00e4dg\u00e5rdsbord i St\u00e5l 150x90 cm - V\u00e4derbest\u00e4ndigt - Parasollh\u00e5l - Lamelldesign - Buff\u00e9bord f\u00f6r 6 personer - Utomhus Matbord - TRUUSK - Hem, Tr\u00e4dg\u00e5rd &amp; Fritid","robots":{"index":"index","follow":"follow","max-snippet":"max-snippet:-1","max-image-preview":"max-image-preview:large","max-video-preview":"max-video-preview:-1"},"canonical":"https:\/\/truusk.store\/sv\/produkt\/truusk-tradgardsbord-i-stal-150x90-cm-vaderbestandigt-parasollhal-lamelldesign-buffebord-for-6-personer-utomhus-matbord\/","og_locale":"sv_SE","og_type":"article","og_title":"TRUUSK Tr\u00e4dg\u00e5rdsbord i St\u00e5l 150x90 cm - V\u00e4derbest\u00e4ndigt - Parasollh\u00e5l - Lamelldesign - Buff\u00e9bord f\u00f6r 6 personer - Utomhus Matbord - TRUUSK - Hem, Tr\u00e4dg\u00e5rd &amp; Fritid","og_description":"Den robusta TRUUSK tr\u00e4dg\u00e5rdsbordet med parasollh\u00e5l, tillverkad av galvaniserat st\u00e5l med pulverlackering, \u00e4r idealisk f\u00f6r din tr\u00e4dg\u00e5rd. Det v\u00e4derbest\u00e4ndiga tr\u00e4dg\u00e5rdsbordet...","og_url":"https:\/\/truusk.store\/sv\/produkt\/truusk-tradgardsbord-i-stal-150x90-cm-vaderbestandigt-parasollhal-lamelldesign-buffebord-for-6-personer-utomhus-matbord\/","og_site_name":"TRUUSK - Hem, Tr\u00e4dg\u00e5rd &amp; Fritid","article_modified_time":"2026-03-12T08:34:10+00:00","og_image":[{"width":2000,"height":2000,"url":"https:\/\/i0.wp.com\/truusk.se\/wp-content\/uploads\/2025\/06\/tradgardsbord-i-stal-150x90-cm-vaderbestandigt-balkongbord-med-parasollhal-lamelldesign-buffebord-campingbord-for-6-personer-terrassbord-utomhus-matbord-for-tradgard-terrass-balkong-svart-1.webp?fit=2000%2C2000&ssl=1","type":"image\/webp"}],"twitter_card":"summary_large_image","twitter_misc":{"Ber\u00e4knad l\u00e4stid":"1 minut"},"schema":{"@context":"https:\/\/schema.org","@graph":[{"@type":"WebPage","@id":"https:\/\/truusk.store\/sv\/produkt\/truusk-tradgardsbord-i-stal-150x90-cm-vaderbestandigt-parasollhal-lamelldesign-buffebord-for-6-personer-utomhus-matbord\/","url":"https:\/\/truusk.store\/sv\/produkt\/truusk-tradgardsbord-i-stal-150x90-cm-vaderbestandigt-parasollhal-lamelldesign-buffebord-for-6-personer-utomhus-matbord\/","name":"TRUUSK Tr\u00e4dg\u00e5rdsbord i St\u00e5l 150x90 cm - V\u00e4derbest\u00e4ndigt - Parasollh\u00e5l - Lamelldesign - Buff\u00e9bord f\u00f6r 6 personer - Utomhus Matbord - TRUUSK - Hem, Tr\u00e4dg\u00e5rd &amp; Fritid","isPartOf":{"@id":"https:\/\/truusk.store\/sv\/#website"},"primaryImageOfPage":{"@id":"https:\/\/truusk.store\/sv\/produkt\/truusk-tradgardsbord-i-stal-150x90-cm-vaderbestandigt-parasollhal-lamelldesign-buffebord-for-6-personer-utomhus-matbord\/#primaryimage"},"image":{"@id":"https:\/\/truusk.store\/sv\/produkt\/truusk-tradgardsbord-i-stal-150x90-cm-vaderbestandigt-parasollhal-lamelldesign-buffebord-for-6-personer-utomhus-matbord\/#primaryimage"},"thumbnailUrl":"https:\/\/i0.wp.com\/truusk.store\/wp-content\/uploads\/2025\/06\/tradgardsbord-i-stal-150x90-cm-vaderbestandigt-balkongbord-med-parasollhal-lamelldesign-buffebord-campingbord-for-6-personer-terrassbord-utomhus-matbord-for-tradgard-terrass-balkong-svart-1.webp?fit=2000%2C2000&ssl=1","datePublished":"2025-06-05T23:34:36+00:00","dateModified":"2026-03-12T08:34:10+00:00","breadcrumb":{"@id":"https:\/\/truusk.store\/sv\/produkt\/truusk-tradgardsbord-i-stal-150x90-cm-vaderbestandigt-parasollhal-lamelldesign-buffebord-for-6-personer-utomhus-matbord\/#breadcrumb"},"inLanguage":"sv-SE","potentialAction":[{"@type":"ReadAction","target":["https:\/\/truusk.store\/sv\/produkt\/truusk-tradgardsbord-i-stal-150x90-cm-vaderbestandigt-parasollhal-lamelldesign-buffebord-for-6-personer-utomhus-matbord\/"]}]},{"@type":"ImageObject","inLanguage":"sv-SE","@id":"https:\/\/truusk.store\/sv\/produkt\/truusk-tradgardsbord-i-stal-150x90-cm-vaderbestandigt-parasollhal-lamelldesign-buffebord-for-6-personer-utomhus-matbord\/#primaryimage","url":"https:\/\/i0.wp.com\/truusk.store\/wp-content\/uploads\/2025\/06\/tradgardsbord-i-stal-150x90-cm-vaderbestandigt-balkongbord-med-parasollhal-lamelldesign-buffebord-campingbord-for-6-personer-terrassbord-utomhus-matbord-for-tradgard-terrass-balkong-svart-1.webp?fit=2000%2C2000&ssl=1","contentUrl":"https:\/\/i0.wp.com\/truusk.store\/wp-content\/uploads\/2025\/06\/tradgardsbord-i-stal-150x90-cm-vaderbestandigt-balkongbord-med-parasollhal-lamelldesign-buffebord-campingbord-for-6-personer-terrassbord-utomhus-matbord-for-tradgard-terrass-balkong-svart-1.webp?fit=2000%2C2000&ssl=1","width":2000,"height":2000},{"@type":"BreadcrumbList","@id":"https:\/\/truusk.store\/sv\/produkt\/truusk-tradgardsbord-i-stal-150x90-cm-vaderbestandigt-parasollhal-lamelldesign-buffebord-for-6-personer-utomhus-matbord\/#breadcrumb","itemListElement":[{"@type":"ListItem","position":1,"name":"Home","item":"https:\/\/truusk.store\/sv\/"},{"@type":"ListItem","position":2,"name":"Shop","item":"https:\/\/truusk.store\/shop\/"},{"@type":"ListItem","position":3,"name":"TRUUSK Tr\u00e4dg\u00e5rdsbord i St\u00e5l 150&#215;90 cm &#8211; V\u00e4derbest\u00e4ndigt &#8211; Parasollh\u00e5l &#8211; Lamelldesign &#8211; Buff\u00e9bord f\u00f6r 6 personer &#8211; Utomhus Matbord"}]},{"@type":"WebSite","@id":"https:\/\/truusk.store\/sv\/#website","url":"https:\/\/truusk.store\/sv\/","name":"TRUUSK - Hem, Tr\u00e4dg\u00e5rd & Fritid","description":"","publisher":{"@id":"https:\/\/truusk.store\/sv\/#organization"},"potentialAction":[{"@type":"SearchAction","target":{"@type":"EntryPoint","urlTemplate":"https:\/\/truusk.store\/sv\/?s={search_term_string}"},"query-input":{"@type":"PropertyValueSpecification","valueRequired":true,"valueName":"search_term_string"}}],"inLanguage":"sv-SE"},{"@type":"Organization","@id":"https:\/\/truusk.store\/sv\/#organization","name":"TRUUSK - Hem, Tr\u00e4dg\u00e5rd & Fritid","url":"https:\/\/truusk.store\/sv\/","logo":{"@type":"ImageObject","inLanguage":"sv-SE","@id":"https:\/\/truusk.store\/sv\/#\/schema\/logo\/image\/","url":"https:\/\/i0.wp.com\/truusk.store\/wp-content\/uploads\/2026\/03\/cropped-TRUUSK.png?fit=2032%2C917&ssl=1","contentUrl":"https:\/\/i0.wp.com\/truusk.store\/wp-content\/uploads\/2026\/03\/cropped-TRUUSK.png?fit=2032%2C917&ssl=1","width":2032,"height":917,"caption":"TRUUSK - Hem, Tr\u00e4dg\u00e5rd & Fritid"},"image":{"@id":"https:\/\/truusk.store\/sv\/#\/schema\/logo\/image\/"}}]}},"jetpack_sharing_enabled":true,"_links":{"self":[{"href":"https:\/\/truusk.store\/sv\/wp-json\/wp\/v2\/product\/73486","targetHints":{"allow":["GET"]}}],"collection":[{"href":"https:\/\/truusk.store\/sv\/wp-json\/wp\/v2\/product"}],"about":[{"href":"https:\/\/truusk.store\/sv\/wp-json\/wp\/v2\/types\/product"}],"wp:featuredmedia":[{"embeddable":true,"href":"https:\/\/truusk.store\/sv\/wp-json\/wp\/v2\/media\/73477"}],"wp:attachment":[{"href":"https:\/\/truusk.store\/sv\/wp-json\/wp\/v2\/media?parent=73486"}],"wp:term":[{"taxonomy":"product_brand","embeddable":true,"href":"https:\/\/truusk.store\/sv\/wp-json\/wp\/v2\/product_brand?post=73486"},{"taxonomy":"product_cat","embeddable":true,"href":"https:\/\/truusk.store\/sv\/wp-json\/wp\/v2\/product_cat?post=73486"},{"taxonomy":"product_tag","embeddable":true,"href":"https:\/\/truusk.store\/sv\/wp-json\/wp\/v2\/product_tag?post=73486"}],"curies":[{"name":"wp","href":"https:\/\/api.w.org\/{rel}","templated":true}]}}