{"id":73506,"date":"2025-06-06T00:36:42","date_gmt":"2025-06-05T23:36:42","guid":{"rendered":"https:\/\/truusk.store\/product\/aiyaplay-rullande-barn-hopfallbar-barnscooter-med-justerbar-styrehojd-2-lysande-hjul-handbroms-bakbroms-sparkcykel-scooter-for-3-8-ar-barn-rosa\/"},"modified":"2026-03-12T08:40:53","modified_gmt":"2026-03-12T07:40:53","slug":"truusk-hopfallbar-barnscooter-med-justerbar-styrehojd-2-lysande-hjul-handbroms-bakbroms-sparkcykel-scooter-for-3-8-ar","status":"publish","type":"product","link":"https:\/\/truusk.store\/sv\/produkt\/truusk-hopfallbar-barnscooter-med-justerbar-styrehojd-2-lysande-hjul-handbroms-bakbroms-sparkcykel-scooter-for-3-8-ar\/","title":{"rendered":"TRUUSK Hopf\u00e4llbar Barnscooter med Justerbar Styreh\u00f6jd &#8211; 2 Lysande Hjul &#8211; Handbroms &amp; Bakbroms &#8211; Sparkcykel Scooter f\u00f6r 3-8 \u00c5r"},"content":{"rendered":"<p>AIYAPLAY Cityroller garanterar snabbt n\u00f6je! Perfekt designad f\u00f6r unga \u00e4ventyrare mellan 3-8 \u00e5r, v\u00e4xer den justerbara sparkcykeln fr\u00e5n 73-89 cm med ditt barn. Den stabila metallramen klarar upp till 50 kg, och sparkcykelns magnetdrivna kraft-hjul lyser desto starkare ju snabbare de snurrar &#8211; helt utan batterier. Dessutom \u00e4r den l\u00e4tt att f\u00e4lla ihop f\u00f6r platsbesparande f\u00f6rvaring. P\u00e5 era platser, redo, k\u00f6r!<\/p>\n<p>Beskrivning:<\/p>\n<ul>\n<li> Justerbart handtag p\u00e5 barnsparkcykeln passar f\u00f6r barn fr\u00e5n 3 till 8 \u00e5r<\/li>\n<li> Stabil metallram b\u00e4r upp till 50 kg<\/li>\n<li> Cool, f\u00e4rgstark design med sj\u00e4lvf\u00f6rs\u00f6rjande ljusa lampor<\/li>\n<li> Stora 145 mm hjul och ABEC-7 lager f\u00f6r mjuka \u00e5kturer<\/li>\n<li> Dubbelt bromssystem p\u00e5 sparkcykeln \u00f6kar s\u00e4kerheten<\/li>\n<li> L\u00e4tt att f\u00e4lla ihop och f\u00f6rvara i bagageutrymmet<\/li>\n<li> Inkluderar fotst\u00f6d f\u00f6r enkel parkering<\/li>\n<li> Montering kr\u00e4vs<\/li>\n<\/ul>\n<p> Tekniska data:<\/p>\n<ul>\n<li> F\u00e4rg: Rosa<\/li>\n<li> Material: Plast, Metall<\/li>\n<li> Totala dimensioner: 73L x 36B x 73-89H cm<\/li>\n<li> Vikta dimensioner: 68L x 12B x 23H cm<\/li>\n<li> Justerbar h\u00f6jd: 73\/78\/84\/89H cm (handtag)<\/li>\n<li> Br\u00e4dstorlek: 48L x 10H cm, 8 cm (h\u00f6jd fr\u00e5n marken)<\/li>\n<li> Hjuldiameter: \u00d814,5 cm<\/li>\n<li> Maximal belastning: 50 kg<\/li>\n<li> L\u00e4mplig storlek: 100-120 cm<\/li>\n<li> Godk\u00e4nd \u00e5lder: 3+ \u00e5r<\/li>\n<li> Rekommenderad \u00e5lder: 3-8 \u00e5r<\/li>\n<\/ul>\n<p>Leveransinneh\u00e5ll:<\/p>\n<ul>\n<li> 1 x Barnsparkcykel<\/li>\n<li> 1 x Bruksanvisning<\/li>\n<\/ul>\n","protected":false},"excerpt":{"rendered":"<p>AIYAPLAY Cityroller garanterar snabbt n\u00f6je! Perfekt designad f\u00f6r unga \u00e4ventyrare mellan 3-8 \u00e5r, v\u00e4xer den justerbara sparkcykeln fr\u00e5n 73-89 cm&#8230;<\/p>\n","protected":false},"featured_media":73497,"template":"","meta":[],"product_brand":[],"product_cat":[880,610,1010],"product_tag":[],"class_list":{"0":"post-73506","1":"product","2":"type-product","3":"status-publish","4":"has-post-thumbnail","6":"product_cat-baby-barn-2","7":"product_cat-barnfordon","8":"product_cat-sparkcyklar","10":"first","11":"instock","12":"sale","13":"taxable","14":"shipping-taxable","15":"purchasable","16":"product-type-simple"},"yoast_head":"<!-- This site is optimized with the Yoast SEO plugin v25.4 - https:\/\/yoast.com\/wordpress\/plugins\/seo\/ -->\n<title>TRUUSK Hopf\u00e4llbar Barnscooter med Justerbar Styreh\u00f6jd - 2 Lysande Hjul - Handbroms &amp; Bakbroms - Sparkcykel Scooter f\u00f6r 3-8 \u00c5r - TRUUSK - Hem, Tr\u00e4dg\u00e5rd &amp; Fritid<\/title>\n<meta name=\"robots\" content=\"index, follow, max-snippet:-1, max-image-preview:large, max-video-preview:-1\" \/>\n<link rel=\"canonical\" href=\"https:\/\/truusk.store\/sv\/produkt\/truusk-hopfallbar-barnscooter-med-justerbar-styrehojd-2-lysande-hjul-handbroms-bakbroms-sparkcykel-scooter-for-3-8-ar\/\" \/>\n<meta property=\"og:locale\" content=\"sv_SE\" \/>\n<meta property=\"og:type\" content=\"article\" \/>\n<meta property=\"og:title\" content=\"TRUUSK Hopf\u00e4llbar Barnscooter med Justerbar Styreh\u00f6jd - 2 Lysande Hjul - Handbroms &amp; Bakbroms - Sparkcykel Scooter f\u00f6r 3-8 \u00c5r - TRUUSK - Hem, Tr\u00e4dg\u00e5rd &amp; Fritid\" \/>\n<meta property=\"og:description\" content=\"AIYAPLAY Cityroller garanterar snabbt n\u00f6je! Perfekt designad f\u00f6r unga \u00e4ventyrare mellan 3-8 \u00e5r, v\u00e4xer den justerbara sparkcykeln fr\u00e5n 73-89 cm...\" \/>\n<meta property=\"og:url\" content=\"https:\/\/truusk.store\/sv\/produkt\/truusk-hopfallbar-barnscooter-med-justerbar-styrehojd-2-lysande-hjul-handbroms-bakbroms-sparkcykel-scooter-for-3-8-ar\/\" \/>\n<meta property=\"og:site_name\" content=\"TRUUSK - Hem, Tr\u00e4dg\u00e5rd &amp; Fritid\" \/>\n<meta property=\"article:modified_time\" content=\"2026-03-12T07:40:53+00:00\" \/>\n<meta property=\"og:image\" content=\"https:\/\/i0.wp.com\/truusk.se\/wp-content\/uploads\/2025\/06\/aiyaplay-rullande-barn-hopfallbar-barnscooter-med-justerbar-styrehojd-2-lysande-hjul-handbroms-bakbroms-sparkcykel-scooter-for-3-8-ar-barn-rosa-1.webp?fit=2000%2C2000&ssl=1\" \/>\n\t<meta property=\"og:image:width\" content=\"2000\" \/>\n\t<meta property=\"og:image:height\" content=\"2000\" \/>\n\t<meta property=\"og:image:type\" content=\"image\/webp\" \/>\n<meta name=\"twitter:card\" content=\"summary_large_image\" \/>\n<meta name=\"twitter:label1\" content=\"Ber\u00e4knad l\u00e4stid\" \/>\n\t<meta name=\"twitter:data1\" content=\"1 minut\" \/>\n<!-- \/ Yoast SEO plugin. -->","yoast_head_json":{"title":"TRUUSK Hopf\u00e4llbar Barnscooter med Justerbar Styreh\u00f6jd - 2 Lysande Hjul - Handbroms &amp; Bakbroms - Sparkcykel Scooter f\u00f6r 3-8 \u00c5r - TRUUSK - Hem, Tr\u00e4dg\u00e5rd &amp; Fritid","robots":{"index":"index","follow":"follow","max-snippet":"max-snippet:-1","max-image-preview":"max-image-preview:large","max-video-preview":"max-video-preview:-1"},"canonical":"https:\/\/truusk.store\/sv\/produkt\/truusk-hopfallbar-barnscooter-med-justerbar-styrehojd-2-lysande-hjul-handbroms-bakbroms-sparkcykel-scooter-for-3-8-ar\/","og_locale":"sv_SE","og_type":"article","og_title":"TRUUSK Hopf\u00e4llbar Barnscooter med Justerbar Styreh\u00f6jd - 2 Lysande Hjul - Handbroms &amp; Bakbroms - Sparkcykel Scooter f\u00f6r 3-8 \u00c5r - TRUUSK - Hem, Tr\u00e4dg\u00e5rd &amp; Fritid","og_description":"AIYAPLAY Cityroller garanterar snabbt n\u00f6je! Perfekt designad f\u00f6r unga \u00e4ventyrare mellan 3-8 \u00e5r, v\u00e4xer den justerbara sparkcykeln fr\u00e5n 73-89 cm...","og_url":"https:\/\/truusk.store\/sv\/produkt\/truusk-hopfallbar-barnscooter-med-justerbar-styrehojd-2-lysande-hjul-handbroms-bakbroms-sparkcykel-scooter-for-3-8-ar\/","og_site_name":"TRUUSK - Hem, Tr\u00e4dg\u00e5rd &amp; Fritid","article_modified_time":"2026-03-12T07:40:53+00:00","og_image":[{"width":2000,"height":2000,"url":"https:\/\/i0.wp.com\/truusk.se\/wp-content\/uploads\/2025\/06\/aiyaplay-rullande-barn-hopfallbar-barnscooter-med-justerbar-styrehojd-2-lysande-hjul-handbroms-bakbroms-sparkcykel-scooter-for-3-8-ar-barn-rosa-1.webp?fit=2000%2C2000&ssl=1","type":"image\/webp"}],"twitter_card":"summary_large_image","twitter_misc":{"Ber\u00e4knad l\u00e4stid":"1 minut"},"schema":{"@context":"https:\/\/schema.org","@graph":[{"@type":"WebPage","@id":"https:\/\/truusk.store\/sv\/produkt\/truusk-hopfallbar-barnscooter-med-justerbar-styrehojd-2-lysande-hjul-handbroms-bakbroms-sparkcykel-scooter-for-3-8-ar\/","url":"https:\/\/truusk.store\/sv\/produkt\/truusk-hopfallbar-barnscooter-med-justerbar-styrehojd-2-lysande-hjul-handbroms-bakbroms-sparkcykel-scooter-for-3-8-ar\/","name":"TRUUSK Hopf\u00e4llbar Barnscooter med Justerbar Styreh\u00f6jd - 2 Lysande Hjul - Handbroms &amp; Bakbroms - Sparkcykel Scooter f\u00f6r 3-8 \u00c5r - TRUUSK - Hem, Tr\u00e4dg\u00e5rd &amp; Fritid","isPartOf":{"@id":"https:\/\/truusk.store\/sv\/#website"},"primaryImageOfPage":{"@id":"https:\/\/truusk.store\/sv\/produkt\/truusk-hopfallbar-barnscooter-med-justerbar-styrehojd-2-lysande-hjul-handbroms-bakbroms-sparkcykel-scooter-for-3-8-ar\/#primaryimage"},"image":{"@id":"https:\/\/truusk.store\/sv\/produkt\/truusk-hopfallbar-barnscooter-med-justerbar-styrehojd-2-lysande-hjul-handbroms-bakbroms-sparkcykel-scooter-for-3-8-ar\/#primaryimage"},"thumbnailUrl":"https:\/\/i0.wp.com\/truusk.store\/wp-content\/uploads\/2025\/06\/aiyaplay-rullande-barn-hopfallbar-barnscooter-med-justerbar-styrehojd-2-lysande-hjul-handbroms-bakbroms-sparkcykel-scooter-for-3-8-ar-barn-rosa-1.webp?fit=2000%2C2000&ssl=1","datePublished":"2025-06-05T23:36:42+00:00","dateModified":"2026-03-12T07:40:53+00:00","breadcrumb":{"@id":"https:\/\/truusk.store\/sv\/produkt\/truusk-hopfallbar-barnscooter-med-justerbar-styrehojd-2-lysande-hjul-handbroms-bakbroms-sparkcykel-scooter-for-3-8-ar\/#breadcrumb"},"inLanguage":"sv-SE","potentialAction":[{"@type":"ReadAction","target":["https:\/\/truusk.store\/sv\/produkt\/truusk-hopfallbar-barnscooter-med-justerbar-styrehojd-2-lysande-hjul-handbroms-bakbroms-sparkcykel-scooter-for-3-8-ar\/"]}]},{"@type":"ImageObject","inLanguage":"sv-SE","@id":"https:\/\/truusk.store\/sv\/produkt\/truusk-hopfallbar-barnscooter-med-justerbar-styrehojd-2-lysande-hjul-handbroms-bakbroms-sparkcykel-scooter-for-3-8-ar\/#primaryimage","url":"https:\/\/i0.wp.com\/truusk.store\/wp-content\/uploads\/2025\/06\/aiyaplay-rullande-barn-hopfallbar-barnscooter-med-justerbar-styrehojd-2-lysande-hjul-handbroms-bakbroms-sparkcykel-scooter-for-3-8-ar-barn-rosa-1.webp?fit=2000%2C2000&ssl=1","contentUrl":"https:\/\/i0.wp.com\/truusk.store\/wp-content\/uploads\/2025\/06\/aiyaplay-rullande-barn-hopfallbar-barnscooter-med-justerbar-styrehojd-2-lysande-hjul-handbroms-bakbroms-sparkcykel-scooter-for-3-8-ar-barn-rosa-1.webp?fit=2000%2C2000&ssl=1","width":2000,"height":2000},{"@type":"BreadcrumbList","@id":"https:\/\/truusk.store\/sv\/produkt\/truusk-hopfallbar-barnscooter-med-justerbar-styrehojd-2-lysande-hjul-handbroms-bakbroms-sparkcykel-scooter-for-3-8-ar\/#breadcrumb","itemListElement":[{"@type":"ListItem","position":1,"name":"Home","item":"https:\/\/truusk.store\/sv\/"},{"@type":"ListItem","position":2,"name":"Shop","item":"https:\/\/truusk.store\/shop\/"},{"@type":"ListItem","position":3,"name":"TRUUSK Hopf\u00e4llbar Barnscooter med Justerbar Styreh\u00f6jd &#8211; 2 Lysande Hjul &#8211; Handbroms &amp; Bakbroms &#8211; Sparkcykel Scooter f\u00f6r 3-8 \u00c5r"}]},{"@type":"WebSite","@id":"https:\/\/truusk.store\/sv\/#website","url":"https:\/\/truusk.store\/sv\/","name":"TRUUSK - Hem, Tr\u00e4dg\u00e5rd & Fritid","description":"","publisher":{"@id":"https:\/\/truusk.store\/sv\/#organization"},"potentialAction":[{"@type":"SearchAction","target":{"@type":"EntryPoint","urlTemplate":"https:\/\/truusk.store\/sv\/?s={search_term_string}"},"query-input":{"@type":"PropertyValueSpecification","valueRequired":true,"valueName":"search_term_string"}}],"inLanguage":"sv-SE"},{"@type":"Organization","@id":"https:\/\/truusk.store\/sv\/#organization","name":"TRUUSK - Hem, Tr\u00e4dg\u00e5rd & Fritid","url":"https:\/\/truusk.store\/sv\/","logo":{"@type":"ImageObject","inLanguage":"sv-SE","@id":"https:\/\/truusk.store\/sv\/#\/schema\/logo\/image\/","url":"https:\/\/i0.wp.com\/truusk.store\/wp-content\/uploads\/2026\/03\/cropped-TRUUSK.png?fit=2032%2C917&ssl=1","contentUrl":"https:\/\/i0.wp.com\/truusk.store\/wp-content\/uploads\/2026\/03\/cropped-TRUUSK.png?fit=2032%2C917&ssl=1","width":2032,"height":917,"caption":"TRUUSK - Hem, Tr\u00e4dg\u00e5rd & Fritid"},"image":{"@id":"https:\/\/truusk.store\/sv\/#\/schema\/logo\/image\/"}}]}},"jetpack_sharing_enabled":true,"_links":{"self":[{"href":"https:\/\/truusk.store\/sv\/wp-json\/wp\/v2\/product\/73506","targetHints":{"allow":["GET"]}}],"collection":[{"href":"https:\/\/truusk.store\/sv\/wp-json\/wp\/v2\/product"}],"about":[{"href":"https:\/\/truusk.store\/sv\/wp-json\/wp\/v2\/types\/product"}],"wp:featuredmedia":[{"embeddable":true,"href":"https:\/\/truusk.store\/sv\/wp-json\/wp\/v2\/media\/73497"}],"wp:attachment":[{"href":"https:\/\/truusk.store\/sv\/wp-json\/wp\/v2\/media?parent=73506"}],"wp:term":[{"taxonomy":"product_brand","embeddable":true,"href":"https:\/\/truusk.store\/sv\/wp-json\/wp\/v2\/product_brand?post=73506"},{"taxonomy":"product_cat","embeddable":true,"href":"https:\/\/truusk.store\/sv\/wp-json\/wp\/v2\/product_cat?post=73506"},{"taxonomy":"product_tag","embeddable":true,"href":"https:\/\/truusk.store\/sv\/wp-json\/wp\/v2\/product_tag?post=73506"}],"curies":[{"name":"wp","href":"https:\/\/api.w.org\/{rel}","templated":true}]}}