{"id":73546,"date":"2025-06-06T00:40:37","date_gmt":"2025-06-05T23:40:37","guid":{"rendered":"https:\/\/truusk.store\/product\/hogbadd-i-stal-vaderbestandig-planteringsbadd-tidig-badd-tradgardsbadd-blomlada-rostfri-planteringslada-planteringskarl-120x60x305-cm-for-tradgard-balkong-gronsaksbadd-for-blommor-vaxter-gr\/"},"modified":"2026-03-12T09:46:49","modified_gmt":"2026-03-12T08:46:49","slug":"truusk-rostfri-planteringsbadd-120x60x305-cm-vaderbestandig-tidig-badd-for-tradgard-och-balkong-for-blommor-och-gronsaker","status":"publish","type":"product","link":"https:\/\/truusk.store\/sv\/produkt\/truusk-rostfri-planteringsbadd-120x60x305-cm-vaderbestandig-tidig-badd-for-tradgard-och-balkong-for-blommor-och-gronsaker\/","title":{"rendered":"TRUUSK Rostfri Planteringsb\u00e4dd 120x60x30,5 Cm &#8211; V\u00e4derbest\u00e4ndig &#8211; Tidig B\u00e4dd &#8211; F\u00f6r Tr\u00e4dg\u00e5rd och Balkong &#8211; F\u00f6r Blommor och Gr\u00f6nsaker"},"content":{"rendered":"<p>Om du vill arrangera olika sorters v\u00e4xter eller blommor och bara har lite utrymme p\u00e5 din terrass eller tr\u00e4dg\u00e5rd, \u00e4r TRUUSK h\u00f6g s\u00e4ng det perfekta valet. Tack vare de extra djupa sidov\u00e4ggarna och den \u00f6ppna botten kan du odla djupt rotade gr\u00f6nsaker utan att beh\u00f6va oroa dig f\u00f6r vattenstagnation. Skaffa dessa tr\u00e4dg\u00e5rdar ovanf\u00f6r marken och h\u00e5ll din tr\u00e4dg\u00e5rd ordnad med TRUUSK.<\/p>\n<p>Beskrivning:<\/p>\n<ul>\n<li> Robust st\u00e5lkonstruktion av bloml\u00e5dan med vattenavvisande bel\u00e4ggning f\u00f6r l\u00e5ngvarig anv\u00e4ndning<\/li>\n<li> Extra djup \u00f6rttr\u00e4dg\u00e5rd planteringsl\u00e5da (30 cm), skyddar v\u00e4xter mot yttre p\u00e5verkan och ogr\u00e4s<\/li>\n<li> \u00d6ppen botten f\u00f6r dr\u00e4nering, idealisk f\u00f6r v\u00e4xter med l\u00e5nga r\u00f6tter<\/li>\n<li> V\u00e4derbest\u00e4ndig h\u00f6g s\u00e4ng gjord av galvaniserat st\u00e5l<\/li>\n<li> Montering kr\u00e4vs<\/li>\n<\/ul>\n<p> Tekniska data:<\/p>\n<ul>\n<li> F\u00e4rg: Gr\u00f6n<\/li>\n<li> Material: Galvaniserat st\u00e5l<\/li>\n<li> Totala dimensioner: 120L x 60B x 30,5H cm<\/li>\n<li> Liten platta dimensioner: 53,5L x 30B cm<\/li>\n<li> Stor platta dimensioner: 113L x 30B cm<\/li>\n<li> Anslutningsflik: 30,5L x 9B cm<\/li>\n<\/ul>\n<p>Ing\u00e5r i leveransen:<\/p>\n<ul>\n<li> 1 x Tr\u00e4dg\u00e5rdsb\u00e4dd<\/li>\n<li> 1 x Instruktioner<\/li>\n<\/ul>\n","protected":false},"excerpt":{"rendered":"<p>Om du vill arrangera olika sorters v\u00e4xter eller blommor och bara har lite utrymme p\u00e5 din terrass eller tr\u00e4dg\u00e5rd, \u00e4r&#8230;<\/p>\n","protected":false},"featured_media":73536,"template":"","meta":[],"product_brand":[],"product_cat":[922,858,443],"product_tag":[],"class_list":{"0":"post-73546","1":"product","2":"type-product","3":"status-publish","4":"has-post-thumbnail","6":"product_cat-planteringskarl","7":"product_cat-tradgard-terrass","8":"product_cat-vaxthus-tradgardsskotsel","10":"first","11":"instock","12":"sale","13":"taxable","14":"shipping-taxable","15":"purchasable","16":"product-type-simple"},"yoast_head":"<!-- This site is optimized with the Yoast SEO plugin v25.4 - https:\/\/yoast.com\/wordpress\/plugins\/seo\/ -->\n<title>TRUUSK Rostfri Planteringsb\u00e4dd 120x60x30,5 Cm - V\u00e4derbest\u00e4ndig - Tidig B\u00e4dd - F\u00f6r Tr\u00e4dg\u00e5rd och Balkong - F\u00f6r Blommor och Gr\u00f6nsaker - TRUUSK - Hem, Tr\u00e4dg\u00e5rd &amp; Fritid<\/title>\n<meta name=\"robots\" content=\"index, follow, max-snippet:-1, max-image-preview:large, max-video-preview:-1\" \/>\n<link rel=\"canonical\" href=\"https:\/\/truusk.store\/sv\/produkt\/truusk-rostfri-planteringsbadd-120x60x305-cm-vaderbestandig-tidig-badd-for-tradgard-och-balkong-for-blommor-och-gronsaker\/\" \/>\n<meta property=\"og:locale\" content=\"sv_SE\" \/>\n<meta property=\"og:type\" content=\"article\" \/>\n<meta property=\"og:title\" content=\"TRUUSK Rostfri Planteringsb\u00e4dd 120x60x30,5 Cm - V\u00e4derbest\u00e4ndig - Tidig B\u00e4dd - F\u00f6r Tr\u00e4dg\u00e5rd och Balkong - F\u00f6r Blommor och Gr\u00f6nsaker - TRUUSK - Hem, Tr\u00e4dg\u00e5rd &amp; Fritid\" \/>\n<meta property=\"og:description\" content=\"Om du vill arrangera olika sorters v\u00e4xter eller blommor och bara har lite utrymme p\u00e5 din terrass eller tr\u00e4dg\u00e5rd, \u00e4r...\" \/>\n<meta property=\"og:url\" content=\"https:\/\/truusk.store\/sv\/produkt\/truusk-rostfri-planteringsbadd-120x60x305-cm-vaderbestandig-tidig-badd-for-tradgard-och-balkong-for-blommor-och-gronsaker\/\" \/>\n<meta property=\"og:site_name\" content=\"TRUUSK - Hem, Tr\u00e4dg\u00e5rd &amp; Fritid\" \/>\n<meta property=\"article:modified_time\" content=\"2026-03-12T08:46:49+00:00\" \/>\n<meta property=\"og:image\" content=\"https:\/\/i0.wp.com\/truusk.se\/wp-content\/uploads\/2025\/06\/hogbadd-i-stal-vaderbestandig-planteringsbadd-tidig-badd-tradgardsbadd-blomlada-rostfri-planteringslada-planteringskarl-120x60x305-cm-for-tradgard-balkong-gronsaksbadd-for-blommor-vaxter-gr-1.webp?fit=2000%2C2000&ssl=1\" \/>\n\t<meta property=\"og:image:width\" content=\"2000\" \/>\n\t<meta property=\"og:image:height\" content=\"2000\" \/>\n\t<meta property=\"og:image:type\" content=\"image\/webp\" \/>\n<meta name=\"twitter:card\" content=\"summary_large_image\" \/>\n<meta name=\"twitter:label1\" content=\"Ber\u00e4knad l\u00e4stid\" \/>\n\t<meta name=\"twitter:data1\" content=\"1 minut\" \/>\n<!-- \/ Yoast SEO plugin. -->","yoast_head_json":{"title":"TRUUSK Rostfri Planteringsb\u00e4dd 120x60x30,5 Cm - V\u00e4derbest\u00e4ndig - Tidig B\u00e4dd - F\u00f6r Tr\u00e4dg\u00e5rd och Balkong - F\u00f6r Blommor och Gr\u00f6nsaker - TRUUSK - Hem, Tr\u00e4dg\u00e5rd &amp; Fritid","robots":{"index":"index","follow":"follow","max-snippet":"max-snippet:-1","max-image-preview":"max-image-preview:large","max-video-preview":"max-video-preview:-1"},"canonical":"https:\/\/truusk.store\/sv\/produkt\/truusk-rostfri-planteringsbadd-120x60x305-cm-vaderbestandig-tidig-badd-for-tradgard-och-balkong-for-blommor-och-gronsaker\/","og_locale":"sv_SE","og_type":"article","og_title":"TRUUSK Rostfri Planteringsb\u00e4dd 120x60x30,5 Cm - V\u00e4derbest\u00e4ndig - Tidig B\u00e4dd - F\u00f6r Tr\u00e4dg\u00e5rd och Balkong - F\u00f6r Blommor och Gr\u00f6nsaker - TRUUSK - Hem, Tr\u00e4dg\u00e5rd &amp; Fritid","og_description":"Om du vill arrangera olika sorters v\u00e4xter eller blommor och bara har lite utrymme p\u00e5 din terrass eller tr\u00e4dg\u00e5rd, \u00e4r...","og_url":"https:\/\/truusk.store\/sv\/produkt\/truusk-rostfri-planteringsbadd-120x60x305-cm-vaderbestandig-tidig-badd-for-tradgard-och-balkong-for-blommor-och-gronsaker\/","og_site_name":"TRUUSK - Hem, Tr\u00e4dg\u00e5rd &amp; Fritid","article_modified_time":"2026-03-12T08:46:49+00:00","og_image":[{"width":2000,"height":2000,"url":"https:\/\/i0.wp.com\/truusk.se\/wp-content\/uploads\/2025\/06\/hogbadd-i-stal-vaderbestandig-planteringsbadd-tidig-badd-tradgardsbadd-blomlada-rostfri-planteringslada-planteringskarl-120x60x305-cm-for-tradgard-balkong-gronsaksbadd-for-blommor-vaxter-gr-1.webp?fit=2000%2C2000&ssl=1","type":"image\/webp"}],"twitter_card":"summary_large_image","twitter_misc":{"Ber\u00e4knad l\u00e4stid":"1 minut"},"schema":{"@context":"https:\/\/schema.org","@graph":[{"@type":"WebPage","@id":"https:\/\/truusk.store\/sv\/produkt\/truusk-rostfri-planteringsbadd-120x60x305-cm-vaderbestandig-tidig-badd-for-tradgard-och-balkong-for-blommor-och-gronsaker\/","url":"https:\/\/truusk.store\/sv\/produkt\/truusk-rostfri-planteringsbadd-120x60x305-cm-vaderbestandig-tidig-badd-for-tradgard-och-balkong-for-blommor-och-gronsaker\/","name":"TRUUSK Rostfri Planteringsb\u00e4dd 120x60x30,5 Cm - V\u00e4derbest\u00e4ndig - Tidig B\u00e4dd - F\u00f6r Tr\u00e4dg\u00e5rd och Balkong - F\u00f6r Blommor och Gr\u00f6nsaker - TRUUSK - Hem, Tr\u00e4dg\u00e5rd &amp; Fritid","isPartOf":{"@id":"https:\/\/truusk.store\/sv\/#website"},"primaryImageOfPage":{"@id":"https:\/\/truusk.store\/sv\/produkt\/truusk-rostfri-planteringsbadd-120x60x305-cm-vaderbestandig-tidig-badd-for-tradgard-och-balkong-for-blommor-och-gronsaker\/#primaryimage"},"image":{"@id":"https:\/\/truusk.store\/sv\/produkt\/truusk-rostfri-planteringsbadd-120x60x305-cm-vaderbestandig-tidig-badd-for-tradgard-och-balkong-for-blommor-och-gronsaker\/#primaryimage"},"thumbnailUrl":"https:\/\/i0.wp.com\/truusk.store\/wp-content\/uploads\/2025\/06\/hogbadd-i-stal-vaderbestandig-planteringsbadd-tidig-badd-tradgardsbadd-blomlada-rostfri-planteringslada-planteringskarl-120x60x305-cm-for-tradgard-balkong-gronsaksbadd-for-blommor-vaxter-gr-1.webp?fit=2000%2C2000&ssl=1","datePublished":"2025-06-05T23:40:37+00:00","dateModified":"2026-03-12T08:46:49+00:00","breadcrumb":{"@id":"https:\/\/truusk.store\/sv\/produkt\/truusk-rostfri-planteringsbadd-120x60x305-cm-vaderbestandig-tidig-badd-for-tradgard-och-balkong-for-blommor-och-gronsaker\/#breadcrumb"},"inLanguage":"sv-SE","potentialAction":[{"@type":"ReadAction","target":["https:\/\/truusk.store\/sv\/produkt\/truusk-rostfri-planteringsbadd-120x60x305-cm-vaderbestandig-tidig-badd-for-tradgard-och-balkong-for-blommor-och-gronsaker\/"]}]},{"@type":"ImageObject","inLanguage":"sv-SE","@id":"https:\/\/truusk.store\/sv\/produkt\/truusk-rostfri-planteringsbadd-120x60x305-cm-vaderbestandig-tidig-badd-for-tradgard-och-balkong-for-blommor-och-gronsaker\/#primaryimage","url":"https:\/\/i0.wp.com\/truusk.store\/wp-content\/uploads\/2025\/06\/hogbadd-i-stal-vaderbestandig-planteringsbadd-tidig-badd-tradgardsbadd-blomlada-rostfri-planteringslada-planteringskarl-120x60x305-cm-for-tradgard-balkong-gronsaksbadd-for-blommor-vaxter-gr-1.webp?fit=2000%2C2000&ssl=1","contentUrl":"https:\/\/i0.wp.com\/truusk.store\/wp-content\/uploads\/2025\/06\/hogbadd-i-stal-vaderbestandig-planteringsbadd-tidig-badd-tradgardsbadd-blomlada-rostfri-planteringslada-planteringskarl-120x60x305-cm-for-tradgard-balkong-gronsaksbadd-for-blommor-vaxter-gr-1.webp?fit=2000%2C2000&ssl=1","width":2000,"height":2000},{"@type":"BreadcrumbList","@id":"https:\/\/truusk.store\/sv\/produkt\/truusk-rostfri-planteringsbadd-120x60x305-cm-vaderbestandig-tidig-badd-for-tradgard-och-balkong-for-blommor-och-gronsaker\/#breadcrumb","itemListElement":[{"@type":"ListItem","position":1,"name":"Home","item":"https:\/\/truusk.store\/sv\/"},{"@type":"ListItem","position":2,"name":"Shop","item":"https:\/\/truusk.store\/shop\/"},{"@type":"ListItem","position":3,"name":"TRUUSK Rostfri Planteringsb\u00e4dd 120x60x30,5 Cm &#8211; V\u00e4derbest\u00e4ndig &#8211; Tidig B\u00e4dd &#8211; F\u00f6r Tr\u00e4dg\u00e5rd och Balkong &#8211; F\u00f6r Blommor och Gr\u00f6nsaker"}]},{"@type":"WebSite","@id":"https:\/\/truusk.store\/sv\/#website","url":"https:\/\/truusk.store\/sv\/","name":"TRUUSK - Hem, Tr\u00e4dg\u00e5rd & Fritid","description":"","publisher":{"@id":"https:\/\/truusk.store\/sv\/#organization"},"potentialAction":[{"@type":"SearchAction","target":{"@type":"EntryPoint","urlTemplate":"https:\/\/truusk.store\/sv\/?s={search_term_string}"},"query-input":{"@type":"PropertyValueSpecification","valueRequired":true,"valueName":"search_term_string"}}],"inLanguage":"sv-SE"},{"@type":"Organization","@id":"https:\/\/truusk.store\/sv\/#organization","name":"TRUUSK - Hem, Tr\u00e4dg\u00e5rd & Fritid","url":"https:\/\/truusk.store\/sv\/","logo":{"@type":"ImageObject","inLanguage":"sv-SE","@id":"https:\/\/truusk.store\/sv\/#\/schema\/logo\/image\/","url":"https:\/\/i0.wp.com\/truusk.store\/wp-content\/uploads\/2026\/03\/cropped-TRUUSK.png?fit=2032%2C917&ssl=1","contentUrl":"https:\/\/i0.wp.com\/truusk.store\/wp-content\/uploads\/2026\/03\/cropped-TRUUSK.png?fit=2032%2C917&ssl=1","width":2032,"height":917,"caption":"TRUUSK - Hem, Tr\u00e4dg\u00e5rd & Fritid"},"image":{"@id":"https:\/\/truusk.store\/sv\/#\/schema\/logo\/image\/"}}]}},"jetpack_sharing_enabled":true,"_links":{"self":[{"href":"https:\/\/truusk.store\/sv\/wp-json\/wp\/v2\/product\/73546","targetHints":{"allow":["GET"]}}],"collection":[{"href":"https:\/\/truusk.store\/sv\/wp-json\/wp\/v2\/product"}],"about":[{"href":"https:\/\/truusk.store\/sv\/wp-json\/wp\/v2\/types\/product"}],"wp:featuredmedia":[{"embeddable":true,"href":"https:\/\/truusk.store\/sv\/wp-json\/wp\/v2\/media\/73536"}],"wp:attachment":[{"href":"https:\/\/truusk.store\/sv\/wp-json\/wp\/v2\/media?parent=73546"}],"wp:term":[{"taxonomy":"product_brand","embeddable":true,"href":"https:\/\/truusk.store\/sv\/wp-json\/wp\/v2\/product_brand?post=73546"},{"taxonomy":"product_cat","embeddable":true,"href":"https:\/\/truusk.store\/sv\/wp-json\/wp\/v2\/product_cat?post=73546"},{"taxonomy":"product_tag","embeddable":true,"href":"https:\/\/truusk.store\/sv\/wp-json\/wp\/v2\/product_tag?post=73546"}],"curies":[{"name":"wp","href":"https:\/\/api.w.org\/{rel}","templated":true}]}}