{"id":73586,"date":"2025-06-06T00:44:33","date_gmt":"2025-06-05T23:44:33","guid":{"rendered":"https:\/\/truusk.store\/product\/hogbadd-i-stal-vaderbestandig-planteringsbadd-med-anti-skarkant-tidig-badd-tradgardsbadd-rostfri-planteringslada-planteringskarl-240-x-120-x-30-cm-for-tradgard-balkong-gronsaksbadd-for-blommor\/"},"modified":"2026-03-12T09:46:22","modified_gmt":"2026-03-12T08:46:22","slug":"truusk-rostfri-planteringsbadd-vaderbestandig-anti-skarkant-240x120x30-cm-for-tradgard-och-balkong-perfekt-for-blommor","status":"publish","type":"product","link":"https:\/\/truusk.store\/sv\/produkt\/truusk-rostfri-planteringsbadd-vaderbestandig-anti-skarkant-240x120x30-cm-for-tradgard-och-balkong-perfekt-for-blommor\/","title":{"rendered":"TRUUSK Rostfri Planteringsb\u00e4dd &#8211; V\u00e4derbest\u00e4ndig &#8211; Anti-sk\u00e4rkant &#8211; 240x120x30 cm &#8211; F\u00f6r Tr\u00e4dg\u00e5rd och Balkong &#8211; Perfekt f\u00f6r Blommor"},"content":{"rendered":"<p>Upplev tr\u00e4dg\u00e5rdsarbete p\u00e5 nytt med TRUUSK h\u00f6gkvarter f\u00f6r tr\u00e4dg\u00e5rd. Med ett djup p\u00e5 30 cm erbjuder denna \u00f6rttr\u00e4dg\u00e5rd plats f\u00f6r 828 L jord, idealisk f\u00f6r medelstora till djupt rotade v\u00e4xter. Det galvaniserade st\u00e5let med pulverlackering \u00e4r rostresistent och extremt v\u00e4derbest\u00e4ndigt. Stabiliserande inre balkar och h\u00f6rnf\u00f6rst\u00e4rkningar samt en \u00f6ppen botten med optimal dr\u00e4nering av blomsterb\u00e4dden st\u00f6djer kraftig v\u00e4xttillv\u00e4xt.<\/p>\n<p>Beskrivning:<\/p>\n<ul>\n<li> 30 cm djup, passar denna planteringsl\u00e5da f\u00f6r utomhusv\u00e4xter, gr\u00f6nsaker, blommor<\/li>\n<li> Galvaniserad st\u00e5lram med pulverlackering f\u00f6r h\u00e5llbarhet<\/li>\n<li> Inre st\u00f6dbj\u00e4lkar och h\u00f6rnpl\u00e5tar av tr\u00e4dg\u00e5rdsh\u00f6jden f\u00f6rb\u00e4ttrar den totala stabiliteten<\/li>\n<li> \u00d6ppen botten design av tr\u00e4dg\u00e5rdsh\u00f6jden underl\u00e4ttar dr\u00e4nering och rotv\u00e4xt<\/li>\n<li> Anti-sk\u00e4rkant f\u00f6r s\u00e4kerhet vid hantering<\/li>\n<li> Enkel montering, v\u00e4nligen anv\u00e4nd handskar under installationen.<\/li>\n<\/ul>\n<p> Tekniska data:<\/p>\n<ul>\n<li> F\u00e4rg: Silver<\/li>\n<li> Material: Galvaniserat st\u00e5l<\/li>\n<li> Totala dimensioner: 240L x 120B x 30H cm<\/li>\n<li> Inre storlek p\u00e5 planteringsk\u00e4rlet: 237L x 116,5B x 30H cm<\/li>\n<\/ul>\n<p>Leveransinneh\u00e5ll:<\/p>\n<ul>\n<li> 1 x H\u00f6gkvarter<\/li>\n<li> 1 x Bruksanvisning<\/li>\n<\/ul>\n","protected":false},"excerpt":{"rendered":"<p>Upplev tr\u00e4dg\u00e5rdsarbete p\u00e5 nytt med TRUUSK h\u00f6gkvarter f\u00f6r tr\u00e4dg\u00e5rd. Med ett djup p\u00e5 30 cm erbjuder denna \u00f6rttr\u00e4dg\u00e5rd plats f\u00f6r&#8230;<\/p>\n","protected":false},"featured_media":73577,"template":"","meta":[],"product_brand":[],"product_cat":[924,858,443],"product_tag":[],"class_list":{"0":"post-73586","1":"product","2":"type-product","3":"status-publish","4":"has-post-thumbnail","6":"product_cat-plantkarl","7":"product_cat-tradgard-terrass","8":"product_cat-vaxthus-tradgardsskotsel","10":"first","11":"instock","12":"sale","13":"taxable","14":"shipping-taxable","15":"purchasable","16":"product-type-simple"},"yoast_head":"<!-- This site is optimized with the Yoast SEO plugin v25.4 - https:\/\/yoast.com\/wordpress\/plugins\/seo\/ -->\n<title>TRUUSK Rostfri Planteringsb\u00e4dd - V\u00e4derbest\u00e4ndig - Anti-sk\u00e4rkant - 240x120x30 cm - F\u00f6r Tr\u00e4dg\u00e5rd och Balkong - Perfekt f\u00f6r Blommor - TRUUSK - Hem, Tr\u00e4dg\u00e5rd &amp; Fritid<\/title>\n<meta name=\"robots\" content=\"index, follow, max-snippet:-1, max-image-preview:large, max-video-preview:-1\" \/>\n<link rel=\"canonical\" href=\"https:\/\/truusk.store\/sv\/produkt\/truusk-rostfri-planteringsbadd-vaderbestandig-anti-skarkant-240x120x30-cm-for-tradgard-och-balkong-perfekt-for-blommor\/\" \/>\n<meta property=\"og:locale\" content=\"sv_SE\" \/>\n<meta property=\"og:type\" content=\"article\" \/>\n<meta property=\"og:title\" content=\"TRUUSK Rostfri Planteringsb\u00e4dd - V\u00e4derbest\u00e4ndig - Anti-sk\u00e4rkant - 240x120x30 cm - F\u00f6r Tr\u00e4dg\u00e5rd och Balkong - Perfekt f\u00f6r Blommor - TRUUSK - Hem, Tr\u00e4dg\u00e5rd &amp; Fritid\" \/>\n<meta property=\"og:description\" content=\"Upplev tr\u00e4dg\u00e5rdsarbete p\u00e5 nytt med TRUUSK h\u00f6gkvarter f\u00f6r tr\u00e4dg\u00e5rd. Med ett djup p\u00e5 30 cm erbjuder denna \u00f6rttr\u00e4dg\u00e5rd plats f\u00f6r...\" \/>\n<meta property=\"og:url\" content=\"https:\/\/truusk.store\/sv\/produkt\/truusk-rostfri-planteringsbadd-vaderbestandig-anti-skarkant-240x120x30-cm-for-tradgard-och-balkong-perfekt-for-blommor\/\" \/>\n<meta property=\"og:site_name\" content=\"TRUUSK - Hem, Tr\u00e4dg\u00e5rd &amp; Fritid\" \/>\n<meta property=\"article:modified_time\" content=\"2026-03-12T08:46:22+00:00\" \/>\n<meta property=\"og:image\" content=\"https:\/\/i0.wp.com\/truusk.se\/wp-content\/uploads\/2025\/06\/hogbadd-i-stal-vaderbestandig-planteringsbadd-med-anti-skarkant-tidig-badd-tradgardsbadd-rostfri-planteringslada-planteringskarl-240-x-120-x-30-cm-for-tradgard-balkong-gronsaksbadd-for-blommor-1.webp?fit=2000%2C2000&ssl=1\" \/>\n\t<meta property=\"og:image:width\" content=\"2000\" \/>\n\t<meta property=\"og:image:height\" content=\"2000\" \/>\n\t<meta property=\"og:image:type\" content=\"image\/webp\" \/>\n<meta name=\"twitter:card\" content=\"summary_large_image\" \/>\n<meta name=\"twitter:label1\" content=\"Ber\u00e4knad l\u00e4stid\" \/>\n\t<meta name=\"twitter:data1\" content=\"1 minut\" \/>\n<!-- \/ Yoast SEO plugin. -->","yoast_head_json":{"title":"TRUUSK Rostfri Planteringsb\u00e4dd - V\u00e4derbest\u00e4ndig - Anti-sk\u00e4rkant - 240x120x30 cm - F\u00f6r Tr\u00e4dg\u00e5rd och Balkong - Perfekt f\u00f6r Blommor - TRUUSK - Hem, Tr\u00e4dg\u00e5rd &amp; Fritid","robots":{"index":"index","follow":"follow","max-snippet":"max-snippet:-1","max-image-preview":"max-image-preview:large","max-video-preview":"max-video-preview:-1"},"canonical":"https:\/\/truusk.store\/sv\/produkt\/truusk-rostfri-planteringsbadd-vaderbestandig-anti-skarkant-240x120x30-cm-for-tradgard-och-balkong-perfekt-for-blommor\/","og_locale":"sv_SE","og_type":"article","og_title":"TRUUSK Rostfri Planteringsb\u00e4dd - V\u00e4derbest\u00e4ndig - Anti-sk\u00e4rkant - 240x120x30 cm - F\u00f6r Tr\u00e4dg\u00e5rd och Balkong - Perfekt f\u00f6r Blommor - TRUUSK - Hem, Tr\u00e4dg\u00e5rd &amp; Fritid","og_description":"Upplev tr\u00e4dg\u00e5rdsarbete p\u00e5 nytt med TRUUSK h\u00f6gkvarter f\u00f6r tr\u00e4dg\u00e5rd. Med ett djup p\u00e5 30 cm erbjuder denna \u00f6rttr\u00e4dg\u00e5rd plats f\u00f6r...","og_url":"https:\/\/truusk.store\/sv\/produkt\/truusk-rostfri-planteringsbadd-vaderbestandig-anti-skarkant-240x120x30-cm-for-tradgard-och-balkong-perfekt-for-blommor\/","og_site_name":"TRUUSK - Hem, Tr\u00e4dg\u00e5rd &amp; Fritid","article_modified_time":"2026-03-12T08:46:22+00:00","og_image":[{"width":2000,"height":2000,"url":"https:\/\/i0.wp.com\/truusk.se\/wp-content\/uploads\/2025\/06\/hogbadd-i-stal-vaderbestandig-planteringsbadd-med-anti-skarkant-tidig-badd-tradgardsbadd-rostfri-planteringslada-planteringskarl-240-x-120-x-30-cm-for-tradgard-balkong-gronsaksbadd-for-blommor-1.webp?fit=2000%2C2000&ssl=1","type":"image\/webp"}],"twitter_card":"summary_large_image","twitter_misc":{"Ber\u00e4knad l\u00e4stid":"1 minut"},"schema":{"@context":"https:\/\/schema.org","@graph":[{"@type":"WebPage","@id":"https:\/\/truusk.store\/sv\/produkt\/truusk-rostfri-planteringsbadd-vaderbestandig-anti-skarkant-240x120x30-cm-for-tradgard-och-balkong-perfekt-for-blommor\/","url":"https:\/\/truusk.store\/sv\/produkt\/truusk-rostfri-planteringsbadd-vaderbestandig-anti-skarkant-240x120x30-cm-for-tradgard-och-balkong-perfekt-for-blommor\/","name":"TRUUSK Rostfri Planteringsb\u00e4dd - V\u00e4derbest\u00e4ndig - Anti-sk\u00e4rkant - 240x120x30 cm - F\u00f6r Tr\u00e4dg\u00e5rd och Balkong - Perfekt f\u00f6r Blommor - TRUUSK - Hem, Tr\u00e4dg\u00e5rd &amp; Fritid","isPartOf":{"@id":"https:\/\/truusk.store\/sv\/#website"},"primaryImageOfPage":{"@id":"https:\/\/truusk.store\/sv\/produkt\/truusk-rostfri-planteringsbadd-vaderbestandig-anti-skarkant-240x120x30-cm-for-tradgard-och-balkong-perfekt-for-blommor\/#primaryimage"},"image":{"@id":"https:\/\/truusk.store\/sv\/produkt\/truusk-rostfri-planteringsbadd-vaderbestandig-anti-skarkant-240x120x30-cm-for-tradgard-och-balkong-perfekt-for-blommor\/#primaryimage"},"thumbnailUrl":"https:\/\/i0.wp.com\/truusk.store\/wp-content\/uploads\/2025\/06\/hogbadd-i-stal-vaderbestandig-planteringsbadd-med-anti-skarkant-tidig-badd-tradgardsbadd-rostfri-planteringslada-planteringskarl-240-x-120-x-30-cm-for-tradgard-balkong-gronsaksbadd-for-blommor-1.webp?fit=2000%2C2000&ssl=1","datePublished":"2025-06-05T23:44:33+00:00","dateModified":"2026-03-12T08:46:22+00:00","breadcrumb":{"@id":"https:\/\/truusk.store\/sv\/produkt\/truusk-rostfri-planteringsbadd-vaderbestandig-anti-skarkant-240x120x30-cm-for-tradgard-och-balkong-perfekt-for-blommor\/#breadcrumb"},"inLanguage":"sv-SE","potentialAction":[{"@type":"ReadAction","target":["https:\/\/truusk.store\/sv\/produkt\/truusk-rostfri-planteringsbadd-vaderbestandig-anti-skarkant-240x120x30-cm-for-tradgard-och-balkong-perfekt-for-blommor\/"]}]},{"@type":"ImageObject","inLanguage":"sv-SE","@id":"https:\/\/truusk.store\/sv\/produkt\/truusk-rostfri-planteringsbadd-vaderbestandig-anti-skarkant-240x120x30-cm-for-tradgard-och-balkong-perfekt-for-blommor\/#primaryimage","url":"https:\/\/i0.wp.com\/truusk.store\/wp-content\/uploads\/2025\/06\/hogbadd-i-stal-vaderbestandig-planteringsbadd-med-anti-skarkant-tidig-badd-tradgardsbadd-rostfri-planteringslada-planteringskarl-240-x-120-x-30-cm-for-tradgard-balkong-gronsaksbadd-for-blommor-1.webp?fit=2000%2C2000&ssl=1","contentUrl":"https:\/\/i0.wp.com\/truusk.store\/wp-content\/uploads\/2025\/06\/hogbadd-i-stal-vaderbestandig-planteringsbadd-med-anti-skarkant-tidig-badd-tradgardsbadd-rostfri-planteringslada-planteringskarl-240-x-120-x-30-cm-for-tradgard-balkong-gronsaksbadd-for-blommor-1.webp?fit=2000%2C2000&ssl=1","width":2000,"height":2000},{"@type":"BreadcrumbList","@id":"https:\/\/truusk.store\/sv\/produkt\/truusk-rostfri-planteringsbadd-vaderbestandig-anti-skarkant-240x120x30-cm-for-tradgard-och-balkong-perfekt-for-blommor\/#breadcrumb","itemListElement":[{"@type":"ListItem","position":1,"name":"Home","item":"https:\/\/truusk.store\/sv\/"},{"@type":"ListItem","position":2,"name":"Shop","item":"https:\/\/truusk.store\/shop\/"},{"@type":"ListItem","position":3,"name":"TRUUSK Rostfri Planteringsb\u00e4dd &#8211; V\u00e4derbest\u00e4ndig &#8211; Anti-sk\u00e4rkant &#8211; 240x120x30 cm &#8211; F\u00f6r Tr\u00e4dg\u00e5rd och Balkong &#8211; Perfekt f\u00f6r Blommor"}]},{"@type":"WebSite","@id":"https:\/\/truusk.store\/sv\/#website","url":"https:\/\/truusk.store\/sv\/","name":"TRUUSK - Hem, Tr\u00e4dg\u00e5rd & Fritid","description":"","publisher":{"@id":"https:\/\/truusk.store\/sv\/#organization"},"potentialAction":[{"@type":"SearchAction","target":{"@type":"EntryPoint","urlTemplate":"https:\/\/truusk.store\/sv\/?s={search_term_string}"},"query-input":{"@type":"PropertyValueSpecification","valueRequired":true,"valueName":"search_term_string"}}],"inLanguage":"sv-SE"},{"@type":"Organization","@id":"https:\/\/truusk.store\/sv\/#organization","name":"TRUUSK - Hem, Tr\u00e4dg\u00e5rd & Fritid","url":"https:\/\/truusk.store\/sv\/","logo":{"@type":"ImageObject","inLanguage":"sv-SE","@id":"https:\/\/truusk.store\/sv\/#\/schema\/logo\/image\/","url":"https:\/\/i0.wp.com\/truusk.store\/wp-content\/uploads\/2026\/03\/cropped-TRUUSK.png?fit=2032%2C917&ssl=1","contentUrl":"https:\/\/i0.wp.com\/truusk.store\/wp-content\/uploads\/2026\/03\/cropped-TRUUSK.png?fit=2032%2C917&ssl=1","width":2032,"height":917,"caption":"TRUUSK - Hem, Tr\u00e4dg\u00e5rd & Fritid"},"image":{"@id":"https:\/\/truusk.store\/sv\/#\/schema\/logo\/image\/"}}]}},"jetpack_sharing_enabled":true,"_links":{"self":[{"href":"https:\/\/truusk.store\/sv\/wp-json\/wp\/v2\/product\/73586","targetHints":{"allow":["GET"]}}],"collection":[{"href":"https:\/\/truusk.store\/sv\/wp-json\/wp\/v2\/product"}],"about":[{"href":"https:\/\/truusk.store\/sv\/wp-json\/wp\/v2\/types\/product"}],"wp:featuredmedia":[{"embeddable":true,"href":"https:\/\/truusk.store\/sv\/wp-json\/wp\/v2\/media\/73577"}],"wp:attachment":[{"href":"https:\/\/truusk.store\/sv\/wp-json\/wp\/v2\/media?parent=73586"}],"wp:term":[{"taxonomy":"product_brand","embeddable":true,"href":"https:\/\/truusk.store\/sv\/wp-json\/wp\/v2\/product_brand?post=73586"},{"taxonomy":"product_cat","embeddable":true,"href":"https:\/\/truusk.store\/sv\/wp-json\/wp\/v2\/product_cat?post=73586"},{"taxonomy":"product_tag","embeddable":true,"href":"https:\/\/truusk.store\/sv\/wp-json\/wp\/v2\/product_tag?post=73586"}],"curies":[{"name":"wp","href":"https:\/\/api.w.org\/{rel}","templated":true}]}}