{"id":73596,"date":"2025-06-06T00:45:35","date_gmt":"2025-06-05T23:45:35","guid":{"rendered":"https:\/\/truusk.store\/product\/hogbadd-i-stal-vaderbestandig-planteringsbadd-med-anti-skarkant-tidig-badd-tradgardsbadd-rostfri-planteringslada-planteringskarl-180-x-90-x-30-cm-for-tradgard-balkong-gronsaksbadd-for-blommor\/"},"modified":"2026-03-12T09:46:20","modified_gmt":"2026-03-12T08:46:20","slug":"truusk-hogbadd-i-stal-vaderbestandig-planteringsbadd-anti-skarkant-tidig-badd-rostfri-planteringslada-180x90x30-cm","status":"publish","type":"product","link":"https:\/\/truusk.store\/sv\/produkt\/truusk-hogbadd-i-stal-vaderbestandig-planteringsbadd-anti-skarkant-tidig-badd-rostfri-planteringslada-180x90x30-cm\/","title":{"rendered":"TRUUSK H\u00f6gb\u00e4dd I St\u00e5l &#8211; V\u00e4derbest\u00e4ndig Planteringsb\u00e4dd &#8211; Anti-sk\u00e4rkant &#8211; Tidig B\u00e4dd &#8211; Rostfri Planteringsl\u00e5da &#8211; 180x90x30 cm &#8211;"},"content":{"rendered":"<p>Upplev tr\u00e4dg\u00e5rdsarbete p\u00e5 nytt med TRUUSK h\u00f6g s\u00e4ng f\u00f6r tr\u00e4dg\u00e5rden. Med ett djup p\u00e5 30 cm erbjuder denna \u00f6rt h\u00f6ga s\u00e4ng plats f\u00f6r 459 L jord, idealisk f\u00f6r medelstora till djupt rotade v\u00e4xter. Det galvaniserade st\u00e5let med pulverlack \u00e4r rostresistent och extremt v\u00e4derbest\u00e4ndigt. Stabiliserande inre balkar och h\u00f6rn f\u00f6rst\u00e4rkningar samt en \u00f6ppen botten med optimal dr\u00e4nering av blomsterb\u00e4dden st\u00f6djer kraftig v\u00e4xttillv\u00e4xt.<\/p>\n<p>Beskrivning:<\/p>\n<ul>\n<li> 30 cm djup, passar denna v\u00e4xtl\u00e5da f\u00f6r utomhusv\u00e4xter, gr\u00f6nsaker, blommor<\/li>\n<li> Galvaniserad st\u00e5lram med pulverlack f\u00f6r h\u00e5llbarhet<\/li>\n<li> Inre st\u00f6dbalkar och h\u00f6rnpl\u00e5tar av tr\u00e4dg\u00e5rdsh\u00f6jds\u00e4ngen f\u00f6rb\u00e4ttrar den totala stabiliteten<\/li>\n<li> \u00d6ppen botten design av tr\u00e4dg\u00e5rdsh\u00f6jds\u00e4ngen underl\u00e4ttar dr\u00e4nering och rottillv\u00e4xt<\/li>\n<li> Anti-sk\u00e4rkant f\u00f6r s\u00e4kerhet vid hantering<\/li>\n<li> Enkel montering, v\u00e4nligen b\u00e4ra handskar under installationen.<\/li>\n<\/ul>\n<p> Tekniska data:<\/p>\n<ul>\n<li> F\u00e4rg: Silver<\/li>\n<li> Material: Galvaniserat st\u00e5l<\/li>\n<li> Totala dimensioner: 180L x 90B x 30H cm<\/li>\n<li> Inre storlek p\u00e5 planteringsk\u00e4rlet: 178L x 86B x 30H cm<\/li>\n<\/ul>\n<p>Leveransinneh\u00e5ll:<\/p>\n<ul>\n<li> 1 x H\u00f6g s\u00e4ng<\/li>\n<li> 1 x Bruksanvisning<\/li>\n<\/ul>\n","protected":false},"excerpt":{"rendered":"<p>Upplev tr\u00e4dg\u00e5rdsarbete p\u00e5 nytt med TRUUSK h\u00f6g s\u00e4ng f\u00f6r tr\u00e4dg\u00e5rden. Med ett djup p\u00e5 30 cm erbjuder denna \u00f6rt h\u00f6ga&#8230;<\/p>\n","protected":false},"featured_media":73587,"template":"","meta":[],"product_brand":[],"product_cat":[922,858,443],"product_tag":[],"class_list":{"0":"post-73596","1":"product","2":"type-product","3":"status-publish","4":"has-post-thumbnail","6":"product_cat-planteringskarl","7":"product_cat-tradgard-terrass","8":"product_cat-vaxthus-tradgardsskotsel","10":"first","11":"instock","12":"sale","13":"taxable","14":"shipping-taxable","15":"purchasable","16":"product-type-simple"},"yoast_head":"<!-- This site is optimized with the Yoast SEO plugin v25.4 - https:\/\/yoast.com\/wordpress\/plugins\/seo\/ -->\n<title>TRUUSK H\u00f6gb\u00e4dd I St\u00e5l - V\u00e4derbest\u00e4ndig Planteringsb\u00e4dd - Anti-sk\u00e4rkant - Tidig B\u00e4dd - Rostfri Planteringsl\u00e5da - 180x90x30 cm - TRUUSK - Hem, Tr\u00e4dg\u00e5rd &amp; Fritid<\/title>\n<meta name=\"robots\" content=\"index, follow, max-snippet:-1, max-image-preview:large, max-video-preview:-1\" \/>\n<link rel=\"canonical\" href=\"https:\/\/truusk.store\/sv\/produkt\/truusk-hogbadd-i-stal-vaderbestandig-planteringsbadd-anti-skarkant-tidig-badd-rostfri-planteringslada-180x90x30-cm\/\" \/>\n<meta property=\"og:locale\" content=\"sv_SE\" \/>\n<meta property=\"og:type\" content=\"article\" \/>\n<meta property=\"og:title\" content=\"TRUUSK H\u00f6gb\u00e4dd I St\u00e5l - V\u00e4derbest\u00e4ndig Planteringsb\u00e4dd - Anti-sk\u00e4rkant - Tidig B\u00e4dd - Rostfri Planteringsl\u00e5da - 180x90x30 cm - TRUUSK - Hem, Tr\u00e4dg\u00e5rd &amp; Fritid\" \/>\n<meta property=\"og:description\" content=\"Upplev tr\u00e4dg\u00e5rdsarbete p\u00e5 nytt med TRUUSK h\u00f6g s\u00e4ng f\u00f6r tr\u00e4dg\u00e5rden. Med ett djup p\u00e5 30 cm erbjuder denna \u00f6rt h\u00f6ga...\" \/>\n<meta property=\"og:url\" content=\"https:\/\/truusk.store\/sv\/produkt\/truusk-hogbadd-i-stal-vaderbestandig-planteringsbadd-anti-skarkant-tidig-badd-rostfri-planteringslada-180x90x30-cm\/\" \/>\n<meta property=\"og:site_name\" content=\"TRUUSK - Hem, Tr\u00e4dg\u00e5rd &amp; Fritid\" \/>\n<meta property=\"article:modified_time\" content=\"2026-03-12T08:46:20+00:00\" \/>\n<meta property=\"og:image\" content=\"https:\/\/i0.wp.com\/truusk.se\/wp-content\/uploads\/2025\/06\/hogbadd-i-stal-vaderbestandig-planteringsbadd-med-anti-skarkant-tidig-badd-tradgardsbadd-rostfri-planteringslada-planteringskarl-180-x-90-x-30-cm-for-tradgard-balkong-gronsaksbadd-for-blommor-1.webp?fit=2000%2C2000&ssl=1\" \/>\n\t<meta property=\"og:image:width\" content=\"2000\" \/>\n\t<meta property=\"og:image:height\" content=\"2000\" \/>\n\t<meta property=\"og:image:type\" content=\"image\/webp\" \/>\n<meta name=\"twitter:card\" content=\"summary_large_image\" \/>\n<meta name=\"twitter:label1\" content=\"Ber\u00e4knad l\u00e4stid\" \/>\n\t<meta name=\"twitter:data1\" content=\"1 minut\" \/>\n<!-- \/ Yoast SEO plugin. -->","yoast_head_json":{"title":"TRUUSK H\u00f6gb\u00e4dd I St\u00e5l - V\u00e4derbest\u00e4ndig Planteringsb\u00e4dd - Anti-sk\u00e4rkant - Tidig B\u00e4dd - Rostfri Planteringsl\u00e5da - 180x90x30 cm - TRUUSK - Hem, Tr\u00e4dg\u00e5rd &amp; Fritid","robots":{"index":"index","follow":"follow","max-snippet":"max-snippet:-1","max-image-preview":"max-image-preview:large","max-video-preview":"max-video-preview:-1"},"canonical":"https:\/\/truusk.store\/sv\/produkt\/truusk-hogbadd-i-stal-vaderbestandig-planteringsbadd-anti-skarkant-tidig-badd-rostfri-planteringslada-180x90x30-cm\/","og_locale":"sv_SE","og_type":"article","og_title":"TRUUSK H\u00f6gb\u00e4dd I St\u00e5l - V\u00e4derbest\u00e4ndig Planteringsb\u00e4dd - Anti-sk\u00e4rkant - Tidig B\u00e4dd - Rostfri Planteringsl\u00e5da - 180x90x30 cm - TRUUSK - Hem, Tr\u00e4dg\u00e5rd &amp; Fritid","og_description":"Upplev tr\u00e4dg\u00e5rdsarbete p\u00e5 nytt med TRUUSK h\u00f6g s\u00e4ng f\u00f6r tr\u00e4dg\u00e5rden. Med ett djup p\u00e5 30 cm erbjuder denna \u00f6rt h\u00f6ga...","og_url":"https:\/\/truusk.store\/sv\/produkt\/truusk-hogbadd-i-stal-vaderbestandig-planteringsbadd-anti-skarkant-tidig-badd-rostfri-planteringslada-180x90x30-cm\/","og_site_name":"TRUUSK - Hem, Tr\u00e4dg\u00e5rd &amp; Fritid","article_modified_time":"2026-03-12T08:46:20+00:00","og_image":[{"width":2000,"height":2000,"url":"https:\/\/i0.wp.com\/truusk.se\/wp-content\/uploads\/2025\/06\/hogbadd-i-stal-vaderbestandig-planteringsbadd-med-anti-skarkant-tidig-badd-tradgardsbadd-rostfri-planteringslada-planteringskarl-180-x-90-x-30-cm-for-tradgard-balkong-gronsaksbadd-for-blommor-1.webp?fit=2000%2C2000&ssl=1","type":"image\/webp"}],"twitter_card":"summary_large_image","twitter_misc":{"Ber\u00e4knad l\u00e4stid":"1 minut"},"schema":{"@context":"https:\/\/schema.org","@graph":[{"@type":"WebPage","@id":"https:\/\/truusk.store\/sv\/produkt\/truusk-hogbadd-i-stal-vaderbestandig-planteringsbadd-anti-skarkant-tidig-badd-rostfri-planteringslada-180x90x30-cm\/","url":"https:\/\/truusk.store\/sv\/produkt\/truusk-hogbadd-i-stal-vaderbestandig-planteringsbadd-anti-skarkant-tidig-badd-rostfri-planteringslada-180x90x30-cm\/","name":"TRUUSK H\u00f6gb\u00e4dd I St\u00e5l - V\u00e4derbest\u00e4ndig Planteringsb\u00e4dd - Anti-sk\u00e4rkant - Tidig B\u00e4dd - Rostfri Planteringsl\u00e5da - 180x90x30 cm - TRUUSK - Hem, Tr\u00e4dg\u00e5rd &amp; Fritid","isPartOf":{"@id":"https:\/\/truusk.store\/sv\/#website"},"primaryImageOfPage":{"@id":"https:\/\/truusk.store\/sv\/produkt\/truusk-hogbadd-i-stal-vaderbestandig-planteringsbadd-anti-skarkant-tidig-badd-rostfri-planteringslada-180x90x30-cm\/#primaryimage"},"image":{"@id":"https:\/\/truusk.store\/sv\/produkt\/truusk-hogbadd-i-stal-vaderbestandig-planteringsbadd-anti-skarkant-tidig-badd-rostfri-planteringslada-180x90x30-cm\/#primaryimage"},"thumbnailUrl":"https:\/\/i0.wp.com\/truusk.store\/wp-content\/uploads\/2025\/06\/hogbadd-i-stal-vaderbestandig-planteringsbadd-med-anti-skarkant-tidig-badd-tradgardsbadd-rostfri-planteringslada-planteringskarl-180-x-90-x-30-cm-for-tradgard-balkong-gronsaksbadd-for-blommor-1.webp?fit=2000%2C2000&ssl=1","datePublished":"2025-06-05T23:45:35+00:00","dateModified":"2026-03-12T08:46:20+00:00","breadcrumb":{"@id":"https:\/\/truusk.store\/sv\/produkt\/truusk-hogbadd-i-stal-vaderbestandig-planteringsbadd-anti-skarkant-tidig-badd-rostfri-planteringslada-180x90x30-cm\/#breadcrumb"},"inLanguage":"sv-SE","potentialAction":[{"@type":"ReadAction","target":["https:\/\/truusk.store\/sv\/produkt\/truusk-hogbadd-i-stal-vaderbestandig-planteringsbadd-anti-skarkant-tidig-badd-rostfri-planteringslada-180x90x30-cm\/"]}]},{"@type":"ImageObject","inLanguage":"sv-SE","@id":"https:\/\/truusk.store\/sv\/produkt\/truusk-hogbadd-i-stal-vaderbestandig-planteringsbadd-anti-skarkant-tidig-badd-rostfri-planteringslada-180x90x30-cm\/#primaryimage","url":"https:\/\/i0.wp.com\/truusk.store\/wp-content\/uploads\/2025\/06\/hogbadd-i-stal-vaderbestandig-planteringsbadd-med-anti-skarkant-tidig-badd-tradgardsbadd-rostfri-planteringslada-planteringskarl-180-x-90-x-30-cm-for-tradgard-balkong-gronsaksbadd-for-blommor-1.webp?fit=2000%2C2000&ssl=1","contentUrl":"https:\/\/i0.wp.com\/truusk.store\/wp-content\/uploads\/2025\/06\/hogbadd-i-stal-vaderbestandig-planteringsbadd-med-anti-skarkant-tidig-badd-tradgardsbadd-rostfri-planteringslada-planteringskarl-180-x-90-x-30-cm-for-tradgard-balkong-gronsaksbadd-for-blommor-1.webp?fit=2000%2C2000&ssl=1","width":2000,"height":2000},{"@type":"BreadcrumbList","@id":"https:\/\/truusk.store\/sv\/produkt\/truusk-hogbadd-i-stal-vaderbestandig-planteringsbadd-anti-skarkant-tidig-badd-rostfri-planteringslada-180x90x30-cm\/#breadcrumb","itemListElement":[{"@type":"ListItem","position":1,"name":"Home","item":"https:\/\/truusk.store\/sv\/"},{"@type":"ListItem","position":2,"name":"Shop","item":"https:\/\/truusk.store\/shop\/"},{"@type":"ListItem","position":3,"name":"TRUUSK H\u00f6gb\u00e4dd I St\u00e5l &#8211; V\u00e4derbest\u00e4ndig Planteringsb\u00e4dd &#8211; Anti-sk\u00e4rkant &#8211; Tidig B\u00e4dd &#8211; Rostfri Planteringsl\u00e5da &#8211; 180x90x30 cm &#8211;"}]},{"@type":"WebSite","@id":"https:\/\/truusk.store\/sv\/#website","url":"https:\/\/truusk.store\/sv\/","name":"TRUUSK - Hem, Tr\u00e4dg\u00e5rd & Fritid","description":"","publisher":{"@id":"https:\/\/truusk.store\/sv\/#organization"},"potentialAction":[{"@type":"SearchAction","target":{"@type":"EntryPoint","urlTemplate":"https:\/\/truusk.store\/sv\/?s={search_term_string}"},"query-input":{"@type":"PropertyValueSpecification","valueRequired":true,"valueName":"search_term_string"}}],"inLanguage":"sv-SE"},{"@type":"Organization","@id":"https:\/\/truusk.store\/sv\/#organization","name":"TRUUSK - Hem, Tr\u00e4dg\u00e5rd & Fritid","url":"https:\/\/truusk.store\/sv\/","logo":{"@type":"ImageObject","inLanguage":"sv-SE","@id":"https:\/\/truusk.store\/sv\/#\/schema\/logo\/image\/","url":"https:\/\/i0.wp.com\/truusk.store\/wp-content\/uploads\/2026\/03\/cropped-TRUUSK.png?fit=2032%2C917&ssl=1","contentUrl":"https:\/\/i0.wp.com\/truusk.store\/wp-content\/uploads\/2026\/03\/cropped-TRUUSK.png?fit=2032%2C917&ssl=1","width":2032,"height":917,"caption":"TRUUSK - Hem, Tr\u00e4dg\u00e5rd & Fritid"},"image":{"@id":"https:\/\/truusk.store\/sv\/#\/schema\/logo\/image\/"}}]}},"jetpack_sharing_enabled":true,"_links":{"self":[{"href":"https:\/\/truusk.store\/sv\/wp-json\/wp\/v2\/product\/73596","targetHints":{"allow":["GET"]}}],"collection":[{"href":"https:\/\/truusk.store\/sv\/wp-json\/wp\/v2\/product"}],"about":[{"href":"https:\/\/truusk.store\/sv\/wp-json\/wp\/v2\/types\/product"}],"wp:featuredmedia":[{"embeddable":true,"href":"https:\/\/truusk.store\/sv\/wp-json\/wp\/v2\/media\/73587"}],"wp:attachment":[{"href":"https:\/\/truusk.store\/sv\/wp-json\/wp\/v2\/media?parent=73596"}],"wp:term":[{"taxonomy":"product_brand","embeddable":true,"href":"https:\/\/truusk.store\/sv\/wp-json\/wp\/v2\/product_brand?post=73596"},{"taxonomy":"product_cat","embeddable":true,"href":"https:\/\/truusk.store\/sv\/wp-json\/wp\/v2\/product_cat?post=73596"},{"taxonomy":"product_tag","embeddable":true,"href":"https:\/\/truusk.store\/sv\/wp-json\/wp\/v2\/product_tag?post=73596"}],"curies":[{"name":"wp","href":"https:\/\/api.w.org\/{rel}","templated":true}]}}