{"id":73606,"date":"2025-06-06T00:46:33","date_gmt":"2025-06-05T23:46:33","guid":{"rendered":"https:\/\/truusk.store\/product\/hogbadd-blomlada-gronsaksbadd-planteringslada-ortbadd-for-tradgard-terrass-balkong-stal-silver-120-x-120-x-30-cm\/"},"modified":"2026-03-12T09:46:51","modified_gmt":"2026-03-12T08:46:51","slug":"truusk-hogbadd-blomlada-gronsaksbadd-stal-silver-120-x-120-x-30-cm-for-tradgard-terrass-balkong","status":"publish","type":"product","link":"https:\/\/truusk.store\/sv\/produkt\/truusk-hogbadd-blomlada-gronsaksbadd-stal-silver-120-x-120-x-30-cm-for-tradgard-terrass-balkong\/","title":{"rendered":"TRUUSK H\u00f6gb\u00e4dd, Bloml\u00e5da, Gr\u00f6nsaksb\u00e4dd &#8211; St\u00e5l &#8211; Silver &#8211; 120 x 120 x 30 cm &#8211; F\u00f6r Tr\u00e4dg\u00e5rd, Terrass, Balkong"},"content":{"rendered":"<p>Om du har begr\u00e4nsat utrymme p\u00e5 terrassen eller balkongen och inte vill avst\u00e5 fr\u00e5n dina favoritv\u00e4xter, \u00e4r denna planteringsl\u00e5da fr\u00e5n TRUUSK det perfekta valet! De h\u00f6ga v\u00e4ggarna och den \u00f6ppna botten m\u00f6jligg\u00f6r odling av v\u00e4xter med l\u00e5nga r\u00f6tter och l\u00e5ter \u00f6verfl\u00f6digt vatten fritt rinna ner i marken. Det robusta st\u00e5lh\u00f6ljet st\u00e5r emot alla v\u00e4der och kommer att tj\u00e4na dig och dina gr\u00f6na skyddslingar p\u00e5litligt under l\u00e5ng tid.<\/p>\n<p>Beskrivning:<\/p>\n<ul>\n<li> Stabilt st\u00e5lh\u00f6lje med vattent\u00e4t lack f\u00f6r l\u00e5ng livsl\u00e4ngd<\/li>\n<li> Extra h\u00f6ga v\u00e4ggar (30 cm) skyddar dina v\u00e4xter mot ogr\u00e4s och sm\u00e5 gnagare<\/li>\n<li> \u00d6ppen botten ger dr\u00e4nering och \u00e4r idealisk f\u00f6r v\u00e4xter med l\u00e5nga r\u00f6tter<\/li>\n<li> Montering kr\u00e4vs<\/li>\n<\/ul>\n<p> Tekniska data:<\/p>\n<ul>\n<li> F\u00e4rg: Silver<\/li>\n<li> Material: F\u00f6rzinkat st\u00e5l<\/li>\n<li> Totala m\u00e5tt: 120L x 120B x 30H cm<\/li>\n<li> M\u00e5tt per v\u00e4ggelement: 113L x 30B cm<\/li>\n<li> M\u00e5tt per kopplingsstycke: 30,5L x 9B cm<\/li>\n<\/ul>\n<p>Leveransinneh\u00e5ll:<\/p>\n<ul>\n<li> 1 x Tr\u00e4dg\u00e5rdsb\u00e4dd;<\/li>\n<\/ul>\n","protected":false},"excerpt":{"rendered":"<p>Om du har begr\u00e4nsat utrymme p\u00e5 terrassen eller balkongen och inte vill avst\u00e5 fr\u00e5n dina favoritv\u00e4xter, \u00e4r denna planteringsl\u00e5da fr\u00e5n&#8230;<\/p>\n","protected":false},"featured_media":73597,"template":"","meta":[],"product_brand":[],"product_cat":[924,858,443],"product_tag":[],"class_list":{"0":"post-73606","1":"product","2":"type-product","3":"status-publish","4":"has-post-thumbnail","6":"product_cat-plantkarl","7":"product_cat-tradgard-terrass","8":"product_cat-vaxthus-tradgardsskotsel","10":"first","11":"instock","12":"sale","13":"taxable","14":"shipping-taxable","15":"purchasable","16":"product-type-simple"},"yoast_head":"<!-- This site is optimized with the Yoast SEO plugin v25.4 - https:\/\/yoast.com\/wordpress\/plugins\/seo\/ -->\n<title>TRUUSK H\u00f6gb\u00e4dd, Bloml\u00e5da, Gr\u00f6nsaksb\u00e4dd - St\u00e5l - Silver - 120 x 120 x 30 cm - F\u00f6r Tr\u00e4dg\u00e5rd, Terrass, Balkong - TRUUSK - Hem, Tr\u00e4dg\u00e5rd &amp; Fritid<\/title>\n<meta name=\"robots\" content=\"index, follow, max-snippet:-1, max-image-preview:large, max-video-preview:-1\" \/>\n<link rel=\"canonical\" href=\"https:\/\/truusk.store\/sv\/produkt\/truusk-hogbadd-blomlada-gronsaksbadd-stal-silver-120-x-120-x-30-cm-for-tradgard-terrass-balkong\/\" \/>\n<meta property=\"og:locale\" content=\"sv_SE\" \/>\n<meta property=\"og:type\" content=\"article\" \/>\n<meta property=\"og:title\" content=\"TRUUSK H\u00f6gb\u00e4dd, Bloml\u00e5da, Gr\u00f6nsaksb\u00e4dd - St\u00e5l - Silver - 120 x 120 x 30 cm - F\u00f6r Tr\u00e4dg\u00e5rd, Terrass, Balkong - TRUUSK - Hem, Tr\u00e4dg\u00e5rd &amp; Fritid\" \/>\n<meta property=\"og:description\" content=\"Om du har begr\u00e4nsat utrymme p\u00e5 terrassen eller balkongen och inte vill avst\u00e5 fr\u00e5n dina favoritv\u00e4xter, \u00e4r denna planteringsl\u00e5da fr\u00e5n...\" \/>\n<meta property=\"og:url\" content=\"https:\/\/truusk.store\/sv\/produkt\/truusk-hogbadd-blomlada-gronsaksbadd-stal-silver-120-x-120-x-30-cm-for-tradgard-terrass-balkong\/\" \/>\n<meta property=\"og:site_name\" content=\"TRUUSK - Hem, Tr\u00e4dg\u00e5rd &amp; Fritid\" \/>\n<meta property=\"article:modified_time\" content=\"2026-03-12T08:46:51+00:00\" \/>\n<meta property=\"og:image\" content=\"https:\/\/i0.wp.com\/truusk.se\/wp-content\/uploads\/2025\/06\/hogbadd-blomlada-gronsaksbadd-planteringslada-ortbadd-for-tradgard-terrass-balkong-stal-silver-120-x-120-x-30-cm-1.webp?fit=2000%2C2000&ssl=1\" \/>\n\t<meta property=\"og:image:width\" content=\"2000\" \/>\n\t<meta property=\"og:image:height\" content=\"2000\" \/>\n\t<meta property=\"og:image:type\" content=\"image\/webp\" \/>\n<meta name=\"twitter:card\" content=\"summary_large_image\" \/>\n<meta name=\"twitter:label1\" content=\"Ber\u00e4knad l\u00e4stid\" \/>\n\t<meta name=\"twitter:data1\" content=\"1 minut\" \/>\n<!-- \/ Yoast SEO plugin. -->","yoast_head_json":{"title":"TRUUSK H\u00f6gb\u00e4dd, Bloml\u00e5da, Gr\u00f6nsaksb\u00e4dd - St\u00e5l - Silver - 120 x 120 x 30 cm - F\u00f6r Tr\u00e4dg\u00e5rd, Terrass, Balkong - TRUUSK - Hem, Tr\u00e4dg\u00e5rd &amp; Fritid","robots":{"index":"index","follow":"follow","max-snippet":"max-snippet:-1","max-image-preview":"max-image-preview:large","max-video-preview":"max-video-preview:-1"},"canonical":"https:\/\/truusk.store\/sv\/produkt\/truusk-hogbadd-blomlada-gronsaksbadd-stal-silver-120-x-120-x-30-cm-for-tradgard-terrass-balkong\/","og_locale":"sv_SE","og_type":"article","og_title":"TRUUSK H\u00f6gb\u00e4dd, Bloml\u00e5da, Gr\u00f6nsaksb\u00e4dd - St\u00e5l - Silver - 120 x 120 x 30 cm - F\u00f6r Tr\u00e4dg\u00e5rd, Terrass, Balkong - TRUUSK - Hem, Tr\u00e4dg\u00e5rd &amp; Fritid","og_description":"Om du har begr\u00e4nsat utrymme p\u00e5 terrassen eller balkongen och inte vill avst\u00e5 fr\u00e5n dina favoritv\u00e4xter, \u00e4r denna planteringsl\u00e5da fr\u00e5n...","og_url":"https:\/\/truusk.store\/sv\/produkt\/truusk-hogbadd-blomlada-gronsaksbadd-stal-silver-120-x-120-x-30-cm-for-tradgard-terrass-balkong\/","og_site_name":"TRUUSK - Hem, Tr\u00e4dg\u00e5rd &amp; Fritid","article_modified_time":"2026-03-12T08:46:51+00:00","og_image":[{"width":2000,"height":2000,"url":"https:\/\/i0.wp.com\/truusk.se\/wp-content\/uploads\/2025\/06\/hogbadd-blomlada-gronsaksbadd-planteringslada-ortbadd-for-tradgard-terrass-balkong-stal-silver-120-x-120-x-30-cm-1.webp?fit=2000%2C2000&ssl=1","type":"image\/webp"}],"twitter_card":"summary_large_image","twitter_misc":{"Ber\u00e4knad l\u00e4stid":"1 minut"},"schema":{"@context":"https:\/\/schema.org","@graph":[{"@type":"WebPage","@id":"https:\/\/truusk.store\/sv\/produkt\/truusk-hogbadd-blomlada-gronsaksbadd-stal-silver-120-x-120-x-30-cm-for-tradgard-terrass-balkong\/","url":"https:\/\/truusk.store\/sv\/produkt\/truusk-hogbadd-blomlada-gronsaksbadd-stal-silver-120-x-120-x-30-cm-for-tradgard-terrass-balkong\/","name":"TRUUSK H\u00f6gb\u00e4dd, Bloml\u00e5da, Gr\u00f6nsaksb\u00e4dd - St\u00e5l - Silver - 120 x 120 x 30 cm - F\u00f6r Tr\u00e4dg\u00e5rd, Terrass, Balkong - TRUUSK - Hem, Tr\u00e4dg\u00e5rd &amp; Fritid","isPartOf":{"@id":"https:\/\/truusk.store\/sv\/#website"},"primaryImageOfPage":{"@id":"https:\/\/truusk.store\/sv\/produkt\/truusk-hogbadd-blomlada-gronsaksbadd-stal-silver-120-x-120-x-30-cm-for-tradgard-terrass-balkong\/#primaryimage"},"image":{"@id":"https:\/\/truusk.store\/sv\/produkt\/truusk-hogbadd-blomlada-gronsaksbadd-stal-silver-120-x-120-x-30-cm-for-tradgard-terrass-balkong\/#primaryimage"},"thumbnailUrl":"https:\/\/i0.wp.com\/truusk.store\/wp-content\/uploads\/2025\/06\/hogbadd-blomlada-gronsaksbadd-planteringslada-ortbadd-for-tradgard-terrass-balkong-stal-silver-120-x-120-x-30-cm-1.webp?fit=2000%2C2000&ssl=1","datePublished":"2025-06-05T23:46:33+00:00","dateModified":"2026-03-12T08:46:51+00:00","breadcrumb":{"@id":"https:\/\/truusk.store\/sv\/produkt\/truusk-hogbadd-blomlada-gronsaksbadd-stal-silver-120-x-120-x-30-cm-for-tradgard-terrass-balkong\/#breadcrumb"},"inLanguage":"sv-SE","potentialAction":[{"@type":"ReadAction","target":["https:\/\/truusk.store\/sv\/produkt\/truusk-hogbadd-blomlada-gronsaksbadd-stal-silver-120-x-120-x-30-cm-for-tradgard-terrass-balkong\/"]}]},{"@type":"ImageObject","inLanguage":"sv-SE","@id":"https:\/\/truusk.store\/sv\/produkt\/truusk-hogbadd-blomlada-gronsaksbadd-stal-silver-120-x-120-x-30-cm-for-tradgard-terrass-balkong\/#primaryimage","url":"https:\/\/i0.wp.com\/truusk.store\/wp-content\/uploads\/2025\/06\/hogbadd-blomlada-gronsaksbadd-planteringslada-ortbadd-for-tradgard-terrass-balkong-stal-silver-120-x-120-x-30-cm-1.webp?fit=2000%2C2000&ssl=1","contentUrl":"https:\/\/i0.wp.com\/truusk.store\/wp-content\/uploads\/2025\/06\/hogbadd-blomlada-gronsaksbadd-planteringslada-ortbadd-for-tradgard-terrass-balkong-stal-silver-120-x-120-x-30-cm-1.webp?fit=2000%2C2000&ssl=1","width":2000,"height":2000},{"@type":"BreadcrumbList","@id":"https:\/\/truusk.store\/sv\/produkt\/truusk-hogbadd-blomlada-gronsaksbadd-stal-silver-120-x-120-x-30-cm-for-tradgard-terrass-balkong\/#breadcrumb","itemListElement":[{"@type":"ListItem","position":1,"name":"Home","item":"https:\/\/truusk.store\/sv\/"},{"@type":"ListItem","position":2,"name":"Shop","item":"https:\/\/truusk.store\/shop\/"},{"@type":"ListItem","position":3,"name":"TRUUSK H\u00f6gb\u00e4dd, Bloml\u00e5da, Gr\u00f6nsaksb\u00e4dd &#8211; St\u00e5l &#8211; Silver &#8211; 120 x 120 x 30 cm &#8211; F\u00f6r Tr\u00e4dg\u00e5rd, Terrass, Balkong"}]},{"@type":"WebSite","@id":"https:\/\/truusk.store\/sv\/#website","url":"https:\/\/truusk.store\/sv\/","name":"TRUUSK - Hem, Tr\u00e4dg\u00e5rd & Fritid","description":"","publisher":{"@id":"https:\/\/truusk.store\/sv\/#organization"},"potentialAction":[{"@type":"SearchAction","target":{"@type":"EntryPoint","urlTemplate":"https:\/\/truusk.store\/sv\/?s={search_term_string}"},"query-input":{"@type":"PropertyValueSpecification","valueRequired":true,"valueName":"search_term_string"}}],"inLanguage":"sv-SE"},{"@type":"Organization","@id":"https:\/\/truusk.store\/sv\/#organization","name":"TRUUSK - Hem, Tr\u00e4dg\u00e5rd & Fritid","url":"https:\/\/truusk.store\/sv\/","logo":{"@type":"ImageObject","inLanguage":"sv-SE","@id":"https:\/\/truusk.store\/sv\/#\/schema\/logo\/image\/","url":"https:\/\/i0.wp.com\/truusk.store\/wp-content\/uploads\/2026\/03\/cropped-TRUUSK.png?fit=2032%2C917&ssl=1","contentUrl":"https:\/\/i0.wp.com\/truusk.store\/wp-content\/uploads\/2026\/03\/cropped-TRUUSK.png?fit=2032%2C917&ssl=1","width":2032,"height":917,"caption":"TRUUSK - Hem, Tr\u00e4dg\u00e5rd & Fritid"},"image":{"@id":"https:\/\/truusk.store\/sv\/#\/schema\/logo\/image\/"}}]}},"jetpack_sharing_enabled":true,"_links":{"self":[{"href":"https:\/\/truusk.store\/sv\/wp-json\/wp\/v2\/product\/73606","targetHints":{"allow":["GET"]}}],"collection":[{"href":"https:\/\/truusk.store\/sv\/wp-json\/wp\/v2\/product"}],"about":[{"href":"https:\/\/truusk.store\/sv\/wp-json\/wp\/v2\/types\/product"}],"wp:featuredmedia":[{"embeddable":true,"href":"https:\/\/truusk.store\/sv\/wp-json\/wp\/v2\/media\/73597"}],"wp:attachment":[{"href":"https:\/\/truusk.store\/sv\/wp-json\/wp\/v2\/media?parent=73606"}],"wp:term":[{"taxonomy":"product_brand","embeddable":true,"href":"https:\/\/truusk.store\/sv\/wp-json\/wp\/v2\/product_brand?post=73606"},{"taxonomy":"product_cat","embeddable":true,"href":"https:\/\/truusk.store\/sv\/wp-json\/wp\/v2\/product_cat?post=73606"},{"taxonomy":"product_tag","embeddable":true,"href":"https:\/\/truusk.store\/sv\/wp-json\/wp\/v2\/product_tag?post=73606"}],"curies":[{"name":"wp","href":"https:\/\/api.w.org\/{rel}","templated":true}]}}