{"id":73646,"date":"2025-06-06T00:50:36","date_gmt":"2025-06-05T23:50:36","guid":{"rendered":"https:\/\/truusk.store\/product\/hollywood-svang-med-liggfunktion-3-sits-tradgardssvang-med-justerbart-tak-sidobord-vattenavvisande-svangbank-belastbar-upp-till-340kg-for-tradgard-200x120x164cm-kramvit\/"},"modified":"2026-03-12T09:38:34","modified_gmt":"2026-03-12T08:38:34","slug":"truusk-hollywood-svang-med-liggfunktion-3-sits-tradgardssvang-med-justerbart-tak-sidobord-vattenavvisande-svangbank","status":"publish","type":"product","link":"https:\/\/truusk.store\/sv\/produkt\/truusk-hollywood-svang-med-liggfunktion-3-sits-tradgardssvang-med-justerbart-tak-sidobord-vattenavvisande-svangbank\/","title":{"rendered":"TRUUSK Hollywood-sv\u00e4ng med liggfunktion &#8211; 3-sits tr\u00e4dg\u00e5rdssv\u00e4ng med justerbart tak &#8211; Sidobord &#8211; Vattenavvisande sv\u00e4ngb\u00e4nk &#8211;"},"content":{"rendered":"<p>Denna fantastiska Hollywood-sv\u00e4ng fr\u00e5n TRUUSK kompletterar din tr\u00e4dg\u00e5rd med en ultrabekv\u00e4m, himmelsk viloplats. S\u00e4rskilt smart: Ryggst\u00f6det kan justeras s\u00e5 att tr\u00e4dg\u00e5rdssv\u00e4ngen snabbt kan f\u00f6rvandlas till en mysig solstol. Det justerbara polyestertaket ger tillf\u00f6rlitligt skydd mot sol och duggregn n\u00e4r som helst p\u00e5 dagen. N\u00e4r du v\u00e4l har provsuttit kommer du aldrig att vilja vara utan denna tr\u00e4dg\u00e5rdssv\u00e4ng igen!<\/p>\n<p>Beskrivning:<\/p>\n<ul>\n<li> 2-i-1 Hollywood-sv\u00e4ng f\u00f6r 3 personer, som l\u00e4tt kan f\u00f6rvandlas till en solstol<\/li>\n<li> Justerbart solskydd f\u00f6r optimalt skydd och komfort, anpassningsbart till solens position<\/li>\n<li> V\u00e4derbest\u00e4ndig och l\u00e4ttsk\u00f6tt ram f\u00f6r 3-sits Hollywood-sv\u00e4ng, idealisk f\u00f6r \u00e5ret-runt-anv\u00e4ndning utomhus<\/li>\n<li> Utrustad med tv\u00e5 praktiska sidof\u00e4llbord f\u00f6r f\u00f6rvaring av drycker och snacks<\/li>\n<li> Robust konstruktion med en maximal belastningskapacitet p\u00e5 340 kg<\/li>\n<li> Inkluderar en sittdyna, en ryggkudde och tv\u00e5 dekorativa kuddar av vattent\u00e4t polyester<\/li>\n<\/ul>\n<p> Tekniska data:<\/p>\n<ul>\n<li> F\u00e4rg: Kr\u00e4mvit<\/li>\n<li> Material: St\u00e5l, Polyester, Mesh<\/li>\n<li> Storlek: 200L x 120B x 164H cm<\/li>\n<li> Sittplats: 160L x 50B cm<\/li>\n<li> Liggyta: 160L x 100B cm<\/li>\n<li> Sitt h\u00f6jd(fr\u00e5n marken): 43 cm<\/li>\n<li> Dekorativa kuddar: 40L x 40B cm<\/li>\n<li> Maximal belastning: 340 kg<\/li>\n<\/ul>\n<p>Leverans inneh\u00e5ller:<\/p>\n<ul>\n<li> 1 x Hollywood-sv\u00e4ng<\/li>\n<li> 1 x Bruksanvisning<\/li>\n<\/ul>\n","protected":false},"excerpt":{"rendered":"<p>Denna fantastiska Hollywood-sv\u00e4ng fr\u00e5n TRUUSK kompletterar din tr\u00e4dg\u00e5rd med en ultrabekv\u00e4m, himmelsk viloplats. S\u00e4rskilt smart: Ryggst\u00f6det kan justeras s\u00e5 att&#8230;<\/p>\n","protected":false},"featured_media":73637,"template":"","meta":[],"product_brand":[],"product_cat":[453,858,450],"product_tag":[],"class_list":{"0":"post-73646","1":"product","2":"type-product","3":"status-publish","4":"has-post-thumbnail","6":"product_cat-hollywood-gungor","7":"product_cat-tradgard-terrass","8":"product_cat-tradgardsmobler","10":"first","11":"instock","12":"sale","13":"taxable","14":"shipping-taxable","15":"purchasable","16":"product-type-simple"},"yoast_head":"<!-- This site is optimized with the Yoast SEO plugin v25.4 - https:\/\/yoast.com\/wordpress\/plugins\/seo\/ -->\n<title>TRUUSK Hollywood-sv\u00e4ng med liggfunktion - 3-sits tr\u00e4dg\u00e5rdssv\u00e4ng med justerbart tak - Sidobord - Vattenavvisande sv\u00e4ngb\u00e4nk - TRUUSK - Hem, Tr\u00e4dg\u00e5rd &amp; Fritid<\/title>\n<meta name=\"robots\" content=\"index, follow, max-snippet:-1, max-image-preview:large, max-video-preview:-1\" \/>\n<link rel=\"canonical\" href=\"https:\/\/truusk.store\/sv\/produkt\/truusk-hollywood-svang-med-liggfunktion-3-sits-tradgardssvang-med-justerbart-tak-sidobord-vattenavvisande-svangbank\/\" \/>\n<meta property=\"og:locale\" content=\"sv_SE\" \/>\n<meta property=\"og:type\" content=\"article\" \/>\n<meta property=\"og:title\" content=\"TRUUSK Hollywood-sv\u00e4ng med liggfunktion - 3-sits tr\u00e4dg\u00e5rdssv\u00e4ng med justerbart tak - Sidobord - Vattenavvisande sv\u00e4ngb\u00e4nk - TRUUSK - Hem, Tr\u00e4dg\u00e5rd &amp; Fritid\" \/>\n<meta property=\"og:description\" content=\"Denna fantastiska Hollywood-sv\u00e4ng fr\u00e5n TRUUSK kompletterar din tr\u00e4dg\u00e5rd med en ultrabekv\u00e4m, himmelsk viloplats. S\u00e4rskilt smart: Ryggst\u00f6det kan justeras s\u00e5 att...\" \/>\n<meta property=\"og:url\" content=\"https:\/\/truusk.store\/sv\/produkt\/truusk-hollywood-svang-med-liggfunktion-3-sits-tradgardssvang-med-justerbart-tak-sidobord-vattenavvisande-svangbank\/\" \/>\n<meta property=\"og:site_name\" content=\"TRUUSK - Hem, Tr\u00e4dg\u00e5rd &amp; Fritid\" \/>\n<meta property=\"article:modified_time\" content=\"2026-03-12T08:38:34+00:00\" \/>\n<meta property=\"og:image\" content=\"https:\/\/i0.wp.com\/truusk.se\/wp-content\/uploads\/2025\/06\/hollywood-svang-med-liggfunktion-3-sits-tradgardssvang-med-justerbart-tak-sidobord-vattenavvisande-svangbank-belastbar-upp-till-340kg-for-tradgard-200x120x164cm-kramvit-1.webp?fit=2000%2C2000&ssl=1\" \/>\n\t<meta property=\"og:image:width\" content=\"2000\" \/>\n\t<meta property=\"og:image:height\" content=\"2000\" \/>\n\t<meta property=\"og:image:type\" content=\"image\/webp\" \/>\n<meta name=\"twitter:card\" content=\"summary_large_image\" \/>\n<meta name=\"twitter:label1\" content=\"Ber\u00e4knad l\u00e4stid\" \/>\n\t<meta name=\"twitter:data1\" content=\"1 minut\" \/>\n<!-- \/ Yoast SEO plugin. -->","yoast_head_json":{"title":"TRUUSK Hollywood-sv\u00e4ng med liggfunktion - 3-sits tr\u00e4dg\u00e5rdssv\u00e4ng med justerbart tak - Sidobord - Vattenavvisande sv\u00e4ngb\u00e4nk - TRUUSK - Hem, Tr\u00e4dg\u00e5rd &amp; Fritid","robots":{"index":"index","follow":"follow","max-snippet":"max-snippet:-1","max-image-preview":"max-image-preview:large","max-video-preview":"max-video-preview:-1"},"canonical":"https:\/\/truusk.store\/sv\/produkt\/truusk-hollywood-svang-med-liggfunktion-3-sits-tradgardssvang-med-justerbart-tak-sidobord-vattenavvisande-svangbank\/","og_locale":"sv_SE","og_type":"article","og_title":"TRUUSK Hollywood-sv\u00e4ng med liggfunktion - 3-sits tr\u00e4dg\u00e5rdssv\u00e4ng med justerbart tak - Sidobord - Vattenavvisande sv\u00e4ngb\u00e4nk - TRUUSK - Hem, Tr\u00e4dg\u00e5rd &amp; Fritid","og_description":"Denna fantastiska Hollywood-sv\u00e4ng fr\u00e5n TRUUSK kompletterar din tr\u00e4dg\u00e5rd med en ultrabekv\u00e4m, himmelsk viloplats. S\u00e4rskilt smart: Ryggst\u00f6det kan justeras s\u00e5 att...","og_url":"https:\/\/truusk.store\/sv\/produkt\/truusk-hollywood-svang-med-liggfunktion-3-sits-tradgardssvang-med-justerbart-tak-sidobord-vattenavvisande-svangbank\/","og_site_name":"TRUUSK - Hem, Tr\u00e4dg\u00e5rd &amp; Fritid","article_modified_time":"2026-03-12T08:38:34+00:00","og_image":[{"width":2000,"height":2000,"url":"https:\/\/i0.wp.com\/truusk.se\/wp-content\/uploads\/2025\/06\/hollywood-svang-med-liggfunktion-3-sits-tradgardssvang-med-justerbart-tak-sidobord-vattenavvisande-svangbank-belastbar-upp-till-340kg-for-tradgard-200x120x164cm-kramvit-1.webp?fit=2000%2C2000&ssl=1","type":"image\/webp"}],"twitter_card":"summary_large_image","twitter_misc":{"Ber\u00e4knad l\u00e4stid":"1 minut"},"schema":{"@context":"https:\/\/schema.org","@graph":[{"@type":"WebPage","@id":"https:\/\/truusk.store\/sv\/produkt\/truusk-hollywood-svang-med-liggfunktion-3-sits-tradgardssvang-med-justerbart-tak-sidobord-vattenavvisande-svangbank\/","url":"https:\/\/truusk.store\/sv\/produkt\/truusk-hollywood-svang-med-liggfunktion-3-sits-tradgardssvang-med-justerbart-tak-sidobord-vattenavvisande-svangbank\/","name":"TRUUSK Hollywood-sv\u00e4ng med liggfunktion - 3-sits tr\u00e4dg\u00e5rdssv\u00e4ng med justerbart tak - Sidobord - Vattenavvisande sv\u00e4ngb\u00e4nk - TRUUSK - Hem, Tr\u00e4dg\u00e5rd &amp; Fritid","isPartOf":{"@id":"https:\/\/truusk.store\/sv\/#website"},"primaryImageOfPage":{"@id":"https:\/\/truusk.store\/sv\/produkt\/truusk-hollywood-svang-med-liggfunktion-3-sits-tradgardssvang-med-justerbart-tak-sidobord-vattenavvisande-svangbank\/#primaryimage"},"image":{"@id":"https:\/\/truusk.store\/sv\/produkt\/truusk-hollywood-svang-med-liggfunktion-3-sits-tradgardssvang-med-justerbart-tak-sidobord-vattenavvisande-svangbank\/#primaryimage"},"thumbnailUrl":"https:\/\/i0.wp.com\/truusk.store\/wp-content\/uploads\/2025\/06\/hollywood-svang-med-liggfunktion-3-sits-tradgardssvang-med-justerbart-tak-sidobord-vattenavvisande-svangbank-belastbar-upp-till-340kg-for-tradgard-200x120x164cm-kramvit-1.webp?fit=2000%2C2000&ssl=1","datePublished":"2025-06-05T23:50:36+00:00","dateModified":"2026-03-12T08:38:34+00:00","breadcrumb":{"@id":"https:\/\/truusk.store\/sv\/produkt\/truusk-hollywood-svang-med-liggfunktion-3-sits-tradgardssvang-med-justerbart-tak-sidobord-vattenavvisande-svangbank\/#breadcrumb"},"inLanguage":"sv-SE","potentialAction":[{"@type":"ReadAction","target":["https:\/\/truusk.store\/sv\/produkt\/truusk-hollywood-svang-med-liggfunktion-3-sits-tradgardssvang-med-justerbart-tak-sidobord-vattenavvisande-svangbank\/"]}]},{"@type":"ImageObject","inLanguage":"sv-SE","@id":"https:\/\/truusk.store\/sv\/produkt\/truusk-hollywood-svang-med-liggfunktion-3-sits-tradgardssvang-med-justerbart-tak-sidobord-vattenavvisande-svangbank\/#primaryimage","url":"https:\/\/i0.wp.com\/truusk.store\/wp-content\/uploads\/2025\/06\/hollywood-svang-med-liggfunktion-3-sits-tradgardssvang-med-justerbart-tak-sidobord-vattenavvisande-svangbank-belastbar-upp-till-340kg-for-tradgard-200x120x164cm-kramvit-1.webp?fit=2000%2C2000&ssl=1","contentUrl":"https:\/\/i0.wp.com\/truusk.store\/wp-content\/uploads\/2025\/06\/hollywood-svang-med-liggfunktion-3-sits-tradgardssvang-med-justerbart-tak-sidobord-vattenavvisande-svangbank-belastbar-upp-till-340kg-for-tradgard-200x120x164cm-kramvit-1.webp?fit=2000%2C2000&ssl=1","width":2000,"height":2000},{"@type":"BreadcrumbList","@id":"https:\/\/truusk.store\/sv\/produkt\/truusk-hollywood-svang-med-liggfunktion-3-sits-tradgardssvang-med-justerbart-tak-sidobord-vattenavvisande-svangbank\/#breadcrumb","itemListElement":[{"@type":"ListItem","position":1,"name":"Home","item":"https:\/\/truusk.store\/sv\/"},{"@type":"ListItem","position":2,"name":"Shop","item":"https:\/\/truusk.store\/shop\/"},{"@type":"ListItem","position":3,"name":"TRUUSK Hollywood-sv\u00e4ng med liggfunktion &#8211; 3-sits tr\u00e4dg\u00e5rdssv\u00e4ng med justerbart tak &#8211; Sidobord &#8211; Vattenavvisande sv\u00e4ngb\u00e4nk &#8211;"}]},{"@type":"WebSite","@id":"https:\/\/truusk.store\/sv\/#website","url":"https:\/\/truusk.store\/sv\/","name":"TRUUSK - Hem, Tr\u00e4dg\u00e5rd & Fritid","description":"","publisher":{"@id":"https:\/\/truusk.store\/sv\/#organization"},"potentialAction":[{"@type":"SearchAction","target":{"@type":"EntryPoint","urlTemplate":"https:\/\/truusk.store\/sv\/?s={search_term_string}"},"query-input":{"@type":"PropertyValueSpecification","valueRequired":true,"valueName":"search_term_string"}}],"inLanguage":"sv-SE"},{"@type":"Organization","@id":"https:\/\/truusk.store\/sv\/#organization","name":"TRUUSK - Hem, Tr\u00e4dg\u00e5rd & Fritid","url":"https:\/\/truusk.store\/sv\/","logo":{"@type":"ImageObject","inLanguage":"sv-SE","@id":"https:\/\/truusk.store\/sv\/#\/schema\/logo\/image\/","url":"https:\/\/i0.wp.com\/truusk.store\/wp-content\/uploads\/2026\/03\/cropped-TRUUSK.png?fit=2032%2C917&ssl=1","contentUrl":"https:\/\/i0.wp.com\/truusk.store\/wp-content\/uploads\/2026\/03\/cropped-TRUUSK.png?fit=2032%2C917&ssl=1","width":2032,"height":917,"caption":"TRUUSK - Hem, Tr\u00e4dg\u00e5rd & Fritid"},"image":{"@id":"https:\/\/truusk.store\/sv\/#\/schema\/logo\/image\/"}}]}},"jetpack_sharing_enabled":true,"_links":{"self":[{"href":"https:\/\/truusk.store\/sv\/wp-json\/wp\/v2\/product\/73646","targetHints":{"allow":["GET"]}}],"collection":[{"href":"https:\/\/truusk.store\/sv\/wp-json\/wp\/v2\/product"}],"about":[{"href":"https:\/\/truusk.store\/sv\/wp-json\/wp\/v2\/types\/product"}],"wp:featuredmedia":[{"embeddable":true,"href":"https:\/\/truusk.store\/sv\/wp-json\/wp\/v2\/media\/73637"}],"wp:attachment":[{"href":"https:\/\/truusk.store\/sv\/wp-json\/wp\/v2\/media?parent=73646"}],"wp:term":[{"taxonomy":"product_brand","embeddable":true,"href":"https:\/\/truusk.store\/sv\/wp-json\/wp\/v2\/product_brand?post=73646"},{"taxonomy":"product_cat","embeddable":true,"href":"https:\/\/truusk.store\/sv\/wp-json\/wp\/v2\/product_cat?post=73646"},{"taxonomy":"product_tag","embeddable":true,"href":"https:\/\/truusk.store\/sv\/wp-json\/wp\/v2\/product_tag?post=73646"}],"curies":[{"name":"wp","href":"https:\/\/api.w.org\/{rel}","templated":true}]}}