{"id":73666,"date":"2025-06-06T00:52:37","date_gmt":"2025-06-05T23:52:37","guid":{"rendered":"https:\/\/truusk.store\/product\/vattenkokare-med-brodrost-17l-vattenkokare-4-brodskivor-frukostset-med-7-branningsnivaer-automatisk-avstangning-upptinings-uppvarmningsfunktion-och-smultrag-beige\/"},"modified":"2026-03-12T08:44:23","modified_gmt":"2026-03-12T07:44:23","slug":"truusk-vattenkokare-och-brodrost-set-17l-vattenkokare-4-brodskivor-7-branningsnivaer-automatisk-avstangning","status":"publish","type":"product","link":"https:\/\/truusk.store\/sv\/produkt\/truusk-vattenkokare-och-brodrost-set-17l-vattenkokare-4-brodskivor-7-branningsnivaer-automatisk-avstangning\/","title":{"rendered":"TRUUSK Vattenkokare och Br\u00f6drost Set &#8211; 1,7L Vattenkokare &#8211; 4 Br\u00f6dskivor &#8211; 7 Br\u00e4nningsniv\u00e5er &#8211; Automatisk Avst\u00e4ngning &#8211;"},"content":{"rendered":"<p>Detta TRUUSK vattenkokare br\u00f6drost set kombinerar en 1,7 liter snabbkokare och en fyrfacksbr\u00f6drost i ett snyggt bikakem\u00f6nster. Br\u00f6drosten erbjuder sju rostningsniv\u00e5er f\u00f6r ditt br\u00f6d och kaffekokaren f\u00f6rbereder tillr\u00e4ckligt med varmt vatten f\u00f6r upp till sex koppar te, perfekt f\u00f6r sociala sammankomster. Med detta praktiska br\u00f6drost vattenkokare set skapar du mer bekv\u00e4mlighet b\u00e5de till frukost och vid en mysig kafferunda.<\/p>\n<p>Beskrivning:<\/p>\n<ul>\n<li> 1,7 L snabbkokare och matchande fyrfacksbr\u00f6drost i elegant bikakem\u00f6nster<\/li>\n<li> Sju rostningsniv\u00e5er p\u00e5 br\u00f6drosten: V\u00e4lj din f\u00f6redragna niv\u00e5<\/li>\n<li> Ditt br\u00f6d hoppar automatiskt upp n\u00e4r det \u00e4r klart, och den automatiska centreringsfunktionen ger j\u00e4mn rostningsresultat<\/li>\n<li> Smulbricka p\u00e5 br\u00f6drosten f\u00f6r enkel reng\u00f6ring<\/li>\n<li> Vattenkokaren har ett l\u00e4ttl\u00e4st vattenst\u00e5ndsf\u00f6nster samt en Otter-termostat<\/li>\n<li> Br\u00f6drosten i frukostsetet erbjuder alternativ f\u00f6r upptining, uppv\u00e4rmning och avbrytning<\/li>\n<li> Vattenkokaren har tre s\u00e4kerhetsfunktioner: Automatisk avst\u00e4ngning, \u00f6verhettningsskydd och torrkokningsskydd<\/li>\n<li> LED-indikatorer p\u00e5 knapparna visar vattenkokarens status och \u00e4r anv\u00e4ndarv\u00e4nliga<\/li>\n<\/ul>\n<p> Tekniska data:<\/p>\n<ul>\n<li> F\u00e4rg: Beige<\/li>\n<li> Material: Plast, st\u00e5l<\/li>\n<li> Vattenkokarens dimensioner: 24,2L x 19,5B x 23,4H cm (med bas)<\/li>\n<li> Br\u00f6drostens dimensioner: 29,3L x 27,6B x 18,9H cm<\/li>\n<li> Varje facks storlek: 13,5L x 3,5B x 13,5H cm<\/li>\n<li> Maximal storlek f\u00f6r br\u00f6d: 12L x 12B x 1,5T cm<\/li>\n<li> Kapacitet f\u00f6r vattenkokaren: 1,7 L<\/li>\n<li> Sp\u00e4nning: 220-240V, 50\/60Hz (br\u00f6drost, vattenkokare)<\/li>\n<li> Effekt: 1350-1600W (br\u00f6drost), 1850-2200W (vattenkokare)<\/li>\n<li> Str\u00f6m: 6,13-6,66A (br\u00f6drost), 8,4-9,17A (vattenkokare)<\/li>\n<li> Kabell\u00e4ngd: 0,7 m (br\u00f6drost, vattenkokare)<\/li>\n<\/ul>\n<p>Leveransinneh\u00e5ll:<\/p>\n<ul>\n<li> 1 x Vattenkokare<\/li>\n<li> 1 x Br\u00f6drost<\/li>\n<li> 1 x Bruksanvisning<\/li>\n<\/ul>\n","protected":false},"excerpt":{"rendered":"<p>Detta TRUUSK vattenkokare br\u00f6drost set kombinerar en 1,7 liter snabbkokare och en fyrfacksbr\u00f6drost i ett snyggt bikakem\u00f6nster. Br\u00f6drosten erbjuder sju&#8230;<\/p>\n","protected":false},"featured_media":73656,"template":"","meta":[],"product_brand":[],"product_cat":[871,498,984,933],"product_tag":[],"class_list":{"0":"post-73666","1":"product","2":"type-product","3":"status-publish","4":"has-post-thumbnail","6":"product_cat-hus-hem","7":"product_cat-hushallsapparater","8":"product_cat-kleingerate","9":"product_cat-koksapparater","11":"first","12":"instock","13":"sale","14":"taxable","15":"shipping-taxable","16":"purchasable","17":"product-type-simple"},"yoast_head":"<!-- This site is optimized with the Yoast SEO plugin v25.4 - https:\/\/yoast.com\/wordpress\/plugins\/seo\/ -->\n<title>TRUUSK Vattenkokare och Br\u00f6drost Set - 1,7L Vattenkokare - 4 Br\u00f6dskivor - 7 Br\u00e4nningsniv\u00e5er - Automatisk Avst\u00e4ngning - TRUUSK - Hem, Tr\u00e4dg\u00e5rd &amp; Fritid<\/title>\n<meta name=\"robots\" content=\"index, follow, max-snippet:-1, max-image-preview:large, max-video-preview:-1\" \/>\n<link rel=\"canonical\" href=\"https:\/\/truusk.store\/sv\/produkt\/truusk-vattenkokare-och-brodrost-set-17l-vattenkokare-4-brodskivor-7-branningsnivaer-automatisk-avstangning\/\" \/>\n<meta property=\"og:locale\" content=\"sv_SE\" \/>\n<meta property=\"og:type\" content=\"article\" \/>\n<meta property=\"og:title\" content=\"TRUUSK Vattenkokare och Br\u00f6drost Set - 1,7L Vattenkokare - 4 Br\u00f6dskivor - 7 Br\u00e4nningsniv\u00e5er - Automatisk Avst\u00e4ngning - TRUUSK - Hem, Tr\u00e4dg\u00e5rd &amp; Fritid\" \/>\n<meta property=\"og:description\" content=\"Detta TRUUSK vattenkokare br\u00f6drost set kombinerar en 1,7 liter snabbkokare och en fyrfacksbr\u00f6drost i ett snyggt bikakem\u00f6nster. Br\u00f6drosten erbjuder sju...\" \/>\n<meta property=\"og:url\" content=\"https:\/\/truusk.store\/sv\/produkt\/truusk-vattenkokare-och-brodrost-set-17l-vattenkokare-4-brodskivor-7-branningsnivaer-automatisk-avstangning\/\" \/>\n<meta property=\"og:site_name\" content=\"TRUUSK - Hem, Tr\u00e4dg\u00e5rd &amp; Fritid\" \/>\n<meta property=\"article:modified_time\" content=\"2026-03-12T07:44:23+00:00\" \/>\n<meta property=\"og:image\" content=\"https:\/\/i0.wp.com\/truusk.se\/wp-content\/uploads\/2025\/06\/vattenkokare-med-brodrost-17l-vattenkokare-4-brodskivor-frukostset-med-7-branningsnivaer-automatisk-avstangning-upptinings-uppvarmningsfunktion-och-smultrag-beige-1.webp?fit=2000%2C2000&ssl=1\" \/>\n\t<meta property=\"og:image:width\" content=\"2000\" \/>\n\t<meta property=\"og:image:height\" content=\"2000\" \/>\n\t<meta property=\"og:image:type\" content=\"image\/webp\" \/>\n<meta name=\"twitter:card\" content=\"summary_large_image\" \/>\n<meta name=\"twitter:label1\" content=\"Ber\u00e4knad l\u00e4stid\" \/>\n\t<meta name=\"twitter:data1\" content=\"1 minut\" \/>\n<!-- \/ Yoast SEO plugin. -->","yoast_head_json":{"title":"TRUUSK Vattenkokare och Br\u00f6drost Set - 1,7L Vattenkokare - 4 Br\u00f6dskivor - 7 Br\u00e4nningsniv\u00e5er - Automatisk Avst\u00e4ngning - TRUUSK - Hem, Tr\u00e4dg\u00e5rd &amp; Fritid","robots":{"index":"index","follow":"follow","max-snippet":"max-snippet:-1","max-image-preview":"max-image-preview:large","max-video-preview":"max-video-preview:-1"},"canonical":"https:\/\/truusk.store\/sv\/produkt\/truusk-vattenkokare-och-brodrost-set-17l-vattenkokare-4-brodskivor-7-branningsnivaer-automatisk-avstangning\/","og_locale":"sv_SE","og_type":"article","og_title":"TRUUSK Vattenkokare och Br\u00f6drost Set - 1,7L Vattenkokare - 4 Br\u00f6dskivor - 7 Br\u00e4nningsniv\u00e5er - Automatisk Avst\u00e4ngning - TRUUSK - Hem, Tr\u00e4dg\u00e5rd &amp; Fritid","og_description":"Detta TRUUSK vattenkokare br\u00f6drost set kombinerar en 1,7 liter snabbkokare och en fyrfacksbr\u00f6drost i ett snyggt bikakem\u00f6nster. Br\u00f6drosten erbjuder sju...","og_url":"https:\/\/truusk.store\/sv\/produkt\/truusk-vattenkokare-och-brodrost-set-17l-vattenkokare-4-brodskivor-7-branningsnivaer-automatisk-avstangning\/","og_site_name":"TRUUSK - Hem, Tr\u00e4dg\u00e5rd &amp; Fritid","article_modified_time":"2026-03-12T07:44:23+00:00","og_image":[{"width":2000,"height":2000,"url":"https:\/\/i0.wp.com\/truusk.se\/wp-content\/uploads\/2025\/06\/vattenkokare-med-brodrost-17l-vattenkokare-4-brodskivor-frukostset-med-7-branningsnivaer-automatisk-avstangning-upptinings-uppvarmningsfunktion-och-smultrag-beige-1.webp?fit=2000%2C2000&ssl=1","type":"image\/webp"}],"twitter_card":"summary_large_image","twitter_misc":{"Ber\u00e4knad l\u00e4stid":"1 minut"},"schema":{"@context":"https:\/\/schema.org","@graph":[{"@type":"WebPage","@id":"https:\/\/truusk.store\/sv\/produkt\/truusk-vattenkokare-och-brodrost-set-17l-vattenkokare-4-brodskivor-7-branningsnivaer-automatisk-avstangning\/","url":"https:\/\/truusk.store\/sv\/produkt\/truusk-vattenkokare-och-brodrost-set-17l-vattenkokare-4-brodskivor-7-branningsnivaer-automatisk-avstangning\/","name":"TRUUSK Vattenkokare och Br\u00f6drost Set - 1,7L Vattenkokare - 4 Br\u00f6dskivor - 7 Br\u00e4nningsniv\u00e5er - Automatisk Avst\u00e4ngning - TRUUSK - Hem, Tr\u00e4dg\u00e5rd &amp; Fritid","isPartOf":{"@id":"https:\/\/truusk.store\/sv\/#website"},"primaryImageOfPage":{"@id":"https:\/\/truusk.store\/sv\/produkt\/truusk-vattenkokare-och-brodrost-set-17l-vattenkokare-4-brodskivor-7-branningsnivaer-automatisk-avstangning\/#primaryimage"},"image":{"@id":"https:\/\/truusk.store\/sv\/produkt\/truusk-vattenkokare-och-brodrost-set-17l-vattenkokare-4-brodskivor-7-branningsnivaer-automatisk-avstangning\/#primaryimage"},"thumbnailUrl":"https:\/\/i0.wp.com\/truusk.store\/wp-content\/uploads\/2025\/06\/vattenkokare-med-brodrost-17l-vattenkokare-4-brodskivor-frukostset-med-7-branningsnivaer-automatisk-avstangning-upptinings-uppvarmningsfunktion-och-smultrag-beige-1.webp?fit=2000%2C2000&ssl=1","datePublished":"2025-06-05T23:52:37+00:00","dateModified":"2026-03-12T07:44:23+00:00","breadcrumb":{"@id":"https:\/\/truusk.store\/sv\/produkt\/truusk-vattenkokare-och-brodrost-set-17l-vattenkokare-4-brodskivor-7-branningsnivaer-automatisk-avstangning\/#breadcrumb"},"inLanguage":"sv-SE","potentialAction":[{"@type":"ReadAction","target":["https:\/\/truusk.store\/sv\/produkt\/truusk-vattenkokare-och-brodrost-set-17l-vattenkokare-4-brodskivor-7-branningsnivaer-automatisk-avstangning\/"]}]},{"@type":"ImageObject","inLanguage":"sv-SE","@id":"https:\/\/truusk.store\/sv\/produkt\/truusk-vattenkokare-och-brodrost-set-17l-vattenkokare-4-brodskivor-7-branningsnivaer-automatisk-avstangning\/#primaryimage","url":"https:\/\/i0.wp.com\/truusk.store\/wp-content\/uploads\/2025\/06\/vattenkokare-med-brodrost-17l-vattenkokare-4-brodskivor-frukostset-med-7-branningsnivaer-automatisk-avstangning-upptinings-uppvarmningsfunktion-och-smultrag-beige-1.webp?fit=2000%2C2000&ssl=1","contentUrl":"https:\/\/i0.wp.com\/truusk.store\/wp-content\/uploads\/2025\/06\/vattenkokare-med-brodrost-17l-vattenkokare-4-brodskivor-frukostset-med-7-branningsnivaer-automatisk-avstangning-upptinings-uppvarmningsfunktion-och-smultrag-beige-1.webp?fit=2000%2C2000&ssl=1","width":2000,"height":2000},{"@type":"BreadcrumbList","@id":"https:\/\/truusk.store\/sv\/produkt\/truusk-vattenkokare-och-brodrost-set-17l-vattenkokare-4-brodskivor-7-branningsnivaer-automatisk-avstangning\/#breadcrumb","itemListElement":[{"@type":"ListItem","position":1,"name":"Home","item":"https:\/\/truusk.store\/sv\/"},{"@type":"ListItem","position":2,"name":"Shop","item":"https:\/\/truusk.store\/shop\/"},{"@type":"ListItem","position":3,"name":"TRUUSK Vattenkokare och Br\u00f6drost Set &#8211; 1,7L Vattenkokare &#8211; 4 Br\u00f6dskivor &#8211; 7 Br\u00e4nningsniv\u00e5er &#8211; Automatisk Avst\u00e4ngning &#8211;"}]},{"@type":"WebSite","@id":"https:\/\/truusk.store\/sv\/#website","url":"https:\/\/truusk.store\/sv\/","name":"TRUUSK - Hem, Tr\u00e4dg\u00e5rd & Fritid","description":"","publisher":{"@id":"https:\/\/truusk.store\/sv\/#organization"},"potentialAction":[{"@type":"SearchAction","target":{"@type":"EntryPoint","urlTemplate":"https:\/\/truusk.store\/sv\/?s={search_term_string}"},"query-input":{"@type":"PropertyValueSpecification","valueRequired":true,"valueName":"search_term_string"}}],"inLanguage":"sv-SE"},{"@type":"Organization","@id":"https:\/\/truusk.store\/sv\/#organization","name":"TRUUSK - Hem, Tr\u00e4dg\u00e5rd & Fritid","url":"https:\/\/truusk.store\/sv\/","logo":{"@type":"ImageObject","inLanguage":"sv-SE","@id":"https:\/\/truusk.store\/sv\/#\/schema\/logo\/image\/","url":"https:\/\/i0.wp.com\/truusk.store\/wp-content\/uploads\/2026\/03\/cropped-TRUUSK.png?fit=2032%2C917&ssl=1","contentUrl":"https:\/\/i0.wp.com\/truusk.store\/wp-content\/uploads\/2026\/03\/cropped-TRUUSK.png?fit=2032%2C917&ssl=1","width":2032,"height":917,"caption":"TRUUSK - Hem, Tr\u00e4dg\u00e5rd & Fritid"},"image":{"@id":"https:\/\/truusk.store\/sv\/#\/schema\/logo\/image\/"}}]}},"jetpack_sharing_enabled":true,"_links":{"self":[{"href":"https:\/\/truusk.store\/sv\/wp-json\/wp\/v2\/product\/73666","targetHints":{"allow":["GET"]}}],"collection":[{"href":"https:\/\/truusk.store\/sv\/wp-json\/wp\/v2\/product"}],"about":[{"href":"https:\/\/truusk.store\/sv\/wp-json\/wp\/v2\/types\/product"}],"wp:featuredmedia":[{"embeddable":true,"href":"https:\/\/truusk.store\/sv\/wp-json\/wp\/v2\/media\/73656"}],"wp:attachment":[{"href":"https:\/\/truusk.store\/sv\/wp-json\/wp\/v2\/media?parent=73666"}],"wp:term":[{"taxonomy":"product_brand","embeddable":true,"href":"https:\/\/truusk.store\/sv\/wp-json\/wp\/v2\/product_brand?post=73666"},{"taxonomy":"product_cat","embeddable":true,"href":"https:\/\/truusk.store\/sv\/wp-json\/wp\/v2\/product_cat?post=73666"},{"taxonomy":"product_tag","embeddable":true,"href":"https:\/\/truusk.store\/sv\/wp-json\/wp\/v2\/product_tag?post=73666"}],"curies":[{"name":"wp","href":"https:\/\/api.w.org\/{rel}","templated":true}]}}