{"id":73686,"date":"2025-06-06T00:54:44","date_gmt":"2025-06-05T23:54:44","guid":{"rendered":"https:\/\/truusk.store\/product\/grasluftare-aerator-for-gras-45cm-bredd-manuell-grasluftare-med-30-jarnspikar-tradgardsverktyg-jordbana-karnplugg-vertikalskarare-grasspett-grasvard-for-gardar-och-grasmattor\/"},"modified":"2026-03-12T08:43:07","modified_gmt":"2026-03-12T07:43:07","slug":"truusk-grasluftare-45-cm-manuell-med-30-jarnspikar-tradgardsverktyg-for-grasmattor-vertikalskarare-grasspett-jordbana","status":"publish","type":"product","link":"https:\/\/truusk.store\/sv\/produkt\/truusk-grasluftare-45-cm-manuell-med-30-jarnspikar-tradgardsverktyg-for-grasmattor-vertikalskarare-grasspett-jordbana\/","title":{"rendered":"TRUUSK Gr\u00e4sluftare 45 cm &#8211; Manuell med 30 j\u00e4rnspikar &#8211; Tr\u00e4dg\u00e5rdsverktyg f\u00f6r gr\u00e4smattor &#8211; Vertikalsk\u00e4rare &#8211; Gr\u00e4sspett &#8211; Jordbana"},"content":{"rendered":"<p>F\u00f6rvandla din tr\u00e4dg\u00e5rd med TRUUSK manuell vertikalsk\u00e4rare! Den 150 mm spikrullen p\u00e5 gr\u00e4sluftaren ger djup markventilation, och trettio 30 mm spikar glider smidigt \u00f6ver alla typer av gr\u00e4s, vilket m\u00f6jligg\u00f6r effektiv ventilation \u00e4ven p\u00e5 oj\u00e4mna ytor. Tillverkad av slitstarkt, galvaniserat st\u00e5l och plast, erbjuder denna gr\u00e4sluftare h\u00e5llbarhet och \u00e4r idealisk f\u00f6r alla tr\u00e4dg\u00e5rdsentusiaster som l\u00e4ngtar efter en frodig, gr\u00f6n gr\u00e4smatta.<\/p>\n<p>Beskrivning:<\/p>\n<ul>\n<li> 150 mm spikrulle ventilerar snabbt marken f\u00f6r h\u00e4lsosammare tr\u00e4dg\u00e5rdar<\/li>\n<li> Trettio 30 mm spikar p\u00e5 gr\u00e4sluftaren ger djup och j\u00e4mn markventilation<\/li>\n<li> Gr\u00e4sluftarens tredelade st\u00e5lr\u00f6r kopplas s\u00e4kert samman, vilket minskar monteringsinsatsen<\/li>\n<li> Bekv\u00e4m 100 cm l\u00e4ngd minimerar b\u00f6jning<\/li>\n<li> Galvaniserat st\u00e5l och robust plast erbjuder l\u00e5ngvarig h\u00e5llbarhet<\/li>\n<li> Monteringen kr\u00e4vs<\/li>\n<\/ul>\n<p> Tekniska data:<\/p>\n<ul>\n<li> F\u00e4rg: M\u00f6rkgr\u00f6n<\/li>\n<li> Material: St\u00e5l, plast<\/li>\n<li> Totala dimensioner: 45L x 21B x 140H cm<\/li>\n<li> L\u00e4ngd p\u00e5 anslutningsst\u00e5ngen: 100 cm<\/li>\n<li> L\u00e4ngd p\u00e5 T-handtaget: 30 cm<\/li>\n<li> Enkelhjul med spikar dimensioner: \u00d815 x 3B cm<\/li>\n<li> Spikl\u00e4ngd: 3 cm<\/li>\n<\/ul>\n<p> Leveransinneh\u00e5ll:<\/p>\n<ul>\n<li> 1 x Rullande gr\u00e4sluftare<\/li>\n<li> 1 x Handbok<\/li>\n<\/ul>\n","protected":false},"excerpt":{"rendered":"<p>F\u00f6rvandla din tr\u00e4dg\u00e5rd med TRUUSK manuell vertikalsk\u00e4rare! Den 150 mm spikrullen p\u00e5 gr\u00e4sluftaren ger djup markventilation, och trettio 30 mm&#8230;<\/p>\n","protected":false},"featured_media":73677,"template":"","meta":[],"product_brand":[],"product_cat":[867,704],"product_tag":[],"class_list":{"0":"post-73686","1":"product","2":"type-product","3":"status-publish","4":"has-post-thumbnail","6":"product_cat-byggmarknad","7":"product_cat-tradgardsskotsel","9":"first","10":"instock","11":"sale","12":"taxable","13":"shipping-taxable","14":"purchasable","15":"product-type-simple"},"yoast_head":"<!-- This site is optimized with the Yoast SEO plugin v25.4 - https:\/\/yoast.com\/wordpress\/plugins\/seo\/ -->\n<title>TRUUSK Gr\u00e4sluftare 45 cm - Manuell med 30 j\u00e4rnspikar - Tr\u00e4dg\u00e5rdsverktyg f\u00f6r gr\u00e4smattor - Vertikalsk\u00e4rare - Gr\u00e4sspett - Jordbana - TRUUSK - Hem, Tr\u00e4dg\u00e5rd &amp; Fritid<\/title>\n<meta name=\"robots\" content=\"index, follow, max-snippet:-1, max-image-preview:large, max-video-preview:-1\" \/>\n<link rel=\"canonical\" href=\"https:\/\/truusk.store\/sv\/produkt\/truusk-grasluftare-45-cm-manuell-med-30-jarnspikar-tradgardsverktyg-for-grasmattor-vertikalskarare-grasspett-jordbana\/\" \/>\n<meta property=\"og:locale\" content=\"sv_SE\" \/>\n<meta property=\"og:type\" content=\"article\" \/>\n<meta property=\"og:title\" content=\"TRUUSK Gr\u00e4sluftare 45 cm - Manuell med 30 j\u00e4rnspikar - Tr\u00e4dg\u00e5rdsverktyg f\u00f6r gr\u00e4smattor - Vertikalsk\u00e4rare - Gr\u00e4sspett - Jordbana - TRUUSK - Hem, Tr\u00e4dg\u00e5rd &amp; Fritid\" \/>\n<meta property=\"og:description\" content=\"F\u00f6rvandla din tr\u00e4dg\u00e5rd med TRUUSK manuell vertikalsk\u00e4rare! Den 150 mm spikrullen p\u00e5 gr\u00e4sluftaren ger djup markventilation, och trettio 30 mm...\" \/>\n<meta property=\"og:url\" content=\"https:\/\/truusk.store\/sv\/produkt\/truusk-grasluftare-45-cm-manuell-med-30-jarnspikar-tradgardsverktyg-for-grasmattor-vertikalskarare-grasspett-jordbana\/\" \/>\n<meta property=\"og:site_name\" content=\"TRUUSK - Hem, Tr\u00e4dg\u00e5rd &amp; Fritid\" \/>\n<meta property=\"article:modified_time\" content=\"2026-03-12T07:43:07+00:00\" \/>\n<meta property=\"og:image\" content=\"https:\/\/i0.wp.com\/truusk.se\/wp-content\/uploads\/2025\/06\/grasluftare-aerator-for-gras-45cm-bredd-manuell-grasluftare-med-30-jarnspikar-tradgardsverktyg-jordbana-karnplugg-vertikalskarare-grasspett-grasvard-for-gardar-och-grasmattor-1.webp?fit=2000%2C2000&ssl=1\" \/>\n\t<meta property=\"og:image:width\" content=\"2000\" \/>\n\t<meta property=\"og:image:height\" content=\"2000\" \/>\n\t<meta property=\"og:image:type\" content=\"image\/webp\" \/>\n<meta name=\"twitter:card\" content=\"summary_large_image\" \/>\n<meta name=\"twitter:label1\" content=\"Ber\u00e4knad l\u00e4stid\" \/>\n\t<meta name=\"twitter:data1\" content=\"1 minut\" \/>\n<!-- \/ Yoast SEO plugin. -->","yoast_head_json":{"title":"TRUUSK Gr\u00e4sluftare 45 cm - Manuell med 30 j\u00e4rnspikar - Tr\u00e4dg\u00e5rdsverktyg f\u00f6r gr\u00e4smattor - Vertikalsk\u00e4rare - Gr\u00e4sspett - Jordbana - TRUUSK - Hem, Tr\u00e4dg\u00e5rd &amp; Fritid","robots":{"index":"index","follow":"follow","max-snippet":"max-snippet:-1","max-image-preview":"max-image-preview:large","max-video-preview":"max-video-preview:-1"},"canonical":"https:\/\/truusk.store\/sv\/produkt\/truusk-grasluftare-45-cm-manuell-med-30-jarnspikar-tradgardsverktyg-for-grasmattor-vertikalskarare-grasspett-jordbana\/","og_locale":"sv_SE","og_type":"article","og_title":"TRUUSK Gr\u00e4sluftare 45 cm - Manuell med 30 j\u00e4rnspikar - Tr\u00e4dg\u00e5rdsverktyg f\u00f6r gr\u00e4smattor - Vertikalsk\u00e4rare - Gr\u00e4sspett - Jordbana - TRUUSK - Hem, Tr\u00e4dg\u00e5rd &amp; Fritid","og_description":"F\u00f6rvandla din tr\u00e4dg\u00e5rd med TRUUSK manuell vertikalsk\u00e4rare! Den 150 mm spikrullen p\u00e5 gr\u00e4sluftaren ger djup markventilation, och trettio 30 mm...","og_url":"https:\/\/truusk.store\/sv\/produkt\/truusk-grasluftare-45-cm-manuell-med-30-jarnspikar-tradgardsverktyg-for-grasmattor-vertikalskarare-grasspett-jordbana\/","og_site_name":"TRUUSK - Hem, Tr\u00e4dg\u00e5rd &amp; Fritid","article_modified_time":"2026-03-12T07:43:07+00:00","og_image":[{"width":2000,"height":2000,"url":"https:\/\/i0.wp.com\/truusk.se\/wp-content\/uploads\/2025\/06\/grasluftare-aerator-for-gras-45cm-bredd-manuell-grasluftare-med-30-jarnspikar-tradgardsverktyg-jordbana-karnplugg-vertikalskarare-grasspett-grasvard-for-gardar-och-grasmattor-1.webp?fit=2000%2C2000&ssl=1","type":"image\/webp"}],"twitter_card":"summary_large_image","twitter_misc":{"Ber\u00e4knad l\u00e4stid":"1 minut"},"schema":{"@context":"https:\/\/schema.org","@graph":[{"@type":"WebPage","@id":"https:\/\/truusk.store\/sv\/produkt\/truusk-grasluftare-45-cm-manuell-med-30-jarnspikar-tradgardsverktyg-for-grasmattor-vertikalskarare-grasspett-jordbana\/","url":"https:\/\/truusk.store\/sv\/produkt\/truusk-grasluftare-45-cm-manuell-med-30-jarnspikar-tradgardsverktyg-for-grasmattor-vertikalskarare-grasspett-jordbana\/","name":"TRUUSK Gr\u00e4sluftare 45 cm - Manuell med 30 j\u00e4rnspikar - Tr\u00e4dg\u00e5rdsverktyg f\u00f6r gr\u00e4smattor - Vertikalsk\u00e4rare - Gr\u00e4sspett - Jordbana - TRUUSK - Hem, Tr\u00e4dg\u00e5rd &amp; Fritid","isPartOf":{"@id":"https:\/\/truusk.store\/sv\/#website"},"primaryImageOfPage":{"@id":"https:\/\/truusk.store\/sv\/produkt\/truusk-grasluftare-45-cm-manuell-med-30-jarnspikar-tradgardsverktyg-for-grasmattor-vertikalskarare-grasspett-jordbana\/#primaryimage"},"image":{"@id":"https:\/\/truusk.store\/sv\/produkt\/truusk-grasluftare-45-cm-manuell-med-30-jarnspikar-tradgardsverktyg-for-grasmattor-vertikalskarare-grasspett-jordbana\/#primaryimage"},"thumbnailUrl":"https:\/\/i0.wp.com\/truusk.store\/wp-content\/uploads\/2025\/06\/grasluftare-aerator-for-gras-45cm-bredd-manuell-grasluftare-med-30-jarnspikar-tradgardsverktyg-jordbana-karnplugg-vertikalskarare-grasspett-grasvard-for-gardar-och-grasmattor-1.webp?fit=2000%2C2000&ssl=1","datePublished":"2025-06-05T23:54:44+00:00","dateModified":"2026-03-12T07:43:07+00:00","breadcrumb":{"@id":"https:\/\/truusk.store\/sv\/produkt\/truusk-grasluftare-45-cm-manuell-med-30-jarnspikar-tradgardsverktyg-for-grasmattor-vertikalskarare-grasspett-jordbana\/#breadcrumb"},"inLanguage":"sv-SE","potentialAction":[{"@type":"ReadAction","target":["https:\/\/truusk.store\/sv\/produkt\/truusk-grasluftare-45-cm-manuell-med-30-jarnspikar-tradgardsverktyg-for-grasmattor-vertikalskarare-grasspett-jordbana\/"]}]},{"@type":"ImageObject","inLanguage":"sv-SE","@id":"https:\/\/truusk.store\/sv\/produkt\/truusk-grasluftare-45-cm-manuell-med-30-jarnspikar-tradgardsverktyg-for-grasmattor-vertikalskarare-grasspett-jordbana\/#primaryimage","url":"https:\/\/i0.wp.com\/truusk.store\/wp-content\/uploads\/2025\/06\/grasluftare-aerator-for-gras-45cm-bredd-manuell-grasluftare-med-30-jarnspikar-tradgardsverktyg-jordbana-karnplugg-vertikalskarare-grasspett-grasvard-for-gardar-och-grasmattor-1.webp?fit=2000%2C2000&ssl=1","contentUrl":"https:\/\/i0.wp.com\/truusk.store\/wp-content\/uploads\/2025\/06\/grasluftare-aerator-for-gras-45cm-bredd-manuell-grasluftare-med-30-jarnspikar-tradgardsverktyg-jordbana-karnplugg-vertikalskarare-grasspett-grasvard-for-gardar-och-grasmattor-1.webp?fit=2000%2C2000&ssl=1","width":2000,"height":2000},{"@type":"BreadcrumbList","@id":"https:\/\/truusk.store\/sv\/produkt\/truusk-grasluftare-45-cm-manuell-med-30-jarnspikar-tradgardsverktyg-for-grasmattor-vertikalskarare-grasspett-jordbana\/#breadcrumb","itemListElement":[{"@type":"ListItem","position":1,"name":"Home","item":"https:\/\/truusk.store\/sv\/"},{"@type":"ListItem","position":2,"name":"Shop","item":"https:\/\/truusk.store\/shop\/"},{"@type":"ListItem","position":3,"name":"TRUUSK Gr\u00e4sluftare 45 cm &#8211; Manuell med 30 j\u00e4rnspikar &#8211; Tr\u00e4dg\u00e5rdsverktyg f\u00f6r gr\u00e4smattor &#8211; Vertikalsk\u00e4rare &#8211; Gr\u00e4sspett &#8211; Jordbana"}]},{"@type":"WebSite","@id":"https:\/\/truusk.store\/sv\/#website","url":"https:\/\/truusk.store\/sv\/","name":"TRUUSK - Hem, Tr\u00e4dg\u00e5rd & Fritid","description":"","publisher":{"@id":"https:\/\/truusk.store\/sv\/#organization"},"potentialAction":[{"@type":"SearchAction","target":{"@type":"EntryPoint","urlTemplate":"https:\/\/truusk.store\/sv\/?s={search_term_string}"},"query-input":{"@type":"PropertyValueSpecification","valueRequired":true,"valueName":"search_term_string"}}],"inLanguage":"sv-SE"},{"@type":"Organization","@id":"https:\/\/truusk.store\/sv\/#organization","name":"TRUUSK - Hem, Tr\u00e4dg\u00e5rd & Fritid","url":"https:\/\/truusk.store\/sv\/","logo":{"@type":"ImageObject","inLanguage":"sv-SE","@id":"https:\/\/truusk.store\/sv\/#\/schema\/logo\/image\/","url":"https:\/\/i0.wp.com\/truusk.store\/wp-content\/uploads\/2026\/03\/cropped-TRUUSK.png?fit=2032%2C917&ssl=1","contentUrl":"https:\/\/i0.wp.com\/truusk.store\/wp-content\/uploads\/2026\/03\/cropped-TRUUSK.png?fit=2032%2C917&ssl=1","width":2032,"height":917,"caption":"TRUUSK - Hem, Tr\u00e4dg\u00e5rd & Fritid"},"image":{"@id":"https:\/\/truusk.store\/sv\/#\/schema\/logo\/image\/"}}]}},"jetpack_sharing_enabled":true,"_links":{"self":[{"href":"https:\/\/truusk.store\/sv\/wp-json\/wp\/v2\/product\/73686","targetHints":{"allow":["GET"]}}],"collection":[{"href":"https:\/\/truusk.store\/sv\/wp-json\/wp\/v2\/product"}],"about":[{"href":"https:\/\/truusk.store\/sv\/wp-json\/wp\/v2\/types\/product"}],"wp:featuredmedia":[{"embeddable":true,"href":"https:\/\/truusk.store\/sv\/wp-json\/wp\/v2\/media\/73677"}],"wp:attachment":[{"href":"https:\/\/truusk.store\/sv\/wp-json\/wp\/v2\/media?parent=73686"}],"wp:term":[{"taxonomy":"product_brand","embeddable":true,"href":"https:\/\/truusk.store\/sv\/wp-json\/wp\/v2\/product_brand?post=73686"},{"taxonomy":"product_cat","embeddable":true,"href":"https:\/\/truusk.store\/sv\/wp-json\/wp\/v2\/product_cat?post=73686"},{"taxonomy":"product_tag","embeddable":true,"href":"https:\/\/truusk.store\/sv\/wp-json\/wp\/v2\/product_tag?post=73686"}],"curies":[{"name":"wp","href":"https:\/\/api.w.org\/{rel}","templated":true}]}}