{"id":73746,"date":"2025-06-06T01:00:37","date_gmt":"2025-06-06T00:00:37","guid":{"rendered":"https:\/\/truusk.store\/product\/3-delat-set-regnkedja-123cm-regnavrinningskedja-av-metall-avrinningskedja-med-fast-hangare-faglar-bell-takrannkedja-regnvattenkedja-regnfangarkedja-for-takrannor-regnfangare-regnkedjor\/"},"modified":"2026-03-12T08:42:57","modified_gmt":"2026-03-12T07:42:57","slug":"truusk-3-delat-regnkedja-set-av-metall-med-faglar-bell-for-takrannor-regnvattenkedja-123cm-regnkedjor","status":"publish","type":"product","link":"https:\/\/truusk.store\/sv\/produkt\/truusk-3-delat-regnkedja-set-av-metall-med-faglar-bell-for-takrannor-regnvattenkedja-123cm-regnkedjor\/","title":{"rendered":"TRUUSK 3-delat Regnkedja Set &#8211; Av Metall &#8211; Med F\u00e5glar Bell &#8211; F\u00f6r Takr\u00e4nnor &#8211; Regnvattenkedja &#8211; 123cm &#8211; Regnkedjor"},"content":{"rendered":"<p>F\u00f6rsk\u00f6na din tr\u00e4dg\u00e5rd med TRUUSK&#8217;s set med tre regnkedjor, dekorerade med kolibrier, blomk\u00e5lskoppar och en lotusklocka. Tillverkade av korrosionsbest\u00e4ndigt metall, f\u00e5ngar och leder dessa regnkedjor elegant regnvatten och berikar ditt utomhusomr\u00e5de med harmoniska ljud. L\u00e4tt att montera, erbjuder de med lotusklockan en charmig extra f\u00f6r dina takr\u00e4nnor.<\/p>\n<p>Beskrivning:<\/p>\n<ul>\n<li> Set med tre regnkedjor f\u00f6rb\u00e4ttrar det visuella utseendet inomhus och utomhus<\/li>\n<li> Utm\u00e4rkt design med kolibrier, blomk\u00e5lskoppar och en lotusklocka<\/li>\n<li> Skyddsmetallbel\u00e4ggning p\u00e5 regnavrinningskedjan motst\u00e5r rost f\u00f6r h\u00e5llbarhet<\/li>\n<li> Lotus-klockan p\u00e5 regnavrinningskedjan skapar lugnande ljud p\u00e5 bl\u00e5siga dagar<\/li>\n<li> Med en metallkrok, l\u00e4tt att h\u00e4nga upp och koppla samman f\u00f6r att bilda en l\u00e4ngre regnf\u00e5ngare<\/li>\n<li> Leder effektivt och estetiskt regnvatten ist\u00e4llet f\u00f6r stupr\u00f6r<\/li>\n<\/ul>\n<p> Tekniska specifikationer:<\/p>\n<ul>\n<li> F\u00e4rg: Gr\u00f6n<\/li>\n<li> Material: Metall<\/li>\n<li> Total storlek: \u00d812 x 123L cm<\/li>\n<li> Storlek p\u00e5 enskild kopp: \u00d812 x 5H cm<\/li>\n<li> Storlek p\u00e5 enskild kolibri: 9L x 5B cm<\/li>\n<li> Krokdimensioner: 5B x 7H cm<\/li>\n<\/ul>\n<p>Leveransinneh\u00e5ll:<\/p>\n<ul>\n<li> 3 x regnkedjor;<\/li>\n<\/ul>\n","protected":false},"excerpt":{"rendered":"<p>F\u00f6rsk\u00f6na din tr\u00e4dg\u00e5rd med TRUUSK&#8217;s set med tre regnkedjor, dekorerade med kolibrier, blomk\u00e5lskoppar och en lotusklocka. Tillverkade av korrosionsbest\u00e4ndigt metall,&#8230;<\/p>\n","protected":false},"featured_media":73737,"template":"","meta":[],"product_brand":[],"product_cat":[858,464],"product_tag":[],"class_list":{"0":"post-73746","1":"product","2":"type-product","3":"status-publish","4":"has-post-thumbnail","6":"product_cat-tradgard-terrass","7":"product_cat-tradgardsdekoration","9":"first","10":"instock","11":"sale","12":"taxable","13":"shipping-taxable","14":"purchasable","15":"product-type-simple"},"yoast_head":"<!-- This site is optimized with the Yoast SEO plugin v25.4 - https:\/\/yoast.com\/wordpress\/plugins\/seo\/ -->\n<title>TRUUSK 3-delat Regnkedja Set - Av Metall - Med F\u00e5glar Bell - F\u00f6r Takr\u00e4nnor - Regnvattenkedja - 123cm - Regnkedjor - TRUUSK - Hem, Tr\u00e4dg\u00e5rd &amp; Fritid<\/title>\n<meta name=\"robots\" content=\"index, follow, max-snippet:-1, max-image-preview:large, max-video-preview:-1\" \/>\n<link rel=\"canonical\" href=\"https:\/\/truusk.store\/sv\/produkt\/truusk-3-delat-regnkedja-set-av-metall-med-faglar-bell-for-takrannor-regnvattenkedja-123cm-regnkedjor\/\" \/>\n<meta property=\"og:locale\" content=\"sv_SE\" \/>\n<meta property=\"og:type\" content=\"article\" \/>\n<meta property=\"og:title\" content=\"TRUUSK 3-delat Regnkedja Set - Av Metall - Med F\u00e5glar Bell - F\u00f6r Takr\u00e4nnor - Regnvattenkedja - 123cm - Regnkedjor - TRUUSK - Hem, Tr\u00e4dg\u00e5rd &amp; Fritid\" \/>\n<meta property=\"og:description\" content=\"F\u00f6rsk\u00f6na din tr\u00e4dg\u00e5rd med TRUUSK&#8217;s set med tre regnkedjor, dekorerade med kolibrier, blomk\u00e5lskoppar och en lotusklocka. Tillverkade av korrosionsbest\u00e4ndigt metall,...\" \/>\n<meta property=\"og:url\" content=\"https:\/\/truusk.store\/sv\/produkt\/truusk-3-delat-regnkedja-set-av-metall-med-faglar-bell-for-takrannor-regnvattenkedja-123cm-regnkedjor\/\" \/>\n<meta property=\"og:site_name\" content=\"TRUUSK - Hem, Tr\u00e4dg\u00e5rd &amp; Fritid\" \/>\n<meta property=\"article:modified_time\" content=\"2026-03-12T07:42:57+00:00\" \/>\n<meta property=\"og:image\" content=\"https:\/\/i0.wp.com\/truusk.se\/wp-content\/uploads\/2025\/06\/3-delat-set-regnkedja-123cm-regnavrinningskedja-av-metall-avrinningskedja-med-fast-hangare-faglar-bell-takrannkedja-regnvattenkedja-regnfangarkedja-for-takrannor-regnfangare-regnkedjor-1.webp?fit=2000%2C2000&ssl=1\" \/>\n\t<meta property=\"og:image:width\" content=\"2000\" \/>\n\t<meta property=\"og:image:height\" content=\"2000\" \/>\n\t<meta property=\"og:image:type\" content=\"image\/webp\" \/>\n<meta name=\"twitter:card\" content=\"summary_large_image\" \/>\n<meta name=\"twitter:label1\" content=\"Ber\u00e4knad l\u00e4stid\" \/>\n\t<meta name=\"twitter:data1\" content=\"1 minut\" \/>\n<!-- \/ Yoast SEO plugin. -->","yoast_head_json":{"title":"TRUUSK 3-delat Regnkedja Set - Av Metall - Med F\u00e5glar Bell - F\u00f6r Takr\u00e4nnor - Regnvattenkedja - 123cm - Regnkedjor - TRUUSK - Hem, Tr\u00e4dg\u00e5rd &amp; Fritid","robots":{"index":"index","follow":"follow","max-snippet":"max-snippet:-1","max-image-preview":"max-image-preview:large","max-video-preview":"max-video-preview:-1"},"canonical":"https:\/\/truusk.store\/sv\/produkt\/truusk-3-delat-regnkedja-set-av-metall-med-faglar-bell-for-takrannor-regnvattenkedja-123cm-regnkedjor\/","og_locale":"sv_SE","og_type":"article","og_title":"TRUUSK 3-delat Regnkedja Set - Av Metall - Med F\u00e5glar Bell - F\u00f6r Takr\u00e4nnor - Regnvattenkedja - 123cm - Regnkedjor - TRUUSK - Hem, Tr\u00e4dg\u00e5rd &amp; Fritid","og_description":"F\u00f6rsk\u00f6na din tr\u00e4dg\u00e5rd med TRUUSK&#8217;s set med tre regnkedjor, dekorerade med kolibrier, blomk\u00e5lskoppar och en lotusklocka. Tillverkade av korrosionsbest\u00e4ndigt metall,...","og_url":"https:\/\/truusk.store\/sv\/produkt\/truusk-3-delat-regnkedja-set-av-metall-med-faglar-bell-for-takrannor-regnvattenkedja-123cm-regnkedjor\/","og_site_name":"TRUUSK - Hem, Tr\u00e4dg\u00e5rd &amp; Fritid","article_modified_time":"2026-03-12T07:42:57+00:00","og_image":[{"width":2000,"height":2000,"url":"https:\/\/i0.wp.com\/truusk.se\/wp-content\/uploads\/2025\/06\/3-delat-set-regnkedja-123cm-regnavrinningskedja-av-metall-avrinningskedja-med-fast-hangare-faglar-bell-takrannkedja-regnvattenkedja-regnfangarkedja-for-takrannor-regnfangare-regnkedjor-1.webp?fit=2000%2C2000&ssl=1","type":"image\/webp"}],"twitter_card":"summary_large_image","twitter_misc":{"Ber\u00e4knad l\u00e4stid":"1 minut"},"schema":{"@context":"https:\/\/schema.org","@graph":[{"@type":"WebPage","@id":"https:\/\/truusk.store\/sv\/produkt\/truusk-3-delat-regnkedja-set-av-metall-med-faglar-bell-for-takrannor-regnvattenkedja-123cm-regnkedjor\/","url":"https:\/\/truusk.store\/sv\/produkt\/truusk-3-delat-regnkedja-set-av-metall-med-faglar-bell-for-takrannor-regnvattenkedja-123cm-regnkedjor\/","name":"TRUUSK 3-delat Regnkedja Set - Av Metall - Med F\u00e5glar Bell - F\u00f6r Takr\u00e4nnor - Regnvattenkedja - 123cm - Regnkedjor - TRUUSK - Hem, Tr\u00e4dg\u00e5rd &amp; Fritid","isPartOf":{"@id":"https:\/\/truusk.store\/sv\/#website"},"primaryImageOfPage":{"@id":"https:\/\/truusk.store\/sv\/produkt\/truusk-3-delat-regnkedja-set-av-metall-med-faglar-bell-for-takrannor-regnvattenkedja-123cm-regnkedjor\/#primaryimage"},"image":{"@id":"https:\/\/truusk.store\/sv\/produkt\/truusk-3-delat-regnkedja-set-av-metall-med-faglar-bell-for-takrannor-regnvattenkedja-123cm-regnkedjor\/#primaryimage"},"thumbnailUrl":"https:\/\/i0.wp.com\/truusk.store\/wp-content\/uploads\/2025\/06\/3-delat-set-regnkedja-123cm-regnavrinningskedja-av-metall-avrinningskedja-med-fast-hangare-faglar-bell-takrannkedja-regnvattenkedja-regnfangarkedja-for-takrannor-regnfangare-regnkedjor-1.webp?fit=2000%2C2000&ssl=1","datePublished":"2025-06-06T00:00:37+00:00","dateModified":"2026-03-12T07:42:57+00:00","breadcrumb":{"@id":"https:\/\/truusk.store\/sv\/produkt\/truusk-3-delat-regnkedja-set-av-metall-med-faglar-bell-for-takrannor-regnvattenkedja-123cm-regnkedjor\/#breadcrumb"},"inLanguage":"sv-SE","potentialAction":[{"@type":"ReadAction","target":["https:\/\/truusk.store\/sv\/produkt\/truusk-3-delat-regnkedja-set-av-metall-med-faglar-bell-for-takrannor-regnvattenkedja-123cm-regnkedjor\/"]}]},{"@type":"ImageObject","inLanguage":"sv-SE","@id":"https:\/\/truusk.store\/sv\/produkt\/truusk-3-delat-regnkedja-set-av-metall-med-faglar-bell-for-takrannor-regnvattenkedja-123cm-regnkedjor\/#primaryimage","url":"https:\/\/i0.wp.com\/truusk.store\/wp-content\/uploads\/2025\/06\/3-delat-set-regnkedja-123cm-regnavrinningskedja-av-metall-avrinningskedja-med-fast-hangare-faglar-bell-takrannkedja-regnvattenkedja-regnfangarkedja-for-takrannor-regnfangare-regnkedjor-1.webp?fit=2000%2C2000&ssl=1","contentUrl":"https:\/\/i0.wp.com\/truusk.store\/wp-content\/uploads\/2025\/06\/3-delat-set-regnkedja-123cm-regnavrinningskedja-av-metall-avrinningskedja-med-fast-hangare-faglar-bell-takrannkedja-regnvattenkedja-regnfangarkedja-for-takrannor-regnfangare-regnkedjor-1.webp?fit=2000%2C2000&ssl=1","width":2000,"height":2000},{"@type":"BreadcrumbList","@id":"https:\/\/truusk.store\/sv\/produkt\/truusk-3-delat-regnkedja-set-av-metall-med-faglar-bell-for-takrannor-regnvattenkedja-123cm-regnkedjor\/#breadcrumb","itemListElement":[{"@type":"ListItem","position":1,"name":"Home","item":"https:\/\/truusk.store\/sv\/"},{"@type":"ListItem","position":2,"name":"Shop","item":"https:\/\/truusk.store\/shop\/"},{"@type":"ListItem","position":3,"name":"TRUUSK 3-delat Regnkedja Set &#8211; Av Metall &#8211; Med F\u00e5glar Bell &#8211; F\u00f6r Takr\u00e4nnor &#8211; Regnvattenkedja &#8211; 123cm &#8211; Regnkedjor"}]},{"@type":"WebSite","@id":"https:\/\/truusk.store\/sv\/#website","url":"https:\/\/truusk.store\/sv\/","name":"TRUUSK - Hem, Tr\u00e4dg\u00e5rd & Fritid","description":"","publisher":{"@id":"https:\/\/truusk.store\/sv\/#organization"},"potentialAction":[{"@type":"SearchAction","target":{"@type":"EntryPoint","urlTemplate":"https:\/\/truusk.store\/sv\/?s={search_term_string}"},"query-input":{"@type":"PropertyValueSpecification","valueRequired":true,"valueName":"search_term_string"}}],"inLanguage":"sv-SE"},{"@type":"Organization","@id":"https:\/\/truusk.store\/sv\/#organization","name":"TRUUSK - Hem, Tr\u00e4dg\u00e5rd & Fritid","url":"https:\/\/truusk.store\/sv\/","logo":{"@type":"ImageObject","inLanguage":"sv-SE","@id":"https:\/\/truusk.store\/sv\/#\/schema\/logo\/image\/","url":"https:\/\/i0.wp.com\/truusk.store\/wp-content\/uploads\/2026\/03\/cropped-TRUUSK.png?fit=2032%2C917&ssl=1","contentUrl":"https:\/\/i0.wp.com\/truusk.store\/wp-content\/uploads\/2026\/03\/cropped-TRUUSK.png?fit=2032%2C917&ssl=1","width":2032,"height":917,"caption":"TRUUSK - Hem, Tr\u00e4dg\u00e5rd & Fritid"},"image":{"@id":"https:\/\/truusk.store\/sv\/#\/schema\/logo\/image\/"}}]}},"jetpack_sharing_enabled":true,"_links":{"self":[{"href":"https:\/\/truusk.store\/sv\/wp-json\/wp\/v2\/product\/73746","targetHints":{"allow":["GET"]}}],"collection":[{"href":"https:\/\/truusk.store\/sv\/wp-json\/wp\/v2\/product"}],"about":[{"href":"https:\/\/truusk.store\/sv\/wp-json\/wp\/v2\/types\/product"}],"wp:featuredmedia":[{"embeddable":true,"href":"https:\/\/truusk.store\/sv\/wp-json\/wp\/v2\/media\/73737"}],"wp:attachment":[{"href":"https:\/\/truusk.store\/sv\/wp-json\/wp\/v2\/media?parent=73746"}],"wp:term":[{"taxonomy":"product_brand","embeddable":true,"href":"https:\/\/truusk.store\/sv\/wp-json\/wp\/v2\/product_brand?post=73746"},{"taxonomy":"product_cat","embeddable":true,"href":"https:\/\/truusk.store\/sv\/wp-json\/wp\/v2\/product_cat?post=73746"},{"taxonomy":"product_tag","embeddable":true,"href":"https:\/\/truusk.store\/sv\/wp-json\/wp\/v2\/product_tag?post=73746"}],"curies":[{"name":"wp","href":"https:\/\/api.w.org\/{rel}","templated":true}]}}