{"id":73766,"date":"2025-06-06T01:02:40","date_gmt":"2025-06-06T00:02:40","guid":{"rendered":"https:\/\/truusk.store\/product\/sidobord-av-polyrattan-rundt-kaffebord-soffbord-med-glasbordplatta-balkongbord-tradgardsbord-soffbord-tebord-rattanbord-for-tradgard-terrass-balkong-o75-x-42-cm-brun\/"},"modified":"2026-03-12T08:40:18","modified_gmt":"2026-03-12T07:40:18","slug":"truusk-sidobord-av-polyrattan-rundt-kaffebord-med-glasbordplatta-for-tradgard-och-balkong-o75-x-42-cm-brun","status":"publish","type":"product","link":"https:\/\/truusk.store\/sv\/produkt\/truusk-sidobord-av-polyrattan-rundt-kaffebord-med-glasbordplatta-for-tradgard-och-balkong-o75-x-42-cm-brun\/","title":{"rendered":"TRUUSK Sidobord av Polyrattan &#8211; Rundt Kaffebord &#8211; Med Glasbordplatta &#8211; F\u00f6r Tr\u00e4dg\u00e5rd och Balkong &#8211; \u00d875 x 42 cm &#8211; Brun"},"content":{"rendered":"<p>Forma om din tr\u00e4dg\u00e5rd med den eleganta TRUUSK Rattan balkongbordet, som kombinerar modernt rattan med en chic, h\u00e4rdat glasplatta. Denna balkongbord ger inte bara elegans, utan \u00f6vertygar ocks\u00e5 med sin h\u00e5llbarhet tack vare v\u00e4derbest\u00e4ndigt PE-rattan och ett stabilt st\u00e5lram. Perfekt f\u00f6r varje tr\u00e4dg\u00e5rdsmilj\u00f6, erbjuder campingbordet den idealiska l\u00f6sningen f\u00f6r dina utomhusevenemang.<\/p>\n<p>Beskrivning:<\/p>\n<ul>\n<li> Campingbordets moderna rattandesign f\u00f6rb\u00e4ttrar estetiken i tr\u00e4dg\u00e5rden och hemmet<\/li>\n<li> Campingbordets h\u00e4rdat glasplatta garanterar s\u00e4kerhet och enkel reng\u00f6ring<\/li>\n<li> V\u00e4derbest\u00e4ndigt rattan trotsar elementen och beh\u00e5ller sitt utseende<\/li>\n<li> Pulverlackerad ram \u00f6kar styrka och h\u00e5llbarhet<\/li>\n<li> Bistrobordets halkfria f\u00f6tter skyddar golvet och f\u00f6rb\u00e4ttrar stabiliteten<\/li>\n<li> Montering kr\u00e4vs<\/li>\n<\/ul>\n<p> Tekniska data:<\/p>\n<ul>\n<li> F\u00e4rg: Brun<\/li>\n<li> Material: St\u00e5l, PE Rattan, H\u00e4rdat glas<\/li>\n<li> Totala dimensioner: \u00d875 x 42H cm<\/li>\n<li> Glasdimensioner: \u00d866 x 0,5T cm<\/li>\n<li> B\u00e4rkapacitet: 50 kg<\/li>\n<\/ul>\n<p>Leveransinneh\u00e5ll:<\/p>\n<ul>\n<li> 1 x Rattan soffbord<\/li>\n<li> 1 x Bruksanvisning<\/li>\n<\/ul>\n","protected":false},"excerpt":{"rendered":"<p>Forma om din tr\u00e4dg\u00e5rd med den eleganta TRUUSK Rattan balkongbordet, som kombinerar modernt rattan med en chic, h\u00e4rdat glasplatta. Denna&#8230;<\/p>\n","protected":false},"featured_media":73757,"template":"","meta":[],"product_brand":[],"product_cat":[858,457,450],"product_tag":[],"class_list":{"0":"post-73766","1":"product","2":"type-product","3":"status-publish","4":"has-post-thumbnail","6":"product_cat-tradgard-terrass","7":"product_cat-tradgardsbord","8":"product_cat-tradgardsmobler","10":"first","11":"instock","12":"sale","13":"taxable","14":"shipping-taxable","15":"purchasable","16":"product-type-simple"},"yoast_head":"<!-- This site is optimized with the Yoast SEO plugin v25.4 - https:\/\/yoast.com\/wordpress\/plugins\/seo\/ -->\n<title>TRUUSK Sidobord av Polyrattan - Rundt Kaffebord - Med Glasbordplatta - F\u00f6r Tr\u00e4dg\u00e5rd och Balkong - \u00d875 x 42 cm - Brun - TRUUSK - Hem, Tr\u00e4dg\u00e5rd &amp; Fritid<\/title>\n<meta name=\"robots\" content=\"index, follow, max-snippet:-1, max-image-preview:large, max-video-preview:-1\" \/>\n<link rel=\"canonical\" href=\"https:\/\/truusk.store\/sv\/produkt\/truusk-sidobord-av-polyrattan-rundt-kaffebord-med-glasbordplatta-for-tradgard-och-balkong-o75-x-42-cm-brun\/\" \/>\n<meta property=\"og:locale\" content=\"sv_SE\" \/>\n<meta property=\"og:type\" content=\"article\" \/>\n<meta property=\"og:title\" content=\"TRUUSK Sidobord av Polyrattan - Rundt Kaffebord - Med Glasbordplatta - F\u00f6r Tr\u00e4dg\u00e5rd och Balkong - \u00d875 x 42 cm - Brun - TRUUSK - Hem, Tr\u00e4dg\u00e5rd &amp; Fritid\" \/>\n<meta property=\"og:description\" content=\"Forma om din tr\u00e4dg\u00e5rd med den eleganta TRUUSK Rattan balkongbordet, som kombinerar modernt rattan med en chic, h\u00e4rdat glasplatta. Denna...\" \/>\n<meta property=\"og:url\" content=\"https:\/\/truusk.store\/sv\/produkt\/truusk-sidobord-av-polyrattan-rundt-kaffebord-med-glasbordplatta-for-tradgard-och-balkong-o75-x-42-cm-brun\/\" \/>\n<meta property=\"og:site_name\" content=\"TRUUSK - Hem, Tr\u00e4dg\u00e5rd &amp; Fritid\" \/>\n<meta property=\"article:modified_time\" content=\"2026-03-12T07:40:18+00:00\" \/>\n<meta property=\"og:image\" content=\"https:\/\/i0.wp.com\/truusk.se\/wp-content\/uploads\/2025\/06\/sidobord-av-polyrattan-rundt-kaffebord-soffbord-med-glasbordplatta-balkongbord-tradgardsbord-soffbord-tebord-rattanbord-for-tradgard-terrass-balkong-o75-x-42-cm-brun-1.webp?fit=2000%2C2000&ssl=1\" \/>\n\t<meta property=\"og:image:width\" content=\"2000\" \/>\n\t<meta property=\"og:image:height\" content=\"2000\" \/>\n\t<meta property=\"og:image:type\" content=\"image\/webp\" \/>\n<meta name=\"twitter:card\" content=\"summary_large_image\" \/>\n<meta name=\"twitter:label1\" content=\"Ber\u00e4knad l\u00e4stid\" \/>\n\t<meta name=\"twitter:data1\" content=\"1 minut\" \/>\n<!-- \/ Yoast SEO plugin. -->","yoast_head_json":{"title":"TRUUSK Sidobord av Polyrattan - Rundt Kaffebord - Med Glasbordplatta - F\u00f6r Tr\u00e4dg\u00e5rd och Balkong - \u00d875 x 42 cm - Brun - TRUUSK - Hem, Tr\u00e4dg\u00e5rd &amp; Fritid","robots":{"index":"index","follow":"follow","max-snippet":"max-snippet:-1","max-image-preview":"max-image-preview:large","max-video-preview":"max-video-preview:-1"},"canonical":"https:\/\/truusk.store\/sv\/produkt\/truusk-sidobord-av-polyrattan-rundt-kaffebord-med-glasbordplatta-for-tradgard-och-balkong-o75-x-42-cm-brun\/","og_locale":"sv_SE","og_type":"article","og_title":"TRUUSK Sidobord av Polyrattan - Rundt Kaffebord - Med Glasbordplatta - F\u00f6r Tr\u00e4dg\u00e5rd och Balkong - \u00d875 x 42 cm - Brun - TRUUSK - Hem, Tr\u00e4dg\u00e5rd &amp; Fritid","og_description":"Forma om din tr\u00e4dg\u00e5rd med den eleganta TRUUSK Rattan balkongbordet, som kombinerar modernt rattan med en chic, h\u00e4rdat glasplatta. Denna...","og_url":"https:\/\/truusk.store\/sv\/produkt\/truusk-sidobord-av-polyrattan-rundt-kaffebord-med-glasbordplatta-for-tradgard-och-balkong-o75-x-42-cm-brun\/","og_site_name":"TRUUSK - Hem, Tr\u00e4dg\u00e5rd &amp; Fritid","article_modified_time":"2026-03-12T07:40:18+00:00","og_image":[{"width":2000,"height":2000,"url":"https:\/\/i0.wp.com\/truusk.se\/wp-content\/uploads\/2025\/06\/sidobord-av-polyrattan-rundt-kaffebord-soffbord-med-glasbordplatta-balkongbord-tradgardsbord-soffbord-tebord-rattanbord-for-tradgard-terrass-balkong-o75-x-42-cm-brun-1.webp?fit=2000%2C2000&ssl=1","type":"image\/webp"}],"twitter_card":"summary_large_image","twitter_misc":{"Ber\u00e4knad l\u00e4stid":"1 minut"},"schema":{"@context":"https:\/\/schema.org","@graph":[{"@type":"WebPage","@id":"https:\/\/truusk.store\/sv\/produkt\/truusk-sidobord-av-polyrattan-rundt-kaffebord-med-glasbordplatta-for-tradgard-och-balkong-o75-x-42-cm-brun\/","url":"https:\/\/truusk.store\/sv\/produkt\/truusk-sidobord-av-polyrattan-rundt-kaffebord-med-glasbordplatta-for-tradgard-och-balkong-o75-x-42-cm-brun\/","name":"TRUUSK Sidobord av Polyrattan - Rundt Kaffebord - Med Glasbordplatta - F\u00f6r Tr\u00e4dg\u00e5rd och Balkong - \u00d875 x 42 cm - Brun - TRUUSK - Hem, Tr\u00e4dg\u00e5rd &amp; Fritid","isPartOf":{"@id":"https:\/\/truusk.store\/sv\/#website"},"primaryImageOfPage":{"@id":"https:\/\/truusk.store\/sv\/produkt\/truusk-sidobord-av-polyrattan-rundt-kaffebord-med-glasbordplatta-for-tradgard-och-balkong-o75-x-42-cm-brun\/#primaryimage"},"image":{"@id":"https:\/\/truusk.store\/sv\/produkt\/truusk-sidobord-av-polyrattan-rundt-kaffebord-med-glasbordplatta-for-tradgard-och-balkong-o75-x-42-cm-brun\/#primaryimage"},"thumbnailUrl":"https:\/\/i0.wp.com\/truusk.store\/wp-content\/uploads\/2025\/06\/sidobord-av-polyrattan-rundt-kaffebord-soffbord-med-glasbordplatta-balkongbord-tradgardsbord-soffbord-tebord-rattanbord-for-tradgard-terrass-balkong-o75-x-42-cm-brun-1.webp?fit=2000%2C2000&ssl=1","datePublished":"2025-06-06T00:02:40+00:00","dateModified":"2026-03-12T07:40:18+00:00","breadcrumb":{"@id":"https:\/\/truusk.store\/sv\/produkt\/truusk-sidobord-av-polyrattan-rundt-kaffebord-med-glasbordplatta-for-tradgard-och-balkong-o75-x-42-cm-brun\/#breadcrumb"},"inLanguage":"sv-SE","potentialAction":[{"@type":"ReadAction","target":["https:\/\/truusk.store\/sv\/produkt\/truusk-sidobord-av-polyrattan-rundt-kaffebord-med-glasbordplatta-for-tradgard-och-balkong-o75-x-42-cm-brun\/"]}]},{"@type":"ImageObject","inLanguage":"sv-SE","@id":"https:\/\/truusk.store\/sv\/produkt\/truusk-sidobord-av-polyrattan-rundt-kaffebord-med-glasbordplatta-for-tradgard-och-balkong-o75-x-42-cm-brun\/#primaryimage","url":"https:\/\/i0.wp.com\/truusk.store\/wp-content\/uploads\/2025\/06\/sidobord-av-polyrattan-rundt-kaffebord-soffbord-med-glasbordplatta-balkongbord-tradgardsbord-soffbord-tebord-rattanbord-for-tradgard-terrass-balkong-o75-x-42-cm-brun-1.webp?fit=2000%2C2000&ssl=1","contentUrl":"https:\/\/i0.wp.com\/truusk.store\/wp-content\/uploads\/2025\/06\/sidobord-av-polyrattan-rundt-kaffebord-soffbord-med-glasbordplatta-balkongbord-tradgardsbord-soffbord-tebord-rattanbord-for-tradgard-terrass-balkong-o75-x-42-cm-brun-1.webp?fit=2000%2C2000&ssl=1","width":2000,"height":2000},{"@type":"BreadcrumbList","@id":"https:\/\/truusk.store\/sv\/produkt\/truusk-sidobord-av-polyrattan-rundt-kaffebord-med-glasbordplatta-for-tradgard-och-balkong-o75-x-42-cm-brun\/#breadcrumb","itemListElement":[{"@type":"ListItem","position":1,"name":"Home","item":"https:\/\/truusk.store\/sv\/"},{"@type":"ListItem","position":2,"name":"Shop","item":"https:\/\/truusk.store\/shop\/"},{"@type":"ListItem","position":3,"name":"TRUUSK Sidobord av Polyrattan &#8211; Rundt Kaffebord &#8211; Med Glasbordplatta &#8211; F\u00f6r Tr\u00e4dg\u00e5rd och Balkong &#8211; \u00d875 x 42 cm &#8211; Brun"}]},{"@type":"WebSite","@id":"https:\/\/truusk.store\/sv\/#website","url":"https:\/\/truusk.store\/sv\/","name":"TRUUSK - Hem, Tr\u00e4dg\u00e5rd & Fritid","description":"","publisher":{"@id":"https:\/\/truusk.store\/sv\/#organization"},"potentialAction":[{"@type":"SearchAction","target":{"@type":"EntryPoint","urlTemplate":"https:\/\/truusk.store\/sv\/?s={search_term_string}"},"query-input":{"@type":"PropertyValueSpecification","valueRequired":true,"valueName":"search_term_string"}}],"inLanguage":"sv-SE"},{"@type":"Organization","@id":"https:\/\/truusk.store\/sv\/#organization","name":"TRUUSK - Hem, Tr\u00e4dg\u00e5rd & Fritid","url":"https:\/\/truusk.store\/sv\/","logo":{"@type":"ImageObject","inLanguage":"sv-SE","@id":"https:\/\/truusk.store\/sv\/#\/schema\/logo\/image\/","url":"https:\/\/i0.wp.com\/truusk.store\/wp-content\/uploads\/2026\/03\/cropped-TRUUSK.png?fit=2032%2C917&ssl=1","contentUrl":"https:\/\/i0.wp.com\/truusk.store\/wp-content\/uploads\/2026\/03\/cropped-TRUUSK.png?fit=2032%2C917&ssl=1","width":2032,"height":917,"caption":"TRUUSK - Hem, Tr\u00e4dg\u00e5rd & Fritid"},"image":{"@id":"https:\/\/truusk.store\/sv\/#\/schema\/logo\/image\/"}}]}},"jetpack_sharing_enabled":true,"_links":{"self":[{"href":"https:\/\/truusk.store\/sv\/wp-json\/wp\/v2\/product\/73766","targetHints":{"allow":["GET"]}}],"collection":[{"href":"https:\/\/truusk.store\/sv\/wp-json\/wp\/v2\/product"}],"about":[{"href":"https:\/\/truusk.store\/sv\/wp-json\/wp\/v2\/types\/product"}],"wp:featuredmedia":[{"embeddable":true,"href":"https:\/\/truusk.store\/sv\/wp-json\/wp\/v2\/media\/73757"}],"wp:attachment":[{"href":"https:\/\/truusk.store\/sv\/wp-json\/wp\/v2\/media?parent=73766"}],"wp:term":[{"taxonomy":"product_brand","embeddable":true,"href":"https:\/\/truusk.store\/sv\/wp-json\/wp\/v2\/product_brand?post=73766"},{"taxonomy":"product_cat","embeddable":true,"href":"https:\/\/truusk.store\/sv\/wp-json\/wp\/v2\/product_cat?post=73766"},{"taxonomy":"product_tag","embeddable":true,"href":"https:\/\/truusk.store\/sv\/wp-json\/wp\/v2\/product_tag?post=73766"}],"curies":[{"name":"wp","href":"https:\/\/api.w.org\/{rel}","templated":true}]}}