{"id":73776,"date":"2025-06-06T01:03:47","date_gmt":"2025-06-06T00:03:47","guid":{"rendered":"https:\/\/truusk.store\/product\/kaninbur-2-nivaer-med-vikbart-tak-kaninbur-av-massivt-tra-vinterbestandigt-tvavaningshus-med-frigaende-inhagnad-122x95x935-cm-utomhus-kaninbur-for-smadjur-som-kaniner-gra\/"},"modified":"2026-03-12T08:42:55","modified_gmt":"2026-03-12T07:42:55","slug":"truusk-kaninbur-2-nivaer-med-vikbart-tak-av-massivt-tra-vinterbestandigt-frigaende-inhagnad-122x95x935-cm-for-smadjur","status":"publish","type":"product","link":"https:\/\/truusk.store\/sv\/produkt\/truusk-kaninbur-2-nivaer-med-vikbart-tak-av-massivt-tra-vinterbestandigt-frigaende-inhagnad-122x95x935-cm-for-smadjur\/","title":{"rendered":"TRUUSK Kaninbur 2 Niv\u00e5er Med Vikbart Tak &#8211; Av Massivt Tr\u00e4 &#8211; Vinterbest\u00e4ndigt &#8211; Frig\u00e5ende Inh\u00e4gnad &#8211; 122x95x93,5 Cm &#8211; F\u00f6r Sm\u00e5djur"},"content":{"rendered":"<p>Uppt\u00e4ck TRUUSK vinterfasta utomhuskaninbur: Ett bekv\u00e4mt, tv\u00e5v\u00e5ningshem med ett gener\u00f6st huvudomr\u00e5de f\u00f6r avkoppling och en nedre l\u00f6pbox som ger 2-3 kaniner mycket utrymme att hoppa. Reng\u00f6ring av utomhuskaninburen g\u00f6rs enkelt tack vare det uppf\u00e4llbara \u00f6verdelen och den utdragbara brickan, och genom flera d\u00f6rrar till utomhuskaninburen har du alltid tillg\u00e5ng till dina lurviga v\u00e4nner. S\u00e4kert inramad av elegant grantr\u00e4 och ett robust asfalttak.<\/p>\n<p>Beskrivning:<\/p>\n<ul>\n<li> Det tv\u00e5skiktade designen av den vinterfasta kaninburen erbjuder gott om utrymme f\u00f6r vila och lek<\/li>\n<li> En stor l\u00f6pbox av kaninburen ger kaninerna fri r\u00f6rlighet<\/li>\n<li> Genom den uppf\u00e4llbara \u00f6verdelen och den utdragbara brickan underl\u00e4ttas reng\u00f6ringen<\/li>\n<li> Flera d\u00f6rrar till kaninburen garanterar enkel tillg\u00e5ng<\/li>\n<li> Grantr\u00e4 och ett tak av asfalt \u00f6kar h\u00e5llbarheten<\/li>\n<li> S\u00e4kra l\u00e5s och sm\u00e5 galleravst\u00e5nd garanterar s\u00e4kerhet<\/li>\n<li> Montering kr\u00e4vs av en person p\u00e5 tv\u00e5 timmar<\/li>\n<li> L\u00e4mplig f\u00f6r 2-3 kaniner eller marsvin<\/li>\n<\/ul>\n<p> Tekniska data:<\/p>\n<ul>\n<li> F\u00e4rg: Vit+Gr\u00e5+Svart<\/li>\n<li> Material: Grantr\u00e4, st\u00e5l<\/li>\n<li> Totala dimensioner: 122L x 95B x 93,5H cm<\/li>\n<li> \u00d6vre huvudhus: 67\/42B x 42T x 42H cm (v\u00e4nster\/h\u00f6ger), 0,46 m\u00b2<\/li>\n<li> D\u00f6rr\u00f6ppning: 20B x 16H cm<\/li>\n<li> \u00d6vre tr\u00e4dd\u00f6rr: 36B x 31H cm<\/li>\n<li> \u00d6vre metald\u00f6rr: 61B x 31H cm<\/li>\n<li> Nedre omr\u00e5de: 112B x 91T x 47H cm, 1,02 m\u00b2<\/li>\n<li> Nedre d\u00f6rr: 40B x 39H cm<\/li>\n<li> Ramp: 84L x 14,5B cm<\/li>\n<li> Bricka: 108L x 41B cm<\/li>\n<\/ul>\n<p>Leveransinneh\u00e5ll:<\/p>\n<ul>\n<li> 1 x Kaninbur<\/li>\n<li> 1 x Utdragbar bricka<\/li>\n<li> 1 x L\u00f6pbox<\/li>\n<li> 1 x Ramp<\/li>\n<li> 1 x Handbok<\/li>\n<\/ul>\n","protected":false},"excerpt":{"rendered":"<p>Uppt\u00e4ck TRUUSK vinterfasta utomhuskaninbur: Ett bekv\u00e4mt, tv\u00e5v\u00e5ningshem med ett gener\u00f6st huvudomr\u00e5de f\u00f6r avkoppling och en nedre l\u00f6pbox som ger 2-3&#8230;<\/p>\n","protected":false},"featured_media":73767,"template":"","meta":[],"product_brand":[],"product_cat":[878,598,597],"product_tag":[],"class_list":{"0":"post-73776","1":"product","2":"type-product","3":"status-publish","4":"has-post-thumbnail","6":"product_cat-djurbehov","7":"product_cat-sma-djurstallar","8":"product_cat-sma-djurtillbehor","10":"first","11":"instock","12":"sale","13":"taxable","14":"shipping-taxable","15":"purchasable","16":"product-type-simple"},"yoast_head":"<!-- This site is optimized with the Yoast SEO plugin v25.4 - https:\/\/yoast.com\/wordpress\/plugins\/seo\/ -->\n<title>TRUUSK Kaninbur 2 Niv\u00e5er Med Vikbart Tak - Av Massivt Tr\u00e4 - Vinterbest\u00e4ndigt - Frig\u00e5ende Inh\u00e4gnad - 122x95x93,5 Cm - F\u00f6r Sm\u00e5djur - TRUUSK - Hem, Tr\u00e4dg\u00e5rd &amp; Fritid<\/title>\n<meta name=\"robots\" content=\"index, follow, max-snippet:-1, max-image-preview:large, max-video-preview:-1\" \/>\n<link rel=\"canonical\" href=\"https:\/\/truusk.store\/sv\/produkt\/truusk-kaninbur-2-nivaer-med-vikbart-tak-av-massivt-tra-vinterbestandigt-frigaende-inhagnad-122x95x935-cm-for-smadjur\/\" \/>\n<meta property=\"og:locale\" content=\"sv_SE\" \/>\n<meta property=\"og:type\" content=\"article\" \/>\n<meta property=\"og:title\" content=\"TRUUSK Kaninbur 2 Niv\u00e5er Med Vikbart Tak - Av Massivt Tr\u00e4 - Vinterbest\u00e4ndigt - Frig\u00e5ende Inh\u00e4gnad - 122x95x93,5 Cm - F\u00f6r Sm\u00e5djur - TRUUSK - Hem, Tr\u00e4dg\u00e5rd &amp; Fritid\" \/>\n<meta property=\"og:description\" content=\"Uppt\u00e4ck TRUUSK vinterfasta utomhuskaninbur: Ett bekv\u00e4mt, tv\u00e5v\u00e5ningshem med ett gener\u00f6st huvudomr\u00e5de f\u00f6r avkoppling och en nedre l\u00f6pbox som ger 2-3...\" \/>\n<meta property=\"og:url\" content=\"https:\/\/truusk.store\/sv\/produkt\/truusk-kaninbur-2-nivaer-med-vikbart-tak-av-massivt-tra-vinterbestandigt-frigaende-inhagnad-122x95x935-cm-for-smadjur\/\" \/>\n<meta property=\"og:site_name\" content=\"TRUUSK - Hem, Tr\u00e4dg\u00e5rd &amp; Fritid\" \/>\n<meta property=\"article:modified_time\" content=\"2026-03-12T07:42:55+00:00\" \/>\n<meta property=\"og:image\" content=\"https:\/\/i0.wp.com\/truusk.se\/wp-content\/uploads\/2025\/06\/kaninbur-2-nivaer-med-vikbart-tak-kaninbur-av-massivt-tra-vinterbestandigt-tvavaningshus-med-frigaende-inhagnad-122x95x935-cm-utomhus-kaninbur-for-smadjur-som-kaniner-gra-1.webp?fit=2000%2C2000&ssl=1\" \/>\n\t<meta property=\"og:image:width\" content=\"2000\" \/>\n\t<meta property=\"og:image:height\" content=\"2000\" \/>\n\t<meta property=\"og:image:type\" content=\"image\/webp\" \/>\n<meta name=\"twitter:card\" content=\"summary_large_image\" \/>\n<meta name=\"twitter:label1\" content=\"Ber\u00e4knad l\u00e4stid\" \/>\n\t<meta name=\"twitter:data1\" content=\"1 minut\" \/>\n<!-- \/ Yoast SEO plugin. -->","yoast_head_json":{"title":"TRUUSK Kaninbur 2 Niv\u00e5er Med Vikbart Tak - Av Massivt Tr\u00e4 - Vinterbest\u00e4ndigt - Frig\u00e5ende Inh\u00e4gnad - 122x95x93,5 Cm - F\u00f6r Sm\u00e5djur - TRUUSK - Hem, Tr\u00e4dg\u00e5rd &amp; Fritid","robots":{"index":"index","follow":"follow","max-snippet":"max-snippet:-1","max-image-preview":"max-image-preview:large","max-video-preview":"max-video-preview:-1"},"canonical":"https:\/\/truusk.store\/sv\/produkt\/truusk-kaninbur-2-nivaer-med-vikbart-tak-av-massivt-tra-vinterbestandigt-frigaende-inhagnad-122x95x935-cm-for-smadjur\/","og_locale":"sv_SE","og_type":"article","og_title":"TRUUSK Kaninbur 2 Niv\u00e5er Med Vikbart Tak - Av Massivt Tr\u00e4 - Vinterbest\u00e4ndigt - Frig\u00e5ende Inh\u00e4gnad - 122x95x93,5 Cm - F\u00f6r Sm\u00e5djur - TRUUSK - Hem, Tr\u00e4dg\u00e5rd &amp; Fritid","og_description":"Uppt\u00e4ck TRUUSK vinterfasta utomhuskaninbur: Ett bekv\u00e4mt, tv\u00e5v\u00e5ningshem med ett gener\u00f6st huvudomr\u00e5de f\u00f6r avkoppling och en nedre l\u00f6pbox som ger 2-3...","og_url":"https:\/\/truusk.store\/sv\/produkt\/truusk-kaninbur-2-nivaer-med-vikbart-tak-av-massivt-tra-vinterbestandigt-frigaende-inhagnad-122x95x935-cm-for-smadjur\/","og_site_name":"TRUUSK - Hem, Tr\u00e4dg\u00e5rd &amp; Fritid","article_modified_time":"2026-03-12T07:42:55+00:00","og_image":[{"width":2000,"height":2000,"url":"https:\/\/i0.wp.com\/truusk.se\/wp-content\/uploads\/2025\/06\/kaninbur-2-nivaer-med-vikbart-tak-kaninbur-av-massivt-tra-vinterbestandigt-tvavaningshus-med-frigaende-inhagnad-122x95x935-cm-utomhus-kaninbur-for-smadjur-som-kaniner-gra-1.webp?fit=2000%2C2000&ssl=1","type":"image\/webp"}],"twitter_card":"summary_large_image","twitter_misc":{"Ber\u00e4knad l\u00e4stid":"1 minut"},"schema":{"@context":"https:\/\/schema.org","@graph":[{"@type":"WebPage","@id":"https:\/\/truusk.store\/sv\/produkt\/truusk-kaninbur-2-nivaer-med-vikbart-tak-av-massivt-tra-vinterbestandigt-frigaende-inhagnad-122x95x935-cm-for-smadjur\/","url":"https:\/\/truusk.store\/sv\/produkt\/truusk-kaninbur-2-nivaer-med-vikbart-tak-av-massivt-tra-vinterbestandigt-frigaende-inhagnad-122x95x935-cm-for-smadjur\/","name":"TRUUSK Kaninbur 2 Niv\u00e5er Med Vikbart Tak - Av Massivt Tr\u00e4 - Vinterbest\u00e4ndigt - Frig\u00e5ende Inh\u00e4gnad - 122x95x93,5 Cm - F\u00f6r Sm\u00e5djur - TRUUSK - Hem, Tr\u00e4dg\u00e5rd &amp; Fritid","isPartOf":{"@id":"https:\/\/truusk.store\/sv\/#website"},"primaryImageOfPage":{"@id":"https:\/\/truusk.store\/sv\/produkt\/truusk-kaninbur-2-nivaer-med-vikbart-tak-av-massivt-tra-vinterbestandigt-frigaende-inhagnad-122x95x935-cm-for-smadjur\/#primaryimage"},"image":{"@id":"https:\/\/truusk.store\/sv\/produkt\/truusk-kaninbur-2-nivaer-med-vikbart-tak-av-massivt-tra-vinterbestandigt-frigaende-inhagnad-122x95x935-cm-for-smadjur\/#primaryimage"},"thumbnailUrl":"https:\/\/i0.wp.com\/truusk.store\/wp-content\/uploads\/2025\/06\/kaninbur-2-nivaer-med-vikbart-tak-kaninbur-av-massivt-tra-vinterbestandigt-tvavaningshus-med-frigaende-inhagnad-122x95x935-cm-utomhus-kaninbur-for-smadjur-som-kaniner-gra-1.webp?fit=2000%2C2000&ssl=1","datePublished":"2025-06-06T00:03:47+00:00","dateModified":"2026-03-12T07:42:55+00:00","breadcrumb":{"@id":"https:\/\/truusk.store\/sv\/produkt\/truusk-kaninbur-2-nivaer-med-vikbart-tak-av-massivt-tra-vinterbestandigt-frigaende-inhagnad-122x95x935-cm-for-smadjur\/#breadcrumb"},"inLanguage":"sv-SE","potentialAction":[{"@type":"ReadAction","target":["https:\/\/truusk.store\/sv\/produkt\/truusk-kaninbur-2-nivaer-med-vikbart-tak-av-massivt-tra-vinterbestandigt-frigaende-inhagnad-122x95x935-cm-for-smadjur\/"]}]},{"@type":"ImageObject","inLanguage":"sv-SE","@id":"https:\/\/truusk.store\/sv\/produkt\/truusk-kaninbur-2-nivaer-med-vikbart-tak-av-massivt-tra-vinterbestandigt-frigaende-inhagnad-122x95x935-cm-for-smadjur\/#primaryimage","url":"https:\/\/i0.wp.com\/truusk.store\/wp-content\/uploads\/2025\/06\/kaninbur-2-nivaer-med-vikbart-tak-kaninbur-av-massivt-tra-vinterbestandigt-tvavaningshus-med-frigaende-inhagnad-122x95x935-cm-utomhus-kaninbur-for-smadjur-som-kaniner-gra-1.webp?fit=2000%2C2000&ssl=1","contentUrl":"https:\/\/i0.wp.com\/truusk.store\/wp-content\/uploads\/2025\/06\/kaninbur-2-nivaer-med-vikbart-tak-kaninbur-av-massivt-tra-vinterbestandigt-tvavaningshus-med-frigaende-inhagnad-122x95x935-cm-utomhus-kaninbur-for-smadjur-som-kaniner-gra-1.webp?fit=2000%2C2000&ssl=1","width":2000,"height":2000},{"@type":"BreadcrumbList","@id":"https:\/\/truusk.store\/sv\/produkt\/truusk-kaninbur-2-nivaer-med-vikbart-tak-av-massivt-tra-vinterbestandigt-frigaende-inhagnad-122x95x935-cm-for-smadjur\/#breadcrumb","itemListElement":[{"@type":"ListItem","position":1,"name":"Home","item":"https:\/\/truusk.store\/sv\/"},{"@type":"ListItem","position":2,"name":"Shop","item":"https:\/\/truusk.store\/shop\/"},{"@type":"ListItem","position":3,"name":"TRUUSK Kaninbur 2 Niv\u00e5er Med Vikbart Tak &#8211; Av Massivt Tr\u00e4 &#8211; Vinterbest\u00e4ndigt &#8211; Frig\u00e5ende Inh\u00e4gnad &#8211; 122x95x93,5 Cm &#8211; F\u00f6r Sm\u00e5djur"}]},{"@type":"WebSite","@id":"https:\/\/truusk.store\/sv\/#website","url":"https:\/\/truusk.store\/sv\/","name":"TRUUSK - Hem, Tr\u00e4dg\u00e5rd & Fritid","description":"","publisher":{"@id":"https:\/\/truusk.store\/sv\/#organization"},"potentialAction":[{"@type":"SearchAction","target":{"@type":"EntryPoint","urlTemplate":"https:\/\/truusk.store\/sv\/?s={search_term_string}"},"query-input":{"@type":"PropertyValueSpecification","valueRequired":true,"valueName":"search_term_string"}}],"inLanguage":"sv-SE"},{"@type":"Organization","@id":"https:\/\/truusk.store\/sv\/#organization","name":"TRUUSK - Hem, Tr\u00e4dg\u00e5rd & Fritid","url":"https:\/\/truusk.store\/sv\/","logo":{"@type":"ImageObject","inLanguage":"sv-SE","@id":"https:\/\/truusk.store\/sv\/#\/schema\/logo\/image\/","url":"https:\/\/i0.wp.com\/truusk.store\/wp-content\/uploads\/2026\/03\/cropped-TRUUSK.png?fit=2032%2C917&ssl=1","contentUrl":"https:\/\/i0.wp.com\/truusk.store\/wp-content\/uploads\/2026\/03\/cropped-TRUUSK.png?fit=2032%2C917&ssl=1","width":2032,"height":917,"caption":"TRUUSK - Hem, Tr\u00e4dg\u00e5rd & Fritid"},"image":{"@id":"https:\/\/truusk.store\/sv\/#\/schema\/logo\/image\/"}}]}},"jetpack_sharing_enabled":true,"_links":{"self":[{"href":"https:\/\/truusk.store\/sv\/wp-json\/wp\/v2\/product\/73776","targetHints":{"allow":["GET"]}}],"collection":[{"href":"https:\/\/truusk.store\/sv\/wp-json\/wp\/v2\/product"}],"about":[{"href":"https:\/\/truusk.store\/sv\/wp-json\/wp\/v2\/types\/product"}],"wp:featuredmedia":[{"embeddable":true,"href":"https:\/\/truusk.store\/sv\/wp-json\/wp\/v2\/media\/73767"}],"wp:attachment":[{"href":"https:\/\/truusk.store\/sv\/wp-json\/wp\/v2\/media?parent=73776"}],"wp:term":[{"taxonomy":"product_brand","embeddable":true,"href":"https:\/\/truusk.store\/sv\/wp-json\/wp\/v2\/product_brand?post=73776"},{"taxonomy":"product_cat","embeddable":true,"href":"https:\/\/truusk.store\/sv\/wp-json\/wp\/v2\/product_cat?post=73776"},{"taxonomy":"product_tag","embeddable":true,"href":"https:\/\/truusk.store\/sv\/wp-json\/wp\/v2\/product_tag?post=73776"}],"curies":[{"name":"wp","href":"https:\/\/api.w.org\/{rel}","templated":true}]}}